{"id":2798,"date":"2022-05-18T09:38:02","date_gmt":"2022-05-18T13:38:02","guid":{"rendered":"https:\/\/publissoft.dev\/spasante\/?post_type=product&#038;p=2798"},"modified":"2024-05-01T15:17:00","modified_gmt":"2024-05-01T19:17:00","slug":"b-shape-forfait-41","status":"publish","type":"product","link":"https:\/\/publissoft.dev\/spasante\/produit\/b-shape-forfait-41\/","title":{"rendered":"Cure B-Shape &#8211; 5 traitements"},"content":{"rendered":"<p>Le B-Shape T. M. C. est un traitement non invasif de remodelage de la silhouette qui combine l&#8217;\u00e9limination des graisses et le renforcement musculaire. Il consiste \u00e0 envoyer des pulsations \u00e9lectromagn\u00e9tiques dans une zone cible, ce qui entra\u00eene des contractions dites &#8220;supramaximales&#8221;. Ce traitement est parfait pour les femmes et les hommes qui souhaitent \u00e9liminer l&#8217;exc\u00e8s de graisse dans leur ventre en un temps record, ainsi que redessiner et tonifier leurs muscles abdominaux ou fessiers.<\/p>\n<p>B-Shape T. M. C. est une solution in\u00e9dite dans l&#8217;industrie esth\u00e9tique qui est rapide, efficace et durable. Lorsque vous choisissez notre traitement, vous choisissez \u00e9galement une \u00e9quipe dont la mission est de toujours promouvoir un mode de vie sain ainsi que le bien-\u00eatre et les soins corporels ultimes au Qu\u00e9bec et en Ontario. C&#8217;est pourquoi le traitement B-Shape T. M. C. fonctionne le mieux en parall\u00e8le avec un mode de vie \u00e9quilibr\u00e9 qui consiste \u00e0 rester actif et bien manger.<\/p>\n","protected":false},"excerpt":{"rendered":"<p>Le B-Shape T. M. C. est un traitement non invasif de remodelage de la silhouette qui combine l&#8217;\u00e9limination des graisses et le renforcement musculaire. Il consiste \u00e0 envoyer des pulsations \u00e9lectromagn\u00e9tiques dans une zone cible, ce qui entra\u00eene des contractions dites &#8220;supramaximales&#8221;. Ce traitement est parfait pour les femmes et les hommes qui souhaitent \u00e9liminer &hellip;<\/p>\n","protected":false},"featured_media":2799,"template":"","meta":{"_acf_changed":false,"_genesis_hide_title":false,"_genesis_hide_breadcrumbs":false,"_genesis_hide_singular_image":false,"_genesis_hide_footer_widgets":false,"_genesis_custom_body_class":"","_genesis_custom_post_class":"","_genesis_layout":""},"product_cat":[17,53,66,70],"product_tag":[],"giftcard-category":[],"class_list":{"0":"post-2798","1":"product","2":"type-product","3":"status-publish","4":"has-post-thumbnail","6":"product_cat-abonnements","7":"product_cat-gift-card","8":"product_cat-soins-corporels","9":"product_cat-soins-corporels-2","10":"entry","12":"first","13":"instock","14":"sale","15":"virtual","16":"taxable","17":"purchasable","18":"product-type-simple"},"acf":[],"yoast_head":"<!-- This site is optimized with the Yoast SEO plugin v22.5 - https:\/\/yoast.com\/wordpress\/plugins\/seo\/ -->\n<title>Cure B-Shape - 5 traitements - Spa Sant\u00e9 Le N\u00e9nuphar<\/title>\n<meta name=\"description\" content=\"Le B-Shape T. M. C. est un traitement non invasif de remodelage de la silhouette qui combine l&#039;\u00e9limination des graisses et le renforcement musculaire. Il consiste \u00e0 envoyer des pulsations \u00e9lectromagn\u00e9tiques dans une zone cible, ce qui entra\u00eene des contractions dites &quot;supramaximales&quot;. Ce traitement est parfait pour les femmes et les hommes qui souhaitent \u00e9liminer l&#039;exc\u00e8s de graisse dans leur ventre en un temps record, ainsi que redessiner et tonifier leurs muscles abdominaux ou fessiers.\" \/>\n<meta name=\"robots\" content=\"noindex, follow, max-snippet:-1, max-image-preview:large, max-video-preview:-1\" \/>\n<meta property=\"og:locale\" content=\"fr_CA\" \/>\n<meta property=\"og:type\" content=\"article\" \/>\n<meta property=\"og:title\" content=\"Cure B-Shape - 5 traitements - Spa Sant\u00e9 Le N\u00e9nuphar\" \/>\n<meta property=\"og:description\" content=\"Le B-Shape T. M. C. est un traitement non invasif de remodelage de la silhouette qui combine l&#039;\u00e9limination des graisses et le renforcement musculaire. Il consiste \u00e0 envoyer des pulsations \u00e9lectromagn\u00e9tiques dans une zone cible, ce qui entra\u00eene des contractions dites &quot;supramaximales&quot;. Ce traitement est parfait pour les femmes et les hommes qui souhaitent \u00e9liminer l&#039;exc\u00e8s de graisse dans leur ventre en un temps record, ainsi que redessiner et tonifier leurs muscles abdominaux ou fessiers.\" \/>\n<meta property=\"og:url\" content=\"https:\/\/publissoft.dev\/spasante\/produit\/b-shape-forfait-41\/\" \/>\n<meta property=\"og:site_name\" content=\"Spa Sant\u00e9 Le N\u00e9nuphar\" \/>\n<meta property=\"article:publisher\" content=\"https:\/\/www.facebook.com\/SpaSanteLeNenuphar\" \/>\n<meta property=\"article:modified_time\" content=\"2024-05-01T19:17:00+00:00\" \/>\n<meta property=\"og:image\" content=\"https:\/\/publissoft.dev\/spasante\/wp-content\/uploads\/2022\/05\/Spa-sante-le-nenuphar-b-shape-appareil-fesses.jpg\" \/>\n\t<meta property=\"og:image:width\" content=\"1283\" \/>\n\t<meta property=\"og:image:height\" content=\"700\" \/>\n\t<meta property=\"og:image:type\" content=\"image\/jpeg\" \/>\n<meta name=\"twitter:card\" content=\"summary_large_image\" \/>\n<meta name=\"twitter:label1\" content=\"Estimation du temps de lecture\" \/>\n\t<meta name=\"twitter:data1\" content=\"1 minute\" \/>\n<script type=\"application\/ld+json\" class=\"yoast-schema-graph\">{\"@context\":\"https:\/\/schema.org\",\"@graph\":[{\"@type\":\"WebPage\",\"@id\":\"https:\/\/publissoft.dev\/spasante\/produit\/b-shape-forfait-41\/\",\"url\":\"https:\/\/publissoft.dev\/spasante\/produit\/b-shape-forfait-41\/\",\"name\":\"Cure B-Shape - 5 traitements - Spa Sant\u00e9 Le N\u00e9nuphar\",\"isPartOf\":{\"@id\":\"https:\/\/publissoft.dev\/spasante\/#website\"},\"primaryImageOfPage\":{\"@id\":\"https:\/\/publissoft.dev\/spasante\/produit\/b-shape-forfait-41\/#primaryimage\"},\"image\":{\"@id\":\"https:\/\/publissoft.dev\/spasante\/produit\/b-shape-forfait-41\/#primaryimage\"},\"thumbnailUrl\":\"https:\/\/publissoft.dev\/spasante\/wp-content\/uploads\/2022\/05\/Spa-sante-le-nenuphar-b-shape-appareil-fesses.jpg\",\"datePublished\":\"2022-05-18T13:38:02+00:00\",\"dateModified\":\"2024-05-01T19:17:00+00:00\",\"description\":\"Le B-Shape T. M. C. est un traitement non invasif de remodelage de la silhouette qui combine l'\u00e9limination des graisses et le renforcement musculaire. Il consiste \u00e0 envoyer des pulsations \u00e9lectromagn\u00e9tiques dans une zone cible, ce qui entra\u00eene des contractions dites \\\"supramaximales\\\". Ce traitement est parfait pour les femmes et les hommes qui souhaitent \u00e9liminer l'exc\u00e8s de graisse dans leur ventre en un temps record, ainsi que redessiner et tonifier leurs muscles abdominaux ou fessiers.\",\"breadcrumb\":{\"@id\":\"https:\/\/publissoft.dev\/spasante\/produit\/b-shape-forfait-41\/#breadcrumb\"},\"inLanguage\":\"fr-CA\",\"potentialAction\":[{\"@type\":\"ReadAction\",\"target\":[\"https:\/\/publissoft.dev\/spasante\/produit\/b-shape-forfait-41\/\"]}]},{\"@type\":\"ImageObject\",\"inLanguage\":\"fr-CA\",\"@id\":\"https:\/\/publissoft.dev\/spasante\/produit\/b-shape-forfait-41\/#primaryimage\",\"url\":\"https:\/\/publissoft.dev\/spasante\/wp-content\/uploads\/2022\/05\/Spa-sante-le-nenuphar-b-shape-appareil-fesses.jpg\",\"contentUrl\":\"https:\/\/publissoft.dev\/spasante\/wp-content\/uploads\/2022\/05\/Spa-sante-le-nenuphar-b-shape-appareil-fesses.jpg\",\"width\":1283,\"height\":700},{\"@type\":\"BreadcrumbList\",\"@id\":\"https:\/\/publissoft.dev\/spasante\/produit\/b-shape-forfait-41\/#breadcrumb\",\"itemListElement\":[{\"@type\":\"ListItem\",\"position\":1,\"name\":\"Accueil\",\"item\":\"https:\/\/publissoft.dev\/spasante\/\"},{\"@type\":\"ListItem\",\"position\":2,\"name\":\"Boutique\",\"item\":\"https:\/\/publissoft.dev\/spasante\/boutique\/\"},{\"@type\":\"ListItem\",\"position\":3,\"name\":\"Cure B-Shape &#8211; 5 traitements\"}]},{\"@type\":\"WebSite\",\"@id\":\"https:\/\/publissoft.dev\/spasante\/#website\",\"url\":\"https:\/\/publissoft.dev\/spasante\/\",\"name\":\"Spa Sant\u00e9 Le N\u00e9nuphar\",\"description\":\"\",\"publisher\":{\"@id\":\"https:\/\/publissoft.dev\/spasante\/#organization\"},\"potentialAction\":[{\"@type\":\"SearchAction\",\"target\":{\"@type\":\"EntryPoint\",\"urlTemplate\":\"https:\/\/publissoft.dev\/spasante\/?s={search_term_string}\"},\"query-input\":\"required name=search_term_string\"}],\"inLanguage\":\"fr-CA\"},{\"@type\":\"Organization\",\"@id\":\"https:\/\/publissoft.dev\/spasante\/#organization\",\"name\":\"Spa Sant\u00e9 Le N\u00e9nuphar\",\"url\":\"https:\/\/publissoft.dev\/spasante\/\",\"logo\":{\"@type\":\"ImageObject\",\"inLanguage\":\"fr-CA\",\"@id\":\"https:\/\/publissoft.dev\/spasante\/#\/schema\/logo\/image\/\",\"url\":\"https:\/\/publissoft.dev\/spasante\/wp-content\/uploads\/2022\/11\/logo-jpg.jpeg\",\"contentUrl\":\"https:\/\/publissoft.dev\/spasante\/wp-content\/uploads\/2022\/11\/logo-jpg.jpeg\",\"width\":900,\"height\":900,\"caption\":\"Spa Sant\u00e9 Le N\u00e9nuphar\"},\"image\":{\"@id\":\"https:\/\/publissoft.dev\/spasante\/#\/schema\/logo\/image\/\"},\"sameAs\":[\"https:\/\/www.facebook.com\/SpaSanteLeNenuphar\",\"https:\/\/www.instagram.com\/spasantelenenuphar\/?hl=fr\"]}]}<\/script>\n<!-- \/ Yoast SEO plugin. -->","yoast_head_json":{"title":"Cure B-Shape - 5 traitements - Spa Sant\u00e9 Le N\u00e9nuphar","description":"Le B-Shape T. M. C. est un traitement non invasif de remodelage de la silhouette qui combine l'\u00e9limination des graisses et le renforcement musculaire. Il consiste \u00e0 envoyer des pulsations \u00e9lectromagn\u00e9tiques dans une zone cible, ce qui entra\u00eene des contractions dites \"supramaximales\". Ce traitement est parfait pour les femmes et les hommes qui souhaitent \u00e9liminer l'exc\u00e8s de graisse dans leur ventre en un temps record, ainsi que redessiner et tonifier leurs muscles abdominaux ou fessiers.","robots":{"index":"noindex","follow":"follow","max-snippet":"max-snippet:-1","max-image-preview":"max-image-preview:large","max-video-preview":"max-video-preview:-1"},"og_locale":"fr_CA","og_type":"article","og_title":"Cure B-Shape - 5 traitements - Spa Sant\u00e9 Le N\u00e9nuphar","og_description":"Le B-Shape T. M. C. est un traitement non invasif de remodelage de la silhouette qui combine l'\u00e9limination des graisses et le renforcement musculaire. Il consiste \u00e0 envoyer des pulsations \u00e9lectromagn\u00e9tiques dans une zone cible, ce qui entra\u00eene des contractions dites \"supramaximales\". Ce traitement est parfait pour les femmes et les hommes qui souhaitent \u00e9liminer l'exc\u00e8s de graisse dans leur ventre en un temps record, ainsi que redessiner et tonifier leurs muscles abdominaux ou fessiers.","og_url":"https:\/\/publissoft.dev\/spasante\/produit\/b-shape-forfait-41\/","og_site_name":"Spa Sant\u00e9 Le N\u00e9nuphar","article_publisher":"https:\/\/www.facebook.com\/SpaSanteLeNenuphar","article_modified_time":"2024-05-01T19:17:00+00:00","og_image":[{"width":1283,"height":700,"url":"https:\/\/publissoft.dev\/spasante\/wp-content\/uploads\/2022\/05\/Spa-sante-le-nenuphar-b-shape-appareil-fesses.jpg","type":"image\/jpeg"}],"twitter_card":"summary_large_image","twitter_misc":{"Estimation du temps de lecture":"1 minute"},"schema":{"@context":"https:\/\/schema.org","@graph":[{"@type":"WebPage","@id":"https:\/\/publissoft.dev\/spasante\/produit\/b-shape-forfait-41\/","url":"https:\/\/publissoft.dev\/spasante\/produit\/b-shape-forfait-41\/","name":"Cure B-Shape - 5 traitements - Spa Sant\u00e9 Le N\u00e9nuphar","isPartOf":{"@id":"https:\/\/publissoft.dev\/spasante\/#website"},"primaryImageOfPage":{"@id":"https:\/\/publissoft.dev\/spasante\/produit\/b-shape-forfait-41\/#primaryimage"},"image":{"@id":"https:\/\/publissoft.dev\/spasante\/produit\/b-shape-forfait-41\/#primaryimage"},"thumbnailUrl":"https:\/\/publissoft.dev\/spasante\/wp-content\/uploads\/2022\/05\/Spa-sante-le-nenuphar-b-shape-appareil-fesses.jpg","datePublished":"2022-05-18T13:38:02+00:00","dateModified":"2024-05-01T19:17:00+00:00","description":"Le B-Shape T. M. C. est un traitement non invasif de remodelage de la silhouette qui combine l'\u00e9limination des graisses et le renforcement musculaire. Il consiste \u00e0 envoyer des pulsations \u00e9lectromagn\u00e9tiques dans une zone cible, ce qui entra\u00eene des contractions dites \"supramaximales\". Ce traitement est parfait pour les femmes et les hommes qui souhaitent \u00e9liminer l'exc\u00e8s de graisse dans leur ventre en un temps record, ainsi que redessiner et tonifier leurs muscles abdominaux ou fessiers.","breadcrumb":{"@id":"https:\/\/publissoft.dev\/spasante\/produit\/b-shape-forfait-41\/#breadcrumb"},"inLanguage":"fr-CA","potentialAction":[{"@type":"ReadAction","target":["https:\/\/publissoft.dev\/spasante\/produit\/b-shape-forfait-41\/"]}]},{"@type":"ImageObject","inLanguage":"fr-CA","@id":"https:\/\/publissoft.dev\/spasante\/produit\/b-shape-forfait-41\/#primaryimage","url":"https:\/\/publissoft.dev\/spasante\/wp-content\/uploads\/2022\/05\/Spa-sante-le-nenuphar-b-shape-appareil-fesses.jpg","contentUrl":"https:\/\/publissoft.dev\/spasante\/wp-content\/uploads\/2022\/05\/Spa-sante-le-nenuphar-b-shape-appareil-fesses.jpg","width":1283,"height":700},{"@type":"BreadcrumbList","@id":"https:\/\/publissoft.dev\/spasante\/produit\/b-shape-forfait-41\/#breadcrumb","itemListElement":[{"@type":"ListItem","position":1,"name":"Accueil","item":"https:\/\/publissoft.dev\/spasante\/"},{"@type":"ListItem","position":2,"name":"Boutique","item":"https:\/\/publissoft.dev\/spasante\/boutique\/"},{"@type":"ListItem","position":3,"name":"Cure B-Shape &#8211; 5 traitements"}]},{"@type":"WebSite","@id":"https:\/\/publissoft.dev\/spasante\/#website","url":"https:\/\/publissoft.dev\/spasante\/","name":"Spa Sant\u00e9 Le N\u00e9nuphar","description":"","publisher":{"@id":"https:\/\/publissoft.dev\/spasante\/#organization"},"potentialAction":[{"@type":"SearchAction","target":{"@type":"EntryPoint","urlTemplate":"https:\/\/publissoft.dev\/spasante\/?s={search_term_string}"},"query-input":"required name=search_term_string"}],"inLanguage":"fr-CA"},{"@type":"Organization","@id":"https:\/\/publissoft.dev\/spasante\/#organization","name":"Spa Sant\u00e9 Le N\u00e9nuphar","url":"https:\/\/publissoft.dev\/spasante\/","logo":{"@type":"ImageObject","inLanguage":"fr-CA","@id":"https:\/\/publissoft.dev\/spasante\/#\/schema\/logo\/image\/","url":"https:\/\/publissoft.dev\/spasante\/wp-content\/uploads\/2022\/11\/logo-jpg.jpeg","contentUrl":"https:\/\/publissoft.dev\/spasante\/wp-content\/uploads\/2022\/11\/logo-jpg.jpeg","width":900,"height":900,"caption":"Spa Sant\u00e9 Le N\u00e9nuphar"},"image":{"@id":"https:\/\/publissoft.dev\/spasante\/#\/schema\/logo\/image\/"},"sameAs":["https:\/\/www.facebook.com\/SpaSanteLeNenuphar","https:\/\/www.instagram.com\/spasantelenenuphar\/?hl=fr"]}]}},"_links":{"self":[{"href":"https:\/\/publissoft.dev\/spasante\/wp-json\/wp\/v2\/product\/2798","targetHints":{"allow":["GET"]}}],"collection":[{"href":"https:\/\/publissoft.dev\/spasante\/wp-json\/wp\/v2\/product"}],"about":[{"href":"https:\/\/publissoft.dev\/spasante\/wp-json\/wp\/v2\/types\/product"}],"wp:featuredmedia":[{"embeddable":true,"href":"https:\/\/publissoft.dev\/spasante\/wp-json\/wp\/v2\/media\/2799"}],"wp:attachment":[{"href":"https:\/\/publissoft.dev\/spasante\/wp-json\/wp\/v2\/media?parent=2798"}],"wp:term":[{"taxonomy":"product_cat","embeddable":true,"href":"https:\/\/publissoft.dev\/spasante\/wp-json\/wp\/v2\/product_cat?post=2798"},{"taxonomy":"product_tag","embeddable":true,"href":"https:\/\/publissoft.dev\/spasante\/wp-json\/wp\/v2\/product_tag?post=2798"},{"taxonomy":"giftcard-category","embeddable":true,"href":"https:\/\/publissoft.dev\/spasante\/wp-json\/wp\/v2\/giftcard-category?post=2798"}],"curies":[{"name":"wp","href":"https:\/\/api.w.org\/{rel}","templated":true}]}}