{"id":285,"date":"2022-01-27T14:34:10","date_gmt":"2022-01-27T19:34:10","guid":{"rendered":"https:\/\/publissoft.dev\/spasante\/produit\/creme-probio-omega-cell\/"},"modified":"2022-11-15T15:31:13","modified_gmt":"2022-11-15T20:31:13","slug":"creme-probio-omega-cell-spa-sante-le-nenuphar","status":"publish","type":"product","link":"https:\/\/publissoft.dev\/spasante\/produit\/creme-probio-omega-cell-spa-sante-le-nenuphar\/","title":{"rendered":"Aquafolia &#8211; Cr\u00e8me Probio Omega Cell"},"content":{"rendered":"<p>Cr\u00e8me Probio Omega Cell<\/p>\n<div>\n<div>\n<p>L\u2019anti-\u00e2ge r\u00e9parateur redonnant une apparence de jeunesse sant\u00e9. Lutte contre les effets de l\u2019acc\u00e9l\u00e9ration du vieillissement cutan\u00e9 caus\u00e9 par le stress environnemental et r\u00e9duit l\u2019apparence des rides et des ridules par l\u2019hydratation \u00e9quilibrante.<\/p>\n<\/div>\n<\/div>\n<div>\n<p><strong>Types de peaux<\/strong><\/p>\n<div>Peaux matures<\/div>\n<\/div>\n<div>\n<p><strong>Description<\/strong><\/p>\n<div>\n<p>Cr\u00e8me onctueuse issues de 3 technologies innovantes dont les cellules souches d\u2019origine v\u00e9g\u00e9tale, la biotechnologie cosm\u00e9ceutique d\u2019origine naturelle et les technologies des probiotiques pour une action anti-\u00e2ge. Reg\u00e9n\u00e8re la barri\u00e8re d\u2019hydratation pour favoriser les d\u00e9fenses naturelles de la peau. Effet anti-\u00e2ge\u2020calmant par l\u2019hydratation.<\/p>\n<\/div>\n<p class=\"font-weight-bold mb-1\"><strong>Caract\u00e9ristiques et fonctions du produit<\/strong><\/p>\n<ul>\n<li>Flacon airless<\/li>\n<li>Formulation de 3 technologies innovantes<\/li>\n<li><b>Cellules souches de plantes<br \/>\n<\/b>Le c\u0153ur vital des plantes. Anti-\u00e2ge<sup>\u2020<\/sup>\u00a0r\u00e9parateur et anti-rides<sup>\u2020<\/sup>.<\/li>\n<li><b>Biotechnologie cosm\u00e9ceutique d\u2019origine naturelle<\/b><\/li>\n<li>Ingr\u00e9dients de source v\u00e9g\u00e9tale avec fonctions plus performantes.<\/li>\n<li><b>Issus des technologies de probiotiques<\/b><\/li>\n<li>Technologies de lysats de fermentation de bact\u00e9ries. Favorisant les d\u00e9fenses naturelles de la peau et r\u00e9g\u00e9n\u00e8rent la barri\u00e8re de la peau par l\u2019hydratation<sup>\u2756<\/sup>.<\/li>\n<li>Effet anti-\u00e2ge redonnant une apparence de jeunesse sant\u00e9;<\/li>\n<li>R\u00e9duire l\u2019apparence des rides et ridules par l\u2019hydratation \u00e9quilibrante;<\/li>\n<li>Clarifier le teint, redonner de la luminosit\u00e9 et un \u00e9clat du teint;<\/li>\n<li>R\u00e9g\u00e9n\u00e9rer la barri\u00e8re d\u2019hydratation pour favoriser les d\u00e9fenses naturelles de la peau.<\/li>\n<\/ul>\n<\/div>\n<div>\n<p class=\"font-weight-bold mb-1\">Mode d&#8217;emploi<\/p>\n<p>Appliquer sur le visage, le cou et le d\u00e9collet\u00e9 matin et soir.<\/p>\n<hr \/>\n<p class=\"font-weight-bold mb-1\">Ingr\u00e9dients choisis<\/p>\n<div class=\"product attribute fonctions_caracteristiques\">\n<div class=\"value\">\n<p>(Information \u00e9ducative selon des \u00e9tudes in-vitro et\/ou in-vivo et\/ou ex-vivo sur les ingr\u00e9dients qui ne repr\u00e9sente pas les fonctions du produit)<\/p>\n<p><strong>Cellules souches de plantes<\/strong><\/p>\n<p>Extrait de culture cellulaire de Phaseolus radiatus meristem : Selon des \u00e9tudes in-vitro, r\u00e9pare les dommages induits par les rayons UV et maintient au maximum la viabilit\u00e9 des fonctions cellulaires post- exposition.<\/p>\n<p><strong>Biotechnologie cosm\u00e9ceutique d\u2019origine naturelle<\/strong><\/p>\n<p>Epigallocatechin gallatyl glucoside : Polyph\u00e9nol le plus puissant du th\u00e9 vert. Actions : anti-collag\u00e9nase, antioxydant, anti-\u00e2ge* et anti-inflammatoire<sup>\u2020<\/sup>.<\/p>\n<p>Acide hyaluronique : Extrait biotech de petits poids mol\u00e9culaires. Lutte contre les signes visibles du vieillissement de la peau.<\/p>\n<p><strong>Issus des technologies de probiotiques<\/strong><\/p>\n<p>Lysat de fermentation de Lactococcus : Acc\u00e9l\u00e8re le renouvellement cellulaire, am\u00e9liore la qualit\u00e9 de la peau et fortifie la fonction barri\u00e8re de la peau.<\/p>\n<p>Poudre de yogourt : Riche en prot\u00e9ines, acide lactique, vitamines, min\u00e9raux et lipides. Tr\u00e8s hydratant<sup>\u2756<\/sup>, elle favorise le raffermissement cutan\u00e9 et redonne une apparence sant\u00e9.<\/p>\n<p>Om\u00e9ga-3, 6 et 9 : Ils sont n\u00e9cessaires \u00e0 l\u2019hydratation et \u00e0 l\u2019\u00e9lasticit\u00e9 des cellules cutan\u00e9es. Les Om\u00e9ga apaisent les irritations. Sources : huile d\u2019onagre, de prune, de bourrache, d\u2019abricot, de tournesol, d\u2019avocat, de p\u00e9pins de raisin et extrait de chia.<\/p>\n<p>Extrait de feuilles de Plantago lanceolata : Diminue visiblement l\u2019apparence des signes de vieillissement cutan\u00e9. Am\u00e9liore la visco\u00e9lasticit\u00e9 de la peau et clarifie l\u2019apparence des taches pigmentaires.<\/p>\n<p>Beta carot\u00e8ne : pr\u00e9curseur de vitamine A.<\/p>\n<p>Lycop\u00e8ne : combat le stress oxydatif.<\/p>\n<p>Extrait de c\u00e2pre : hydratant<sup>\u2756<\/sup>\u00a0et calmant.<\/p>\n<p>Acides amin\u00e9s sp\u00e9cialis\u00e9es : effet r\u00e9parateur par l\u2019hydratation<sup>\u2756<\/sup>.<\/p>\n<p><em>\u2756\u00a0Des couches superficielles de l\u2019\u00e9piderme<\/em><br \/>\n<em>\u2020 En termes d\u2019apparence et\/ou de sensation<\/em><\/p>\n<\/div>\n<\/div>\n<\/div>\n","protected":false},"excerpt":{"rendered":"<p>Cr\u00e8me Probio Omega Cell L\u2019anti-\u00e2ge r\u00e9parateur redonnant une apparence de jeunesse sant\u00e9. Lutte contre les effets de l\u2019acc\u00e9l\u00e9ration du vieillissement cutan\u00e9 caus\u00e9 par le stress environnemental et r\u00e9duit l\u2019apparence des rides et des ridules par l\u2019hydratation \u00e9quilibrante. Types de peaux Peaux matures Description Cr\u00e8me onctueuse issues de 3 technologies innovantes dont les cellules souches d\u2019origine &hellip;<\/p>\n","protected":false},"featured_media":328,"template":"","meta":{"_acf_changed":false,"_genesis_hide_title":false,"_genesis_hide_breadcrumbs":false,"_genesis_hide_singular_image":false,"_genesis_hide_footer_widgets":false,"_genesis_custom_body_class":"","_genesis_custom_post_class":"","_genesis_layout":""},"product_cat":[37,18,46],"product_tag":[],"giftcard-category":[],"class_list":{"0":"post-285","1":"product","2":"type-product","3":"status-publish","4":"has-post-thumbnail","6":"product_cat-produits","7":"product_cat-aquafolia","8":"product_cat-tous","9":"entry","11":"first","12":"instock","13":"taxable","14":"shipping-taxable","15":"purchasable","16":"product-type-simple"},"acf":[],"yoast_head":"<!-- This site is optimized with the Yoast SEO plugin v22.5 - https:\/\/yoast.com\/wordpress\/plugins\/seo\/ -->\n<title>Aquafolia - Cr\u00e8me Probio Omega Cell - Spa Sant\u00e9 Le N\u00e9nuphar<\/title>\n<meta name=\"description\" content=\"Cr\u00e8me Probio Omega CellL\u2019anti-\u00e2ge r\u00e9parateur redonnant une apparence de jeunesse sant\u00e9. Lutte contre les effets de l\u2019acc\u00e9l\u00e9ration du vieillissement cutan\u00e9 caus\u00e9 par le stress environnemental et r\u00e9duit l\u2019apparence des rides et des ridules par l\u2019hydratation \u00e9quilibrante.\" \/>\n<meta name=\"robots\" content=\"noindex, follow, max-snippet:-1, max-image-preview:large, max-video-preview:-1\" \/>\n<meta property=\"og:locale\" content=\"fr_CA\" \/>\n<meta property=\"og:type\" content=\"article\" \/>\n<meta property=\"og:title\" content=\"Aquafolia - Cr\u00e8me Probio Omega Cell - Spa Sant\u00e9 Le N\u00e9nuphar\" \/>\n<meta property=\"og:description\" content=\"Cr\u00e8me Probio Omega CellL\u2019anti-\u00e2ge r\u00e9parateur redonnant une apparence de jeunesse sant\u00e9. Lutte contre les effets de l\u2019acc\u00e9l\u00e9ration du vieillissement cutan\u00e9 caus\u00e9 par le stress environnemental et r\u00e9duit l\u2019apparence des rides et des ridules par l\u2019hydratation \u00e9quilibrante.\" \/>\n<meta property=\"og:url\" content=\"https:\/\/publissoft.dev\/spasante\/produit\/creme-probio-omega-cell-spa-sante-le-nenuphar\/\" \/>\n<meta property=\"og:site_name\" content=\"Spa Sant\u00e9 Le N\u00e9nuphar\" \/>\n<meta property=\"article:publisher\" content=\"https:\/\/www.facebook.com\/SpaSanteLeNenuphar\" \/>\n<meta property=\"article:modified_time\" content=\"2022-11-15T20:31:13+00:00\" \/>\n<meta property=\"og:image\" content=\"https:\/\/publissoft.dev\/spasante\/wp-content\/uploads\/2022\/01\/SpaSanteLeNenuphar-CremeProbioOmegaCell.jpg\" \/>\n\t<meta property=\"og:image:width\" content=\"487\" \/>\n\t<meta property=\"og:image:height\" content=\"560\" \/>\n\t<meta property=\"og:image:type\" content=\"image\/jpeg\" \/>\n<meta name=\"twitter:card\" content=\"summary_large_image\" \/>\n<meta name=\"twitter:label1\" content=\"Estimation du temps de lecture\" \/>\n\t<meta name=\"twitter:data1\" content=\"3 minutes\" \/>\n<script type=\"application\/ld+json\" class=\"yoast-schema-graph\">{\"@context\":\"https:\/\/schema.org\",\"@graph\":[{\"@type\":\"WebPage\",\"@id\":\"https:\/\/publissoft.dev\/spasante\/produit\/creme-probio-omega-cell-spa-sante-le-nenuphar\/\",\"url\":\"https:\/\/publissoft.dev\/spasante\/produit\/creme-probio-omega-cell-spa-sante-le-nenuphar\/\",\"name\":\"Aquafolia - Cr\u00e8me Probio Omega Cell - Spa Sant\u00e9 Le N\u00e9nuphar\",\"isPartOf\":{\"@id\":\"https:\/\/publissoft.dev\/spasante\/#website\"},\"primaryImageOfPage\":{\"@id\":\"https:\/\/publissoft.dev\/spasante\/produit\/creme-probio-omega-cell-spa-sante-le-nenuphar\/#primaryimage\"},\"image\":{\"@id\":\"https:\/\/publissoft.dev\/spasante\/produit\/creme-probio-omega-cell-spa-sante-le-nenuphar\/#primaryimage\"},\"thumbnailUrl\":\"https:\/\/publissoft.dev\/spasante\/wp-content\/uploads\/2022\/01\/SpaSanteLeNenuphar-CremeProbioOmegaCell.jpg\",\"datePublished\":\"2022-01-27T19:34:10+00:00\",\"dateModified\":\"2022-11-15T20:31:13+00:00\",\"description\":\"Cr\u00e8me Probio Omega CellL\u2019anti-\u00e2ge r\u00e9parateur redonnant une apparence de jeunesse sant\u00e9. Lutte contre les effets de l\u2019acc\u00e9l\u00e9ration du vieillissement cutan\u00e9 caus\u00e9 par le stress environnemental et r\u00e9duit l\u2019apparence des rides et des ridules par l\u2019hydratation \u00e9quilibrante.\",\"breadcrumb\":{\"@id\":\"https:\/\/publissoft.dev\/spasante\/produit\/creme-probio-omega-cell-spa-sante-le-nenuphar\/#breadcrumb\"},\"inLanguage\":\"fr-CA\",\"potentialAction\":[{\"@type\":\"ReadAction\",\"target\":[\"https:\/\/publissoft.dev\/spasante\/produit\/creme-probio-omega-cell-spa-sante-le-nenuphar\/\"]}]},{\"@type\":\"ImageObject\",\"inLanguage\":\"fr-CA\",\"@id\":\"https:\/\/publissoft.dev\/spasante\/produit\/creme-probio-omega-cell-spa-sante-le-nenuphar\/#primaryimage\",\"url\":\"https:\/\/publissoft.dev\/spasante\/wp-content\/uploads\/2022\/01\/SpaSanteLeNenuphar-CremeProbioOmegaCell.jpg\",\"contentUrl\":\"https:\/\/publissoft.dev\/spasante\/wp-content\/uploads\/2022\/01\/SpaSanteLeNenuphar-CremeProbioOmegaCell.jpg\",\"width\":487,\"height\":560},{\"@type\":\"BreadcrumbList\",\"@id\":\"https:\/\/publissoft.dev\/spasante\/produit\/creme-probio-omega-cell-spa-sante-le-nenuphar\/#breadcrumb\",\"itemListElement\":[{\"@type\":\"ListItem\",\"position\":1,\"name\":\"Accueil\",\"item\":\"https:\/\/publissoft.dev\/spasante\/\"},{\"@type\":\"ListItem\",\"position\":2,\"name\":\"Boutique\",\"item\":\"https:\/\/publissoft.dev\/spasante\/boutique\/\"},{\"@type\":\"ListItem\",\"position\":3,\"name\":\"Aquafolia &#8211; Cr\u00e8me Probio Omega Cell\"}]},{\"@type\":\"WebSite\",\"@id\":\"https:\/\/publissoft.dev\/spasante\/#website\",\"url\":\"https:\/\/publissoft.dev\/spasante\/\",\"name\":\"Spa Sant\u00e9 Le N\u00e9nuphar\",\"description\":\"\",\"publisher\":{\"@id\":\"https:\/\/publissoft.dev\/spasante\/#organization\"},\"potentialAction\":[{\"@type\":\"SearchAction\",\"target\":{\"@type\":\"EntryPoint\",\"urlTemplate\":\"https:\/\/publissoft.dev\/spasante\/?s={search_term_string}\"},\"query-input\":\"required name=search_term_string\"}],\"inLanguage\":\"fr-CA\"},{\"@type\":\"Organization\",\"@id\":\"https:\/\/publissoft.dev\/spasante\/#organization\",\"name\":\"Spa Sant\u00e9 Le N\u00e9nuphar\",\"url\":\"https:\/\/publissoft.dev\/spasante\/\",\"logo\":{\"@type\":\"ImageObject\",\"inLanguage\":\"fr-CA\",\"@id\":\"https:\/\/publissoft.dev\/spasante\/#\/schema\/logo\/image\/\",\"url\":\"https:\/\/publissoft.dev\/spasante\/wp-content\/uploads\/2022\/11\/logo-jpg.jpeg\",\"contentUrl\":\"https:\/\/publissoft.dev\/spasante\/wp-content\/uploads\/2022\/11\/logo-jpg.jpeg\",\"width\":900,\"height\":900,\"caption\":\"Spa Sant\u00e9 Le N\u00e9nuphar\"},\"image\":{\"@id\":\"https:\/\/publissoft.dev\/spasante\/#\/schema\/logo\/image\/\"},\"sameAs\":[\"https:\/\/www.facebook.com\/SpaSanteLeNenuphar\",\"https:\/\/www.instagram.com\/spasantelenenuphar\/?hl=fr\"]}]}<\/script>\n<!-- \/ Yoast SEO plugin. -->","yoast_head_json":{"title":"Aquafolia - Cr\u00e8me Probio Omega Cell - Spa Sant\u00e9 Le N\u00e9nuphar","description":"Cr\u00e8me Probio Omega CellL\u2019anti-\u00e2ge r\u00e9parateur redonnant une apparence de jeunesse sant\u00e9. Lutte contre les effets de l\u2019acc\u00e9l\u00e9ration du vieillissement cutan\u00e9 caus\u00e9 par le stress environnemental et r\u00e9duit l\u2019apparence des rides et des ridules par l\u2019hydratation \u00e9quilibrante.","robots":{"index":"noindex","follow":"follow","max-snippet":"max-snippet:-1","max-image-preview":"max-image-preview:large","max-video-preview":"max-video-preview:-1"},"og_locale":"fr_CA","og_type":"article","og_title":"Aquafolia - Cr\u00e8me Probio Omega Cell - Spa Sant\u00e9 Le N\u00e9nuphar","og_description":"Cr\u00e8me Probio Omega CellL\u2019anti-\u00e2ge r\u00e9parateur redonnant une apparence de jeunesse sant\u00e9. Lutte contre les effets de l\u2019acc\u00e9l\u00e9ration du vieillissement cutan\u00e9 caus\u00e9 par le stress environnemental et r\u00e9duit l\u2019apparence des rides et des ridules par l\u2019hydratation \u00e9quilibrante.","og_url":"https:\/\/publissoft.dev\/spasante\/produit\/creme-probio-omega-cell-spa-sante-le-nenuphar\/","og_site_name":"Spa Sant\u00e9 Le N\u00e9nuphar","article_publisher":"https:\/\/www.facebook.com\/SpaSanteLeNenuphar","article_modified_time":"2022-11-15T20:31:13+00:00","og_image":[{"width":487,"height":560,"url":"https:\/\/publissoft.dev\/spasante\/wp-content\/uploads\/2022\/01\/SpaSanteLeNenuphar-CremeProbioOmegaCell.jpg","type":"image\/jpeg"}],"twitter_card":"summary_large_image","twitter_misc":{"Estimation du temps de lecture":"3 minutes"},"schema":{"@context":"https:\/\/schema.org","@graph":[{"@type":"WebPage","@id":"https:\/\/publissoft.dev\/spasante\/produit\/creme-probio-omega-cell-spa-sante-le-nenuphar\/","url":"https:\/\/publissoft.dev\/spasante\/produit\/creme-probio-omega-cell-spa-sante-le-nenuphar\/","name":"Aquafolia - Cr\u00e8me Probio Omega Cell - Spa Sant\u00e9 Le N\u00e9nuphar","isPartOf":{"@id":"https:\/\/publissoft.dev\/spasante\/#website"},"primaryImageOfPage":{"@id":"https:\/\/publissoft.dev\/spasante\/produit\/creme-probio-omega-cell-spa-sante-le-nenuphar\/#primaryimage"},"image":{"@id":"https:\/\/publissoft.dev\/spasante\/produit\/creme-probio-omega-cell-spa-sante-le-nenuphar\/#primaryimage"},"thumbnailUrl":"https:\/\/publissoft.dev\/spasante\/wp-content\/uploads\/2022\/01\/SpaSanteLeNenuphar-CremeProbioOmegaCell.jpg","datePublished":"2022-01-27T19:34:10+00:00","dateModified":"2022-11-15T20:31:13+00:00","description":"Cr\u00e8me Probio Omega CellL\u2019anti-\u00e2ge r\u00e9parateur redonnant une apparence de jeunesse sant\u00e9. Lutte contre les effets de l\u2019acc\u00e9l\u00e9ration du vieillissement cutan\u00e9 caus\u00e9 par le stress environnemental et r\u00e9duit l\u2019apparence des rides et des ridules par l\u2019hydratation \u00e9quilibrante.","breadcrumb":{"@id":"https:\/\/publissoft.dev\/spasante\/produit\/creme-probio-omega-cell-spa-sante-le-nenuphar\/#breadcrumb"},"inLanguage":"fr-CA","potentialAction":[{"@type":"ReadAction","target":["https:\/\/publissoft.dev\/spasante\/produit\/creme-probio-omega-cell-spa-sante-le-nenuphar\/"]}]},{"@type":"ImageObject","inLanguage":"fr-CA","@id":"https:\/\/publissoft.dev\/spasante\/produit\/creme-probio-omega-cell-spa-sante-le-nenuphar\/#primaryimage","url":"https:\/\/publissoft.dev\/spasante\/wp-content\/uploads\/2022\/01\/SpaSanteLeNenuphar-CremeProbioOmegaCell.jpg","contentUrl":"https:\/\/publissoft.dev\/spasante\/wp-content\/uploads\/2022\/01\/SpaSanteLeNenuphar-CremeProbioOmegaCell.jpg","width":487,"height":560},{"@type":"BreadcrumbList","@id":"https:\/\/publissoft.dev\/spasante\/produit\/creme-probio-omega-cell-spa-sante-le-nenuphar\/#breadcrumb","itemListElement":[{"@type":"ListItem","position":1,"name":"Accueil","item":"https:\/\/publissoft.dev\/spasante\/"},{"@type":"ListItem","position":2,"name":"Boutique","item":"https:\/\/publissoft.dev\/spasante\/boutique\/"},{"@type":"ListItem","position":3,"name":"Aquafolia &#8211; Cr\u00e8me Probio Omega Cell"}]},{"@type":"WebSite","@id":"https:\/\/publissoft.dev\/spasante\/#website","url":"https:\/\/publissoft.dev\/spasante\/","name":"Spa Sant\u00e9 Le N\u00e9nuphar","description":"","publisher":{"@id":"https:\/\/publissoft.dev\/spasante\/#organization"},"potentialAction":[{"@type":"SearchAction","target":{"@type":"EntryPoint","urlTemplate":"https:\/\/publissoft.dev\/spasante\/?s={search_term_string}"},"query-input":"required name=search_term_string"}],"inLanguage":"fr-CA"},{"@type":"Organization","@id":"https:\/\/publissoft.dev\/spasante\/#organization","name":"Spa Sant\u00e9 Le N\u00e9nuphar","url":"https:\/\/publissoft.dev\/spasante\/","logo":{"@type":"ImageObject","inLanguage":"fr-CA","@id":"https:\/\/publissoft.dev\/spasante\/#\/schema\/logo\/image\/","url":"https:\/\/publissoft.dev\/spasante\/wp-content\/uploads\/2022\/11\/logo-jpg.jpeg","contentUrl":"https:\/\/publissoft.dev\/spasante\/wp-content\/uploads\/2022\/11\/logo-jpg.jpeg","width":900,"height":900,"caption":"Spa Sant\u00e9 Le N\u00e9nuphar"},"image":{"@id":"https:\/\/publissoft.dev\/spasante\/#\/schema\/logo\/image\/"},"sameAs":["https:\/\/www.facebook.com\/SpaSanteLeNenuphar","https:\/\/www.instagram.com\/spasantelenenuphar\/?hl=fr"]}]}},"_links":{"self":[{"href":"https:\/\/publissoft.dev\/spasante\/wp-json\/wp\/v2\/product\/285","targetHints":{"allow":["GET"]}}],"collection":[{"href":"https:\/\/publissoft.dev\/spasante\/wp-json\/wp\/v2\/product"}],"about":[{"href":"https:\/\/publissoft.dev\/spasante\/wp-json\/wp\/v2\/types\/product"}],"wp:featuredmedia":[{"embeddable":true,"href":"https:\/\/publissoft.dev\/spasante\/wp-json\/wp\/v2\/media\/328"}],"wp:attachment":[{"href":"https:\/\/publissoft.dev\/spasante\/wp-json\/wp\/v2\/media?parent=285"}],"wp:term":[{"taxonomy":"product_cat","embeddable":true,"href":"https:\/\/publissoft.dev\/spasante\/wp-json\/wp\/v2\/product_cat?post=285"},{"taxonomy":"product_tag","embeddable":true,"href":"https:\/\/publissoft.dev\/spasante\/wp-json\/wp\/v2\/product_tag?post=285"},{"taxonomy":"giftcard-category","embeddable":true,"href":"https:\/\/publissoft.dev\/spasante\/wp-json\/wp\/v2\/giftcard-category?post=285"}],"curies":[{"name":"wp","href":"https:\/\/api.w.org\/{rel}","templated":true}]}}