{"id":288,"date":"2022-01-27T14:34:14","date_gmt":"2022-01-27T19:34:14","guid":{"rendered":"https:\/\/publissoft.dev\/spasante\/produit\/creme-triple-action-3a\/"},"modified":"2024-04-03T13:43:12","modified_gmt":"2024-04-03T17:43:12","slug":"creme-triple-action-3a","status":"publish","type":"product","link":"https:\/\/publissoft.dev\/spasante\/produit\/creme-triple-action-3a\/","title":{"rendered":"Aquafolia &#8211; Cr\u00e8me Triple Action 3A"},"content":{"rendered":"<div data-mce-fragment=\"1\">\n<h3 data-mce-fragment=\"1\">Cr\u00e8me Triple Action 3A<\/h3>\n<\/div>\n<div data-mce-fragment=\"1\">\n<div data-mce-fragment=\"1\">\n<p data-mce-fragment=\"1\">Anti-rides, anti-rougeurs et anti-imperfections<span data-mce-fragment=\"1\">\u2020<\/span>. Redonne une apparence saine de jeunesse sans irritation.<\/p>\n<\/div>\n<\/div>\n<div data-mce-fragment=\"1\">\n<p><span data-mce-fragment=\"1\">Types de peaux<\/span><\/p>\n<div data-mce-fragment=\"1\">Peaux normales \u00e0 mixtes<\/div>\n<\/div>\n<div data-mce-fragment=\"1\">\n<p><span data-mce-fragment=\"1\">Description<\/span><\/p>\n<div data-mce-fragment=\"1\">\n<p data-mce-fragment=\"1\">Formule unique anti-rides<span data-mce-fragment=\"1\">\u2020<\/span>\u00a0pour les peaux normales \u00e0 mixtes, ayant des imperfections localis\u00e9es. Hydratant<span data-mce-fragment=\"1\">\u2756\u00a0<\/span>quotidien qui att\u00e9nue l\u2019apparence des rides et des ridules. Aide \u00e0 diminuer la sensation de peau grasse. Laisse la peau claire au teint unifi\u00e9. Formule non grasse contenant des ingr\u00e9dients innovateurs : extraits de feuilles d\u2019olivier, kombuchka (biotech) et NDGA.<\/p>\n<\/div>\n<\/div>\n<div data-mce-fragment=\"1\">\n<p><span data-mce-fragment=\"1\">Caract\u00e9ristiques et fonctions du produit<\/span><\/p>\n<div data-mce-fragment=\"1\">\n<ul data-mce-fragment=\"1\">\n<li data-mce-fragment=\"1\">Flacon\u00a0<em data-mce-fragment=\"1\">airless<\/em><\/li>\n<li data-mce-fragment=\"1\">Texture cr\u00e8me non grasse<\/li>\n<li data-mce-fragment=\"1\">R\u00e9duit la sensation de peau grasse<\/li>\n<li data-mce-fragment=\"1\">Non-irritant<\/li>\n<li data-mce-fragment=\"1\">Hydrate<span data-mce-fragment=\"1\">\u2756<\/span>\u00a0et prot\u00e8ge<\/li>\n<li data-mce-fragment=\"1\">Unifie le teint<\/li>\n<li data-mce-fragment=\"1\">Diminue l\u2019apparence des rides<\/li>\n<li data-mce-fragment=\"1\">Diminue l\u2019apparence des rougeurs<\/li>\n<li data-mce-fragment=\"1\">Diminue l\u2019apparence des imperfections<\/li>\n<\/ul>\n<\/div>\n<\/div>\n<div data-mce-fragment=\"1\">\n<p><span data-mce-fragment=\"1\">Mode d&#8217;emploi<\/span><\/p>\n<div data-mce-fragment=\"1\">\n<p data-mce-fragment=\"1\">Appliquer sur le visage matin et soir. Seul ou sous le Complexe R\u00e9gulateur Intensif. \u00c9viter le contour des yeux.<\/p>\n<\/div>\n<\/div>\n<div data-mce-fragment=\"1\">\n<p><span data-mce-fragment=\"1\">Ingr\u00e9dients choisis<\/span><\/p>\n<div data-mce-fragment=\"1\">\n<div data-mce-fragment=\"1\">\n<p data-mce-fragment=\"1\"><em data-mce-fragment=\"1\">(Information \u00e9ducative selon des \u00e9tudes in-vitro et\/ou in-vivo et\/ou ex-vivo sur les ingr\u00e9dients qui ne repr\u00e9sente pas les fonctions du produit)<\/em><\/p>\n<\/div>\n<ul data-mce-fragment=\"1\">\n<li data-mce-fragment=\"1\">S\u00e9bor\u00e9gulateur<span data-mce-fragment=\"1\">\u2020<\/span>, k\u00e9rator\u00e9gulateur et anti-inflammatoire<br data-mce-fragment=\"1\" \/>(acide nordihydrogua\u00efar\u00e9tique et acide ol\u00e9anolique)<\/li>\n<li data-mce-fragment=\"1\">Anti-\u00e2ge et anti-rides\u00a0<span data-mce-fragment=\"1\">\u2020<\/span>\u00a0(kombuchka : fermentation par des microorganismes du th\u00e9 noir sucr\u00e9)<\/li>\n<li data-mce-fragment=\"1\">Favorise la cicatrisation<\/li>\n<li data-mce-fragment=\"1\">Diminue la s\u00e9borrh\u00e9e (NDGA et acide ol\u00e9anolique)<\/li>\n<li data-mce-fragment=\"1\">R\u00e9duit l\u2019irritation et l\u2019inflammation (beurre de karit\u00e9)<\/li>\n<li data-mce-fragment=\"1\">Antioxydant et anti-inflammatoire<br data-mce-fragment=\"1\" \/>(extrait de feuilles d\u2019olivier et extraits de th\u00e9 blanc, vert et rouge)<\/li>\n<li data-mce-fragment=\"1\">Antibact\u00e9rien<\/li>\n<li data-mce-fragment=\"1\">R\u00e9g\u00e9n\u00e9rant, hydratant<span data-mce-fragment=\"1\">\u2756<\/span><\/li>\n<\/ul>\n<div data-mce-fragment=\"1\">\n<p data-mce-fragment=\"1\"><span data-mce-fragment=\"1\">\u2756\u00a0Des couches superficielles de l\u2019\u00e9piderme<\/span><br data-mce-fragment=\"1\" \/><span data-mce-fragment=\"1\">\u2020 En termes d\u2019apparence et\/ou de sensation<\/span><\/p>\n<\/div>\n<\/div>\n<\/div>\n","protected":false},"excerpt":{"rendered":"<p>Cr\u00e8me Triple Action 3A Anti-rides, anti-rougeurs et anti-imperfections\u2020. Redonne une apparence saine de jeunesse sans irritation. Types de peaux Peaux normales \u00e0 mixtes Description Formule unique anti-rides\u2020\u00a0pour les peaux normales \u00e0 mixtes, ayant des imperfections localis\u00e9es. Hydratant\u2756\u00a0quotidien qui att\u00e9nue l\u2019apparence des rides et des ridules. Aide \u00e0 diminuer la sensation de peau grasse. Laisse la &hellip;<\/p>\n","protected":false},"featured_media":330,"template":"","meta":{"_acf_changed":false,"_genesis_hide_title":false,"_genesis_hide_breadcrumbs":false,"_genesis_hide_singular_image":false,"_genesis_hide_footer_widgets":false,"_genesis_custom_body_class":"","_genesis_custom_post_class":"","_genesis_layout":""},"product_cat":[53,37,18,46],"product_tag":[],"giftcard-category":[],"class_list":{"0":"post-288","1":"product","2":"type-product","3":"status-publish","4":"has-post-thumbnail","6":"product_cat-gift-card","7":"product_cat-produits","8":"product_cat-aquafolia","9":"product_cat-tous","10":"entry","12":"first","13":"instock","14":"taxable","15":"shipping-taxable","16":"purchasable","17":"product-type-variable"},"acf":[],"yoast_head":"<!-- This site is optimized with the Yoast SEO plugin v22.5 - https:\/\/yoast.com\/wordpress\/plugins\/seo\/ -->\n<title>Aquafolia - Cr\u00e8me Triple Action 3A - Spa Sant\u00e9 Le N\u00e9nuphar<\/title>\n<meta name=\"robots\" content=\"noindex, follow, max-snippet:-1, max-image-preview:large, max-video-preview:-1\" \/>\n<meta property=\"og:locale\" content=\"fr_CA\" \/>\n<meta property=\"og:type\" content=\"article\" \/>\n<meta property=\"og:title\" content=\"Aquafolia - Cr\u00e8me Triple Action 3A - Spa Sant\u00e9 Le N\u00e9nuphar\" \/>\n<meta property=\"og:description\" content=\"Cr\u00e8me Triple Action 3A Anti-rides, anti-rougeurs et anti-imperfections\u2020. Redonne une apparence saine de jeunesse sans irritation. Types de peaux Peaux normales \u00e0 mixtes Description Formule unique anti-rides\u2020\u00a0pour les peaux normales \u00e0 mixtes, ayant des imperfections localis\u00e9es. Hydratant\u2756\u00a0quotidien qui att\u00e9nue l\u2019apparence des rides et des ridules. Aide \u00e0 diminuer la sensation de peau grasse. Laisse la &hellip;\" \/>\n<meta property=\"og:url\" content=\"https:\/\/publissoft.dev\/spasante\/produit\/creme-triple-action-3a\/\" \/>\n<meta property=\"og:site_name\" content=\"Spa Sant\u00e9 Le N\u00e9nuphar\" \/>\n<meta property=\"article:publisher\" content=\"https:\/\/www.facebook.com\/SpaSanteLeNenuphar\" \/>\n<meta property=\"article:modified_time\" content=\"2024-04-03T17:43:12+00:00\" \/>\n<meta property=\"og:image\" content=\"https:\/\/publissoft.dev\/spasante\/wp-content\/uploads\/2022\/01\/SpaSanteLeNenuphar_Creme_30ml-scaled.jpg\" \/>\n\t<meta property=\"og:image:width\" content=\"902\" \/>\n\t<meta property=\"og:image:height\" content=\"2560\" \/>\n\t<meta property=\"og:image:type\" content=\"image\/jpeg\" \/>\n<meta name=\"twitter:card\" content=\"summary_large_image\" \/>\n<meta name=\"twitter:label1\" content=\"Estimation du temps de lecture\" \/>\n\t<meta name=\"twitter:data1\" content=\"2 minutes\" \/>\n<script type=\"application\/ld+json\" class=\"yoast-schema-graph\">{\"@context\":\"https:\/\/schema.org\",\"@graph\":[{\"@type\":\"WebPage\",\"@id\":\"https:\/\/publissoft.dev\/spasante\/produit\/creme-triple-action-3a\/\",\"url\":\"https:\/\/publissoft.dev\/spasante\/produit\/creme-triple-action-3a\/\",\"name\":\"Aquafolia - Cr\u00e8me Triple Action 3A - Spa Sant\u00e9 Le N\u00e9nuphar\",\"isPartOf\":{\"@id\":\"https:\/\/publissoft.dev\/spasante\/#website\"},\"primaryImageOfPage\":{\"@id\":\"https:\/\/publissoft.dev\/spasante\/produit\/creme-triple-action-3a\/#primaryimage\"},\"image\":{\"@id\":\"https:\/\/publissoft.dev\/spasante\/produit\/creme-triple-action-3a\/#primaryimage\"},\"thumbnailUrl\":\"https:\/\/publissoft.dev\/spasante\/wp-content\/uploads\/2022\/01\/SpaSanteLeNenuphar_Creme_30ml-scaled.jpg\",\"datePublished\":\"2022-01-27T19:34:14+00:00\",\"dateModified\":\"2024-04-03T17:43:12+00:00\",\"breadcrumb\":{\"@id\":\"https:\/\/publissoft.dev\/spasante\/produit\/creme-triple-action-3a\/#breadcrumb\"},\"inLanguage\":\"fr-CA\",\"potentialAction\":[{\"@type\":\"ReadAction\",\"target\":[\"https:\/\/publissoft.dev\/spasante\/produit\/creme-triple-action-3a\/\"]}]},{\"@type\":\"ImageObject\",\"inLanguage\":\"fr-CA\",\"@id\":\"https:\/\/publissoft.dev\/spasante\/produit\/creme-triple-action-3a\/#primaryimage\",\"url\":\"https:\/\/publissoft.dev\/spasante\/wp-content\/uploads\/2022\/01\/SpaSanteLeNenuphar_Creme_30ml-scaled.jpg\",\"contentUrl\":\"https:\/\/publissoft.dev\/spasante\/wp-content\/uploads\/2022\/01\/SpaSanteLeNenuphar_Creme_30ml-scaled.jpg\",\"width\":902,\"height\":2560},{\"@type\":\"BreadcrumbList\",\"@id\":\"https:\/\/publissoft.dev\/spasante\/produit\/creme-triple-action-3a\/#breadcrumb\",\"itemListElement\":[{\"@type\":\"ListItem\",\"position\":1,\"name\":\"Accueil\",\"item\":\"https:\/\/publissoft.dev\/spasante\/\"},{\"@type\":\"ListItem\",\"position\":2,\"name\":\"Boutique\",\"item\":\"https:\/\/publissoft.dev\/spasante\/boutique\/\"},{\"@type\":\"ListItem\",\"position\":3,\"name\":\"Aquafolia &#8211; Cr\u00e8me Triple Action 3A\"}]},{\"@type\":\"WebSite\",\"@id\":\"https:\/\/publissoft.dev\/spasante\/#website\",\"url\":\"https:\/\/publissoft.dev\/spasante\/\",\"name\":\"Spa Sant\u00e9 Le N\u00e9nuphar\",\"description\":\"\",\"publisher\":{\"@id\":\"https:\/\/publissoft.dev\/spasante\/#organization\"},\"potentialAction\":[{\"@type\":\"SearchAction\",\"target\":{\"@type\":\"EntryPoint\",\"urlTemplate\":\"https:\/\/publissoft.dev\/spasante\/?s={search_term_string}\"},\"query-input\":\"required name=search_term_string\"}],\"inLanguage\":\"fr-CA\"},{\"@type\":\"Organization\",\"@id\":\"https:\/\/publissoft.dev\/spasante\/#organization\",\"name\":\"Spa Sant\u00e9 Le N\u00e9nuphar\",\"url\":\"https:\/\/publissoft.dev\/spasante\/\",\"logo\":{\"@type\":\"ImageObject\",\"inLanguage\":\"fr-CA\",\"@id\":\"https:\/\/publissoft.dev\/spasante\/#\/schema\/logo\/image\/\",\"url\":\"https:\/\/publissoft.dev\/spasante\/wp-content\/uploads\/2022\/11\/logo-jpg.jpeg\",\"contentUrl\":\"https:\/\/publissoft.dev\/spasante\/wp-content\/uploads\/2022\/11\/logo-jpg.jpeg\",\"width\":900,\"height\":900,\"caption\":\"Spa Sant\u00e9 Le N\u00e9nuphar\"},\"image\":{\"@id\":\"https:\/\/publissoft.dev\/spasante\/#\/schema\/logo\/image\/\"},\"sameAs\":[\"https:\/\/www.facebook.com\/SpaSanteLeNenuphar\",\"https:\/\/www.instagram.com\/spasantelenenuphar\/?hl=fr\"]}]}<\/script>\n<!-- \/ Yoast SEO plugin. -->","yoast_head_json":{"title":"Aquafolia - Cr\u00e8me Triple Action 3A - Spa Sant\u00e9 Le N\u00e9nuphar","robots":{"index":"noindex","follow":"follow","max-snippet":"max-snippet:-1","max-image-preview":"max-image-preview:large","max-video-preview":"max-video-preview:-1"},"og_locale":"fr_CA","og_type":"article","og_title":"Aquafolia - Cr\u00e8me Triple Action 3A - Spa Sant\u00e9 Le N\u00e9nuphar","og_description":"Cr\u00e8me Triple Action 3A Anti-rides, anti-rougeurs et anti-imperfections\u2020. Redonne une apparence saine de jeunesse sans irritation. Types de peaux Peaux normales \u00e0 mixtes Description Formule unique anti-rides\u2020\u00a0pour les peaux normales \u00e0 mixtes, ayant des imperfections localis\u00e9es. Hydratant\u2756\u00a0quotidien qui att\u00e9nue l\u2019apparence des rides et des ridules. Aide \u00e0 diminuer la sensation de peau grasse. Laisse la &hellip;","og_url":"https:\/\/publissoft.dev\/spasante\/produit\/creme-triple-action-3a\/","og_site_name":"Spa Sant\u00e9 Le N\u00e9nuphar","article_publisher":"https:\/\/www.facebook.com\/SpaSanteLeNenuphar","article_modified_time":"2024-04-03T17:43:12+00:00","og_image":[{"width":902,"height":2560,"url":"https:\/\/publissoft.dev\/spasante\/wp-content\/uploads\/2022\/01\/SpaSanteLeNenuphar_Creme_30ml-scaled.jpg","type":"image\/jpeg"}],"twitter_card":"summary_large_image","twitter_misc":{"Estimation du temps de lecture":"2 minutes"},"schema":{"@context":"https:\/\/schema.org","@graph":[{"@type":"WebPage","@id":"https:\/\/publissoft.dev\/spasante\/produit\/creme-triple-action-3a\/","url":"https:\/\/publissoft.dev\/spasante\/produit\/creme-triple-action-3a\/","name":"Aquafolia - Cr\u00e8me Triple Action 3A - Spa Sant\u00e9 Le N\u00e9nuphar","isPartOf":{"@id":"https:\/\/publissoft.dev\/spasante\/#website"},"primaryImageOfPage":{"@id":"https:\/\/publissoft.dev\/spasante\/produit\/creme-triple-action-3a\/#primaryimage"},"image":{"@id":"https:\/\/publissoft.dev\/spasante\/produit\/creme-triple-action-3a\/#primaryimage"},"thumbnailUrl":"https:\/\/publissoft.dev\/spasante\/wp-content\/uploads\/2022\/01\/SpaSanteLeNenuphar_Creme_30ml-scaled.jpg","datePublished":"2022-01-27T19:34:14+00:00","dateModified":"2024-04-03T17:43:12+00:00","breadcrumb":{"@id":"https:\/\/publissoft.dev\/spasante\/produit\/creme-triple-action-3a\/#breadcrumb"},"inLanguage":"fr-CA","potentialAction":[{"@type":"ReadAction","target":["https:\/\/publissoft.dev\/spasante\/produit\/creme-triple-action-3a\/"]}]},{"@type":"ImageObject","inLanguage":"fr-CA","@id":"https:\/\/publissoft.dev\/spasante\/produit\/creme-triple-action-3a\/#primaryimage","url":"https:\/\/publissoft.dev\/spasante\/wp-content\/uploads\/2022\/01\/SpaSanteLeNenuphar_Creme_30ml-scaled.jpg","contentUrl":"https:\/\/publissoft.dev\/spasante\/wp-content\/uploads\/2022\/01\/SpaSanteLeNenuphar_Creme_30ml-scaled.jpg","width":902,"height":2560},{"@type":"BreadcrumbList","@id":"https:\/\/publissoft.dev\/spasante\/produit\/creme-triple-action-3a\/#breadcrumb","itemListElement":[{"@type":"ListItem","position":1,"name":"Accueil","item":"https:\/\/publissoft.dev\/spasante\/"},{"@type":"ListItem","position":2,"name":"Boutique","item":"https:\/\/publissoft.dev\/spasante\/boutique\/"},{"@type":"ListItem","position":3,"name":"Aquafolia &#8211; Cr\u00e8me Triple Action 3A"}]},{"@type":"WebSite","@id":"https:\/\/publissoft.dev\/spasante\/#website","url":"https:\/\/publissoft.dev\/spasante\/","name":"Spa Sant\u00e9 Le N\u00e9nuphar","description":"","publisher":{"@id":"https:\/\/publissoft.dev\/spasante\/#organization"},"potentialAction":[{"@type":"SearchAction","target":{"@type":"EntryPoint","urlTemplate":"https:\/\/publissoft.dev\/spasante\/?s={search_term_string}"},"query-input":"required name=search_term_string"}],"inLanguage":"fr-CA"},{"@type":"Organization","@id":"https:\/\/publissoft.dev\/spasante\/#organization","name":"Spa Sant\u00e9 Le N\u00e9nuphar","url":"https:\/\/publissoft.dev\/spasante\/","logo":{"@type":"ImageObject","inLanguage":"fr-CA","@id":"https:\/\/publissoft.dev\/spasante\/#\/schema\/logo\/image\/","url":"https:\/\/publissoft.dev\/spasante\/wp-content\/uploads\/2022\/11\/logo-jpg.jpeg","contentUrl":"https:\/\/publissoft.dev\/spasante\/wp-content\/uploads\/2022\/11\/logo-jpg.jpeg","width":900,"height":900,"caption":"Spa Sant\u00e9 Le N\u00e9nuphar"},"image":{"@id":"https:\/\/publissoft.dev\/spasante\/#\/schema\/logo\/image\/"},"sameAs":["https:\/\/www.facebook.com\/SpaSanteLeNenuphar","https:\/\/www.instagram.com\/spasantelenenuphar\/?hl=fr"]}]}},"_links":{"self":[{"href":"https:\/\/publissoft.dev\/spasante\/wp-json\/wp\/v2\/product\/288","targetHints":{"allow":["GET"]}}],"collection":[{"href":"https:\/\/publissoft.dev\/spasante\/wp-json\/wp\/v2\/product"}],"about":[{"href":"https:\/\/publissoft.dev\/spasante\/wp-json\/wp\/v2\/types\/product"}],"wp:featuredmedia":[{"embeddable":true,"href":"https:\/\/publissoft.dev\/spasante\/wp-json\/wp\/v2\/media\/330"}],"wp:attachment":[{"href":"https:\/\/publissoft.dev\/spasante\/wp-json\/wp\/v2\/media?parent=288"}],"wp:term":[{"taxonomy":"product_cat","embeddable":true,"href":"https:\/\/publissoft.dev\/spasante\/wp-json\/wp\/v2\/product_cat?post=288"},{"taxonomy":"product_tag","embeddable":true,"href":"https:\/\/publissoft.dev\/spasante\/wp-json\/wp\/v2\/product_tag?post=288"},{"taxonomy":"giftcard-category","embeddable":true,"href":"https:\/\/publissoft.dev\/spasante\/wp-json\/wp\/v2\/giftcard-category?post=288"}],"curies":[{"name":"wp","href":"https:\/\/api.w.org\/{rel}","templated":true}]}}