{"id":292,"date":"2022-01-27T14:34:15","date_gmt":"2022-01-27T19:34:15","guid":{"rendered":"https:\/\/publissoft.dev\/spasante\/produit\/creme-visage-et-corps-fps-35\/"},"modified":"2024-04-22T10:54:04","modified_gmt":"2024-04-22T14:54:04","slug":"creme-visage-et-corps-fps-35-spa-sante-le-nenuphar","status":"publish","type":"product","link":"https:\/\/publissoft.dev\/spasante\/produit\/creme-visage-et-corps-fps-35-spa-sante-le-nenuphar\/","title":{"rendered":"Aquafolia &#8211; Cr\u00e8me Visage et Corps FPS 35"},"content":{"rendered":"<div data-mce-fragment=\"1\">\n<h3 data-mce-fragment=\"1\">Cr\u00e8me Visage et Corps FPS 35 180ml<\/h3>\n<\/div>\n<div data-mce-fragment=\"1\">\n<div data-mce-fragment=\"1\">\n<p data-mce-fragment=\"1\">Cr\u00e8me Visage et Corps FPS 35 Protections solaire \u00e0 large spectre non grasse formul\u00e9 de filtres, d\u2019\u00e9cran min\u00e9ral, de th\u00e9 noir et d\u2019huile de jojoba. Hydratante et nourrissante elle est parfaite pour lutter contre le vieillissement pr\u00e9matur\u00e9 de la peau.<\/p>\n<\/div>\n<\/div>\n<div data-mce-fragment=\"1\"><span data-mce-fragment=\"1\">Types de peaux<\/span><\/p>\n<div data-mce-fragment=\"1\">Tous types de peau<\/div>\n<\/div>\n<div data-mce-fragment=\"1\"><span data-mce-fragment=\"1\">Description<\/span><\/p>\n<div data-mce-fragment=\"1\">\n<p data-mce-fragment=\"1\">Cr\u00e8me Visage et Corps FPS 35 Protections solaire \u00e0 large spectre non grasse formul\u00e9 de filtres, d\u2019\u00e9cran min\u00e9ral, de th\u00e9 noir et d\u2019huile de jojoba. Hydratante et nourrisante elle est parfaite pour lutter contre le vieillissement pr\u00e9matur\u00e9 de la peau.<\/p>\n<\/div>\n<\/div>\n<div data-mce-fragment=\"1\"><span data-mce-fragment=\"1\">Caract\u00e9ristiques et fonctions du produit<\/span><\/p>\n<div data-mce-fragment=\"1\">\n<p data-mce-fragment=\"1\">Produit solaire \u00e0 protection large spectre. Cr\u00e8me non-grasse r\u00e9sistante \u00e0 l\u2019eau.<\/p>\n<\/div>\n<\/div>\n<div data-mce-fragment=\"1\"><span data-mce-fragment=\"1\">Mode d&#8217;emploi<\/span><\/p>\n<div data-mce-fragment=\"1\">\n<p data-mce-fragment=\"1\">Appliquer seul ou par-dessus le s\u00e9rum et\/ou la cr\u00e8me de jour. Appliquer g\u00e9n\u00e9reusement avant l\u2019exposition au soleil. Appliquer de nouveau aux deux heures ou au besoin, apr\u00e8s la baignade, le bain, le s\u00e9chage \u00e0 la serviette ou apr\u00e8s avoir transpir\u00e9 abondamment. Pr\u00e9cautions : \u00c9viter tout contact avec les yeux. Le cas \u00e9ch\u00e9ant, rincer abondamment avec de l\u2019eau.<\/p>\n<\/div>\n<\/div>\n<div data-mce-fragment=\"1\"><span data-mce-fragment=\"1\">Ingr\u00e9dients choisis<\/span><\/p>\n<div data-mce-fragment=\"1\">\n<ul data-mce-fragment=\"1\">\n<li data-mce-fragment=\"1\">Octocryl\u00e8ne 8 %<\/li>\n<li data-mce-fragment=\"1\">Oxyde de zinc (Zinclear) 7,6 %<\/li>\n<li data-mce-fragment=\"1\">Octisalate 5%<\/li>\n<li data-mce-fragment=\"1\">Acide sulfonique ph\u00e9nylbenzimidazole 3 %<\/li>\n<li data-mce-fragment=\"1\">Dioxyde de titane 1 %<\/li>\n<\/ul>\n<\/div>\n<\/div>\n","protected":false},"excerpt":{"rendered":"<p>Cr\u00e8me Visage et Corps FPS 35 180ml Cr\u00e8me Visage et Corps FPS 35 Protections solaire \u00e0 large spectre non grasse formul\u00e9 de filtres, d\u2019\u00e9cran min\u00e9ral, de th\u00e9 noir et d\u2019huile de jojoba. Hydratante et nourrissante elle est parfaite pour lutter contre le vieillissement pr\u00e9matur\u00e9 de la peau. Types de peaux Tous types de peau Description &hellip;<\/p>\n","protected":false},"featured_media":334,"template":"","meta":{"_acf_changed":false,"_genesis_hide_title":false,"_genesis_hide_breadcrumbs":false,"_genesis_hide_singular_image":false,"_genesis_hide_footer_widgets":false,"_genesis_custom_body_class":"","_genesis_custom_post_class":"","_genesis_layout":""},"product_cat":[53,37,18,46],"product_tag":[],"giftcard-category":[],"class_list":{"0":"post-292","1":"product","2":"type-product","3":"status-publish","4":"has-post-thumbnail","6":"product_cat-gift-card","7":"product_cat-produits","8":"product_cat-aquafolia","9":"product_cat-tous","10":"entry","12":"first","13":"instock","14":"taxable","15":"shipping-taxable","16":"purchasable","17":"product-type-simple"},"acf":[],"yoast_head":"<!-- This site is optimized with the Yoast SEO plugin v22.5 - https:\/\/yoast.com\/wordpress\/plugins\/seo\/ -->\n<title>Aquafolia - Cr\u00e8me Visage et Corps FPS 35 - Spa Sant\u00e9 Le N\u00e9nuphar<\/title>\n<meta name=\"description\" content=\"Cr\u00e8me Visage et Corps SPF 35 - Hydratante et nourrissante, elle est parfaite pour lutter contre le vieillissement pr\u00e9matur\u00e9 de la peau. Plus de d\u00e9tails ici.\" \/>\n<meta name=\"robots\" content=\"noindex, follow, max-snippet:-1, max-image-preview:large, max-video-preview:-1\" \/>\n<meta property=\"og:locale\" content=\"fr_CA\" \/>\n<meta property=\"og:type\" content=\"article\" \/>\n<meta property=\"og:title\" content=\"Aquafolia - Cr\u00e8me Visage et Corps FPS 35 - Spa Sant\u00e9 Le N\u00e9nuphar\" \/>\n<meta property=\"og:description\" content=\"Cr\u00e8me Visage et Corps SPF 35 - Hydratante et nourrissante, elle est parfaite pour lutter contre le vieillissement pr\u00e9matur\u00e9 de la peau. Plus de d\u00e9tails ici.\" \/>\n<meta property=\"og:url\" content=\"https:\/\/publissoft.dev\/spasante\/produit\/creme-visage-et-corps-fps-35-spa-sante-le-nenuphar\/\" \/>\n<meta property=\"og:site_name\" content=\"Spa Sant\u00e9 Le N\u00e9nuphar\" \/>\n<meta property=\"article:publisher\" content=\"https:\/\/www.facebook.com\/SpaSanteLeNenuphar\" \/>\n<meta property=\"article:modified_time\" content=\"2024-04-22T14:54:04+00:00\" \/>\n<meta property=\"og:image\" content=\"https:\/\/publissoft.dev\/spasante\/wp-content\/uploads\/2022\/01\/photo_Soleil_Creme_Visage_Corps_FPS35_180ml-scaled.jpg\" \/>\n\t<meta property=\"og:image:width\" content=\"1501\" \/>\n\t<meta property=\"og:image:height\" content=\"2560\" \/>\n\t<meta property=\"og:image:type\" content=\"image\/jpeg\" \/>\n<meta name=\"twitter:card\" content=\"summary_large_image\" \/>\n<meta name=\"twitter:label1\" content=\"Estimation du temps de lecture\" \/>\n\t<meta name=\"twitter:data1\" content=\"2 minutes\" \/>\n<script type=\"application\/ld+json\" class=\"yoast-schema-graph\">{\"@context\":\"https:\/\/schema.org\",\"@graph\":[{\"@type\":\"WebPage\",\"@id\":\"https:\/\/publissoft.dev\/spasante\/produit\/creme-visage-et-corps-fps-35-spa-sante-le-nenuphar\/\",\"url\":\"https:\/\/publissoft.dev\/spasante\/produit\/creme-visage-et-corps-fps-35-spa-sante-le-nenuphar\/\",\"name\":\"Aquafolia - Cr\u00e8me Visage et Corps FPS 35 - Spa Sant\u00e9 Le N\u00e9nuphar\",\"isPartOf\":{\"@id\":\"https:\/\/publissoft.dev\/spasante\/#website\"},\"primaryImageOfPage\":{\"@id\":\"https:\/\/publissoft.dev\/spasante\/produit\/creme-visage-et-corps-fps-35-spa-sante-le-nenuphar\/#primaryimage\"},\"image\":{\"@id\":\"https:\/\/publissoft.dev\/spasante\/produit\/creme-visage-et-corps-fps-35-spa-sante-le-nenuphar\/#primaryimage\"},\"thumbnailUrl\":\"https:\/\/publissoft.dev\/spasante\/wp-content\/uploads\/2022\/01\/photo_Soleil_Creme_Visage_Corps_FPS35_180ml-scaled.jpg\",\"datePublished\":\"2022-01-27T19:34:15+00:00\",\"dateModified\":\"2024-04-22T14:54:04+00:00\",\"description\":\"Cr\u00e8me Visage et Corps SPF 35 - Hydratante et nourrissante, elle est parfaite pour lutter contre le vieillissement pr\u00e9matur\u00e9 de la peau. Plus de d\u00e9tails ici.\",\"breadcrumb\":{\"@id\":\"https:\/\/publissoft.dev\/spasante\/produit\/creme-visage-et-corps-fps-35-spa-sante-le-nenuphar\/#breadcrumb\"},\"inLanguage\":\"fr-CA\",\"potentialAction\":[{\"@type\":\"ReadAction\",\"target\":[\"https:\/\/publissoft.dev\/spasante\/produit\/creme-visage-et-corps-fps-35-spa-sante-le-nenuphar\/\"]}]},{\"@type\":\"ImageObject\",\"inLanguage\":\"fr-CA\",\"@id\":\"https:\/\/publissoft.dev\/spasante\/produit\/creme-visage-et-corps-fps-35-spa-sante-le-nenuphar\/#primaryimage\",\"url\":\"https:\/\/publissoft.dev\/spasante\/wp-content\/uploads\/2022\/01\/photo_Soleil_Creme_Visage_Corps_FPS35_180ml-scaled.jpg\",\"contentUrl\":\"https:\/\/publissoft.dev\/spasante\/wp-content\/uploads\/2022\/01\/photo_Soleil_Creme_Visage_Corps_FPS35_180ml-scaled.jpg\",\"width\":1501,\"height\":2560},{\"@type\":\"BreadcrumbList\",\"@id\":\"https:\/\/publissoft.dev\/spasante\/produit\/creme-visage-et-corps-fps-35-spa-sante-le-nenuphar\/#breadcrumb\",\"itemListElement\":[{\"@type\":\"ListItem\",\"position\":1,\"name\":\"Accueil\",\"item\":\"https:\/\/publissoft.dev\/spasante\/\"},{\"@type\":\"ListItem\",\"position\":2,\"name\":\"Boutique\",\"item\":\"https:\/\/publissoft.dev\/spasante\/boutique\/\"},{\"@type\":\"ListItem\",\"position\":3,\"name\":\"Aquafolia &#8211; Cr\u00e8me Visage et Corps FPS 35\"}]},{\"@type\":\"WebSite\",\"@id\":\"https:\/\/publissoft.dev\/spasante\/#website\",\"url\":\"https:\/\/publissoft.dev\/spasante\/\",\"name\":\"Spa Sant\u00e9 Le N\u00e9nuphar\",\"description\":\"\",\"publisher\":{\"@id\":\"https:\/\/publissoft.dev\/spasante\/#organization\"},\"potentialAction\":[{\"@type\":\"SearchAction\",\"target\":{\"@type\":\"EntryPoint\",\"urlTemplate\":\"https:\/\/publissoft.dev\/spasante\/?s={search_term_string}\"},\"query-input\":\"required name=search_term_string\"}],\"inLanguage\":\"fr-CA\"},{\"@type\":\"Organization\",\"@id\":\"https:\/\/publissoft.dev\/spasante\/#organization\",\"name\":\"Spa Sant\u00e9 Le N\u00e9nuphar\",\"url\":\"https:\/\/publissoft.dev\/spasante\/\",\"logo\":{\"@type\":\"ImageObject\",\"inLanguage\":\"fr-CA\",\"@id\":\"https:\/\/publissoft.dev\/spasante\/#\/schema\/logo\/image\/\",\"url\":\"https:\/\/publissoft.dev\/spasante\/wp-content\/uploads\/2022\/11\/logo-jpg.jpeg\",\"contentUrl\":\"https:\/\/publissoft.dev\/spasante\/wp-content\/uploads\/2022\/11\/logo-jpg.jpeg\",\"width\":900,\"height\":900,\"caption\":\"Spa Sant\u00e9 Le N\u00e9nuphar\"},\"image\":{\"@id\":\"https:\/\/publissoft.dev\/spasante\/#\/schema\/logo\/image\/\"},\"sameAs\":[\"https:\/\/www.facebook.com\/SpaSanteLeNenuphar\",\"https:\/\/www.instagram.com\/spasantelenenuphar\/?hl=fr\"]}]}<\/script>\n<!-- \/ Yoast SEO plugin. -->","yoast_head_json":{"title":"Aquafolia - Cr\u00e8me Visage et Corps FPS 35 - Spa Sant\u00e9 Le N\u00e9nuphar","description":"Cr\u00e8me Visage et Corps SPF 35 - Hydratante et nourrissante, elle est parfaite pour lutter contre le vieillissement pr\u00e9matur\u00e9 de la peau. Plus de d\u00e9tails ici.","robots":{"index":"noindex","follow":"follow","max-snippet":"max-snippet:-1","max-image-preview":"max-image-preview:large","max-video-preview":"max-video-preview:-1"},"og_locale":"fr_CA","og_type":"article","og_title":"Aquafolia - Cr\u00e8me Visage et Corps FPS 35 - Spa Sant\u00e9 Le N\u00e9nuphar","og_description":"Cr\u00e8me Visage et Corps SPF 35 - Hydratante et nourrissante, elle est parfaite pour lutter contre le vieillissement pr\u00e9matur\u00e9 de la peau. Plus de d\u00e9tails ici.","og_url":"https:\/\/publissoft.dev\/spasante\/produit\/creme-visage-et-corps-fps-35-spa-sante-le-nenuphar\/","og_site_name":"Spa Sant\u00e9 Le N\u00e9nuphar","article_publisher":"https:\/\/www.facebook.com\/SpaSanteLeNenuphar","article_modified_time":"2024-04-22T14:54:04+00:00","og_image":[{"width":1501,"height":2560,"url":"https:\/\/publissoft.dev\/spasante\/wp-content\/uploads\/2022\/01\/photo_Soleil_Creme_Visage_Corps_FPS35_180ml-scaled.jpg","type":"image\/jpeg"}],"twitter_card":"summary_large_image","twitter_misc":{"Estimation du temps de lecture":"2 minutes"},"schema":{"@context":"https:\/\/schema.org","@graph":[{"@type":"WebPage","@id":"https:\/\/publissoft.dev\/spasante\/produit\/creme-visage-et-corps-fps-35-spa-sante-le-nenuphar\/","url":"https:\/\/publissoft.dev\/spasante\/produit\/creme-visage-et-corps-fps-35-spa-sante-le-nenuphar\/","name":"Aquafolia - Cr\u00e8me Visage et Corps FPS 35 - Spa Sant\u00e9 Le N\u00e9nuphar","isPartOf":{"@id":"https:\/\/publissoft.dev\/spasante\/#website"},"primaryImageOfPage":{"@id":"https:\/\/publissoft.dev\/spasante\/produit\/creme-visage-et-corps-fps-35-spa-sante-le-nenuphar\/#primaryimage"},"image":{"@id":"https:\/\/publissoft.dev\/spasante\/produit\/creme-visage-et-corps-fps-35-spa-sante-le-nenuphar\/#primaryimage"},"thumbnailUrl":"https:\/\/publissoft.dev\/spasante\/wp-content\/uploads\/2022\/01\/photo_Soleil_Creme_Visage_Corps_FPS35_180ml-scaled.jpg","datePublished":"2022-01-27T19:34:15+00:00","dateModified":"2024-04-22T14:54:04+00:00","description":"Cr\u00e8me Visage et Corps SPF 35 - Hydratante et nourrissante, elle est parfaite pour lutter contre le vieillissement pr\u00e9matur\u00e9 de la peau. Plus de d\u00e9tails ici.","breadcrumb":{"@id":"https:\/\/publissoft.dev\/spasante\/produit\/creme-visage-et-corps-fps-35-spa-sante-le-nenuphar\/#breadcrumb"},"inLanguage":"fr-CA","potentialAction":[{"@type":"ReadAction","target":["https:\/\/publissoft.dev\/spasante\/produit\/creme-visage-et-corps-fps-35-spa-sante-le-nenuphar\/"]}]},{"@type":"ImageObject","inLanguage":"fr-CA","@id":"https:\/\/publissoft.dev\/spasante\/produit\/creme-visage-et-corps-fps-35-spa-sante-le-nenuphar\/#primaryimage","url":"https:\/\/publissoft.dev\/spasante\/wp-content\/uploads\/2022\/01\/photo_Soleil_Creme_Visage_Corps_FPS35_180ml-scaled.jpg","contentUrl":"https:\/\/publissoft.dev\/spasante\/wp-content\/uploads\/2022\/01\/photo_Soleil_Creme_Visage_Corps_FPS35_180ml-scaled.jpg","width":1501,"height":2560},{"@type":"BreadcrumbList","@id":"https:\/\/publissoft.dev\/spasante\/produit\/creme-visage-et-corps-fps-35-spa-sante-le-nenuphar\/#breadcrumb","itemListElement":[{"@type":"ListItem","position":1,"name":"Accueil","item":"https:\/\/publissoft.dev\/spasante\/"},{"@type":"ListItem","position":2,"name":"Boutique","item":"https:\/\/publissoft.dev\/spasante\/boutique\/"},{"@type":"ListItem","position":3,"name":"Aquafolia &#8211; Cr\u00e8me Visage et Corps FPS 35"}]},{"@type":"WebSite","@id":"https:\/\/publissoft.dev\/spasante\/#website","url":"https:\/\/publissoft.dev\/spasante\/","name":"Spa Sant\u00e9 Le N\u00e9nuphar","description":"","publisher":{"@id":"https:\/\/publissoft.dev\/spasante\/#organization"},"potentialAction":[{"@type":"SearchAction","target":{"@type":"EntryPoint","urlTemplate":"https:\/\/publissoft.dev\/spasante\/?s={search_term_string}"},"query-input":"required name=search_term_string"}],"inLanguage":"fr-CA"},{"@type":"Organization","@id":"https:\/\/publissoft.dev\/spasante\/#organization","name":"Spa Sant\u00e9 Le N\u00e9nuphar","url":"https:\/\/publissoft.dev\/spasante\/","logo":{"@type":"ImageObject","inLanguage":"fr-CA","@id":"https:\/\/publissoft.dev\/spasante\/#\/schema\/logo\/image\/","url":"https:\/\/publissoft.dev\/spasante\/wp-content\/uploads\/2022\/11\/logo-jpg.jpeg","contentUrl":"https:\/\/publissoft.dev\/spasante\/wp-content\/uploads\/2022\/11\/logo-jpg.jpeg","width":900,"height":900,"caption":"Spa Sant\u00e9 Le N\u00e9nuphar"},"image":{"@id":"https:\/\/publissoft.dev\/spasante\/#\/schema\/logo\/image\/"},"sameAs":["https:\/\/www.facebook.com\/SpaSanteLeNenuphar","https:\/\/www.instagram.com\/spasantelenenuphar\/?hl=fr"]}]}},"_links":{"self":[{"href":"https:\/\/publissoft.dev\/spasante\/wp-json\/wp\/v2\/product\/292","targetHints":{"allow":["GET"]}}],"collection":[{"href":"https:\/\/publissoft.dev\/spasante\/wp-json\/wp\/v2\/product"}],"about":[{"href":"https:\/\/publissoft.dev\/spasante\/wp-json\/wp\/v2\/types\/product"}],"wp:featuredmedia":[{"embeddable":true,"href":"https:\/\/publissoft.dev\/spasante\/wp-json\/wp\/v2\/media\/334"}],"wp:attachment":[{"href":"https:\/\/publissoft.dev\/spasante\/wp-json\/wp\/v2\/media?parent=292"}],"wp:term":[{"taxonomy":"product_cat","embeddable":true,"href":"https:\/\/publissoft.dev\/spasante\/wp-json\/wp\/v2\/product_cat?post=292"},{"taxonomy":"product_tag","embeddable":true,"href":"https:\/\/publissoft.dev\/spasante\/wp-json\/wp\/v2\/product_tag?post=292"},{"taxonomy":"giftcard-category","embeddable":true,"href":"https:\/\/publissoft.dev\/spasante\/wp-json\/wp\/v2\/giftcard-category?post=292"}],"curies":[{"name":"wp","href":"https:\/\/api.w.org\/{rel}","templated":true}]}}