{"id":2988,"date":"2022-06-22T12:47:01","date_gmt":"2022-06-22T16:47:01","guid":{"rendered":"https:\/\/publissoft.dev\/spasante\/?post_type=product&#038;p=2988"},"modified":"2022-11-15T15:56:26","modified_gmt":"2022-11-15T20:56:26","slug":"nuda-serum-autobronzant-dacide-hyaluronique","status":"publish","type":"product","link":"https:\/\/publissoft.dev\/spasante\/produit\/nuda-serum-autobronzant-dacide-hyaluronique\/","title":{"rendered":"Nuda &#8211; S\u00e9rum autobronzant d&#8217;acide hyaluronique"},"content":{"rendered":"<div class=\"-description t-cms\">Am\u00e9liorez votre routine de soins du visage avec notre nouveau s\u00e9rum autobronzant \u00e0 l\u2019acide hyaluronique! Un s\u00e9rum autobronzant graduel et ultra-hydratant formul\u00e9 pour un usage quotidien. Enrichi d\u2019antioxydants et de vitamine E, notre s\u00e9rum l\u00e9ger offre une fragrance douce et rafraichissante de th\u00e9 blanc et d\u2019alo\u00e8s, il nourrit et illumine la peau tout en offrant un sublime teint bronz\u00e9.<\/div>\n<div class=\"-price\">\n<div class=\"o-price__regular\">30ml<\/div>\n<\/div>\n","protected":false},"excerpt":{"rendered":"<p>Am\u00e9liorez votre routine de soins du visage avec notre nouveau s\u00e9rum autobronzant \u00e0 l\u2019acide hyaluronique! Un s\u00e9rum autobronzant graduel et ultra-hydratant formul\u00e9 pour un usage quotidien. Enrichi d\u2019antioxydants et de vitamine E, notre s\u00e9rum l\u00e9ger offre une fragrance douce et rafraichissante de th\u00e9 blanc et d\u2019alo\u00e8s, il nourrit et illumine la peau tout en offrant &hellip;<\/p>\n","protected":false},"featured_media":3456,"template":"","meta":{"_acf_changed":false,"_genesis_hide_title":false,"_genesis_hide_breadcrumbs":false,"_genesis_hide_singular_image":false,"_genesis_hide_footer_widgets":false,"_genesis_custom_body_class":"","_genesis_custom_post_class":"","_genesis_layout":""},"product_cat":[37,35],"product_tag":[],"giftcard-category":[],"class_list":{"0":"post-2988","1":"product","2":"type-product","3":"status-publish","4":"has-post-thumbnail","6":"product_cat-produits","7":"product_cat-nuda","8":"entry","10":"first","11":"instock","12":"taxable","13":"shipping-taxable","14":"purchasable","15":"product-type-simple"},"acf":[],"yoast_head":"<!-- This site is optimized with the Yoast SEO plugin v22.5 - https:\/\/yoast.com\/wordpress\/plugins\/seo\/ -->\n<title>Nuda - S\u00e9rum autobronzant d&#039;acide hyaluronique - Spa Sant\u00e9 Le N\u00e9nuphar<\/title>\n<meta name=\"description\" content=\"Am\u00e9liorez votre routine de soins du visage avec notre nouveau s\u00e9rum autobronzant \u00e0 l\u2019acide hyaluronique! Un s\u00e9rum autobronzant graduel et ultra-hydratant formul\u00e9 pour un usage quotidien. Enrichi d\u2019antioxydants et de vitamine E, notre s\u00e9rum l\u00e9ger offre une fragrance douce et rafraichissante de th\u00e9 blanc et d\u2019alo\u00e8s, il nourrit et illumine la peau tout en offrant un sublime teint bronz\u00e9.\" \/>\n<meta name=\"robots\" content=\"noindex, follow, max-snippet:-1, max-image-preview:large, max-video-preview:-1\" \/>\n<meta property=\"og:locale\" content=\"fr_CA\" \/>\n<meta property=\"og:type\" content=\"article\" \/>\n<meta property=\"og:title\" content=\"Nuda - S\u00e9rum autobronzant d&#039;acide hyaluronique - Spa Sant\u00e9 Le N\u00e9nuphar\" \/>\n<meta property=\"og:description\" content=\"Am\u00e9liorez votre routine de soins du visage avec notre nouveau s\u00e9rum autobronzant \u00e0 l\u2019acide hyaluronique! Un s\u00e9rum autobronzant graduel et ultra-hydratant formul\u00e9 pour un usage quotidien. Enrichi d\u2019antioxydants et de vitamine E, notre s\u00e9rum l\u00e9ger offre une fragrance douce et rafraichissante de th\u00e9 blanc et d\u2019alo\u00e8s, il nourrit et illumine la peau tout en offrant un sublime teint bronz\u00e9.\" \/>\n<meta property=\"og:url\" content=\"https:\/\/publissoft.dev\/spasante\/produit\/nuda-serum-autobronzant-dacide-hyaluronique\/\" \/>\n<meta property=\"og:site_name\" content=\"Spa Sant\u00e9 Le N\u00e9nuphar\" \/>\n<meta property=\"article:publisher\" content=\"https:\/\/www.facebook.com\/SpaSanteLeNenuphar\" \/>\n<meta property=\"article:modified_time\" content=\"2022-11-15T20:56:26+00:00\" \/>\n<meta property=\"og:image\" content=\"https:\/\/publissoft.dev\/spasante\/wp-content\/uploads\/2022\/06\/serum-auto-bronzant.jpg\" \/>\n\t<meta property=\"og:image:width\" content=\"557\" \/>\n\t<meta property=\"og:image:height\" content=\"675\" \/>\n\t<meta property=\"og:image:type\" content=\"image\/jpeg\" \/>\n<meta name=\"twitter:card\" content=\"summary_large_image\" \/>\n<meta name=\"twitter:label1\" content=\"Estimation du temps de lecture\" \/>\n\t<meta name=\"twitter:data1\" content=\"1 minute\" \/>\n<script type=\"application\/ld+json\" class=\"yoast-schema-graph\">{\"@context\":\"https:\/\/schema.org\",\"@graph\":[{\"@type\":\"WebPage\",\"@id\":\"https:\/\/publissoft.dev\/spasante\/produit\/nuda-serum-autobronzant-dacide-hyaluronique\/\",\"url\":\"https:\/\/publissoft.dev\/spasante\/produit\/nuda-serum-autobronzant-dacide-hyaluronique\/\",\"name\":\"Nuda - S\u00e9rum autobronzant d'acide hyaluronique - Spa Sant\u00e9 Le N\u00e9nuphar\",\"isPartOf\":{\"@id\":\"https:\/\/publissoft.dev\/spasante\/#website\"},\"primaryImageOfPage\":{\"@id\":\"https:\/\/publissoft.dev\/spasante\/produit\/nuda-serum-autobronzant-dacide-hyaluronique\/#primaryimage\"},\"image\":{\"@id\":\"https:\/\/publissoft.dev\/spasante\/produit\/nuda-serum-autobronzant-dacide-hyaluronique\/#primaryimage\"},\"thumbnailUrl\":\"https:\/\/publissoft.dev\/spasante\/wp-content\/uploads\/2022\/06\/serum-auto-bronzant.jpg\",\"datePublished\":\"2022-06-22T16:47:01+00:00\",\"dateModified\":\"2022-11-15T20:56:26+00:00\",\"description\":\"Am\u00e9liorez votre routine de soins du visage avec notre nouveau s\u00e9rum autobronzant \u00e0 l\u2019acide hyaluronique! Un s\u00e9rum autobronzant graduel et ultra-hydratant formul\u00e9 pour un usage quotidien. Enrichi d\u2019antioxydants et de vitamine E, notre s\u00e9rum l\u00e9ger offre une fragrance douce et rafraichissante de th\u00e9 blanc et d\u2019alo\u00e8s, il nourrit et illumine la peau tout en offrant un sublime teint bronz\u00e9.\",\"breadcrumb\":{\"@id\":\"https:\/\/publissoft.dev\/spasante\/produit\/nuda-serum-autobronzant-dacide-hyaluronique\/#breadcrumb\"},\"inLanguage\":\"fr-CA\",\"potentialAction\":[{\"@type\":\"ReadAction\",\"target\":[\"https:\/\/publissoft.dev\/spasante\/produit\/nuda-serum-autobronzant-dacide-hyaluronique\/\"]}]},{\"@type\":\"ImageObject\",\"inLanguage\":\"fr-CA\",\"@id\":\"https:\/\/publissoft.dev\/spasante\/produit\/nuda-serum-autobronzant-dacide-hyaluronique\/#primaryimage\",\"url\":\"https:\/\/publissoft.dev\/spasante\/wp-content\/uploads\/2022\/06\/serum-auto-bronzant.jpg\",\"contentUrl\":\"https:\/\/publissoft.dev\/spasante\/wp-content\/uploads\/2022\/06\/serum-auto-bronzant.jpg\",\"width\":557,\"height\":675},{\"@type\":\"BreadcrumbList\",\"@id\":\"https:\/\/publissoft.dev\/spasante\/produit\/nuda-serum-autobronzant-dacide-hyaluronique\/#breadcrumb\",\"itemListElement\":[{\"@type\":\"ListItem\",\"position\":1,\"name\":\"Accueil\",\"item\":\"https:\/\/publissoft.dev\/spasante\/\"},{\"@type\":\"ListItem\",\"position\":2,\"name\":\"Boutique\",\"item\":\"https:\/\/publissoft.dev\/spasante\/boutique\/\"},{\"@type\":\"ListItem\",\"position\":3,\"name\":\"Nuda &#8211; S\u00e9rum autobronzant d&#8217;acide hyaluronique\"}]},{\"@type\":\"WebSite\",\"@id\":\"https:\/\/publissoft.dev\/spasante\/#website\",\"url\":\"https:\/\/publissoft.dev\/spasante\/\",\"name\":\"Spa Sant\u00e9 Le N\u00e9nuphar\",\"description\":\"\",\"publisher\":{\"@id\":\"https:\/\/publissoft.dev\/spasante\/#organization\"},\"potentialAction\":[{\"@type\":\"SearchAction\",\"target\":{\"@type\":\"EntryPoint\",\"urlTemplate\":\"https:\/\/publissoft.dev\/spasante\/?s={search_term_string}\"},\"query-input\":\"required name=search_term_string\"}],\"inLanguage\":\"fr-CA\"},{\"@type\":\"Organization\",\"@id\":\"https:\/\/publissoft.dev\/spasante\/#organization\",\"name\":\"Spa Sant\u00e9 Le N\u00e9nuphar\",\"url\":\"https:\/\/publissoft.dev\/spasante\/\",\"logo\":{\"@type\":\"ImageObject\",\"inLanguage\":\"fr-CA\",\"@id\":\"https:\/\/publissoft.dev\/spasante\/#\/schema\/logo\/image\/\",\"url\":\"https:\/\/publissoft.dev\/spasante\/wp-content\/uploads\/2022\/11\/logo-jpg.jpeg\",\"contentUrl\":\"https:\/\/publissoft.dev\/spasante\/wp-content\/uploads\/2022\/11\/logo-jpg.jpeg\",\"width\":900,\"height\":900,\"caption\":\"Spa Sant\u00e9 Le N\u00e9nuphar\"},\"image\":{\"@id\":\"https:\/\/publissoft.dev\/spasante\/#\/schema\/logo\/image\/\"},\"sameAs\":[\"https:\/\/www.facebook.com\/SpaSanteLeNenuphar\",\"https:\/\/www.instagram.com\/spasantelenenuphar\/?hl=fr\"]}]}<\/script>\n<!-- \/ Yoast SEO plugin. -->","yoast_head_json":{"title":"Nuda - S\u00e9rum autobronzant d'acide hyaluronique - Spa Sant\u00e9 Le N\u00e9nuphar","description":"Am\u00e9liorez votre routine de soins du visage avec notre nouveau s\u00e9rum autobronzant \u00e0 l\u2019acide hyaluronique! Un s\u00e9rum autobronzant graduel et ultra-hydratant formul\u00e9 pour un usage quotidien. Enrichi d\u2019antioxydants et de vitamine E, notre s\u00e9rum l\u00e9ger offre une fragrance douce et rafraichissante de th\u00e9 blanc et d\u2019alo\u00e8s, il nourrit et illumine la peau tout en offrant un sublime teint bronz\u00e9.","robots":{"index":"noindex","follow":"follow","max-snippet":"max-snippet:-1","max-image-preview":"max-image-preview:large","max-video-preview":"max-video-preview:-1"},"og_locale":"fr_CA","og_type":"article","og_title":"Nuda - S\u00e9rum autobronzant d'acide hyaluronique - Spa Sant\u00e9 Le N\u00e9nuphar","og_description":"Am\u00e9liorez votre routine de soins du visage avec notre nouveau s\u00e9rum autobronzant \u00e0 l\u2019acide hyaluronique! Un s\u00e9rum autobronzant graduel et ultra-hydratant formul\u00e9 pour un usage quotidien. Enrichi d\u2019antioxydants et de vitamine E, notre s\u00e9rum l\u00e9ger offre une fragrance douce et rafraichissante de th\u00e9 blanc et d\u2019alo\u00e8s, il nourrit et illumine la peau tout en offrant un sublime teint bronz\u00e9.","og_url":"https:\/\/publissoft.dev\/spasante\/produit\/nuda-serum-autobronzant-dacide-hyaluronique\/","og_site_name":"Spa Sant\u00e9 Le N\u00e9nuphar","article_publisher":"https:\/\/www.facebook.com\/SpaSanteLeNenuphar","article_modified_time":"2022-11-15T20:56:26+00:00","og_image":[{"width":557,"height":675,"url":"https:\/\/publissoft.dev\/spasante\/wp-content\/uploads\/2022\/06\/serum-auto-bronzant.jpg","type":"image\/jpeg"}],"twitter_card":"summary_large_image","twitter_misc":{"Estimation du temps de lecture":"1 minute"},"schema":{"@context":"https:\/\/schema.org","@graph":[{"@type":"WebPage","@id":"https:\/\/publissoft.dev\/spasante\/produit\/nuda-serum-autobronzant-dacide-hyaluronique\/","url":"https:\/\/publissoft.dev\/spasante\/produit\/nuda-serum-autobronzant-dacide-hyaluronique\/","name":"Nuda - S\u00e9rum autobronzant d'acide hyaluronique - Spa Sant\u00e9 Le N\u00e9nuphar","isPartOf":{"@id":"https:\/\/publissoft.dev\/spasante\/#website"},"primaryImageOfPage":{"@id":"https:\/\/publissoft.dev\/spasante\/produit\/nuda-serum-autobronzant-dacide-hyaluronique\/#primaryimage"},"image":{"@id":"https:\/\/publissoft.dev\/spasante\/produit\/nuda-serum-autobronzant-dacide-hyaluronique\/#primaryimage"},"thumbnailUrl":"https:\/\/publissoft.dev\/spasante\/wp-content\/uploads\/2022\/06\/serum-auto-bronzant.jpg","datePublished":"2022-06-22T16:47:01+00:00","dateModified":"2022-11-15T20:56:26+00:00","description":"Am\u00e9liorez votre routine de soins du visage avec notre nouveau s\u00e9rum autobronzant \u00e0 l\u2019acide hyaluronique! Un s\u00e9rum autobronzant graduel et ultra-hydratant formul\u00e9 pour un usage quotidien. Enrichi d\u2019antioxydants et de vitamine E, notre s\u00e9rum l\u00e9ger offre une fragrance douce et rafraichissante de th\u00e9 blanc et d\u2019alo\u00e8s, il nourrit et illumine la peau tout en offrant un sublime teint bronz\u00e9.","breadcrumb":{"@id":"https:\/\/publissoft.dev\/spasante\/produit\/nuda-serum-autobronzant-dacide-hyaluronique\/#breadcrumb"},"inLanguage":"fr-CA","potentialAction":[{"@type":"ReadAction","target":["https:\/\/publissoft.dev\/spasante\/produit\/nuda-serum-autobronzant-dacide-hyaluronique\/"]}]},{"@type":"ImageObject","inLanguage":"fr-CA","@id":"https:\/\/publissoft.dev\/spasante\/produit\/nuda-serum-autobronzant-dacide-hyaluronique\/#primaryimage","url":"https:\/\/publissoft.dev\/spasante\/wp-content\/uploads\/2022\/06\/serum-auto-bronzant.jpg","contentUrl":"https:\/\/publissoft.dev\/spasante\/wp-content\/uploads\/2022\/06\/serum-auto-bronzant.jpg","width":557,"height":675},{"@type":"BreadcrumbList","@id":"https:\/\/publissoft.dev\/spasante\/produit\/nuda-serum-autobronzant-dacide-hyaluronique\/#breadcrumb","itemListElement":[{"@type":"ListItem","position":1,"name":"Accueil","item":"https:\/\/publissoft.dev\/spasante\/"},{"@type":"ListItem","position":2,"name":"Boutique","item":"https:\/\/publissoft.dev\/spasante\/boutique\/"},{"@type":"ListItem","position":3,"name":"Nuda &#8211; S\u00e9rum autobronzant d&#8217;acide hyaluronique"}]},{"@type":"WebSite","@id":"https:\/\/publissoft.dev\/spasante\/#website","url":"https:\/\/publissoft.dev\/spasante\/","name":"Spa Sant\u00e9 Le N\u00e9nuphar","description":"","publisher":{"@id":"https:\/\/publissoft.dev\/spasante\/#organization"},"potentialAction":[{"@type":"SearchAction","target":{"@type":"EntryPoint","urlTemplate":"https:\/\/publissoft.dev\/spasante\/?s={search_term_string}"},"query-input":"required name=search_term_string"}],"inLanguage":"fr-CA"},{"@type":"Organization","@id":"https:\/\/publissoft.dev\/spasante\/#organization","name":"Spa Sant\u00e9 Le N\u00e9nuphar","url":"https:\/\/publissoft.dev\/spasante\/","logo":{"@type":"ImageObject","inLanguage":"fr-CA","@id":"https:\/\/publissoft.dev\/spasante\/#\/schema\/logo\/image\/","url":"https:\/\/publissoft.dev\/spasante\/wp-content\/uploads\/2022\/11\/logo-jpg.jpeg","contentUrl":"https:\/\/publissoft.dev\/spasante\/wp-content\/uploads\/2022\/11\/logo-jpg.jpeg","width":900,"height":900,"caption":"Spa Sant\u00e9 Le N\u00e9nuphar"},"image":{"@id":"https:\/\/publissoft.dev\/spasante\/#\/schema\/logo\/image\/"},"sameAs":["https:\/\/www.facebook.com\/SpaSanteLeNenuphar","https:\/\/www.instagram.com\/spasantelenenuphar\/?hl=fr"]}]}},"_links":{"self":[{"href":"https:\/\/publissoft.dev\/spasante\/wp-json\/wp\/v2\/product\/2988","targetHints":{"allow":["GET"]}}],"collection":[{"href":"https:\/\/publissoft.dev\/spasante\/wp-json\/wp\/v2\/product"}],"about":[{"href":"https:\/\/publissoft.dev\/spasante\/wp-json\/wp\/v2\/types\/product"}],"wp:featuredmedia":[{"embeddable":true,"href":"https:\/\/publissoft.dev\/spasante\/wp-json\/wp\/v2\/media\/3456"}],"wp:attachment":[{"href":"https:\/\/publissoft.dev\/spasante\/wp-json\/wp\/v2\/media?parent=2988"}],"wp:term":[{"taxonomy":"product_cat","embeddable":true,"href":"https:\/\/publissoft.dev\/spasante\/wp-json\/wp\/v2\/product_cat?post=2988"},{"taxonomy":"product_tag","embeddable":true,"href":"https:\/\/publissoft.dev\/spasante\/wp-json\/wp\/v2\/product_tag?post=2988"},{"taxonomy":"giftcard-category","embeddable":true,"href":"https:\/\/publissoft.dev\/spasante\/wp-json\/wp\/v2\/giftcard-category?post=2988"}],"curies":[{"name":"wp","href":"https:\/\/api.w.org\/{rel}","templated":true}]}}