{"id":3021,"date":"2022-07-04T10:59:34","date_gmt":"2022-07-04T14:59:34","guid":{"rendered":"https:\/\/publissoft.dev\/spasante\/?post_type=product&#038;p=3021"},"modified":"2023-11-01T08:33:53","modified_gmt":"2023-11-01T12:33:53","slug":"massage-60-minutes-avec-pressotherapie","status":"publish","type":"product","link":"https:\/\/publissoft.dev\/spasante\/produit\/massage-60-minutes-avec-pressotherapie\/","title":{"rendered":"Massage 60 minutes avec Pressoth\u00e9rapie"},"content":{"rendered":"<div>Le drainage veino-lymphatique par la m\u00e9thode de pressoth\u00e9rapie utilise des appareils \u00e0 gradient de pression physiologique avec des bottes gonflables activ\u00e9es par un compresseur \u00e0 air.<\/div>\n<div><\/div>\n<div>Le but de ce massage est d\u2019activer la circulation de la lymphe, de stimuler le syst\u00e8me de d\u00e9fense immunitaire, et d\u2019entra\u00eener une d\u00e9tente profonde. Le ph\u00e9nom\u00e8ne de jambes lourdes et de cellulite s\u2019amenuit petit \u00e0 petit.<\/div>\n<div><\/div>\n<div>La pressoth\u00e9rapie\u00a0ralentit et met fin aux probl\u00e8mes de circulation sanguines, aux sensations de jambes lourdes et \u00e0 la cellulite.<\/div>\n<div>Elle agit imm\u00e9diatement sur les jambes lourdes.<\/div>\n<div><\/div>\n","protected":false},"excerpt":{"rendered":"<p>Le drainage veino-lymphatique par la m\u00e9thode de pressoth\u00e9rapie utilise des appareils \u00e0 gradient de pression physiologique avec des bottes gonflables activ\u00e9es par un compresseur \u00e0 air. Le but de ce massage est d\u2019activer la circulation de la lymphe, de stimuler le syst\u00e8me de d\u00e9fense immunitaire, et d\u2019entra\u00eener une d\u00e9tente profonde. Le ph\u00e9nom\u00e8ne de jambes lourdes &hellip;<\/p>\n","protected":false},"featured_media":3022,"template":"","meta":{"_acf_changed":false,"_genesis_hide_title":false,"_genesis_hide_breadcrumbs":false,"_genesis_hide_singular_image":false,"_genesis_hide_footer_widgets":false,"_genesis_custom_body_class":"","_genesis_custom_post_class":"","_genesis_layout":""},"product_cat":[53,33,43,60],"product_tag":[],"giftcard-category":[],"class_list":{"0":"post-3021","1":"product","2":"type-product","3":"status-publish","4":"has-post-thumbnail","6":"product_cat-gift-card","7":"product_cat-massotherapie","8":"product_cat-soins","9":"product_cat-massages","10":"entry","12":"first","13":"instock","14":"sale","15":"virtual","16":"taxable","17":"purchasable","18":"product-type-simple"},"acf":[],"yoast_head":"<!-- This site is optimized with the Yoast SEO plugin v22.5 - https:\/\/yoast.com\/wordpress\/plugins\/seo\/ -->\n<title>Massage 60 minutes avec Pressoth\u00e9rapie - Spa Sant\u00e9 Le N\u00e9nuphar<\/title>\n<meta name=\"robots\" content=\"noindex, follow, max-snippet:-1, max-image-preview:large, max-video-preview:-1\" \/>\n<meta property=\"og:locale\" content=\"fr_CA\" \/>\n<meta property=\"og:type\" content=\"article\" \/>\n<meta property=\"og:title\" content=\"Massage 60 minutes avec Pressoth\u00e9rapie - Spa Sant\u00e9 Le N\u00e9nuphar\" \/>\n<meta property=\"og:description\" content=\"Le drainage veino-lymphatique par la m\u00e9thode de pressoth\u00e9rapie utilise des appareils \u00e0 gradient de pression physiologique avec des bottes gonflables activ\u00e9es par un compresseur \u00e0 air. Le but de ce massage est d\u2019activer la circulation de la lymphe, de stimuler le syst\u00e8me de d\u00e9fense immunitaire, et d\u2019entra\u00eener une d\u00e9tente profonde. Le ph\u00e9nom\u00e8ne de jambes lourdes &hellip;\" \/>\n<meta property=\"og:url\" content=\"https:\/\/publissoft.dev\/spasante\/produit\/massage-60-minutes-avec-pressotherapie\/\" \/>\n<meta property=\"og:site_name\" content=\"Spa Sant\u00e9 Le N\u00e9nuphar\" \/>\n<meta property=\"article:publisher\" content=\"https:\/\/www.facebook.com\/SpaSanteLeNenuphar\" \/>\n<meta property=\"article:modified_time\" content=\"2023-11-01T12:33:53+00:00\" \/>\n<meta property=\"og:image\" content=\"https:\/\/publissoft.dev\/spasante\/wp-content\/uploads\/2022\/07\/massotherapie.png\" \/>\n\t<meta property=\"og:image:width\" content=\"940\" \/>\n\t<meta property=\"og:image:height\" content=\"788\" \/>\n\t<meta property=\"og:image:type\" content=\"image\/png\" \/>\n<meta name=\"twitter:card\" content=\"summary_large_image\" \/>\n<meta name=\"twitter:label1\" content=\"Estimation du temps de lecture\" \/>\n\t<meta name=\"twitter:data1\" content=\"1 minute\" \/>\n<script type=\"application\/ld+json\" class=\"yoast-schema-graph\">{\"@context\":\"https:\/\/schema.org\",\"@graph\":[{\"@type\":\"WebPage\",\"@id\":\"https:\/\/publissoft.dev\/spasante\/produit\/massage-60-minutes-avec-pressotherapie\/\",\"url\":\"https:\/\/publissoft.dev\/spasante\/produit\/massage-60-minutes-avec-pressotherapie\/\",\"name\":\"Massage 60 minutes avec Pressoth\u00e9rapie - Spa Sant\u00e9 Le N\u00e9nuphar\",\"isPartOf\":{\"@id\":\"https:\/\/publissoft.dev\/spasante\/#website\"},\"primaryImageOfPage\":{\"@id\":\"https:\/\/publissoft.dev\/spasante\/produit\/massage-60-minutes-avec-pressotherapie\/#primaryimage\"},\"image\":{\"@id\":\"https:\/\/publissoft.dev\/spasante\/produit\/massage-60-minutes-avec-pressotherapie\/#primaryimage\"},\"thumbnailUrl\":\"https:\/\/publissoft.dev\/spasante\/wp-content\/uploads\/2022\/07\/massotherapie.png\",\"datePublished\":\"2022-07-04T14:59:34+00:00\",\"dateModified\":\"2023-11-01T12:33:53+00:00\",\"breadcrumb\":{\"@id\":\"https:\/\/publissoft.dev\/spasante\/produit\/massage-60-minutes-avec-pressotherapie\/#breadcrumb\"},\"inLanguage\":\"fr-CA\",\"potentialAction\":[{\"@type\":\"ReadAction\",\"target\":[\"https:\/\/publissoft.dev\/spasante\/produit\/massage-60-minutes-avec-pressotherapie\/\"]}]},{\"@type\":\"ImageObject\",\"inLanguage\":\"fr-CA\",\"@id\":\"https:\/\/publissoft.dev\/spasante\/produit\/massage-60-minutes-avec-pressotherapie\/#primaryimage\",\"url\":\"https:\/\/publissoft.dev\/spasante\/wp-content\/uploads\/2022\/07\/massotherapie.png\",\"contentUrl\":\"https:\/\/publissoft.dev\/spasante\/wp-content\/uploads\/2022\/07\/massotherapie.png\",\"width\":940,\"height\":788},{\"@type\":\"BreadcrumbList\",\"@id\":\"https:\/\/publissoft.dev\/spasante\/produit\/massage-60-minutes-avec-pressotherapie\/#breadcrumb\",\"itemListElement\":[{\"@type\":\"ListItem\",\"position\":1,\"name\":\"Accueil\",\"item\":\"https:\/\/publissoft.dev\/spasante\/\"},{\"@type\":\"ListItem\",\"position\":2,\"name\":\"Boutique\",\"item\":\"https:\/\/publissoft.dev\/spasante\/boutique\/\"},{\"@type\":\"ListItem\",\"position\":3,\"name\":\"Massage 60 minutes avec Pressoth\u00e9rapie\"}]},{\"@type\":\"WebSite\",\"@id\":\"https:\/\/publissoft.dev\/spasante\/#website\",\"url\":\"https:\/\/publissoft.dev\/spasante\/\",\"name\":\"Spa Sant\u00e9 Le N\u00e9nuphar\",\"description\":\"\",\"publisher\":{\"@id\":\"https:\/\/publissoft.dev\/spasante\/#organization\"},\"potentialAction\":[{\"@type\":\"SearchAction\",\"target\":{\"@type\":\"EntryPoint\",\"urlTemplate\":\"https:\/\/publissoft.dev\/spasante\/?s={search_term_string}\"},\"query-input\":\"required name=search_term_string\"}],\"inLanguage\":\"fr-CA\"},{\"@type\":\"Organization\",\"@id\":\"https:\/\/publissoft.dev\/spasante\/#organization\",\"name\":\"Spa Sant\u00e9 Le N\u00e9nuphar\",\"url\":\"https:\/\/publissoft.dev\/spasante\/\",\"logo\":{\"@type\":\"ImageObject\",\"inLanguage\":\"fr-CA\",\"@id\":\"https:\/\/publissoft.dev\/spasante\/#\/schema\/logo\/image\/\",\"url\":\"https:\/\/publissoft.dev\/spasante\/wp-content\/uploads\/2022\/11\/logo-jpg.jpeg\",\"contentUrl\":\"https:\/\/publissoft.dev\/spasante\/wp-content\/uploads\/2022\/11\/logo-jpg.jpeg\",\"width\":900,\"height\":900,\"caption\":\"Spa Sant\u00e9 Le N\u00e9nuphar\"},\"image\":{\"@id\":\"https:\/\/publissoft.dev\/spasante\/#\/schema\/logo\/image\/\"},\"sameAs\":[\"https:\/\/www.facebook.com\/SpaSanteLeNenuphar\",\"https:\/\/www.instagram.com\/spasantelenenuphar\/?hl=fr\"]}]}<\/script>\n<!-- \/ Yoast SEO plugin. -->","yoast_head_json":{"title":"Massage 60 minutes avec Pressoth\u00e9rapie - Spa Sant\u00e9 Le N\u00e9nuphar","robots":{"index":"noindex","follow":"follow","max-snippet":"max-snippet:-1","max-image-preview":"max-image-preview:large","max-video-preview":"max-video-preview:-1"},"og_locale":"fr_CA","og_type":"article","og_title":"Massage 60 minutes avec Pressoth\u00e9rapie - Spa Sant\u00e9 Le N\u00e9nuphar","og_description":"Le drainage veino-lymphatique par la m\u00e9thode de pressoth\u00e9rapie utilise des appareils \u00e0 gradient de pression physiologique avec des bottes gonflables activ\u00e9es par un compresseur \u00e0 air. Le but de ce massage est d\u2019activer la circulation de la lymphe, de stimuler le syst\u00e8me de d\u00e9fense immunitaire, et d\u2019entra\u00eener une d\u00e9tente profonde. Le ph\u00e9nom\u00e8ne de jambes lourdes &hellip;","og_url":"https:\/\/publissoft.dev\/spasante\/produit\/massage-60-minutes-avec-pressotherapie\/","og_site_name":"Spa Sant\u00e9 Le N\u00e9nuphar","article_publisher":"https:\/\/www.facebook.com\/SpaSanteLeNenuphar","article_modified_time":"2023-11-01T12:33:53+00:00","og_image":[{"width":940,"height":788,"url":"https:\/\/publissoft.dev\/spasante\/wp-content\/uploads\/2022\/07\/massotherapie.png","type":"image\/png"}],"twitter_card":"summary_large_image","twitter_misc":{"Estimation du temps de lecture":"1 minute"},"schema":{"@context":"https:\/\/schema.org","@graph":[{"@type":"WebPage","@id":"https:\/\/publissoft.dev\/spasante\/produit\/massage-60-minutes-avec-pressotherapie\/","url":"https:\/\/publissoft.dev\/spasante\/produit\/massage-60-minutes-avec-pressotherapie\/","name":"Massage 60 minutes avec Pressoth\u00e9rapie - Spa Sant\u00e9 Le N\u00e9nuphar","isPartOf":{"@id":"https:\/\/publissoft.dev\/spasante\/#website"},"primaryImageOfPage":{"@id":"https:\/\/publissoft.dev\/spasante\/produit\/massage-60-minutes-avec-pressotherapie\/#primaryimage"},"image":{"@id":"https:\/\/publissoft.dev\/spasante\/produit\/massage-60-minutes-avec-pressotherapie\/#primaryimage"},"thumbnailUrl":"https:\/\/publissoft.dev\/spasante\/wp-content\/uploads\/2022\/07\/massotherapie.png","datePublished":"2022-07-04T14:59:34+00:00","dateModified":"2023-11-01T12:33:53+00:00","breadcrumb":{"@id":"https:\/\/publissoft.dev\/spasante\/produit\/massage-60-minutes-avec-pressotherapie\/#breadcrumb"},"inLanguage":"fr-CA","potentialAction":[{"@type":"ReadAction","target":["https:\/\/publissoft.dev\/spasante\/produit\/massage-60-minutes-avec-pressotherapie\/"]}]},{"@type":"ImageObject","inLanguage":"fr-CA","@id":"https:\/\/publissoft.dev\/spasante\/produit\/massage-60-minutes-avec-pressotherapie\/#primaryimage","url":"https:\/\/publissoft.dev\/spasante\/wp-content\/uploads\/2022\/07\/massotherapie.png","contentUrl":"https:\/\/publissoft.dev\/spasante\/wp-content\/uploads\/2022\/07\/massotherapie.png","width":940,"height":788},{"@type":"BreadcrumbList","@id":"https:\/\/publissoft.dev\/spasante\/produit\/massage-60-minutes-avec-pressotherapie\/#breadcrumb","itemListElement":[{"@type":"ListItem","position":1,"name":"Accueil","item":"https:\/\/publissoft.dev\/spasante\/"},{"@type":"ListItem","position":2,"name":"Boutique","item":"https:\/\/publissoft.dev\/spasante\/boutique\/"},{"@type":"ListItem","position":3,"name":"Massage 60 minutes avec Pressoth\u00e9rapie"}]},{"@type":"WebSite","@id":"https:\/\/publissoft.dev\/spasante\/#website","url":"https:\/\/publissoft.dev\/spasante\/","name":"Spa Sant\u00e9 Le N\u00e9nuphar","description":"","publisher":{"@id":"https:\/\/publissoft.dev\/spasante\/#organization"},"potentialAction":[{"@type":"SearchAction","target":{"@type":"EntryPoint","urlTemplate":"https:\/\/publissoft.dev\/spasante\/?s={search_term_string}"},"query-input":"required name=search_term_string"}],"inLanguage":"fr-CA"},{"@type":"Organization","@id":"https:\/\/publissoft.dev\/spasante\/#organization","name":"Spa Sant\u00e9 Le N\u00e9nuphar","url":"https:\/\/publissoft.dev\/spasante\/","logo":{"@type":"ImageObject","inLanguage":"fr-CA","@id":"https:\/\/publissoft.dev\/spasante\/#\/schema\/logo\/image\/","url":"https:\/\/publissoft.dev\/spasante\/wp-content\/uploads\/2022\/11\/logo-jpg.jpeg","contentUrl":"https:\/\/publissoft.dev\/spasante\/wp-content\/uploads\/2022\/11\/logo-jpg.jpeg","width":900,"height":900,"caption":"Spa Sant\u00e9 Le N\u00e9nuphar"},"image":{"@id":"https:\/\/publissoft.dev\/spasante\/#\/schema\/logo\/image\/"},"sameAs":["https:\/\/www.facebook.com\/SpaSanteLeNenuphar","https:\/\/www.instagram.com\/spasantelenenuphar\/?hl=fr"]}]}},"_links":{"self":[{"href":"https:\/\/publissoft.dev\/spasante\/wp-json\/wp\/v2\/product\/3021","targetHints":{"allow":["GET"]}}],"collection":[{"href":"https:\/\/publissoft.dev\/spasante\/wp-json\/wp\/v2\/product"}],"about":[{"href":"https:\/\/publissoft.dev\/spasante\/wp-json\/wp\/v2\/types\/product"}],"wp:featuredmedia":[{"embeddable":true,"href":"https:\/\/publissoft.dev\/spasante\/wp-json\/wp\/v2\/media\/3022"}],"wp:attachment":[{"href":"https:\/\/publissoft.dev\/spasante\/wp-json\/wp\/v2\/media?parent=3021"}],"wp:term":[{"taxonomy":"product_cat","embeddable":true,"href":"https:\/\/publissoft.dev\/spasante\/wp-json\/wp\/v2\/product_cat?post=3021"},{"taxonomy":"product_tag","embeddable":true,"href":"https:\/\/publissoft.dev\/spasante\/wp-json\/wp\/v2\/product_tag?post=3021"},{"taxonomy":"giftcard-category","embeddable":true,"href":"https:\/\/publissoft.dev\/spasante\/wp-json\/wp\/v2\/giftcard-category?post=3021"}],"curies":[{"name":"wp","href":"https:\/\/api.w.org\/{rel}","templated":true}]}}