{"id":3037,"date":"2022-07-09T13:02:10","date_gmt":"2022-07-09T17:02:10","guid":{"rendered":"https:\/\/publissoft.dev\/spasante\/?post_type=product&#038;p=3037"},"modified":"2022-11-15T15:24:58","modified_gmt":"2022-11-15T20:24:58","slug":"aquafolia-huile-rouge-anti-age","status":"publish","type":"product","link":"https:\/\/publissoft.dev\/spasante\/produit\/aquafolia-huile-rouge-anti-age\/","title":{"rendered":"Aquafolia &#8211; Huile rouge anti-\u00e2ge"},"content":{"rendered":"<div class=\"page-title-wrapper product\">\n<h1 class=\"page-title\"><span class=\"base\" data-ui-id=\"page-title-wrapper\">AquaNUTRIA Huile Rouge Anti-\u00e2ge<\/span><\/h1>\n<\/div>\n<div class=\"product attribute short_description\">\n<div class=\"value\">\n<p>Huile anti-\u00e2ge 100% d\u2019origine v\u00e9g\u00e9tale. V\u00e9ritable booster anti-\u00e2ge. R\u00e9g\u00e9n\u00e9rante de la barri\u00e8re cutan\u00e9e, anti-d\u00e9shydratante et nourrissante. Une formule riche en om\u00e9ga 3, 6 et 9 apte \u00e0 lutter contre les signes visibles du vieillissement cutan\u00e9e.<\/p>\n<\/div>\n<\/div>\n<div class=\"product attribute type_peau\">\n<p><strong class=\"type\">Types de peaux<\/strong><\/p>\n<div class=\"value\">Peaux normales \u00e0 s\u00e8ches<\/div>\n<\/div>\n<div class=\"product attribute description\">\n<p><strong class=\"type\">Description<\/strong><\/p>\n<div class=\"value\">\n<p>Huile \u00e0 p\u00e9n\u00e9tration rapide, sans huile essentielle qui redonne une apparence de jeunesse \u00a0de par sa capacit\u00e9 r\u00e9g\u00e9n\u00e9rante de la barri\u00e8re cutan\u00e9e et ses actions anti-d\u00e9shydratantes.<\/p>\n<\/div>\n<div class=\"product attribute caracteristiques_actions\">\n<p><strong class=\"type\">Caract\u00e9ristiques et fonctions du produit<\/strong><\/p>\n<div class=\"value\">\n<ul>\n<li>Flacon en verre avec pipette<\/li>\n<li>Huile Rouge<\/li>\n<li>Sans odeur<\/li>\n<li>V\u00e9ritable booster anti-\u00e2ge<\/li>\n<li>Nourrissante (Om\u00e9ga 3, 6 et 9)<\/li>\n<li>Conditionne, redonne souplesse et confort<\/li>\n<li>Soulage les sensations de tiraillement<\/li>\n<li>Favorise la r\u00e9paration par l\u2019hydratation<\/li>\n<li>Redonne \u00e9lasticit\u00e9 et densit\u00e9 aux tissus<\/li>\n<\/ul>\n<\/div>\n<\/div>\n<div class=\"product attribute mode_emploi\">\n<p><strong class=\"type\">Mode d&#8217;emploi<\/strong><\/p>\n<div class=\"value\">\n<p>M\u00e9langer quelques gouttes de l\u2019Huile Rouge \u00e0 la Cr\u00e8me de votre choix. Appliquer le m\u00e9lange sur le visage, le cou et le d\u00e9collet\u00e9.<\/p>\n<p>L\u2019Huile Rouge peut \u00eatre appliqu\u00e9e seule sur une r\u00e9gion en manque de lipides. Appliquer 1 \u00e0 1,5 ml soit une pipette (1 ml) sur la peau.<\/p>\n<\/div>\n<p>30ml<\/p>\n<\/div>\n<\/div>\n","protected":false},"excerpt":{"rendered":"<p>AquaNUTRIA Huile Rouge Anti-\u00e2ge Huile anti-\u00e2ge 100% d\u2019origine v\u00e9g\u00e9tale. V\u00e9ritable booster anti-\u00e2ge. R\u00e9g\u00e9n\u00e9rante de la barri\u00e8re cutan\u00e9e, anti-d\u00e9shydratante et nourrissante. Une formule riche en om\u00e9ga 3, 6 et 9 apte \u00e0 lutter contre les signes visibles du vieillissement cutan\u00e9e. Types de peaux Peaux normales \u00e0 s\u00e8ches Description Huile \u00e0 p\u00e9n\u00e9tration rapide, sans huile essentielle qui &hellip;<\/p>\n","protected":false},"featured_media":3038,"template":"","meta":{"_acf_changed":false,"_genesis_hide_title":false,"_genesis_hide_breadcrumbs":false,"_genesis_hide_singular_image":false,"_genesis_hide_footer_widgets":false,"_genesis_custom_body_class":"","_genesis_custom_post_class":"","_genesis_layout":""},"product_cat":[37,18],"product_tag":[],"giftcard-category":[],"class_list":{"0":"post-3037","1":"product","2":"type-product","3":"status-publish","4":"has-post-thumbnail","6":"product_cat-produits","7":"product_cat-aquafolia","8":"entry","10":"first","11":"instock","12":"taxable","13":"shipping-taxable","14":"purchasable","15":"product-type-simple"},"acf":[],"yoast_head":"<!-- This site is optimized with the Yoast SEO plugin v22.5 - https:\/\/yoast.com\/wordpress\/plugins\/seo\/ -->\n<title>Aquafolia - Huile rouge anti-\u00e2ge - Spa Sant\u00e9 Le N\u00e9nuphar<\/title>\n<meta name=\"robots\" content=\"noindex, follow, max-snippet:-1, max-image-preview:large, max-video-preview:-1\" \/>\n<meta property=\"og:locale\" content=\"fr_CA\" \/>\n<meta property=\"og:type\" content=\"article\" \/>\n<meta property=\"og:title\" content=\"Aquafolia - Huile rouge anti-\u00e2ge - Spa Sant\u00e9 Le N\u00e9nuphar\" \/>\n<meta property=\"og:description\" content=\"AquaNUTRIA Huile Rouge Anti-\u00e2ge Huile anti-\u00e2ge 100% d\u2019origine v\u00e9g\u00e9tale. V\u00e9ritable booster anti-\u00e2ge. R\u00e9g\u00e9n\u00e9rante de la barri\u00e8re cutan\u00e9e, anti-d\u00e9shydratante et nourrissante. Une formule riche en om\u00e9ga 3, 6 et 9 apte \u00e0 lutter contre les signes visibles du vieillissement cutan\u00e9e. Types de peaux Peaux normales \u00e0 s\u00e8ches Description Huile \u00e0 p\u00e9n\u00e9tration rapide, sans huile essentielle qui &hellip;\" \/>\n<meta property=\"og:url\" content=\"https:\/\/publissoft.dev\/spasante\/produit\/aquafolia-huile-rouge-anti-age\/\" \/>\n<meta property=\"og:site_name\" content=\"Spa Sant\u00e9 Le N\u00e9nuphar\" \/>\n<meta property=\"article:publisher\" content=\"https:\/\/www.facebook.com\/SpaSanteLeNenuphar\" \/>\n<meta property=\"article:modified_time\" content=\"2022-11-15T20:24:58+00:00\" \/>\n<meta property=\"og:image\" content=\"https:\/\/publissoft.dev\/spasante\/wp-content\/uploads\/2022\/07\/produits_320x300_AquaNutria_Huile_Rouge-scaled.jpg\" \/>\n\t<meta property=\"og:image:width\" content=\"2399\" \/>\n\t<meta property=\"og:image:height\" content=\"2560\" \/>\n\t<meta property=\"og:image:type\" content=\"image\/jpeg\" \/>\n<meta name=\"twitter:card\" content=\"summary_large_image\" \/>\n<meta name=\"twitter:label1\" content=\"Estimation du temps de lecture\" \/>\n\t<meta name=\"twitter:data1\" content=\"1 minute\" \/>\n<script type=\"application\/ld+json\" class=\"yoast-schema-graph\">{\"@context\":\"https:\/\/schema.org\",\"@graph\":[{\"@type\":\"WebPage\",\"@id\":\"https:\/\/publissoft.dev\/spasante\/produit\/aquafolia-huile-rouge-anti-age\/\",\"url\":\"https:\/\/publissoft.dev\/spasante\/produit\/aquafolia-huile-rouge-anti-age\/\",\"name\":\"Aquafolia - Huile rouge anti-\u00e2ge - Spa Sant\u00e9 Le N\u00e9nuphar\",\"isPartOf\":{\"@id\":\"https:\/\/publissoft.dev\/spasante\/#website\"},\"primaryImageOfPage\":{\"@id\":\"https:\/\/publissoft.dev\/spasante\/produit\/aquafolia-huile-rouge-anti-age\/#primaryimage\"},\"image\":{\"@id\":\"https:\/\/publissoft.dev\/spasante\/produit\/aquafolia-huile-rouge-anti-age\/#primaryimage\"},\"thumbnailUrl\":\"https:\/\/publissoft.dev\/spasante\/wp-content\/uploads\/2022\/07\/produits_320x300_AquaNutria_Huile_Rouge-scaled.jpg\",\"datePublished\":\"2022-07-09T17:02:10+00:00\",\"dateModified\":\"2022-11-15T20:24:58+00:00\",\"breadcrumb\":{\"@id\":\"https:\/\/publissoft.dev\/spasante\/produit\/aquafolia-huile-rouge-anti-age\/#breadcrumb\"},\"inLanguage\":\"fr-CA\",\"potentialAction\":[{\"@type\":\"ReadAction\",\"target\":[\"https:\/\/publissoft.dev\/spasante\/produit\/aquafolia-huile-rouge-anti-age\/\"]}]},{\"@type\":\"ImageObject\",\"inLanguage\":\"fr-CA\",\"@id\":\"https:\/\/publissoft.dev\/spasante\/produit\/aquafolia-huile-rouge-anti-age\/#primaryimage\",\"url\":\"https:\/\/publissoft.dev\/spasante\/wp-content\/uploads\/2022\/07\/produits_320x300_AquaNutria_Huile_Rouge-scaled.jpg\",\"contentUrl\":\"https:\/\/publissoft.dev\/spasante\/wp-content\/uploads\/2022\/07\/produits_320x300_AquaNutria_Huile_Rouge-scaled.jpg\",\"width\":2399,\"height\":2560},{\"@type\":\"BreadcrumbList\",\"@id\":\"https:\/\/publissoft.dev\/spasante\/produit\/aquafolia-huile-rouge-anti-age\/#breadcrumb\",\"itemListElement\":[{\"@type\":\"ListItem\",\"position\":1,\"name\":\"Accueil\",\"item\":\"https:\/\/publissoft.dev\/spasante\/\"},{\"@type\":\"ListItem\",\"position\":2,\"name\":\"Boutique\",\"item\":\"https:\/\/publissoft.dev\/spasante\/boutique\/\"},{\"@type\":\"ListItem\",\"position\":3,\"name\":\"Aquafolia &#8211; Huile rouge anti-\u00e2ge\"}]},{\"@type\":\"WebSite\",\"@id\":\"https:\/\/publissoft.dev\/spasante\/#website\",\"url\":\"https:\/\/publissoft.dev\/spasante\/\",\"name\":\"Spa Sant\u00e9 Le N\u00e9nuphar\",\"description\":\"\",\"publisher\":{\"@id\":\"https:\/\/publissoft.dev\/spasante\/#organization\"},\"potentialAction\":[{\"@type\":\"SearchAction\",\"target\":{\"@type\":\"EntryPoint\",\"urlTemplate\":\"https:\/\/publissoft.dev\/spasante\/?s={search_term_string}\"},\"query-input\":\"required name=search_term_string\"}],\"inLanguage\":\"fr-CA\"},{\"@type\":\"Organization\",\"@id\":\"https:\/\/publissoft.dev\/spasante\/#organization\",\"name\":\"Spa Sant\u00e9 Le N\u00e9nuphar\",\"url\":\"https:\/\/publissoft.dev\/spasante\/\",\"logo\":{\"@type\":\"ImageObject\",\"inLanguage\":\"fr-CA\",\"@id\":\"https:\/\/publissoft.dev\/spasante\/#\/schema\/logo\/image\/\",\"url\":\"https:\/\/publissoft.dev\/spasante\/wp-content\/uploads\/2022\/11\/logo-jpg.jpeg\",\"contentUrl\":\"https:\/\/publissoft.dev\/spasante\/wp-content\/uploads\/2022\/11\/logo-jpg.jpeg\",\"width\":900,\"height\":900,\"caption\":\"Spa Sant\u00e9 Le N\u00e9nuphar\"},\"image\":{\"@id\":\"https:\/\/publissoft.dev\/spasante\/#\/schema\/logo\/image\/\"},\"sameAs\":[\"https:\/\/www.facebook.com\/SpaSanteLeNenuphar\",\"https:\/\/www.instagram.com\/spasantelenenuphar\/?hl=fr\"]}]}<\/script>\n<!-- \/ Yoast SEO plugin. -->","yoast_head_json":{"title":"Aquafolia - Huile rouge anti-\u00e2ge - Spa Sant\u00e9 Le N\u00e9nuphar","robots":{"index":"noindex","follow":"follow","max-snippet":"max-snippet:-1","max-image-preview":"max-image-preview:large","max-video-preview":"max-video-preview:-1"},"og_locale":"fr_CA","og_type":"article","og_title":"Aquafolia - Huile rouge anti-\u00e2ge - Spa Sant\u00e9 Le N\u00e9nuphar","og_description":"AquaNUTRIA Huile Rouge Anti-\u00e2ge Huile anti-\u00e2ge 100% d\u2019origine v\u00e9g\u00e9tale. V\u00e9ritable booster anti-\u00e2ge. R\u00e9g\u00e9n\u00e9rante de la barri\u00e8re cutan\u00e9e, anti-d\u00e9shydratante et nourrissante. Une formule riche en om\u00e9ga 3, 6 et 9 apte \u00e0 lutter contre les signes visibles du vieillissement cutan\u00e9e. Types de peaux Peaux normales \u00e0 s\u00e8ches Description Huile \u00e0 p\u00e9n\u00e9tration rapide, sans huile essentielle qui &hellip;","og_url":"https:\/\/publissoft.dev\/spasante\/produit\/aquafolia-huile-rouge-anti-age\/","og_site_name":"Spa Sant\u00e9 Le N\u00e9nuphar","article_publisher":"https:\/\/www.facebook.com\/SpaSanteLeNenuphar","article_modified_time":"2022-11-15T20:24:58+00:00","og_image":[{"width":2399,"height":2560,"url":"https:\/\/publissoft.dev\/spasante\/wp-content\/uploads\/2022\/07\/produits_320x300_AquaNutria_Huile_Rouge-scaled.jpg","type":"image\/jpeg"}],"twitter_card":"summary_large_image","twitter_misc":{"Estimation du temps de lecture":"1 minute"},"schema":{"@context":"https:\/\/schema.org","@graph":[{"@type":"WebPage","@id":"https:\/\/publissoft.dev\/spasante\/produit\/aquafolia-huile-rouge-anti-age\/","url":"https:\/\/publissoft.dev\/spasante\/produit\/aquafolia-huile-rouge-anti-age\/","name":"Aquafolia - Huile rouge anti-\u00e2ge - Spa Sant\u00e9 Le N\u00e9nuphar","isPartOf":{"@id":"https:\/\/publissoft.dev\/spasante\/#website"},"primaryImageOfPage":{"@id":"https:\/\/publissoft.dev\/spasante\/produit\/aquafolia-huile-rouge-anti-age\/#primaryimage"},"image":{"@id":"https:\/\/publissoft.dev\/spasante\/produit\/aquafolia-huile-rouge-anti-age\/#primaryimage"},"thumbnailUrl":"https:\/\/publissoft.dev\/spasante\/wp-content\/uploads\/2022\/07\/produits_320x300_AquaNutria_Huile_Rouge-scaled.jpg","datePublished":"2022-07-09T17:02:10+00:00","dateModified":"2022-11-15T20:24:58+00:00","breadcrumb":{"@id":"https:\/\/publissoft.dev\/spasante\/produit\/aquafolia-huile-rouge-anti-age\/#breadcrumb"},"inLanguage":"fr-CA","potentialAction":[{"@type":"ReadAction","target":["https:\/\/publissoft.dev\/spasante\/produit\/aquafolia-huile-rouge-anti-age\/"]}]},{"@type":"ImageObject","inLanguage":"fr-CA","@id":"https:\/\/publissoft.dev\/spasante\/produit\/aquafolia-huile-rouge-anti-age\/#primaryimage","url":"https:\/\/publissoft.dev\/spasante\/wp-content\/uploads\/2022\/07\/produits_320x300_AquaNutria_Huile_Rouge-scaled.jpg","contentUrl":"https:\/\/publissoft.dev\/spasante\/wp-content\/uploads\/2022\/07\/produits_320x300_AquaNutria_Huile_Rouge-scaled.jpg","width":2399,"height":2560},{"@type":"BreadcrumbList","@id":"https:\/\/publissoft.dev\/spasante\/produit\/aquafolia-huile-rouge-anti-age\/#breadcrumb","itemListElement":[{"@type":"ListItem","position":1,"name":"Accueil","item":"https:\/\/publissoft.dev\/spasante\/"},{"@type":"ListItem","position":2,"name":"Boutique","item":"https:\/\/publissoft.dev\/spasante\/boutique\/"},{"@type":"ListItem","position":3,"name":"Aquafolia &#8211; Huile rouge anti-\u00e2ge"}]},{"@type":"WebSite","@id":"https:\/\/publissoft.dev\/spasante\/#website","url":"https:\/\/publissoft.dev\/spasante\/","name":"Spa Sant\u00e9 Le N\u00e9nuphar","description":"","publisher":{"@id":"https:\/\/publissoft.dev\/spasante\/#organization"},"potentialAction":[{"@type":"SearchAction","target":{"@type":"EntryPoint","urlTemplate":"https:\/\/publissoft.dev\/spasante\/?s={search_term_string}"},"query-input":"required name=search_term_string"}],"inLanguage":"fr-CA"},{"@type":"Organization","@id":"https:\/\/publissoft.dev\/spasante\/#organization","name":"Spa Sant\u00e9 Le N\u00e9nuphar","url":"https:\/\/publissoft.dev\/spasante\/","logo":{"@type":"ImageObject","inLanguage":"fr-CA","@id":"https:\/\/publissoft.dev\/spasante\/#\/schema\/logo\/image\/","url":"https:\/\/publissoft.dev\/spasante\/wp-content\/uploads\/2022\/11\/logo-jpg.jpeg","contentUrl":"https:\/\/publissoft.dev\/spasante\/wp-content\/uploads\/2022\/11\/logo-jpg.jpeg","width":900,"height":900,"caption":"Spa Sant\u00e9 Le N\u00e9nuphar"},"image":{"@id":"https:\/\/publissoft.dev\/spasante\/#\/schema\/logo\/image\/"},"sameAs":["https:\/\/www.facebook.com\/SpaSanteLeNenuphar","https:\/\/www.instagram.com\/spasantelenenuphar\/?hl=fr"]}]}},"_links":{"self":[{"href":"https:\/\/publissoft.dev\/spasante\/wp-json\/wp\/v2\/product\/3037","targetHints":{"allow":["GET"]}}],"collection":[{"href":"https:\/\/publissoft.dev\/spasante\/wp-json\/wp\/v2\/product"}],"about":[{"href":"https:\/\/publissoft.dev\/spasante\/wp-json\/wp\/v2\/types\/product"}],"wp:featuredmedia":[{"embeddable":true,"href":"https:\/\/publissoft.dev\/spasante\/wp-json\/wp\/v2\/media\/3038"}],"wp:attachment":[{"href":"https:\/\/publissoft.dev\/spasante\/wp-json\/wp\/v2\/media?parent=3037"}],"wp:term":[{"taxonomy":"product_cat","embeddable":true,"href":"https:\/\/publissoft.dev\/spasante\/wp-json\/wp\/v2\/product_cat?post=3037"},{"taxonomy":"product_tag","embeddable":true,"href":"https:\/\/publissoft.dev\/spasante\/wp-json\/wp\/v2\/product_tag?post=3037"},{"taxonomy":"giftcard-category","embeddable":true,"href":"https:\/\/publissoft.dev\/spasante\/wp-json\/wp\/v2\/giftcard-category?post=3037"}],"curies":[{"name":"wp","href":"https:\/\/api.w.org\/{rel}","templated":true}]}}