{"id":3041,"date":"2022-07-09T15:15:38","date_gmt":"2022-07-09T19:15:38","guid":{"rendered":"https:\/\/publissoft.dev\/spasante\/?post_type=product&#038;p=3041"},"modified":"2024-01-30T10:42:18","modified_gmt":"2024-01-30T15:42:18","slug":"dr-renaud-emulsion-controle-24h-rosa-c3","status":"publish","type":"product","link":"https:\/\/publissoft.dev\/spasante\/produit\/dr-renaud-emulsion-controle-24h-rosa-c3\/","title":{"rendered":"Dr. Renaud &#8211; \u00c9mulsion contr\u00f4le 24h Rosa-C3"},"content":{"rendered":"","protected":false},"excerpt":{"rendered":"<p>Ajoute du confort \u00e0 la peau et contr\u00f4le les d\u00e9fenses cutan\u00e9es. Diminue les rougeurs et leur \u00e9volution<br \/>\n50 ml<\/p>\n<p>L\u2019\u00e9mulsion contr\u00f4le 24 heures Rosa-C3 convient aux femmes et aux hommes \u00e0 la peau sensible. Le produit se distingue par une action cibl\u00e9e qui r\u00e9duit visiblement l\u2019apparence des rougeurs et qui aide aussi \u00e0 ralentir l\u2019\u00e9volution des diff\u00e9rents signes inesth\u00e9tiques. Gr\u00e2ce \u00e0 sa texture l\u00e9g\u00e8re, son odeur apaisante de fruits rouges et sa teinte verte, il laisse la peau apais\u00e9e et hydrat\u00e9e tout en neutralisant partiellement l\u2019apparence des rougeurs cutan\u00e9es par compl\u00e9ment de couleur.<\/p>\n","protected":false},"featured_media":3042,"template":"","meta":{"_acf_changed":false,"_genesis_hide_title":false,"_genesis_hide_breadcrumbs":false,"_genesis_hide_singular_image":false,"_genesis_hide_footer_widgets":false,"_genesis_custom_body_class":"","_genesis_custom_post_class":"","_genesis_layout":""},"product_cat":[37,31,77],"product_tag":[],"giftcard-category":[],"class_list":{"0":"post-3041","1":"product","2":"type-product","3":"status-publish","4":"has-post-thumbnail","6":"product_cat-produits","7":"product_cat-laboratoire-dr-renaud","8":"product_cat-produits-en-promotion","9":"entry","11":"first","12":"instock","13":"taxable","14":"shipping-taxable","15":"purchasable","16":"product-type-simple"},"acf":[],"yoast_head":"<!-- This site is optimized with the Yoast SEO plugin v22.5 - https:\/\/yoast.com\/wordpress\/plugins\/seo\/ -->\n<title>Dr. Renaud - \u00c9mulsion contr\u00f4le 24h Rosa-C3 - Spa Sant\u00e9 Le N\u00e9nuphar<\/title>\n<meta name=\"robots\" content=\"noindex, follow, max-snippet:-1, max-image-preview:large, max-video-preview:-1\" \/>\n<meta property=\"og:locale\" content=\"fr_CA\" \/>\n<meta property=\"og:type\" content=\"article\" \/>\n<meta property=\"og:title\" content=\"Dr. Renaud - \u00c9mulsion contr\u00f4le 24h Rosa-C3 - Spa Sant\u00e9 Le N\u00e9nuphar\" \/>\n<meta property=\"og:description\" content=\"Ajoute du confort \u00e0 la peau et contr\u00f4le les d\u00e9fenses cutan\u00e9es. Diminue les rougeurs et leur \u00e9volution 50 ml  L\u2019\u00e9mulsion contr\u00f4le 24 heures Rosa-C3 convient aux femmes et aux hommes \u00e0 la peau sensible. Le produit se distingue par une action cibl\u00e9e qui r\u00e9duit visiblement l\u2019apparence des rougeurs et qui aide aussi \u00e0 ralentir l\u2019\u00e9volution des diff\u00e9rents signes inesth\u00e9tiques. Gr\u00e2ce \u00e0 sa texture l\u00e9g\u00e8re, son odeur apaisante de fruits rouges et sa teinte verte, il laisse la peau apais\u00e9e et hydrat\u00e9e tout en neutralisant partiellement l\u2019apparence des rougeurs cutan\u00e9es par compl\u00e9ment de couleur.\" \/>\n<meta property=\"og:url\" content=\"https:\/\/publissoft.dev\/spasante\/produit\/dr-renaud-emulsion-controle-24h-rosa-c3\/\" \/>\n<meta property=\"og:site_name\" content=\"Spa Sant\u00e9 Le N\u00e9nuphar\" \/>\n<meta property=\"article:publisher\" content=\"https:\/\/www.facebook.com\/SpaSanteLeNenuphar\" \/>\n<meta property=\"article:modified_time\" content=\"2024-01-30T15:42:18+00:00\" \/>\n<meta property=\"og:image\" content=\"https:\/\/publissoft.dev\/spasante\/wp-content\/uploads\/2022\/07\/10607-Rosa-C3_24H_EmulsionControl_50ml.jpg\" \/>\n\t<meta property=\"og:image:width\" content=\"1500\" \/>\n\t<meta property=\"og:image:height\" content=\"1500\" \/>\n\t<meta property=\"og:image:type\" content=\"image\/jpeg\" \/>\n<meta name=\"twitter:card\" content=\"summary_large_image\" \/>\n<meta name=\"twitter:label1\" content=\"Estimation du temps de lecture\" \/>\n\t<meta name=\"twitter:data1\" content=\"1 minute\" \/>\n<script type=\"application\/ld+json\" class=\"yoast-schema-graph\">{\"@context\":\"https:\/\/schema.org\",\"@graph\":[{\"@type\":\"WebPage\",\"@id\":\"https:\/\/publissoft.dev\/spasante\/produit\/dr-renaud-emulsion-controle-24h-rosa-c3\/\",\"url\":\"https:\/\/publissoft.dev\/spasante\/produit\/dr-renaud-emulsion-controle-24h-rosa-c3\/\",\"name\":\"Dr. Renaud - \u00c9mulsion contr\u00f4le 24h Rosa-C3 - Spa Sant\u00e9 Le N\u00e9nuphar\",\"isPartOf\":{\"@id\":\"https:\/\/publissoft.dev\/spasante\/#website\"},\"primaryImageOfPage\":{\"@id\":\"https:\/\/publissoft.dev\/spasante\/produit\/dr-renaud-emulsion-controle-24h-rosa-c3\/#primaryimage\"},\"image\":{\"@id\":\"https:\/\/publissoft.dev\/spasante\/produit\/dr-renaud-emulsion-controle-24h-rosa-c3\/#primaryimage\"},\"thumbnailUrl\":\"https:\/\/publissoft.dev\/spasante\/wp-content\/uploads\/2022\/07\/10607-Rosa-C3_24H_EmulsionControl_50ml.jpg\",\"datePublished\":\"2022-07-09T19:15:38+00:00\",\"dateModified\":\"2024-01-30T15:42:18+00:00\",\"breadcrumb\":{\"@id\":\"https:\/\/publissoft.dev\/spasante\/produit\/dr-renaud-emulsion-controle-24h-rosa-c3\/#breadcrumb\"},\"inLanguage\":\"fr-CA\",\"potentialAction\":[{\"@type\":\"ReadAction\",\"target\":[\"https:\/\/publissoft.dev\/spasante\/produit\/dr-renaud-emulsion-controle-24h-rosa-c3\/\"]}]},{\"@type\":\"ImageObject\",\"inLanguage\":\"fr-CA\",\"@id\":\"https:\/\/publissoft.dev\/spasante\/produit\/dr-renaud-emulsion-controle-24h-rosa-c3\/#primaryimage\",\"url\":\"https:\/\/publissoft.dev\/spasante\/wp-content\/uploads\/2022\/07\/10607-Rosa-C3_24H_EmulsionControl_50ml.jpg\",\"contentUrl\":\"https:\/\/publissoft.dev\/spasante\/wp-content\/uploads\/2022\/07\/10607-Rosa-C3_24H_EmulsionControl_50ml.jpg\",\"width\":1500,\"height\":1500},{\"@type\":\"BreadcrumbList\",\"@id\":\"https:\/\/publissoft.dev\/spasante\/produit\/dr-renaud-emulsion-controle-24h-rosa-c3\/#breadcrumb\",\"itemListElement\":[{\"@type\":\"ListItem\",\"position\":1,\"name\":\"Accueil\",\"item\":\"https:\/\/publissoft.dev\/spasante\/\"},{\"@type\":\"ListItem\",\"position\":2,\"name\":\"Boutique\",\"item\":\"https:\/\/publissoft.dev\/spasante\/boutique\/\"},{\"@type\":\"ListItem\",\"position\":3,\"name\":\"Dr. Renaud &#8211; \u00c9mulsion contr\u00f4le 24h Rosa-C3\"}]},{\"@type\":\"WebSite\",\"@id\":\"https:\/\/publissoft.dev\/spasante\/#website\",\"url\":\"https:\/\/publissoft.dev\/spasante\/\",\"name\":\"Spa Sant\u00e9 Le N\u00e9nuphar\",\"description\":\"\",\"publisher\":{\"@id\":\"https:\/\/publissoft.dev\/spasante\/#organization\"},\"potentialAction\":[{\"@type\":\"SearchAction\",\"target\":{\"@type\":\"EntryPoint\",\"urlTemplate\":\"https:\/\/publissoft.dev\/spasante\/?s={search_term_string}\"},\"query-input\":\"required name=search_term_string\"}],\"inLanguage\":\"fr-CA\"},{\"@type\":\"Organization\",\"@id\":\"https:\/\/publissoft.dev\/spasante\/#organization\",\"name\":\"Spa Sant\u00e9 Le N\u00e9nuphar\",\"url\":\"https:\/\/publissoft.dev\/spasante\/\",\"logo\":{\"@type\":\"ImageObject\",\"inLanguage\":\"fr-CA\",\"@id\":\"https:\/\/publissoft.dev\/spasante\/#\/schema\/logo\/image\/\",\"url\":\"https:\/\/publissoft.dev\/spasante\/wp-content\/uploads\/2022\/11\/logo-jpg.jpeg\",\"contentUrl\":\"https:\/\/publissoft.dev\/spasante\/wp-content\/uploads\/2022\/11\/logo-jpg.jpeg\",\"width\":900,\"height\":900,\"caption\":\"Spa Sant\u00e9 Le N\u00e9nuphar\"},\"image\":{\"@id\":\"https:\/\/publissoft.dev\/spasante\/#\/schema\/logo\/image\/\"},\"sameAs\":[\"https:\/\/www.facebook.com\/SpaSanteLeNenuphar\",\"https:\/\/www.instagram.com\/spasantelenenuphar\/?hl=fr\"]}]}<\/script>\n<!-- \/ Yoast SEO plugin. -->","yoast_head_json":{"title":"Dr. Renaud - \u00c9mulsion contr\u00f4le 24h Rosa-C3 - Spa Sant\u00e9 Le N\u00e9nuphar","robots":{"index":"noindex","follow":"follow","max-snippet":"max-snippet:-1","max-image-preview":"max-image-preview:large","max-video-preview":"max-video-preview:-1"},"og_locale":"fr_CA","og_type":"article","og_title":"Dr. Renaud - \u00c9mulsion contr\u00f4le 24h Rosa-C3 - Spa Sant\u00e9 Le N\u00e9nuphar","og_description":"Ajoute du confort \u00e0 la peau et contr\u00f4le les d\u00e9fenses cutan\u00e9es. Diminue les rougeurs et leur \u00e9volution 50 ml  L\u2019\u00e9mulsion contr\u00f4le 24 heures Rosa-C3 convient aux femmes et aux hommes \u00e0 la peau sensible. Le produit se distingue par une action cibl\u00e9e qui r\u00e9duit visiblement l\u2019apparence des rougeurs et qui aide aussi \u00e0 ralentir l\u2019\u00e9volution des diff\u00e9rents signes inesth\u00e9tiques. Gr\u00e2ce \u00e0 sa texture l\u00e9g\u00e8re, son odeur apaisante de fruits rouges et sa teinte verte, il laisse la peau apais\u00e9e et hydrat\u00e9e tout en neutralisant partiellement l\u2019apparence des rougeurs cutan\u00e9es par compl\u00e9ment de couleur.","og_url":"https:\/\/publissoft.dev\/spasante\/produit\/dr-renaud-emulsion-controle-24h-rosa-c3\/","og_site_name":"Spa Sant\u00e9 Le N\u00e9nuphar","article_publisher":"https:\/\/www.facebook.com\/SpaSanteLeNenuphar","article_modified_time":"2024-01-30T15:42:18+00:00","og_image":[{"width":1500,"height":1500,"url":"https:\/\/publissoft.dev\/spasante\/wp-content\/uploads\/2022\/07\/10607-Rosa-C3_24H_EmulsionControl_50ml.jpg","type":"image\/jpeg"}],"twitter_card":"summary_large_image","twitter_misc":{"Estimation du temps de lecture":"1 minute"},"schema":{"@context":"https:\/\/schema.org","@graph":[{"@type":"WebPage","@id":"https:\/\/publissoft.dev\/spasante\/produit\/dr-renaud-emulsion-controle-24h-rosa-c3\/","url":"https:\/\/publissoft.dev\/spasante\/produit\/dr-renaud-emulsion-controle-24h-rosa-c3\/","name":"Dr. Renaud - \u00c9mulsion contr\u00f4le 24h Rosa-C3 - Spa Sant\u00e9 Le N\u00e9nuphar","isPartOf":{"@id":"https:\/\/publissoft.dev\/spasante\/#website"},"primaryImageOfPage":{"@id":"https:\/\/publissoft.dev\/spasante\/produit\/dr-renaud-emulsion-controle-24h-rosa-c3\/#primaryimage"},"image":{"@id":"https:\/\/publissoft.dev\/spasante\/produit\/dr-renaud-emulsion-controle-24h-rosa-c3\/#primaryimage"},"thumbnailUrl":"https:\/\/publissoft.dev\/spasante\/wp-content\/uploads\/2022\/07\/10607-Rosa-C3_24H_EmulsionControl_50ml.jpg","datePublished":"2022-07-09T19:15:38+00:00","dateModified":"2024-01-30T15:42:18+00:00","breadcrumb":{"@id":"https:\/\/publissoft.dev\/spasante\/produit\/dr-renaud-emulsion-controle-24h-rosa-c3\/#breadcrumb"},"inLanguage":"fr-CA","potentialAction":[{"@type":"ReadAction","target":["https:\/\/publissoft.dev\/spasante\/produit\/dr-renaud-emulsion-controle-24h-rosa-c3\/"]}]},{"@type":"ImageObject","inLanguage":"fr-CA","@id":"https:\/\/publissoft.dev\/spasante\/produit\/dr-renaud-emulsion-controle-24h-rosa-c3\/#primaryimage","url":"https:\/\/publissoft.dev\/spasante\/wp-content\/uploads\/2022\/07\/10607-Rosa-C3_24H_EmulsionControl_50ml.jpg","contentUrl":"https:\/\/publissoft.dev\/spasante\/wp-content\/uploads\/2022\/07\/10607-Rosa-C3_24H_EmulsionControl_50ml.jpg","width":1500,"height":1500},{"@type":"BreadcrumbList","@id":"https:\/\/publissoft.dev\/spasante\/produit\/dr-renaud-emulsion-controle-24h-rosa-c3\/#breadcrumb","itemListElement":[{"@type":"ListItem","position":1,"name":"Accueil","item":"https:\/\/publissoft.dev\/spasante\/"},{"@type":"ListItem","position":2,"name":"Boutique","item":"https:\/\/publissoft.dev\/spasante\/boutique\/"},{"@type":"ListItem","position":3,"name":"Dr. Renaud &#8211; \u00c9mulsion contr\u00f4le 24h Rosa-C3"}]},{"@type":"WebSite","@id":"https:\/\/publissoft.dev\/spasante\/#website","url":"https:\/\/publissoft.dev\/spasante\/","name":"Spa Sant\u00e9 Le N\u00e9nuphar","description":"","publisher":{"@id":"https:\/\/publissoft.dev\/spasante\/#organization"},"potentialAction":[{"@type":"SearchAction","target":{"@type":"EntryPoint","urlTemplate":"https:\/\/publissoft.dev\/spasante\/?s={search_term_string}"},"query-input":"required name=search_term_string"}],"inLanguage":"fr-CA"},{"@type":"Organization","@id":"https:\/\/publissoft.dev\/spasante\/#organization","name":"Spa Sant\u00e9 Le N\u00e9nuphar","url":"https:\/\/publissoft.dev\/spasante\/","logo":{"@type":"ImageObject","inLanguage":"fr-CA","@id":"https:\/\/publissoft.dev\/spasante\/#\/schema\/logo\/image\/","url":"https:\/\/publissoft.dev\/spasante\/wp-content\/uploads\/2022\/11\/logo-jpg.jpeg","contentUrl":"https:\/\/publissoft.dev\/spasante\/wp-content\/uploads\/2022\/11\/logo-jpg.jpeg","width":900,"height":900,"caption":"Spa Sant\u00e9 Le N\u00e9nuphar"},"image":{"@id":"https:\/\/publissoft.dev\/spasante\/#\/schema\/logo\/image\/"},"sameAs":["https:\/\/www.facebook.com\/SpaSanteLeNenuphar","https:\/\/www.instagram.com\/spasantelenenuphar\/?hl=fr"]}]}},"_links":{"self":[{"href":"https:\/\/publissoft.dev\/spasante\/wp-json\/wp\/v2\/product\/3041","targetHints":{"allow":["GET"]}}],"collection":[{"href":"https:\/\/publissoft.dev\/spasante\/wp-json\/wp\/v2\/product"}],"about":[{"href":"https:\/\/publissoft.dev\/spasante\/wp-json\/wp\/v2\/types\/product"}],"wp:featuredmedia":[{"embeddable":true,"href":"https:\/\/publissoft.dev\/spasante\/wp-json\/wp\/v2\/media\/3042"}],"wp:attachment":[{"href":"https:\/\/publissoft.dev\/spasante\/wp-json\/wp\/v2\/media?parent=3041"}],"wp:term":[{"taxonomy":"product_cat","embeddable":true,"href":"https:\/\/publissoft.dev\/spasante\/wp-json\/wp\/v2\/product_cat?post=3041"},{"taxonomy":"product_tag","embeddable":true,"href":"https:\/\/publissoft.dev\/spasante\/wp-json\/wp\/v2\/product_tag?post=3041"},{"taxonomy":"giftcard-category","embeddable":true,"href":"https:\/\/publissoft.dev\/spasante\/wp-json\/wp\/v2\/giftcard-category?post=3041"}],"curies":[{"name":"wp","href":"https:\/\/api.w.org\/{rel}","templated":true}]}}