{"id":3059,"date":"2022-07-09T15:36:44","date_gmt":"2022-07-09T19:36:44","guid":{"rendered":"https:\/\/publissoft.dev\/spasante\/?post_type=product&#038;p=3059"},"modified":"2024-01-30T12:02:59","modified_gmt":"2024-01-30T17:02:59","slug":"dr-renaud-createur-de-teint-color-glow","status":"publish","type":"product","link":"https:\/\/publissoft.dev\/spasante\/produit\/dr-renaud-createur-de-teint-color-glow\/","title":{"rendered":"Dr. Renaud &#8211; Cr\u00e9ateur de teint Color Glow"},"content":{"rendered":"<p>Pigment min\u00e9ral concentr\u00e9 qui transforme tout type de cr\u00e8me en un hydratant teint\u00e9 sur mesure<br \/>\n10 ml<\/p>\n<p>Cr\u00e9ez votre propre cr\u00e8me teint\u00e9e gr\u00e2ce \u00e0 cet astucieux concentr\u00e9 de pigments min\u00e9raux universels \u00e0 ajouter \u00e0 votre cr\u00e8me de jour pr\u00e9f\u00e9r\u00e9e. Vous retrouverez instantan\u00e9ment un teint radieux et une bonne mine naturelle!<\/p>\n","protected":false},"excerpt":{"rendered":"<p>Pigment min\u00e9ral concentr\u00e9 qui transforme tout type de cr\u00e8me en un hydratant teint\u00e9 sur mesure 10 ml Cr\u00e9ez votre propre cr\u00e8me teint\u00e9e gr\u00e2ce \u00e0 cet astucieux concentr\u00e9 de pigments min\u00e9raux universels \u00e0 ajouter \u00e0 votre cr\u00e8me de jour pr\u00e9f\u00e9r\u00e9e. Vous retrouverez instantan\u00e9ment un teint radieux et une bonne mine naturelle!<\/p>\n","protected":false},"featured_media":3060,"template":"","meta":{"_acf_changed":false,"_genesis_hide_title":false,"_genesis_hide_breadcrumbs":false,"_genesis_hide_singular_image":false,"_genesis_hide_footer_widgets":false,"_genesis_custom_body_class":"","_genesis_custom_post_class":"","_genesis_layout":""},"product_cat":[37,31],"product_tag":[],"giftcard-category":[],"class_list":{"0":"post-3059","1":"product","2":"type-product","3":"status-publish","4":"has-post-thumbnail","6":"product_cat-produits","7":"product_cat-laboratoire-dr-renaud","8":"entry","10":"first","11":"instock","12":"taxable","13":"shipping-taxable","14":"purchasable","15":"product-type-simple"},"acf":[],"yoast_head":"<!-- This site is optimized with the Yoast SEO plugin v22.5 - https:\/\/yoast.com\/wordpress\/plugins\/seo\/ -->\n<title>Dr. Renaud - Cr\u00e9ateur de teint Color Glow - Spa Sant\u00e9 Le N\u00e9nuphar<\/title>\n<meta name=\"description\" content=\"Pigment min\u00e9ral concentr\u00e9 qui transforme tout type de cr\u00e8me en un hydratant teint\u00e9 sur mesure10 mlCr\u00e9ez votre propre cr\u00e8me teint\u00e9e gr\u00e2ce \u00e0 cet astucieux concentr\u00e9 de pigments min\u00e9raux universels \u00e0 ajouter \u00e0 votre cr\u00e8me de jour pr\u00e9f\u00e9r\u00e9e. Vous retrouverez instantan\u00e9ment un teint radieux et une bonne mine naturelle!\" \/>\n<meta name=\"robots\" content=\"noindex, follow, max-snippet:-1, max-image-preview:large, max-video-preview:-1\" \/>\n<meta property=\"og:locale\" content=\"fr_CA\" \/>\n<meta property=\"og:type\" content=\"article\" \/>\n<meta property=\"og:title\" content=\"Dr. Renaud - Cr\u00e9ateur de teint Color Glow - Spa Sant\u00e9 Le N\u00e9nuphar\" \/>\n<meta property=\"og:description\" content=\"Pigment min\u00e9ral concentr\u00e9 qui transforme tout type de cr\u00e8me en un hydratant teint\u00e9 sur mesure10 mlCr\u00e9ez votre propre cr\u00e8me teint\u00e9e gr\u00e2ce \u00e0 cet astucieux concentr\u00e9 de pigments min\u00e9raux universels \u00e0 ajouter \u00e0 votre cr\u00e8me de jour pr\u00e9f\u00e9r\u00e9e. Vous retrouverez instantan\u00e9ment un teint radieux et une bonne mine naturelle!\" \/>\n<meta property=\"og:url\" content=\"https:\/\/publissoft.dev\/spasante\/produit\/dr-renaud-createur-de-teint-color-glow\/\" \/>\n<meta property=\"og:site_name\" content=\"Spa Sant\u00e9 Le N\u00e9nuphar\" \/>\n<meta property=\"article:publisher\" content=\"https:\/\/www.facebook.com\/SpaSanteLeNenuphar\" \/>\n<meta property=\"article:modified_time\" content=\"2024-01-30T17:02:59+00:00\" \/>\n<meta property=\"og:image\" content=\"https:\/\/publissoft.dev\/spasante\/wp-content\/uploads\/2022\/07\/10480-ColourGlow_10ml.jpg\" \/>\n\t<meta property=\"og:image:width\" content=\"1500\" \/>\n\t<meta property=\"og:image:height\" content=\"1500\" \/>\n\t<meta property=\"og:image:type\" content=\"image\/jpeg\" \/>\n<meta name=\"twitter:card\" content=\"summary_large_image\" \/>\n<meta name=\"twitter:label1\" content=\"Estimation du temps de lecture\" \/>\n\t<meta name=\"twitter:data1\" content=\"1 minute\" \/>\n<script type=\"application\/ld+json\" class=\"yoast-schema-graph\">{\"@context\":\"https:\/\/schema.org\",\"@graph\":[{\"@type\":\"WebPage\",\"@id\":\"https:\/\/publissoft.dev\/spasante\/produit\/dr-renaud-createur-de-teint-color-glow\/\",\"url\":\"https:\/\/publissoft.dev\/spasante\/produit\/dr-renaud-createur-de-teint-color-glow\/\",\"name\":\"Dr. Renaud - Cr\u00e9ateur de teint Color Glow - Spa Sant\u00e9 Le N\u00e9nuphar\",\"isPartOf\":{\"@id\":\"https:\/\/publissoft.dev\/spasante\/#website\"},\"primaryImageOfPage\":{\"@id\":\"https:\/\/publissoft.dev\/spasante\/produit\/dr-renaud-createur-de-teint-color-glow\/#primaryimage\"},\"image\":{\"@id\":\"https:\/\/publissoft.dev\/spasante\/produit\/dr-renaud-createur-de-teint-color-glow\/#primaryimage\"},\"thumbnailUrl\":\"https:\/\/publissoft.dev\/spasante\/wp-content\/uploads\/2022\/07\/10480-ColourGlow_10ml.jpg\",\"datePublished\":\"2022-07-09T19:36:44+00:00\",\"dateModified\":\"2024-01-30T17:02:59+00:00\",\"description\":\"Pigment min\u00e9ral concentr\u00e9 qui transforme tout type de cr\u00e8me en un hydratant teint\u00e9 sur mesure10 mlCr\u00e9ez votre propre cr\u00e8me teint\u00e9e gr\u00e2ce \u00e0 cet astucieux concentr\u00e9 de pigments min\u00e9raux universels \u00e0 ajouter \u00e0 votre cr\u00e8me de jour pr\u00e9f\u00e9r\u00e9e. Vous retrouverez instantan\u00e9ment un teint radieux et une bonne mine naturelle!\",\"breadcrumb\":{\"@id\":\"https:\/\/publissoft.dev\/spasante\/produit\/dr-renaud-createur-de-teint-color-glow\/#breadcrumb\"},\"inLanguage\":\"fr-CA\",\"potentialAction\":[{\"@type\":\"ReadAction\",\"target\":[\"https:\/\/publissoft.dev\/spasante\/produit\/dr-renaud-createur-de-teint-color-glow\/\"]}]},{\"@type\":\"ImageObject\",\"inLanguage\":\"fr-CA\",\"@id\":\"https:\/\/publissoft.dev\/spasante\/produit\/dr-renaud-createur-de-teint-color-glow\/#primaryimage\",\"url\":\"https:\/\/publissoft.dev\/spasante\/wp-content\/uploads\/2022\/07\/10480-ColourGlow_10ml.jpg\",\"contentUrl\":\"https:\/\/publissoft.dev\/spasante\/wp-content\/uploads\/2022\/07\/10480-ColourGlow_10ml.jpg\",\"width\":1500,\"height\":1500},{\"@type\":\"BreadcrumbList\",\"@id\":\"https:\/\/publissoft.dev\/spasante\/produit\/dr-renaud-createur-de-teint-color-glow\/#breadcrumb\",\"itemListElement\":[{\"@type\":\"ListItem\",\"position\":1,\"name\":\"Accueil\",\"item\":\"https:\/\/publissoft.dev\/spasante\/\"},{\"@type\":\"ListItem\",\"position\":2,\"name\":\"Boutique\",\"item\":\"https:\/\/publissoft.dev\/spasante\/boutique\/\"},{\"@type\":\"ListItem\",\"position\":3,\"name\":\"Dr. Renaud &#8211; Cr\u00e9ateur de teint Color Glow\"}]},{\"@type\":\"WebSite\",\"@id\":\"https:\/\/publissoft.dev\/spasante\/#website\",\"url\":\"https:\/\/publissoft.dev\/spasante\/\",\"name\":\"Spa Sant\u00e9 Le N\u00e9nuphar\",\"description\":\"\",\"publisher\":{\"@id\":\"https:\/\/publissoft.dev\/spasante\/#organization\"},\"potentialAction\":[{\"@type\":\"SearchAction\",\"target\":{\"@type\":\"EntryPoint\",\"urlTemplate\":\"https:\/\/publissoft.dev\/spasante\/?s={search_term_string}\"},\"query-input\":\"required name=search_term_string\"}],\"inLanguage\":\"fr-CA\"},{\"@type\":\"Organization\",\"@id\":\"https:\/\/publissoft.dev\/spasante\/#organization\",\"name\":\"Spa Sant\u00e9 Le N\u00e9nuphar\",\"url\":\"https:\/\/publissoft.dev\/spasante\/\",\"logo\":{\"@type\":\"ImageObject\",\"inLanguage\":\"fr-CA\",\"@id\":\"https:\/\/publissoft.dev\/spasante\/#\/schema\/logo\/image\/\",\"url\":\"https:\/\/publissoft.dev\/spasante\/wp-content\/uploads\/2022\/11\/logo-jpg.jpeg\",\"contentUrl\":\"https:\/\/publissoft.dev\/spasante\/wp-content\/uploads\/2022\/11\/logo-jpg.jpeg\",\"width\":900,\"height\":900,\"caption\":\"Spa Sant\u00e9 Le N\u00e9nuphar\"},\"image\":{\"@id\":\"https:\/\/publissoft.dev\/spasante\/#\/schema\/logo\/image\/\"},\"sameAs\":[\"https:\/\/www.facebook.com\/SpaSanteLeNenuphar\",\"https:\/\/www.instagram.com\/spasantelenenuphar\/?hl=fr\"]}]}<\/script>\n<!-- \/ Yoast SEO plugin. -->","yoast_head_json":{"title":"Dr. Renaud - Cr\u00e9ateur de teint Color Glow - Spa Sant\u00e9 Le N\u00e9nuphar","description":"Pigment min\u00e9ral concentr\u00e9 qui transforme tout type de cr\u00e8me en un hydratant teint\u00e9 sur mesure10 mlCr\u00e9ez votre propre cr\u00e8me teint\u00e9e gr\u00e2ce \u00e0 cet astucieux concentr\u00e9 de pigments min\u00e9raux universels \u00e0 ajouter \u00e0 votre cr\u00e8me de jour pr\u00e9f\u00e9r\u00e9e. Vous retrouverez instantan\u00e9ment un teint radieux et une bonne mine naturelle!","robots":{"index":"noindex","follow":"follow","max-snippet":"max-snippet:-1","max-image-preview":"max-image-preview:large","max-video-preview":"max-video-preview:-1"},"og_locale":"fr_CA","og_type":"article","og_title":"Dr. Renaud - Cr\u00e9ateur de teint Color Glow - Spa Sant\u00e9 Le N\u00e9nuphar","og_description":"Pigment min\u00e9ral concentr\u00e9 qui transforme tout type de cr\u00e8me en un hydratant teint\u00e9 sur mesure10 mlCr\u00e9ez votre propre cr\u00e8me teint\u00e9e gr\u00e2ce \u00e0 cet astucieux concentr\u00e9 de pigments min\u00e9raux universels \u00e0 ajouter \u00e0 votre cr\u00e8me de jour pr\u00e9f\u00e9r\u00e9e. Vous retrouverez instantan\u00e9ment un teint radieux et une bonne mine naturelle!","og_url":"https:\/\/publissoft.dev\/spasante\/produit\/dr-renaud-createur-de-teint-color-glow\/","og_site_name":"Spa Sant\u00e9 Le N\u00e9nuphar","article_publisher":"https:\/\/www.facebook.com\/SpaSanteLeNenuphar","article_modified_time":"2024-01-30T17:02:59+00:00","og_image":[{"width":1500,"height":1500,"url":"https:\/\/publissoft.dev\/spasante\/wp-content\/uploads\/2022\/07\/10480-ColourGlow_10ml.jpg","type":"image\/jpeg"}],"twitter_card":"summary_large_image","twitter_misc":{"Estimation du temps de lecture":"1 minute"},"schema":{"@context":"https:\/\/schema.org","@graph":[{"@type":"WebPage","@id":"https:\/\/publissoft.dev\/spasante\/produit\/dr-renaud-createur-de-teint-color-glow\/","url":"https:\/\/publissoft.dev\/spasante\/produit\/dr-renaud-createur-de-teint-color-glow\/","name":"Dr. Renaud - Cr\u00e9ateur de teint Color Glow - Spa Sant\u00e9 Le N\u00e9nuphar","isPartOf":{"@id":"https:\/\/publissoft.dev\/spasante\/#website"},"primaryImageOfPage":{"@id":"https:\/\/publissoft.dev\/spasante\/produit\/dr-renaud-createur-de-teint-color-glow\/#primaryimage"},"image":{"@id":"https:\/\/publissoft.dev\/spasante\/produit\/dr-renaud-createur-de-teint-color-glow\/#primaryimage"},"thumbnailUrl":"https:\/\/publissoft.dev\/spasante\/wp-content\/uploads\/2022\/07\/10480-ColourGlow_10ml.jpg","datePublished":"2022-07-09T19:36:44+00:00","dateModified":"2024-01-30T17:02:59+00:00","description":"Pigment min\u00e9ral concentr\u00e9 qui transforme tout type de cr\u00e8me en un hydratant teint\u00e9 sur mesure10 mlCr\u00e9ez votre propre cr\u00e8me teint\u00e9e gr\u00e2ce \u00e0 cet astucieux concentr\u00e9 de pigments min\u00e9raux universels \u00e0 ajouter \u00e0 votre cr\u00e8me de jour pr\u00e9f\u00e9r\u00e9e. Vous retrouverez instantan\u00e9ment un teint radieux et une bonne mine naturelle!","breadcrumb":{"@id":"https:\/\/publissoft.dev\/spasante\/produit\/dr-renaud-createur-de-teint-color-glow\/#breadcrumb"},"inLanguage":"fr-CA","potentialAction":[{"@type":"ReadAction","target":["https:\/\/publissoft.dev\/spasante\/produit\/dr-renaud-createur-de-teint-color-glow\/"]}]},{"@type":"ImageObject","inLanguage":"fr-CA","@id":"https:\/\/publissoft.dev\/spasante\/produit\/dr-renaud-createur-de-teint-color-glow\/#primaryimage","url":"https:\/\/publissoft.dev\/spasante\/wp-content\/uploads\/2022\/07\/10480-ColourGlow_10ml.jpg","contentUrl":"https:\/\/publissoft.dev\/spasante\/wp-content\/uploads\/2022\/07\/10480-ColourGlow_10ml.jpg","width":1500,"height":1500},{"@type":"BreadcrumbList","@id":"https:\/\/publissoft.dev\/spasante\/produit\/dr-renaud-createur-de-teint-color-glow\/#breadcrumb","itemListElement":[{"@type":"ListItem","position":1,"name":"Accueil","item":"https:\/\/publissoft.dev\/spasante\/"},{"@type":"ListItem","position":2,"name":"Boutique","item":"https:\/\/publissoft.dev\/spasante\/boutique\/"},{"@type":"ListItem","position":3,"name":"Dr. Renaud &#8211; Cr\u00e9ateur de teint Color Glow"}]},{"@type":"WebSite","@id":"https:\/\/publissoft.dev\/spasante\/#website","url":"https:\/\/publissoft.dev\/spasante\/","name":"Spa Sant\u00e9 Le N\u00e9nuphar","description":"","publisher":{"@id":"https:\/\/publissoft.dev\/spasante\/#organization"},"potentialAction":[{"@type":"SearchAction","target":{"@type":"EntryPoint","urlTemplate":"https:\/\/publissoft.dev\/spasante\/?s={search_term_string}"},"query-input":"required name=search_term_string"}],"inLanguage":"fr-CA"},{"@type":"Organization","@id":"https:\/\/publissoft.dev\/spasante\/#organization","name":"Spa Sant\u00e9 Le N\u00e9nuphar","url":"https:\/\/publissoft.dev\/spasante\/","logo":{"@type":"ImageObject","inLanguage":"fr-CA","@id":"https:\/\/publissoft.dev\/spasante\/#\/schema\/logo\/image\/","url":"https:\/\/publissoft.dev\/spasante\/wp-content\/uploads\/2022\/11\/logo-jpg.jpeg","contentUrl":"https:\/\/publissoft.dev\/spasante\/wp-content\/uploads\/2022\/11\/logo-jpg.jpeg","width":900,"height":900,"caption":"Spa Sant\u00e9 Le N\u00e9nuphar"},"image":{"@id":"https:\/\/publissoft.dev\/spasante\/#\/schema\/logo\/image\/"},"sameAs":["https:\/\/www.facebook.com\/SpaSanteLeNenuphar","https:\/\/www.instagram.com\/spasantelenenuphar\/?hl=fr"]}]}},"_links":{"self":[{"href":"https:\/\/publissoft.dev\/spasante\/wp-json\/wp\/v2\/product\/3059","targetHints":{"allow":["GET"]}}],"collection":[{"href":"https:\/\/publissoft.dev\/spasante\/wp-json\/wp\/v2\/product"}],"about":[{"href":"https:\/\/publissoft.dev\/spasante\/wp-json\/wp\/v2\/types\/product"}],"wp:featuredmedia":[{"embeddable":true,"href":"https:\/\/publissoft.dev\/spasante\/wp-json\/wp\/v2\/media\/3060"}],"wp:attachment":[{"href":"https:\/\/publissoft.dev\/spasante\/wp-json\/wp\/v2\/media?parent=3059"}],"wp:term":[{"taxonomy":"product_cat","embeddable":true,"href":"https:\/\/publissoft.dev\/spasante\/wp-json\/wp\/v2\/product_cat?post=3059"},{"taxonomy":"product_tag","embeddable":true,"href":"https:\/\/publissoft.dev\/spasante\/wp-json\/wp\/v2\/product_tag?post=3059"},{"taxonomy":"giftcard-category","embeddable":true,"href":"https:\/\/publissoft.dev\/spasante\/wp-json\/wp\/v2\/giftcard-category?post=3059"}],"curies":[{"name":"wp","href":"https:\/\/api.w.org\/{rel}","templated":true}]}}