{"id":313,"date":"2022-01-27T14:34:24","date_gmt":"2022-01-27T14:34:24","guid":{"rendered":"https:\/\/publissoft.dev\/spasante\/produit\/defi-cellulite\/"},"modified":"2023-04-04T15:55:11","modified_gmt":"2023-04-04T19:55:11","slug":"defi-cellulite","status":"publish","type":"product","link":"https:\/\/publissoft.dev\/spasante\/produit\/defi-cellulite\/","title":{"rendered":"Thalgo &#8211; D\u00e9fi cellulite &#8211; Correcteur global cellulite"},"content":{"rendered":"<p data-mce-fragment=\"1\">Ce gel correcteur de la cellulite rebelle permet de court-circuiter les voies de signalisation du stockage adipocytaire pour r\u00e9duire les amas graisseux les plus r\u00e9sistants en 14 jours seulement.<\/p>\n<p data-mce-fragment=\"1\">Pour combattre efficacement la cellulite, qu\u2019elle soit l\u00e9g\u00e8re ou rebelle, THALGO innove avec sa technologie Oxy Active. L\u2019extrait pur de Coleus forskohlii, suppl\u00e9ment\u00e9 de l\u2019algue brune Fucus serratus, relance massivement l\u2019oxyg\u00e9nation, pour inverser le processus g\u00e9n\u00e9rateur de capitons.<\/p>\n<p data-mce-fragment=\"1\">Format 150ml<\/p>\n","protected":false},"excerpt":{"rendered":"<p>Ce gel correcteur de la cellulite rebelle permet de court-circuiter les voies de signalisation du stockage adipocytaire pour r\u00e9duire les amas graisseux les plus r\u00e9sistants en 14 jours seulement. Pour combattre efficacement la cellulite, qu\u2019elle soit l\u00e9g\u00e8re ou rebelle, THALGO innove avec sa technologie Oxy Active. L\u2019extrait pur de Coleus forskohlii, suppl\u00e9ment\u00e9 de l\u2019algue brune &hellip;<\/p>\n","protected":false},"featured_media":2557,"template":"","meta":{"_acf_changed":false,"_genesis_hide_title":false,"_genesis_hide_breadcrumbs":false,"_genesis_hide_singular_image":false,"_genesis_hide_footer_widgets":false,"_genesis_custom_body_class":"","_genesis_custom_post_class":"","_genesis_layout":""},"product_cat":[53,37,45,46],"product_tag":[],"giftcard-category":[],"class_list":{"0":"post-313","1":"product","2":"type-product","3":"status-publish","4":"has-post-thumbnail","6":"product_cat-gift-card","7":"product_cat-produits","8":"product_cat-thalgo","9":"product_cat-tous","10":"entry","12":"first","13":"instock","14":"taxable","15":"shipping-taxable","16":"purchasable","17":"product-type-simple"},"acf":[],"yoast_head":"<!-- This site is optimized with the Yoast SEO plugin v22.5 - https:\/\/yoast.com\/wordpress\/plugins\/seo\/ -->\n<title>Thalgo - D\u00e9fi cellulite - Correcteur global cellulite - Spa Sant\u00e9 Le N\u00e9nuphar<\/title>\n<meta name=\"robots\" content=\"noindex, follow, max-snippet:-1, max-image-preview:large, max-video-preview:-1\" \/>\n<meta property=\"og:locale\" content=\"fr_CA\" \/>\n<meta property=\"og:type\" content=\"article\" \/>\n<meta property=\"og:title\" content=\"Thalgo - D\u00e9fi cellulite - Correcteur global cellulite - Spa Sant\u00e9 Le N\u00e9nuphar\" \/>\n<meta property=\"og:description\" content=\"Ce gel correcteur de la cellulite rebelle permet de court-circuiter les voies de signalisation du stockage adipocytaire pour r\u00e9duire les amas graisseux les plus r\u00e9sistants en 14 jours seulement. Pour combattre efficacement la cellulite, qu\u2019elle soit l\u00e9g\u00e8re ou rebelle, THALGO innove avec sa technologie Oxy Active. L\u2019extrait pur de Coleus forskohlii, suppl\u00e9ment\u00e9 de l\u2019algue brune &hellip;\" \/>\n<meta property=\"og:url\" content=\"https:\/\/publissoft.dev\/spasante\/produit\/defi-cellulite\/\" \/>\n<meta property=\"og:site_name\" content=\"Spa Sant\u00e9 Le N\u00e9nuphar\" \/>\n<meta property=\"article:publisher\" content=\"https:\/\/www.facebook.com\/SpaSanteLeNenuphar\" \/>\n<meta property=\"article:modified_time\" content=\"2023-04-04T19:55:11+00:00\" \/>\n<meta property=\"og:image\" content=\"https:\/\/publissoft.dev\/spasante\/wp-content\/uploads\/2022\/01\/Spasantelenenuphar-thalgo-deficellulitecorrecteurglobal.jpg\" \/>\n\t<meta property=\"og:image:width\" content=\"1000\" \/>\n\t<meta property=\"og:image:height\" content=\"1000\" \/>\n\t<meta property=\"og:image:type\" content=\"image\/jpeg\" \/>\n<meta name=\"twitter:card\" content=\"summary_large_image\" \/>\n<meta name=\"twitter:label1\" content=\"Estimation du temps de lecture\" \/>\n\t<meta name=\"twitter:data1\" content=\"1 minute\" \/>\n<script type=\"application\/ld+json\" class=\"yoast-schema-graph\">{\"@context\":\"https:\/\/schema.org\",\"@graph\":[{\"@type\":\"WebPage\",\"@id\":\"https:\/\/publissoft.dev\/spasante\/produit\/defi-cellulite\/\",\"url\":\"https:\/\/publissoft.dev\/spasante\/produit\/defi-cellulite\/\",\"name\":\"Thalgo - D\u00e9fi cellulite - Correcteur global cellulite - Spa Sant\u00e9 Le N\u00e9nuphar\",\"isPartOf\":{\"@id\":\"https:\/\/publissoft.dev\/spasante\/#website\"},\"primaryImageOfPage\":{\"@id\":\"https:\/\/publissoft.dev\/spasante\/produit\/defi-cellulite\/#primaryimage\"},\"image\":{\"@id\":\"https:\/\/publissoft.dev\/spasante\/produit\/defi-cellulite\/#primaryimage\"},\"thumbnailUrl\":\"https:\/\/publissoft.dev\/spasante\/wp-content\/uploads\/2022\/01\/Spasantelenenuphar-thalgo-deficellulitecorrecteurglobal.jpg\",\"datePublished\":\"2022-01-27T14:34:24+00:00\",\"dateModified\":\"2023-04-04T19:55:11+00:00\",\"breadcrumb\":{\"@id\":\"https:\/\/publissoft.dev\/spasante\/produit\/defi-cellulite\/#breadcrumb\"},\"inLanguage\":\"fr-CA\",\"potentialAction\":[{\"@type\":\"ReadAction\",\"target\":[\"https:\/\/publissoft.dev\/spasante\/produit\/defi-cellulite\/\"]}]},{\"@type\":\"ImageObject\",\"inLanguage\":\"fr-CA\",\"@id\":\"https:\/\/publissoft.dev\/spasante\/produit\/defi-cellulite\/#primaryimage\",\"url\":\"https:\/\/publissoft.dev\/spasante\/wp-content\/uploads\/2022\/01\/Spasantelenenuphar-thalgo-deficellulitecorrecteurglobal.jpg\",\"contentUrl\":\"https:\/\/publissoft.dev\/spasante\/wp-content\/uploads\/2022\/01\/Spasantelenenuphar-thalgo-deficellulitecorrecteurglobal.jpg\",\"width\":1000,\"height\":1000},{\"@type\":\"BreadcrumbList\",\"@id\":\"https:\/\/publissoft.dev\/spasante\/produit\/defi-cellulite\/#breadcrumb\",\"itemListElement\":[{\"@type\":\"ListItem\",\"position\":1,\"name\":\"Accueil\",\"item\":\"https:\/\/publissoft.dev\/spasante\/\"},{\"@type\":\"ListItem\",\"position\":2,\"name\":\"Boutique\",\"item\":\"https:\/\/publissoft.dev\/spasante\/boutique\/\"},{\"@type\":\"ListItem\",\"position\":3,\"name\":\"Thalgo &#8211; D\u00e9fi cellulite &#8211; Correcteur global cellulite\"}]},{\"@type\":\"WebSite\",\"@id\":\"https:\/\/publissoft.dev\/spasante\/#website\",\"url\":\"https:\/\/publissoft.dev\/spasante\/\",\"name\":\"Spa Sant\u00e9 Le N\u00e9nuphar\",\"description\":\"\",\"publisher\":{\"@id\":\"https:\/\/publissoft.dev\/spasante\/#organization\"},\"potentialAction\":[{\"@type\":\"SearchAction\",\"target\":{\"@type\":\"EntryPoint\",\"urlTemplate\":\"https:\/\/publissoft.dev\/spasante\/?s={search_term_string}\"},\"query-input\":\"required name=search_term_string\"}],\"inLanguage\":\"fr-CA\"},{\"@type\":\"Organization\",\"@id\":\"https:\/\/publissoft.dev\/spasante\/#organization\",\"name\":\"Spa Sant\u00e9 Le N\u00e9nuphar\",\"url\":\"https:\/\/publissoft.dev\/spasante\/\",\"logo\":{\"@type\":\"ImageObject\",\"inLanguage\":\"fr-CA\",\"@id\":\"https:\/\/publissoft.dev\/spasante\/#\/schema\/logo\/image\/\",\"url\":\"https:\/\/publissoft.dev\/spasante\/wp-content\/uploads\/2022\/11\/logo-jpg.jpeg\",\"contentUrl\":\"https:\/\/publissoft.dev\/spasante\/wp-content\/uploads\/2022\/11\/logo-jpg.jpeg\",\"width\":900,\"height\":900,\"caption\":\"Spa Sant\u00e9 Le N\u00e9nuphar\"},\"image\":{\"@id\":\"https:\/\/publissoft.dev\/spasante\/#\/schema\/logo\/image\/\"},\"sameAs\":[\"https:\/\/www.facebook.com\/SpaSanteLeNenuphar\",\"https:\/\/www.instagram.com\/spasantelenenuphar\/?hl=fr\"]}]}<\/script>\n<!-- \/ Yoast SEO plugin. -->","yoast_head_json":{"title":"Thalgo - D\u00e9fi cellulite - Correcteur global cellulite - Spa Sant\u00e9 Le N\u00e9nuphar","robots":{"index":"noindex","follow":"follow","max-snippet":"max-snippet:-1","max-image-preview":"max-image-preview:large","max-video-preview":"max-video-preview:-1"},"og_locale":"fr_CA","og_type":"article","og_title":"Thalgo - D\u00e9fi cellulite - Correcteur global cellulite - Spa Sant\u00e9 Le N\u00e9nuphar","og_description":"Ce gel correcteur de la cellulite rebelle permet de court-circuiter les voies de signalisation du stockage adipocytaire pour r\u00e9duire les amas graisseux les plus r\u00e9sistants en 14 jours seulement. Pour combattre efficacement la cellulite, qu\u2019elle soit l\u00e9g\u00e8re ou rebelle, THALGO innove avec sa technologie Oxy Active. L\u2019extrait pur de Coleus forskohlii, suppl\u00e9ment\u00e9 de l\u2019algue brune &hellip;","og_url":"https:\/\/publissoft.dev\/spasante\/produit\/defi-cellulite\/","og_site_name":"Spa Sant\u00e9 Le N\u00e9nuphar","article_publisher":"https:\/\/www.facebook.com\/SpaSanteLeNenuphar","article_modified_time":"2023-04-04T19:55:11+00:00","og_image":[{"width":1000,"height":1000,"url":"https:\/\/publissoft.dev\/spasante\/wp-content\/uploads\/2022\/01\/Spasantelenenuphar-thalgo-deficellulitecorrecteurglobal.jpg","type":"image\/jpeg"}],"twitter_card":"summary_large_image","twitter_misc":{"Estimation du temps de lecture":"1 minute"},"schema":{"@context":"https:\/\/schema.org","@graph":[{"@type":"WebPage","@id":"https:\/\/publissoft.dev\/spasante\/produit\/defi-cellulite\/","url":"https:\/\/publissoft.dev\/spasante\/produit\/defi-cellulite\/","name":"Thalgo - D\u00e9fi cellulite - Correcteur global cellulite - Spa Sant\u00e9 Le N\u00e9nuphar","isPartOf":{"@id":"https:\/\/publissoft.dev\/spasante\/#website"},"primaryImageOfPage":{"@id":"https:\/\/publissoft.dev\/spasante\/produit\/defi-cellulite\/#primaryimage"},"image":{"@id":"https:\/\/publissoft.dev\/spasante\/produit\/defi-cellulite\/#primaryimage"},"thumbnailUrl":"https:\/\/publissoft.dev\/spasante\/wp-content\/uploads\/2022\/01\/Spasantelenenuphar-thalgo-deficellulitecorrecteurglobal.jpg","datePublished":"2022-01-27T14:34:24+00:00","dateModified":"2023-04-04T19:55:11+00:00","breadcrumb":{"@id":"https:\/\/publissoft.dev\/spasante\/produit\/defi-cellulite\/#breadcrumb"},"inLanguage":"fr-CA","potentialAction":[{"@type":"ReadAction","target":["https:\/\/publissoft.dev\/spasante\/produit\/defi-cellulite\/"]}]},{"@type":"ImageObject","inLanguage":"fr-CA","@id":"https:\/\/publissoft.dev\/spasante\/produit\/defi-cellulite\/#primaryimage","url":"https:\/\/publissoft.dev\/spasante\/wp-content\/uploads\/2022\/01\/Spasantelenenuphar-thalgo-deficellulitecorrecteurglobal.jpg","contentUrl":"https:\/\/publissoft.dev\/spasante\/wp-content\/uploads\/2022\/01\/Spasantelenenuphar-thalgo-deficellulitecorrecteurglobal.jpg","width":1000,"height":1000},{"@type":"BreadcrumbList","@id":"https:\/\/publissoft.dev\/spasante\/produit\/defi-cellulite\/#breadcrumb","itemListElement":[{"@type":"ListItem","position":1,"name":"Accueil","item":"https:\/\/publissoft.dev\/spasante\/"},{"@type":"ListItem","position":2,"name":"Boutique","item":"https:\/\/publissoft.dev\/spasante\/boutique\/"},{"@type":"ListItem","position":3,"name":"Thalgo &#8211; D\u00e9fi cellulite &#8211; Correcteur global cellulite"}]},{"@type":"WebSite","@id":"https:\/\/publissoft.dev\/spasante\/#website","url":"https:\/\/publissoft.dev\/spasante\/","name":"Spa Sant\u00e9 Le N\u00e9nuphar","description":"","publisher":{"@id":"https:\/\/publissoft.dev\/spasante\/#organization"},"potentialAction":[{"@type":"SearchAction","target":{"@type":"EntryPoint","urlTemplate":"https:\/\/publissoft.dev\/spasante\/?s={search_term_string}"},"query-input":"required name=search_term_string"}],"inLanguage":"fr-CA"},{"@type":"Organization","@id":"https:\/\/publissoft.dev\/spasante\/#organization","name":"Spa Sant\u00e9 Le N\u00e9nuphar","url":"https:\/\/publissoft.dev\/spasante\/","logo":{"@type":"ImageObject","inLanguage":"fr-CA","@id":"https:\/\/publissoft.dev\/spasante\/#\/schema\/logo\/image\/","url":"https:\/\/publissoft.dev\/spasante\/wp-content\/uploads\/2022\/11\/logo-jpg.jpeg","contentUrl":"https:\/\/publissoft.dev\/spasante\/wp-content\/uploads\/2022\/11\/logo-jpg.jpeg","width":900,"height":900,"caption":"Spa Sant\u00e9 Le N\u00e9nuphar"},"image":{"@id":"https:\/\/publissoft.dev\/spasante\/#\/schema\/logo\/image\/"},"sameAs":["https:\/\/www.facebook.com\/SpaSanteLeNenuphar","https:\/\/www.instagram.com\/spasantelenenuphar\/?hl=fr"]}]}},"_links":{"self":[{"href":"https:\/\/publissoft.dev\/spasante\/wp-json\/wp\/v2\/product\/313","targetHints":{"allow":["GET"]}}],"collection":[{"href":"https:\/\/publissoft.dev\/spasante\/wp-json\/wp\/v2\/product"}],"about":[{"href":"https:\/\/publissoft.dev\/spasante\/wp-json\/wp\/v2\/types\/product"}],"wp:featuredmedia":[{"embeddable":true,"href":"https:\/\/publissoft.dev\/spasante\/wp-json\/wp\/v2\/media\/2557"}],"wp:attachment":[{"href":"https:\/\/publissoft.dev\/spasante\/wp-json\/wp\/v2\/media?parent=313"}],"wp:term":[{"taxonomy":"product_cat","embeddable":true,"href":"https:\/\/publissoft.dev\/spasante\/wp-json\/wp\/v2\/product_cat?post=313"},{"taxonomy":"product_tag","embeddable":true,"href":"https:\/\/publissoft.dev\/spasante\/wp-json\/wp\/v2\/product_tag?post=313"},{"taxonomy":"giftcard-category","embeddable":true,"href":"https:\/\/publissoft.dev\/spasante\/wp-json\/wp\/v2\/giftcard-category?post=313"}],"curies":[{"name":"wp","href":"https:\/\/api.w.org\/{rel}","templated":true}]}}