{"id":3448,"date":"2022-09-26T13:17:43","date_gmt":"2022-09-26T17:17:43","guid":{"rendered":"https:\/\/publissoft.dev\/spasante\/?post_type=product&#038;p=3448"},"modified":"2023-11-10T13:56:42","modified_gmt":"2023-11-10T18:56:42","slug":"maree-chandelles-chandelle-de-soya-the-blanc-a-la-peche","status":"publish","type":"product","link":"https:\/\/publissoft.dev\/spasante\/produit\/maree-chandelles-chandelle-de-soya-the-blanc-a-la-peche\/","title":{"rendered":"Mar\u00e9e Chandelles &#8211; Chandelle de soya Th\u00e9 Blanc \u00e0 la P\u00eache"},"content":{"rendered":"<p>Avec ses notes de th\u00e9 blanc d\u00e9salt\u00e9rant qui valsent \u00e0 merveille avec la p\u00eache juteuse, cette chandelle \u00e9voque le soleil rassurant des premiers bourgeons et les journ\u00e9es chaudes qui r\u00e9chauffent la peau.<\/p>\n<p>Au premier contact, la chandelle Th\u00e9 blanc \u00e0 la p\u00eache nous renverse par son odeur fruit\u00e9e et cr\u00e9meuse, pour ensuite nous transporter dans un monde olfactif herbac\u00e9 qui rappelle les gouttes d&#8217;eau qui perlent sur les feuilles apr\u00e8s une pluie d&#8217;\u00e9t\u00e9.<\/p>\n<p>D\u00e9celez en finale la poire craquante, et les agrumes acidul\u00e9s, et laissez-vous bercer par cette chandelle toute en fra\u00eecheur, offerte en \u00e9dition limit\u00e9e.<\/p>\n","protected":false},"excerpt":{"rendered":"<p>Avec ses notes de th\u00e9 blanc d\u00e9salt\u00e9rant qui valsent \u00e0 merveille avec la p\u00eache juteuse, cette chandelle \u00e9voque le soleil rassurant des premiers bourgeons et les journ\u00e9es chaudes qui r\u00e9chauffent la peau. Au premier contact, la chandelle Th\u00e9 blanc \u00e0 la p\u00eache nous renverse par son odeur fruit\u00e9e et cr\u00e9meuse, pour ensuite nous transporter dans &hellip;<\/p>\n","protected":false},"featured_media":3449,"template":"","meta":{"_acf_changed":false,"_genesis_hide_title":false,"_genesis_hide_breadcrumbs":false,"_genesis_hide_singular_image":false,"_genesis_hide_footer_widgets":false,"_genesis_custom_body_class":"","_genesis_custom_post_class":"","_genesis_layout":""},"product_cat":[32,37],"product_tag":[],"giftcard-category":[],"class_list":{"0":"post-3448","1":"product","2":"type-product","3":"status-publish","4":"has-post-thumbnail","6":"product_cat-les-produits-maree","7":"product_cat-produits","8":"entry","10":"first","11":"instock","12":"taxable","13":"shipping-taxable","14":"purchasable","15":"product-type-simple"},"acf":[],"yoast_head":"<!-- This site is optimized with the Yoast SEO plugin v22.5 - https:\/\/yoast.com\/wordpress\/plugins\/seo\/ -->\n<title>Mar\u00e9e Chandelles - Chandelle de soya Th\u00e9 Blanc \u00e0 la P\u00eache - Spa Sant\u00e9 Le N\u00e9nuphar<\/title>\n<meta name=\"description\" content=\"Avec ses notes de th\u00e9 blanc d\u00e9salt\u00e9rant qui valsent \u00e0 merveille avec la p\u00eache juteuse, cette chandelle \u00e9voque le soleil rassurant des premiers bourgeons et les journ\u00e9es chaudes qui r\u00e9chauffent la peau.Au premier contact, la chandelle Th\u00e9 blanc \u00e0 la p\u00eache nous renverse par son odeur fruit\u00e9e et cr\u00e9meuse, pour ensuite nous transporter dans un monde olfactif herbac\u00e9 qui rappelle les gouttes d&#039;eau qui perlent sur les feuilles apr\u00e8s une pluie d&#039;\u00e9t\u00e9.D\u00e9celez en finale la poire craquante, et les agrumes acidul\u00e9s, et laissez-vous bercer par cette chandelle toute en fra\u00eecheur, offerte en \u00e9dition limit\u00e9e.\" \/>\n<meta name=\"robots\" content=\"noindex, follow, max-snippet:-1, max-image-preview:large, max-video-preview:-1\" \/>\n<meta property=\"og:locale\" content=\"fr_CA\" \/>\n<meta property=\"og:type\" content=\"article\" \/>\n<meta property=\"og:title\" content=\"Mar\u00e9e Chandelles - Chandelle de soya Th\u00e9 Blanc \u00e0 la P\u00eache - Spa Sant\u00e9 Le N\u00e9nuphar\" \/>\n<meta property=\"og:description\" content=\"Avec ses notes de th\u00e9 blanc d\u00e9salt\u00e9rant qui valsent \u00e0 merveille avec la p\u00eache juteuse, cette chandelle \u00e9voque le soleil rassurant des premiers bourgeons et les journ\u00e9es chaudes qui r\u00e9chauffent la peau.Au premier contact, la chandelle Th\u00e9 blanc \u00e0 la p\u00eache nous renverse par son odeur fruit\u00e9e et cr\u00e9meuse, pour ensuite nous transporter dans un monde olfactif herbac\u00e9 qui rappelle les gouttes d&#039;eau qui perlent sur les feuilles apr\u00e8s une pluie d&#039;\u00e9t\u00e9.D\u00e9celez en finale la poire craquante, et les agrumes acidul\u00e9s, et laissez-vous bercer par cette chandelle toute en fra\u00eecheur, offerte en \u00e9dition limit\u00e9e.\" \/>\n<meta property=\"og:url\" content=\"https:\/\/publissoft.dev\/spasante\/produit\/maree-chandelles-chandelle-de-soya-the-blanc-a-la-peche\/\" \/>\n<meta property=\"og:site_name\" content=\"Spa Sant\u00e9 Le N\u00e9nuphar\" \/>\n<meta property=\"article:publisher\" content=\"https:\/\/www.facebook.com\/SpaSanteLeNenuphar\" \/>\n<meta property=\"article:modified_time\" content=\"2023-11-10T18:56:42+00:00\" \/>\n<meta property=\"og:image\" content=\"https:\/\/publissoft.dev\/spasante\/wp-content\/uploads\/2022\/09\/chandelle-the-blanc-a-la-peche.jpg\" \/>\n\t<meta property=\"og:image:width\" content=\"675\" \/>\n\t<meta property=\"og:image:height\" content=\"796\" \/>\n\t<meta property=\"og:image:type\" content=\"image\/jpeg\" \/>\n<meta name=\"twitter:card\" content=\"summary_large_image\" \/>\n<meta name=\"twitter:label1\" content=\"Estimation du temps de lecture\" \/>\n\t<meta name=\"twitter:data1\" content=\"1 minute\" \/>\n<script type=\"application\/ld+json\" class=\"yoast-schema-graph\">{\"@context\":\"https:\/\/schema.org\",\"@graph\":[{\"@type\":\"WebPage\",\"@id\":\"https:\/\/publissoft.dev\/spasante\/produit\/maree-chandelles-chandelle-de-soya-the-blanc-a-la-peche\/\",\"url\":\"https:\/\/publissoft.dev\/spasante\/produit\/maree-chandelles-chandelle-de-soya-the-blanc-a-la-peche\/\",\"name\":\"Mar\u00e9e Chandelles - Chandelle de soya Th\u00e9 Blanc \u00e0 la P\u00eache - Spa Sant\u00e9 Le N\u00e9nuphar\",\"isPartOf\":{\"@id\":\"https:\/\/publissoft.dev\/spasante\/#website\"},\"primaryImageOfPage\":{\"@id\":\"https:\/\/publissoft.dev\/spasante\/produit\/maree-chandelles-chandelle-de-soya-the-blanc-a-la-peche\/#primaryimage\"},\"image\":{\"@id\":\"https:\/\/publissoft.dev\/spasante\/produit\/maree-chandelles-chandelle-de-soya-the-blanc-a-la-peche\/#primaryimage\"},\"thumbnailUrl\":\"https:\/\/publissoft.dev\/spasante\/wp-content\/uploads\/2022\/09\/chandelle-the-blanc-a-la-peche.jpg\",\"datePublished\":\"2022-09-26T17:17:43+00:00\",\"dateModified\":\"2023-11-10T18:56:42+00:00\",\"description\":\"Avec ses notes de th\u00e9 blanc d\u00e9salt\u00e9rant qui valsent \u00e0 merveille avec la p\u00eache juteuse, cette chandelle \u00e9voque le soleil rassurant des premiers bourgeons et les journ\u00e9es chaudes qui r\u00e9chauffent la peau.Au premier contact, la chandelle Th\u00e9 blanc \u00e0 la p\u00eache nous renverse par son odeur fruit\u00e9e et cr\u00e9meuse, pour ensuite nous transporter dans un monde olfactif herbac\u00e9 qui rappelle les gouttes d'eau qui perlent sur les feuilles apr\u00e8s une pluie d'\u00e9t\u00e9.D\u00e9celez en finale la poire craquante, et les agrumes acidul\u00e9s, et laissez-vous bercer par cette chandelle toute en fra\u00eecheur, offerte en \u00e9dition limit\u00e9e.\",\"breadcrumb\":{\"@id\":\"https:\/\/publissoft.dev\/spasante\/produit\/maree-chandelles-chandelle-de-soya-the-blanc-a-la-peche\/#breadcrumb\"},\"inLanguage\":\"fr-CA\",\"potentialAction\":[{\"@type\":\"ReadAction\",\"target\":[\"https:\/\/publissoft.dev\/spasante\/produit\/maree-chandelles-chandelle-de-soya-the-blanc-a-la-peche\/\"]}]},{\"@type\":\"ImageObject\",\"inLanguage\":\"fr-CA\",\"@id\":\"https:\/\/publissoft.dev\/spasante\/produit\/maree-chandelles-chandelle-de-soya-the-blanc-a-la-peche\/#primaryimage\",\"url\":\"https:\/\/publissoft.dev\/spasante\/wp-content\/uploads\/2022\/09\/chandelle-the-blanc-a-la-peche.jpg\",\"contentUrl\":\"https:\/\/publissoft.dev\/spasante\/wp-content\/uploads\/2022\/09\/chandelle-the-blanc-a-la-peche.jpg\",\"width\":675,\"height\":796},{\"@type\":\"BreadcrumbList\",\"@id\":\"https:\/\/publissoft.dev\/spasante\/produit\/maree-chandelles-chandelle-de-soya-the-blanc-a-la-peche\/#breadcrumb\",\"itemListElement\":[{\"@type\":\"ListItem\",\"position\":1,\"name\":\"Accueil\",\"item\":\"https:\/\/publissoft.dev\/spasante\/\"},{\"@type\":\"ListItem\",\"position\":2,\"name\":\"Boutique\",\"item\":\"https:\/\/publissoft.dev\/spasante\/boutique\/\"},{\"@type\":\"ListItem\",\"position\":3,\"name\":\"Mar\u00e9e Chandelles &#8211; Chandelle de soya Th\u00e9 Blanc \u00e0 la P\u00eache\"}]},{\"@type\":\"WebSite\",\"@id\":\"https:\/\/publissoft.dev\/spasante\/#website\",\"url\":\"https:\/\/publissoft.dev\/spasante\/\",\"name\":\"Spa Sant\u00e9 Le N\u00e9nuphar\",\"description\":\"\",\"publisher\":{\"@id\":\"https:\/\/publissoft.dev\/spasante\/#organization\"},\"potentialAction\":[{\"@type\":\"SearchAction\",\"target\":{\"@type\":\"EntryPoint\",\"urlTemplate\":\"https:\/\/publissoft.dev\/spasante\/?s={search_term_string}\"},\"query-input\":\"required name=search_term_string\"}],\"inLanguage\":\"fr-CA\"},{\"@type\":\"Organization\",\"@id\":\"https:\/\/publissoft.dev\/spasante\/#organization\",\"name\":\"Spa Sant\u00e9 Le N\u00e9nuphar\",\"url\":\"https:\/\/publissoft.dev\/spasante\/\",\"logo\":{\"@type\":\"ImageObject\",\"inLanguage\":\"fr-CA\",\"@id\":\"https:\/\/publissoft.dev\/spasante\/#\/schema\/logo\/image\/\",\"url\":\"https:\/\/publissoft.dev\/spasante\/wp-content\/uploads\/2022\/11\/logo-jpg.jpeg\",\"contentUrl\":\"https:\/\/publissoft.dev\/spasante\/wp-content\/uploads\/2022\/11\/logo-jpg.jpeg\",\"width\":900,\"height\":900,\"caption\":\"Spa Sant\u00e9 Le N\u00e9nuphar\"},\"image\":{\"@id\":\"https:\/\/publissoft.dev\/spasante\/#\/schema\/logo\/image\/\"},\"sameAs\":[\"https:\/\/www.facebook.com\/SpaSanteLeNenuphar\",\"https:\/\/www.instagram.com\/spasantelenenuphar\/?hl=fr\"]}]}<\/script>\n<!-- \/ Yoast SEO plugin. -->","yoast_head_json":{"title":"Mar\u00e9e Chandelles - Chandelle de soya Th\u00e9 Blanc \u00e0 la P\u00eache - Spa Sant\u00e9 Le N\u00e9nuphar","description":"Avec ses notes de th\u00e9 blanc d\u00e9salt\u00e9rant qui valsent \u00e0 merveille avec la p\u00eache juteuse, cette chandelle \u00e9voque le soleil rassurant des premiers bourgeons et les journ\u00e9es chaudes qui r\u00e9chauffent la peau.Au premier contact, la chandelle Th\u00e9 blanc \u00e0 la p\u00eache nous renverse par son odeur fruit\u00e9e et cr\u00e9meuse, pour ensuite nous transporter dans un monde olfactif herbac\u00e9 qui rappelle les gouttes d'eau qui perlent sur les feuilles apr\u00e8s une pluie d'\u00e9t\u00e9.D\u00e9celez en finale la poire craquante, et les agrumes acidul\u00e9s, et laissez-vous bercer par cette chandelle toute en fra\u00eecheur, offerte en \u00e9dition limit\u00e9e.","robots":{"index":"noindex","follow":"follow","max-snippet":"max-snippet:-1","max-image-preview":"max-image-preview:large","max-video-preview":"max-video-preview:-1"},"og_locale":"fr_CA","og_type":"article","og_title":"Mar\u00e9e Chandelles - Chandelle de soya Th\u00e9 Blanc \u00e0 la P\u00eache - Spa Sant\u00e9 Le N\u00e9nuphar","og_description":"Avec ses notes de th\u00e9 blanc d\u00e9salt\u00e9rant qui valsent \u00e0 merveille avec la p\u00eache juteuse, cette chandelle \u00e9voque le soleil rassurant des premiers bourgeons et les journ\u00e9es chaudes qui r\u00e9chauffent la peau.Au premier contact, la chandelle Th\u00e9 blanc \u00e0 la p\u00eache nous renverse par son odeur fruit\u00e9e et cr\u00e9meuse, pour ensuite nous transporter dans un monde olfactif herbac\u00e9 qui rappelle les gouttes d'eau qui perlent sur les feuilles apr\u00e8s une pluie d'\u00e9t\u00e9.D\u00e9celez en finale la poire craquante, et les agrumes acidul\u00e9s, et laissez-vous bercer par cette chandelle toute en fra\u00eecheur, offerte en \u00e9dition limit\u00e9e.","og_url":"https:\/\/publissoft.dev\/spasante\/produit\/maree-chandelles-chandelle-de-soya-the-blanc-a-la-peche\/","og_site_name":"Spa Sant\u00e9 Le N\u00e9nuphar","article_publisher":"https:\/\/www.facebook.com\/SpaSanteLeNenuphar","article_modified_time":"2023-11-10T18:56:42+00:00","og_image":[{"width":675,"height":796,"url":"https:\/\/publissoft.dev\/spasante\/wp-content\/uploads\/2022\/09\/chandelle-the-blanc-a-la-peche.jpg","type":"image\/jpeg"}],"twitter_card":"summary_large_image","twitter_misc":{"Estimation du temps de lecture":"1 minute"},"schema":{"@context":"https:\/\/schema.org","@graph":[{"@type":"WebPage","@id":"https:\/\/publissoft.dev\/spasante\/produit\/maree-chandelles-chandelle-de-soya-the-blanc-a-la-peche\/","url":"https:\/\/publissoft.dev\/spasante\/produit\/maree-chandelles-chandelle-de-soya-the-blanc-a-la-peche\/","name":"Mar\u00e9e Chandelles - Chandelle de soya Th\u00e9 Blanc \u00e0 la P\u00eache - Spa Sant\u00e9 Le N\u00e9nuphar","isPartOf":{"@id":"https:\/\/publissoft.dev\/spasante\/#website"},"primaryImageOfPage":{"@id":"https:\/\/publissoft.dev\/spasante\/produit\/maree-chandelles-chandelle-de-soya-the-blanc-a-la-peche\/#primaryimage"},"image":{"@id":"https:\/\/publissoft.dev\/spasante\/produit\/maree-chandelles-chandelle-de-soya-the-blanc-a-la-peche\/#primaryimage"},"thumbnailUrl":"https:\/\/publissoft.dev\/spasante\/wp-content\/uploads\/2022\/09\/chandelle-the-blanc-a-la-peche.jpg","datePublished":"2022-09-26T17:17:43+00:00","dateModified":"2023-11-10T18:56:42+00:00","description":"Avec ses notes de th\u00e9 blanc d\u00e9salt\u00e9rant qui valsent \u00e0 merveille avec la p\u00eache juteuse, cette chandelle \u00e9voque le soleil rassurant des premiers bourgeons et les journ\u00e9es chaudes qui r\u00e9chauffent la peau.Au premier contact, la chandelle Th\u00e9 blanc \u00e0 la p\u00eache nous renverse par son odeur fruit\u00e9e et cr\u00e9meuse, pour ensuite nous transporter dans un monde olfactif herbac\u00e9 qui rappelle les gouttes d'eau qui perlent sur les feuilles apr\u00e8s une pluie d'\u00e9t\u00e9.D\u00e9celez en finale la poire craquante, et les agrumes acidul\u00e9s, et laissez-vous bercer par cette chandelle toute en fra\u00eecheur, offerte en \u00e9dition limit\u00e9e.","breadcrumb":{"@id":"https:\/\/publissoft.dev\/spasante\/produit\/maree-chandelles-chandelle-de-soya-the-blanc-a-la-peche\/#breadcrumb"},"inLanguage":"fr-CA","potentialAction":[{"@type":"ReadAction","target":["https:\/\/publissoft.dev\/spasante\/produit\/maree-chandelles-chandelle-de-soya-the-blanc-a-la-peche\/"]}]},{"@type":"ImageObject","inLanguage":"fr-CA","@id":"https:\/\/publissoft.dev\/spasante\/produit\/maree-chandelles-chandelle-de-soya-the-blanc-a-la-peche\/#primaryimage","url":"https:\/\/publissoft.dev\/spasante\/wp-content\/uploads\/2022\/09\/chandelle-the-blanc-a-la-peche.jpg","contentUrl":"https:\/\/publissoft.dev\/spasante\/wp-content\/uploads\/2022\/09\/chandelle-the-blanc-a-la-peche.jpg","width":675,"height":796},{"@type":"BreadcrumbList","@id":"https:\/\/publissoft.dev\/spasante\/produit\/maree-chandelles-chandelle-de-soya-the-blanc-a-la-peche\/#breadcrumb","itemListElement":[{"@type":"ListItem","position":1,"name":"Accueil","item":"https:\/\/publissoft.dev\/spasante\/"},{"@type":"ListItem","position":2,"name":"Boutique","item":"https:\/\/publissoft.dev\/spasante\/boutique\/"},{"@type":"ListItem","position":3,"name":"Mar\u00e9e Chandelles &#8211; Chandelle de soya Th\u00e9 Blanc \u00e0 la P\u00eache"}]},{"@type":"WebSite","@id":"https:\/\/publissoft.dev\/spasante\/#website","url":"https:\/\/publissoft.dev\/spasante\/","name":"Spa Sant\u00e9 Le N\u00e9nuphar","description":"","publisher":{"@id":"https:\/\/publissoft.dev\/spasante\/#organization"},"potentialAction":[{"@type":"SearchAction","target":{"@type":"EntryPoint","urlTemplate":"https:\/\/publissoft.dev\/spasante\/?s={search_term_string}"},"query-input":"required name=search_term_string"}],"inLanguage":"fr-CA"},{"@type":"Organization","@id":"https:\/\/publissoft.dev\/spasante\/#organization","name":"Spa Sant\u00e9 Le N\u00e9nuphar","url":"https:\/\/publissoft.dev\/spasante\/","logo":{"@type":"ImageObject","inLanguage":"fr-CA","@id":"https:\/\/publissoft.dev\/spasante\/#\/schema\/logo\/image\/","url":"https:\/\/publissoft.dev\/spasante\/wp-content\/uploads\/2022\/11\/logo-jpg.jpeg","contentUrl":"https:\/\/publissoft.dev\/spasante\/wp-content\/uploads\/2022\/11\/logo-jpg.jpeg","width":900,"height":900,"caption":"Spa Sant\u00e9 Le N\u00e9nuphar"},"image":{"@id":"https:\/\/publissoft.dev\/spasante\/#\/schema\/logo\/image\/"},"sameAs":["https:\/\/www.facebook.com\/SpaSanteLeNenuphar","https:\/\/www.instagram.com\/spasantelenenuphar\/?hl=fr"]}]}},"_links":{"self":[{"href":"https:\/\/publissoft.dev\/spasante\/wp-json\/wp\/v2\/product\/3448","targetHints":{"allow":["GET"]}}],"collection":[{"href":"https:\/\/publissoft.dev\/spasante\/wp-json\/wp\/v2\/product"}],"about":[{"href":"https:\/\/publissoft.dev\/spasante\/wp-json\/wp\/v2\/types\/product"}],"wp:featuredmedia":[{"embeddable":true,"href":"https:\/\/publissoft.dev\/spasante\/wp-json\/wp\/v2\/media\/3449"}],"wp:attachment":[{"href":"https:\/\/publissoft.dev\/spasante\/wp-json\/wp\/v2\/media?parent=3448"}],"wp:term":[{"taxonomy":"product_cat","embeddable":true,"href":"https:\/\/publissoft.dev\/spasante\/wp-json\/wp\/v2\/product_cat?post=3448"},{"taxonomy":"product_tag","embeddable":true,"href":"https:\/\/publissoft.dev\/spasante\/wp-json\/wp\/v2\/product_tag?post=3448"},{"taxonomy":"giftcard-category","embeddable":true,"href":"https:\/\/publissoft.dev\/spasante\/wp-json\/wp\/v2\/giftcard-category?post=3448"}],"curies":[{"name":"wp","href":"https:\/\/api.w.org\/{rel}","templated":true}]}}