{"id":3457,"date":"2022-09-26T14:24:28","date_gmt":"2022-09-26T18:24:28","guid":{"rendered":"https:\/\/publissoft.dev\/spasante\/?post_type=product&#038;p=3457"},"modified":"2022-09-26T14:24:30","modified_gmt":"2022-09-26T18:24:30","slug":"nuda-gel-douche","status":"publish","type":"product","link":"https:\/\/publissoft.dev\/spasante\/produit\/nuda-gel-douche\/","title":{"rendered":"Nuda &#8211; Gel Douche"},"content":{"rendered":"<p>Un gel douche parfait pour les adeptes de produits autobronzants! Riche en antioxydants, ce gel douche aidera \u00e0 pr\u00e9server un r\u00e9sultat uniforme et de longue dur\u00e9e. Infus\u00e9 d\u2019extrait de vanille, d\u2019extrait de citron et de gard\u00e9nia pour rafra\u00eechir et adoucir la peau, ce produit est le nouveau\u00a0<em>must<\/em>\u00a0de votre routine quotidienne.<\/p>\n<p>250ml<\/p>\n","protected":false},"excerpt":{"rendered":"<p>Un gel douche parfait pour les adeptes de produits autobronzants! Riche en antioxydants, ce gel douche aidera \u00e0 pr\u00e9server un r\u00e9sultat uniforme et de longue dur\u00e9e. Infus\u00e9 d\u2019extrait de vanille, d\u2019extrait de citron et de gard\u00e9nia pour rafra\u00eechir et adoucir la peau, ce produit est le nouveau\u00a0must\u00a0de votre routine quotidienne. 250ml<\/p>\n","protected":false},"featured_media":3458,"template":"","meta":{"_acf_changed":false,"_genesis_hide_title":false,"_genesis_hide_breadcrumbs":false,"_genesis_hide_singular_image":false,"_genesis_hide_footer_widgets":false,"_genesis_custom_body_class":"","_genesis_custom_post_class":"","_genesis_layout":""},"product_cat":[37,35],"product_tag":[],"giftcard-category":[],"class_list":{"0":"post-3457","1":"product","2":"type-product","3":"status-publish","4":"has-post-thumbnail","6":"product_cat-produits","7":"product_cat-nuda","8":"entry","10":"first","11":"instock","12":"taxable","13":"shipping-taxable","14":"purchasable","15":"product-type-simple"},"acf":[],"yoast_head":"<!-- This site is optimized with the Yoast SEO plugin v22.5 - https:\/\/yoast.com\/wordpress\/plugins\/seo\/ -->\n<title>Nuda - Gel Douche - Spa Sant\u00e9 Le N\u00e9nuphar<\/title>\n<meta name=\"description\" content=\"Un gel douche parfait pour les adeptes de produits autobronzants! Riche en antioxydants, ce gel douche aidera \u00e0 pr\u00e9server un r\u00e9sultat uniforme et de longue dur\u00e9e. Infus\u00e9 d\u2019extrait de vanille, d\u2019extrait de citron et de gard\u00e9nia pour rafra\u00eechir et adoucir la peau, ce produit est le nouveau must de votre routine quotidienne.\" \/>\n<meta name=\"robots\" content=\"noindex, follow, max-snippet:-1, max-image-preview:large, max-video-preview:-1\" \/>\n<meta property=\"og:locale\" content=\"fr_CA\" \/>\n<meta property=\"og:type\" content=\"article\" \/>\n<meta property=\"og:title\" content=\"Nuda - Gel Douche - Spa Sant\u00e9 Le N\u00e9nuphar\" \/>\n<meta property=\"og:description\" content=\"Un gel douche parfait pour les adeptes de produits autobronzants! Riche en antioxydants, ce gel douche aidera \u00e0 pr\u00e9server un r\u00e9sultat uniforme et de longue dur\u00e9e. Infus\u00e9 d\u2019extrait de vanille, d\u2019extrait de citron et de gard\u00e9nia pour rafra\u00eechir et adoucir la peau, ce produit est le nouveau must de votre routine quotidienne.\" \/>\n<meta property=\"og:url\" content=\"https:\/\/publissoft.dev\/spasante\/produit\/nuda-gel-douche\/\" \/>\n<meta property=\"og:site_name\" content=\"Spa Sant\u00e9 Le N\u00e9nuphar\" \/>\n<meta property=\"article:publisher\" content=\"https:\/\/www.facebook.com\/SpaSanteLeNenuphar\" \/>\n<meta property=\"article:modified_time\" content=\"2022-09-26T18:24:30+00:00\" \/>\n<meta property=\"og:image\" content=\"https:\/\/publissoft.dev\/spasante\/wp-content\/uploads\/2022\/09\/gel-douche.jpg\" \/>\n\t<meta property=\"og:image:width\" content=\"455\" \/>\n\t<meta property=\"og:image:height\" content=\"660\" \/>\n\t<meta property=\"og:image:type\" content=\"image\/jpeg\" \/>\n<meta name=\"twitter:card\" content=\"summary_large_image\" \/>\n<meta name=\"twitter:label1\" content=\"Estimation du temps de lecture\" \/>\n\t<meta name=\"twitter:data1\" content=\"1 minute\" \/>\n<script type=\"application\/ld+json\" class=\"yoast-schema-graph\">{\"@context\":\"https:\/\/schema.org\",\"@graph\":[{\"@type\":\"WebPage\",\"@id\":\"https:\/\/publissoft.dev\/spasante\/produit\/nuda-gel-douche\/\",\"url\":\"https:\/\/publissoft.dev\/spasante\/produit\/nuda-gel-douche\/\",\"name\":\"Nuda - Gel Douche - Spa Sant\u00e9 Le N\u00e9nuphar\",\"isPartOf\":{\"@id\":\"https:\/\/publissoft.dev\/spasante\/#website\"},\"primaryImageOfPage\":{\"@id\":\"https:\/\/publissoft.dev\/spasante\/produit\/nuda-gel-douche\/#primaryimage\"},\"image\":{\"@id\":\"https:\/\/publissoft.dev\/spasante\/produit\/nuda-gel-douche\/#primaryimage\"},\"thumbnailUrl\":\"https:\/\/publissoft.dev\/spasante\/wp-content\/uploads\/2022\/09\/gel-douche.jpg\",\"datePublished\":\"2022-09-26T18:24:28+00:00\",\"dateModified\":\"2022-09-26T18:24:30+00:00\",\"description\":\"Un gel douche parfait pour les adeptes de produits autobronzants! Riche en antioxydants, ce gel douche aidera \u00e0 pr\u00e9server un r\u00e9sultat uniforme et de longue dur\u00e9e. Infus\u00e9 d\u2019extrait de vanille, d\u2019extrait de citron et de gard\u00e9nia pour rafra\u00eechir et adoucir la peau, ce produit est le nouveau must de votre routine quotidienne.\",\"breadcrumb\":{\"@id\":\"https:\/\/publissoft.dev\/spasante\/produit\/nuda-gel-douche\/#breadcrumb\"},\"inLanguage\":\"fr-CA\",\"potentialAction\":[{\"@type\":\"ReadAction\",\"target\":[\"https:\/\/publissoft.dev\/spasante\/produit\/nuda-gel-douche\/\"]}]},{\"@type\":\"ImageObject\",\"inLanguage\":\"fr-CA\",\"@id\":\"https:\/\/publissoft.dev\/spasante\/produit\/nuda-gel-douche\/#primaryimage\",\"url\":\"https:\/\/publissoft.dev\/spasante\/wp-content\/uploads\/2022\/09\/gel-douche.jpg\",\"contentUrl\":\"https:\/\/publissoft.dev\/spasante\/wp-content\/uploads\/2022\/09\/gel-douche.jpg\",\"width\":455,\"height\":660},{\"@type\":\"BreadcrumbList\",\"@id\":\"https:\/\/publissoft.dev\/spasante\/produit\/nuda-gel-douche\/#breadcrumb\",\"itemListElement\":[{\"@type\":\"ListItem\",\"position\":1,\"name\":\"Accueil\",\"item\":\"https:\/\/publissoft.dev\/spasante\/\"},{\"@type\":\"ListItem\",\"position\":2,\"name\":\"Boutique\",\"item\":\"https:\/\/publissoft.dev\/spasante\/boutique\/\"},{\"@type\":\"ListItem\",\"position\":3,\"name\":\"Nuda &#8211; Gel Douche\"}]},{\"@type\":\"WebSite\",\"@id\":\"https:\/\/publissoft.dev\/spasante\/#website\",\"url\":\"https:\/\/publissoft.dev\/spasante\/\",\"name\":\"Spa Sant\u00e9 Le N\u00e9nuphar\",\"description\":\"\",\"publisher\":{\"@id\":\"https:\/\/publissoft.dev\/spasante\/#organization\"},\"potentialAction\":[{\"@type\":\"SearchAction\",\"target\":{\"@type\":\"EntryPoint\",\"urlTemplate\":\"https:\/\/publissoft.dev\/spasante\/?s={search_term_string}\"},\"query-input\":\"required name=search_term_string\"}],\"inLanguage\":\"fr-CA\"},{\"@type\":\"Organization\",\"@id\":\"https:\/\/publissoft.dev\/spasante\/#organization\",\"name\":\"Spa Sant\u00e9 Le N\u00e9nuphar\",\"url\":\"https:\/\/publissoft.dev\/spasante\/\",\"logo\":{\"@type\":\"ImageObject\",\"inLanguage\":\"fr-CA\",\"@id\":\"https:\/\/publissoft.dev\/spasante\/#\/schema\/logo\/image\/\",\"url\":\"https:\/\/publissoft.dev\/spasante\/wp-content\/uploads\/2022\/11\/logo-jpg.jpeg\",\"contentUrl\":\"https:\/\/publissoft.dev\/spasante\/wp-content\/uploads\/2022\/11\/logo-jpg.jpeg\",\"width\":900,\"height\":900,\"caption\":\"Spa Sant\u00e9 Le N\u00e9nuphar\"},\"image\":{\"@id\":\"https:\/\/publissoft.dev\/spasante\/#\/schema\/logo\/image\/\"},\"sameAs\":[\"https:\/\/www.facebook.com\/SpaSanteLeNenuphar\",\"https:\/\/www.instagram.com\/spasantelenenuphar\/?hl=fr\"]}]}<\/script>\n<!-- \/ Yoast SEO plugin. -->","yoast_head_json":{"title":"Nuda - Gel Douche - Spa Sant\u00e9 Le N\u00e9nuphar","description":"Un gel douche parfait pour les adeptes de produits autobronzants! Riche en antioxydants, ce gel douche aidera \u00e0 pr\u00e9server un r\u00e9sultat uniforme et de longue dur\u00e9e. Infus\u00e9 d\u2019extrait de vanille, d\u2019extrait de citron et de gard\u00e9nia pour rafra\u00eechir et adoucir la peau, ce produit est le nouveau must de votre routine quotidienne.","robots":{"index":"noindex","follow":"follow","max-snippet":"max-snippet:-1","max-image-preview":"max-image-preview:large","max-video-preview":"max-video-preview:-1"},"og_locale":"fr_CA","og_type":"article","og_title":"Nuda - Gel Douche - Spa Sant\u00e9 Le N\u00e9nuphar","og_description":"Un gel douche parfait pour les adeptes de produits autobronzants! Riche en antioxydants, ce gel douche aidera \u00e0 pr\u00e9server un r\u00e9sultat uniforme et de longue dur\u00e9e. Infus\u00e9 d\u2019extrait de vanille, d\u2019extrait de citron et de gard\u00e9nia pour rafra\u00eechir et adoucir la peau, ce produit est le nouveau must de votre routine quotidienne.","og_url":"https:\/\/publissoft.dev\/spasante\/produit\/nuda-gel-douche\/","og_site_name":"Spa Sant\u00e9 Le N\u00e9nuphar","article_publisher":"https:\/\/www.facebook.com\/SpaSanteLeNenuphar","article_modified_time":"2022-09-26T18:24:30+00:00","og_image":[{"width":455,"height":660,"url":"https:\/\/publissoft.dev\/spasante\/wp-content\/uploads\/2022\/09\/gel-douche.jpg","type":"image\/jpeg"}],"twitter_card":"summary_large_image","twitter_misc":{"Estimation du temps de lecture":"1 minute"},"schema":{"@context":"https:\/\/schema.org","@graph":[{"@type":"WebPage","@id":"https:\/\/publissoft.dev\/spasante\/produit\/nuda-gel-douche\/","url":"https:\/\/publissoft.dev\/spasante\/produit\/nuda-gel-douche\/","name":"Nuda - Gel Douche - Spa Sant\u00e9 Le N\u00e9nuphar","isPartOf":{"@id":"https:\/\/publissoft.dev\/spasante\/#website"},"primaryImageOfPage":{"@id":"https:\/\/publissoft.dev\/spasante\/produit\/nuda-gel-douche\/#primaryimage"},"image":{"@id":"https:\/\/publissoft.dev\/spasante\/produit\/nuda-gel-douche\/#primaryimage"},"thumbnailUrl":"https:\/\/publissoft.dev\/spasante\/wp-content\/uploads\/2022\/09\/gel-douche.jpg","datePublished":"2022-09-26T18:24:28+00:00","dateModified":"2022-09-26T18:24:30+00:00","description":"Un gel douche parfait pour les adeptes de produits autobronzants! Riche en antioxydants, ce gel douche aidera \u00e0 pr\u00e9server un r\u00e9sultat uniforme et de longue dur\u00e9e. Infus\u00e9 d\u2019extrait de vanille, d\u2019extrait de citron et de gard\u00e9nia pour rafra\u00eechir et adoucir la peau, ce produit est le nouveau must de votre routine quotidienne.","breadcrumb":{"@id":"https:\/\/publissoft.dev\/spasante\/produit\/nuda-gel-douche\/#breadcrumb"},"inLanguage":"fr-CA","potentialAction":[{"@type":"ReadAction","target":["https:\/\/publissoft.dev\/spasante\/produit\/nuda-gel-douche\/"]}]},{"@type":"ImageObject","inLanguage":"fr-CA","@id":"https:\/\/publissoft.dev\/spasante\/produit\/nuda-gel-douche\/#primaryimage","url":"https:\/\/publissoft.dev\/spasante\/wp-content\/uploads\/2022\/09\/gel-douche.jpg","contentUrl":"https:\/\/publissoft.dev\/spasante\/wp-content\/uploads\/2022\/09\/gel-douche.jpg","width":455,"height":660},{"@type":"BreadcrumbList","@id":"https:\/\/publissoft.dev\/spasante\/produit\/nuda-gel-douche\/#breadcrumb","itemListElement":[{"@type":"ListItem","position":1,"name":"Accueil","item":"https:\/\/publissoft.dev\/spasante\/"},{"@type":"ListItem","position":2,"name":"Boutique","item":"https:\/\/publissoft.dev\/spasante\/boutique\/"},{"@type":"ListItem","position":3,"name":"Nuda &#8211; Gel Douche"}]},{"@type":"WebSite","@id":"https:\/\/publissoft.dev\/spasante\/#website","url":"https:\/\/publissoft.dev\/spasante\/","name":"Spa Sant\u00e9 Le N\u00e9nuphar","description":"","publisher":{"@id":"https:\/\/publissoft.dev\/spasante\/#organization"},"potentialAction":[{"@type":"SearchAction","target":{"@type":"EntryPoint","urlTemplate":"https:\/\/publissoft.dev\/spasante\/?s={search_term_string}"},"query-input":"required name=search_term_string"}],"inLanguage":"fr-CA"},{"@type":"Organization","@id":"https:\/\/publissoft.dev\/spasante\/#organization","name":"Spa Sant\u00e9 Le N\u00e9nuphar","url":"https:\/\/publissoft.dev\/spasante\/","logo":{"@type":"ImageObject","inLanguage":"fr-CA","@id":"https:\/\/publissoft.dev\/spasante\/#\/schema\/logo\/image\/","url":"https:\/\/publissoft.dev\/spasante\/wp-content\/uploads\/2022\/11\/logo-jpg.jpeg","contentUrl":"https:\/\/publissoft.dev\/spasante\/wp-content\/uploads\/2022\/11\/logo-jpg.jpeg","width":900,"height":900,"caption":"Spa Sant\u00e9 Le N\u00e9nuphar"},"image":{"@id":"https:\/\/publissoft.dev\/spasante\/#\/schema\/logo\/image\/"},"sameAs":["https:\/\/www.facebook.com\/SpaSanteLeNenuphar","https:\/\/www.instagram.com\/spasantelenenuphar\/?hl=fr"]}]}},"_links":{"self":[{"href":"https:\/\/publissoft.dev\/spasante\/wp-json\/wp\/v2\/product\/3457","targetHints":{"allow":["GET"]}}],"collection":[{"href":"https:\/\/publissoft.dev\/spasante\/wp-json\/wp\/v2\/product"}],"about":[{"href":"https:\/\/publissoft.dev\/spasante\/wp-json\/wp\/v2\/types\/product"}],"wp:featuredmedia":[{"embeddable":true,"href":"https:\/\/publissoft.dev\/spasante\/wp-json\/wp\/v2\/media\/3458"}],"wp:attachment":[{"href":"https:\/\/publissoft.dev\/spasante\/wp-json\/wp\/v2\/media?parent=3457"}],"wp:term":[{"taxonomy":"product_cat","embeddable":true,"href":"https:\/\/publissoft.dev\/spasante\/wp-json\/wp\/v2\/product_cat?post=3457"},{"taxonomy":"product_tag","embeddable":true,"href":"https:\/\/publissoft.dev\/spasante\/wp-json\/wp\/v2\/product_tag?post=3457"},{"taxonomy":"giftcard-category","embeddable":true,"href":"https:\/\/publissoft.dev\/spasante\/wp-json\/wp\/v2\/giftcard-category?post=3457"}],"curies":[{"name":"wp","href":"https:\/\/api.w.org\/{rel}","templated":true}]}}