{"id":3505,"date":"2022-10-05T13:21:46","date_gmt":"2022-10-05T17:21:46","guid":{"rendered":"https:\/\/publissoft.dev\/spasante\/?post_type=product&#038;p=3505"},"modified":"2022-10-05T13:21:47","modified_gmt":"2022-10-05T17:21:47","slug":"gehwol-lotion-hydrolipidique-fusskraft","status":"publish","type":"product","link":"https:\/\/publissoft.dev\/spasante\/produit\/gehwol-lotion-hydrolipidique-fusskraft\/","title":{"rendered":"Gehwol &#8211; Lotion Hydrolipidique Fusskraft"},"content":{"rendered":"<p><span>Soin intensif, hydratation durable<\/span><\/p>\n<p><strong><span>Ingr\u00e9dients actifs<\/span><\/strong><span>\u00a0: Ur\u00e9e, glyc\u00e9rine, huile d&#8217;avocat, huile de jojoba, amidon de tapioca, extrait d&#8217;avoine, c\u00e9ramides, Climbazole<\/span><\/p>\n<p><span>La lotion hydrolipidique GEHWOL FUSSKRAFT est une lotion facile \u00e0 \u00e9taler pour le soin quotidien des jambes et des pieds.\u00a0Les ingr\u00e9dients ur\u00e9e et glyc\u00e9rine lient l&#8217;humidit\u00e9 dans les couches profondes de la peau tout en adoucissant et en r\u00e9duisant la nouvelle accumulation de callosit\u00e9s.\u00a0Les lipides manquants sont \u00e9quilibr\u00e9s dans la peau s\u00e8che gr\u00e2ce \u00e0 l&#8217;huile d&#8217;avocat et \u00e0 l&#8217;huile de jojoba.\u00a0Les c\u00e9ramides sont un \u00e9l\u00e9ment important de la protection de la peau et renforcent la couche protectrice tout en emp\u00eachant la peau de se dess\u00e9cher, ce qui entra\u00eene une r\u00e9duction de la desquamation de la peau.\u00a0L&#8217;amidon de tapioca laisse une sensation soyeuse et agr\u00e9able sur la peau.\u00a0La Lotion Hydrolipidique aide \u00e9galement \u00e0 pr\u00e9venir les odeurs de pieds.<\/span><\/p>\n<p><span>Test\u00e9 dermatologiquement.<\/span><br \/>\n<span>Convient \u00e9galement aux diab\u00e9tiques.<\/span><\/p>\n","protected":false},"excerpt":{"rendered":"<p>Soin intensif, hydratation durable Ingr\u00e9dients actifs\u00a0: Ur\u00e9e, glyc\u00e9rine, huile d&#8217;avocat, huile de jojoba, amidon de tapioca, extrait d&#8217;avoine, c\u00e9ramides, Climbazole La lotion hydrolipidique GEHWOL FUSSKRAFT est une lotion facile \u00e0 \u00e9taler pour le soin quotidien des jambes et des pieds.\u00a0Les ingr\u00e9dients ur\u00e9e et glyc\u00e9rine lient l&#8217;humidit\u00e9 dans les couches profondes de la peau tout en &hellip;<\/p>\n","protected":false},"featured_media":3506,"template":"","meta":{"_acf_changed":false,"_genesis_hide_title":false,"_genesis_hide_breadcrumbs":false,"_genesis_hide_singular_image":false,"_genesis_hide_footer_widgets":false,"_genesis_custom_body_class":"","_genesis_custom_post_class":"","_genesis_layout":""},"product_cat":[37,27],"product_tag":[],"giftcard-category":[],"class_list":{"0":"post-3505","1":"product","2":"type-product","3":"status-publish","4":"has-post-thumbnail","6":"product_cat-produits","7":"product_cat-gewhol","8":"entry","10":"first","11":"instock","12":"taxable","13":"shipping-taxable","14":"purchasable","15":"product-type-simple"},"acf":[],"yoast_head":"<!-- This site is optimized with the Yoast SEO plugin v22.5 - https:\/\/yoast.com\/wordpress\/plugins\/seo\/ -->\n<title>Gehwol - Lotion Hydrolipidique Fusskraft - Spa Sant\u00e9 Le N\u00e9nuphar<\/title>\n<meta name=\"description\" content=\"La lotion hydrolipidique GEHWOL FUSSKRAFT est une lotion facile \u00e0 \u00e9taler pour le soin quotidien des jambes et des pieds.\u00a0Les ingr\u00e9dients ur\u00e9e et glyc\u00e9rine lient l&#039;humidit\u00e9 dans les couches profondes de la peau tout en adoucissant et en r\u00e9duisant la nouvelle accumulation de callosit\u00e9s.\u00a0Les lipides manquants sont \u00e9quilibr\u00e9s dans la peau s\u00e8che gr\u00e2ce \u00e0 l&#039;huile d&#039;avocat et \u00e0 l&#039;huile de jojoba.\u00a0\" \/>\n<meta name=\"robots\" content=\"noindex, follow, max-snippet:-1, max-image-preview:large, max-video-preview:-1\" \/>\n<meta property=\"og:locale\" content=\"fr_CA\" \/>\n<meta property=\"og:type\" content=\"article\" \/>\n<meta property=\"og:title\" content=\"Gehwol - Lotion Hydrolipidique Fusskraft - Spa Sant\u00e9 Le N\u00e9nuphar\" \/>\n<meta property=\"og:description\" content=\"La lotion hydrolipidique GEHWOL FUSSKRAFT est une lotion facile \u00e0 \u00e9taler pour le soin quotidien des jambes et des pieds.\u00a0Les ingr\u00e9dients ur\u00e9e et glyc\u00e9rine lient l&#039;humidit\u00e9 dans les couches profondes de la peau tout en adoucissant et en r\u00e9duisant la nouvelle accumulation de callosit\u00e9s.\u00a0Les lipides manquants sont \u00e9quilibr\u00e9s dans la peau s\u00e8che gr\u00e2ce \u00e0 l&#039;huile d&#039;avocat et \u00e0 l&#039;huile de jojoba.\u00a0\" \/>\n<meta property=\"og:url\" content=\"https:\/\/publissoft.dev\/spasante\/produit\/gehwol-lotion-hydrolipidique-fusskraft\/\" \/>\n<meta property=\"og:site_name\" content=\"Spa Sant\u00e9 Le N\u00e9nuphar\" \/>\n<meta property=\"article:publisher\" content=\"https:\/\/www.facebook.com\/SpaSanteLeNenuphar\" \/>\n<meta property=\"article:modified_time\" content=\"2022-10-05T17:21:47+00:00\" \/>\n<meta property=\"og:image\" content=\"https:\/\/publissoft.dev\/spasante\/wp-content\/uploads\/2022\/10\/Gehwol_Hydrolipid_Lotion_.jpg\" \/>\n\t<meta property=\"og:image:width\" content=\"571\" \/>\n\t<meta property=\"og:image:height\" content=\"625\" \/>\n\t<meta property=\"og:image:type\" content=\"image\/jpeg\" \/>\n<meta name=\"twitter:card\" content=\"summary_large_image\" \/>\n<meta name=\"twitter:label1\" content=\"Estimation du temps de lecture\" \/>\n\t<meta name=\"twitter:data1\" content=\"1 minute\" \/>\n<script type=\"application\/ld+json\" class=\"yoast-schema-graph\">{\"@context\":\"https:\/\/schema.org\",\"@graph\":[{\"@type\":\"WebPage\",\"@id\":\"https:\/\/publissoft.dev\/spasante\/produit\/gehwol-lotion-hydrolipidique-fusskraft\/\",\"url\":\"https:\/\/publissoft.dev\/spasante\/produit\/gehwol-lotion-hydrolipidique-fusskraft\/\",\"name\":\"Gehwol - Lotion Hydrolipidique Fusskraft - Spa Sant\u00e9 Le N\u00e9nuphar\",\"isPartOf\":{\"@id\":\"https:\/\/publissoft.dev\/spasante\/#website\"},\"primaryImageOfPage\":{\"@id\":\"https:\/\/publissoft.dev\/spasante\/produit\/gehwol-lotion-hydrolipidique-fusskraft\/#primaryimage\"},\"image\":{\"@id\":\"https:\/\/publissoft.dev\/spasante\/produit\/gehwol-lotion-hydrolipidique-fusskraft\/#primaryimage\"},\"thumbnailUrl\":\"https:\/\/publissoft.dev\/spasante\/wp-content\/uploads\/2022\/10\/Gehwol_Hydrolipid_Lotion_.jpg\",\"datePublished\":\"2022-10-05T17:21:46+00:00\",\"dateModified\":\"2022-10-05T17:21:47+00:00\",\"description\":\"La lotion hydrolipidique GEHWOL FUSSKRAFT est une lotion facile \u00e0 \u00e9taler pour le soin quotidien des jambes et des pieds.\u00a0Les ingr\u00e9dients ur\u00e9e et glyc\u00e9rine lient l'humidit\u00e9 dans les couches profondes de la peau tout en adoucissant et en r\u00e9duisant la nouvelle accumulation de callosit\u00e9s.\u00a0Les lipides manquants sont \u00e9quilibr\u00e9s dans la peau s\u00e8che gr\u00e2ce \u00e0 l'huile d'avocat et \u00e0 l'huile de jojoba.\u00a0\",\"breadcrumb\":{\"@id\":\"https:\/\/publissoft.dev\/spasante\/produit\/gehwol-lotion-hydrolipidique-fusskraft\/#breadcrumb\"},\"inLanguage\":\"fr-CA\",\"potentialAction\":[{\"@type\":\"ReadAction\",\"target\":[\"https:\/\/publissoft.dev\/spasante\/produit\/gehwol-lotion-hydrolipidique-fusskraft\/\"]}]},{\"@type\":\"ImageObject\",\"inLanguage\":\"fr-CA\",\"@id\":\"https:\/\/publissoft.dev\/spasante\/produit\/gehwol-lotion-hydrolipidique-fusskraft\/#primaryimage\",\"url\":\"https:\/\/publissoft.dev\/spasante\/wp-content\/uploads\/2022\/10\/Gehwol_Hydrolipid_Lotion_.jpg\",\"contentUrl\":\"https:\/\/publissoft.dev\/spasante\/wp-content\/uploads\/2022\/10\/Gehwol_Hydrolipid_Lotion_.jpg\",\"width\":571,\"height\":625},{\"@type\":\"BreadcrumbList\",\"@id\":\"https:\/\/publissoft.dev\/spasante\/produit\/gehwol-lotion-hydrolipidique-fusskraft\/#breadcrumb\",\"itemListElement\":[{\"@type\":\"ListItem\",\"position\":1,\"name\":\"Accueil\",\"item\":\"https:\/\/publissoft.dev\/spasante\/\"},{\"@type\":\"ListItem\",\"position\":2,\"name\":\"Boutique\",\"item\":\"https:\/\/publissoft.dev\/spasante\/boutique\/\"},{\"@type\":\"ListItem\",\"position\":3,\"name\":\"Gehwol &#8211; Lotion Hydrolipidique Fusskraft\"}]},{\"@type\":\"WebSite\",\"@id\":\"https:\/\/publissoft.dev\/spasante\/#website\",\"url\":\"https:\/\/publissoft.dev\/spasante\/\",\"name\":\"Spa Sant\u00e9 Le N\u00e9nuphar\",\"description\":\"\",\"publisher\":{\"@id\":\"https:\/\/publissoft.dev\/spasante\/#organization\"},\"potentialAction\":[{\"@type\":\"SearchAction\",\"target\":{\"@type\":\"EntryPoint\",\"urlTemplate\":\"https:\/\/publissoft.dev\/spasante\/?s={search_term_string}\"},\"query-input\":\"required name=search_term_string\"}],\"inLanguage\":\"fr-CA\"},{\"@type\":\"Organization\",\"@id\":\"https:\/\/publissoft.dev\/spasante\/#organization\",\"name\":\"Spa Sant\u00e9 Le N\u00e9nuphar\",\"url\":\"https:\/\/publissoft.dev\/spasante\/\",\"logo\":{\"@type\":\"ImageObject\",\"inLanguage\":\"fr-CA\",\"@id\":\"https:\/\/publissoft.dev\/spasante\/#\/schema\/logo\/image\/\",\"url\":\"https:\/\/publissoft.dev\/spasante\/wp-content\/uploads\/2022\/11\/logo-jpg.jpeg\",\"contentUrl\":\"https:\/\/publissoft.dev\/spasante\/wp-content\/uploads\/2022\/11\/logo-jpg.jpeg\",\"width\":900,\"height\":900,\"caption\":\"Spa Sant\u00e9 Le N\u00e9nuphar\"},\"image\":{\"@id\":\"https:\/\/publissoft.dev\/spasante\/#\/schema\/logo\/image\/\"},\"sameAs\":[\"https:\/\/www.facebook.com\/SpaSanteLeNenuphar\",\"https:\/\/www.instagram.com\/spasantelenenuphar\/?hl=fr\"]}]}<\/script>\n<!-- \/ Yoast SEO plugin. -->","yoast_head_json":{"title":"Gehwol - Lotion Hydrolipidique Fusskraft - Spa Sant\u00e9 Le N\u00e9nuphar","description":"La lotion hydrolipidique GEHWOL FUSSKRAFT est une lotion facile \u00e0 \u00e9taler pour le soin quotidien des jambes et des pieds.\u00a0Les ingr\u00e9dients ur\u00e9e et glyc\u00e9rine lient l'humidit\u00e9 dans les couches profondes de la peau tout en adoucissant et en r\u00e9duisant la nouvelle accumulation de callosit\u00e9s.\u00a0Les lipides manquants sont \u00e9quilibr\u00e9s dans la peau s\u00e8che gr\u00e2ce \u00e0 l'huile d'avocat et \u00e0 l'huile de jojoba.\u00a0","robots":{"index":"noindex","follow":"follow","max-snippet":"max-snippet:-1","max-image-preview":"max-image-preview:large","max-video-preview":"max-video-preview:-1"},"og_locale":"fr_CA","og_type":"article","og_title":"Gehwol - Lotion Hydrolipidique Fusskraft - Spa Sant\u00e9 Le N\u00e9nuphar","og_description":"La lotion hydrolipidique GEHWOL FUSSKRAFT est une lotion facile \u00e0 \u00e9taler pour le soin quotidien des jambes et des pieds.\u00a0Les ingr\u00e9dients ur\u00e9e et glyc\u00e9rine lient l'humidit\u00e9 dans les couches profondes de la peau tout en adoucissant et en r\u00e9duisant la nouvelle accumulation de callosit\u00e9s.\u00a0Les lipides manquants sont \u00e9quilibr\u00e9s dans la peau s\u00e8che gr\u00e2ce \u00e0 l'huile d'avocat et \u00e0 l'huile de jojoba.\u00a0","og_url":"https:\/\/publissoft.dev\/spasante\/produit\/gehwol-lotion-hydrolipidique-fusskraft\/","og_site_name":"Spa Sant\u00e9 Le N\u00e9nuphar","article_publisher":"https:\/\/www.facebook.com\/SpaSanteLeNenuphar","article_modified_time":"2022-10-05T17:21:47+00:00","og_image":[{"width":571,"height":625,"url":"https:\/\/publissoft.dev\/spasante\/wp-content\/uploads\/2022\/10\/Gehwol_Hydrolipid_Lotion_.jpg","type":"image\/jpeg"}],"twitter_card":"summary_large_image","twitter_misc":{"Estimation du temps de lecture":"1 minute"},"schema":{"@context":"https:\/\/schema.org","@graph":[{"@type":"WebPage","@id":"https:\/\/publissoft.dev\/spasante\/produit\/gehwol-lotion-hydrolipidique-fusskraft\/","url":"https:\/\/publissoft.dev\/spasante\/produit\/gehwol-lotion-hydrolipidique-fusskraft\/","name":"Gehwol - Lotion Hydrolipidique Fusskraft - Spa Sant\u00e9 Le N\u00e9nuphar","isPartOf":{"@id":"https:\/\/publissoft.dev\/spasante\/#website"},"primaryImageOfPage":{"@id":"https:\/\/publissoft.dev\/spasante\/produit\/gehwol-lotion-hydrolipidique-fusskraft\/#primaryimage"},"image":{"@id":"https:\/\/publissoft.dev\/spasante\/produit\/gehwol-lotion-hydrolipidique-fusskraft\/#primaryimage"},"thumbnailUrl":"https:\/\/publissoft.dev\/spasante\/wp-content\/uploads\/2022\/10\/Gehwol_Hydrolipid_Lotion_.jpg","datePublished":"2022-10-05T17:21:46+00:00","dateModified":"2022-10-05T17:21:47+00:00","description":"La lotion hydrolipidique GEHWOL FUSSKRAFT est une lotion facile \u00e0 \u00e9taler pour le soin quotidien des jambes et des pieds.\u00a0Les ingr\u00e9dients ur\u00e9e et glyc\u00e9rine lient l'humidit\u00e9 dans les couches profondes de la peau tout en adoucissant et en r\u00e9duisant la nouvelle accumulation de callosit\u00e9s.\u00a0Les lipides manquants sont \u00e9quilibr\u00e9s dans la peau s\u00e8che gr\u00e2ce \u00e0 l'huile d'avocat et \u00e0 l'huile de jojoba.\u00a0","breadcrumb":{"@id":"https:\/\/publissoft.dev\/spasante\/produit\/gehwol-lotion-hydrolipidique-fusskraft\/#breadcrumb"},"inLanguage":"fr-CA","potentialAction":[{"@type":"ReadAction","target":["https:\/\/publissoft.dev\/spasante\/produit\/gehwol-lotion-hydrolipidique-fusskraft\/"]}]},{"@type":"ImageObject","inLanguage":"fr-CA","@id":"https:\/\/publissoft.dev\/spasante\/produit\/gehwol-lotion-hydrolipidique-fusskraft\/#primaryimage","url":"https:\/\/publissoft.dev\/spasante\/wp-content\/uploads\/2022\/10\/Gehwol_Hydrolipid_Lotion_.jpg","contentUrl":"https:\/\/publissoft.dev\/spasante\/wp-content\/uploads\/2022\/10\/Gehwol_Hydrolipid_Lotion_.jpg","width":571,"height":625},{"@type":"BreadcrumbList","@id":"https:\/\/publissoft.dev\/spasante\/produit\/gehwol-lotion-hydrolipidique-fusskraft\/#breadcrumb","itemListElement":[{"@type":"ListItem","position":1,"name":"Accueil","item":"https:\/\/publissoft.dev\/spasante\/"},{"@type":"ListItem","position":2,"name":"Boutique","item":"https:\/\/publissoft.dev\/spasante\/boutique\/"},{"@type":"ListItem","position":3,"name":"Gehwol &#8211; Lotion Hydrolipidique Fusskraft"}]},{"@type":"WebSite","@id":"https:\/\/publissoft.dev\/spasante\/#website","url":"https:\/\/publissoft.dev\/spasante\/","name":"Spa Sant\u00e9 Le N\u00e9nuphar","description":"","publisher":{"@id":"https:\/\/publissoft.dev\/spasante\/#organization"},"potentialAction":[{"@type":"SearchAction","target":{"@type":"EntryPoint","urlTemplate":"https:\/\/publissoft.dev\/spasante\/?s={search_term_string}"},"query-input":"required name=search_term_string"}],"inLanguage":"fr-CA"},{"@type":"Organization","@id":"https:\/\/publissoft.dev\/spasante\/#organization","name":"Spa Sant\u00e9 Le N\u00e9nuphar","url":"https:\/\/publissoft.dev\/spasante\/","logo":{"@type":"ImageObject","inLanguage":"fr-CA","@id":"https:\/\/publissoft.dev\/spasante\/#\/schema\/logo\/image\/","url":"https:\/\/publissoft.dev\/spasante\/wp-content\/uploads\/2022\/11\/logo-jpg.jpeg","contentUrl":"https:\/\/publissoft.dev\/spasante\/wp-content\/uploads\/2022\/11\/logo-jpg.jpeg","width":900,"height":900,"caption":"Spa Sant\u00e9 Le N\u00e9nuphar"},"image":{"@id":"https:\/\/publissoft.dev\/spasante\/#\/schema\/logo\/image\/"},"sameAs":["https:\/\/www.facebook.com\/SpaSanteLeNenuphar","https:\/\/www.instagram.com\/spasantelenenuphar\/?hl=fr"]}]}},"_links":{"self":[{"href":"https:\/\/publissoft.dev\/spasante\/wp-json\/wp\/v2\/product\/3505","targetHints":{"allow":["GET"]}}],"collection":[{"href":"https:\/\/publissoft.dev\/spasante\/wp-json\/wp\/v2\/product"}],"about":[{"href":"https:\/\/publissoft.dev\/spasante\/wp-json\/wp\/v2\/types\/product"}],"wp:featuredmedia":[{"embeddable":true,"href":"https:\/\/publissoft.dev\/spasante\/wp-json\/wp\/v2\/media\/3506"}],"wp:attachment":[{"href":"https:\/\/publissoft.dev\/spasante\/wp-json\/wp\/v2\/media?parent=3505"}],"wp:term":[{"taxonomy":"product_cat","embeddable":true,"href":"https:\/\/publissoft.dev\/spasante\/wp-json\/wp\/v2\/product_cat?post=3505"},{"taxonomy":"product_tag","embeddable":true,"href":"https:\/\/publissoft.dev\/spasante\/wp-json\/wp\/v2\/product_tag?post=3505"},{"taxonomy":"giftcard-category","embeddable":true,"href":"https:\/\/publissoft.dev\/spasante\/wp-json\/wp\/v2\/giftcard-category?post=3505"}],"curies":[{"name":"wp","href":"https:\/\/api.w.org\/{rel}","templated":true}]}}