{"id":3509,"date":"2022-10-05T15:49:21","date_gmt":"2022-10-05T19:49:21","guid":{"rendered":"https:\/\/publissoft.dev\/spasante\/?post_type=product&#038;p=3509"},"modified":"2022-10-05T15:49:22","modified_gmt":"2022-10-05T19:49:22","slug":"gehwol-baume-rose-peau-seche-et-gercee","status":"publish","type":"product","link":"https:\/\/publissoft.dev\/spasante\/produit\/gehwol-baume-rose-peau-seche-et-gercee\/","title":{"rendered":"Gehwol &#8211; Baume rose peau s\u00e8che et ger\u00e7\u00e9e"},"content":{"rendered":"<p>Baume pour les pieds rafra\u00eechissant et stimulant. Soigne, d\u00e9sodorise et pr\u00e9vient les mycoses.<\/p>\n<p>Le menthol vivifiant et les huiles essentielles naturelles de romarin et de lavande apportent une agr\u00e9able impression de fra\u00eecheur. Les sensations de br\u00fblure disparaissent imm\u00e9diatement. Les pieds fatigu\u00e9s et douloureux revivent.<\/p>\n<p>Des substances antibact\u00e9riennes efficaces \u00e9liminent durablement les mauvaises odeurs, pr\u00e9viennent efficacement les mycoses du pied et maintiennent une fra\u00eecheur hygi\u00e9nique.<\/p>\n<p>GEHWOL Baume pour peau s\u00e8che et gerc\u00e9e est riche en substances r\u00e9put\u00e9es pour leurs bienfaits dermiques comme la lanoline et l\u2019huile d\u2019avocat. Les peaux r\u00eaches et gerc\u00e9es retrouvent leurs douceurs, leurs souplesses et leurs r\u00e9sistances. L\u2019exc\u00e9dent en humidit\u00e9 est r\u00e9gularis\u00e9 par l\u2019alo\u00e9 vera.<\/p>\n<p>GEHWOL Baume p\u00e9n\u00e8tre rapidement et procure la douce sensation d\u2019une peau tr\u00e8s soign\u00e9e.<\/p>\n<p>Test\u00e9 dermatologiquement<br \/>\nConvient \u00e9galement aux diab\u00e9tiques<\/p>\n","protected":false},"excerpt":{"rendered":"<p>Baume pour les pieds rafra\u00eechissant et stimulant. Soigne, d\u00e9sodorise et pr\u00e9vient les mycoses. Le menthol vivifiant et les huiles essentielles naturelles de romarin et de lavande apportent une agr\u00e9able impression de fra\u00eecheur. Les sensations de br\u00fblure disparaissent imm\u00e9diatement. Les pieds fatigu\u00e9s et douloureux revivent. Des substances antibact\u00e9riennes efficaces \u00e9liminent durablement les mauvaises odeurs, pr\u00e9viennent efficacement &hellip;<\/p>\n","protected":false},"featured_media":3510,"template":"","meta":{"_acf_changed":false,"_genesis_hide_title":false,"_genesis_hide_breadcrumbs":false,"_genesis_hide_singular_image":false,"_genesis_hide_footer_widgets":false,"_genesis_custom_body_class":"","_genesis_custom_post_class":"","_genesis_layout":""},"product_cat":[37,27],"product_tag":[],"giftcard-category":[],"class_list":{"0":"post-3509","1":"product","2":"type-product","3":"status-publish","4":"has-post-thumbnail","6":"product_cat-produits","7":"product_cat-gewhol","8":"entry","10":"first","11":"instock","12":"taxable","13":"shipping-taxable","14":"purchasable","15":"product-type-simple"},"acf":[],"yoast_head":"<!-- This site is optimized with the Yoast SEO plugin v22.5 - https:\/\/yoast.com\/wordpress\/plugins\/seo\/ -->\n<title>Gehwol - Baume rose peau s\u00e8che et ger\u00e7\u00e9e - Spa Sant\u00e9 Le N\u00e9nuphar<\/title>\n<meta name=\"description\" content=\"Baume pour les pieds rafra\u00eechissant et stimulant. Soigne, d\u00e9sodorise et pr\u00e9vient les mycoses. Le menthol vivifiant et les huiles essentielles naturelles de romarin et de lavande apportent une agr\u00e9able impression de fra\u00eecheur. Les sensations de br\u00fblure disparaissent imm\u00e9diatement. Les pieds fatigu\u00e9s et douloureux revivent.\" \/>\n<meta name=\"robots\" content=\"noindex, follow, max-snippet:-1, max-image-preview:large, max-video-preview:-1\" \/>\n<meta property=\"og:locale\" content=\"fr_CA\" \/>\n<meta property=\"og:type\" content=\"article\" \/>\n<meta property=\"og:title\" content=\"Gehwol - Baume rose peau s\u00e8che et ger\u00e7\u00e9e - Spa Sant\u00e9 Le N\u00e9nuphar\" \/>\n<meta property=\"og:description\" content=\"Baume pour les pieds rafra\u00eechissant et stimulant. Soigne, d\u00e9sodorise et pr\u00e9vient les mycoses. Le menthol vivifiant et les huiles essentielles naturelles de romarin et de lavande apportent une agr\u00e9able impression de fra\u00eecheur. Les sensations de br\u00fblure disparaissent imm\u00e9diatement. Les pieds fatigu\u00e9s et douloureux revivent.\" \/>\n<meta property=\"og:url\" content=\"https:\/\/publissoft.dev\/spasante\/produit\/gehwol-baume-rose-peau-seche-et-gercee\/\" \/>\n<meta property=\"og:site_name\" content=\"Spa Sant\u00e9 Le N\u00e9nuphar\" \/>\n<meta property=\"article:publisher\" content=\"https:\/\/www.facebook.com\/SpaSanteLeNenuphar\" \/>\n<meta property=\"article:modified_time\" content=\"2022-10-05T19:49:22+00:00\" \/>\n<meta property=\"og:image\" content=\"https:\/\/publissoft.dev\/spasante\/wp-content\/uploads\/2022\/10\/baume_pieds_rafrachissant_menthol.png\" \/>\n\t<meta property=\"og:image:width\" content=\"300\" \/>\n\t<meta property=\"og:image:height\" content=\"294\" \/>\n\t<meta property=\"og:image:type\" content=\"image\/png\" \/>\n<meta name=\"twitter:card\" content=\"summary_large_image\" \/>\n<meta name=\"twitter:label1\" content=\"Estimation du temps de lecture\" \/>\n\t<meta name=\"twitter:data1\" content=\"1 minute\" \/>\n<script type=\"application\/ld+json\" class=\"yoast-schema-graph\">{\"@context\":\"https:\/\/schema.org\",\"@graph\":[{\"@type\":\"WebPage\",\"@id\":\"https:\/\/publissoft.dev\/spasante\/produit\/gehwol-baume-rose-peau-seche-et-gercee\/\",\"url\":\"https:\/\/publissoft.dev\/spasante\/produit\/gehwol-baume-rose-peau-seche-et-gercee\/\",\"name\":\"Gehwol - Baume rose peau s\u00e8che et ger\u00e7\u00e9e - Spa Sant\u00e9 Le N\u00e9nuphar\",\"isPartOf\":{\"@id\":\"https:\/\/publissoft.dev\/spasante\/#website\"},\"primaryImageOfPage\":{\"@id\":\"https:\/\/publissoft.dev\/spasante\/produit\/gehwol-baume-rose-peau-seche-et-gercee\/#primaryimage\"},\"image\":{\"@id\":\"https:\/\/publissoft.dev\/spasante\/produit\/gehwol-baume-rose-peau-seche-et-gercee\/#primaryimage\"},\"thumbnailUrl\":\"https:\/\/publissoft.dev\/spasante\/wp-content\/uploads\/2022\/10\/baume_pieds_rafrachissant_menthol.png\",\"datePublished\":\"2022-10-05T19:49:21+00:00\",\"dateModified\":\"2022-10-05T19:49:22+00:00\",\"description\":\"Baume pour les pieds rafra\u00eechissant et stimulant. Soigne, d\u00e9sodorise et pr\u00e9vient les mycoses. Le menthol vivifiant et les huiles essentielles naturelles de romarin et de lavande apportent une agr\u00e9able impression de fra\u00eecheur. Les sensations de br\u00fblure disparaissent imm\u00e9diatement. Les pieds fatigu\u00e9s et douloureux revivent.\",\"breadcrumb\":{\"@id\":\"https:\/\/publissoft.dev\/spasante\/produit\/gehwol-baume-rose-peau-seche-et-gercee\/#breadcrumb\"},\"inLanguage\":\"fr-CA\",\"potentialAction\":[{\"@type\":\"ReadAction\",\"target\":[\"https:\/\/publissoft.dev\/spasante\/produit\/gehwol-baume-rose-peau-seche-et-gercee\/\"]}]},{\"@type\":\"ImageObject\",\"inLanguage\":\"fr-CA\",\"@id\":\"https:\/\/publissoft.dev\/spasante\/produit\/gehwol-baume-rose-peau-seche-et-gercee\/#primaryimage\",\"url\":\"https:\/\/publissoft.dev\/spasante\/wp-content\/uploads\/2022\/10\/baume_pieds_rafrachissant_menthol.png\",\"contentUrl\":\"https:\/\/publissoft.dev\/spasante\/wp-content\/uploads\/2022\/10\/baume_pieds_rafrachissant_menthol.png\",\"width\":300,\"height\":294},{\"@type\":\"BreadcrumbList\",\"@id\":\"https:\/\/publissoft.dev\/spasante\/produit\/gehwol-baume-rose-peau-seche-et-gercee\/#breadcrumb\",\"itemListElement\":[{\"@type\":\"ListItem\",\"position\":1,\"name\":\"Accueil\",\"item\":\"https:\/\/publissoft.dev\/spasante\/\"},{\"@type\":\"ListItem\",\"position\":2,\"name\":\"Boutique\",\"item\":\"https:\/\/publissoft.dev\/spasante\/boutique\/\"},{\"@type\":\"ListItem\",\"position\":3,\"name\":\"Gehwol &#8211; Baume rose peau s\u00e8che et ger\u00e7\u00e9e\"}]},{\"@type\":\"WebSite\",\"@id\":\"https:\/\/publissoft.dev\/spasante\/#website\",\"url\":\"https:\/\/publissoft.dev\/spasante\/\",\"name\":\"Spa Sant\u00e9 Le N\u00e9nuphar\",\"description\":\"\",\"publisher\":{\"@id\":\"https:\/\/publissoft.dev\/spasante\/#organization\"},\"potentialAction\":[{\"@type\":\"SearchAction\",\"target\":{\"@type\":\"EntryPoint\",\"urlTemplate\":\"https:\/\/publissoft.dev\/spasante\/?s={search_term_string}\"},\"query-input\":\"required name=search_term_string\"}],\"inLanguage\":\"fr-CA\"},{\"@type\":\"Organization\",\"@id\":\"https:\/\/publissoft.dev\/spasante\/#organization\",\"name\":\"Spa Sant\u00e9 Le N\u00e9nuphar\",\"url\":\"https:\/\/publissoft.dev\/spasante\/\",\"logo\":{\"@type\":\"ImageObject\",\"inLanguage\":\"fr-CA\",\"@id\":\"https:\/\/publissoft.dev\/spasante\/#\/schema\/logo\/image\/\",\"url\":\"https:\/\/publissoft.dev\/spasante\/wp-content\/uploads\/2022\/11\/logo-jpg.jpeg\",\"contentUrl\":\"https:\/\/publissoft.dev\/spasante\/wp-content\/uploads\/2022\/11\/logo-jpg.jpeg\",\"width\":900,\"height\":900,\"caption\":\"Spa Sant\u00e9 Le N\u00e9nuphar\"},\"image\":{\"@id\":\"https:\/\/publissoft.dev\/spasante\/#\/schema\/logo\/image\/\"},\"sameAs\":[\"https:\/\/www.facebook.com\/SpaSanteLeNenuphar\",\"https:\/\/www.instagram.com\/spasantelenenuphar\/?hl=fr\"]}]}<\/script>\n<!-- \/ Yoast SEO plugin. -->","yoast_head_json":{"title":"Gehwol - Baume rose peau s\u00e8che et ger\u00e7\u00e9e - Spa Sant\u00e9 Le N\u00e9nuphar","description":"Baume pour les pieds rafra\u00eechissant et stimulant. Soigne, d\u00e9sodorise et pr\u00e9vient les mycoses. Le menthol vivifiant et les huiles essentielles naturelles de romarin et de lavande apportent une agr\u00e9able impression de fra\u00eecheur. Les sensations de br\u00fblure disparaissent imm\u00e9diatement. Les pieds fatigu\u00e9s et douloureux revivent.","robots":{"index":"noindex","follow":"follow","max-snippet":"max-snippet:-1","max-image-preview":"max-image-preview:large","max-video-preview":"max-video-preview:-1"},"og_locale":"fr_CA","og_type":"article","og_title":"Gehwol - Baume rose peau s\u00e8che et ger\u00e7\u00e9e - Spa Sant\u00e9 Le N\u00e9nuphar","og_description":"Baume pour les pieds rafra\u00eechissant et stimulant. Soigne, d\u00e9sodorise et pr\u00e9vient les mycoses. Le menthol vivifiant et les huiles essentielles naturelles de romarin et de lavande apportent une agr\u00e9able impression de fra\u00eecheur. Les sensations de br\u00fblure disparaissent imm\u00e9diatement. Les pieds fatigu\u00e9s et douloureux revivent.","og_url":"https:\/\/publissoft.dev\/spasante\/produit\/gehwol-baume-rose-peau-seche-et-gercee\/","og_site_name":"Spa Sant\u00e9 Le N\u00e9nuphar","article_publisher":"https:\/\/www.facebook.com\/SpaSanteLeNenuphar","article_modified_time":"2022-10-05T19:49:22+00:00","og_image":[{"width":300,"height":294,"url":"https:\/\/publissoft.dev\/spasante\/wp-content\/uploads\/2022\/10\/baume_pieds_rafrachissant_menthol.png","type":"image\/png"}],"twitter_card":"summary_large_image","twitter_misc":{"Estimation du temps de lecture":"1 minute"},"schema":{"@context":"https:\/\/schema.org","@graph":[{"@type":"WebPage","@id":"https:\/\/publissoft.dev\/spasante\/produit\/gehwol-baume-rose-peau-seche-et-gercee\/","url":"https:\/\/publissoft.dev\/spasante\/produit\/gehwol-baume-rose-peau-seche-et-gercee\/","name":"Gehwol - Baume rose peau s\u00e8che et ger\u00e7\u00e9e - Spa Sant\u00e9 Le N\u00e9nuphar","isPartOf":{"@id":"https:\/\/publissoft.dev\/spasante\/#website"},"primaryImageOfPage":{"@id":"https:\/\/publissoft.dev\/spasante\/produit\/gehwol-baume-rose-peau-seche-et-gercee\/#primaryimage"},"image":{"@id":"https:\/\/publissoft.dev\/spasante\/produit\/gehwol-baume-rose-peau-seche-et-gercee\/#primaryimage"},"thumbnailUrl":"https:\/\/publissoft.dev\/spasante\/wp-content\/uploads\/2022\/10\/baume_pieds_rafrachissant_menthol.png","datePublished":"2022-10-05T19:49:21+00:00","dateModified":"2022-10-05T19:49:22+00:00","description":"Baume pour les pieds rafra\u00eechissant et stimulant. Soigne, d\u00e9sodorise et pr\u00e9vient les mycoses. Le menthol vivifiant et les huiles essentielles naturelles de romarin et de lavande apportent une agr\u00e9able impression de fra\u00eecheur. Les sensations de br\u00fblure disparaissent imm\u00e9diatement. Les pieds fatigu\u00e9s et douloureux revivent.","breadcrumb":{"@id":"https:\/\/publissoft.dev\/spasante\/produit\/gehwol-baume-rose-peau-seche-et-gercee\/#breadcrumb"},"inLanguage":"fr-CA","potentialAction":[{"@type":"ReadAction","target":["https:\/\/publissoft.dev\/spasante\/produit\/gehwol-baume-rose-peau-seche-et-gercee\/"]}]},{"@type":"ImageObject","inLanguage":"fr-CA","@id":"https:\/\/publissoft.dev\/spasante\/produit\/gehwol-baume-rose-peau-seche-et-gercee\/#primaryimage","url":"https:\/\/publissoft.dev\/spasante\/wp-content\/uploads\/2022\/10\/baume_pieds_rafrachissant_menthol.png","contentUrl":"https:\/\/publissoft.dev\/spasante\/wp-content\/uploads\/2022\/10\/baume_pieds_rafrachissant_menthol.png","width":300,"height":294},{"@type":"BreadcrumbList","@id":"https:\/\/publissoft.dev\/spasante\/produit\/gehwol-baume-rose-peau-seche-et-gercee\/#breadcrumb","itemListElement":[{"@type":"ListItem","position":1,"name":"Accueil","item":"https:\/\/publissoft.dev\/spasante\/"},{"@type":"ListItem","position":2,"name":"Boutique","item":"https:\/\/publissoft.dev\/spasante\/boutique\/"},{"@type":"ListItem","position":3,"name":"Gehwol &#8211; Baume rose peau s\u00e8che et ger\u00e7\u00e9e"}]},{"@type":"WebSite","@id":"https:\/\/publissoft.dev\/spasante\/#website","url":"https:\/\/publissoft.dev\/spasante\/","name":"Spa Sant\u00e9 Le N\u00e9nuphar","description":"","publisher":{"@id":"https:\/\/publissoft.dev\/spasante\/#organization"},"potentialAction":[{"@type":"SearchAction","target":{"@type":"EntryPoint","urlTemplate":"https:\/\/publissoft.dev\/spasante\/?s={search_term_string}"},"query-input":"required name=search_term_string"}],"inLanguage":"fr-CA"},{"@type":"Organization","@id":"https:\/\/publissoft.dev\/spasante\/#organization","name":"Spa Sant\u00e9 Le N\u00e9nuphar","url":"https:\/\/publissoft.dev\/spasante\/","logo":{"@type":"ImageObject","inLanguage":"fr-CA","@id":"https:\/\/publissoft.dev\/spasante\/#\/schema\/logo\/image\/","url":"https:\/\/publissoft.dev\/spasante\/wp-content\/uploads\/2022\/11\/logo-jpg.jpeg","contentUrl":"https:\/\/publissoft.dev\/spasante\/wp-content\/uploads\/2022\/11\/logo-jpg.jpeg","width":900,"height":900,"caption":"Spa Sant\u00e9 Le N\u00e9nuphar"},"image":{"@id":"https:\/\/publissoft.dev\/spasante\/#\/schema\/logo\/image\/"},"sameAs":["https:\/\/www.facebook.com\/SpaSanteLeNenuphar","https:\/\/www.instagram.com\/spasantelenenuphar\/?hl=fr"]}]}},"_links":{"self":[{"href":"https:\/\/publissoft.dev\/spasante\/wp-json\/wp\/v2\/product\/3509","targetHints":{"allow":["GET"]}}],"collection":[{"href":"https:\/\/publissoft.dev\/spasante\/wp-json\/wp\/v2\/product"}],"about":[{"href":"https:\/\/publissoft.dev\/spasante\/wp-json\/wp\/v2\/types\/product"}],"wp:featuredmedia":[{"embeddable":true,"href":"https:\/\/publissoft.dev\/spasante\/wp-json\/wp\/v2\/media\/3510"}],"wp:attachment":[{"href":"https:\/\/publissoft.dev\/spasante\/wp-json\/wp\/v2\/media?parent=3509"}],"wp:term":[{"taxonomy":"product_cat","embeddable":true,"href":"https:\/\/publissoft.dev\/spasante\/wp-json\/wp\/v2\/product_cat?post=3509"},{"taxonomy":"product_tag","embeddable":true,"href":"https:\/\/publissoft.dev\/spasante\/wp-json\/wp\/v2\/product_tag?post=3509"},{"taxonomy":"giftcard-category","embeddable":true,"href":"https:\/\/publissoft.dev\/spasante\/wp-json\/wp\/v2\/giftcard-category?post=3509"}],"curies":[{"name":"wp","href":"https:\/\/api.w.org\/{rel}","templated":true}]}}