{"id":3550,"date":"2022-10-12T10:00:25","date_gmt":"2022-10-12T14:00:25","guid":{"rendered":"https:\/\/publissoft.dev\/spasante\/?post_type=product&#038;p=3550"},"modified":"2024-01-30T11:15:43","modified_gmt":"2024-01-30T16:15:43","slug":"dr-renaud-pure-regene-elixir-yeux-rajeunissant","status":"publish","type":"product","link":"https:\/\/publissoft.dev\/spasante\/produit\/dr-renaud-pure-regene-elixir-yeux-rajeunissant\/","title":{"rendered":"Dr. Renaud &#8211; PURE Re[Gene] \u00c9lixir yeux rajeunissant"},"content":{"rendered":"<p>Cet \u00c9lixir yeux rajeunissant restaure la densit\u00e9 et la fermet\u00e9 de la peau tandis que les rides sont visiblement repulp\u00e9es autour des yeux.<\/p>\n<p>&nbsp;<\/p>\n<p>Vivez un pur moment de bonheur pour les sens avec cette luxueuse texture fondante.<\/p>\n<p>&nbsp;<\/p>\n<p>Convient \u00e0 tous les types de peaux, m\u00eame les plus sensibles, \u00e0 l\u2019exception des peaux grasses et des peaux \u00e0 tendance acn\u00e9ique<\/p>\n","protected":false},"excerpt":{"rendered":"<p>Cet \u00c9lixir yeux rajeunissant restaure la densit\u00e9 et la fermet\u00e9 de la peau tandis que les rides sont visiblement repulp\u00e9es autour des yeux. &nbsp; Vivez un pur moment de bonheur pour les sens avec cette luxueuse texture fondante. &nbsp; Convient \u00e0 tous les types de peaux, m\u00eame les plus sensibles, \u00e0 l\u2019exception des peaux grasses &hellip;<\/p>\n","protected":false},"featured_media":3551,"template":"","meta":{"_acf_changed":false,"_genesis_hide_title":false,"_genesis_hide_breadcrumbs":false,"_genesis_hide_singular_image":false,"_genesis_hide_footer_widgets":false,"_genesis_custom_body_class":"","_genesis_custom_post_class":"","_genesis_layout":""},"product_cat":[37,31,77],"product_tag":[],"giftcard-category":[],"class_list":{"0":"post-3550","1":"product","2":"type-product","3":"status-publish","4":"has-post-thumbnail","6":"product_cat-produits","7":"product_cat-laboratoire-dr-renaud","8":"product_cat-produits-en-promotion","9":"entry","11":"first","12":"instock","13":"taxable","14":"shipping-taxable","15":"purchasable","16":"product-type-simple"},"acf":[],"yoast_head":"<!-- This site is optimized with the Yoast SEO plugin v22.5 - https:\/\/yoast.com\/wordpress\/plugins\/seo\/ -->\n<title>Dr. Renaud - PURE Re[Gene] \u00c9lixir yeux rajeunissant - Spa Sant\u00e9 Le N\u00e9nuphar<\/title>\n<meta name=\"description\" content=\"Cet \u00c9lixir yeux rajeunissant restaure la densit\u00e9 et la fermet\u00e9 de la peau tandis que les rides sont visiblement repulp\u00e9es autour des yeux.Vivez un pur moment de bonheur pour les sens avec cette luxueuse texture fondante.Convient \u00e0 tous les types de peaux, m\u00eame les plus sensibles, \u00e0 l\u2019exception des peaux grasses et des peaux \u00e0 tendance acn\u00e9ique\" \/>\n<meta name=\"robots\" content=\"noindex, follow, max-snippet:-1, max-image-preview:large, max-video-preview:-1\" \/>\n<meta property=\"og:locale\" content=\"fr_CA\" \/>\n<meta property=\"og:type\" content=\"article\" \/>\n<meta property=\"og:title\" content=\"Dr. Renaud - PURE Re[Gene] \u00c9lixir yeux rajeunissant - Spa Sant\u00e9 Le N\u00e9nuphar\" \/>\n<meta property=\"og:description\" content=\"Cet \u00c9lixir yeux rajeunissant restaure la densit\u00e9 et la fermet\u00e9 de la peau tandis que les rides sont visiblement repulp\u00e9es autour des yeux.Vivez un pur moment de bonheur pour les sens avec cette luxueuse texture fondante.Convient \u00e0 tous les types de peaux, m\u00eame les plus sensibles, \u00e0 l\u2019exception des peaux grasses et des peaux \u00e0 tendance acn\u00e9ique\" \/>\n<meta property=\"og:url\" content=\"https:\/\/publissoft.dev\/spasante\/produit\/dr-renaud-pure-regene-elixir-yeux-rajeunissant\/\" \/>\n<meta property=\"og:site_name\" content=\"Spa Sant\u00e9 Le N\u00e9nuphar\" \/>\n<meta property=\"article:publisher\" content=\"https:\/\/www.facebook.com\/SpaSanteLeNenuphar\" \/>\n<meta property=\"article:modified_time\" content=\"2024-01-30T16:15:43+00:00\" \/>\n<meta property=\"og:image\" content=\"https:\/\/publissoft.dev\/spasante\/wp-content\/uploads\/2022\/10\/pure-yeux.jpg\" \/>\n\t<meta property=\"og:image:width\" content=\"629\" \/>\n\t<meta property=\"og:image:height\" content=\"592\" \/>\n\t<meta property=\"og:image:type\" content=\"image\/jpeg\" \/>\n<meta name=\"twitter:card\" content=\"summary_large_image\" \/>\n<meta name=\"twitter:label1\" content=\"Estimation du temps de lecture\" \/>\n\t<meta name=\"twitter:data1\" content=\"1 minute\" \/>\n<script type=\"application\/ld+json\" class=\"yoast-schema-graph\">{\"@context\":\"https:\/\/schema.org\",\"@graph\":[{\"@type\":\"WebPage\",\"@id\":\"https:\/\/publissoft.dev\/spasante\/produit\/dr-renaud-pure-regene-elixir-yeux-rajeunissant\/\",\"url\":\"https:\/\/publissoft.dev\/spasante\/produit\/dr-renaud-pure-regene-elixir-yeux-rajeunissant\/\",\"name\":\"Dr. Renaud - PURE Re[Gene] \u00c9lixir yeux rajeunissant - Spa Sant\u00e9 Le N\u00e9nuphar\",\"isPartOf\":{\"@id\":\"https:\/\/publissoft.dev\/spasante\/#website\"},\"primaryImageOfPage\":{\"@id\":\"https:\/\/publissoft.dev\/spasante\/produit\/dr-renaud-pure-regene-elixir-yeux-rajeunissant\/#primaryimage\"},\"image\":{\"@id\":\"https:\/\/publissoft.dev\/spasante\/produit\/dr-renaud-pure-regene-elixir-yeux-rajeunissant\/#primaryimage\"},\"thumbnailUrl\":\"https:\/\/publissoft.dev\/spasante\/wp-content\/uploads\/2022\/10\/pure-yeux.jpg\",\"datePublished\":\"2022-10-12T14:00:25+00:00\",\"dateModified\":\"2024-01-30T16:15:43+00:00\",\"description\":\"Cet \u00c9lixir yeux rajeunissant restaure la densit\u00e9 et la fermet\u00e9 de la peau tandis que les rides sont visiblement repulp\u00e9es autour des yeux.Vivez un pur moment de bonheur pour les sens avec cette luxueuse texture fondante.Convient \u00e0 tous les types de peaux, m\u00eame les plus sensibles, \u00e0 l\u2019exception des peaux grasses et des peaux \u00e0 tendance acn\u00e9ique\",\"breadcrumb\":{\"@id\":\"https:\/\/publissoft.dev\/spasante\/produit\/dr-renaud-pure-regene-elixir-yeux-rajeunissant\/#breadcrumb\"},\"inLanguage\":\"fr-CA\",\"potentialAction\":[{\"@type\":\"ReadAction\",\"target\":[\"https:\/\/publissoft.dev\/spasante\/produit\/dr-renaud-pure-regene-elixir-yeux-rajeunissant\/\"]}]},{\"@type\":\"ImageObject\",\"inLanguage\":\"fr-CA\",\"@id\":\"https:\/\/publissoft.dev\/spasante\/produit\/dr-renaud-pure-regene-elixir-yeux-rajeunissant\/#primaryimage\",\"url\":\"https:\/\/publissoft.dev\/spasante\/wp-content\/uploads\/2022\/10\/pure-yeux.jpg\",\"contentUrl\":\"https:\/\/publissoft.dev\/spasante\/wp-content\/uploads\/2022\/10\/pure-yeux.jpg\",\"width\":629,\"height\":592},{\"@type\":\"BreadcrumbList\",\"@id\":\"https:\/\/publissoft.dev\/spasante\/produit\/dr-renaud-pure-regene-elixir-yeux-rajeunissant\/#breadcrumb\",\"itemListElement\":[{\"@type\":\"ListItem\",\"position\":1,\"name\":\"Accueil\",\"item\":\"https:\/\/publissoft.dev\/spasante\/\"},{\"@type\":\"ListItem\",\"position\":2,\"name\":\"Boutique\",\"item\":\"https:\/\/publissoft.dev\/spasante\/boutique\/\"},{\"@type\":\"ListItem\",\"position\":3,\"name\":\"Dr. Renaud &#8211; PURE Re[Gene] \u00c9lixir yeux rajeunissant\"}]},{\"@type\":\"WebSite\",\"@id\":\"https:\/\/publissoft.dev\/spasante\/#website\",\"url\":\"https:\/\/publissoft.dev\/spasante\/\",\"name\":\"Spa Sant\u00e9 Le N\u00e9nuphar\",\"description\":\"\",\"publisher\":{\"@id\":\"https:\/\/publissoft.dev\/spasante\/#organization\"},\"potentialAction\":[{\"@type\":\"SearchAction\",\"target\":{\"@type\":\"EntryPoint\",\"urlTemplate\":\"https:\/\/publissoft.dev\/spasante\/?s={search_term_string}\"},\"query-input\":\"required name=search_term_string\"}],\"inLanguage\":\"fr-CA\"},{\"@type\":\"Organization\",\"@id\":\"https:\/\/publissoft.dev\/spasante\/#organization\",\"name\":\"Spa Sant\u00e9 Le N\u00e9nuphar\",\"url\":\"https:\/\/publissoft.dev\/spasante\/\",\"logo\":{\"@type\":\"ImageObject\",\"inLanguage\":\"fr-CA\",\"@id\":\"https:\/\/publissoft.dev\/spasante\/#\/schema\/logo\/image\/\",\"url\":\"https:\/\/publissoft.dev\/spasante\/wp-content\/uploads\/2022\/11\/logo-jpg.jpeg\",\"contentUrl\":\"https:\/\/publissoft.dev\/spasante\/wp-content\/uploads\/2022\/11\/logo-jpg.jpeg\",\"width\":900,\"height\":900,\"caption\":\"Spa Sant\u00e9 Le N\u00e9nuphar\"},\"image\":{\"@id\":\"https:\/\/publissoft.dev\/spasante\/#\/schema\/logo\/image\/\"},\"sameAs\":[\"https:\/\/www.facebook.com\/SpaSanteLeNenuphar\",\"https:\/\/www.instagram.com\/spasantelenenuphar\/?hl=fr\"]}]}<\/script>\n<!-- \/ Yoast SEO plugin. -->","yoast_head_json":{"title":"Dr. Renaud - PURE Re[Gene] \u00c9lixir yeux rajeunissant - Spa Sant\u00e9 Le N\u00e9nuphar","description":"Cet \u00c9lixir yeux rajeunissant restaure la densit\u00e9 et la fermet\u00e9 de la peau tandis que les rides sont visiblement repulp\u00e9es autour des yeux.Vivez un pur moment de bonheur pour les sens avec cette luxueuse texture fondante.Convient \u00e0 tous les types de peaux, m\u00eame les plus sensibles, \u00e0 l\u2019exception des peaux grasses et des peaux \u00e0 tendance acn\u00e9ique","robots":{"index":"noindex","follow":"follow","max-snippet":"max-snippet:-1","max-image-preview":"max-image-preview:large","max-video-preview":"max-video-preview:-1"},"og_locale":"fr_CA","og_type":"article","og_title":"Dr. Renaud - PURE Re[Gene] \u00c9lixir yeux rajeunissant - Spa Sant\u00e9 Le N\u00e9nuphar","og_description":"Cet \u00c9lixir yeux rajeunissant restaure la densit\u00e9 et la fermet\u00e9 de la peau tandis que les rides sont visiblement repulp\u00e9es autour des yeux.Vivez un pur moment de bonheur pour les sens avec cette luxueuse texture fondante.Convient \u00e0 tous les types de peaux, m\u00eame les plus sensibles, \u00e0 l\u2019exception des peaux grasses et des peaux \u00e0 tendance acn\u00e9ique","og_url":"https:\/\/publissoft.dev\/spasante\/produit\/dr-renaud-pure-regene-elixir-yeux-rajeunissant\/","og_site_name":"Spa Sant\u00e9 Le N\u00e9nuphar","article_publisher":"https:\/\/www.facebook.com\/SpaSanteLeNenuphar","article_modified_time":"2024-01-30T16:15:43+00:00","og_image":[{"width":629,"height":592,"url":"https:\/\/publissoft.dev\/spasante\/wp-content\/uploads\/2022\/10\/pure-yeux.jpg","type":"image\/jpeg"}],"twitter_card":"summary_large_image","twitter_misc":{"Estimation du temps de lecture":"1 minute"},"schema":{"@context":"https:\/\/schema.org","@graph":[{"@type":"WebPage","@id":"https:\/\/publissoft.dev\/spasante\/produit\/dr-renaud-pure-regene-elixir-yeux-rajeunissant\/","url":"https:\/\/publissoft.dev\/spasante\/produit\/dr-renaud-pure-regene-elixir-yeux-rajeunissant\/","name":"Dr. Renaud - PURE Re[Gene] \u00c9lixir yeux rajeunissant - Spa Sant\u00e9 Le N\u00e9nuphar","isPartOf":{"@id":"https:\/\/publissoft.dev\/spasante\/#website"},"primaryImageOfPage":{"@id":"https:\/\/publissoft.dev\/spasante\/produit\/dr-renaud-pure-regene-elixir-yeux-rajeunissant\/#primaryimage"},"image":{"@id":"https:\/\/publissoft.dev\/spasante\/produit\/dr-renaud-pure-regene-elixir-yeux-rajeunissant\/#primaryimage"},"thumbnailUrl":"https:\/\/publissoft.dev\/spasante\/wp-content\/uploads\/2022\/10\/pure-yeux.jpg","datePublished":"2022-10-12T14:00:25+00:00","dateModified":"2024-01-30T16:15:43+00:00","description":"Cet \u00c9lixir yeux rajeunissant restaure la densit\u00e9 et la fermet\u00e9 de la peau tandis que les rides sont visiblement repulp\u00e9es autour des yeux.Vivez un pur moment de bonheur pour les sens avec cette luxueuse texture fondante.Convient \u00e0 tous les types de peaux, m\u00eame les plus sensibles, \u00e0 l\u2019exception des peaux grasses et des peaux \u00e0 tendance acn\u00e9ique","breadcrumb":{"@id":"https:\/\/publissoft.dev\/spasante\/produit\/dr-renaud-pure-regene-elixir-yeux-rajeunissant\/#breadcrumb"},"inLanguage":"fr-CA","potentialAction":[{"@type":"ReadAction","target":["https:\/\/publissoft.dev\/spasante\/produit\/dr-renaud-pure-regene-elixir-yeux-rajeunissant\/"]}]},{"@type":"ImageObject","inLanguage":"fr-CA","@id":"https:\/\/publissoft.dev\/spasante\/produit\/dr-renaud-pure-regene-elixir-yeux-rajeunissant\/#primaryimage","url":"https:\/\/publissoft.dev\/spasante\/wp-content\/uploads\/2022\/10\/pure-yeux.jpg","contentUrl":"https:\/\/publissoft.dev\/spasante\/wp-content\/uploads\/2022\/10\/pure-yeux.jpg","width":629,"height":592},{"@type":"BreadcrumbList","@id":"https:\/\/publissoft.dev\/spasante\/produit\/dr-renaud-pure-regene-elixir-yeux-rajeunissant\/#breadcrumb","itemListElement":[{"@type":"ListItem","position":1,"name":"Accueil","item":"https:\/\/publissoft.dev\/spasante\/"},{"@type":"ListItem","position":2,"name":"Boutique","item":"https:\/\/publissoft.dev\/spasante\/boutique\/"},{"@type":"ListItem","position":3,"name":"Dr. Renaud &#8211; PURE Re[Gene] \u00c9lixir yeux rajeunissant"}]},{"@type":"WebSite","@id":"https:\/\/publissoft.dev\/spasante\/#website","url":"https:\/\/publissoft.dev\/spasante\/","name":"Spa Sant\u00e9 Le N\u00e9nuphar","description":"","publisher":{"@id":"https:\/\/publissoft.dev\/spasante\/#organization"},"potentialAction":[{"@type":"SearchAction","target":{"@type":"EntryPoint","urlTemplate":"https:\/\/publissoft.dev\/spasante\/?s={search_term_string}"},"query-input":"required name=search_term_string"}],"inLanguage":"fr-CA"},{"@type":"Organization","@id":"https:\/\/publissoft.dev\/spasante\/#organization","name":"Spa Sant\u00e9 Le N\u00e9nuphar","url":"https:\/\/publissoft.dev\/spasante\/","logo":{"@type":"ImageObject","inLanguage":"fr-CA","@id":"https:\/\/publissoft.dev\/spasante\/#\/schema\/logo\/image\/","url":"https:\/\/publissoft.dev\/spasante\/wp-content\/uploads\/2022\/11\/logo-jpg.jpeg","contentUrl":"https:\/\/publissoft.dev\/spasante\/wp-content\/uploads\/2022\/11\/logo-jpg.jpeg","width":900,"height":900,"caption":"Spa Sant\u00e9 Le N\u00e9nuphar"},"image":{"@id":"https:\/\/publissoft.dev\/spasante\/#\/schema\/logo\/image\/"},"sameAs":["https:\/\/www.facebook.com\/SpaSanteLeNenuphar","https:\/\/www.instagram.com\/spasantelenenuphar\/?hl=fr"]}]}},"_links":{"self":[{"href":"https:\/\/publissoft.dev\/spasante\/wp-json\/wp\/v2\/product\/3550","targetHints":{"allow":["GET"]}}],"collection":[{"href":"https:\/\/publissoft.dev\/spasante\/wp-json\/wp\/v2\/product"}],"about":[{"href":"https:\/\/publissoft.dev\/spasante\/wp-json\/wp\/v2\/types\/product"}],"wp:featuredmedia":[{"embeddable":true,"href":"https:\/\/publissoft.dev\/spasante\/wp-json\/wp\/v2\/media\/3551"}],"wp:attachment":[{"href":"https:\/\/publissoft.dev\/spasante\/wp-json\/wp\/v2\/media?parent=3550"}],"wp:term":[{"taxonomy":"product_cat","embeddable":true,"href":"https:\/\/publissoft.dev\/spasante\/wp-json\/wp\/v2\/product_cat?post=3550"},{"taxonomy":"product_tag","embeddable":true,"href":"https:\/\/publissoft.dev\/spasante\/wp-json\/wp\/v2\/product_tag?post=3550"},{"taxonomy":"giftcard-category","embeddable":true,"href":"https:\/\/publissoft.dev\/spasante\/wp-json\/wp\/v2\/giftcard-category?post=3550"}],"curies":[{"name":"wp","href":"https:\/\/api.w.org\/{rel}","templated":true}]}}