{"id":362,"date":"2022-01-27T14:35:03","date_gmt":"2022-01-27T19:35:03","guid":{"rendered":"https:\/\/publissoft.dev\/spasante\/produit\/douceur-minerale-fps-27\/"},"modified":"2022-07-09T12:41:12","modified_gmt":"2022-07-09T16:41:12","slug":"douceur-minerale-fps-27-spa-sante-le-nenuphar","status":"publish","type":"product","link":"https:\/\/publissoft.dev\/spasante\/produit\/douceur-minerale-fps-27-spa-sante-le-nenuphar\/","title":{"rendered":"Aquafolia &#8211; Douceur Min\u00e9rale FPS 27"},"content":{"rendered":"<div data-mce-fragment=\"1\">\n<h3 data-mce-fragment=\"1\">Douceur Min\u00e9rale FPS 27<\/h3>\n<\/div>\n<div data-mce-fragment=\"1\">\n<div data-mce-fragment=\"1\">\n<p data-mce-fragment=\"1\">Cr\u00e8me solaire 100 % min\u00e9rale, hypoallerg\u00e9nique (agent de protection), pour le contour des yeux, visage et corps. Protection moyenne<\/p>\n<\/div>\n<\/div>\n<div data-mce-fragment=\"1\">\n<span data-mce-fragment=\"1\">Types de peaux<\/span><\/p>\n<div data-mce-fragment=\"1\">Tous les types de peaux, particuli\u00e8rement les peaux fragiles, sensibles et r\u00e9actives<\/div>\n<\/div>\n<div data-mce-fragment=\"1\">\n<span data-mce-fragment=\"1\">Description<\/span><\/p>\n<div data-mce-fragment=\"1\">\n<p data-mce-fragment=\"1\">Protection 100% min\u00e9rale, sans filtres chimiques et hypoallerg\u00e9nique. Prot\u00e8ge des rayons UVA et UVB. Sa formule r\u00e9sistante \u00e0 l\u2019eau convient pour le pourtour des yeux, le corps et le visage.<\/p>\n<\/div>\n<\/div>\n<div data-mce-fragment=\"1\">\n<span data-mce-fragment=\"1\">Caract\u00e9ristiques et fonctions du produit<\/span><\/p>\n<div data-mce-fragment=\"1\">\n<ul data-mce-fragment=\"1\">\n<li data-mce-fragment=\"1\">Protection moyenne \u00e0 large spectre UVA-UVB<\/li>\n<li data-mce-fragment=\"1\">100 % protection min\u00e9rale<\/li>\n<li data-mce-fragment=\"1\">Hypoallerg\u00e9nique<\/li>\n<li data-mce-fragment=\"1\">Cr\u00e8me pour le pourtour des yeux qui ne pique pas et qui est parfaite pour le visage et le corps<\/li>\n<li data-mce-fragment=\"1\">S\u00e9curitaire \u2013 efficace \u2013 haute tol\u00e9rance cutan\u00e9e<\/li>\n<li data-mce-fragment=\"1\">Pour les enfants \u00e0 partir de 2 ans<\/li>\n<li data-mce-fragment=\"1\">Pour les sportifs \u2013 r\u00e9sistante \u00e0 la sudation et \u00e0 l\u2019eau<\/li>\n<li data-mce-fragment=\"1\">Tous les types de peaux<\/li>\n<li data-mce-fragment=\"1\">Test\u00e9e sous contr\u00f4le dermatologique<\/li>\n<li data-mce-fragment=\"1\">Sans silicone<\/li>\n<li data-mce-fragment=\"1\">Sans huile min\u00e9rale<\/li>\n<li data-mce-fragment=\"1\">Sans parab\u00e8ne<\/li>\n<li data-mce-fragment=\"1\">Sans alcool<\/li>\n<li data-mce-fragment=\"1\">Sans colorant<\/li>\n<\/ul>\n<\/div>\n<\/div>\n<div data-mce-fragment=\"1\">\n<span data-mce-fragment=\"1\">Mode d&#8217;emploi<\/span><\/p>\n<div data-mce-fragment=\"1\">\n<p data-mce-fragment=\"1\">Appliquer seul ou par-dessus le s\u00e9rum et\/ou la cr\u00e8me de jour. Appliquer g\u00e9n\u00e9reusement avant l\u2019exposition au soleil. Appliquer de nouveau aux deux heures ou au besoin, apr\u00e8s la baignade, le bain, le s\u00e9chage \u00e0 la serviette ou apr\u00e8s avoir transpir\u00e9 abondamment. Pr\u00e9cautions : \u00c9viter tout contact avec les yeux. Le cas \u00e9ch\u00e9ant, rincer abondamment avec de l\u2019eau.\u00a0<\/p>\n<\/div>\n<\/div>\n<div data-mce-fragment=\"1\">\n<span data-mce-fragment=\"1\">Ingr\u00e9dients choisis<\/span><\/p>\n<div data-mce-fragment=\"1\">\n<div data-mce-fragment=\"1\"><em data-mce-fragment=\"1\">(Information \u00e9ducative selon des \u00e9tudes in-vitro et\/ou in-vivo et\/ou ex-vivo des ingr\u00e9dients qui ne repr\u00e9sente pas les fonctions du produit)<\/em><\/div>\n<div data-mce-fragment=\"1\"><br data-mce-fragment=\"1\"><\/div>\n<ul data-mce-fragment=\"1\">\n<li data-mce-fragment=\"1\">Protection min\u00e9rale \u00e0 100 % (dioxyde de titane 11,2 % \u2013 \u00e9cran physique)<\/li>\n<li data-mce-fragment=\"1\">Non nano<\/li>\n<li data-mce-fragment=\"1\">Sans filtre chimique et hypoallerg\u00e9nique<\/li>\n<li data-mce-fragment=\"1\">Antioxydant (polyph\u00e9nols et lycop\u00e8nes \u2013 extrait de tomate \u2013, huile de jojoba, d\u2019abricot, de tournesol)<\/li>\n<li data-mce-fragment=\"1\">Combat le stress oxydatif (extrait de th\u00e9 noir)<\/li>\n<li data-mce-fragment=\"1\">Vitamines liposolubles (huile de jojoba)<\/li>\n<li data-mce-fragment=\"1\">R\u00e9parateur (huile d\u2019abricot)<\/li>\n<\/ul>\n<\/div>\n<\/div>\n","protected":false},"excerpt":{"rendered":"<p>Douceur Min\u00e9rale FPS 27 Cr\u00e8me solaire 100 % min\u00e9rale, hypoallerg\u00e9nique (agent de protection), pour le contour des yeux, visage et corps. Protection moyenne Types de peaux Tous les types de peaux, particuli\u00e8rement les peaux fragiles, sensibles et r\u00e9actives Description Protection 100% min\u00e9rale, sans filtres chimiques et hypoallerg\u00e9nique. Prot\u00e8ge des rayons UVA et UVB. Sa formule &hellip;<\/p>\n","protected":false},"featured_media":401,"template":"","meta":{"_acf_changed":false,"_genesis_hide_title":false,"_genesis_hide_breadcrumbs":false,"_genesis_hide_singular_image":false,"_genesis_hide_footer_widgets":false,"_genesis_custom_body_class":"","_genesis_custom_post_class":"","_genesis_layout":""},"product_cat":[53,37,18,46],"product_tag":[],"giftcard-category":[],"class_list":{"0":"post-362","1":"product","2":"type-product","3":"status-publish","4":"has-post-thumbnail","6":"product_cat-gift-card","7":"product_cat-produits","8":"product_cat-aquafolia","9":"product_cat-tous","10":"entry","12":"first","13":"instock","14":"taxable","15":"shipping-taxable","16":"purchasable","17":"product-type-variable"},"acf":[],"yoast_head":"<!-- This site is optimized with the Yoast SEO plugin v22.5 - https:\/\/yoast.com\/wordpress\/plugins\/seo\/ -->\n<title>Aquafolia - Douceur Min\u00e9rale FPS 27 - Spa Sant\u00e9 Le N\u00e9nuphar<\/title>\n<meta name=\"description\" content=\"Douceur Min\u00e9rale SPF 27 - Ecran solaire 100% min\u00e9ral, hypoallerg\u00e9nique (agent protecteur), pour le contour des yeux, le visage et le corps. Cliquez ici !\" \/>\n<meta name=\"robots\" content=\"noindex, follow, max-snippet:-1, max-image-preview:large, max-video-preview:-1\" \/>\n<meta property=\"og:locale\" content=\"fr_CA\" \/>\n<meta property=\"og:type\" content=\"article\" \/>\n<meta property=\"og:title\" content=\"Aquafolia - Douceur Min\u00e9rale FPS 27 - Spa Sant\u00e9 Le N\u00e9nuphar\" \/>\n<meta property=\"og:description\" content=\"Douceur Min\u00e9rale SPF 27 - Ecran solaire 100% min\u00e9ral, hypoallerg\u00e9nique (agent protecteur), pour le contour des yeux, le visage et le corps. Cliquez ici !\" \/>\n<meta property=\"og:url\" content=\"https:\/\/publissoft.dev\/spasante\/produit\/douceur-minerale-fps-27-spa-sante-le-nenuphar\/\" \/>\n<meta property=\"og:site_name\" content=\"Spa Sant\u00e9 Le N\u00e9nuphar\" \/>\n<meta property=\"article:publisher\" content=\"https:\/\/www.facebook.com\/SpaSanteLeNenuphar\" \/>\n<meta property=\"article:modified_time\" content=\"2022-07-09T16:41:12+00:00\" \/>\n<meta property=\"og:image\" content=\"https:\/\/publissoft.dev\/spasante\/wp-content\/uploads\/2022\/01\/DouceurMineraleFPS27-180ml.jpg\" \/>\n\t<meta property=\"og:image:width\" content=\"640\" \/>\n\t<meta property=\"og:image:height\" content=\"1091\" \/>\n\t<meta property=\"og:image:type\" content=\"image\/jpeg\" \/>\n<meta name=\"twitter:card\" content=\"summary_large_image\" \/>\n<meta name=\"twitter:label1\" content=\"Estimation du temps de lecture\" \/>\n\t<meta name=\"twitter:data1\" content=\"2 minutes\" \/>\n<script type=\"application\/ld+json\" class=\"yoast-schema-graph\">{\"@context\":\"https:\/\/schema.org\",\"@graph\":[{\"@type\":\"WebPage\",\"@id\":\"https:\/\/publissoft.dev\/spasante\/produit\/douceur-minerale-fps-27-spa-sante-le-nenuphar\/\",\"url\":\"https:\/\/publissoft.dev\/spasante\/produit\/douceur-minerale-fps-27-spa-sante-le-nenuphar\/\",\"name\":\"Aquafolia - Douceur Min\u00e9rale FPS 27 - Spa Sant\u00e9 Le N\u00e9nuphar\",\"isPartOf\":{\"@id\":\"https:\/\/publissoft.dev\/spasante\/#website\"},\"primaryImageOfPage\":{\"@id\":\"https:\/\/publissoft.dev\/spasante\/produit\/douceur-minerale-fps-27-spa-sante-le-nenuphar\/#primaryimage\"},\"image\":{\"@id\":\"https:\/\/publissoft.dev\/spasante\/produit\/douceur-minerale-fps-27-spa-sante-le-nenuphar\/#primaryimage\"},\"thumbnailUrl\":\"https:\/\/publissoft.dev\/spasante\/wp-content\/uploads\/2022\/01\/DouceurMineraleFPS27-180ml.jpg\",\"datePublished\":\"2022-01-27T19:35:03+00:00\",\"dateModified\":\"2022-07-09T16:41:12+00:00\",\"description\":\"Douceur Min\u00e9rale SPF 27 - Ecran solaire 100% min\u00e9ral, hypoallerg\u00e9nique (agent protecteur), pour le contour des yeux, le visage et le corps. Cliquez ici !\",\"breadcrumb\":{\"@id\":\"https:\/\/publissoft.dev\/spasante\/produit\/douceur-minerale-fps-27-spa-sante-le-nenuphar\/#breadcrumb\"},\"inLanguage\":\"fr-CA\",\"potentialAction\":[{\"@type\":\"ReadAction\",\"target\":[\"https:\/\/publissoft.dev\/spasante\/produit\/douceur-minerale-fps-27-spa-sante-le-nenuphar\/\"]}]},{\"@type\":\"ImageObject\",\"inLanguage\":\"fr-CA\",\"@id\":\"https:\/\/publissoft.dev\/spasante\/produit\/douceur-minerale-fps-27-spa-sante-le-nenuphar\/#primaryimage\",\"url\":\"https:\/\/publissoft.dev\/spasante\/wp-content\/uploads\/2022\/01\/DouceurMineraleFPS27-180ml.jpg\",\"contentUrl\":\"https:\/\/publissoft.dev\/spasante\/wp-content\/uploads\/2022\/01\/DouceurMineraleFPS27-180ml.jpg\",\"width\":640,\"height\":1091},{\"@type\":\"BreadcrumbList\",\"@id\":\"https:\/\/publissoft.dev\/spasante\/produit\/douceur-minerale-fps-27-spa-sante-le-nenuphar\/#breadcrumb\",\"itemListElement\":[{\"@type\":\"ListItem\",\"position\":1,\"name\":\"Accueil\",\"item\":\"https:\/\/publissoft.dev\/spasante\/\"},{\"@type\":\"ListItem\",\"position\":2,\"name\":\"Boutique\",\"item\":\"https:\/\/publissoft.dev\/spasante\/boutique\/\"},{\"@type\":\"ListItem\",\"position\":3,\"name\":\"Aquafolia &#8211; Douceur Min\u00e9rale FPS 27\"}]},{\"@type\":\"WebSite\",\"@id\":\"https:\/\/publissoft.dev\/spasante\/#website\",\"url\":\"https:\/\/publissoft.dev\/spasante\/\",\"name\":\"Spa Sant\u00e9 Le N\u00e9nuphar\",\"description\":\"\",\"publisher\":{\"@id\":\"https:\/\/publissoft.dev\/spasante\/#organization\"},\"potentialAction\":[{\"@type\":\"SearchAction\",\"target\":{\"@type\":\"EntryPoint\",\"urlTemplate\":\"https:\/\/publissoft.dev\/spasante\/?s={search_term_string}\"},\"query-input\":\"required name=search_term_string\"}],\"inLanguage\":\"fr-CA\"},{\"@type\":\"Organization\",\"@id\":\"https:\/\/publissoft.dev\/spasante\/#organization\",\"name\":\"Spa Sant\u00e9 Le N\u00e9nuphar\",\"url\":\"https:\/\/publissoft.dev\/spasante\/\",\"logo\":{\"@type\":\"ImageObject\",\"inLanguage\":\"fr-CA\",\"@id\":\"https:\/\/publissoft.dev\/spasante\/#\/schema\/logo\/image\/\",\"url\":\"https:\/\/publissoft.dev\/spasante\/wp-content\/uploads\/2022\/11\/logo-jpg.jpeg\",\"contentUrl\":\"https:\/\/publissoft.dev\/spasante\/wp-content\/uploads\/2022\/11\/logo-jpg.jpeg\",\"width\":900,\"height\":900,\"caption\":\"Spa Sant\u00e9 Le N\u00e9nuphar\"},\"image\":{\"@id\":\"https:\/\/publissoft.dev\/spasante\/#\/schema\/logo\/image\/\"},\"sameAs\":[\"https:\/\/www.facebook.com\/SpaSanteLeNenuphar\",\"https:\/\/www.instagram.com\/spasantelenenuphar\/?hl=fr\"]}]}<\/script>\n<!-- \/ Yoast SEO plugin. -->","yoast_head_json":{"title":"Aquafolia - Douceur Min\u00e9rale FPS 27 - Spa Sant\u00e9 Le N\u00e9nuphar","description":"Douceur Min\u00e9rale SPF 27 - Ecran solaire 100% min\u00e9ral, hypoallerg\u00e9nique (agent protecteur), pour le contour des yeux, le visage et le corps. Cliquez ici !","robots":{"index":"noindex","follow":"follow","max-snippet":"max-snippet:-1","max-image-preview":"max-image-preview:large","max-video-preview":"max-video-preview:-1"},"og_locale":"fr_CA","og_type":"article","og_title":"Aquafolia - Douceur Min\u00e9rale FPS 27 - Spa Sant\u00e9 Le N\u00e9nuphar","og_description":"Douceur Min\u00e9rale SPF 27 - Ecran solaire 100% min\u00e9ral, hypoallerg\u00e9nique (agent protecteur), pour le contour des yeux, le visage et le corps. Cliquez ici !","og_url":"https:\/\/publissoft.dev\/spasante\/produit\/douceur-minerale-fps-27-spa-sante-le-nenuphar\/","og_site_name":"Spa Sant\u00e9 Le N\u00e9nuphar","article_publisher":"https:\/\/www.facebook.com\/SpaSanteLeNenuphar","article_modified_time":"2022-07-09T16:41:12+00:00","og_image":[{"width":640,"height":1091,"url":"https:\/\/publissoft.dev\/spasante\/wp-content\/uploads\/2022\/01\/DouceurMineraleFPS27-180ml.jpg","type":"image\/jpeg"}],"twitter_card":"summary_large_image","twitter_misc":{"Estimation du temps de lecture":"2 minutes"},"schema":{"@context":"https:\/\/schema.org","@graph":[{"@type":"WebPage","@id":"https:\/\/publissoft.dev\/spasante\/produit\/douceur-minerale-fps-27-spa-sante-le-nenuphar\/","url":"https:\/\/publissoft.dev\/spasante\/produit\/douceur-minerale-fps-27-spa-sante-le-nenuphar\/","name":"Aquafolia - Douceur Min\u00e9rale FPS 27 - Spa Sant\u00e9 Le N\u00e9nuphar","isPartOf":{"@id":"https:\/\/publissoft.dev\/spasante\/#website"},"primaryImageOfPage":{"@id":"https:\/\/publissoft.dev\/spasante\/produit\/douceur-minerale-fps-27-spa-sante-le-nenuphar\/#primaryimage"},"image":{"@id":"https:\/\/publissoft.dev\/spasante\/produit\/douceur-minerale-fps-27-spa-sante-le-nenuphar\/#primaryimage"},"thumbnailUrl":"https:\/\/publissoft.dev\/spasante\/wp-content\/uploads\/2022\/01\/DouceurMineraleFPS27-180ml.jpg","datePublished":"2022-01-27T19:35:03+00:00","dateModified":"2022-07-09T16:41:12+00:00","description":"Douceur Min\u00e9rale SPF 27 - Ecran solaire 100% min\u00e9ral, hypoallerg\u00e9nique (agent protecteur), pour le contour des yeux, le visage et le corps. Cliquez ici !","breadcrumb":{"@id":"https:\/\/publissoft.dev\/spasante\/produit\/douceur-minerale-fps-27-spa-sante-le-nenuphar\/#breadcrumb"},"inLanguage":"fr-CA","potentialAction":[{"@type":"ReadAction","target":["https:\/\/publissoft.dev\/spasante\/produit\/douceur-minerale-fps-27-spa-sante-le-nenuphar\/"]}]},{"@type":"ImageObject","inLanguage":"fr-CA","@id":"https:\/\/publissoft.dev\/spasante\/produit\/douceur-minerale-fps-27-spa-sante-le-nenuphar\/#primaryimage","url":"https:\/\/publissoft.dev\/spasante\/wp-content\/uploads\/2022\/01\/DouceurMineraleFPS27-180ml.jpg","contentUrl":"https:\/\/publissoft.dev\/spasante\/wp-content\/uploads\/2022\/01\/DouceurMineraleFPS27-180ml.jpg","width":640,"height":1091},{"@type":"BreadcrumbList","@id":"https:\/\/publissoft.dev\/spasante\/produit\/douceur-minerale-fps-27-spa-sante-le-nenuphar\/#breadcrumb","itemListElement":[{"@type":"ListItem","position":1,"name":"Accueil","item":"https:\/\/publissoft.dev\/spasante\/"},{"@type":"ListItem","position":2,"name":"Boutique","item":"https:\/\/publissoft.dev\/spasante\/boutique\/"},{"@type":"ListItem","position":3,"name":"Aquafolia &#8211; Douceur Min\u00e9rale FPS 27"}]},{"@type":"WebSite","@id":"https:\/\/publissoft.dev\/spasante\/#website","url":"https:\/\/publissoft.dev\/spasante\/","name":"Spa Sant\u00e9 Le N\u00e9nuphar","description":"","publisher":{"@id":"https:\/\/publissoft.dev\/spasante\/#organization"},"potentialAction":[{"@type":"SearchAction","target":{"@type":"EntryPoint","urlTemplate":"https:\/\/publissoft.dev\/spasante\/?s={search_term_string}"},"query-input":"required name=search_term_string"}],"inLanguage":"fr-CA"},{"@type":"Organization","@id":"https:\/\/publissoft.dev\/spasante\/#organization","name":"Spa Sant\u00e9 Le N\u00e9nuphar","url":"https:\/\/publissoft.dev\/spasante\/","logo":{"@type":"ImageObject","inLanguage":"fr-CA","@id":"https:\/\/publissoft.dev\/spasante\/#\/schema\/logo\/image\/","url":"https:\/\/publissoft.dev\/spasante\/wp-content\/uploads\/2022\/11\/logo-jpg.jpeg","contentUrl":"https:\/\/publissoft.dev\/spasante\/wp-content\/uploads\/2022\/11\/logo-jpg.jpeg","width":900,"height":900,"caption":"Spa Sant\u00e9 Le N\u00e9nuphar"},"image":{"@id":"https:\/\/publissoft.dev\/spasante\/#\/schema\/logo\/image\/"},"sameAs":["https:\/\/www.facebook.com\/SpaSanteLeNenuphar","https:\/\/www.instagram.com\/spasantelenenuphar\/?hl=fr"]}]}},"_links":{"self":[{"href":"https:\/\/publissoft.dev\/spasante\/wp-json\/wp\/v2\/product\/362","targetHints":{"allow":["GET"]}}],"collection":[{"href":"https:\/\/publissoft.dev\/spasante\/wp-json\/wp\/v2\/product"}],"about":[{"href":"https:\/\/publissoft.dev\/spasante\/wp-json\/wp\/v2\/types\/product"}],"wp:featuredmedia":[{"embeddable":true,"href":"https:\/\/publissoft.dev\/spasante\/wp-json\/wp\/v2\/media\/401"}],"wp:attachment":[{"href":"https:\/\/publissoft.dev\/spasante\/wp-json\/wp\/v2\/media?parent=362"}],"wp:term":[{"taxonomy":"product_cat","embeddable":true,"href":"https:\/\/publissoft.dev\/spasante\/wp-json\/wp\/v2\/product_cat?post=362"},{"taxonomy":"product_tag","embeddable":true,"href":"https:\/\/publissoft.dev\/spasante\/wp-json\/wp\/v2\/product_tag?post=362"},{"taxonomy":"giftcard-category","embeddable":true,"href":"https:\/\/publissoft.dev\/spasante\/wp-json\/wp\/v2\/giftcard-category?post=362"}],"curies":[{"name":"wp","href":"https:\/\/api.w.org\/{rel}","templated":true}]}}