{"id":3669,"date":"2022-10-31T13:22:58","date_gmt":"2022-10-31T17:22:58","guid":{"rendered":"https:\/\/publissoft.dev\/spasante\/?post_type=product&#038;p=3669"},"modified":"2022-10-31T13:22:59","modified_gmt":"2022-10-31T17:22:59","slug":"gant-exfoliant-renaissance","status":"publish","type":"product","link":"https:\/\/publissoft.dev\/spasante\/produit\/gant-exfoliant-renaissance\/","title":{"rendered":"Gant Exfoliant Renaissance"},"content":{"rendered":"<p>Le Gant Renaissance\u2122 est le gant d\u2019exfoliation le plus vendu au Canada. Il est fabriqu\u00e9 dans le respect des traditions selon une technique ancestrale. Sa fibre naturelle d\u2019origine v\u00e9g\u00e9tale est unique et exclusive. Compos\u00e9e \u00e0 100% de cellulose v\u00e9g\u00e9tale extraite d\u2019eucalyptus et d\u2019\u00e9pinette, elle est tiss\u00e9e de fa\u00e7on unique, en boucles microscopiques. C\u2019est l\u2019alliance de cette fibre et de ce tissage qui vous offre une exp\u00e9rience professionnelle dans le plus grand respect de votre peau.<\/p>\n","protected":false},"excerpt":{"rendered":"<p>Le Gant Renaissance\u2122 est le gant d\u2019exfoliation le plus vendu au Canada. Il est fabriqu\u00e9 dans le respect des traditions selon une technique ancestrale. Sa fibre naturelle d\u2019origine v\u00e9g\u00e9tale est unique et exclusive. Compos\u00e9e \u00e0 100% de cellulose v\u00e9g\u00e9tale extraite d\u2019eucalyptus et d\u2019\u00e9pinette, elle est tiss\u00e9e de fa\u00e7on unique, en boucles microscopiques. C\u2019est l\u2019alliance de &hellip;<\/p>\n","protected":false},"featured_media":3677,"template":"","meta":{"_acf_changed":false,"_genesis_hide_title":false,"_genesis_hide_breadcrumbs":false,"_genesis_hide_singular_image":false,"_genesis_hide_footer_widgets":false,"_genesis_custom_body_class":"","_genesis_custom_post_class":"","_genesis_layout":""},"product_cat":[37,45],"product_tag":[],"giftcard-category":[],"class_list":{"0":"post-3669","1":"product","2":"type-product","3":"status-publish","4":"has-post-thumbnail","6":"product_cat-produits","7":"product_cat-thalgo","8":"entry","10":"first","11":"instock","12":"taxable","13":"shipping-taxable","14":"purchasable","15":"product-type-variable"},"acf":[],"yoast_head":"<!-- This site is optimized with the Yoast SEO plugin v22.5 - https:\/\/yoast.com\/wordpress\/plugins\/seo\/ -->\n<title>Gant Exfoliant Renaissance - Spa Sant\u00e9 Le N\u00e9nuphar<\/title>\n<meta name=\"description\" content=\"Le Gant Renaissance\u2122 est le gant d\u2019exfoliation le plus vendu au Canada. Il est fabriqu\u00e9 dans le respect des traditions selon une technique ancestrale. Sa fibre naturelle d\u2019origine v\u00e9g\u00e9tale est unique et exclusive. Compos\u00e9e \u00e0 100% de cellulose v\u00e9g\u00e9tale extraite d\u2019eucalyptus et d\u2019\u00e9pinette, elle est tiss\u00e9e de fa\u00e7on unique, en boucles microscopiques. C\u2019est l\u2019alliance de cette fibre et de ce tissage qui vous offre une exp\u00e9rience professionnelle dans le plus grand respect de votre peau.\" \/>\n<meta name=\"robots\" content=\"noindex, follow, max-snippet:-1, max-image-preview:large, max-video-preview:-1\" \/>\n<meta property=\"og:locale\" content=\"fr_CA\" \/>\n<meta property=\"og:type\" content=\"article\" \/>\n<meta property=\"og:title\" content=\"Gant Exfoliant Renaissance - Spa Sant\u00e9 Le N\u00e9nuphar\" \/>\n<meta property=\"og:description\" content=\"Le Gant Renaissance\u2122 est le gant d\u2019exfoliation le plus vendu au Canada. Il est fabriqu\u00e9 dans le respect des traditions selon une technique ancestrale. Sa fibre naturelle d\u2019origine v\u00e9g\u00e9tale est unique et exclusive. Compos\u00e9e \u00e0 100% de cellulose v\u00e9g\u00e9tale extraite d\u2019eucalyptus et d\u2019\u00e9pinette, elle est tiss\u00e9e de fa\u00e7on unique, en boucles microscopiques. C\u2019est l\u2019alliance de cette fibre et de ce tissage qui vous offre une exp\u00e9rience professionnelle dans le plus grand respect de votre peau.\" \/>\n<meta property=\"og:url\" content=\"https:\/\/publissoft.dev\/spasante\/produit\/gant-exfoliant-renaissance\/\" \/>\n<meta property=\"og:site_name\" content=\"Spa Sant\u00e9 Le N\u00e9nuphar\" \/>\n<meta property=\"article:publisher\" content=\"https:\/\/www.facebook.com\/SpaSanteLeNenuphar\" \/>\n<meta property=\"article:modified_time\" content=\"2022-10-31T17:22:59+00:00\" \/>\n<meta property=\"og:image\" content=\"https:\/\/publissoft.dev\/spasante\/wp-content\/uploads\/2022\/10\/gant-renaissance-bleu-nuit.jpg\" \/>\n\t<meta property=\"og:image:width\" content=\"645\" \/>\n\t<meta property=\"og:image:height\" content=\"644\" \/>\n\t<meta property=\"og:image:type\" content=\"image\/jpeg\" \/>\n<meta name=\"twitter:card\" content=\"summary_large_image\" \/>\n<meta name=\"twitter:label1\" content=\"Estimation du temps de lecture\" \/>\n\t<meta name=\"twitter:data1\" content=\"1 minute\" \/>\n<script type=\"application\/ld+json\" class=\"yoast-schema-graph\">{\"@context\":\"https:\/\/schema.org\",\"@graph\":[{\"@type\":\"WebPage\",\"@id\":\"https:\/\/publissoft.dev\/spasante\/produit\/gant-exfoliant-renaissance\/\",\"url\":\"https:\/\/publissoft.dev\/spasante\/produit\/gant-exfoliant-renaissance\/\",\"name\":\"Gant Exfoliant Renaissance - Spa Sant\u00e9 Le N\u00e9nuphar\",\"isPartOf\":{\"@id\":\"https:\/\/publissoft.dev\/spasante\/#website\"},\"primaryImageOfPage\":{\"@id\":\"https:\/\/publissoft.dev\/spasante\/produit\/gant-exfoliant-renaissance\/#primaryimage\"},\"image\":{\"@id\":\"https:\/\/publissoft.dev\/spasante\/produit\/gant-exfoliant-renaissance\/#primaryimage\"},\"thumbnailUrl\":\"https:\/\/publissoft.dev\/spasante\/wp-content\/uploads\/2022\/10\/gant-renaissance-bleu-nuit.jpg\",\"datePublished\":\"2022-10-31T17:22:58+00:00\",\"dateModified\":\"2022-10-31T17:22:59+00:00\",\"description\":\"Le Gant Renaissance\u2122 est le gant d\u2019exfoliation le plus vendu au Canada. Il est fabriqu\u00e9 dans le respect des traditions selon une technique ancestrale. Sa fibre naturelle d\u2019origine v\u00e9g\u00e9tale est unique et exclusive. Compos\u00e9e \u00e0 100% de cellulose v\u00e9g\u00e9tale extraite d\u2019eucalyptus et d\u2019\u00e9pinette, elle est tiss\u00e9e de fa\u00e7on unique, en boucles microscopiques. C\u2019est l\u2019alliance de cette fibre et de ce tissage qui vous offre une exp\u00e9rience professionnelle dans le plus grand respect de votre peau.\",\"breadcrumb\":{\"@id\":\"https:\/\/publissoft.dev\/spasante\/produit\/gant-exfoliant-renaissance\/#breadcrumb\"},\"inLanguage\":\"fr-CA\",\"potentialAction\":[{\"@type\":\"ReadAction\",\"target\":[\"https:\/\/publissoft.dev\/spasante\/produit\/gant-exfoliant-renaissance\/\"]}]},{\"@type\":\"ImageObject\",\"inLanguage\":\"fr-CA\",\"@id\":\"https:\/\/publissoft.dev\/spasante\/produit\/gant-exfoliant-renaissance\/#primaryimage\",\"url\":\"https:\/\/publissoft.dev\/spasante\/wp-content\/uploads\/2022\/10\/gant-renaissance-bleu-nuit.jpg\",\"contentUrl\":\"https:\/\/publissoft.dev\/spasante\/wp-content\/uploads\/2022\/10\/gant-renaissance-bleu-nuit.jpg\",\"width\":645,\"height\":644},{\"@type\":\"BreadcrumbList\",\"@id\":\"https:\/\/publissoft.dev\/spasante\/produit\/gant-exfoliant-renaissance\/#breadcrumb\",\"itemListElement\":[{\"@type\":\"ListItem\",\"position\":1,\"name\":\"Accueil\",\"item\":\"https:\/\/publissoft.dev\/spasante\/\"},{\"@type\":\"ListItem\",\"position\":2,\"name\":\"Boutique\",\"item\":\"https:\/\/publissoft.dev\/spasante\/boutique\/\"},{\"@type\":\"ListItem\",\"position\":3,\"name\":\"Gant Exfoliant Renaissance\"}]},{\"@type\":\"WebSite\",\"@id\":\"https:\/\/publissoft.dev\/spasante\/#website\",\"url\":\"https:\/\/publissoft.dev\/spasante\/\",\"name\":\"Spa Sant\u00e9 Le N\u00e9nuphar\",\"description\":\"\",\"publisher\":{\"@id\":\"https:\/\/publissoft.dev\/spasante\/#organization\"},\"potentialAction\":[{\"@type\":\"SearchAction\",\"target\":{\"@type\":\"EntryPoint\",\"urlTemplate\":\"https:\/\/publissoft.dev\/spasante\/?s={search_term_string}\"},\"query-input\":\"required name=search_term_string\"}],\"inLanguage\":\"fr-CA\"},{\"@type\":\"Organization\",\"@id\":\"https:\/\/publissoft.dev\/spasante\/#organization\",\"name\":\"Spa Sant\u00e9 Le N\u00e9nuphar\",\"url\":\"https:\/\/publissoft.dev\/spasante\/\",\"logo\":{\"@type\":\"ImageObject\",\"inLanguage\":\"fr-CA\",\"@id\":\"https:\/\/publissoft.dev\/spasante\/#\/schema\/logo\/image\/\",\"url\":\"https:\/\/publissoft.dev\/spasante\/wp-content\/uploads\/2022\/11\/logo-jpg.jpeg\",\"contentUrl\":\"https:\/\/publissoft.dev\/spasante\/wp-content\/uploads\/2022\/11\/logo-jpg.jpeg\",\"width\":900,\"height\":900,\"caption\":\"Spa Sant\u00e9 Le N\u00e9nuphar\"},\"image\":{\"@id\":\"https:\/\/publissoft.dev\/spasante\/#\/schema\/logo\/image\/\"},\"sameAs\":[\"https:\/\/www.facebook.com\/SpaSanteLeNenuphar\",\"https:\/\/www.instagram.com\/spasantelenenuphar\/?hl=fr\"]}]}<\/script>\n<!-- \/ Yoast SEO plugin. -->","yoast_head_json":{"title":"Gant Exfoliant Renaissance - Spa Sant\u00e9 Le N\u00e9nuphar","description":"Le Gant Renaissance\u2122 est le gant d\u2019exfoliation le plus vendu au Canada. Il est fabriqu\u00e9 dans le respect des traditions selon une technique ancestrale. Sa fibre naturelle d\u2019origine v\u00e9g\u00e9tale est unique et exclusive. Compos\u00e9e \u00e0 100% de cellulose v\u00e9g\u00e9tale extraite d\u2019eucalyptus et d\u2019\u00e9pinette, elle est tiss\u00e9e de fa\u00e7on unique, en boucles microscopiques. C\u2019est l\u2019alliance de cette fibre et de ce tissage qui vous offre une exp\u00e9rience professionnelle dans le plus grand respect de votre peau.","robots":{"index":"noindex","follow":"follow","max-snippet":"max-snippet:-1","max-image-preview":"max-image-preview:large","max-video-preview":"max-video-preview:-1"},"og_locale":"fr_CA","og_type":"article","og_title":"Gant Exfoliant Renaissance - Spa Sant\u00e9 Le N\u00e9nuphar","og_description":"Le Gant Renaissance\u2122 est le gant d\u2019exfoliation le plus vendu au Canada. Il est fabriqu\u00e9 dans le respect des traditions selon une technique ancestrale. Sa fibre naturelle d\u2019origine v\u00e9g\u00e9tale est unique et exclusive. Compos\u00e9e \u00e0 100% de cellulose v\u00e9g\u00e9tale extraite d\u2019eucalyptus et d\u2019\u00e9pinette, elle est tiss\u00e9e de fa\u00e7on unique, en boucles microscopiques. C\u2019est l\u2019alliance de cette fibre et de ce tissage qui vous offre une exp\u00e9rience professionnelle dans le plus grand respect de votre peau.","og_url":"https:\/\/publissoft.dev\/spasante\/produit\/gant-exfoliant-renaissance\/","og_site_name":"Spa Sant\u00e9 Le N\u00e9nuphar","article_publisher":"https:\/\/www.facebook.com\/SpaSanteLeNenuphar","article_modified_time":"2022-10-31T17:22:59+00:00","og_image":[{"width":645,"height":644,"url":"https:\/\/publissoft.dev\/spasante\/wp-content\/uploads\/2022\/10\/gant-renaissance-bleu-nuit.jpg","type":"image\/jpeg"}],"twitter_card":"summary_large_image","twitter_misc":{"Estimation du temps de lecture":"1 minute"},"schema":{"@context":"https:\/\/schema.org","@graph":[{"@type":"WebPage","@id":"https:\/\/publissoft.dev\/spasante\/produit\/gant-exfoliant-renaissance\/","url":"https:\/\/publissoft.dev\/spasante\/produit\/gant-exfoliant-renaissance\/","name":"Gant Exfoliant Renaissance - Spa Sant\u00e9 Le N\u00e9nuphar","isPartOf":{"@id":"https:\/\/publissoft.dev\/spasante\/#website"},"primaryImageOfPage":{"@id":"https:\/\/publissoft.dev\/spasante\/produit\/gant-exfoliant-renaissance\/#primaryimage"},"image":{"@id":"https:\/\/publissoft.dev\/spasante\/produit\/gant-exfoliant-renaissance\/#primaryimage"},"thumbnailUrl":"https:\/\/publissoft.dev\/spasante\/wp-content\/uploads\/2022\/10\/gant-renaissance-bleu-nuit.jpg","datePublished":"2022-10-31T17:22:58+00:00","dateModified":"2022-10-31T17:22:59+00:00","description":"Le Gant Renaissance\u2122 est le gant d\u2019exfoliation le plus vendu au Canada. Il est fabriqu\u00e9 dans le respect des traditions selon une technique ancestrale. Sa fibre naturelle d\u2019origine v\u00e9g\u00e9tale est unique et exclusive. Compos\u00e9e \u00e0 100% de cellulose v\u00e9g\u00e9tale extraite d\u2019eucalyptus et d\u2019\u00e9pinette, elle est tiss\u00e9e de fa\u00e7on unique, en boucles microscopiques. C\u2019est l\u2019alliance de cette fibre et de ce tissage qui vous offre une exp\u00e9rience professionnelle dans le plus grand respect de votre peau.","breadcrumb":{"@id":"https:\/\/publissoft.dev\/spasante\/produit\/gant-exfoliant-renaissance\/#breadcrumb"},"inLanguage":"fr-CA","potentialAction":[{"@type":"ReadAction","target":["https:\/\/publissoft.dev\/spasante\/produit\/gant-exfoliant-renaissance\/"]}]},{"@type":"ImageObject","inLanguage":"fr-CA","@id":"https:\/\/publissoft.dev\/spasante\/produit\/gant-exfoliant-renaissance\/#primaryimage","url":"https:\/\/publissoft.dev\/spasante\/wp-content\/uploads\/2022\/10\/gant-renaissance-bleu-nuit.jpg","contentUrl":"https:\/\/publissoft.dev\/spasante\/wp-content\/uploads\/2022\/10\/gant-renaissance-bleu-nuit.jpg","width":645,"height":644},{"@type":"BreadcrumbList","@id":"https:\/\/publissoft.dev\/spasante\/produit\/gant-exfoliant-renaissance\/#breadcrumb","itemListElement":[{"@type":"ListItem","position":1,"name":"Accueil","item":"https:\/\/publissoft.dev\/spasante\/"},{"@type":"ListItem","position":2,"name":"Boutique","item":"https:\/\/publissoft.dev\/spasante\/boutique\/"},{"@type":"ListItem","position":3,"name":"Gant Exfoliant Renaissance"}]},{"@type":"WebSite","@id":"https:\/\/publissoft.dev\/spasante\/#website","url":"https:\/\/publissoft.dev\/spasante\/","name":"Spa Sant\u00e9 Le N\u00e9nuphar","description":"","publisher":{"@id":"https:\/\/publissoft.dev\/spasante\/#organization"},"potentialAction":[{"@type":"SearchAction","target":{"@type":"EntryPoint","urlTemplate":"https:\/\/publissoft.dev\/spasante\/?s={search_term_string}"},"query-input":"required name=search_term_string"}],"inLanguage":"fr-CA"},{"@type":"Organization","@id":"https:\/\/publissoft.dev\/spasante\/#organization","name":"Spa Sant\u00e9 Le N\u00e9nuphar","url":"https:\/\/publissoft.dev\/spasante\/","logo":{"@type":"ImageObject","inLanguage":"fr-CA","@id":"https:\/\/publissoft.dev\/spasante\/#\/schema\/logo\/image\/","url":"https:\/\/publissoft.dev\/spasante\/wp-content\/uploads\/2022\/11\/logo-jpg.jpeg","contentUrl":"https:\/\/publissoft.dev\/spasante\/wp-content\/uploads\/2022\/11\/logo-jpg.jpeg","width":900,"height":900,"caption":"Spa Sant\u00e9 Le N\u00e9nuphar"},"image":{"@id":"https:\/\/publissoft.dev\/spasante\/#\/schema\/logo\/image\/"},"sameAs":["https:\/\/www.facebook.com\/SpaSanteLeNenuphar","https:\/\/www.instagram.com\/spasantelenenuphar\/?hl=fr"]}]}},"_links":{"self":[{"href":"https:\/\/publissoft.dev\/spasante\/wp-json\/wp\/v2\/product\/3669","targetHints":{"allow":["GET"]}}],"collection":[{"href":"https:\/\/publissoft.dev\/spasante\/wp-json\/wp\/v2\/product"}],"about":[{"href":"https:\/\/publissoft.dev\/spasante\/wp-json\/wp\/v2\/types\/product"}],"wp:featuredmedia":[{"embeddable":true,"href":"https:\/\/publissoft.dev\/spasante\/wp-json\/wp\/v2\/media\/3677"}],"wp:attachment":[{"href":"https:\/\/publissoft.dev\/spasante\/wp-json\/wp\/v2\/media?parent=3669"}],"wp:term":[{"taxonomy":"product_cat","embeddable":true,"href":"https:\/\/publissoft.dev\/spasante\/wp-json\/wp\/v2\/product_cat?post=3669"},{"taxonomy":"product_tag","embeddable":true,"href":"https:\/\/publissoft.dev\/spasante\/wp-json\/wp\/v2\/product_tag?post=3669"},{"taxonomy":"giftcard-category","embeddable":true,"href":"https:\/\/publissoft.dev\/spasante\/wp-json\/wp\/v2\/giftcard-category?post=3669"}],"curies":[{"name":"wp","href":"https:\/\/api.w.org\/{rel}","templated":true}]}}