{"id":3701,"date":"2022-10-31T14:50:27","date_gmt":"2022-10-31T18:50:27","guid":{"rendered":"https:\/\/publissoft.dev\/spasante\/?post_type=product&#038;p=3701"},"modified":"2023-04-04T15:40:50","modified_gmt":"2023-04-04T19:40:50","slug":"thalgo-men-soin-regenerant-anti-rides","status":"publish","type":"product","link":"https:\/\/publissoft.dev\/spasante\/produit\/thalgo-men-soin-regenerant-anti-rides\/","title":{"rendered":"Thalgo Men &#8211; Soin Reg\u00e9n\u00e9rant Anti-Rides"},"content":{"rendered":"<div class=\"produits_description\">\n<p>Ce soin haute performance corrige les rides de l\u2019int\u00e9rieur par une action cibl\u00e9e sur la matrice \u2018charpente\u2019 de la peau. Fortifi\u00e9, le visage retrouve son volume et les marques du temps sont nettement moins visibles.<\/p>\n<\/div>\n<div class=\"pictogrammes\"><\/div>\n<div id=\"bloc_group\" class=\"bloc_infosup\"><\/div>\n","protected":false},"excerpt":{"rendered":"<p>Ce soin haute performance corrige les rides de l\u2019int\u00e9rieur par une action cibl\u00e9e sur la matrice \u2018charpente\u2019 de la peau. Fortifi\u00e9, le visage retrouve son volume et les marques du temps sont nettement moins visibles.<\/p>\n","protected":false},"featured_media":3702,"template":"","meta":{"_acf_changed":false,"_genesis_hide_title":false,"_genesis_hide_breadcrumbs":false,"_genesis_hide_singular_image":false,"_genesis_hide_footer_widgets":false,"_genesis_custom_body_class":"","_genesis_custom_post_class":"","_genesis_layout":""},"product_cat":[37,45],"product_tag":[],"giftcard-category":[],"class_list":{"0":"post-3701","1":"product","2":"type-product","3":"status-publish","4":"has-post-thumbnail","6":"product_cat-produits","7":"product_cat-thalgo","8":"entry","10":"first","11":"instock","12":"taxable","13":"shipping-taxable","14":"purchasable","15":"product-type-simple"},"acf":[],"yoast_head":"<!-- This site is optimized with the Yoast SEO plugin v22.5 - https:\/\/yoast.com\/wordpress\/plugins\/seo\/ -->\n<title>Thalgo Men - Soin Reg\u00e9n\u00e9rant Anti-Rides - Spa Sant\u00e9 Le N\u00e9nuphar<\/title>\n<meta name=\"description\" content=\"Ce soin haute performance corrige les rides de l\u2019int\u00e9rieur par une action cibl\u00e9e sur la matrice \u2018charpente\u2019 de la peau. Fortifi\u00e9, le visage retrouve son volume et les marques du temps sont nettement moins visibles.\" \/>\n<meta name=\"robots\" content=\"noindex, follow, max-snippet:-1, max-image-preview:large, max-video-preview:-1\" \/>\n<meta property=\"og:locale\" content=\"fr_CA\" \/>\n<meta property=\"og:type\" content=\"article\" \/>\n<meta property=\"og:title\" content=\"Thalgo Men - Soin Reg\u00e9n\u00e9rant Anti-Rides - Spa Sant\u00e9 Le N\u00e9nuphar\" \/>\n<meta property=\"og:description\" content=\"Ce soin haute performance corrige les rides de l\u2019int\u00e9rieur par une action cibl\u00e9e sur la matrice \u2018charpente\u2019 de la peau. Fortifi\u00e9, le visage retrouve son volume et les marques du temps sont nettement moins visibles.\" \/>\n<meta property=\"og:url\" content=\"https:\/\/publissoft.dev\/spasante\/produit\/thalgo-men-soin-regenerant-anti-rides\/\" \/>\n<meta property=\"og:site_name\" content=\"Spa Sant\u00e9 Le N\u00e9nuphar\" \/>\n<meta property=\"article:publisher\" content=\"https:\/\/www.facebook.com\/SpaSanteLeNenuphar\" \/>\n<meta property=\"article:modified_time\" content=\"2023-04-04T19:40:50+00:00\" \/>\n<meta property=\"og:image\" content=\"https:\/\/publissoft.dev\/spasante\/wp-content\/uploads\/2022\/10\/soin-regenerant-anti-rides-thalgo-men.jpg\" \/>\n\t<meta property=\"og:image:width\" content=\"225\" \/>\n\t<meta property=\"og:image:height\" content=\"225\" \/>\n\t<meta property=\"og:image:type\" content=\"image\/jpeg\" \/>\n<meta name=\"twitter:card\" content=\"summary_large_image\" \/>\n<meta name=\"twitter:label1\" content=\"Estimation du temps de lecture\" \/>\n\t<meta name=\"twitter:data1\" content=\"1 minute\" \/>\n<script type=\"application\/ld+json\" class=\"yoast-schema-graph\">{\"@context\":\"https:\/\/schema.org\",\"@graph\":[{\"@type\":\"WebPage\",\"@id\":\"https:\/\/publissoft.dev\/spasante\/produit\/thalgo-men-soin-regenerant-anti-rides\/\",\"url\":\"https:\/\/publissoft.dev\/spasante\/produit\/thalgo-men-soin-regenerant-anti-rides\/\",\"name\":\"Thalgo Men - Soin Reg\u00e9n\u00e9rant Anti-Rides - Spa Sant\u00e9 Le N\u00e9nuphar\",\"isPartOf\":{\"@id\":\"https:\/\/publissoft.dev\/spasante\/#website\"},\"primaryImageOfPage\":{\"@id\":\"https:\/\/publissoft.dev\/spasante\/produit\/thalgo-men-soin-regenerant-anti-rides\/#primaryimage\"},\"image\":{\"@id\":\"https:\/\/publissoft.dev\/spasante\/produit\/thalgo-men-soin-regenerant-anti-rides\/#primaryimage\"},\"thumbnailUrl\":\"https:\/\/publissoft.dev\/spasante\/wp-content\/uploads\/2022\/10\/soin-regenerant-anti-rides-thalgo-men.jpg\",\"datePublished\":\"2022-10-31T18:50:27+00:00\",\"dateModified\":\"2023-04-04T19:40:50+00:00\",\"description\":\"Ce soin haute performance corrige les rides de l\u2019int\u00e9rieur par une action cibl\u00e9e sur la matrice \u2018charpente\u2019 de la peau. Fortifi\u00e9, le visage retrouve son volume et les marques du temps sont nettement moins visibles.\",\"breadcrumb\":{\"@id\":\"https:\/\/publissoft.dev\/spasante\/produit\/thalgo-men-soin-regenerant-anti-rides\/#breadcrumb\"},\"inLanguage\":\"fr-CA\",\"potentialAction\":[{\"@type\":\"ReadAction\",\"target\":[\"https:\/\/publissoft.dev\/spasante\/produit\/thalgo-men-soin-regenerant-anti-rides\/\"]}]},{\"@type\":\"ImageObject\",\"inLanguage\":\"fr-CA\",\"@id\":\"https:\/\/publissoft.dev\/spasante\/produit\/thalgo-men-soin-regenerant-anti-rides\/#primaryimage\",\"url\":\"https:\/\/publissoft.dev\/spasante\/wp-content\/uploads\/2022\/10\/soin-regenerant-anti-rides-thalgo-men.jpg\",\"contentUrl\":\"https:\/\/publissoft.dev\/spasante\/wp-content\/uploads\/2022\/10\/soin-regenerant-anti-rides-thalgo-men.jpg\",\"width\":225,\"height\":225},{\"@type\":\"BreadcrumbList\",\"@id\":\"https:\/\/publissoft.dev\/spasante\/produit\/thalgo-men-soin-regenerant-anti-rides\/#breadcrumb\",\"itemListElement\":[{\"@type\":\"ListItem\",\"position\":1,\"name\":\"Accueil\",\"item\":\"https:\/\/publissoft.dev\/spasante\/\"},{\"@type\":\"ListItem\",\"position\":2,\"name\":\"Boutique\",\"item\":\"https:\/\/publissoft.dev\/spasante\/boutique\/\"},{\"@type\":\"ListItem\",\"position\":3,\"name\":\"Thalgo Men &#8211; Soin Reg\u00e9n\u00e9rant Anti-Rides\"}]},{\"@type\":\"WebSite\",\"@id\":\"https:\/\/publissoft.dev\/spasante\/#website\",\"url\":\"https:\/\/publissoft.dev\/spasante\/\",\"name\":\"Spa Sant\u00e9 Le N\u00e9nuphar\",\"description\":\"\",\"publisher\":{\"@id\":\"https:\/\/publissoft.dev\/spasante\/#organization\"},\"potentialAction\":[{\"@type\":\"SearchAction\",\"target\":{\"@type\":\"EntryPoint\",\"urlTemplate\":\"https:\/\/publissoft.dev\/spasante\/?s={search_term_string}\"},\"query-input\":\"required name=search_term_string\"}],\"inLanguage\":\"fr-CA\"},{\"@type\":\"Organization\",\"@id\":\"https:\/\/publissoft.dev\/spasante\/#organization\",\"name\":\"Spa Sant\u00e9 Le N\u00e9nuphar\",\"url\":\"https:\/\/publissoft.dev\/spasante\/\",\"logo\":{\"@type\":\"ImageObject\",\"inLanguage\":\"fr-CA\",\"@id\":\"https:\/\/publissoft.dev\/spasante\/#\/schema\/logo\/image\/\",\"url\":\"https:\/\/publissoft.dev\/spasante\/wp-content\/uploads\/2022\/11\/logo-jpg.jpeg\",\"contentUrl\":\"https:\/\/publissoft.dev\/spasante\/wp-content\/uploads\/2022\/11\/logo-jpg.jpeg\",\"width\":900,\"height\":900,\"caption\":\"Spa Sant\u00e9 Le N\u00e9nuphar\"},\"image\":{\"@id\":\"https:\/\/publissoft.dev\/spasante\/#\/schema\/logo\/image\/\"},\"sameAs\":[\"https:\/\/www.facebook.com\/SpaSanteLeNenuphar\",\"https:\/\/www.instagram.com\/spasantelenenuphar\/?hl=fr\"]}]}<\/script>\n<!-- \/ Yoast SEO plugin. -->","yoast_head_json":{"title":"Thalgo Men - Soin Reg\u00e9n\u00e9rant Anti-Rides - Spa Sant\u00e9 Le N\u00e9nuphar","description":"Ce soin haute performance corrige les rides de l\u2019int\u00e9rieur par une action cibl\u00e9e sur la matrice \u2018charpente\u2019 de la peau. Fortifi\u00e9, le visage retrouve son volume et les marques du temps sont nettement moins visibles.","robots":{"index":"noindex","follow":"follow","max-snippet":"max-snippet:-1","max-image-preview":"max-image-preview:large","max-video-preview":"max-video-preview:-1"},"og_locale":"fr_CA","og_type":"article","og_title":"Thalgo Men - Soin Reg\u00e9n\u00e9rant Anti-Rides - Spa Sant\u00e9 Le N\u00e9nuphar","og_description":"Ce soin haute performance corrige les rides de l\u2019int\u00e9rieur par une action cibl\u00e9e sur la matrice \u2018charpente\u2019 de la peau. Fortifi\u00e9, le visage retrouve son volume et les marques du temps sont nettement moins visibles.","og_url":"https:\/\/publissoft.dev\/spasante\/produit\/thalgo-men-soin-regenerant-anti-rides\/","og_site_name":"Spa Sant\u00e9 Le N\u00e9nuphar","article_publisher":"https:\/\/www.facebook.com\/SpaSanteLeNenuphar","article_modified_time":"2023-04-04T19:40:50+00:00","og_image":[{"width":225,"height":225,"url":"https:\/\/publissoft.dev\/spasante\/wp-content\/uploads\/2022\/10\/soin-regenerant-anti-rides-thalgo-men.jpg","type":"image\/jpeg"}],"twitter_card":"summary_large_image","twitter_misc":{"Estimation du temps de lecture":"1 minute"},"schema":{"@context":"https:\/\/schema.org","@graph":[{"@type":"WebPage","@id":"https:\/\/publissoft.dev\/spasante\/produit\/thalgo-men-soin-regenerant-anti-rides\/","url":"https:\/\/publissoft.dev\/spasante\/produit\/thalgo-men-soin-regenerant-anti-rides\/","name":"Thalgo Men - Soin Reg\u00e9n\u00e9rant Anti-Rides - Spa Sant\u00e9 Le N\u00e9nuphar","isPartOf":{"@id":"https:\/\/publissoft.dev\/spasante\/#website"},"primaryImageOfPage":{"@id":"https:\/\/publissoft.dev\/spasante\/produit\/thalgo-men-soin-regenerant-anti-rides\/#primaryimage"},"image":{"@id":"https:\/\/publissoft.dev\/spasante\/produit\/thalgo-men-soin-regenerant-anti-rides\/#primaryimage"},"thumbnailUrl":"https:\/\/publissoft.dev\/spasante\/wp-content\/uploads\/2022\/10\/soin-regenerant-anti-rides-thalgo-men.jpg","datePublished":"2022-10-31T18:50:27+00:00","dateModified":"2023-04-04T19:40:50+00:00","description":"Ce soin haute performance corrige les rides de l\u2019int\u00e9rieur par une action cibl\u00e9e sur la matrice \u2018charpente\u2019 de la peau. Fortifi\u00e9, le visage retrouve son volume et les marques du temps sont nettement moins visibles.","breadcrumb":{"@id":"https:\/\/publissoft.dev\/spasante\/produit\/thalgo-men-soin-regenerant-anti-rides\/#breadcrumb"},"inLanguage":"fr-CA","potentialAction":[{"@type":"ReadAction","target":["https:\/\/publissoft.dev\/spasante\/produit\/thalgo-men-soin-regenerant-anti-rides\/"]}]},{"@type":"ImageObject","inLanguage":"fr-CA","@id":"https:\/\/publissoft.dev\/spasante\/produit\/thalgo-men-soin-regenerant-anti-rides\/#primaryimage","url":"https:\/\/publissoft.dev\/spasante\/wp-content\/uploads\/2022\/10\/soin-regenerant-anti-rides-thalgo-men.jpg","contentUrl":"https:\/\/publissoft.dev\/spasante\/wp-content\/uploads\/2022\/10\/soin-regenerant-anti-rides-thalgo-men.jpg","width":225,"height":225},{"@type":"BreadcrumbList","@id":"https:\/\/publissoft.dev\/spasante\/produit\/thalgo-men-soin-regenerant-anti-rides\/#breadcrumb","itemListElement":[{"@type":"ListItem","position":1,"name":"Accueil","item":"https:\/\/publissoft.dev\/spasante\/"},{"@type":"ListItem","position":2,"name":"Boutique","item":"https:\/\/publissoft.dev\/spasante\/boutique\/"},{"@type":"ListItem","position":3,"name":"Thalgo Men &#8211; Soin Reg\u00e9n\u00e9rant Anti-Rides"}]},{"@type":"WebSite","@id":"https:\/\/publissoft.dev\/spasante\/#website","url":"https:\/\/publissoft.dev\/spasante\/","name":"Spa Sant\u00e9 Le N\u00e9nuphar","description":"","publisher":{"@id":"https:\/\/publissoft.dev\/spasante\/#organization"},"potentialAction":[{"@type":"SearchAction","target":{"@type":"EntryPoint","urlTemplate":"https:\/\/publissoft.dev\/spasante\/?s={search_term_string}"},"query-input":"required name=search_term_string"}],"inLanguage":"fr-CA"},{"@type":"Organization","@id":"https:\/\/publissoft.dev\/spasante\/#organization","name":"Spa Sant\u00e9 Le N\u00e9nuphar","url":"https:\/\/publissoft.dev\/spasante\/","logo":{"@type":"ImageObject","inLanguage":"fr-CA","@id":"https:\/\/publissoft.dev\/spasante\/#\/schema\/logo\/image\/","url":"https:\/\/publissoft.dev\/spasante\/wp-content\/uploads\/2022\/11\/logo-jpg.jpeg","contentUrl":"https:\/\/publissoft.dev\/spasante\/wp-content\/uploads\/2022\/11\/logo-jpg.jpeg","width":900,"height":900,"caption":"Spa Sant\u00e9 Le N\u00e9nuphar"},"image":{"@id":"https:\/\/publissoft.dev\/spasante\/#\/schema\/logo\/image\/"},"sameAs":["https:\/\/www.facebook.com\/SpaSanteLeNenuphar","https:\/\/www.instagram.com\/spasantelenenuphar\/?hl=fr"]}]}},"_links":{"self":[{"href":"https:\/\/publissoft.dev\/spasante\/wp-json\/wp\/v2\/product\/3701","targetHints":{"allow":["GET"]}}],"collection":[{"href":"https:\/\/publissoft.dev\/spasante\/wp-json\/wp\/v2\/product"}],"about":[{"href":"https:\/\/publissoft.dev\/spasante\/wp-json\/wp\/v2\/types\/product"}],"wp:featuredmedia":[{"embeddable":true,"href":"https:\/\/publissoft.dev\/spasante\/wp-json\/wp\/v2\/media\/3702"}],"wp:attachment":[{"href":"https:\/\/publissoft.dev\/spasante\/wp-json\/wp\/v2\/media?parent=3701"}],"wp:term":[{"taxonomy":"product_cat","embeddable":true,"href":"https:\/\/publissoft.dev\/spasante\/wp-json\/wp\/v2\/product_cat?post=3701"},{"taxonomy":"product_tag","embeddable":true,"href":"https:\/\/publissoft.dev\/spasante\/wp-json\/wp\/v2\/product_tag?post=3701"},{"taxonomy":"giftcard-category","embeddable":true,"href":"https:\/\/publissoft.dev\/spasante\/wp-json\/wp\/v2\/giftcard-category?post=3701"}],"curies":[{"name":"wp","href":"https:\/\/api.w.org\/{rel}","templated":true}]}}