{"id":372,"date":"2022-01-27T14:35:09","date_gmt":"2022-01-27T19:35:09","guid":{"rendered":"https:\/\/publissoft.dev\/spasante\/produit\/dr-renaud-cell-defense-lotion-ecran-solaire-large-spectre-fps-30-visage-et-corps\/"},"modified":"2024-01-30T11:30:30","modified_gmt":"2024-01-30T16:30:30","slug":"dr-renaud-cell-defense-lotion-ecran-solaire-large-spectre-fps-30-visage-et-corps","status":"publish","type":"product","link":"https:\/\/publissoft.dev\/spasante\/produit\/dr-renaud-cell-defense-lotion-ecran-solaire-large-spectre-fps-30-visage-et-corps\/","title":{"rendered":"Dr. Renaud &#8211; Cell D\u00e9fense &#8211; Lotion \u00e9cran solaire Large spectre FPS 30 \u2022 Visage et Corps"},"content":{"rendered":"<p data-mce-fragment=\"1\"><strong>Lotion \u00c9cran Solaire Large spectre FPS 30 \u2022 Visage et Corps<\/strong><\/p>\n<p data-mce-fragment=\"1\">\u2212 Prot\u00e8ge des UVA et des UVB<br data-mce-fragment=\"1\" \/>\u2212 Retarde l\u2019apparition des signes du vieillissement photo-induit caus\u00e9 par les rayons UVA, UVB et infrarouges\u00a0<br data-mce-fragment=\"1\" \/>\u2212 Con\u00e7ue pour tous les types de peau incluant les plus sensibles\u00a0<br data-mce-fragment=\"1\" \/>\u2212 Id\u00e9ale pour toute la famille<br data-mce-fragment=\"1\" \/>\u2212 Pr\u00e9vient les r\u00e9actions de photosensibilit\u00e9<\/p>\n<p data-mce-fragment=\"1\">Soin solaire haute protection ultradoux, anti-sable pour une s\u00e9curit\u00e9 et une protection optimales. Sa formule est con\u00e7ue pour toute peau intol\u00e9rante (au soleil, aux filtres chimiques), ou sensible (femmes enceintes, avant et\/ou apr\u00e8s une chirurgie, un traitement au laser, une dermabrasion, etc.) incluant celle des enfants et des personnes ne d\u00e9sirant pas bronzer. Elle s\u2019\u00e9tale facilement, ne blanchit pas et ne pique pas les yeux sans les faire pleurer.<\/p>\n<p data-mce-fragment=\"1\"><strong>Conseils d\u2019utilisation :<\/strong><\/p>\n<p data-mce-fragment=\"1\">Quinze minutes avant l\u2019exposition au soleil, appliquer g\u00e9n\u00e9reusement et uniform\u00e9ment sur le visage et le corps. R\u00e9p\u00e9ter l\u2019application aux deux heures et apr\u00e8s la baignade ou une transpiration excessive.<\/p>\n","protected":false},"excerpt":{"rendered":"<p>Lotion \u00c9cran Solaire Large spectre FPS 30 \u2022 Visage et Corps \u2212 Prot\u00e8ge des UVA et des UVB\u2212 Retarde l\u2019apparition des signes du vieillissement photo-induit caus\u00e9 par les rayons UVA, UVB et infrarouges\u00a0\u2212 Con\u00e7ue pour tous les types de peau incluant les plus sensibles\u00a0\u2212 Id\u00e9ale pour toute la famille\u2212 Pr\u00e9vient les r\u00e9actions de photosensibilit\u00e9 Soin &hellip;<\/p>\n","protected":false},"featured_media":411,"template":"","meta":{"_acf_changed":false,"_genesis_hide_title":false,"_genesis_hide_breadcrumbs":false,"_genesis_hide_singular_image":false,"_genesis_hide_footer_widgets":false,"_genesis_custom_body_class":"","_genesis_custom_post_class":"","_genesis_layout":""},"product_cat":[53,37,31,77,46],"product_tag":[],"giftcard-category":[],"class_list":{"0":"post-372","1":"product","2":"type-product","3":"status-publish","4":"has-post-thumbnail","6":"product_cat-gift-card","7":"product_cat-produits","8":"product_cat-laboratoire-dr-renaud","9":"product_cat-produits-en-promotion","10":"product_cat-tous","11":"entry","13":"first","14":"instock","15":"taxable","16":"shipping-taxable","17":"purchasable","18":"product-type-simple"},"acf":[],"yoast_head":"<!-- This site is optimized with the Yoast SEO plugin v22.5 - https:\/\/yoast.com\/wordpress\/plugins\/seo\/ -->\n<title>Dr. Renaud - Cell D\u00e9fense - Lotion \u00e9cran solaire Large spectre FPS 30 \u2022 Visage et Corps - Spa Sant\u00e9 Le N\u00e9nuphar<\/title>\n<meta name=\"robots\" content=\"noindex, follow, max-snippet:-1, max-image-preview:large, max-video-preview:-1\" \/>\n<meta property=\"og:locale\" content=\"fr_CA\" \/>\n<meta property=\"og:type\" content=\"article\" \/>\n<meta property=\"og:title\" content=\"Dr. Renaud - Cell D\u00e9fense - Lotion \u00e9cran solaire Large spectre FPS 30 \u2022 Visage et Corps - Spa Sant\u00e9 Le N\u00e9nuphar\" \/>\n<meta property=\"og:description\" content=\"Lotion \u00c9cran Solaire Large spectre FPS 30 \u2022 Visage et Corps \u2212 Prot\u00e8ge des UVA et des UVB\u2212 Retarde l\u2019apparition des signes du vieillissement photo-induit caus\u00e9 par les rayons UVA, UVB et infrarouges\u00a0\u2212 Con\u00e7ue pour tous les types de peau incluant les plus sensibles\u00a0\u2212 Id\u00e9ale pour toute la famille\u2212 Pr\u00e9vient les r\u00e9actions de photosensibilit\u00e9 Soin &hellip;\" \/>\n<meta property=\"og:url\" content=\"https:\/\/publissoft.dev\/spasante\/produit\/dr-renaud-cell-defense-lotion-ecran-solaire-large-spectre-fps-30-visage-et-corps\/\" \/>\n<meta property=\"og:site_name\" content=\"Spa Sant\u00e9 Le N\u00e9nuphar\" \/>\n<meta property=\"article:publisher\" content=\"https:\/\/www.facebook.com\/SpaSanteLeNenuphar\" \/>\n<meta property=\"article:modified_time\" content=\"2024-01-30T16:30:30+00:00\" \/>\n<meta property=\"og:image\" content=\"https:\/\/publissoft.dev\/spasante\/wp-content\/uploads\/2022\/01\/CellDefense-LotionecransolaireLargespectreFPS30_VisageetCorps.jpg\" \/>\n\t<meta property=\"og:image:width\" content=\"800\" \/>\n\t<meta property=\"og:image:height\" content=\"800\" \/>\n\t<meta property=\"og:image:type\" content=\"image\/jpeg\" \/>\n<meta name=\"twitter:card\" content=\"summary_large_image\" \/>\n<meta name=\"twitter:label1\" content=\"Estimation du temps de lecture\" \/>\n\t<meta name=\"twitter:data1\" content=\"2 minutes\" \/>\n<script type=\"application\/ld+json\" class=\"yoast-schema-graph\">{\"@context\":\"https:\/\/schema.org\",\"@graph\":[{\"@type\":\"WebPage\",\"@id\":\"https:\/\/publissoft.dev\/spasante\/produit\/dr-renaud-cell-defense-lotion-ecran-solaire-large-spectre-fps-30-visage-et-corps\/\",\"url\":\"https:\/\/publissoft.dev\/spasante\/produit\/dr-renaud-cell-defense-lotion-ecran-solaire-large-spectre-fps-30-visage-et-corps\/\",\"name\":\"Dr. Renaud - Cell D\u00e9fense - Lotion \u00e9cran solaire Large spectre FPS 30 \u2022 Visage et Corps - Spa Sant\u00e9 Le N\u00e9nuphar\",\"isPartOf\":{\"@id\":\"https:\/\/publissoft.dev\/spasante\/#website\"},\"primaryImageOfPage\":{\"@id\":\"https:\/\/publissoft.dev\/spasante\/produit\/dr-renaud-cell-defense-lotion-ecran-solaire-large-spectre-fps-30-visage-et-corps\/#primaryimage\"},\"image\":{\"@id\":\"https:\/\/publissoft.dev\/spasante\/produit\/dr-renaud-cell-defense-lotion-ecran-solaire-large-spectre-fps-30-visage-et-corps\/#primaryimage\"},\"thumbnailUrl\":\"https:\/\/publissoft.dev\/spasante\/wp-content\/uploads\/2022\/01\/CellDefense-LotionecransolaireLargespectreFPS30_VisageetCorps.jpg\",\"datePublished\":\"2022-01-27T19:35:09+00:00\",\"dateModified\":\"2024-01-30T16:30:30+00:00\",\"breadcrumb\":{\"@id\":\"https:\/\/publissoft.dev\/spasante\/produit\/dr-renaud-cell-defense-lotion-ecran-solaire-large-spectre-fps-30-visage-et-corps\/#breadcrumb\"},\"inLanguage\":\"fr-CA\",\"potentialAction\":[{\"@type\":\"ReadAction\",\"target\":[\"https:\/\/publissoft.dev\/spasante\/produit\/dr-renaud-cell-defense-lotion-ecran-solaire-large-spectre-fps-30-visage-et-corps\/\"]}]},{\"@type\":\"ImageObject\",\"inLanguage\":\"fr-CA\",\"@id\":\"https:\/\/publissoft.dev\/spasante\/produit\/dr-renaud-cell-defense-lotion-ecran-solaire-large-spectre-fps-30-visage-et-corps\/#primaryimage\",\"url\":\"https:\/\/publissoft.dev\/spasante\/wp-content\/uploads\/2022\/01\/CellDefense-LotionecransolaireLargespectreFPS30_VisageetCorps.jpg\",\"contentUrl\":\"https:\/\/publissoft.dev\/spasante\/wp-content\/uploads\/2022\/01\/CellDefense-LotionecransolaireLargespectreFPS30_VisageetCorps.jpg\",\"width\":800,\"height\":800},{\"@type\":\"BreadcrumbList\",\"@id\":\"https:\/\/publissoft.dev\/spasante\/produit\/dr-renaud-cell-defense-lotion-ecran-solaire-large-spectre-fps-30-visage-et-corps\/#breadcrumb\",\"itemListElement\":[{\"@type\":\"ListItem\",\"position\":1,\"name\":\"Accueil\",\"item\":\"https:\/\/publissoft.dev\/spasante\/\"},{\"@type\":\"ListItem\",\"position\":2,\"name\":\"Boutique\",\"item\":\"https:\/\/publissoft.dev\/spasante\/boutique\/\"},{\"@type\":\"ListItem\",\"position\":3,\"name\":\"Dr. Renaud &#8211; Cell D\u00e9fense &#8211; Lotion \u00e9cran solaire Large spectre FPS 30 \u2022 Visage et Corps\"}]},{\"@type\":\"WebSite\",\"@id\":\"https:\/\/publissoft.dev\/spasante\/#website\",\"url\":\"https:\/\/publissoft.dev\/spasante\/\",\"name\":\"Spa Sant\u00e9 Le N\u00e9nuphar\",\"description\":\"\",\"publisher\":{\"@id\":\"https:\/\/publissoft.dev\/spasante\/#organization\"},\"potentialAction\":[{\"@type\":\"SearchAction\",\"target\":{\"@type\":\"EntryPoint\",\"urlTemplate\":\"https:\/\/publissoft.dev\/spasante\/?s={search_term_string}\"},\"query-input\":\"required name=search_term_string\"}],\"inLanguage\":\"fr-CA\"},{\"@type\":\"Organization\",\"@id\":\"https:\/\/publissoft.dev\/spasante\/#organization\",\"name\":\"Spa Sant\u00e9 Le N\u00e9nuphar\",\"url\":\"https:\/\/publissoft.dev\/spasante\/\",\"logo\":{\"@type\":\"ImageObject\",\"inLanguage\":\"fr-CA\",\"@id\":\"https:\/\/publissoft.dev\/spasante\/#\/schema\/logo\/image\/\",\"url\":\"https:\/\/publissoft.dev\/spasante\/wp-content\/uploads\/2022\/11\/logo-jpg.jpeg\",\"contentUrl\":\"https:\/\/publissoft.dev\/spasante\/wp-content\/uploads\/2022\/11\/logo-jpg.jpeg\",\"width\":900,\"height\":900,\"caption\":\"Spa Sant\u00e9 Le N\u00e9nuphar\"},\"image\":{\"@id\":\"https:\/\/publissoft.dev\/spasante\/#\/schema\/logo\/image\/\"},\"sameAs\":[\"https:\/\/www.facebook.com\/SpaSanteLeNenuphar\",\"https:\/\/www.instagram.com\/spasantelenenuphar\/?hl=fr\"]}]}<\/script>\n<!-- \/ Yoast SEO plugin. -->","yoast_head_json":{"title":"Dr. Renaud - Cell D\u00e9fense - Lotion \u00e9cran solaire Large spectre FPS 30 \u2022 Visage et Corps - Spa Sant\u00e9 Le N\u00e9nuphar","robots":{"index":"noindex","follow":"follow","max-snippet":"max-snippet:-1","max-image-preview":"max-image-preview:large","max-video-preview":"max-video-preview:-1"},"og_locale":"fr_CA","og_type":"article","og_title":"Dr. Renaud - Cell D\u00e9fense - Lotion \u00e9cran solaire Large spectre FPS 30 \u2022 Visage et Corps - Spa Sant\u00e9 Le N\u00e9nuphar","og_description":"Lotion \u00c9cran Solaire Large spectre FPS 30 \u2022 Visage et Corps \u2212 Prot\u00e8ge des UVA et des UVB\u2212 Retarde l\u2019apparition des signes du vieillissement photo-induit caus\u00e9 par les rayons UVA, UVB et infrarouges\u00a0\u2212 Con\u00e7ue pour tous les types de peau incluant les plus sensibles\u00a0\u2212 Id\u00e9ale pour toute la famille\u2212 Pr\u00e9vient les r\u00e9actions de photosensibilit\u00e9 Soin &hellip;","og_url":"https:\/\/publissoft.dev\/spasante\/produit\/dr-renaud-cell-defense-lotion-ecran-solaire-large-spectre-fps-30-visage-et-corps\/","og_site_name":"Spa Sant\u00e9 Le N\u00e9nuphar","article_publisher":"https:\/\/www.facebook.com\/SpaSanteLeNenuphar","article_modified_time":"2024-01-30T16:30:30+00:00","og_image":[{"width":800,"height":800,"url":"https:\/\/publissoft.dev\/spasante\/wp-content\/uploads\/2022\/01\/CellDefense-LotionecransolaireLargespectreFPS30_VisageetCorps.jpg","type":"image\/jpeg"}],"twitter_card":"summary_large_image","twitter_misc":{"Estimation du temps de lecture":"2 minutes"},"schema":{"@context":"https:\/\/schema.org","@graph":[{"@type":"WebPage","@id":"https:\/\/publissoft.dev\/spasante\/produit\/dr-renaud-cell-defense-lotion-ecran-solaire-large-spectre-fps-30-visage-et-corps\/","url":"https:\/\/publissoft.dev\/spasante\/produit\/dr-renaud-cell-defense-lotion-ecran-solaire-large-spectre-fps-30-visage-et-corps\/","name":"Dr. Renaud - Cell D\u00e9fense - Lotion \u00e9cran solaire Large spectre FPS 30 \u2022 Visage et Corps - Spa Sant\u00e9 Le N\u00e9nuphar","isPartOf":{"@id":"https:\/\/publissoft.dev\/spasante\/#website"},"primaryImageOfPage":{"@id":"https:\/\/publissoft.dev\/spasante\/produit\/dr-renaud-cell-defense-lotion-ecran-solaire-large-spectre-fps-30-visage-et-corps\/#primaryimage"},"image":{"@id":"https:\/\/publissoft.dev\/spasante\/produit\/dr-renaud-cell-defense-lotion-ecran-solaire-large-spectre-fps-30-visage-et-corps\/#primaryimage"},"thumbnailUrl":"https:\/\/publissoft.dev\/spasante\/wp-content\/uploads\/2022\/01\/CellDefense-LotionecransolaireLargespectreFPS30_VisageetCorps.jpg","datePublished":"2022-01-27T19:35:09+00:00","dateModified":"2024-01-30T16:30:30+00:00","breadcrumb":{"@id":"https:\/\/publissoft.dev\/spasante\/produit\/dr-renaud-cell-defense-lotion-ecran-solaire-large-spectre-fps-30-visage-et-corps\/#breadcrumb"},"inLanguage":"fr-CA","potentialAction":[{"@type":"ReadAction","target":["https:\/\/publissoft.dev\/spasante\/produit\/dr-renaud-cell-defense-lotion-ecran-solaire-large-spectre-fps-30-visage-et-corps\/"]}]},{"@type":"ImageObject","inLanguage":"fr-CA","@id":"https:\/\/publissoft.dev\/spasante\/produit\/dr-renaud-cell-defense-lotion-ecran-solaire-large-spectre-fps-30-visage-et-corps\/#primaryimage","url":"https:\/\/publissoft.dev\/spasante\/wp-content\/uploads\/2022\/01\/CellDefense-LotionecransolaireLargespectreFPS30_VisageetCorps.jpg","contentUrl":"https:\/\/publissoft.dev\/spasante\/wp-content\/uploads\/2022\/01\/CellDefense-LotionecransolaireLargespectreFPS30_VisageetCorps.jpg","width":800,"height":800},{"@type":"BreadcrumbList","@id":"https:\/\/publissoft.dev\/spasante\/produit\/dr-renaud-cell-defense-lotion-ecran-solaire-large-spectre-fps-30-visage-et-corps\/#breadcrumb","itemListElement":[{"@type":"ListItem","position":1,"name":"Accueil","item":"https:\/\/publissoft.dev\/spasante\/"},{"@type":"ListItem","position":2,"name":"Boutique","item":"https:\/\/publissoft.dev\/spasante\/boutique\/"},{"@type":"ListItem","position":3,"name":"Dr. Renaud &#8211; Cell D\u00e9fense &#8211; Lotion \u00e9cran solaire Large spectre FPS 30 \u2022 Visage et Corps"}]},{"@type":"WebSite","@id":"https:\/\/publissoft.dev\/spasante\/#website","url":"https:\/\/publissoft.dev\/spasante\/","name":"Spa Sant\u00e9 Le N\u00e9nuphar","description":"","publisher":{"@id":"https:\/\/publissoft.dev\/spasante\/#organization"},"potentialAction":[{"@type":"SearchAction","target":{"@type":"EntryPoint","urlTemplate":"https:\/\/publissoft.dev\/spasante\/?s={search_term_string}"},"query-input":"required name=search_term_string"}],"inLanguage":"fr-CA"},{"@type":"Organization","@id":"https:\/\/publissoft.dev\/spasante\/#organization","name":"Spa Sant\u00e9 Le N\u00e9nuphar","url":"https:\/\/publissoft.dev\/spasante\/","logo":{"@type":"ImageObject","inLanguage":"fr-CA","@id":"https:\/\/publissoft.dev\/spasante\/#\/schema\/logo\/image\/","url":"https:\/\/publissoft.dev\/spasante\/wp-content\/uploads\/2022\/11\/logo-jpg.jpeg","contentUrl":"https:\/\/publissoft.dev\/spasante\/wp-content\/uploads\/2022\/11\/logo-jpg.jpeg","width":900,"height":900,"caption":"Spa Sant\u00e9 Le N\u00e9nuphar"},"image":{"@id":"https:\/\/publissoft.dev\/spasante\/#\/schema\/logo\/image\/"},"sameAs":["https:\/\/www.facebook.com\/SpaSanteLeNenuphar","https:\/\/www.instagram.com\/spasantelenenuphar\/?hl=fr"]}]}},"_links":{"self":[{"href":"https:\/\/publissoft.dev\/spasante\/wp-json\/wp\/v2\/product\/372","targetHints":{"allow":["GET"]}}],"collection":[{"href":"https:\/\/publissoft.dev\/spasante\/wp-json\/wp\/v2\/product"}],"about":[{"href":"https:\/\/publissoft.dev\/spasante\/wp-json\/wp\/v2\/types\/product"}],"wp:featuredmedia":[{"embeddable":true,"href":"https:\/\/publissoft.dev\/spasante\/wp-json\/wp\/v2\/media\/411"}],"wp:attachment":[{"href":"https:\/\/publissoft.dev\/spasante\/wp-json\/wp\/v2\/media?parent=372"}],"wp:term":[{"taxonomy":"product_cat","embeddable":true,"href":"https:\/\/publissoft.dev\/spasante\/wp-json\/wp\/v2\/product_cat?post=372"},{"taxonomy":"product_tag","embeddable":true,"href":"https:\/\/publissoft.dev\/spasante\/wp-json\/wp\/v2\/product_tag?post=372"},{"taxonomy":"giftcard-category","embeddable":true,"href":"https:\/\/publissoft.dev\/spasante\/wp-json\/wp\/v2\/giftcard-category?post=372"}],"curies":[{"name":"wp","href":"https:\/\/api.w.org\/{rel}","templated":true}]}}