{"id":378,"date":"2022-01-27T14:35:11","date_gmt":"2022-01-27T19:35:11","guid":{"rendered":"https:\/\/publissoft.dev\/spasante\/produit\/dr-renaud-celldefense-lotion-solaire-corps-a-large-spectre-fps-30\/"},"modified":"2024-01-30T11:31:24","modified_gmt":"2024-01-30T16:31:24","slug":"celldefense-lotion-solaire-corps-spa-sante-le-nenuphar","status":"publish","type":"product","link":"https:\/\/publissoft.dev\/spasante\/produit\/celldefense-lotion-solaire-corps-spa-sante-le-nenuphar\/","title":{"rendered":"Dr. Renaud &#8211; CellDefense &#8211; Lotion solaire corps \u00e0 large spectre FPS 30"},"content":{"rendered":"<div class=\"descProd\" data-mce-fragment=\"1\">\n<p data-mce-fragment=\"1\">Lotion solaire corps \u00e0 large spectre FPS 30<\/p>\n<p data-mce-fragment=\"1\">Offre une protection antioxydante contre les effets n\u00e9fastes des UV, des infrarouges et de la lumi\u00e8re bleue<\/p>\n<p data-mce-fragment=\"1\">Retarde l\u2019apparition des signes du vieillissement photo-induits<\/p>\n<p data-mce-fragment=\"1\">Respect des coraux et de la vie aquatique<\/p>\n<p data-mce-fragment=\"1\">R\u00e9sistante \u00e0 l\u2019eau<\/p>\n<p data-mce-fragment=\"1\">Id\u00e9ale pour le plein air, la baignade et les sports nautiques.<\/p>\n<p data-mce-fragment=\"1\">Une lotion solaire protectrice anti-sable et anti-sudation qui prot\u00e8ge des coups de soleil et qui retarde l\u2019apparition des rides et autres signes du vieillissement photo-induit caus\u00e9 par les rayons UVA, UVB et infrarouges. Sa texture velout\u00e9e convient \u00e0 tous les types de peau. Elle s\u2019applique sur une peau mouill\u00e9e, humide ou s\u00e8che. Ce soin solaire est sans talc, avec protection min\u00e9rale et antioxydants.<\/p>\n<p data-mce-fragment=\"1\">Conseils d\u2019utilisation<\/p>\n<p data-mce-fragment=\"1\">Appliquer g\u00e9n\u00e9reusement et uniform\u00e9ment 15 minutes avant l&#8217;exposition au soleil. Appliquer de nouveau au moins toutes les 2 heures. Utiliser un \u00e9cran solaire r\u00e9sistant \u00e0 l&#8217;eau lors d&#8217;une activit\u00e9 aquatique ou s&#8217;il y a transpiration.<\/p>\n<p data-mce-fragment=\"1\"><strong>Format<\/strong> 200ml<\/p>\n<\/div>\n","protected":false},"excerpt":{"rendered":"<p>Lotion solaire corps \u00e0 large spectre FPS 30 Offre une protection antioxydante contre les effets n\u00e9fastes des UV, des infrarouges et de la lumi\u00e8re bleue Retarde l\u2019apparition des signes du vieillissement photo-induits Respect des coraux et de la vie aquatique R\u00e9sistante \u00e0 l\u2019eau Id\u00e9ale pour le plein air, la baignade et les sports nautiques. Une &hellip;<\/p>\n","protected":false},"featured_media":414,"template":"","meta":{"_acf_changed":false,"_genesis_hide_title":false,"_genesis_hide_breadcrumbs":false,"_genesis_hide_singular_image":false,"_genesis_hide_footer_widgets":false,"_genesis_custom_body_class":"","_genesis_custom_post_class":"","_genesis_layout":""},"product_cat":[53,37,31,77,46],"product_tag":[],"giftcard-category":[],"class_list":{"0":"post-378","1":"product","2":"type-product","3":"status-publish","4":"has-post-thumbnail","6":"product_cat-gift-card","7":"product_cat-produits","8":"product_cat-laboratoire-dr-renaud","9":"product_cat-produits-en-promotion","10":"product_cat-tous","11":"entry","13":"first","14":"instock","15":"taxable","16":"shipping-taxable","17":"purchasable","18":"product-type-simple"},"acf":[],"yoast_head":"<!-- This site is optimized with the Yoast SEO plugin v22.5 - https:\/\/yoast.com\/wordpress\/plugins\/seo\/ -->\n<title>Dr. Renaud - CellDefense - Lotion solaire corps \u00e0 large spectre FPS 30 - Spa Sant\u00e9 Le N\u00e9nuphar<\/title>\n<meta name=\"description\" content=\"CellDefense - Lotion solaire corps \u00e0 large spectre SPF 30 - Offre une protection antioxydante contre les effets n\u00e9fastes des rayons UV. Rendez-nous visite !\" \/>\n<meta name=\"robots\" content=\"noindex, follow, max-snippet:-1, max-image-preview:large, max-video-preview:-1\" \/>\n<meta property=\"og:locale\" content=\"fr_CA\" \/>\n<meta property=\"og:type\" content=\"article\" \/>\n<meta property=\"og:title\" content=\"Dr. Renaud - CellDefense - Lotion solaire corps \u00e0 large spectre FPS 30 - Spa Sant\u00e9 Le N\u00e9nuphar\" \/>\n<meta property=\"og:description\" content=\"CellDefense - Lotion solaire corps \u00e0 large spectre SPF 30 - Offre une protection antioxydante contre les effets n\u00e9fastes des rayons UV. Rendez-nous visite !\" \/>\n<meta property=\"og:url\" content=\"https:\/\/publissoft.dev\/spasante\/produit\/celldefense-lotion-solaire-corps-spa-sante-le-nenuphar\/\" \/>\n<meta property=\"og:site_name\" content=\"Spa Sant\u00e9 Le N\u00e9nuphar\" \/>\n<meta property=\"article:publisher\" content=\"https:\/\/www.facebook.com\/SpaSanteLeNenuphar\" \/>\n<meta property=\"article:modified_time\" content=\"2024-01-30T16:31:24+00:00\" \/>\n<meta property=\"og:image\" content=\"https:\/\/publissoft.dev\/spasante\/wp-content\/uploads\/2022\/01\/Lotion-solaire-corps-a-large-spectre-FPS-30.jpg\" \/>\n\t<meta property=\"og:image:width\" content=\"800\" \/>\n\t<meta property=\"og:image:height\" content=\"800\" \/>\n\t<meta property=\"og:image:type\" content=\"image\/jpeg\" \/>\n<meta name=\"twitter:card\" content=\"summary_large_image\" \/>\n<meta name=\"twitter:label1\" content=\"Estimation du temps de lecture\" \/>\n\t<meta name=\"twitter:data1\" content=\"1 minute\" \/>\n<script type=\"application\/ld+json\" class=\"yoast-schema-graph\">{\"@context\":\"https:\/\/schema.org\",\"@graph\":[{\"@type\":\"WebPage\",\"@id\":\"https:\/\/publissoft.dev\/spasante\/produit\/celldefense-lotion-solaire-corps-spa-sante-le-nenuphar\/\",\"url\":\"https:\/\/publissoft.dev\/spasante\/produit\/celldefense-lotion-solaire-corps-spa-sante-le-nenuphar\/\",\"name\":\"Dr. Renaud - CellDefense - Lotion solaire corps \u00e0 large spectre FPS 30 - Spa Sant\u00e9 Le N\u00e9nuphar\",\"isPartOf\":{\"@id\":\"https:\/\/publissoft.dev\/spasante\/#website\"},\"primaryImageOfPage\":{\"@id\":\"https:\/\/publissoft.dev\/spasante\/produit\/celldefense-lotion-solaire-corps-spa-sante-le-nenuphar\/#primaryimage\"},\"image\":{\"@id\":\"https:\/\/publissoft.dev\/spasante\/produit\/celldefense-lotion-solaire-corps-spa-sante-le-nenuphar\/#primaryimage\"},\"thumbnailUrl\":\"https:\/\/publissoft.dev\/spasante\/wp-content\/uploads\/2022\/01\/Lotion-solaire-corps-a-large-spectre-FPS-30.jpg\",\"datePublished\":\"2022-01-27T19:35:11+00:00\",\"dateModified\":\"2024-01-30T16:31:24+00:00\",\"description\":\"CellDefense - Lotion solaire corps \u00e0 large spectre SPF 30 - Offre une protection antioxydante contre les effets n\u00e9fastes des rayons UV. Rendez-nous visite !\",\"breadcrumb\":{\"@id\":\"https:\/\/publissoft.dev\/spasante\/produit\/celldefense-lotion-solaire-corps-spa-sante-le-nenuphar\/#breadcrumb\"},\"inLanguage\":\"fr-CA\",\"potentialAction\":[{\"@type\":\"ReadAction\",\"target\":[\"https:\/\/publissoft.dev\/spasante\/produit\/celldefense-lotion-solaire-corps-spa-sante-le-nenuphar\/\"]}]},{\"@type\":\"ImageObject\",\"inLanguage\":\"fr-CA\",\"@id\":\"https:\/\/publissoft.dev\/spasante\/produit\/celldefense-lotion-solaire-corps-spa-sante-le-nenuphar\/#primaryimage\",\"url\":\"https:\/\/publissoft.dev\/spasante\/wp-content\/uploads\/2022\/01\/Lotion-solaire-corps-a-large-spectre-FPS-30.jpg\",\"contentUrl\":\"https:\/\/publissoft.dev\/spasante\/wp-content\/uploads\/2022\/01\/Lotion-solaire-corps-a-large-spectre-FPS-30.jpg\",\"width\":800,\"height\":800},{\"@type\":\"BreadcrumbList\",\"@id\":\"https:\/\/publissoft.dev\/spasante\/produit\/celldefense-lotion-solaire-corps-spa-sante-le-nenuphar\/#breadcrumb\",\"itemListElement\":[{\"@type\":\"ListItem\",\"position\":1,\"name\":\"Accueil\",\"item\":\"https:\/\/publissoft.dev\/spasante\/\"},{\"@type\":\"ListItem\",\"position\":2,\"name\":\"Boutique\",\"item\":\"https:\/\/publissoft.dev\/spasante\/boutique\/\"},{\"@type\":\"ListItem\",\"position\":3,\"name\":\"Dr. Renaud &#8211; CellDefense &#8211; Lotion solaire corps \u00e0 large spectre FPS 30\"}]},{\"@type\":\"WebSite\",\"@id\":\"https:\/\/publissoft.dev\/spasante\/#website\",\"url\":\"https:\/\/publissoft.dev\/spasante\/\",\"name\":\"Spa Sant\u00e9 Le N\u00e9nuphar\",\"description\":\"\",\"publisher\":{\"@id\":\"https:\/\/publissoft.dev\/spasante\/#organization\"},\"potentialAction\":[{\"@type\":\"SearchAction\",\"target\":{\"@type\":\"EntryPoint\",\"urlTemplate\":\"https:\/\/publissoft.dev\/spasante\/?s={search_term_string}\"},\"query-input\":\"required name=search_term_string\"}],\"inLanguage\":\"fr-CA\"},{\"@type\":\"Organization\",\"@id\":\"https:\/\/publissoft.dev\/spasante\/#organization\",\"name\":\"Spa Sant\u00e9 Le N\u00e9nuphar\",\"url\":\"https:\/\/publissoft.dev\/spasante\/\",\"logo\":{\"@type\":\"ImageObject\",\"inLanguage\":\"fr-CA\",\"@id\":\"https:\/\/publissoft.dev\/spasante\/#\/schema\/logo\/image\/\",\"url\":\"https:\/\/publissoft.dev\/spasante\/wp-content\/uploads\/2022\/11\/logo-jpg.jpeg\",\"contentUrl\":\"https:\/\/publissoft.dev\/spasante\/wp-content\/uploads\/2022\/11\/logo-jpg.jpeg\",\"width\":900,\"height\":900,\"caption\":\"Spa Sant\u00e9 Le N\u00e9nuphar\"},\"image\":{\"@id\":\"https:\/\/publissoft.dev\/spasante\/#\/schema\/logo\/image\/\"},\"sameAs\":[\"https:\/\/www.facebook.com\/SpaSanteLeNenuphar\",\"https:\/\/www.instagram.com\/spasantelenenuphar\/?hl=fr\"]}]}<\/script>\n<!-- \/ Yoast SEO plugin. -->","yoast_head_json":{"title":"Dr. Renaud - CellDefense - Lotion solaire corps \u00e0 large spectre FPS 30 - Spa Sant\u00e9 Le N\u00e9nuphar","description":"CellDefense - Lotion solaire corps \u00e0 large spectre SPF 30 - Offre une protection antioxydante contre les effets n\u00e9fastes des rayons UV. Rendez-nous visite !","robots":{"index":"noindex","follow":"follow","max-snippet":"max-snippet:-1","max-image-preview":"max-image-preview:large","max-video-preview":"max-video-preview:-1"},"og_locale":"fr_CA","og_type":"article","og_title":"Dr. Renaud - CellDefense - Lotion solaire corps \u00e0 large spectre FPS 30 - Spa Sant\u00e9 Le N\u00e9nuphar","og_description":"CellDefense - Lotion solaire corps \u00e0 large spectre SPF 30 - Offre une protection antioxydante contre les effets n\u00e9fastes des rayons UV. Rendez-nous visite !","og_url":"https:\/\/publissoft.dev\/spasante\/produit\/celldefense-lotion-solaire-corps-spa-sante-le-nenuphar\/","og_site_name":"Spa Sant\u00e9 Le N\u00e9nuphar","article_publisher":"https:\/\/www.facebook.com\/SpaSanteLeNenuphar","article_modified_time":"2024-01-30T16:31:24+00:00","og_image":[{"width":800,"height":800,"url":"https:\/\/publissoft.dev\/spasante\/wp-content\/uploads\/2022\/01\/Lotion-solaire-corps-a-large-spectre-FPS-30.jpg","type":"image\/jpeg"}],"twitter_card":"summary_large_image","twitter_misc":{"Estimation du temps de lecture":"1 minute"},"schema":{"@context":"https:\/\/schema.org","@graph":[{"@type":"WebPage","@id":"https:\/\/publissoft.dev\/spasante\/produit\/celldefense-lotion-solaire-corps-spa-sante-le-nenuphar\/","url":"https:\/\/publissoft.dev\/spasante\/produit\/celldefense-lotion-solaire-corps-spa-sante-le-nenuphar\/","name":"Dr. Renaud - CellDefense - Lotion solaire corps \u00e0 large spectre FPS 30 - Spa Sant\u00e9 Le N\u00e9nuphar","isPartOf":{"@id":"https:\/\/publissoft.dev\/spasante\/#website"},"primaryImageOfPage":{"@id":"https:\/\/publissoft.dev\/spasante\/produit\/celldefense-lotion-solaire-corps-spa-sante-le-nenuphar\/#primaryimage"},"image":{"@id":"https:\/\/publissoft.dev\/spasante\/produit\/celldefense-lotion-solaire-corps-spa-sante-le-nenuphar\/#primaryimage"},"thumbnailUrl":"https:\/\/publissoft.dev\/spasante\/wp-content\/uploads\/2022\/01\/Lotion-solaire-corps-a-large-spectre-FPS-30.jpg","datePublished":"2022-01-27T19:35:11+00:00","dateModified":"2024-01-30T16:31:24+00:00","description":"CellDefense - Lotion solaire corps \u00e0 large spectre SPF 30 - Offre une protection antioxydante contre les effets n\u00e9fastes des rayons UV. Rendez-nous visite !","breadcrumb":{"@id":"https:\/\/publissoft.dev\/spasante\/produit\/celldefense-lotion-solaire-corps-spa-sante-le-nenuphar\/#breadcrumb"},"inLanguage":"fr-CA","potentialAction":[{"@type":"ReadAction","target":["https:\/\/publissoft.dev\/spasante\/produit\/celldefense-lotion-solaire-corps-spa-sante-le-nenuphar\/"]}]},{"@type":"ImageObject","inLanguage":"fr-CA","@id":"https:\/\/publissoft.dev\/spasante\/produit\/celldefense-lotion-solaire-corps-spa-sante-le-nenuphar\/#primaryimage","url":"https:\/\/publissoft.dev\/spasante\/wp-content\/uploads\/2022\/01\/Lotion-solaire-corps-a-large-spectre-FPS-30.jpg","contentUrl":"https:\/\/publissoft.dev\/spasante\/wp-content\/uploads\/2022\/01\/Lotion-solaire-corps-a-large-spectre-FPS-30.jpg","width":800,"height":800},{"@type":"BreadcrumbList","@id":"https:\/\/publissoft.dev\/spasante\/produit\/celldefense-lotion-solaire-corps-spa-sante-le-nenuphar\/#breadcrumb","itemListElement":[{"@type":"ListItem","position":1,"name":"Accueil","item":"https:\/\/publissoft.dev\/spasante\/"},{"@type":"ListItem","position":2,"name":"Boutique","item":"https:\/\/publissoft.dev\/spasante\/boutique\/"},{"@type":"ListItem","position":3,"name":"Dr. Renaud &#8211; CellDefense &#8211; Lotion solaire corps \u00e0 large spectre FPS 30"}]},{"@type":"WebSite","@id":"https:\/\/publissoft.dev\/spasante\/#website","url":"https:\/\/publissoft.dev\/spasante\/","name":"Spa Sant\u00e9 Le N\u00e9nuphar","description":"","publisher":{"@id":"https:\/\/publissoft.dev\/spasante\/#organization"},"potentialAction":[{"@type":"SearchAction","target":{"@type":"EntryPoint","urlTemplate":"https:\/\/publissoft.dev\/spasante\/?s={search_term_string}"},"query-input":"required name=search_term_string"}],"inLanguage":"fr-CA"},{"@type":"Organization","@id":"https:\/\/publissoft.dev\/spasante\/#organization","name":"Spa Sant\u00e9 Le N\u00e9nuphar","url":"https:\/\/publissoft.dev\/spasante\/","logo":{"@type":"ImageObject","inLanguage":"fr-CA","@id":"https:\/\/publissoft.dev\/spasante\/#\/schema\/logo\/image\/","url":"https:\/\/publissoft.dev\/spasante\/wp-content\/uploads\/2022\/11\/logo-jpg.jpeg","contentUrl":"https:\/\/publissoft.dev\/spasante\/wp-content\/uploads\/2022\/11\/logo-jpg.jpeg","width":900,"height":900,"caption":"Spa Sant\u00e9 Le N\u00e9nuphar"},"image":{"@id":"https:\/\/publissoft.dev\/spasante\/#\/schema\/logo\/image\/"},"sameAs":["https:\/\/www.facebook.com\/SpaSanteLeNenuphar","https:\/\/www.instagram.com\/spasantelenenuphar\/?hl=fr"]}]}},"_links":{"self":[{"href":"https:\/\/publissoft.dev\/spasante\/wp-json\/wp\/v2\/product\/378","targetHints":{"allow":["GET"]}}],"collection":[{"href":"https:\/\/publissoft.dev\/spasante\/wp-json\/wp\/v2\/product"}],"about":[{"href":"https:\/\/publissoft.dev\/spasante\/wp-json\/wp\/v2\/types\/product"}],"wp:featuredmedia":[{"embeddable":true,"href":"https:\/\/publissoft.dev\/spasante\/wp-json\/wp\/v2\/media\/414"}],"wp:attachment":[{"href":"https:\/\/publissoft.dev\/spasante\/wp-json\/wp\/v2\/media?parent=378"}],"wp:term":[{"taxonomy":"product_cat","embeddable":true,"href":"https:\/\/publissoft.dev\/spasante\/wp-json\/wp\/v2\/product_cat?post=378"},{"taxonomy":"product_tag","embeddable":true,"href":"https:\/\/publissoft.dev\/spasante\/wp-json\/wp\/v2\/product_tag?post=378"},{"taxonomy":"giftcard-category","embeddable":true,"href":"https:\/\/publissoft.dev\/spasante\/wp-json\/wp\/v2\/giftcard-category?post=378"}],"curies":[{"name":"wp","href":"https:\/\/api.w.org\/{rel}","templated":true}]}}