{"id":380,"date":"2022-01-27T14:35:12","date_gmt":"2022-01-27T19:35:12","guid":{"rendered":"https:\/\/publissoft.dev\/spasante\/produit\/dr-renaud-celldefense-fps-50-poudre-protection-solaire-claire\/"},"modified":"2024-01-30T11:27:54","modified_gmt":"2024-01-30T16:27:54","slug":"celldefense-fps-50-protection-solaire-spa-sante-le-nenuphar","status":"publish","type":"product","link":"https:\/\/publissoft.dev\/spasante\/produit\/celldefense-fps-50-protection-solaire-spa-sante-le-nenuphar\/","title":{"rendered":"Dr. Renaud &#8211; CellD\u00e9fense FPS 50 poudre protection solaire"},"content":{"rendered":"<p data-mce-fragment=\"1\">Poudre Libre Large spectre FPS 50<\/p>\n<p data-mce-fragment=\"1\">Protection UVA-UVB 100 % min\u00e9rale \u00e0 action instantan\u00e9e d\u00e8s l\u2019application<\/p>\n<p data-mce-fragment=\"1\">Lutte efficacement contre les dommages caus\u00e9s par les UVA, les UVB, les IR et la lumi\u00e8re visible (incluant la lumi\u00e8re bleue)<\/p>\n<p data-mce-fragment=\"1\">Respect des coraux et de la vie aquatique<\/p>\n<p data-mce-fragment=\"1\">Ne blanchit pas la peau<\/p>\n<p data-mce-fragment=\"1\">Inclut un pinceau applicateur pratique et facile \u00e0 utiliser<\/p>\n<p data-mce-fragment=\"1\">Une poudre libre solaire protectrice anti-\u00e2ge qui prot\u00e8ge contre les coups de soleil et qui lutte contre l\u2019apparition des rides et autres signes du vieillissement photo-induit caus\u00e9 par les rayons UVA, UVB et infrarouges. L\u2019\u00e9cran solaire id\u00e9al qui vous accompagne partout! Sa texture soyeuse au fini naturel convient \u00e0 tous les types de peau, incluant les plus sensibles. Ce soin solaire est sans talc, avec protection min\u00e9rale et antioxydants.<\/p>\n<p data-mce-fragment=\"1\">Conseils d\u2019utilisation<\/p>\n<p data-mce-fragment=\"1\">Adultes de 18 ans et plus : Appliquer g\u00e9n\u00e9reusement et uniform\u00e9ment 15 minutes avant l&#8217;exposition au soleil. Appliquer de nouveau au moins toutes les 2 heures. Utiliser un \u00e9cran solaire r\u00e9sistant \u00e0 l&#8217;eau lors d&#8217;une activit\u00e9 aquatique ou s&#8217;il y a transpiration.<\/p>\n","protected":false},"excerpt":{"rendered":"<p>Poudre Libre Large spectre FPS 50 Protection UVA-UVB 100 % min\u00e9rale \u00e0 action instantan\u00e9e d\u00e8s l\u2019application Lutte efficacement contre les dommages caus\u00e9s par les UVA, les UVB, les IR et la lumi\u00e8re visible (incluant la lumi\u00e8re bleue) Respect des coraux et de la vie aquatique Ne blanchit pas la peau Inclut un pinceau applicateur pratique &hellip;<\/p>\n","protected":false},"featured_media":415,"template":"","meta":{"_acf_changed":false,"_genesis_hide_title":false,"_genesis_hide_breadcrumbs":false,"_genesis_hide_singular_image":false,"_genesis_hide_footer_widgets":false,"_genesis_custom_body_class":"","_genesis_custom_post_class":"","_genesis_layout":""},"product_cat":[53,37,31,77,46],"product_tag":[],"giftcard-category":[],"class_list":{"0":"post-380","1":"product","2":"type-product","3":"status-publish","4":"has-post-thumbnail","6":"product_cat-gift-card","7":"product_cat-produits","8":"product_cat-laboratoire-dr-renaud","9":"product_cat-produits-en-promotion","10":"product_cat-tous","11":"entry","13":"first","14":"instock","15":"taxable","16":"shipping-taxable","17":"purchasable","18":"product-type-variable"},"acf":[],"yoast_head":"<!-- This site is optimized with the Yoast SEO plugin v22.5 - https:\/\/yoast.com\/wordpress\/plugins\/seo\/ -->\n<title>Dr. Renaud - CellD\u00e9fense FPS 50 poudre protection solaire - Spa Sant\u00e9 Le N\u00e9nuphar<\/title>\n<meta name=\"description\" content=\"CellD\u00e9fense SPF 50 poudre protection solaire - Claire - Combat efficacement les dommages caus\u00e9s par les UVA, UVB, IR et la lumi\u00e8re visible. Visitez-nous !\" \/>\n<meta name=\"robots\" content=\"noindex, follow, max-snippet:-1, max-image-preview:large, max-video-preview:-1\" \/>\n<meta property=\"og:locale\" content=\"fr_CA\" \/>\n<meta property=\"og:type\" content=\"article\" \/>\n<meta property=\"og:title\" content=\"Dr. Renaud - CellD\u00e9fense FPS 50 poudre protection solaire - Spa Sant\u00e9 Le N\u00e9nuphar\" \/>\n<meta property=\"og:description\" content=\"CellD\u00e9fense SPF 50 poudre protection solaire - Claire - Combat efficacement les dommages caus\u00e9s par les UVA, UVB, IR et la lumi\u00e8re visible. Visitez-nous !\" \/>\n<meta property=\"og:url\" content=\"https:\/\/publissoft.dev\/spasante\/produit\/celldefense-fps-50-protection-solaire-spa-sante-le-nenuphar\/\" \/>\n<meta property=\"og:site_name\" content=\"Spa Sant\u00e9 Le N\u00e9nuphar\" \/>\n<meta property=\"article:publisher\" content=\"https:\/\/www.facebook.com\/SpaSanteLeNenuphar\" \/>\n<meta property=\"article:modified_time\" content=\"2024-01-30T16:27:54+00:00\" \/>\n<meta property=\"og:image\" content=\"https:\/\/publissoft.dev\/spasante\/wp-content\/uploads\/2022\/01\/CellDefenseFPS50poudreprotectionsolaire-Claire.jpg\" \/>\n\t<meta property=\"og:image:width\" content=\"800\" \/>\n\t<meta property=\"og:image:height\" content=\"800\" \/>\n\t<meta property=\"og:image:type\" content=\"image\/jpeg\" \/>\n<meta name=\"twitter:card\" content=\"summary_large_image\" \/>\n<meta name=\"twitter:label1\" content=\"Estimation du temps de lecture\" \/>\n\t<meta name=\"twitter:data1\" content=\"2 minutes\" \/>\n<script type=\"application\/ld+json\" class=\"yoast-schema-graph\">{\"@context\":\"https:\/\/schema.org\",\"@graph\":[{\"@type\":\"WebPage\",\"@id\":\"https:\/\/publissoft.dev\/spasante\/produit\/celldefense-fps-50-protection-solaire-spa-sante-le-nenuphar\/\",\"url\":\"https:\/\/publissoft.dev\/spasante\/produit\/celldefense-fps-50-protection-solaire-spa-sante-le-nenuphar\/\",\"name\":\"Dr. Renaud - CellD\u00e9fense FPS 50 poudre protection solaire - Spa Sant\u00e9 Le N\u00e9nuphar\",\"isPartOf\":{\"@id\":\"https:\/\/publissoft.dev\/spasante\/#website\"},\"primaryImageOfPage\":{\"@id\":\"https:\/\/publissoft.dev\/spasante\/produit\/celldefense-fps-50-protection-solaire-spa-sante-le-nenuphar\/#primaryimage\"},\"image\":{\"@id\":\"https:\/\/publissoft.dev\/spasante\/produit\/celldefense-fps-50-protection-solaire-spa-sante-le-nenuphar\/#primaryimage\"},\"thumbnailUrl\":\"https:\/\/publissoft.dev\/spasante\/wp-content\/uploads\/2022\/01\/CellDefenseFPS50poudreprotectionsolaire-Claire.jpg\",\"datePublished\":\"2022-01-27T19:35:12+00:00\",\"dateModified\":\"2024-01-30T16:27:54+00:00\",\"description\":\"CellD\u00e9fense SPF 50 poudre protection solaire - Claire - Combat efficacement les dommages caus\u00e9s par les UVA, UVB, IR et la lumi\u00e8re visible. Visitez-nous !\",\"breadcrumb\":{\"@id\":\"https:\/\/publissoft.dev\/spasante\/produit\/celldefense-fps-50-protection-solaire-spa-sante-le-nenuphar\/#breadcrumb\"},\"inLanguage\":\"fr-CA\",\"potentialAction\":[{\"@type\":\"ReadAction\",\"target\":[\"https:\/\/publissoft.dev\/spasante\/produit\/celldefense-fps-50-protection-solaire-spa-sante-le-nenuphar\/\"]}]},{\"@type\":\"ImageObject\",\"inLanguage\":\"fr-CA\",\"@id\":\"https:\/\/publissoft.dev\/spasante\/produit\/celldefense-fps-50-protection-solaire-spa-sante-le-nenuphar\/#primaryimage\",\"url\":\"https:\/\/publissoft.dev\/spasante\/wp-content\/uploads\/2022\/01\/CellDefenseFPS50poudreprotectionsolaire-Claire.jpg\",\"contentUrl\":\"https:\/\/publissoft.dev\/spasante\/wp-content\/uploads\/2022\/01\/CellDefenseFPS50poudreprotectionsolaire-Claire.jpg\",\"width\":800,\"height\":800},{\"@type\":\"BreadcrumbList\",\"@id\":\"https:\/\/publissoft.dev\/spasante\/produit\/celldefense-fps-50-protection-solaire-spa-sante-le-nenuphar\/#breadcrumb\",\"itemListElement\":[{\"@type\":\"ListItem\",\"position\":1,\"name\":\"Accueil\",\"item\":\"https:\/\/publissoft.dev\/spasante\/\"},{\"@type\":\"ListItem\",\"position\":2,\"name\":\"Boutique\",\"item\":\"https:\/\/publissoft.dev\/spasante\/boutique\/\"},{\"@type\":\"ListItem\",\"position\":3,\"name\":\"Dr. Renaud &#8211; CellD\u00e9fense FPS 50 poudre protection solaire\"}]},{\"@type\":\"WebSite\",\"@id\":\"https:\/\/publissoft.dev\/spasante\/#website\",\"url\":\"https:\/\/publissoft.dev\/spasante\/\",\"name\":\"Spa Sant\u00e9 Le N\u00e9nuphar\",\"description\":\"\",\"publisher\":{\"@id\":\"https:\/\/publissoft.dev\/spasante\/#organization\"},\"potentialAction\":[{\"@type\":\"SearchAction\",\"target\":{\"@type\":\"EntryPoint\",\"urlTemplate\":\"https:\/\/publissoft.dev\/spasante\/?s={search_term_string}\"},\"query-input\":\"required name=search_term_string\"}],\"inLanguage\":\"fr-CA\"},{\"@type\":\"Organization\",\"@id\":\"https:\/\/publissoft.dev\/spasante\/#organization\",\"name\":\"Spa Sant\u00e9 Le N\u00e9nuphar\",\"url\":\"https:\/\/publissoft.dev\/spasante\/\",\"logo\":{\"@type\":\"ImageObject\",\"inLanguage\":\"fr-CA\",\"@id\":\"https:\/\/publissoft.dev\/spasante\/#\/schema\/logo\/image\/\",\"url\":\"https:\/\/publissoft.dev\/spasante\/wp-content\/uploads\/2022\/11\/logo-jpg.jpeg\",\"contentUrl\":\"https:\/\/publissoft.dev\/spasante\/wp-content\/uploads\/2022\/11\/logo-jpg.jpeg\",\"width\":900,\"height\":900,\"caption\":\"Spa Sant\u00e9 Le N\u00e9nuphar\"},\"image\":{\"@id\":\"https:\/\/publissoft.dev\/spasante\/#\/schema\/logo\/image\/\"},\"sameAs\":[\"https:\/\/www.facebook.com\/SpaSanteLeNenuphar\",\"https:\/\/www.instagram.com\/spasantelenenuphar\/?hl=fr\"]}]}<\/script>\n<!-- \/ Yoast SEO plugin. -->","yoast_head_json":{"title":"Dr. Renaud - CellD\u00e9fense FPS 50 poudre protection solaire - Spa Sant\u00e9 Le N\u00e9nuphar","description":"CellD\u00e9fense SPF 50 poudre protection solaire - Claire - Combat efficacement les dommages caus\u00e9s par les UVA, UVB, IR et la lumi\u00e8re visible. Visitez-nous !","robots":{"index":"noindex","follow":"follow","max-snippet":"max-snippet:-1","max-image-preview":"max-image-preview:large","max-video-preview":"max-video-preview:-1"},"og_locale":"fr_CA","og_type":"article","og_title":"Dr. Renaud - CellD\u00e9fense FPS 50 poudre protection solaire - Spa Sant\u00e9 Le N\u00e9nuphar","og_description":"CellD\u00e9fense SPF 50 poudre protection solaire - Claire - Combat efficacement les dommages caus\u00e9s par les UVA, UVB, IR et la lumi\u00e8re visible. Visitez-nous !","og_url":"https:\/\/publissoft.dev\/spasante\/produit\/celldefense-fps-50-protection-solaire-spa-sante-le-nenuphar\/","og_site_name":"Spa Sant\u00e9 Le N\u00e9nuphar","article_publisher":"https:\/\/www.facebook.com\/SpaSanteLeNenuphar","article_modified_time":"2024-01-30T16:27:54+00:00","og_image":[{"width":800,"height":800,"url":"https:\/\/publissoft.dev\/spasante\/wp-content\/uploads\/2022\/01\/CellDefenseFPS50poudreprotectionsolaire-Claire.jpg","type":"image\/jpeg"}],"twitter_card":"summary_large_image","twitter_misc":{"Estimation du temps de lecture":"2 minutes"},"schema":{"@context":"https:\/\/schema.org","@graph":[{"@type":"WebPage","@id":"https:\/\/publissoft.dev\/spasante\/produit\/celldefense-fps-50-protection-solaire-spa-sante-le-nenuphar\/","url":"https:\/\/publissoft.dev\/spasante\/produit\/celldefense-fps-50-protection-solaire-spa-sante-le-nenuphar\/","name":"Dr. Renaud - CellD\u00e9fense FPS 50 poudre protection solaire - Spa Sant\u00e9 Le N\u00e9nuphar","isPartOf":{"@id":"https:\/\/publissoft.dev\/spasante\/#website"},"primaryImageOfPage":{"@id":"https:\/\/publissoft.dev\/spasante\/produit\/celldefense-fps-50-protection-solaire-spa-sante-le-nenuphar\/#primaryimage"},"image":{"@id":"https:\/\/publissoft.dev\/spasante\/produit\/celldefense-fps-50-protection-solaire-spa-sante-le-nenuphar\/#primaryimage"},"thumbnailUrl":"https:\/\/publissoft.dev\/spasante\/wp-content\/uploads\/2022\/01\/CellDefenseFPS50poudreprotectionsolaire-Claire.jpg","datePublished":"2022-01-27T19:35:12+00:00","dateModified":"2024-01-30T16:27:54+00:00","description":"CellD\u00e9fense SPF 50 poudre protection solaire - Claire - Combat efficacement les dommages caus\u00e9s par les UVA, UVB, IR et la lumi\u00e8re visible. Visitez-nous !","breadcrumb":{"@id":"https:\/\/publissoft.dev\/spasante\/produit\/celldefense-fps-50-protection-solaire-spa-sante-le-nenuphar\/#breadcrumb"},"inLanguage":"fr-CA","potentialAction":[{"@type":"ReadAction","target":["https:\/\/publissoft.dev\/spasante\/produit\/celldefense-fps-50-protection-solaire-spa-sante-le-nenuphar\/"]}]},{"@type":"ImageObject","inLanguage":"fr-CA","@id":"https:\/\/publissoft.dev\/spasante\/produit\/celldefense-fps-50-protection-solaire-spa-sante-le-nenuphar\/#primaryimage","url":"https:\/\/publissoft.dev\/spasante\/wp-content\/uploads\/2022\/01\/CellDefenseFPS50poudreprotectionsolaire-Claire.jpg","contentUrl":"https:\/\/publissoft.dev\/spasante\/wp-content\/uploads\/2022\/01\/CellDefenseFPS50poudreprotectionsolaire-Claire.jpg","width":800,"height":800},{"@type":"BreadcrumbList","@id":"https:\/\/publissoft.dev\/spasante\/produit\/celldefense-fps-50-protection-solaire-spa-sante-le-nenuphar\/#breadcrumb","itemListElement":[{"@type":"ListItem","position":1,"name":"Accueil","item":"https:\/\/publissoft.dev\/spasante\/"},{"@type":"ListItem","position":2,"name":"Boutique","item":"https:\/\/publissoft.dev\/spasante\/boutique\/"},{"@type":"ListItem","position":3,"name":"Dr. Renaud &#8211; CellD\u00e9fense FPS 50 poudre protection solaire"}]},{"@type":"WebSite","@id":"https:\/\/publissoft.dev\/spasante\/#website","url":"https:\/\/publissoft.dev\/spasante\/","name":"Spa Sant\u00e9 Le N\u00e9nuphar","description":"","publisher":{"@id":"https:\/\/publissoft.dev\/spasante\/#organization"},"potentialAction":[{"@type":"SearchAction","target":{"@type":"EntryPoint","urlTemplate":"https:\/\/publissoft.dev\/spasante\/?s={search_term_string}"},"query-input":"required name=search_term_string"}],"inLanguage":"fr-CA"},{"@type":"Organization","@id":"https:\/\/publissoft.dev\/spasante\/#organization","name":"Spa Sant\u00e9 Le N\u00e9nuphar","url":"https:\/\/publissoft.dev\/spasante\/","logo":{"@type":"ImageObject","inLanguage":"fr-CA","@id":"https:\/\/publissoft.dev\/spasante\/#\/schema\/logo\/image\/","url":"https:\/\/publissoft.dev\/spasante\/wp-content\/uploads\/2022\/11\/logo-jpg.jpeg","contentUrl":"https:\/\/publissoft.dev\/spasante\/wp-content\/uploads\/2022\/11\/logo-jpg.jpeg","width":900,"height":900,"caption":"Spa Sant\u00e9 Le N\u00e9nuphar"},"image":{"@id":"https:\/\/publissoft.dev\/spasante\/#\/schema\/logo\/image\/"},"sameAs":["https:\/\/www.facebook.com\/SpaSanteLeNenuphar","https:\/\/www.instagram.com\/spasantelenenuphar\/?hl=fr"]}]}},"_links":{"self":[{"href":"https:\/\/publissoft.dev\/spasante\/wp-json\/wp\/v2\/product\/380","targetHints":{"allow":["GET"]}}],"collection":[{"href":"https:\/\/publissoft.dev\/spasante\/wp-json\/wp\/v2\/product"}],"about":[{"href":"https:\/\/publissoft.dev\/spasante\/wp-json\/wp\/v2\/types\/product"}],"wp:featuredmedia":[{"embeddable":true,"href":"https:\/\/publissoft.dev\/spasante\/wp-json\/wp\/v2\/media\/415"}],"wp:attachment":[{"href":"https:\/\/publissoft.dev\/spasante\/wp-json\/wp\/v2\/media?parent=380"}],"wp:term":[{"taxonomy":"product_cat","embeddable":true,"href":"https:\/\/publissoft.dev\/spasante\/wp-json\/wp\/v2\/product_cat?post=380"},{"taxonomy":"product_tag","embeddable":true,"href":"https:\/\/publissoft.dev\/spasante\/wp-json\/wp\/v2\/product_tag?post=380"},{"taxonomy":"giftcard-category","embeddable":true,"href":"https:\/\/publissoft.dev\/spasante\/wp-json\/wp\/v2\/giftcard-category?post=380"}],"curies":[{"name":"wp","href":"https:\/\/api.w.org\/{rel}","templated":true}]}}