{"id":3873,"date":"2022-11-08T14:08:48","date_gmt":"2022-11-08T19:08:48","guid":{"rendered":"https:\/\/publissoft.dev\/spasante\/?post_type=product&#038;p=3873"},"modified":"2023-07-10T13:16:32","modified_gmt":"2023-07-10T17:16:32","slug":"photoepilation-jambes-completes-et-bikini-bresilien","status":"publish","type":"product","link":"https:\/\/publissoft.dev\/spasante\/produit\/photoepilation-jambes-completes-et-bikini-bresilien\/","title":{"rendered":"Photo\u00c9pilation &#8211; Jambes Compl\u00e8tes et Bikini Br\u00e9silien"},"content":{"rendered":"<p>Forfait d&#8217;\u00e9pilation au laser SharpLight Jambes Compl\u00e8tes et Bikini Br\u00e9silien<\/p>\n","protected":false},"excerpt":{"rendered":"<p>Forfait d&#8217;\u00e9pilation au laser SharpLight Jambes Compl\u00e8tes et Bikini Br\u00e9silien<\/p>\n","protected":false},"featured_media":3842,"template":"","meta":{"_acf_changed":false,"_genesis_hide_title":false,"_genesis_hide_breadcrumbs":false,"_genesis_hide_singular_image":false,"_genesis_hide_footer_widgets":false,"_genesis_custom_body_class":"","_genesis_custom_post_class":"","_genesis_layout":""},"product_cat":[53,43,65],"product_tag":[],"giftcard-category":[],"class_list":{"0":"post-3873","1":"product","2":"type-product","3":"status-publish","4":"has-post-thumbnail","6":"product_cat-gift-card","7":"product_cat-soins","8":"product_cat-photoepilation","9":"entry","11":"first","12":"instock","13":"taxable","14":"shipping-taxable","15":"purchasable","16":"product-type-simple"},"acf":[],"yoast_head":"<!-- This site is optimized with the Yoast SEO plugin v22.5 - https:\/\/yoast.com\/wordpress\/plugins\/seo\/ -->\n<title>Photo\u00c9pilation - Jambes Compl\u00e8tes et Bikini Br\u00e9silien - Spa Sant\u00e9 Le N\u00e9nuphar<\/title>\n<meta name=\"description\" content=\"Forfait d&#039;\u00e9pilation au laser SharpLight Jambes Compl\u00e8tes et Bikini Br\u00e9silien\" \/>\n<meta name=\"robots\" content=\"noindex, follow, max-snippet:-1, max-image-preview:large, max-video-preview:-1\" \/>\n<meta property=\"og:locale\" content=\"fr_CA\" \/>\n<meta property=\"og:type\" content=\"article\" \/>\n<meta property=\"og:title\" content=\"Photo\u00c9pilation - Jambes Compl\u00e8tes et Bikini Br\u00e9silien - Spa Sant\u00e9 Le N\u00e9nuphar\" \/>\n<meta property=\"og:description\" content=\"Forfait d&#039;\u00e9pilation au laser SharpLight Jambes Compl\u00e8tes et Bikini Br\u00e9silien\" \/>\n<meta property=\"og:url\" content=\"https:\/\/publissoft.dev\/spasante\/produit\/photoepilation-jambes-completes-et-bikini-bresilien\/\" \/>\n<meta property=\"og:site_name\" content=\"Spa Sant\u00e9 Le N\u00e9nuphar\" \/>\n<meta property=\"article:publisher\" content=\"https:\/\/www.facebook.com\/SpaSanteLeNenuphar\" \/>\n<meta property=\"article:modified_time\" content=\"2023-07-10T17:16:32+00:00\" \/>\n<meta property=\"og:image\" content=\"https:\/\/publissoft.dev\/spasante\/wp-content\/uploads\/2022\/11\/demi-jambes-et-aines.jpg\" \/>\n\t<meta property=\"og:image:width\" content=\"728\" \/>\n\t<meta property=\"og:image:height\" content=\"486\" \/>\n\t<meta property=\"og:image:type\" content=\"image\/jpeg\" \/>\n<meta name=\"twitter:card\" content=\"summary_large_image\" \/>\n<meta name=\"twitter:label1\" content=\"Estimation du temps de lecture\" \/>\n\t<meta name=\"twitter:data1\" content=\"1 minute\" \/>\n<script type=\"application\/ld+json\" class=\"yoast-schema-graph\">{\"@context\":\"https:\/\/schema.org\",\"@graph\":[{\"@type\":\"WebPage\",\"@id\":\"https:\/\/publissoft.dev\/spasante\/produit\/photoepilation-jambes-completes-et-bikini-bresilien\/\",\"url\":\"https:\/\/publissoft.dev\/spasante\/produit\/photoepilation-jambes-completes-et-bikini-bresilien\/\",\"name\":\"Photo\u00c9pilation - Jambes Compl\u00e8tes et Bikini Br\u00e9silien - Spa Sant\u00e9 Le N\u00e9nuphar\",\"isPartOf\":{\"@id\":\"https:\/\/publissoft.dev\/spasante\/#website\"},\"primaryImageOfPage\":{\"@id\":\"https:\/\/publissoft.dev\/spasante\/produit\/photoepilation-jambes-completes-et-bikini-bresilien\/#primaryimage\"},\"image\":{\"@id\":\"https:\/\/publissoft.dev\/spasante\/produit\/photoepilation-jambes-completes-et-bikini-bresilien\/#primaryimage\"},\"thumbnailUrl\":\"https:\/\/publissoft.dev\/spasante\/wp-content\/uploads\/2022\/11\/demi-jambes-et-aines.jpg\",\"datePublished\":\"2022-11-08T19:08:48+00:00\",\"dateModified\":\"2023-07-10T17:16:32+00:00\",\"description\":\"Forfait d'\u00e9pilation au laser SharpLight Jambes Compl\u00e8tes et Bikini Br\u00e9silien\",\"breadcrumb\":{\"@id\":\"https:\/\/publissoft.dev\/spasante\/produit\/photoepilation-jambes-completes-et-bikini-bresilien\/#breadcrumb\"},\"inLanguage\":\"fr-CA\",\"potentialAction\":[{\"@type\":\"ReadAction\",\"target\":[\"https:\/\/publissoft.dev\/spasante\/produit\/photoepilation-jambes-completes-et-bikini-bresilien\/\"]}]},{\"@type\":\"ImageObject\",\"inLanguage\":\"fr-CA\",\"@id\":\"https:\/\/publissoft.dev\/spasante\/produit\/photoepilation-jambes-completes-et-bikini-bresilien\/#primaryimage\",\"url\":\"https:\/\/publissoft.dev\/spasante\/wp-content\/uploads\/2022\/11\/demi-jambes-et-aines.jpg\",\"contentUrl\":\"https:\/\/publissoft.dev\/spasante\/wp-content\/uploads\/2022\/11\/demi-jambes-et-aines.jpg\",\"width\":728,\"height\":486},{\"@type\":\"BreadcrumbList\",\"@id\":\"https:\/\/publissoft.dev\/spasante\/produit\/photoepilation-jambes-completes-et-bikini-bresilien\/#breadcrumb\",\"itemListElement\":[{\"@type\":\"ListItem\",\"position\":1,\"name\":\"Accueil\",\"item\":\"https:\/\/publissoft.dev\/spasante\/\"},{\"@type\":\"ListItem\",\"position\":2,\"name\":\"Boutique\",\"item\":\"https:\/\/publissoft.dev\/spasante\/boutique\/\"},{\"@type\":\"ListItem\",\"position\":3,\"name\":\"Photo\u00c9pilation &#8211; Jambes Compl\u00e8tes et Bikini Br\u00e9silien\"}]},{\"@type\":\"WebSite\",\"@id\":\"https:\/\/publissoft.dev\/spasante\/#website\",\"url\":\"https:\/\/publissoft.dev\/spasante\/\",\"name\":\"Spa Sant\u00e9 Le N\u00e9nuphar\",\"description\":\"\",\"publisher\":{\"@id\":\"https:\/\/publissoft.dev\/spasante\/#organization\"},\"potentialAction\":[{\"@type\":\"SearchAction\",\"target\":{\"@type\":\"EntryPoint\",\"urlTemplate\":\"https:\/\/publissoft.dev\/spasante\/?s={search_term_string}\"},\"query-input\":\"required name=search_term_string\"}],\"inLanguage\":\"fr-CA\"},{\"@type\":\"Organization\",\"@id\":\"https:\/\/publissoft.dev\/spasante\/#organization\",\"name\":\"Spa Sant\u00e9 Le N\u00e9nuphar\",\"url\":\"https:\/\/publissoft.dev\/spasante\/\",\"logo\":{\"@type\":\"ImageObject\",\"inLanguage\":\"fr-CA\",\"@id\":\"https:\/\/publissoft.dev\/spasante\/#\/schema\/logo\/image\/\",\"url\":\"https:\/\/publissoft.dev\/spasante\/wp-content\/uploads\/2022\/11\/logo-jpg.jpeg\",\"contentUrl\":\"https:\/\/publissoft.dev\/spasante\/wp-content\/uploads\/2022\/11\/logo-jpg.jpeg\",\"width\":900,\"height\":900,\"caption\":\"Spa Sant\u00e9 Le N\u00e9nuphar\"},\"image\":{\"@id\":\"https:\/\/publissoft.dev\/spasante\/#\/schema\/logo\/image\/\"},\"sameAs\":[\"https:\/\/www.facebook.com\/SpaSanteLeNenuphar\",\"https:\/\/www.instagram.com\/spasantelenenuphar\/?hl=fr\"]}]}<\/script>\n<!-- \/ Yoast SEO plugin. -->","yoast_head_json":{"title":"Photo\u00c9pilation - Jambes Compl\u00e8tes et Bikini Br\u00e9silien - Spa Sant\u00e9 Le N\u00e9nuphar","description":"Forfait d'\u00e9pilation au laser SharpLight Jambes Compl\u00e8tes et Bikini Br\u00e9silien","robots":{"index":"noindex","follow":"follow","max-snippet":"max-snippet:-1","max-image-preview":"max-image-preview:large","max-video-preview":"max-video-preview:-1"},"og_locale":"fr_CA","og_type":"article","og_title":"Photo\u00c9pilation - Jambes Compl\u00e8tes et Bikini Br\u00e9silien - Spa Sant\u00e9 Le N\u00e9nuphar","og_description":"Forfait d'\u00e9pilation au laser SharpLight Jambes Compl\u00e8tes et Bikini Br\u00e9silien","og_url":"https:\/\/publissoft.dev\/spasante\/produit\/photoepilation-jambes-completes-et-bikini-bresilien\/","og_site_name":"Spa Sant\u00e9 Le N\u00e9nuphar","article_publisher":"https:\/\/www.facebook.com\/SpaSanteLeNenuphar","article_modified_time":"2023-07-10T17:16:32+00:00","og_image":[{"width":728,"height":486,"url":"https:\/\/publissoft.dev\/spasante\/wp-content\/uploads\/2022\/11\/demi-jambes-et-aines.jpg","type":"image\/jpeg"}],"twitter_card":"summary_large_image","twitter_misc":{"Estimation du temps de lecture":"1 minute"},"schema":{"@context":"https:\/\/schema.org","@graph":[{"@type":"WebPage","@id":"https:\/\/publissoft.dev\/spasante\/produit\/photoepilation-jambes-completes-et-bikini-bresilien\/","url":"https:\/\/publissoft.dev\/spasante\/produit\/photoepilation-jambes-completes-et-bikini-bresilien\/","name":"Photo\u00c9pilation - Jambes Compl\u00e8tes et Bikini Br\u00e9silien - Spa Sant\u00e9 Le N\u00e9nuphar","isPartOf":{"@id":"https:\/\/publissoft.dev\/spasante\/#website"},"primaryImageOfPage":{"@id":"https:\/\/publissoft.dev\/spasante\/produit\/photoepilation-jambes-completes-et-bikini-bresilien\/#primaryimage"},"image":{"@id":"https:\/\/publissoft.dev\/spasante\/produit\/photoepilation-jambes-completes-et-bikini-bresilien\/#primaryimage"},"thumbnailUrl":"https:\/\/publissoft.dev\/spasante\/wp-content\/uploads\/2022\/11\/demi-jambes-et-aines.jpg","datePublished":"2022-11-08T19:08:48+00:00","dateModified":"2023-07-10T17:16:32+00:00","description":"Forfait d'\u00e9pilation au laser SharpLight Jambes Compl\u00e8tes et Bikini Br\u00e9silien","breadcrumb":{"@id":"https:\/\/publissoft.dev\/spasante\/produit\/photoepilation-jambes-completes-et-bikini-bresilien\/#breadcrumb"},"inLanguage":"fr-CA","potentialAction":[{"@type":"ReadAction","target":["https:\/\/publissoft.dev\/spasante\/produit\/photoepilation-jambes-completes-et-bikini-bresilien\/"]}]},{"@type":"ImageObject","inLanguage":"fr-CA","@id":"https:\/\/publissoft.dev\/spasante\/produit\/photoepilation-jambes-completes-et-bikini-bresilien\/#primaryimage","url":"https:\/\/publissoft.dev\/spasante\/wp-content\/uploads\/2022\/11\/demi-jambes-et-aines.jpg","contentUrl":"https:\/\/publissoft.dev\/spasante\/wp-content\/uploads\/2022\/11\/demi-jambes-et-aines.jpg","width":728,"height":486},{"@type":"BreadcrumbList","@id":"https:\/\/publissoft.dev\/spasante\/produit\/photoepilation-jambes-completes-et-bikini-bresilien\/#breadcrumb","itemListElement":[{"@type":"ListItem","position":1,"name":"Accueil","item":"https:\/\/publissoft.dev\/spasante\/"},{"@type":"ListItem","position":2,"name":"Boutique","item":"https:\/\/publissoft.dev\/spasante\/boutique\/"},{"@type":"ListItem","position":3,"name":"Photo\u00c9pilation &#8211; Jambes Compl\u00e8tes et Bikini Br\u00e9silien"}]},{"@type":"WebSite","@id":"https:\/\/publissoft.dev\/spasante\/#website","url":"https:\/\/publissoft.dev\/spasante\/","name":"Spa Sant\u00e9 Le N\u00e9nuphar","description":"","publisher":{"@id":"https:\/\/publissoft.dev\/spasante\/#organization"},"potentialAction":[{"@type":"SearchAction","target":{"@type":"EntryPoint","urlTemplate":"https:\/\/publissoft.dev\/spasante\/?s={search_term_string}"},"query-input":"required name=search_term_string"}],"inLanguage":"fr-CA"},{"@type":"Organization","@id":"https:\/\/publissoft.dev\/spasante\/#organization","name":"Spa Sant\u00e9 Le N\u00e9nuphar","url":"https:\/\/publissoft.dev\/spasante\/","logo":{"@type":"ImageObject","inLanguage":"fr-CA","@id":"https:\/\/publissoft.dev\/spasante\/#\/schema\/logo\/image\/","url":"https:\/\/publissoft.dev\/spasante\/wp-content\/uploads\/2022\/11\/logo-jpg.jpeg","contentUrl":"https:\/\/publissoft.dev\/spasante\/wp-content\/uploads\/2022\/11\/logo-jpg.jpeg","width":900,"height":900,"caption":"Spa Sant\u00e9 Le N\u00e9nuphar"},"image":{"@id":"https:\/\/publissoft.dev\/spasante\/#\/schema\/logo\/image\/"},"sameAs":["https:\/\/www.facebook.com\/SpaSanteLeNenuphar","https:\/\/www.instagram.com\/spasantelenenuphar\/?hl=fr"]}]}},"_links":{"self":[{"href":"https:\/\/publissoft.dev\/spasante\/wp-json\/wp\/v2\/product\/3873","targetHints":{"allow":["GET"]}}],"collection":[{"href":"https:\/\/publissoft.dev\/spasante\/wp-json\/wp\/v2\/product"}],"about":[{"href":"https:\/\/publissoft.dev\/spasante\/wp-json\/wp\/v2\/types\/product"}],"wp:featuredmedia":[{"embeddable":true,"href":"https:\/\/publissoft.dev\/spasante\/wp-json\/wp\/v2\/media\/3842"}],"wp:attachment":[{"href":"https:\/\/publissoft.dev\/spasante\/wp-json\/wp\/v2\/media?parent=3873"}],"wp:term":[{"taxonomy":"product_cat","embeddable":true,"href":"https:\/\/publissoft.dev\/spasante\/wp-json\/wp\/v2\/product_cat?post=3873"},{"taxonomy":"product_tag","embeddable":true,"href":"https:\/\/publissoft.dev\/spasante\/wp-json\/wp\/v2\/product_tag?post=3873"},{"taxonomy":"giftcard-category","embeddable":true,"href":"https:\/\/publissoft.dev\/spasante\/wp-json\/wp\/v2\/giftcard-category?post=3873"}],"curies":[{"name":"wp","href":"https:\/\/api.w.org\/{rel}","templated":true}]}}