{"id":392,"date":"2022-01-27T14:35:17","date_gmt":"2022-01-27T19:35:17","guid":{"rendered":"https:\/\/publissoft.dev\/spasante\/produit\/dr-renaud-clear-up-hydratant-anti-brillance\/"},"modified":"2023-12-05T15:28:20","modified_gmt":"2023-12-05T20:28:20","slug":"clear-up-hydratant-anti-brillance-spa-sante-le-nenuphar","status":"publish","type":"product","link":"https:\/\/publissoft.dev\/spasante\/produit\/clear-up-hydratant-anti-brillance-spa-sante-le-nenuphar\/","title":{"rendered":"Dr. Renaud &#8211; Clear Up \u2013 Hydratant anti-brillance \u00e9tape 3"},"content":{"rendered":"<div class=\"descProd\" data-mce-fragment=\"1\">\n<p data-mce-fragment=\"1\"><strong data-mce-fragment=\"1\">Clear Up \u2013 Hydratant anti-brillance<\/strong><\/p>\n<p data-mce-fragment=\"1\">\u2212 R\u00e9duit la production de s\u00e9bum et r\u00e9\u00e9quilibre la flore cutan\u00e9e<br \/>\n\u2212 Apaise l\u2019\u00e9piderme<br \/>\n\u2212 Hydrate et adoucit la peau, et diminue son aspect luisant<br \/>\n\u2212 Laisse un fini mat et velout\u00e9<\/p>\n<p data-mce-fragment=\"1\">\u00c9mulgel ultral\u00e9ger 24 h a \u00e9t\u00e9 sp\u00e9cialement cr\u00e9\u00e9 pour les peaux acn\u00e9iques, d\u00e9shydrat\u00e9es ou non (mesure pr\u00e9ventive), et pour les peaux com\u00e9doniennes. Il combine des ingr\u00e9dients innovateurs et ultra-performants afin de lutter efficacement contre les imperfections et la brillance. Il laisse un fini mat et velout\u00e9 qui permet de r\u00e9aliser un maquillage impeccable et durable.<\/p>\n<p data-mce-fragment=\"1\"><strong data-mce-fragment=\"1\">Conseils d\u2019utilisation<\/strong><\/p>\n<p data-mce-fragment=\"1\">Le matin et\/ou le soir, apr\u00e8s avoir bien nettoy\u00e9 la peau avec le gel nettoyant Clear Up, appliquer une mince couche de solution contr\u00f4le anti-imperfections Clear Up sur les zones affect\u00e9es.<\/p>\n<p data-mce-fragment=\"1\">Terminer en appliquant une petite quantit\u00e9 de de produit sur le visage et le cou. R\u00e9partir uniform\u00e9ment et faire p\u00e9n\u00e9trer par de l\u00e9gers effleurages (ne pas masser). Attendre cinq minutes avant de proc\u00e9der au maquillage si d\u00e9sir\u00e9.<\/p>\n<p data-mce-fragment=\"1\"><strong>Format<\/strong> 50ml<\/p>\n<\/div>\n","protected":false},"excerpt":{"rendered":"<p>Clear Up \u2013 Hydratant anti-brillance \u2212 R\u00e9duit la production de s\u00e9bum et r\u00e9\u00e9quilibre la flore cutan\u00e9e \u2212 Apaise l\u2019\u00e9piderme \u2212 Hydrate et adoucit la peau, et diminue son aspect luisant \u2212 Laisse un fini mat et velout\u00e9 \u00c9mulgel ultral\u00e9ger 24 h a \u00e9t\u00e9 sp\u00e9cialement cr\u00e9\u00e9 pour les peaux acn\u00e9iques, d\u00e9shydrat\u00e9es ou non (mesure pr\u00e9ventive), et &hellip;<\/p>\n","protected":false},"featured_media":421,"template":"","meta":{"_acf_changed":false,"_genesis_hide_title":false,"_genesis_hide_breadcrumbs":false,"_genesis_hide_singular_image":false,"_genesis_hide_footer_widgets":false,"_genesis_custom_body_class":"","_genesis_custom_post_class":"","_genesis_layout":""},"product_cat":[53,37,31,77,46],"product_tag":[],"giftcard-category":[],"class_list":{"0":"post-392","1":"product","2":"type-product","3":"status-publish","4":"has-post-thumbnail","6":"product_cat-gift-card","7":"product_cat-produits","8":"product_cat-laboratoire-dr-renaud","9":"product_cat-produits-en-promotion","10":"product_cat-tous","11":"entry","13":"first","14":"instock","15":"taxable","16":"shipping-taxable","17":"purchasable","18":"product-type-simple"},"acf":[],"yoast_head":"<!-- This site is optimized with the Yoast SEO plugin v22.5 - https:\/\/yoast.com\/wordpress\/plugins\/seo\/ -->\n<title>Dr. Renaud - Clear Up \u2013 Hydratant anti-brillance \u00e9tape 3 - Spa Sant\u00e9 Le N\u00e9nuphar<\/title>\n<meta name=\"description\" content=\"Clear Up - Hydratant anti-brillance - R\u00e9duit la production de s\u00e9bum et r\u00e9\u00e9quilibre la flore cutan\u00e9e. Laisse un fini mat et velout\u00e9. Rendez-nous visite !\" \/>\n<meta name=\"robots\" content=\"noindex, follow, max-snippet:-1, max-image-preview:large, max-video-preview:-1\" \/>\n<meta property=\"og:locale\" content=\"fr_CA\" \/>\n<meta property=\"og:type\" content=\"article\" \/>\n<meta property=\"og:title\" content=\"Dr. Renaud - Clear Up \u2013 Hydratant anti-brillance \u00e9tape 3 - Spa Sant\u00e9 Le N\u00e9nuphar\" \/>\n<meta property=\"og:description\" content=\"Clear Up - Hydratant anti-brillance - R\u00e9duit la production de s\u00e9bum et r\u00e9\u00e9quilibre la flore cutan\u00e9e. Laisse un fini mat et velout\u00e9. Rendez-nous visite !\" \/>\n<meta property=\"og:url\" content=\"https:\/\/publissoft.dev\/spasante\/produit\/clear-up-hydratant-anti-brillance-spa-sante-le-nenuphar\/\" \/>\n<meta property=\"og:site_name\" content=\"Spa Sant\u00e9 Le N\u00e9nuphar\" \/>\n<meta property=\"article:publisher\" content=\"https:\/\/www.facebook.com\/SpaSanteLeNenuphar\" \/>\n<meta property=\"article:modified_time\" content=\"2023-12-05T20:28:20+00:00\" \/>\n<meta property=\"og:image\" content=\"https:\/\/publissoft.dev\/spasante\/wp-content\/uploads\/2022\/01\/ClearUp-Hydratantanti-brillance.jpg\" \/>\n\t<meta property=\"og:image:width\" content=\"800\" \/>\n\t<meta property=\"og:image:height\" content=\"800\" \/>\n\t<meta property=\"og:image:type\" content=\"image\/jpeg\" \/>\n<meta name=\"twitter:card\" content=\"summary_large_image\" \/>\n<meta name=\"twitter:label1\" content=\"Estimation du temps de lecture\" \/>\n\t<meta name=\"twitter:data1\" content=\"1 minute\" \/>\n<script type=\"application\/ld+json\" class=\"yoast-schema-graph\">{\"@context\":\"https:\/\/schema.org\",\"@graph\":[{\"@type\":\"WebPage\",\"@id\":\"https:\/\/publissoft.dev\/spasante\/produit\/clear-up-hydratant-anti-brillance-spa-sante-le-nenuphar\/\",\"url\":\"https:\/\/publissoft.dev\/spasante\/produit\/clear-up-hydratant-anti-brillance-spa-sante-le-nenuphar\/\",\"name\":\"Dr. Renaud - Clear Up \u2013 Hydratant anti-brillance \u00e9tape 3 - Spa Sant\u00e9 Le N\u00e9nuphar\",\"isPartOf\":{\"@id\":\"https:\/\/publissoft.dev\/spasante\/#website\"},\"primaryImageOfPage\":{\"@id\":\"https:\/\/publissoft.dev\/spasante\/produit\/clear-up-hydratant-anti-brillance-spa-sante-le-nenuphar\/#primaryimage\"},\"image\":{\"@id\":\"https:\/\/publissoft.dev\/spasante\/produit\/clear-up-hydratant-anti-brillance-spa-sante-le-nenuphar\/#primaryimage\"},\"thumbnailUrl\":\"https:\/\/publissoft.dev\/spasante\/wp-content\/uploads\/2022\/01\/ClearUp-Hydratantanti-brillance.jpg\",\"datePublished\":\"2022-01-27T19:35:17+00:00\",\"dateModified\":\"2023-12-05T20:28:20+00:00\",\"description\":\"Clear Up - Hydratant anti-brillance - R\u00e9duit la production de s\u00e9bum et r\u00e9\u00e9quilibre la flore cutan\u00e9e. Laisse un fini mat et velout\u00e9. Rendez-nous visite !\",\"breadcrumb\":{\"@id\":\"https:\/\/publissoft.dev\/spasante\/produit\/clear-up-hydratant-anti-brillance-spa-sante-le-nenuphar\/#breadcrumb\"},\"inLanguage\":\"fr-CA\",\"potentialAction\":[{\"@type\":\"ReadAction\",\"target\":[\"https:\/\/publissoft.dev\/spasante\/produit\/clear-up-hydratant-anti-brillance-spa-sante-le-nenuphar\/\"]}]},{\"@type\":\"ImageObject\",\"inLanguage\":\"fr-CA\",\"@id\":\"https:\/\/publissoft.dev\/spasante\/produit\/clear-up-hydratant-anti-brillance-spa-sante-le-nenuphar\/#primaryimage\",\"url\":\"https:\/\/publissoft.dev\/spasante\/wp-content\/uploads\/2022\/01\/ClearUp-Hydratantanti-brillance.jpg\",\"contentUrl\":\"https:\/\/publissoft.dev\/spasante\/wp-content\/uploads\/2022\/01\/ClearUp-Hydratantanti-brillance.jpg\",\"width\":800,\"height\":800},{\"@type\":\"BreadcrumbList\",\"@id\":\"https:\/\/publissoft.dev\/spasante\/produit\/clear-up-hydratant-anti-brillance-spa-sante-le-nenuphar\/#breadcrumb\",\"itemListElement\":[{\"@type\":\"ListItem\",\"position\":1,\"name\":\"Accueil\",\"item\":\"https:\/\/publissoft.dev\/spasante\/\"},{\"@type\":\"ListItem\",\"position\":2,\"name\":\"Boutique\",\"item\":\"https:\/\/publissoft.dev\/spasante\/boutique\/\"},{\"@type\":\"ListItem\",\"position\":3,\"name\":\"Dr. Renaud &#8211; Clear Up \u2013 Hydratant anti-brillance \u00e9tape 3\"}]},{\"@type\":\"WebSite\",\"@id\":\"https:\/\/publissoft.dev\/spasante\/#website\",\"url\":\"https:\/\/publissoft.dev\/spasante\/\",\"name\":\"Spa Sant\u00e9 Le N\u00e9nuphar\",\"description\":\"\",\"publisher\":{\"@id\":\"https:\/\/publissoft.dev\/spasante\/#organization\"},\"potentialAction\":[{\"@type\":\"SearchAction\",\"target\":{\"@type\":\"EntryPoint\",\"urlTemplate\":\"https:\/\/publissoft.dev\/spasante\/?s={search_term_string}\"},\"query-input\":\"required name=search_term_string\"}],\"inLanguage\":\"fr-CA\"},{\"@type\":\"Organization\",\"@id\":\"https:\/\/publissoft.dev\/spasante\/#organization\",\"name\":\"Spa Sant\u00e9 Le N\u00e9nuphar\",\"url\":\"https:\/\/publissoft.dev\/spasante\/\",\"logo\":{\"@type\":\"ImageObject\",\"inLanguage\":\"fr-CA\",\"@id\":\"https:\/\/publissoft.dev\/spasante\/#\/schema\/logo\/image\/\",\"url\":\"https:\/\/publissoft.dev\/spasante\/wp-content\/uploads\/2022\/11\/logo-jpg.jpeg\",\"contentUrl\":\"https:\/\/publissoft.dev\/spasante\/wp-content\/uploads\/2022\/11\/logo-jpg.jpeg\",\"width\":900,\"height\":900,\"caption\":\"Spa Sant\u00e9 Le N\u00e9nuphar\"},\"image\":{\"@id\":\"https:\/\/publissoft.dev\/spasante\/#\/schema\/logo\/image\/\"},\"sameAs\":[\"https:\/\/www.facebook.com\/SpaSanteLeNenuphar\",\"https:\/\/www.instagram.com\/spasantelenenuphar\/?hl=fr\"]}]}<\/script>\n<!-- \/ Yoast SEO plugin. -->","yoast_head_json":{"title":"Dr. Renaud - Clear Up \u2013 Hydratant anti-brillance \u00e9tape 3 - Spa Sant\u00e9 Le N\u00e9nuphar","description":"Clear Up - Hydratant anti-brillance - R\u00e9duit la production de s\u00e9bum et r\u00e9\u00e9quilibre la flore cutan\u00e9e. Laisse un fini mat et velout\u00e9. Rendez-nous visite !","robots":{"index":"noindex","follow":"follow","max-snippet":"max-snippet:-1","max-image-preview":"max-image-preview:large","max-video-preview":"max-video-preview:-1"},"og_locale":"fr_CA","og_type":"article","og_title":"Dr. Renaud - Clear Up \u2013 Hydratant anti-brillance \u00e9tape 3 - Spa Sant\u00e9 Le N\u00e9nuphar","og_description":"Clear Up - Hydratant anti-brillance - R\u00e9duit la production de s\u00e9bum et r\u00e9\u00e9quilibre la flore cutan\u00e9e. Laisse un fini mat et velout\u00e9. Rendez-nous visite !","og_url":"https:\/\/publissoft.dev\/spasante\/produit\/clear-up-hydratant-anti-brillance-spa-sante-le-nenuphar\/","og_site_name":"Spa Sant\u00e9 Le N\u00e9nuphar","article_publisher":"https:\/\/www.facebook.com\/SpaSanteLeNenuphar","article_modified_time":"2023-12-05T20:28:20+00:00","og_image":[{"width":800,"height":800,"url":"https:\/\/publissoft.dev\/spasante\/wp-content\/uploads\/2022\/01\/ClearUp-Hydratantanti-brillance.jpg","type":"image\/jpeg"}],"twitter_card":"summary_large_image","twitter_misc":{"Estimation du temps de lecture":"1 minute"},"schema":{"@context":"https:\/\/schema.org","@graph":[{"@type":"WebPage","@id":"https:\/\/publissoft.dev\/spasante\/produit\/clear-up-hydratant-anti-brillance-spa-sante-le-nenuphar\/","url":"https:\/\/publissoft.dev\/spasante\/produit\/clear-up-hydratant-anti-brillance-spa-sante-le-nenuphar\/","name":"Dr. Renaud - Clear Up \u2013 Hydratant anti-brillance \u00e9tape 3 - Spa Sant\u00e9 Le N\u00e9nuphar","isPartOf":{"@id":"https:\/\/publissoft.dev\/spasante\/#website"},"primaryImageOfPage":{"@id":"https:\/\/publissoft.dev\/spasante\/produit\/clear-up-hydratant-anti-brillance-spa-sante-le-nenuphar\/#primaryimage"},"image":{"@id":"https:\/\/publissoft.dev\/spasante\/produit\/clear-up-hydratant-anti-brillance-spa-sante-le-nenuphar\/#primaryimage"},"thumbnailUrl":"https:\/\/publissoft.dev\/spasante\/wp-content\/uploads\/2022\/01\/ClearUp-Hydratantanti-brillance.jpg","datePublished":"2022-01-27T19:35:17+00:00","dateModified":"2023-12-05T20:28:20+00:00","description":"Clear Up - Hydratant anti-brillance - R\u00e9duit la production de s\u00e9bum et r\u00e9\u00e9quilibre la flore cutan\u00e9e. Laisse un fini mat et velout\u00e9. Rendez-nous visite !","breadcrumb":{"@id":"https:\/\/publissoft.dev\/spasante\/produit\/clear-up-hydratant-anti-brillance-spa-sante-le-nenuphar\/#breadcrumb"},"inLanguage":"fr-CA","potentialAction":[{"@type":"ReadAction","target":["https:\/\/publissoft.dev\/spasante\/produit\/clear-up-hydratant-anti-brillance-spa-sante-le-nenuphar\/"]}]},{"@type":"ImageObject","inLanguage":"fr-CA","@id":"https:\/\/publissoft.dev\/spasante\/produit\/clear-up-hydratant-anti-brillance-spa-sante-le-nenuphar\/#primaryimage","url":"https:\/\/publissoft.dev\/spasante\/wp-content\/uploads\/2022\/01\/ClearUp-Hydratantanti-brillance.jpg","contentUrl":"https:\/\/publissoft.dev\/spasante\/wp-content\/uploads\/2022\/01\/ClearUp-Hydratantanti-brillance.jpg","width":800,"height":800},{"@type":"BreadcrumbList","@id":"https:\/\/publissoft.dev\/spasante\/produit\/clear-up-hydratant-anti-brillance-spa-sante-le-nenuphar\/#breadcrumb","itemListElement":[{"@type":"ListItem","position":1,"name":"Accueil","item":"https:\/\/publissoft.dev\/spasante\/"},{"@type":"ListItem","position":2,"name":"Boutique","item":"https:\/\/publissoft.dev\/spasante\/boutique\/"},{"@type":"ListItem","position":3,"name":"Dr. Renaud &#8211; Clear Up \u2013 Hydratant anti-brillance \u00e9tape 3"}]},{"@type":"WebSite","@id":"https:\/\/publissoft.dev\/spasante\/#website","url":"https:\/\/publissoft.dev\/spasante\/","name":"Spa Sant\u00e9 Le N\u00e9nuphar","description":"","publisher":{"@id":"https:\/\/publissoft.dev\/spasante\/#organization"},"potentialAction":[{"@type":"SearchAction","target":{"@type":"EntryPoint","urlTemplate":"https:\/\/publissoft.dev\/spasante\/?s={search_term_string}"},"query-input":"required name=search_term_string"}],"inLanguage":"fr-CA"},{"@type":"Organization","@id":"https:\/\/publissoft.dev\/spasante\/#organization","name":"Spa Sant\u00e9 Le N\u00e9nuphar","url":"https:\/\/publissoft.dev\/spasante\/","logo":{"@type":"ImageObject","inLanguage":"fr-CA","@id":"https:\/\/publissoft.dev\/spasante\/#\/schema\/logo\/image\/","url":"https:\/\/publissoft.dev\/spasante\/wp-content\/uploads\/2022\/11\/logo-jpg.jpeg","contentUrl":"https:\/\/publissoft.dev\/spasante\/wp-content\/uploads\/2022\/11\/logo-jpg.jpeg","width":900,"height":900,"caption":"Spa Sant\u00e9 Le N\u00e9nuphar"},"image":{"@id":"https:\/\/publissoft.dev\/spasante\/#\/schema\/logo\/image\/"},"sameAs":["https:\/\/www.facebook.com\/SpaSanteLeNenuphar","https:\/\/www.instagram.com\/spasantelenenuphar\/?hl=fr"]}]}},"_links":{"self":[{"href":"https:\/\/publissoft.dev\/spasante\/wp-json\/wp\/v2\/product\/392","targetHints":{"allow":["GET"]}}],"collection":[{"href":"https:\/\/publissoft.dev\/spasante\/wp-json\/wp\/v2\/product"}],"about":[{"href":"https:\/\/publissoft.dev\/spasante\/wp-json\/wp\/v2\/types\/product"}],"wp:featuredmedia":[{"embeddable":true,"href":"https:\/\/publissoft.dev\/spasante\/wp-json\/wp\/v2\/media\/421"}],"wp:attachment":[{"href":"https:\/\/publissoft.dev\/spasante\/wp-json\/wp\/v2\/media?parent=392"}],"wp:term":[{"taxonomy":"product_cat","embeddable":true,"href":"https:\/\/publissoft.dev\/spasante\/wp-json\/wp\/v2\/product_cat?post=392"},{"taxonomy":"product_tag","embeddable":true,"href":"https:\/\/publissoft.dev\/spasante\/wp-json\/wp\/v2\/product_tag?post=392"},{"taxonomy":"giftcard-category","embeddable":true,"href":"https:\/\/publissoft.dev\/spasante\/wp-json\/wp\/v2\/giftcard-category?post=392"}],"curies":[{"name":"wp","href":"https:\/\/api.w.org\/{rel}","templated":true}]}}