{"id":3935,"date":"2022-11-09T14:49:57","date_gmt":"2022-11-09T19:49:57","guid":{"rendered":"https:\/\/publissoft.dev\/spasante\/?post_type=product&#038;p=3935"},"modified":"2023-04-17T14:38:05","modified_gmt":"2023-04-17T18:38:05","slug":"podosense-solution-fatigue-et-lourdeur-lavande-cypres-120ml","status":"publish","type":"product","link":"https:\/\/publissoft.dev\/spasante\/produit\/podosense-solution-fatigue-et-lourdeur-lavande-cypres-120ml\/","title":{"rendered":"PodoSens\u00e9 &#8211; Solution Fatigue et Lourdeur Lavande &#038; Cypr\u00e8s 120ml"},"content":{"rendered":"<p>SOLUTION Fatigue &amp; Lourdeur (Lavande &amp; Cypr\u00e8s) offre un soulagement notable lorsque vous souffrez d\u2019\u0153d\u00e8me aux mains, aux pieds, aux chevilles et aux jambes. Les propri\u00e9t\u00e9s apaisantes, calmantes et d\u00e9contractantes de la lavande favo\u00adrisent le bien-\u00eatre et le confort. Gr\u00e2ce \u00e0 ses propri\u00e9t\u00e9s aussi d\u00e9contractantes, les muscles des jambes seront d\u00e9tendus, les mains et les pieds seront d\u00e9gonfl\u00e9s et plus l\u00e9gers.<\/p>\n<h2>Mode d\u2019application :<\/h2>\n<p><strong>\u00a0<\/strong><\/p>\n<p>Appliquer une noisette de\u00a0Solution\u00a0Fatigue &amp; Lourdeur\u00a0sur les mains, les jambes et les pieds. Masser doucement jusqu\u2019\u00e0 p\u00e9n\u00e9tration compl\u00e8te du produit. R\u00e9p\u00e9tez au besoin au cours de la journ\u00e9e. Convient aux diab\u00e9tiques, cardiaques et autres conditions de sant\u00e9.<\/p>\n","protected":false},"excerpt":{"rendered":"<p>SOLUTION Fatigue &amp; Lourdeur (Lavande &amp; Cypr\u00e8s) offre un soulagement notable lorsque vous souffrez d\u2019\u0153d\u00e8me aux mains, aux pieds, aux chevilles et aux jambes. Les propri\u00e9t\u00e9s apaisantes, calmantes et d\u00e9contractantes de la lavande favo\u00adrisent le bien-\u00eatre et le confort. Gr\u00e2ce \u00e0 ses propri\u00e9t\u00e9s aussi d\u00e9contractantes, les muscles des jambes seront d\u00e9tendus, les mains et les &hellip;<\/p>\n","protected":false},"featured_media":3936,"template":"","meta":{"_acf_changed":false,"_genesis_hide_title":false,"_genesis_hide_breadcrumbs":false,"_genesis_hide_singular_image":false,"_genesis_hide_footer_widgets":false,"_genesis_custom_body_class":"","_genesis_custom_post_class":"","_genesis_layout":""},"product_cat":[37,36],"product_tag":[],"giftcard-category":[],"class_list":{"0":"post-3935","1":"product","2":"type-product","3":"status-publish","4":"has-post-thumbnail","6":"product_cat-produits","7":"product_cat-podosense","8":"entry","10":"first","11":"instock","12":"taxable","13":"shipping-taxable","14":"purchasable","15":"product-type-simple"},"acf":[],"yoast_head":"<!-- This site is optimized with the Yoast SEO plugin v22.5 - https:\/\/yoast.com\/wordpress\/plugins\/seo\/ -->\n<title>PodoSens\u00e9 - Solution Fatigue et Lourdeur Lavande &amp; Cypr\u00e8s 120ml - Spa Sant\u00e9 Le N\u00e9nuphar<\/title>\n<meta name=\"description\" content=\"SOLUTION Fatigue &amp; Lourdeur (Lavande &amp; Cypr\u00e8s) offre un soulagement notable lorsque vous souffrez d\u2019\u0153d\u00e8me aux mains, aux pieds, aux chevilles et aux jambes. Les propri\u00e9t\u00e9s apaisantes, calmantes et d\u00e9contractantes de la lavande favo\u00adrisent le bien-\u00eatre et le confort. Gr\u00e2ce \u00e0 ses propri\u00e9t\u00e9s aussi d\u00e9contractantes, les muscles des jambes seront d\u00e9tendus, les mains et les pieds seront d\u00e9gonfl\u00e9s et plus l\u00e9gers.\" \/>\n<meta name=\"robots\" content=\"noindex, follow, max-snippet:-1, max-image-preview:large, max-video-preview:-1\" \/>\n<meta property=\"og:locale\" content=\"fr_CA\" \/>\n<meta property=\"og:type\" content=\"article\" \/>\n<meta property=\"og:title\" content=\"PodoSens\u00e9 - Solution Fatigue et Lourdeur Lavande &amp; Cypr\u00e8s 120ml - Spa Sant\u00e9 Le N\u00e9nuphar\" \/>\n<meta property=\"og:description\" content=\"SOLUTION Fatigue &amp; Lourdeur (Lavande &amp; Cypr\u00e8s) offre un soulagement notable lorsque vous souffrez d\u2019\u0153d\u00e8me aux mains, aux pieds, aux chevilles et aux jambes. Les propri\u00e9t\u00e9s apaisantes, calmantes et d\u00e9contractantes de la lavande favo\u00adrisent le bien-\u00eatre et le confort. Gr\u00e2ce \u00e0 ses propri\u00e9t\u00e9s aussi d\u00e9contractantes, les muscles des jambes seront d\u00e9tendus, les mains et les pieds seront d\u00e9gonfl\u00e9s et plus l\u00e9gers.\" \/>\n<meta property=\"og:url\" content=\"https:\/\/publissoft.dev\/spasante\/produit\/podosense-solution-fatigue-et-lourdeur-lavande-cypres-120ml\/\" \/>\n<meta property=\"og:site_name\" content=\"Spa Sant\u00e9 Le N\u00e9nuphar\" \/>\n<meta property=\"article:publisher\" content=\"https:\/\/www.facebook.com\/SpaSanteLeNenuphar\" \/>\n<meta property=\"article:modified_time\" content=\"2023-04-17T18:38:05+00:00\" \/>\n<meta property=\"og:image\" content=\"https:\/\/publissoft.dev\/spasante\/wp-content\/uploads\/2022\/11\/Solution-Fatigue-et-Lourdeur.jpg\" \/>\n\t<meta property=\"og:image:width\" content=\"980\" \/>\n\t<meta property=\"og:image:height\" content=\"980\" \/>\n\t<meta property=\"og:image:type\" content=\"image\/jpeg\" \/>\n<meta name=\"twitter:card\" content=\"summary_large_image\" \/>\n<meta name=\"twitter:label1\" content=\"Estimation du temps de lecture\" \/>\n\t<meta name=\"twitter:data1\" content=\"1 minute\" \/>\n<script type=\"application\/ld+json\" class=\"yoast-schema-graph\">{\"@context\":\"https:\/\/schema.org\",\"@graph\":[{\"@type\":\"WebPage\",\"@id\":\"https:\/\/publissoft.dev\/spasante\/produit\/podosense-solution-fatigue-et-lourdeur-lavande-cypres-120ml\/\",\"url\":\"https:\/\/publissoft.dev\/spasante\/produit\/podosense-solution-fatigue-et-lourdeur-lavande-cypres-120ml\/\",\"name\":\"PodoSens\u00e9 - Solution Fatigue et Lourdeur Lavande & Cypr\u00e8s 120ml - Spa Sant\u00e9 Le N\u00e9nuphar\",\"isPartOf\":{\"@id\":\"https:\/\/publissoft.dev\/spasante\/#website\"},\"primaryImageOfPage\":{\"@id\":\"https:\/\/publissoft.dev\/spasante\/produit\/podosense-solution-fatigue-et-lourdeur-lavande-cypres-120ml\/#primaryimage\"},\"image\":{\"@id\":\"https:\/\/publissoft.dev\/spasante\/produit\/podosense-solution-fatigue-et-lourdeur-lavande-cypres-120ml\/#primaryimage\"},\"thumbnailUrl\":\"https:\/\/publissoft.dev\/spasante\/wp-content\/uploads\/2022\/11\/Solution-Fatigue-et-Lourdeur.jpg\",\"datePublished\":\"2022-11-09T19:49:57+00:00\",\"dateModified\":\"2023-04-17T18:38:05+00:00\",\"description\":\"SOLUTION Fatigue & Lourdeur (Lavande & Cypr\u00e8s) offre un soulagement notable lorsque vous souffrez d\u2019\u0153d\u00e8me aux mains, aux pieds, aux chevilles et aux jambes. Les propri\u00e9t\u00e9s apaisantes, calmantes et d\u00e9contractantes de la lavande favo\u00adrisent le bien-\u00eatre et le confort. Gr\u00e2ce \u00e0 ses propri\u00e9t\u00e9s aussi d\u00e9contractantes, les muscles des jambes seront d\u00e9tendus, les mains et les pieds seront d\u00e9gonfl\u00e9s et plus l\u00e9gers.\",\"breadcrumb\":{\"@id\":\"https:\/\/publissoft.dev\/spasante\/produit\/podosense-solution-fatigue-et-lourdeur-lavande-cypres-120ml\/#breadcrumb\"},\"inLanguage\":\"fr-CA\",\"potentialAction\":[{\"@type\":\"ReadAction\",\"target\":[\"https:\/\/publissoft.dev\/spasante\/produit\/podosense-solution-fatigue-et-lourdeur-lavande-cypres-120ml\/\"]}]},{\"@type\":\"ImageObject\",\"inLanguage\":\"fr-CA\",\"@id\":\"https:\/\/publissoft.dev\/spasante\/produit\/podosense-solution-fatigue-et-lourdeur-lavande-cypres-120ml\/#primaryimage\",\"url\":\"https:\/\/publissoft.dev\/spasante\/wp-content\/uploads\/2022\/11\/Solution-Fatigue-et-Lourdeur.jpg\",\"contentUrl\":\"https:\/\/publissoft.dev\/spasante\/wp-content\/uploads\/2022\/11\/Solution-Fatigue-et-Lourdeur.jpg\",\"width\":980,\"height\":980},{\"@type\":\"BreadcrumbList\",\"@id\":\"https:\/\/publissoft.dev\/spasante\/produit\/podosense-solution-fatigue-et-lourdeur-lavande-cypres-120ml\/#breadcrumb\",\"itemListElement\":[{\"@type\":\"ListItem\",\"position\":1,\"name\":\"Accueil\",\"item\":\"https:\/\/publissoft.dev\/spasante\/\"},{\"@type\":\"ListItem\",\"position\":2,\"name\":\"Boutique\",\"item\":\"https:\/\/publissoft.dev\/spasante\/boutique\/\"},{\"@type\":\"ListItem\",\"position\":3,\"name\":\"PodoSens\u00e9 &#8211; Solution Fatigue et Lourdeur Lavande &#038; Cypr\u00e8s 120ml\"}]},{\"@type\":\"WebSite\",\"@id\":\"https:\/\/publissoft.dev\/spasante\/#website\",\"url\":\"https:\/\/publissoft.dev\/spasante\/\",\"name\":\"Spa Sant\u00e9 Le N\u00e9nuphar\",\"description\":\"\",\"publisher\":{\"@id\":\"https:\/\/publissoft.dev\/spasante\/#organization\"},\"potentialAction\":[{\"@type\":\"SearchAction\",\"target\":{\"@type\":\"EntryPoint\",\"urlTemplate\":\"https:\/\/publissoft.dev\/spasante\/?s={search_term_string}\"},\"query-input\":\"required name=search_term_string\"}],\"inLanguage\":\"fr-CA\"},{\"@type\":\"Organization\",\"@id\":\"https:\/\/publissoft.dev\/spasante\/#organization\",\"name\":\"Spa Sant\u00e9 Le N\u00e9nuphar\",\"url\":\"https:\/\/publissoft.dev\/spasante\/\",\"logo\":{\"@type\":\"ImageObject\",\"inLanguage\":\"fr-CA\",\"@id\":\"https:\/\/publissoft.dev\/spasante\/#\/schema\/logo\/image\/\",\"url\":\"https:\/\/publissoft.dev\/spasante\/wp-content\/uploads\/2022\/11\/logo-jpg.jpeg\",\"contentUrl\":\"https:\/\/publissoft.dev\/spasante\/wp-content\/uploads\/2022\/11\/logo-jpg.jpeg\",\"width\":900,\"height\":900,\"caption\":\"Spa Sant\u00e9 Le N\u00e9nuphar\"},\"image\":{\"@id\":\"https:\/\/publissoft.dev\/spasante\/#\/schema\/logo\/image\/\"},\"sameAs\":[\"https:\/\/www.facebook.com\/SpaSanteLeNenuphar\",\"https:\/\/www.instagram.com\/spasantelenenuphar\/?hl=fr\"]}]}<\/script>\n<!-- \/ Yoast SEO plugin. -->","yoast_head_json":{"title":"PodoSens\u00e9 - Solution Fatigue et Lourdeur Lavande & Cypr\u00e8s 120ml - Spa Sant\u00e9 Le N\u00e9nuphar","description":"SOLUTION Fatigue & Lourdeur (Lavande & Cypr\u00e8s) offre un soulagement notable lorsque vous souffrez d\u2019\u0153d\u00e8me aux mains, aux pieds, aux chevilles et aux jambes. Les propri\u00e9t\u00e9s apaisantes, calmantes et d\u00e9contractantes de la lavande favo\u00adrisent le bien-\u00eatre et le confort. Gr\u00e2ce \u00e0 ses propri\u00e9t\u00e9s aussi d\u00e9contractantes, les muscles des jambes seront d\u00e9tendus, les mains et les pieds seront d\u00e9gonfl\u00e9s et plus l\u00e9gers.","robots":{"index":"noindex","follow":"follow","max-snippet":"max-snippet:-1","max-image-preview":"max-image-preview:large","max-video-preview":"max-video-preview:-1"},"og_locale":"fr_CA","og_type":"article","og_title":"PodoSens\u00e9 - Solution Fatigue et Lourdeur Lavande & Cypr\u00e8s 120ml - Spa Sant\u00e9 Le N\u00e9nuphar","og_description":"SOLUTION Fatigue & Lourdeur (Lavande & Cypr\u00e8s) offre un soulagement notable lorsque vous souffrez d\u2019\u0153d\u00e8me aux mains, aux pieds, aux chevilles et aux jambes. Les propri\u00e9t\u00e9s apaisantes, calmantes et d\u00e9contractantes de la lavande favo\u00adrisent le bien-\u00eatre et le confort. Gr\u00e2ce \u00e0 ses propri\u00e9t\u00e9s aussi d\u00e9contractantes, les muscles des jambes seront d\u00e9tendus, les mains et les pieds seront d\u00e9gonfl\u00e9s et plus l\u00e9gers.","og_url":"https:\/\/publissoft.dev\/spasante\/produit\/podosense-solution-fatigue-et-lourdeur-lavande-cypres-120ml\/","og_site_name":"Spa Sant\u00e9 Le N\u00e9nuphar","article_publisher":"https:\/\/www.facebook.com\/SpaSanteLeNenuphar","article_modified_time":"2023-04-17T18:38:05+00:00","og_image":[{"width":980,"height":980,"url":"https:\/\/publissoft.dev\/spasante\/wp-content\/uploads\/2022\/11\/Solution-Fatigue-et-Lourdeur.jpg","type":"image\/jpeg"}],"twitter_card":"summary_large_image","twitter_misc":{"Estimation du temps de lecture":"1 minute"},"schema":{"@context":"https:\/\/schema.org","@graph":[{"@type":"WebPage","@id":"https:\/\/publissoft.dev\/spasante\/produit\/podosense-solution-fatigue-et-lourdeur-lavande-cypres-120ml\/","url":"https:\/\/publissoft.dev\/spasante\/produit\/podosense-solution-fatigue-et-lourdeur-lavande-cypres-120ml\/","name":"PodoSens\u00e9 - Solution Fatigue et Lourdeur Lavande & Cypr\u00e8s 120ml - Spa Sant\u00e9 Le N\u00e9nuphar","isPartOf":{"@id":"https:\/\/publissoft.dev\/spasante\/#website"},"primaryImageOfPage":{"@id":"https:\/\/publissoft.dev\/spasante\/produit\/podosense-solution-fatigue-et-lourdeur-lavande-cypres-120ml\/#primaryimage"},"image":{"@id":"https:\/\/publissoft.dev\/spasante\/produit\/podosense-solution-fatigue-et-lourdeur-lavande-cypres-120ml\/#primaryimage"},"thumbnailUrl":"https:\/\/publissoft.dev\/spasante\/wp-content\/uploads\/2022\/11\/Solution-Fatigue-et-Lourdeur.jpg","datePublished":"2022-11-09T19:49:57+00:00","dateModified":"2023-04-17T18:38:05+00:00","description":"SOLUTION Fatigue & Lourdeur (Lavande & Cypr\u00e8s) offre un soulagement notable lorsque vous souffrez d\u2019\u0153d\u00e8me aux mains, aux pieds, aux chevilles et aux jambes. Les propri\u00e9t\u00e9s apaisantes, calmantes et d\u00e9contractantes de la lavande favo\u00adrisent le bien-\u00eatre et le confort. Gr\u00e2ce \u00e0 ses propri\u00e9t\u00e9s aussi d\u00e9contractantes, les muscles des jambes seront d\u00e9tendus, les mains et les pieds seront d\u00e9gonfl\u00e9s et plus l\u00e9gers.","breadcrumb":{"@id":"https:\/\/publissoft.dev\/spasante\/produit\/podosense-solution-fatigue-et-lourdeur-lavande-cypres-120ml\/#breadcrumb"},"inLanguage":"fr-CA","potentialAction":[{"@type":"ReadAction","target":["https:\/\/publissoft.dev\/spasante\/produit\/podosense-solution-fatigue-et-lourdeur-lavande-cypres-120ml\/"]}]},{"@type":"ImageObject","inLanguage":"fr-CA","@id":"https:\/\/publissoft.dev\/spasante\/produit\/podosense-solution-fatigue-et-lourdeur-lavande-cypres-120ml\/#primaryimage","url":"https:\/\/publissoft.dev\/spasante\/wp-content\/uploads\/2022\/11\/Solution-Fatigue-et-Lourdeur.jpg","contentUrl":"https:\/\/publissoft.dev\/spasante\/wp-content\/uploads\/2022\/11\/Solution-Fatigue-et-Lourdeur.jpg","width":980,"height":980},{"@type":"BreadcrumbList","@id":"https:\/\/publissoft.dev\/spasante\/produit\/podosense-solution-fatigue-et-lourdeur-lavande-cypres-120ml\/#breadcrumb","itemListElement":[{"@type":"ListItem","position":1,"name":"Accueil","item":"https:\/\/publissoft.dev\/spasante\/"},{"@type":"ListItem","position":2,"name":"Boutique","item":"https:\/\/publissoft.dev\/spasante\/boutique\/"},{"@type":"ListItem","position":3,"name":"PodoSens\u00e9 &#8211; Solution Fatigue et Lourdeur Lavande &#038; Cypr\u00e8s 120ml"}]},{"@type":"WebSite","@id":"https:\/\/publissoft.dev\/spasante\/#website","url":"https:\/\/publissoft.dev\/spasante\/","name":"Spa Sant\u00e9 Le N\u00e9nuphar","description":"","publisher":{"@id":"https:\/\/publissoft.dev\/spasante\/#organization"},"potentialAction":[{"@type":"SearchAction","target":{"@type":"EntryPoint","urlTemplate":"https:\/\/publissoft.dev\/spasante\/?s={search_term_string}"},"query-input":"required name=search_term_string"}],"inLanguage":"fr-CA"},{"@type":"Organization","@id":"https:\/\/publissoft.dev\/spasante\/#organization","name":"Spa Sant\u00e9 Le N\u00e9nuphar","url":"https:\/\/publissoft.dev\/spasante\/","logo":{"@type":"ImageObject","inLanguage":"fr-CA","@id":"https:\/\/publissoft.dev\/spasante\/#\/schema\/logo\/image\/","url":"https:\/\/publissoft.dev\/spasante\/wp-content\/uploads\/2022\/11\/logo-jpg.jpeg","contentUrl":"https:\/\/publissoft.dev\/spasante\/wp-content\/uploads\/2022\/11\/logo-jpg.jpeg","width":900,"height":900,"caption":"Spa Sant\u00e9 Le N\u00e9nuphar"},"image":{"@id":"https:\/\/publissoft.dev\/spasante\/#\/schema\/logo\/image\/"},"sameAs":["https:\/\/www.facebook.com\/SpaSanteLeNenuphar","https:\/\/www.instagram.com\/spasantelenenuphar\/?hl=fr"]}]}},"_links":{"self":[{"href":"https:\/\/publissoft.dev\/spasante\/wp-json\/wp\/v2\/product\/3935","targetHints":{"allow":["GET"]}}],"collection":[{"href":"https:\/\/publissoft.dev\/spasante\/wp-json\/wp\/v2\/product"}],"about":[{"href":"https:\/\/publissoft.dev\/spasante\/wp-json\/wp\/v2\/types\/product"}],"wp:featuredmedia":[{"embeddable":true,"href":"https:\/\/publissoft.dev\/spasante\/wp-json\/wp\/v2\/media\/3936"}],"wp:attachment":[{"href":"https:\/\/publissoft.dev\/spasante\/wp-json\/wp\/v2\/media?parent=3935"}],"wp:term":[{"taxonomy":"product_cat","embeddable":true,"href":"https:\/\/publissoft.dev\/spasante\/wp-json\/wp\/v2\/product_cat?post=3935"},{"taxonomy":"product_tag","embeddable":true,"href":"https:\/\/publissoft.dev\/spasante\/wp-json\/wp\/v2\/product_tag?post=3935"},{"taxonomy":"giftcard-category","embeddable":true,"href":"https:\/\/publissoft.dev\/spasante\/wp-json\/wp\/v2\/giftcard-category?post=3935"}],"curies":[{"name":"wp","href":"https:\/\/api.w.org\/{rel}","templated":true}]}}