{"id":3947,"date":"2022-11-10T18:19:20","date_gmt":"2022-11-10T23:19:20","guid":{"rendered":"https:\/\/publissoft.dev\/spasante\/?post_type=product&#038;p=3947"},"modified":"2024-02-22T09:12:11","modified_gmt":"2024-02-22T14:12:11","slug":"misencil-gel-contour-yeux-3","status":"publish","type":"product","link":"https:\/\/publissoft.dev\/spasante\/produit\/misencil-gel-contour-yeux-3\/","title":{"rendered":"MISENCIL &#8211; Gel Contour yeux #3"},"content":{"rendered":"<div id=\"product-description-short-4\" class=\"product-description-short typo sm-bottom\">\n<p>Compatible avec les extensions de cils, le Contour des yeux No.3 estompe les signes du temps et procure une sensation de d\u00e9tente imm\u00e9diate. Sa texture fluide et fraiche enrichie d\u2019un complexe m\u00ealant acide hyaluronique et extrait d\u2019algue pr\u00e9vient l\u2019apparition des cernes, raffermit et illumine le regard. Jour apr\u00e8s jour les traits sont plus d\u00e9tendus et liss\u00e9s.<\/p>\n<p>Acide hyaluronique boost\u00e9 par les extraits d\u2019algues chlorella vulgaris<\/p>\n<\/div>\n<div class=\"product-information light-box-bg sm-bottom\">\n<div class=\"product-actions\"><\/div>\n<\/div>\n<div class=\"product-additional-info\">\n<div class=\"social-sharing\">\n<p>&nbsp;<\/p>\n<\/div>\n<\/div>\n","protected":false},"excerpt":{"rendered":"<p>Compatible avec les extensions de cils, le Contour des yeux No.3 estompe les signes du temps et procure une sensation de d\u00e9tente imm\u00e9diate. Sa texture fluide et fraiche enrichie d\u2019un complexe m\u00ealant acide hyaluronique et extrait d\u2019algue pr\u00e9vient l\u2019apparition des cernes, raffermit et illumine le regard. Jour apr\u00e8s jour les traits sont plus d\u00e9tendus et &hellip;<\/p>\n","protected":false},"featured_media":3948,"template":"","meta":{"_acf_changed":false,"_genesis_hide_title":false,"_genesis_hide_breadcrumbs":false,"_genesis_hide_singular_image":false,"_genesis_hide_footer_widgets":false,"_genesis_custom_body_class":"","_genesis_custom_post_class":"","_genesis_layout":""},"product_cat":[37,34],"product_tag":[],"giftcard-category":[],"class_list":{"0":"post-3947","1":"product","2":"type-product","3":"status-publish","4":"has-post-thumbnail","6":"product_cat-produits","7":"product_cat-cils","8":"entry","10":"first","11":"instock","12":"taxable","13":"shipping-taxable","14":"purchasable","15":"product-type-simple"},"acf":[],"yoast_head":"<!-- This site is optimized with the Yoast SEO plugin v22.5 - https:\/\/yoast.com\/wordpress\/plugins\/seo\/ -->\n<title>MISENCIL - Gel Contour yeux #3 - Spa Sant\u00e9 Le N\u00e9nuphar<\/title>\n<meta name=\"description\" content=\"Compatible avec les extensions de cils, le Contour des yeux No.3 estompe les signes du temps et procure une sensation de d\u00e9tente imm\u00e9diate. Sa texture fluide et fraiche enrichie d\u2019un complexe m\u00ealant acide hyaluronique et extrait d\u2019algue pr\u00e9vient l\u2019apparition des cernes, raffermit et illumine le regard. Jour apr\u00e8s jour les traits sont plus d\u00e9tendus et liss\u00e9s.\" \/>\n<meta name=\"robots\" content=\"noindex, follow, max-snippet:-1, max-image-preview:large, max-video-preview:-1\" \/>\n<meta property=\"og:locale\" content=\"fr_CA\" \/>\n<meta property=\"og:type\" content=\"article\" \/>\n<meta property=\"og:title\" content=\"MISENCIL - Gel Contour yeux #3 - Spa Sant\u00e9 Le N\u00e9nuphar\" \/>\n<meta property=\"og:description\" content=\"Compatible avec les extensions de cils, le Contour des yeux No.3 estompe les signes du temps et procure une sensation de d\u00e9tente imm\u00e9diate. Sa texture fluide et fraiche enrichie d\u2019un complexe m\u00ealant acide hyaluronique et extrait d\u2019algue pr\u00e9vient l\u2019apparition des cernes, raffermit et illumine le regard. Jour apr\u00e8s jour les traits sont plus d\u00e9tendus et liss\u00e9s.\" \/>\n<meta property=\"og:url\" content=\"https:\/\/publissoft.dev\/spasante\/produit\/misencil-gel-contour-yeux-3\/\" \/>\n<meta property=\"og:site_name\" content=\"Spa Sant\u00e9 Le N\u00e9nuphar\" \/>\n<meta property=\"article:publisher\" content=\"https:\/\/www.facebook.com\/SpaSanteLeNenuphar\" \/>\n<meta property=\"article:modified_time\" content=\"2024-02-22T14:12:11+00:00\" \/>\n<meta property=\"og:image\" content=\"https:\/\/publissoft.dev\/spasante\/wp-content\/uploads\/2022\/11\/contour-3-misencil.jpg\" \/>\n\t<meta property=\"og:image:width\" content=\"1080\" \/>\n\t<meta property=\"og:image:height\" content=\"1080\" \/>\n\t<meta property=\"og:image:type\" content=\"image\/jpeg\" \/>\n<meta name=\"twitter:card\" content=\"summary_large_image\" \/>\n<meta name=\"twitter:label1\" content=\"Estimation du temps de lecture\" \/>\n\t<meta name=\"twitter:data1\" content=\"1 minute\" \/>\n<script type=\"application\/ld+json\" class=\"yoast-schema-graph\">{\"@context\":\"https:\/\/schema.org\",\"@graph\":[{\"@type\":\"WebPage\",\"@id\":\"https:\/\/publissoft.dev\/spasante\/produit\/misencil-gel-contour-yeux-3\/\",\"url\":\"https:\/\/publissoft.dev\/spasante\/produit\/misencil-gel-contour-yeux-3\/\",\"name\":\"MISENCIL - Gel Contour yeux #3 - Spa Sant\u00e9 Le N\u00e9nuphar\",\"isPartOf\":{\"@id\":\"https:\/\/publissoft.dev\/spasante\/#website\"},\"primaryImageOfPage\":{\"@id\":\"https:\/\/publissoft.dev\/spasante\/produit\/misencil-gel-contour-yeux-3\/#primaryimage\"},\"image\":{\"@id\":\"https:\/\/publissoft.dev\/spasante\/produit\/misencil-gel-contour-yeux-3\/#primaryimage\"},\"thumbnailUrl\":\"https:\/\/publissoft.dev\/spasante\/wp-content\/uploads\/2022\/11\/contour-3-misencil.jpg\",\"datePublished\":\"2022-11-10T23:19:20+00:00\",\"dateModified\":\"2024-02-22T14:12:11+00:00\",\"description\":\"Compatible avec les extensions de cils, le Contour des yeux No.3 estompe les signes du temps et procure une sensation de d\u00e9tente imm\u00e9diate. Sa texture fluide et fraiche enrichie d\u2019un complexe m\u00ealant acide hyaluronique et extrait d\u2019algue pr\u00e9vient l\u2019apparition des cernes, raffermit et illumine le regard. Jour apr\u00e8s jour les traits sont plus d\u00e9tendus et liss\u00e9s.\",\"breadcrumb\":{\"@id\":\"https:\/\/publissoft.dev\/spasante\/produit\/misencil-gel-contour-yeux-3\/#breadcrumb\"},\"inLanguage\":\"fr-CA\",\"potentialAction\":[{\"@type\":\"ReadAction\",\"target\":[\"https:\/\/publissoft.dev\/spasante\/produit\/misencil-gel-contour-yeux-3\/\"]}]},{\"@type\":\"ImageObject\",\"inLanguage\":\"fr-CA\",\"@id\":\"https:\/\/publissoft.dev\/spasante\/produit\/misencil-gel-contour-yeux-3\/#primaryimage\",\"url\":\"https:\/\/publissoft.dev\/spasante\/wp-content\/uploads\/2022\/11\/contour-3-misencil.jpg\",\"contentUrl\":\"https:\/\/publissoft.dev\/spasante\/wp-content\/uploads\/2022\/11\/contour-3-misencil.jpg\",\"width\":1080,\"height\":1080},{\"@type\":\"BreadcrumbList\",\"@id\":\"https:\/\/publissoft.dev\/spasante\/produit\/misencil-gel-contour-yeux-3\/#breadcrumb\",\"itemListElement\":[{\"@type\":\"ListItem\",\"position\":1,\"name\":\"Accueil\",\"item\":\"https:\/\/publissoft.dev\/spasante\/\"},{\"@type\":\"ListItem\",\"position\":2,\"name\":\"Boutique\",\"item\":\"https:\/\/publissoft.dev\/spasante\/boutique\/\"},{\"@type\":\"ListItem\",\"position\":3,\"name\":\"MISENCIL &#8211; Gel Contour yeux #3\"}]},{\"@type\":\"WebSite\",\"@id\":\"https:\/\/publissoft.dev\/spasante\/#website\",\"url\":\"https:\/\/publissoft.dev\/spasante\/\",\"name\":\"Spa Sant\u00e9 Le N\u00e9nuphar\",\"description\":\"\",\"publisher\":{\"@id\":\"https:\/\/publissoft.dev\/spasante\/#organization\"},\"potentialAction\":[{\"@type\":\"SearchAction\",\"target\":{\"@type\":\"EntryPoint\",\"urlTemplate\":\"https:\/\/publissoft.dev\/spasante\/?s={search_term_string}\"},\"query-input\":\"required name=search_term_string\"}],\"inLanguage\":\"fr-CA\"},{\"@type\":\"Organization\",\"@id\":\"https:\/\/publissoft.dev\/spasante\/#organization\",\"name\":\"Spa Sant\u00e9 Le N\u00e9nuphar\",\"url\":\"https:\/\/publissoft.dev\/spasante\/\",\"logo\":{\"@type\":\"ImageObject\",\"inLanguage\":\"fr-CA\",\"@id\":\"https:\/\/publissoft.dev\/spasante\/#\/schema\/logo\/image\/\",\"url\":\"https:\/\/publissoft.dev\/spasante\/wp-content\/uploads\/2022\/11\/logo-jpg.jpeg\",\"contentUrl\":\"https:\/\/publissoft.dev\/spasante\/wp-content\/uploads\/2022\/11\/logo-jpg.jpeg\",\"width\":900,\"height\":900,\"caption\":\"Spa Sant\u00e9 Le N\u00e9nuphar\"},\"image\":{\"@id\":\"https:\/\/publissoft.dev\/spasante\/#\/schema\/logo\/image\/\"},\"sameAs\":[\"https:\/\/www.facebook.com\/SpaSanteLeNenuphar\",\"https:\/\/www.instagram.com\/spasantelenenuphar\/?hl=fr\"]}]}<\/script>\n<!-- \/ Yoast SEO plugin. -->","yoast_head_json":{"title":"MISENCIL - Gel Contour yeux #3 - Spa Sant\u00e9 Le N\u00e9nuphar","description":"Compatible avec les extensions de cils, le Contour des yeux No.3 estompe les signes du temps et procure une sensation de d\u00e9tente imm\u00e9diate. Sa texture fluide et fraiche enrichie d\u2019un complexe m\u00ealant acide hyaluronique et extrait d\u2019algue pr\u00e9vient l\u2019apparition des cernes, raffermit et illumine le regard. Jour apr\u00e8s jour les traits sont plus d\u00e9tendus et liss\u00e9s.","robots":{"index":"noindex","follow":"follow","max-snippet":"max-snippet:-1","max-image-preview":"max-image-preview:large","max-video-preview":"max-video-preview:-1"},"og_locale":"fr_CA","og_type":"article","og_title":"MISENCIL - Gel Contour yeux #3 - Spa Sant\u00e9 Le N\u00e9nuphar","og_description":"Compatible avec les extensions de cils, le Contour des yeux No.3 estompe les signes du temps et procure une sensation de d\u00e9tente imm\u00e9diate. Sa texture fluide et fraiche enrichie d\u2019un complexe m\u00ealant acide hyaluronique et extrait d\u2019algue pr\u00e9vient l\u2019apparition des cernes, raffermit et illumine le regard. Jour apr\u00e8s jour les traits sont plus d\u00e9tendus et liss\u00e9s.","og_url":"https:\/\/publissoft.dev\/spasante\/produit\/misencil-gel-contour-yeux-3\/","og_site_name":"Spa Sant\u00e9 Le N\u00e9nuphar","article_publisher":"https:\/\/www.facebook.com\/SpaSanteLeNenuphar","article_modified_time":"2024-02-22T14:12:11+00:00","og_image":[{"width":1080,"height":1080,"url":"https:\/\/publissoft.dev\/spasante\/wp-content\/uploads\/2022\/11\/contour-3-misencil.jpg","type":"image\/jpeg"}],"twitter_card":"summary_large_image","twitter_misc":{"Estimation du temps de lecture":"1 minute"},"schema":{"@context":"https:\/\/schema.org","@graph":[{"@type":"WebPage","@id":"https:\/\/publissoft.dev\/spasante\/produit\/misencil-gel-contour-yeux-3\/","url":"https:\/\/publissoft.dev\/spasante\/produit\/misencil-gel-contour-yeux-3\/","name":"MISENCIL - Gel Contour yeux #3 - Spa Sant\u00e9 Le N\u00e9nuphar","isPartOf":{"@id":"https:\/\/publissoft.dev\/spasante\/#website"},"primaryImageOfPage":{"@id":"https:\/\/publissoft.dev\/spasante\/produit\/misencil-gel-contour-yeux-3\/#primaryimage"},"image":{"@id":"https:\/\/publissoft.dev\/spasante\/produit\/misencil-gel-contour-yeux-3\/#primaryimage"},"thumbnailUrl":"https:\/\/publissoft.dev\/spasante\/wp-content\/uploads\/2022\/11\/contour-3-misencil.jpg","datePublished":"2022-11-10T23:19:20+00:00","dateModified":"2024-02-22T14:12:11+00:00","description":"Compatible avec les extensions de cils, le Contour des yeux No.3 estompe les signes du temps et procure une sensation de d\u00e9tente imm\u00e9diate. Sa texture fluide et fraiche enrichie d\u2019un complexe m\u00ealant acide hyaluronique et extrait d\u2019algue pr\u00e9vient l\u2019apparition des cernes, raffermit et illumine le regard. Jour apr\u00e8s jour les traits sont plus d\u00e9tendus et liss\u00e9s.","breadcrumb":{"@id":"https:\/\/publissoft.dev\/spasante\/produit\/misencil-gel-contour-yeux-3\/#breadcrumb"},"inLanguage":"fr-CA","potentialAction":[{"@type":"ReadAction","target":["https:\/\/publissoft.dev\/spasante\/produit\/misencil-gel-contour-yeux-3\/"]}]},{"@type":"ImageObject","inLanguage":"fr-CA","@id":"https:\/\/publissoft.dev\/spasante\/produit\/misencil-gel-contour-yeux-3\/#primaryimage","url":"https:\/\/publissoft.dev\/spasante\/wp-content\/uploads\/2022\/11\/contour-3-misencil.jpg","contentUrl":"https:\/\/publissoft.dev\/spasante\/wp-content\/uploads\/2022\/11\/contour-3-misencil.jpg","width":1080,"height":1080},{"@type":"BreadcrumbList","@id":"https:\/\/publissoft.dev\/spasante\/produit\/misencil-gel-contour-yeux-3\/#breadcrumb","itemListElement":[{"@type":"ListItem","position":1,"name":"Accueil","item":"https:\/\/publissoft.dev\/spasante\/"},{"@type":"ListItem","position":2,"name":"Boutique","item":"https:\/\/publissoft.dev\/spasante\/boutique\/"},{"@type":"ListItem","position":3,"name":"MISENCIL &#8211; Gel Contour yeux #3"}]},{"@type":"WebSite","@id":"https:\/\/publissoft.dev\/spasante\/#website","url":"https:\/\/publissoft.dev\/spasante\/","name":"Spa Sant\u00e9 Le N\u00e9nuphar","description":"","publisher":{"@id":"https:\/\/publissoft.dev\/spasante\/#organization"},"potentialAction":[{"@type":"SearchAction","target":{"@type":"EntryPoint","urlTemplate":"https:\/\/publissoft.dev\/spasante\/?s={search_term_string}"},"query-input":"required name=search_term_string"}],"inLanguage":"fr-CA"},{"@type":"Organization","@id":"https:\/\/publissoft.dev\/spasante\/#organization","name":"Spa Sant\u00e9 Le N\u00e9nuphar","url":"https:\/\/publissoft.dev\/spasante\/","logo":{"@type":"ImageObject","inLanguage":"fr-CA","@id":"https:\/\/publissoft.dev\/spasante\/#\/schema\/logo\/image\/","url":"https:\/\/publissoft.dev\/spasante\/wp-content\/uploads\/2022\/11\/logo-jpg.jpeg","contentUrl":"https:\/\/publissoft.dev\/spasante\/wp-content\/uploads\/2022\/11\/logo-jpg.jpeg","width":900,"height":900,"caption":"Spa Sant\u00e9 Le N\u00e9nuphar"},"image":{"@id":"https:\/\/publissoft.dev\/spasante\/#\/schema\/logo\/image\/"},"sameAs":["https:\/\/www.facebook.com\/SpaSanteLeNenuphar","https:\/\/www.instagram.com\/spasantelenenuphar\/?hl=fr"]}]}},"_links":{"self":[{"href":"https:\/\/publissoft.dev\/spasante\/wp-json\/wp\/v2\/product\/3947","targetHints":{"allow":["GET"]}}],"collection":[{"href":"https:\/\/publissoft.dev\/spasante\/wp-json\/wp\/v2\/product"}],"about":[{"href":"https:\/\/publissoft.dev\/spasante\/wp-json\/wp\/v2\/types\/product"}],"wp:featuredmedia":[{"embeddable":true,"href":"https:\/\/publissoft.dev\/spasante\/wp-json\/wp\/v2\/media\/3948"}],"wp:attachment":[{"href":"https:\/\/publissoft.dev\/spasante\/wp-json\/wp\/v2\/media?parent=3947"}],"wp:term":[{"taxonomy":"product_cat","embeddable":true,"href":"https:\/\/publissoft.dev\/spasante\/wp-json\/wp\/v2\/product_cat?post=3947"},{"taxonomy":"product_tag","embeddable":true,"href":"https:\/\/publissoft.dev\/spasante\/wp-json\/wp\/v2\/product_tag?post=3947"},{"taxonomy":"giftcard-category","embeddable":true,"href":"https:\/\/publissoft.dev\/spasante\/wp-json\/wp\/v2\/giftcard-category?post=3947"}],"curies":[{"name":"wp","href":"https:\/\/api.w.org\/{rel}","templated":true}]}}