{"id":3951,"date":"2022-11-10T18:26:32","date_gmt":"2022-11-10T23:26:32","guid":{"rendered":"https:\/\/publissoft.dev\/spasante\/?post_type=product&#038;p=3951"},"modified":"2024-02-22T09:09:24","modified_gmt":"2024-02-22T14:09:24","slug":"misencil-fix-soin-coiffant-pour-cils-et-sourcils","status":"publish","type":"product","link":"https:\/\/publissoft.dev\/spasante\/produit\/misencil-fix-soin-coiffant-pour-cils-et-sourcils\/","title":{"rendered":"MISENCIL &#8211; FIX &#8211; Soin Coiffant Pour Cils Et Sourcils"},"content":{"rendered":"<p>Coiffez et nourrissez \u00e0 souhait vos cils et vos sourcils gr\u00e2ce au fixateur incolore double embout qui agit comme un soin coiffant avec sa formule k\u00e9ratine et panth\u00e9nol.<\/p>\n<ul>\n<li>K\u00e9ratine : Nourrit en profondeur tout en donnant un aspect souple et brillant. Prot\u00e8ge les cils de la s\u00e9cheresse caus\u00e9e par le soleil, le vent et l\u2019eau.<\/li>\n<li>Panth\u00e9nol : Compl\u00e8te la k\u00e9ratine en renfor\u00e7ant le maintien des \u00e9cailles. Apporte souplesse, brillance et douceur. Propri\u00e9t\u00e9s r\u00e9paratrices et apaisantes.<\/li>\n<li>\u00c9conomique, portatif et id\u00e9al pour les retouches.<\/li>\n<li>Effet fixant et longue tenue, mais flexible.<\/li>\n<li>Longue tenue<\/li>\n<li>Fini lustr\u00e9 et sans r\u00e9sidu.<\/li>\n<li>1 tube, 2 x 5 ml<\/li>\n<\/ul>\n","protected":false},"excerpt":{"rendered":"<p>Coiffez et nourrissez \u00e0 souhait vos cils et vos sourcils gr\u00e2ce au fixateur incolore double embout qui agit comme un soin coiffant avec sa formule k\u00e9ratine et panth\u00e9nol. K\u00e9ratine : Nourrit en profondeur tout en donnant un aspect souple et brillant. Prot\u00e8ge les cils de la s\u00e9cheresse caus\u00e9e par le soleil, le vent et l\u2019eau. &hellip;<\/p>\n","protected":false},"featured_media":3952,"template":"","meta":{"_acf_changed":false,"_genesis_hide_title":false,"_genesis_hide_breadcrumbs":false,"_genesis_hide_singular_image":false,"_genesis_hide_footer_widgets":false,"_genesis_custom_body_class":"","_genesis_custom_post_class":"","_genesis_layout":""},"product_cat":[37,34],"product_tag":[],"giftcard-category":[],"class_list":{"0":"post-3951","1":"product","2":"type-product","3":"status-publish","4":"has-post-thumbnail","6":"product_cat-produits","7":"product_cat-cils","8":"entry","10":"first","11":"instock","12":"taxable","13":"shipping-taxable","14":"purchasable","15":"product-type-simple"},"acf":[],"yoast_head":"<!-- This site is optimized with the Yoast SEO plugin v22.5 - https:\/\/yoast.com\/wordpress\/plugins\/seo\/ -->\n<title>MISENCIL - FIX - Soin Coiffant Pour Cils Et Sourcils - Spa Sant\u00e9 Le N\u00e9nuphar<\/title>\n<meta name=\"description\" content=\"Coiffez et nourrissez \u00e0 souhait vos cils et vos sourcils gr\u00e2ce au fixateur incolore double embout qui agit comme un soin coiffant avec sa formule k\u00e9ratine et panth\u00e9nol.\" \/>\n<meta name=\"robots\" content=\"noindex, follow, max-snippet:-1, max-image-preview:large, max-video-preview:-1\" \/>\n<meta property=\"og:locale\" content=\"fr_CA\" \/>\n<meta property=\"og:type\" content=\"article\" \/>\n<meta property=\"og:title\" content=\"MISENCIL - FIX - Soin Coiffant Pour Cils Et Sourcils - Spa Sant\u00e9 Le N\u00e9nuphar\" \/>\n<meta property=\"og:description\" content=\"Coiffez et nourrissez \u00e0 souhait vos cils et vos sourcils gr\u00e2ce au fixateur incolore double embout qui agit comme un soin coiffant avec sa formule k\u00e9ratine et panth\u00e9nol.\" \/>\n<meta property=\"og:url\" content=\"https:\/\/publissoft.dev\/spasante\/produit\/misencil-fix-soin-coiffant-pour-cils-et-sourcils\/\" \/>\n<meta property=\"og:site_name\" content=\"Spa Sant\u00e9 Le N\u00e9nuphar\" \/>\n<meta property=\"article:publisher\" content=\"https:\/\/www.facebook.com\/SpaSanteLeNenuphar\" \/>\n<meta property=\"article:modified_time\" content=\"2024-02-22T14:09:24+00:00\" \/>\n<meta property=\"og:image\" content=\"https:\/\/publissoft.dev\/spasante\/wp-content\/uploads\/2022\/11\/mascara-fixx-misencil.jpg\" \/>\n\t<meta property=\"og:image:width\" content=\"300\" \/>\n\t<meta property=\"og:image:height\" content=\"300\" \/>\n\t<meta property=\"og:image:type\" content=\"image\/jpeg\" \/>\n<meta name=\"twitter:card\" content=\"summary_large_image\" \/>\n<meta name=\"twitter:label1\" content=\"Estimation du temps de lecture\" \/>\n\t<meta name=\"twitter:data1\" content=\"1 minute\" \/>\n<script type=\"application\/ld+json\" class=\"yoast-schema-graph\">{\"@context\":\"https:\/\/schema.org\",\"@graph\":[{\"@type\":\"WebPage\",\"@id\":\"https:\/\/publissoft.dev\/spasante\/produit\/misencil-fix-soin-coiffant-pour-cils-et-sourcils\/\",\"url\":\"https:\/\/publissoft.dev\/spasante\/produit\/misencil-fix-soin-coiffant-pour-cils-et-sourcils\/\",\"name\":\"MISENCIL - FIX - Soin Coiffant Pour Cils Et Sourcils - Spa Sant\u00e9 Le N\u00e9nuphar\",\"isPartOf\":{\"@id\":\"https:\/\/publissoft.dev\/spasante\/#website\"},\"primaryImageOfPage\":{\"@id\":\"https:\/\/publissoft.dev\/spasante\/produit\/misencil-fix-soin-coiffant-pour-cils-et-sourcils\/#primaryimage\"},\"image\":{\"@id\":\"https:\/\/publissoft.dev\/spasante\/produit\/misencil-fix-soin-coiffant-pour-cils-et-sourcils\/#primaryimage\"},\"thumbnailUrl\":\"https:\/\/publissoft.dev\/spasante\/wp-content\/uploads\/2022\/11\/mascara-fixx-misencil.jpg\",\"datePublished\":\"2022-11-10T23:26:32+00:00\",\"dateModified\":\"2024-02-22T14:09:24+00:00\",\"description\":\"Coiffez et nourrissez \u00e0 souhait vos cils et vos sourcils gr\u00e2ce au fixateur incolore double embout qui agit comme un soin coiffant avec sa formule k\u00e9ratine et panth\u00e9nol.\",\"breadcrumb\":{\"@id\":\"https:\/\/publissoft.dev\/spasante\/produit\/misencil-fix-soin-coiffant-pour-cils-et-sourcils\/#breadcrumb\"},\"inLanguage\":\"fr-CA\",\"potentialAction\":[{\"@type\":\"ReadAction\",\"target\":[\"https:\/\/publissoft.dev\/spasante\/produit\/misencil-fix-soin-coiffant-pour-cils-et-sourcils\/\"]}]},{\"@type\":\"ImageObject\",\"inLanguage\":\"fr-CA\",\"@id\":\"https:\/\/publissoft.dev\/spasante\/produit\/misencil-fix-soin-coiffant-pour-cils-et-sourcils\/#primaryimage\",\"url\":\"https:\/\/publissoft.dev\/spasante\/wp-content\/uploads\/2022\/11\/mascara-fixx-misencil.jpg\",\"contentUrl\":\"https:\/\/publissoft.dev\/spasante\/wp-content\/uploads\/2022\/11\/mascara-fixx-misencil.jpg\",\"width\":300,\"height\":300},{\"@type\":\"BreadcrumbList\",\"@id\":\"https:\/\/publissoft.dev\/spasante\/produit\/misencil-fix-soin-coiffant-pour-cils-et-sourcils\/#breadcrumb\",\"itemListElement\":[{\"@type\":\"ListItem\",\"position\":1,\"name\":\"Accueil\",\"item\":\"https:\/\/publissoft.dev\/spasante\/\"},{\"@type\":\"ListItem\",\"position\":2,\"name\":\"Boutique\",\"item\":\"https:\/\/publissoft.dev\/spasante\/boutique\/\"},{\"@type\":\"ListItem\",\"position\":3,\"name\":\"MISENCIL &#8211; FIX &#8211; Soin Coiffant Pour Cils Et Sourcils\"}]},{\"@type\":\"WebSite\",\"@id\":\"https:\/\/publissoft.dev\/spasante\/#website\",\"url\":\"https:\/\/publissoft.dev\/spasante\/\",\"name\":\"Spa Sant\u00e9 Le N\u00e9nuphar\",\"description\":\"\",\"publisher\":{\"@id\":\"https:\/\/publissoft.dev\/spasante\/#organization\"},\"potentialAction\":[{\"@type\":\"SearchAction\",\"target\":{\"@type\":\"EntryPoint\",\"urlTemplate\":\"https:\/\/publissoft.dev\/spasante\/?s={search_term_string}\"},\"query-input\":\"required name=search_term_string\"}],\"inLanguage\":\"fr-CA\"},{\"@type\":\"Organization\",\"@id\":\"https:\/\/publissoft.dev\/spasante\/#organization\",\"name\":\"Spa Sant\u00e9 Le N\u00e9nuphar\",\"url\":\"https:\/\/publissoft.dev\/spasante\/\",\"logo\":{\"@type\":\"ImageObject\",\"inLanguage\":\"fr-CA\",\"@id\":\"https:\/\/publissoft.dev\/spasante\/#\/schema\/logo\/image\/\",\"url\":\"https:\/\/publissoft.dev\/spasante\/wp-content\/uploads\/2022\/11\/logo-jpg.jpeg\",\"contentUrl\":\"https:\/\/publissoft.dev\/spasante\/wp-content\/uploads\/2022\/11\/logo-jpg.jpeg\",\"width\":900,\"height\":900,\"caption\":\"Spa Sant\u00e9 Le N\u00e9nuphar\"},\"image\":{\"@id\":\"https:\/\/publissoft.dev\/spasante\/#\/schema\/logo\/image\/\"},\"sameAs\":[\"https:\/\/www.facebook.com\/SpaSanteLeNenuphar\",\"https:\/\/www.instagram.com\/spasantelenenuphar\/?hl=fr\"]}]}<\/script>\n<!-- \/ Yoast SEO plugin. -->","yoast_head_json":{"title":"MISENCIL - FIX - Soin Coiffant Pour Cils Et Sourcils - Spa Sant\u00e9 Le N\u00e9nuphar","description":"Coiffez et nourrissez \u00e0 souhait vos cils et vos sourcils gr\u00e2ce au fixateur incolore double embout qui agit comme un soin coiffant avec sa formule k\u00e9ratine et panth\u00e9nol.","robots":{"index":"noindex","follow":"follow","max-snippet":"max-snippet:-1","max-image-preview":"max-image-preview:large","max-video-preview":"max-video-preview:-1"},"og_locale":"fr_CA","og_type":"article","og_title":"MISENCIL - FIX - Soin Coiffant Pour Cils Et Sourcils - Spa Sant\u00e9 Le N\u00e9nuphar","og_description":"Coiffez et nourrissez \u00e0 souhait vos cils et vos sourcils gr\u00e2ce au fixateur incolore double embout qui agit comme un soin coiffant avec sa formule k\u00e9ratine et panth\u00e9nol.","og_url":"https:\/\/publissoft.dev\/spasante\/produit\/misencil-fix-soin-coiffant-pour-cils-et-sourcils\/","og_site_name":"Spa Sant\u00e9 Le N\u00e9nuphar","article_publisher":"https:\/\/www.facebook.com\/SpaSanteLeNenuphar","article_modified_time":"2024-02-22T14:09:24+00:00","og_image":[{"width":300,"height":300,"url":"https:\/\/publissoft.dev\/spasante\/wp-content\/uploads\/2022\/11\/mascara-fixx-misencil.jpg","type":"image\/jpeg"}],"twitter_card":"summary_large_image","twitter_misc":{"Estimation du temps de lecture":"1 minute"},"schema":{"@context":"https:\/\/schema.org","@graph":[{"@type":"WebPage","@id":"https:\/\/publissoft.dev\/spasante\/produit\/misencil-fix-soin-coiffant-pour-cils-et-sourcils\/","url":"https:\/\/publissoft.dev\/spasante\/produit\/misencil-fix-soin-coiffant-pour-cils-et-sourcils\/","name":"MISENCIL - FIX - Soin Coiffant Pour Cils Et Sourcils - Spa Sant\u00e9 Le N\u00e9nuphar","isPartOf":{"@id":"https:\/\/publissoft.dev\/spasante\/#website"},"primaryImageOfPage":{"@id":"https:\/\/publissoft.dev\/spasante\/produit\/misencil-fix-soin-coiffant-pour-cils-et-sourcils\/#primaryimage"},"image":{"@id":"https:\/\/publissoft.dev\/spasante\/produit\/misencil-fix-soin-coiffant-pour-cils-et-sourcils\/#primaryimage"},"thumbnailUrl":"https:\/\/publissoft.dev\/spasante\/wp-content\/uploads\/2022\/11\/mascara-fixx-misencil.jpg","datePublished":"2022-11-10T23:26:32+00:00","dateModified":"2024-02-22T14:09:24+00:00","description":"Coiffez et nourrissez \u00e0 souhait vos cils et vos sourcils gr\u00e2ce au fixateur incolore double embout qui agit comme un soin coiffant avec sa formule k\u00e9ratine et panth\u00e9nol.","breadcrumb":{"@id":"https:\/\/publissoft.dev\/spasante\/produit\/misencil-fix-soin-coiffant-pour-cils-et-sourcils\/#breadcrumb"},"inLanguage":"fr-CA","potentialAction":[{"@type":"ReadAction","target":["https:\/\/publissoft.dev\/spasante\/produit\/misencil-fix-soin-coiffant-pour-cils-et-sourcils\/"]}]},{"@type":"ImageObject","inLanguage":"fr-CA","@id":"https:\/\/publissoft.dev\/spasante\/produit\/misencil-fix-soin-coiffant-pour-cils-et-sourcils\/#primaryimage","url":"https:\/\/publissoft.dev\/spasante\/wp-content\/uploads\/2022\/11\/mascara-fixx-misencil.jpg","contentUrl":"https:\/\/publissoft.dev\/spasante\/wp-content\/uploads\/2022\/11\/mascara-fixx-misencil.jpg","width":300,"height":300},{"@type":"BreadcrumbList","@id":"https:\/\/publissoft.dev\/spasante\/produit\/misencil-fix-soin-coiffant-pour-cils-et-sourcils\/#breadcrumb","itemListElement":[{"@type":"ListItem","position":1,"name":"Accueil","item":"https:\/\/publissoft.dev\/spasante\/"},{"@type":"ListItem","position":2,"name":"Boutique","item":"https:\/\/publissoft.dev\/spasante\/boutique\/"},{"@type":"ListItem","position":3,"name":"MISENCIL &#8211; FIX &#8211; Soin Coiffant Pour Cils Et Sourcils"}]},{"@type":"WebSite","@id":"https:\/\/publissoft.dev\/spasante\/#website","url":"https:\/\/publissoft.dev\/spasante\/","name":"Spa Sant\u00e9 Le N\u00e9nuphar","description":"","publisher":{"@id":"https:\/\/publissoft.dev\/spasante\/#organization"},"potentialAction":[{"@type":"SearchAction","target":{"@type":"EntryPoint","urlTemplate":"https:\/\/publissoft.dev\/spasante\/?s={search_term_string}"},"query-input":"required name=search_term_string"}],"inLanguage":"fr-CA"},{"@type":"Organization","@id":"https:\/\/publissoft.dev\/spasante\/#organization","name":"Spa Sant\u00e9 Le N\u00e9nuphar","url":"https:\/\/publissoft.dev\/spasante\/","logo":{"@type":"ImageObject","inLanguage":"fr-CA","@id":"https:\/\/publissoft.dev\/spasante\/#\/schema\/logo\/image\/","url":"https:\/\/publissoft.dev\/spasante\/wp-content\/uploads\/2022\/11\/logo-jpg.jpeg","contentUrl":"https:\/\/publissoft.dev\/spasante\/wp-content\/uploads\/2022\/11\/logo-jpg.jpeg","width":900,"height":900,"caption":"Spa Sant\u00e9 Le N\u00e9nuphar"},"image":{"@id":"https:\/\/publissoft.dev\/spasante\/#\/schema\/logo\/image\/"},"sameAs":["https:\/\/www.facebook.com\/SpaSanteLeNenuphar","https:\/\/www.instagram.com\/spasantelenenuphar\/?hl=fr"]}]}},"_links":{"self":[{"href":"https:\/\/publissoft.dev\/spasante\/wp-json\/wp\/v2\/product\/3951","targetHints":{"allow":["GET"]}}],"collection":[{"href":"https:\/\/publissoft.dev\/spasante\/wp-json\/wp\/v2\/product"}],"about":[{"href":"https:\/\/publissoft.dev\/spasante\/wp-json\/wp\/v2\/types\/product"}],"wp:featuredmedia":[{"embeddable":true,"href":"https:\/\/publissoft.dev\/spasante\/wp-json\/wp\/v2\/media\/3952"}],"wp:attachment":[{"href":"https:\/\/publissoft.dev\/spasante\/wp-json\/wp\/v2\/media?parent=3951"}],"wp:term":[{"taxonomy":"product_cat","embeddable":true,"href":"https:\/\/publissoft.dev\/spasante\/wp-json\/wp\/v2\/product_cat?post=3951"},{"taxonomy":"product_tag","embeddable":true,"href":"https:\/\/publissoft.dev\/spasante\/wp-json\/wp\/v2\/product_tag?post=3951"},{"taxonomy":"giftcard-category","embeddable":true,"href":"https:\/\/publissoft.dev\/spasante\/wp-json\/wp\/v2\/giftcard-category?post=3951"}],"curies":[{"name":"wp","href":"https:\/\/api.w.org\/{rel}","templated":true}]}}