{"id":3960,"date":"2022-11-10T18:52:50","date_gmt":"2022-11-10T23:52:50","guid":{"rendered":"https:\/\/publissoft.dev\/spasante\/?post_type=product&#038;p=3960"},"modified":"2024-02-22T09:00:54","modified_gmt":"2024-02-22T14:00:54","slug":"misencil-mousse-nettoyante-pour-yeux-et-visage-100ml","status":"publish","type":"product","link":"https:\/\/publissoft.dev\/spasante\/produit\/misencil-mousse-nettoyante-pour-yeux-et-visage-100ml\/","title":{"rendered":"MISENCIL &#8211; Mousse Nettoyante Pour Yeux Et Visage 100mL"},"content":{"rendered":"<p>2 en 1\u00a0<strong>Mousse nettoyante extension de cils<\/strong>\u00a0pour les yeux et le visage. M\u00eame formule, m\u00eame efficacit\u00e9, m\u00eame qualit\u00e9 que le Shampooing pour cils ! Con\u00e7ue et adapt\u00e9e pour bien nettoyer en profondeur les extensions de cils.<\/p>\n<p>Cette Mousse Nettoyante se transforme en une mousse l\u00e9g\u00e8re et a\u00e9rienne qui nettoie en douceur la peau. Ce d\u00e9maquillant\u00a0mousse pour cils, yeux et visage est sans savon, elle respecte l\u2019\u00e9quilibre naturel de la peau, la laissant douce, confortable et propre. Elle redonne \u00e9clat, douceur et confort \u00e0 la peau, \u00e9limine les impuret\u00e9s qui s\u2019accumulent au quotidien et apporte un \u00e9clat de fra\u00eecheur au teint.<\/p>\n<p>LE COMPL\u00c9MENT INDISPENSABLE AU D\u00c9MAQUILLANT<\/p>\n","protected":false},"excerpt":{"rendered":"<p>2 en 1\u00a0Mousse nettoyante extension de cils\u00a0pour les yeux et le visage. M\u00eame formule, m\u00eame efficacit\u00e9, m\u00eame qualit\u00e9 que le Shampooing pour cils ! Con\u00e7ue et adapt\u00e9e pour bien nettoyer en profondeur les extensions de cils. Cette Mousse Nettoyante se transforme en une mousse l\u00e9g\u00e8re et a\u00e9rienne qui nettoie en douceur la peau. Ce d\u00e9maquillant\u00a0mousse &hellip;<\/p>\n","protected":false},"featured_media":3961,"template":"","meta":{"_acf_changed":false,"_genesis_hide_title":false,"_genesis_hide_breadcrumbs":false,"_genesis_hide_singular_image":false,"_genesis_hide_footer_widgets":false,"_genesis_custom_body_class":"","_genesis_custom_post_class":"","_genesis_layout":""},"product_cat":[37,34],"product_tag":[],"giftcard-category":[],"class_list":{"0":"post-3960","1":"product","2":"type-product","3":"status-publish","4":"has-post-thumbnail","6":"product_cat-produits","7":"product_cat-cils","8":"entry","10":"first","11":"instock","12":"taxable","13":"shipping-taxable","14":"purchasable","15":"product-type-simple"},"acf":[],"yoast_head":"<!-- This site is optimized with the Yoast SEO plugin v22.5 - https:\/\/yoast.com\/wordpress\/plugins\/seo\/ -->\n<title>MISENCIL - Mousse Nettoyante Pour Yeux Et Visage 100mL - Spa Sant\u00e9 Le N\u00e9nuphar<\/title>\n<meta name=\"description\" content=\"2 en 1\u00a0Mousse nettoyante extension de cils\u00a0pour les yeux et le visage. M\u00eame formule, m\u00eame efficacit\u00e9, m\u00eame qualit\u00e9 que le Shampooing pour cils ! Con\u00e7ue et adapt\u00e9e pour bien nettoyer en profondeur les extensions de cils.\" \/>\n<meta name=\"robots\" content=\"noindex, follow, max-snippet:-1, max-image-preview:large, max-video-preview:-1\" \/>\n<meta property=\"og:locale\" content=\"fr_CA\" \/>\n<meta property=\"og:type\" content=\"article\" \/>\n<meta property=\"og:title\" content=\"MISENCIL - Mousse Nettoyante Pour Yeux Et Visage 100mL - Spa Sant\u00e9 Le N\u00e9nuphar\" \/>\n<meta property=\"og:description\" content=\"2 en 1\u00a0Mousse nettoyante extension de cils\u00a0pour les yeux et le visage. M\u00eame formule, m\u00eame efficacit\u00e9, m\u00eame qualit\u00e9 que le Shampooing pour cils ! Con\u00e7ue et adapt\u00e9e pour bien nettoyer en profondeur les extensions de cils.\" \/>\n<meta property=\"og:url\" content=\"https:\/\/publissoft.dev\/spasante\/produit\/misencil-mousse-nettoyante-pour-yeux-et-visage-100ml\/\" \/>\n<meta property=\"og:site_name\" content=\"Spa Sant\u00e9 Le N\u00e9nuphar\" \/>\n<meta property=\"article:publisher\" content=\"https:\/\/www.facebook.com\/SpaSanteLeNenuphar\" \/>\n<meta property=\"article:modified_time\" content=\"2024-02-22T14:00:54+00:00\" \/>\n<meta property=\"og:image\" content=\"https:\/\/publissoft.dev\/spasante\/wp-content\/uploads\/2022\/11\/shampooing-cils-misencil.png\" \/>\n\t<meta property=\"og:image:width\" content=\"600\" \/>\n\t<meta property=\"og:image:height\" content=\"777\" \/>\n\t<meta property=\"og:image:type\" content=\"image\/png\" \/>\n<meta name=\"twitter:card\" content=\"summary_large_image\" \/>\n<meta name=\"twitter:label1\" content=\"Estimation du temps de lecture\" \/>\n\t<meta name=\"twitter:data1\" content=\"1 minute\" \/>\n<script type=\"application\/ld+json\" class=\"yoast-schema-graph\">{\"@context\":\"https:\/\/schema.org\",\"@graph\":[{\"@type\":\"WebPage\",\"@id\":\"https:\/\/publissoft.dev\/spasante\/produit\/misencil-mousse-nettoyante-pour-yeux-et-visage-100ml\/\",\"url\":\"https:\/\/publissoft.dev\/spasante\/produit\/misencil-mousse-nettoyante-pour-yeux-et-visage-100ml\/\",\"name\":\"MISENCIL - Mousse Nettoyante Pour Yeux Et Visage 100mL - Spa Sant\u00e9 Le N\u00e9nuphar\",\"isPartOf\":{\"@id\":\"https:\/\/publissoft.dev\/spasante\/#website\"},\"primaryImageOfPage\":{\"@id\":\"https:\/\/publissoft.dev\/spasante\/produit\/misencil-mousse-nettoyante-pour-yeux-et-visage-100ml\/#primaryimage\"},\"image\":{\"@id\":\"https:\/\/publissoft.dev\/spasante\/produit\/misencil-mousse-nettoyante-pour-yeux-et-visage-100ml\/#primaryimage\"},\"thumbnailUrl\":\"https:\/\/publissoft.dev\/spasante\/wp-content\/uploads\/2022\/11\/shampooing-cils-misencil.png\",\"datePublished\":\"2022-11-10T23:52:50+00:00\",\"dateModified\":\"2024-02-22T14:00:54+00:00\",\"description\":\"2 en 1\u00a0Mousse nettoyante extension de cils\u00a0pour les yeux et le visage. M\u00eame formule, m\u00eame efficacit\u00e9, m\u00eame qualit\u00e9 que le Shampooing pour cils ! Con\u00e7ue et adapt\u00e9e pour bien nettoyer en profondeur les extensions de cils.\",\"breadcrumb\":{\"@id\":\"https:\/\/publissoft.dev\/spasante\/produit\/misencil-mousse-nettoyante-pour-yeux-et-visage-100ml\/#breadcrumb\"},\"inLanguage\":\"fr-CA\",\"potentialAction\":[{\"@type\":\"ReadAction\",\"target\":[\"https:\/\/publissoft.dev\/spasante\/produit\/misencil-mousse-nettoyante-pour-yeux-et-visage-100ml\/\"]}]},{\"@type\":\"ImageObject\",\"inLanguage\":\"fr-CA\",\"@id\":\"https:\/\/publissoft.dev\/spasante\/produit\/misencil-mousse-nettoyante-pour-yeux-et-visage-100ml\/#primaryimage\",\"url\":\"https:\/\/publissoft.dev\/spasante\/wp-content\/uploads\/2022\/11\/shampooing-cils-misencil.png\",\"contentUrl\":\"https:\/\/publissoft.dev\/spasante\/wp-content\/uploads\/2022\/11\/shampooing-cils-misencil.png\",\"width\":600,\"height\":777},{\"@type\":\"BreadcrumbList\",\"@id\":\"https:\/\/publissoft.dev\/spasante\/produit\/misencil-mousse-nettoyante-pour-yeux-et-visage-100ml\/#breadcrumb\",\"itemListElement\":[{\"@type\":\"ListItem\",\"position\":1,\"name\":\"Accueil\",\"item\":\"https:\/\/publissoft.dev\/spasante\/\"},{\"@type\":\"ListItem\",\"position\":2,\"name\":\"Boutique\",\"item\":\"https:\/\/publissoft.dev\/spasante\/boutique\/\"},{\"@type\":\"ListItem\",\"position\":3,\"name\":\"MISENCIL &#8211; Mousse Nettoyante Pour Yeux Et Visage 100mL\"}]},{\"@type\":\"WebSite\",\"@id\":\"https:\/\/publissoft.dev\/spasante\/#website\",\"url\":\"https:\/\/publissoft.dev\/spasante\/\",\"name\":\"Spa Sant\u00e9 Le N\u00e9nuphar\",\"description\":\"\",\"publisher\":{\"@id\":\"https:\/\/publissoft.dev\/spasante\/#organization\"},\"potentialAction\":[{\"@type\":\"SearchAction\",\"target\":{\"@type\":\"EntryPoint\",\"urlTemplate\":\"https:\/\/publissoft.dev\/spasante\/?s={search_term_string}\"},\"query-input\":\"required name=search_term_string\"}],\"inLanguage\":\"fr-CA\"},{\"@type\":\"Organization\",\"@id\":\"https:\/\/publissoft.dev\/spasante\/#organization\",\"name\":\"Spa Sant\u00e9 Le N\u00e9nuphar\",\"url\":\"https:\/\/publissoft.dev\/spasante\/\",\"logo\":{\"@type\":\"ImageObject\",\"inLanguage\":\"fr-CA\",\"@id\":\"https:\/\/publissoft.dev\/spasante\/#\/schema\/logo\/image\/\",\"url\":\"https:\/\/publissoft.dev\/spasante\/wp-content\/uploads\/2022\/11\/logo-jpg.jpeg\",\"contentUrl\":\"https:\/\/publissoft.dev\/spasante\/wp-content\/uploads\/2022\/11\/logo-jpg.jpeg\",\"width\":900,\"height\":900,\"caption\":\"Spa Sant\u00e9 Le N\u00e9nuphar\"},\"image\":{\"@id\":\"https:\/\/publissoft.dev\/spasante\/#\/schema\/logo\/image\/\"},\"sameAs\":[\"https:\/\/www.facebook.com\/SpaSanteLeNenuphar\",\"https:\/\/www.instagram.com\/spasantelenenuphar\/?hl=fr\"]}]}<\/script>\n<!-- \/ Yoast SEO plugin. -->","yoast_head_json":{"title":"MISENCIL - Mousse Nettoyante Pour Yeux Et Visage 100mL - Spa Sant\u00e9 Le N\u00e9nuphar","description":"2 en 1\u00a0Mousse nettoyante extension de cils\u00a0pour les yeux et le visage. M\u00eame formule, m\u00eame efficacit\u00e9, m\u00eame qualit\u00e9 que le Shampooing pour cils ! Con\u00e7ue et adapt\u00e9e pour bien nettoyer en profondeur les extensions de cils.","robots":{"index":"noindex","follow":"follow","max-snippet":"max-snippet:-1","max-image-preview":"max-image-preview:large","max-video-preview":"max-video-preview:-1"},"og_locale":"fr_CA","og_type":"article","og_title":"MISENCIL - Mousse Nettoyante Pour Yeux Et Visage 100mL - Spa Sant\u00e9 Le N\u00e9nuphar","og_description":"2 en 1\u00a0Mousse nettoyante extension de cils\u00a0pour les yeux et le visage. M\u00eame formule, m\u00eame efficacit\u00e9, m\u00eame qualit\u00e9 que le Shampooing pour cils ! Con\u00e7ue et adapt\u00e9e pour bien nettoyer en profondeur les extensions de cils.","og_url":"https:\/\/publissoft.dev\/spasante\/produit\/misencil-mousse-nettoyante-pour-yeux-et-visage-100ml\/","og_site_name":"Spa Sant\u00e9 Le N\u00e9nuphar","article_publisher":"https:\/\/www.facebook.com\/SpaSanteLeNenuphar","article_modified_time":"2024-02-22T14:00:54+00:00","og_image":[{"width":600,"height":777,"url":"https:\/\/publissoft.dev\/spasante\/wp-content\/uploads\/2022\/11\/shampooing-cils-misencil.png","type":"image\/png"}],"twitter_card":"summary_large_image","twitter_misc":{"Estimation du temps de lecture":"1 minute"},"schema":{"@context":"https:\/\/schema.org","@graph":[{"@type":"WebPage","@id":"https:\/\/publissoft.dev\/spasante\/produit\/misencil-mousse-nettoyante-pour-yeux-et-visage-100ml\/","url":"https:\/\/publissoft.dev\/spasante\/produit\/misencil-mousse-nettoyante-pour-yeux-et-visage-100ml\/","name":"MISENCIL - Mousse Nettoyante Pour Yeux Et Visage 100mL - Spa Sant\u00e9 Le N\u00e9nuphar","isPartOf":{"@id":"https:\/\/publissoft.dev\/spasante\/#website"},"primaryImageOfPage":{"@id":"https:\/\/publissoft.dev\/spasante\/produit\/misencil-mousse-nettoyante-pour-yeux-et-visage-100ml\/#primaryimage"},"image":{"@id":"https:\/\/publissoft.dev\/spasante\/produit\/misencil-mousse-nettoyante-pour-yeux-et-visage-100ml\/#primaryimage"},"thumbnailUrl":"https:\/\/publissoft.dev\/spasante\/wp-content\/uploads\/2022\/11\/shampooing-cils-misencil.png","datePublished":"2022-11-10T23:52:50+00:00","dateModified":"2024-02-22T14:00:54+00:00","description":"2 en 1\u00a0Mousse nettoyante extension de cils\u00a0pour les yeux et le visage. M\u00eame formule, m\u00eame efficacit\u00e9, m\u00eame qualit\u00e9 que le Shampooing pour cils ! Con\u00e7ue et adapt\u00e9e pour bien nettoyer en profondeur les extensions de cils.","breadcrumb":{"@id":"https:\/\/publissoft.dev\/spasante\/produit\/misencil-mousse-nettoyante-pour-yeux-et-visage-100ml\/#breadcrumb"},"inLanguage":"fr-CA","potentialAction":[{"@type":"ReadAction","target":["https:\/\/publissoft.dev\/spasante\/produit\/misencil-mousse-nettoyante-pour-yeux-et-visage-100ml\/"]}]},{"@type":"ImageObject","inLanguage":"fr-CA","@id":"https:\/\/publissoft.dev\/spasante\/produit\/misencil-mousse-nettoyante-pour-yeux-et-visage-100ml\/#primaryimage","url":"https:\/\/publissoft.dev\/spasante\/wp-content\/uploads\/2022\/11\/shampooing-cils-misencil.png","contentUrl":"https:\/\/publissoft.dev\/spasante\/wp-content\/uploads\/2022\/11\/shampooing-cils-misencil.png","width":600,"height":777},{"@type":"BreadcrumbList","@id":"https:\/\/publissoft.dev\/spasante\/produit\/misencil-mousse-nettoyante-pour-yeux-et-visage-100ml\/#breadcrumb","itemListElement":[{"@type":"ListItem","position":1,"name":"Accueil","item":"https:\/\/publissoft.dev\/spasante\/"},{"@type":"ListItem","position":2,"name":"Boutique","item":"https:\/\/publissoft.dev\/spasante\/boutique\/"},{"@type":"ListItem","position":3,"name":"MISENCIL &#8211; Mousse Nettoyante Pour Yeux Et Visage 100mL"}]},{"@type":"WebSite","@id":"https:\/\/publissoft.dev\/spasante\/#website","url":"https:\/\/publissoft.dev\/spasante\/","name":"Spa Sant\u00e9 Le N\u00e9nuphar","description":"","publisher":{"@id":"https:\/\/publissoft.dev\/spasante\/#organization"},"potentialAction":[{"@type":"SearchAction","target":{"@type":"EntryPoint","urlTemplate":"https:\/\/publissoft.dev\/spasante\/?s={search_term_string}"},"query-input":"required name=search_term_string"}],"inLanguage":"fr-CA"},{"@type":"Organization","@id":"https:\/\/publissoft.dev\/spasante\/#organization","name":"Spa Sant\u00e9 Le N\u00e9nuphar","url":"https:\/\/publissoft.dev\/spasante\/","logo":{"@type":"ImageObject","inLanguage":"fr-CA","@id":"https:\/\/publissoft.dev\/spasante\/#\/schema\/logo\/image\/","url":"https:\/\/publissoft.dev\/spasante\/wp-content\/uploads\/2022\/11\/logo-jpg.jpeg","contentUrl":"https:\/\/publissoft.dev\/spasante\/wp-content\/uploads\/2022\/11\/logo-jpg.jpeg","width":900,"height":900,"caption":"Spa Sant\u00e9 Le N\u00e9nuphar"},"image":{"@id":"https:\/\/publissoft.dev\/spasante\/#\/schema\/logo\/image\/"},"sameAs":["https:\/\/www.facebook.com\/SpaSanteLeNenuphar","https:\/\/www.instagram.com\/spasantelenenuphar\/?hl=fr"]}]}},"_links":{"self":[{"href":"https:\/\/publissoft.dev\/spasante\/wp-json\/wp\/v2\/product\/3960","targetHints":{"allow":["GET"]}}],"collection":[{"href":"https:\/\/publissoft.dev\/spasante\/wp-json\/wp\/v2\/product"}],"about":[{"href":"https:\/\/publissoft.dev\/spasante\/wp-json\/wp\/v2\/types\/product"}],"wp:featuredmedia":[{"embeddable":true,"href":"https:\/\/publissoft.dev\/spasante\/wp-json\/wp\/v2\/media\/3961"}],"wp:attachment":[{"href":"https:\/\/publissoft.dev\/spasante\/wp-json\/wp\/v2\/media?parent=3960"}],"wp:term":[{"taxonomy":"product_cat","embeddable":true,"href":"https:\/\/publissoft.dev\/spasante\/wp-json\/wp\/v2\/product_cat?post=3960"},{"taxonomy":"product_tag","embeddable":true,"href":"https:\/\/publissoft.dev\/spasante\/wp-json\/wp\/v2\/product_tag?post=3960"},{"taxonomy":"giftcard-category","embeddable":true,"href":"https:\/\/publissoft.dev\/spasante\/wp-json\/wp\/v2\/giftcard-category?post=3960"}],"curies":[{"name":"wp","href":"https:\/\/api.w.org\/{rel}","templated":true}]}}