{"id":4018,"date":"2022-11-11T13:04:40","date_gmt":"2022-11-11T18:04:40","guid":{"rendered":"https:\/\/publissoft.dev\/spasante\/?post_type=product&#038;p=4018"},"modified":"2024-01-25T10:45:04","modified_gmt":"2024-01-25T15:45:04","slug":"rose-buddha-legging-bff","status":"publish","type":"product","link":"https:\/\/publissoft.dev\/spasante\/produit\/rose-buddha-legging-bff\/","title":{"rendered":"Rose Buddha &#8211; Legging BFF Total Eclipse"},"content":{"rendered":"<p><i><b>Ton nouveau meilleur ami, le legging BFF.<\/b><\/i>\u00a0Fabriqu\u00e9 \u00e0 partir du\u00a0EcoSkin, un tissu \u00e9coresponsable issu d&#8217;un m\u00e9lange de polyester recycl\u00e9 et de spandex. Notre tissu \u00e0 texture &#8220;peau de p\u00eache&#8221; t&#8217;offre une capacit\u00e9 thermor\u00e9gulatrice ainsi qu&#8217;une douceur et un confort incomparables. Ce legging pr\u00e9sente une taille haute hyperconfortable avec une pointe au dos pour rehausser tes formes, une coupe ajust\u00e9e et trois poches \u00e0 la bande de taille au dos.<\/p>\n<p>&nbsp;<\/p>\n<ul>\n<li><b>Composition :\u00a0<\/b>41% polyester recycl\u00e9, 41% polyester, 18% spandex<\/li>\n<li>Fabrication \u00e9coresponsable<\/li>\n<li>Incroyablement doux et confortable<\/li>\n<li>Capacit\u00e9 thermor\u00e9gulatrice<\/li>\n<li>Excellente \u00e9lasticit\u00e9<\/li>\n<li>Texture chin\u00e9e<\/li>\n<\/ul>\n","protected":false},"excerpt":{"rendered":"<p>Ton nouveau meilleur ami, le legging BFF.\u00a0Fabriqu\u00e9 \u00e0 partir du\u00a0EcoSkin, un tissu \u00e9coresponsable issu d&#8217;un m\u00e9lange de polyester recycl\u00e9 et de spandex. Notre tissu \u00e0 texture &#8220;peau de p\u00eache&#8221; t&#8217;offre une capacit\u00e9 thermor\u00e9gulatrice ainsi qu&#8217;une douceur et un confort incomparables. Ce legging pr\u00e9sente une taille haute hyperconfortable avec une pointe au dos pour rehausser tes &hellip;<\/p>\n","protected":false},"featured_media":4019,"template":"","meta":{"_acf_changed":false,"_genesis_hide_title":false,"_genesis_hide_breadcrumbs":false,"_genesis_hide_singular_image":false,"_genesis_hide_footer_widgets":false,"_genesis_custom_body_class":"","_genesis_custom_post_class":"","_genesis_layout":""},"product_cat":[37,92,42],"product_tag":[],"giftcard-category":[],"class_list":{"0":"post-4018","1":"product","2":"type-product","3":"status-publish","4":"has-post-thumbnail","6":"product_cat-produits","7":"product_cat-produits-en-liquidation","8":"product_cat-rose-buddha","9":"entry","11":"first","12":"instock","13":"sale","14":"taxable","15":"shipping-taxable","16":"purchasable","17":"product-type-variable"},"acf":[],"yoast_head":"<!-- This site is optimized with the Yoast SEO plugin v22.5 - https:\/\/yoast.com\/wordpress\/plugins\/seo\/ -->\n<title>Rose Buddha - Legging BFF Total Eclipse - Spa Sant\u00e9 Le N\u00e9nuphar<\/title>\n<meta name=\"description\" content=\"Ton nouveau meilleur ami, le legging BFF.\u00a0Fabriqu\u00e9 \u00e0 partir du\u00a0EcoSkin, un tissu \u00e9coresponsable issu d&#039;un m\u00e9lange de polyester recycl\u00e9 et de spandex. Notre tissu \u00e0 texture &quot;peau de p\u00eache&quot; t&#039;offre une capacit\u00e9 thermor\u00e9gulatrice ainsi qu&#039;une douceur et un confort incomparables. Ce legging pr\u00e9sente une taille haute hyperconfortable avec une pointe au dos pour rehausser tes formes, une coupe ajust\u00e9e et trois poches \u00e0 la bande de taille au dos.\" \/>\n<meta name=\"robots\" content=\"noindex, follow, max-snippet:-1, max-image-preview:large, max-video-preview:-1\" \/>\n<meta property=\"og:locale\" content=\"fr_CA\" \/>\n<meta property=\"og:type\" content=\"article\" \/>\n<meta property=\"og:title\" content=\"Rose Buddha - Legging BFF Total Eclipse - Spa Sant\u00e9 Le N\u00e9nuphar\" \/>\n<meta property=\"og:description\" content=\"Ton nouveau meilleur ami, le legging BFF.\u00a0Fabriqu\u00e9 \u00e0 partir du\u00a0EcoSkin, un tissu \u00e9coresponsable issu d&#039;un m\u00e9lange de polyester recycl\u00e9 et de spandex. Notre tissu \u00e0 texture &quot;peau de p\u00eache&quot; t&#039;offre une capacit\u00e9 thermor\u00e9gulatrice ainsi qu&#039;une douceur et un confort incomparables. Ce legging pr\u00e9sente une taille haute hyperconfortable avec une pointe au dos pour rehausser tes formes, une coupe ajust\u00e9e et trois poches \u00e0 la bande de taille au dos.\" \/>\n<meta property=\"og:url\" content=\"https:\/\/publissoft.dev\/spasante\/produit\/rose-buddha-legging-bff\/\" \/>\n<meta property=\"og:site_name\" content=\"Spa Sant\u00e9 Le N\u00e9nuphar\" \/>\n<meta property=\"article:publisher\" content=\"https:\/\/www.facebook.com\/SpaSanteLeNenuphar\" \/>\n<meta property=\"article:modified_time\" content=\"2024-01-25T15:45:04+00:00\" \/>\n<meta property=\"og:image\" content=\"https:\/\/publissoft.dev\/spasante\/wp-content\/uploads\/2022\/11\/Capture-decran-2022-11-11-130015.png\" \/>\n\t<meta property=\"og:image:width\" content=\"499\" \/>\n\t<meta property=\"og:image:height\" content=\"785\" \/>\n\t<meta property=\"og:image:type\" content=\"image\/png\" \/>\n<meta name=\"twitter:card\" content=\"summary_large_image\" \/>\n<meta name=\"twitter:label1\" content=\"Estimation du temps de lecture\" \/>\n\t<meta name=\"twitter:data1\" content=\"1 minute\" \/>\n<script type=\"application\/ld+json\" class=\"yoast-schema-graph\">{\"@context\":\"https:\/\/schema.org\",\"@graph\":[{\"@type\":\"WebPage\",\"@id\":\"https:\/\/publissoft.dev\/spasante\/produit\/rose-buddha-legging-bff\/\",\"url\":\"https:\/\/publissoft.dev\/spasante\/produit\/rose-buddha-legging-bff\/\",\"name\":\"Rose Buddha - Legging BFF Total Eclipse - Spa Sant\u00e9 Le N\u00e9nuphar\",\"isPartOf\":{\"@id\":\"https:\/\/publissoft.dev\/spasante\/#website\"},\"primaryImageOfPage\":{\"@id\":\"https:\/\/publissoft.dev\/spasante\/produit\/rose-buddha-legging-bff\/#primaryimage\"},\"image\":{\"@id\":\"https:\/\/publissoft.dev\/spasante\/produit\/rose-buddha-legging-bff\/#primaryimage\"},\"thumbnailUrl\":\"https:\/\/publissoft.dev\/spasante\/wp-content\/uploads\/2022\/11\/Capture-decran-2022-11-11-130015.png\",\"datePublished\":\"2022-11-11T18:04:40+00:00\",\"dateModified\":\"2024-01-25T15:45:04+00:00\",\"description\":\"Ton nouveau meilleur ami, le legging BFF.\u00a0Fabriqu\u00e9 \u00e0 partir du\u00a0EcoSkin, un tissu \u00e9coresponsable issu d'un m\u00e9lange de polyester recycl\u00e9 et de spandex. Notre tissu \u00e0 texture \\\"peau de p\u00eache\\\" t'offre une capacit\u00e9 thermor\u00e9gulatrice ainsi qu'une douceur et un confort incomparables. Ce legging pr\u00e9sente une taille haute hyperconfortable avec une pointe au dos pour rehausser tes formes, une coupe ajust\u00e9e et trois poches \u00e0 la bande de taille au dos.\",\"breadcrumb\":{\"@id\":\"https:\/\/publissoft.dev\/spasante\/produit\/rose-buddha-legging-bff\/#breadcrumb\"},\"inLanguage\":\"fr-CA\",\"potentialAction\":[{\"@type\":\"ReadAction\",\"target\":[\"https:\/\/publissoft.dev\/spasante\/produit\/rose-buddha-legging-bff\/\"]}]},{\"@type\":\"ImageObject\",\"inLanguage\":\"fr-CA\",\"@id\":\"https:\/\/publissoft.dev\/spasante\/produit\/rose-buddha-legging-bff\/#primaryimage\",\"url\":\"https:\/\/publissoft.dev\/spasante\/wp-content\/uploads\/2022\/11\/Capture-decran-2022-11-11-130015.png\",\"contentUrl\":\"https:\/\/publissoft.dev\/spasante\/wp-content\/uploads\/2022\/11\/Capture-decran-2022-11-11-130015.png\",\"width\":499,\"height\":785},{\"@type\":\"BreadcrumbList\",\"@id\":\"https:\/\/publissoft.dev\/spasante\/produit\/rose-buddha-legging-bff\/#breadcrumb\",\"itemListElement\":[{\"@type\":\"ListItem\",\"position\":1,\"name\":\"Accueil\",\"item\":\"https:\/\/publissoft.dev\/spasante\/\"},{\"@type\":\"ListItem\",\"position\":2,\"name\":\"Boutique\",\"item\":\"https:\/\/publissoft.dev\/spasante\/boutique\/\"},{\"@type\":\"ListItem\",\"position\":3,\"name\":\"Rose Buddha &#8211; Legging BFF Total Eclipse\"}]},{\"@type\":\"WebSite\",\"@id\":\"https:\/\/publissoft.dev\/spasante\/#website\",\"url\":\"https:\/\/publissoft.dev\/spasante\/\",\"name\":\"Spa Sant\u00e9 Le N\u00e9nuphar\",\"description\":\"\",\"publisher\":{\"@id\":\"https:\/\/publissoft.dev\/spasante\/#organization\"},\"potentialAction\":[{\"@type\":\"SearchAction\",\"target\":{\"@type\":\"EntryPoint\",\"urlTemplate\":\"https:\/\/publissoft.dev\/spasante\/?s={search_term_string}\"},\"query-input\":\"required name=search_term_string\"}],\"inLanguage\":\"fr-CA\"},{\"@type\":\"Organization\",\"@id\":\"https:\/\/publissoft.dev\/spasante\/#organization\",\"name\":\"Spa Sant\u00e9 Le N\u00e9nuphar\",\"url\":\"https:\/\/publissoft.dev\/spasante\/\",\"logo\":{\"@type\":\"ImageObject\",\"inLanguage\":\"fr-CA\",\"@id\":\"https:\/\/publissoft.dev\/spasante\/#\/schema\/logo\/image\/\",\"url\":\"https:\/\/publissoft.dev\/spasante\/wp-content\/uploads\/2022\/11\/logo-jpg.jpeg\",\"contentUrl\":\"https:\/\/publissoft.dev\/spasante\/wp-content\/uploads\/2022\/11\/logo-jpg.jpeg\",\"width\":900,\"height\":900,\"caption\":\"Spa Sant\u00e9 Le N\u00e9nuphar\"},\"image\":{\"@id\":\"https:\/\/publissoft.dev\/spasante\/#\/schema\/logo\/image\/\"},\"sameAs\":[\"https:\/\/www.facebook.com\/SpaSanteLeNenuphar\",\"https:\/\/www.instagram.com\/spasantelenenuphar\/?hl=fr\"]}]}<\/script>\n<!-- \/ Yoast SEO plugin. -->","yoast_head_json":{"title":"Rose Buddha - Legging BFF Total Eclipse - Spa Sant\u00e9 Le N\u00e9nuphar","description":"Ton nouveau meilleur ami, le legging BFF.\u00a0Fabriqu\u00e9 \u00e0 partir du\u00a0EcoSkin, un tissu \u00e9coresponsable issu d'un m\u00e9lange de polyester recycl\u00e9 et de spandex. Notre tissu \u00e0 texture \"peau de p\u00eache\" t'offre une capacit\u00e9 thermor\u00e9gulatrice ainsi qu'une douceur et un confort incomparables. Ce legging pr\u00e9sente une taille haute hyperconfortable avec une pointe au dos pour rehausser tes formes, une coupe ajust\u00e9e et trois poches \u00e0 la bande de taille au dos.","robots":{"index":"noindex","follow":"follow","max-snippet":"max-snippet:-1","max-image-preview":"max-image-preview:large","max-video-preview":"max-video-preview:-1"},"og_locale":"fr_CA","og_type":"article","og_title":"Rose Buddha - Legging BFF Total Eclipse - Spa Sant\u00e9 Le N\u00e9nuphar","og_description":"Ton nouveau meilleur ami, le legging BFF.\u00a0Fabriqu\u00e9 \u00e0 partir du\u00a0EcoSkin, un tissu \u00e9coresponsable issu d'un m\u00e9lange de polyester recycl\u00e9 et de spandex. Notre tissu \u00e0 texture \"peau de p\u00eache\" t'offre une capacit\u00e9 thermor\u00e9gulatrice ainsi qu'une douceur et un confort incomparables. Ce legging pr\u00e9sente une taille haute hyperconfortable avec une pointe au dos pour rehausser tes formes, une coupe ajust\u00e9e et trois poches \u00e0 la bande de taille au dos.","og_url":"https:\/\/publissoft.dev\/spasante\/produit\/rose-buddha-legging-bff\/","og_site_name":"Spa Sant\u00e9 Le N\u00e9nuphar","article_publisher":"https:\/\/www.facebook.com\/SpaSanteLeNenuphar","article_modified_time":"2024-01-25T15:45:04+00:00","og_image":[{"width":499,"height":785,"url":"https:\/\/publissoft.dev\/spasante\/wp-content\/uploads\/2022\/11\/Capture-decran-2022-11-11-130015.png","type":"image\/png"}],"twitter_card":"summary_large_image","twitter_misc":{"Estimation du temps de lecture":"1 minute"},"schema":{"@context":"https:\/\/schema.org","@graph":[{"@type":"WebPage","@id":"https:\/\/publissoft.dev\/spasante\/produit\/rose-buddha-legging-bff\/","url":"https:\/\/publissoft.dev\/spasante\/produit\/rose-buddha-legging-bff\/","name":"Rose Buddha - Legging BFF Total Eclipse - Spa Sant\u00e9 Le N\u00e9nuphar","isPartOf":{"@id":"https:\/\/publissoft.dev\/spasante\/#website"},"primaryImageOfPage":{"@id":"https:\/\/publissoft.dev\/spasante\/produit\/rose-buddha-legging-bff\/#primaryimage"},"image":{"@id":"https:\/\/publissoft.dev\/spasante\/produit\/rose-buddha-legging-bff\/#primaryimage"},"thumbnailUrl":"https:\/\/publissoft.dev\/spasante\/wp-content\/uploads\/2022\/11\/Capture-decran-2022-11-11-130015.png","datePublished":"2022-11-11T18:04:40+00:00","dateModified":"2024-01-25T15:45:04+00:00","description":"Ton nouveau meilleur ami, le legging BFF.\u00a0Fabriqu\u00e9 \u00e0 partir du\u00a0EcoSkin, un tissu \u00e9coresponsable issu d'un m\u00e9lange de polyester recycl\u00e9 et de spandex. Notre tissu \u00e0 texture \"peau de p\u00eache\" t'offre une capacit\u00e9 thermor\u00e9gulatrice ainsi qu'une douceur et un confort incomparables. Ce legging pr\u00e9sente une taille haute hyperconfortable avec une pointe au dos pour rehausser tes formes, une coupe ajust\u00e9e et trois poches \u00e0 la bande de taille au dos.","breadcrumb":{"@id":"https:\/\/publissoft.dev\/spasante\/produit\/rose-buddha-legging-bff\/#breadcrumb"},"inLanguage":"fr-CA","potentialAction":[{"@type":"ReadAction","target":["https:\/\/publissoft.dev\/spasante\/produit\/rose-buddha-legging-bff\/"]}]},{"@type":"ImageObject","inLanguage":"fr-CA","@id":"https:\/\/publissoft.dev\/spasante\/produit\/rose-buddha-legging-bff\/#primaryimage","url":"https:\/\/publissoft.dev\/spasante\/wp-content\/uploads\/2022\/11\/Capture-decran-2022-11-11-130015.png","contentUrl":"https:\/\/publissoft.dev\/spasante\/wp-content\/uploads\/2022\/11\/Capture-decran-2022-11-11-130015.png","width":499,"height":785},{"@type":"BreadcrumbList","@id":"https:\/\/publissoft.dev\/spasante\/produit\/rose-buddha-legging-bff\/#breadcrumb","itemListElement":[{"@type":"ListItem","position":1,"name":"Accueil","item":"https:\/\/publissoft.dev\/spasante\/"},{"@type":"ListItem","position":2,"name":"Boutique","item":"https:\/\/publissoft.dev\/spasante\/boutique\/"},{"@type":"ListItem","position":3,"name":"Rose Buddha &#8211; Legging BFF Total Eclipse"}]},{"@type":"WebSite","@id":"https:\/\/publissoft.dev\/spasante\/#website","url":"https:\/\/publissoft.dev\/spasante\/","name":"Spa Sant\u00e9 Le N\u00e9nuphar","description":"","publisher":{"@id":"https:\/\/publissoft.dev\/spasante\/#organization"},"potentialAction":[{"@type":"SearchAction","target":{"@type":"EntryPoint","urlTemplate":"https:\/\/publissoft.dev\/spasante\/?s={search_term_string}"},"query-input":"required name=search_term_string"}],"inLanguage":"fr-CA"},{"@type":"Organization","@id":"https:\/\/publissoft.dev\/spasante\/#organization","name":"Spa Sant\u00e9 Le N\u00e9nuphar","url":"https:\/\/publissoft.dev\/spasante\/","logo":{"@type":"ImageObject","inLanguage":"fr-CA","@id":"https:\/\/publissoft.dev\/spasante\/#\/schema\/logo\/image\/","url":"https:\/\/publissoft.dev\/spasante\/wp-content\/uploads\/2022\/11\/logo-jpg.jpeg","contentUrl":"https:\/\/publissoft.dev\/spasante\/wp-content\/uploads\/2022\/11\/logo-jpg.jpeg","width":900,"height":900,"caption":"Spa Sant\u00e9 Le N\u00e9nuphar"},"image":{"@id":"https:\/\/publissoft.dev\/spasante\/#\/schema\/logo\/image\/"},"sameAs":["https:\/\/www.facebook.com\/SpaSanteLeNenuphar","https:\/\/www.instagram.com\/spasantelenenuphar\/?hl=fr"]}]}},"_links":{"self":[{"href":"https:\/\/publissoft.dev\/spasante\/wp-json\/wp\/v2\/product\/4018","targetHints":{"allow":["GET"]}}],"collection":[{"href":"https:\/\/publissoft.dev\/spasante\/wp-json\/wp\/v2\/product"}],"about":[{"href":"https:\/\/publissoft.dev\/spasante\/wp-json\/wp\/v2\/types\/product"}],"wp:featuredmedia":[{"embeddable":true,"href":"https:\/\/publissoft.dev\/spasante\/wp-json\/wp\/v2\/media\/4019"}],"wp:attachment":[{"href":"https:\/\/publissoft.dev\/spasante\/wp-json\/wp\/v2\/media?parent=4018"}],"wp:term":[{"taxonomy":"product_cat","embeddable":true,"href":"https:\/\/publissoft.dev\/spasante\/wp-json\/wp\/v2\/product_cat?post=4018"},{"taxonomy":"product_tag","embeddable":true,"href":"https:\/\/publissoft.dev\/spasante\/wp-json\/wp\/v2\/product_tag?post=4018"},{"taxonomy":"giftcard-category","embeddable":true,"href":"https:\/\/publissoft.dev\/spasante\/wp-json\/wp\/v2\/giftcard-category?post=4018"}],"curies":[{"name":"wp","href":"https:\/\/api.w.org\/{rel}","templated":true}]}}