{"id":4107,"date":"2022-11-14T11:12:13","date_gmt":"2022-11-14T16:12:13","guid":{"rendered":"https:\/\/publissoft.dev\/spasante\/?post_type=product&#038;p=4107"},"modified":"2024-02-23T11:06:06","modified_gmt":"2024-02-23T16:06:06","slug":"maquillage-permanent-lipblush","status":"publish","type":"product","link":"https:\/\/publissoft.dev\/spasante\/produit\/maquillage-permanent-lipblush\/","title":{"rendered":"Maquillage permanent &#8211; LipBlush"},"content":{"rendered":"<p class=\"font_0\">Le lip blush est une technique semi-permanente r\u00e9alis\u00e9e en d\u00e9posant du pigment dans les l\u00e8vres\u00a0\u00e0 l\u2019aide d&#8217;un dermographe muni de petites aiguilles qui en forme une seule. Avant de proc\u00e9der, la technicienne vous fera remplir un questionnaire sant\u00e9 et vous dessinera un cadre sur le contour de vos l\u00e8vres afin de d\u00e9limiter la zone \u00e0 travailler et de permettre un r\u00e9sultat sym\u00e9trique. De plus, cela permet de camoufler certaines cicatrices, d\u2019autres anomalies et corriger les asym\u00e9tries.<\/p>\n<p class=\"font_0\">On donne l\u2019apparence d\u2019une l\u00e8vre plus fournie simplement en \u00e9largissant ou en remplissant la ligne naturelle. C&#8217;est la seule technique permettant de d\u00e9finir le contour de vos l\u00e8vres (les injections vont grossir les l\u00e8vres, mais ne peuvent pas changer la pigmentation de celles-ci). Cela va jouer un r\u00f4le majeur au niveau de la forme de vos l\u00e8vres.<\/p>\n<p>&nbsp;<\/p>\n<p class=\"font_8\"><strong>Quelles sont les diff\u00e9rences entre le lip blush et le maquillage permanent des l\u00e8vres?<\/strong><\/p>\n<p class=\"font_8\">Les deux techniques se ressemblent beaucoup. Le maquillage permanent donnera le m\u00eame genre d&#8217;effet que le lip blush \u00e0 une diff\u00e9rence pr\u00eat, le maquillage permanent sera plus pigment\u00e9, donc va paraitre un peu plus que le lip blush, qui est une technique plus d\u00e9licate. De plus, la dur\u00e9e du maquillage permanent sera plus longue que le lip blush (2 \u00e0 5 ans \u00e0 la place de 1 \u00e0 2 ans).<\/p>\n<p>&nbsp;<\/p>\n<p>Premi\u00e8re retouche 100$ (3 mois)<\/p>\n<p>Deuxi\u00e8me retouche 150$ (6 \u00e0 12 mois)<\/p>\n<p>&nbsp;<\/p>\n","protected":false},"excerpt":{"rendered":"<p>Le lip blush est une technique semi-permanente r\u00e9alis\u00e9e en d\u00e9posant du pigment dans les l\u00e8vres\u00a0\u00e0 l\u2019aide d&#8217;un dermographe muni de petites aiguilles qui en forme une seule. Avant de proc\u00e9der, la technicienne vous fera remplir un questionnaire sant\u00e9 et vous dessinera un cadre sur le contour de vos l\u00e8vres afin de d\u00e9limiter la zone \u00e0 &hellip;<\/p>\n","protected":false},"featured_media":4108,"template":"","meta":{"_acf_changed":false,"_genesis_hide_title":false,"_genesis_hide_breadcrumbs":false,"_genesis_hide_singular_image":false,"_genesis_hide_footer_widgets":false,"_genesis_custom_body_class":"","_genesis_custom_post_class":"","_genesis_layout":""},"product_cat":[46],"product_tag":[],"giftcard-category":[],"class_list":{"0":"post-4107","1":"product","2":"type-product","3":"status-publish","4":"has-post-thumbnail","6":"product_cat-tous","7":"entry","9":"first","10":"outofstock","11":"virtual","12":"taxable","13":"purchasable","14":"product-type-simple"},"acf":[],"yoast_head":"<!-- This site is optimized with the Yoast SEO plugin v22.5 - https:\/\/yoast.com\/wordpress\/plugins\/seo\/ -->\n<title>Maquillage permanent - LipBlush - Spa Sant\u00e9 Le N\u00e9nuphar<\/title>\n<meta name=\"robots\" content=\"noindex, follow, max-snippet:-1, max-image-preview:large, max-video-preview:-1\" \/>\n<meta property=\"og:locale\" content=\"fr_CA\" \/>\n<meta property=\"og:type\" content=\"article\" \/>\n<meta property=\"og:title\" content=\"Maquillage permanent - LipBlush - Spa Sant\u00e9 Le N\u00e9nuphar\" \/>\n<meta property=\"og:description\" content=\"Le lip blush est une technique semi-permanente r\u00e9alis\u00e9e en d\u00e9posant du pigment dans les l\u00e8vres\u00a0\u00e0 l\u2019aide d&#8217;un dermographe muni de petites aiguilles qui en forme une seule. Avant de proc\u00e9der, la technicienne vous fera remplir un questionnaire sant\u00e9 et vous dessinera un cadre sur le contour de vos l\u00e8vres afin de d\u00e9limiter la zone \u00e0 &hellip;\" \/>\n<meta property=\"og:url\" content=\"https:\/\/publissoft.dev\/spasante\/produit\/maquillage-permanent-lipblush\/\" \/>\n<meta property=\"og:site_name\" content=\"Spa Sant\u00e9 Le N\u00e9nuphar\" \/>\n<meta property=\"article:publisher\" content=\"https:\/\/www.facebook.com\/SpaSanteLeNenuphar\" \/>\n<meta property=\"article:modified_time\" content=\"2024-02-23T16:06:06+00:00\" \/>\n<meta property=\"og:image\" content=\"https:\/\/publissoft.dev\/spasante\/wp-content\/uploads\/2022\/11\/lipblush.png\" \/>\n\t<meta property=\"og:image:width\" content=\"940\" \/>\n\t<meta property=\"og:image:height\" content=\"788\" \/>\n\t<meta property=\"og:image:type\" content=\"image\/png\" \/>\n<meta name=\"twitter:card\" content=\"summary_large_image\" \/>\n<meta name=\"twitter:label1\" content=\"Estimation du temps de lecture\" \/>\n\t<meta name=\"twitter:data1\" content=\"2 minutes\" \/>\n<script type=\"application\/ld+json\" class=\"yoast-schema-graph\">{\"@context\":\"https:\/\/schema.org\",\"@graph\":[{\"@type\":\"WebPage\",\"@id\":\"https:\/\/publissoft.dev\/spasante\/produit\/maquillage-permanent-lipblush\/\",\"url\":\"https:\/\/publissoft.dev\/spasante\/produit\/maquillage-permanent-lipblush\/\",\"name\":\"Maquillage permanent - LipBlush - Spa Sant\u00e9 Le N\u00e9nuphar\",\"isPartOf\":{\"@id\":\"https:\/\/publissoft.dev\/spasante\/#website\"},\"primaryImageOfPage\":{\"@id\":\"https:\/\/publissoft.dev\/spasante\/produit\/maquillage-permanent-lipblush\/#primaryimage\"},\"image\":{\"@id\":\"https:\/\/publissoft.dev\/spasante\/produit\/maquillage-permanent-lipblush\/#primaryimage\"},\"thumbnailUrl\":\"https:\/\/publissoft.dev\/spasante\/wp-content\/uploads\/2022\/11\/lipblush.png\",\"datePublished\":\"2022-11-14T16:12:13+00:00\",\"dateModified\":\"2024-02-23T16:06:06+00:00\",\"breadcrumb\":{\"@id\":\"https:\/\/publissoft.dev\/spasante\/produit\/maquillage-permanent-lipblush\/#breadcrumb\"},\"inLanguage\":\"fr-CA\",\"potentialAction\":[{\"@type\":\"ReadAction\",\"target\":[\"https:\/\/publissoft.dev\/spasante\/produit\/maquillage-permanent-lipblush\/\"]}]},{\"@type\":\"ImageObject\",\"inLanguage\":\"fr-CA\",\"@id\":\"https:\/\/publissoft.dev\/spasante\/produit\/maquillage-permanent-lipblush\/#primaryimage\",\"url\":\"https:\/\/publissoft.dev\/spasante\/wp-content\/uploads\/2022\/11\/lipblush.png\",\"contentUrl\":\"https:\/\/publissoft.dev\/spasante\/wp-content\/uploads\/2022\/11\/lipblush.png\",\"width\":940,\"height\":788},{\"@type\":\"BreadcrumbList\",\"@id\":\"https:\/\/publissoft.dev\/spasante\/produit\/maquillage-permanent-lipblush\/#breadcrumb\",\"itemListElement\":[{\"@type\":\"ListItem\",\"position\":1,\"name\":\"Accueil\",\"item\":\"https:\/\/publissoft.dev\/spasante\/\"},{\"@type\":\"ListItem\",\"position\":2,\"name\":\"Boutique\",\"item\":\"https:\/\/publissoft.dev\/spasante\/boutique\/\"},{\"@type\":\"ListItem\",\"position\":3,\"name\":\"Maquillage permanent &#8211; LipBlush\"}]},{\"@type\":\"WebSite\",\"@id\":\"https:\/\/publissoft.dev\/spasante\/#website\",\"url\":\"https:\/\/publissoft.dev\/spasante\/\",\"name\":\"Spa Sant\u00e9 Le N\u00e9nuphar\",\"description\":\"\",\"publisher\":{\"@id\":\"https:\/\/publissoft.dev\/spasante\/#organization\"},\"potentialAction\":[{\"@type\":\"SearchAction\",\"target\":{\"@type\":\"EntryPoint\",\"urlTemplate\":\"https:\/\/publissoft.dev\/spasante\/?s={search_term_string}\"},\"query-input\":\"required name=search_term_string\"}],\"inLanguage\":\"fr-CA\"},{\"@type\":\"Organization\",\"@id\":\"https:\/\/publissoft.dev\/spasante\/#organization\",\"name\":\"Spa Sant\u00e9 Le N\u00e9nuphar\",\"url\":\"https:\/\/publissoft.dev\/spasante\/\",\"logo\":{\"@type\":\"ImageObject\",\"inLanguage\":\"fr-CA\",\"@id\":\"https:\/\/publissoft.dev\/spasante\/#\/schema\/logo\/image\/\",\"url\":\"https:\/\/publissoft.dev\/spasante\/wp-content\/uploads\/2022\/11\/logo-jpg.jpeg\",\"contentUrl\":\"https:\/\/publissoft.dev\/spasante\/wp-content\/uploads\/2022\/11\/logo-jpg.jpeg\",\"width\":900,\"height\":900,\"caption\":\"Spa Sant\u00e9 Le N\u00e9nuphar\"},\"image\":{\"@id\":\"https:\/\/publissoft.dev\/spasante\/#\/schema\/logo\/image\/\"},\"sameAs\":[\"https:\/\/www.facebook.com\/SpaSanteLeNenuphar\",\"https:\/\/www.instagram.com\/spasantelenenuphar\/?hl=fr\"]}]}<\/script>\n<!-- \/ Yoast SEO plugin. -->","yoast_head_json":{"title":"Maquillage permanent - LipBlush - Spa Sant\u00e9 Le N\u00e9nuphar","robots":{"index":"noindex","follow":"follow","max-snippet":"max-snippet:-1","max-image-preview":"max-image-preview:large","max-video-preview":"max-video-preview:-1"},"og_locale":"fr_CA","og_type":"article","og_title":"Maquillage permanent - LipBlush - Spa Sant\u00e9 Le N\u00e9nuphar","og_description":"Le lip blush est une technique semi-permanente r\u00e9alis\u00e9e en d\u00e9posant du pigment dans les l\u00e8vres\u00a0\u00e0 l\u2019aide d&#8217;un dermographe muni de petites aiguilles qui en forme une seule. Avant de proc\u00e9der, la technicienne vous fera remplir un questionnaire sant\u00e9 et vous dessinera un cadre sur le contour de vos l\u00e8vres afin de d\u00e9limiter la zone \u00e0 &hellip;","og_url":"https:\/\/publissoft.dev\/spasante\/produit\/maquillage-permanent-lipblush\/","og_site_name":"Spa Sant\u00e9 Le N\u00e9nuphar","article_publisher":"https:\/\/www.facebook.com\/SpaSanteLeNenuphar","article_modified_time":"2024-02-23T16:06:06+00:00","og_image":[{"width":940,"height":788,"url":"https:\/\/publissoft.dev\/spasante\/wp-content\/uploads\/2022\/11\/lipblush.png","type":"image\/png"}],"twitter_card":"summary_large_image","twitter_misc":{"Estimation du temps de lecture":"2 minutes"},"schema":{"@context":"https:\/\/schema.org","@graph":[{"@type":"WebPage","@id":"https:\/\/publissoft.dev\/spasante\/produit\/maquillage-permanent-lipblush\/","url":"https:\/\/publissoft.dev\/spasante\/produit\/maquillage-permanent-lipblush\/","name":"Maquillage permanent - LipBlush - Spa Sant\u00e9 Le N\u00e9nuphar","isPartOf":{"@id":"https:\/\/publissoft.dev\/spasante\/#website"},"primaryImageOfPage":{"@id":"https:\/\/publissoft.dev\/spasante\/produit\/maquillage-permanent-lipblush\/#primaryimage"},"image":{"@id":"https:\/\/publissoft.dev\/spasante\/produit\/maquillage-permanent-lipblush\/#primaryimage"},"thumbnailUrl":"https:\/\/publissoft.dev\/spasante\/wp-content\/uploads\/2022\/11\/lipblush.png","datePublished":"2022-11-14T16:12:13+00:00","dateModified":"2024-02-23T16:06:06+00:00","breadcrumb":{"@id":"https:\/\/publissoft.dev\/spasante\/produit\/maquillage-permanent-lipblush\/#breadcrumb"},"inLanguage":"fr-CA","potentialAction":[{"@type":"ReadAction","target":["https:\/\/publissoft.dev\/spasante\/produit\/maquillage-permanent-lipblush\/"]}]},{"@type":"ImageObject","inLanguage":"fr-CA","@id":"https:\/\/publissoft.dev\/spasante\/produit\/maquillage-permanent-lipblush\/#primaryimage","url":"https:\/\/publissoft.dev\/spasante\/wp-content\/uploads\/2022\/11\/lipblush.png","contentUrl":"https:\/\/publissoft.dev\/spasante\/wp-content\/uploads\/2022\/11\/lipblush.png","width":940,"height":788},{"@type":"BreadcrumbList","@id":"https:\/\/publissoft.dev\/spasante\/produit\/maquillage-permanent-lipblush\/#breadcrumb","itemListElement":[{"@type":"ListItem","position":1,"name":"Accueil","item":"https:\/\/publissoft.dev\/spasante\/"},{"@type":"ListItem","position":2,"name":"Boutique","item":"https:\/\/publissoft.dev\/spasante\/boutique\/"},{"@type":"ListItem","position":3,"name":"Maquillage permanent &#8211; LipBlush"}]},{"@type":"WebSite","@id":"https:\/\/publissoft.dev\/spasante\/#website","url":"https:\/\/publissoft.dev\/spasante\/","name":"Spa Sant\u00e9 Le N\u00e9nuphar","description":"","publisher":{"@id":"https:\/\/publissoft.dev\/spasante\/#organization"},"potentialAction":[{"@type":"SearchAction","target":{"@type":"EntryPoint","urlTemplate":"https:\/\/publissoft.dev\/spasante\/?s={search_term_string}"},"query-input":"required name=search_term_string"}],"inLanguage":"fr-CA"},{"@type":"Organization","@id":"https:\/\/publissoft.dev\/spasante\/#organization","name":"Spa Sant\u00e9 Le N\u00e9nuphar","url":"https:\/\/publissoft.dev\/spasante\/","logo":{"@type":"ImageObject","inLanguage":"fr-CA","@id":"https:\/\/publissoft.dev\/spasante\/#\/schema\/logo\/image\/","url":"https:\/\/publissoft.dev\/spasante\/wp-content\/uploads\/2022\/11\/logo-jpg.jpeg","contentUrl":"https:\/\/publissoft.dev\/spasante\/wp-content\/uploads\/2022\/11\/logo-jpg.jpeg","width":900,"height":900,"caption":"Spa Sant\u00e9 Le N\u00e9nuphar"},"image":{"@id":"https:\/\/publissoft.dev\/spasante\/#\/schema\/logo\/image\/"},"sameAs":["https:\/\/www.facebook.com\/SpaSanteLeNenuphar","https:\/\/www.instagram.com\/spasantelenenuphar\/?hl=fr"]}]}},"_links":{"self":[{"href":"https:\/\/publissoft.dev\/spasante\/wp-json\/wp\/v2\/product\/4107","targetHints":{"allow":["GET"]}}],"collection":[{"href":"https:\/\/publissoft.dev\/spasante\/wp-json\/wp\/v2\/product"}],"about":[{"href":"https:\/\/publissoft.dev\/spasante\/wp-json\/wp\/v2\/types\/product"}],"wp:featuredmedia":[{"embeddable":true,"href":"https:\/\/publissoft.dev\/spasante\/wp-json\/wp\/v2\/media\/4108"}],"wp:attachment":[{"href":"https:\/\/publissoft.dev\/spasante\/wp-json\/wp\/v2\/media?parent=4107"}],"wp:term":[{"taxonomy":"product_cat","embeddable":true,"href":"https:\/\/publissoft.dev\/spasante\/wp-json\/wp\/v2\/product_cat?post=4107"},{"taxonomy":"product_tag","embeddable":true,"href":"https:\/\/publissoft.dev\/spasante\/wp-json\/wp\/v2\/product_tag?post=4107"},{"taxonomy":"giftcard-category","embeddable":true,"href":"https:\/\/publissoft.dev\/spasante\/wp-json\/wp\/v2\/giftcard-category?post=4107"}],"curies":[{"name":"wp","href":"https:\/\/api.w.org\/{rel}","templated":true}]}}