{"id":416,"date":"2022-01-27T14:35:31","date_gmt":"2022-01-27T19:35:31","guid":{"rendered":"https:\/\/publissoft.dev\/spasante\/produit\/dr-renaud-eau-micellaire-hydra-pure-visage-et-yeux\/"},"modified":"2023-12-05T15:08:29","modified_gmt":"2023-12-05T20:08:29","slug":"dr-renaud-eau-micellaire-hydra-pure-visage-et-yeux","status":"publish","type":"product","link":"https:\/\/publissoft.dev\/spasante\/produit\/dr-renaud-eau-micellaire-hydra-pure-visage-et-yeux\/","title":{"rendered":"Dr. Renaud &#8211; Eau Micellaire Hydra Pure &#8211; Visage et yeux"},"content":{"rendered":"<div class=\"descProd\" data-mce-fragment=\"1\">\n<p data-mce-fragment=\"1\">Eau micellaire HydraPure pour le visage et les yeux<\/p>\n<p data-mce-fragment=\"1\">\u2212 Formule \u00ab haute tol\u00e9rance \u00bb sans alcool, parfum, ni colorant<br data-mce-fragment=\"1\" \/>\u2212 Laisse la peau nette, souple, douce et parfaitement hydrat\u00e9e\u00a0<br data-mce-fragment=\"1\" \/>\u2212 D\u00e9maquille les yeux<\/p>\n<p data-mce-fragment=\"1\"><br data-mce-fragment=\"1\" \/>Eau d\u00e9maquillante micellaire \u00ab triple efficacit\u00e9 \u00bb \u2013 d\u00e9maquille les yeux, nettoie en douceur et tonifie le visage en un seul geste. Ultrapratique en voyage et pour les gens press\u00e9s.<\/p>\n<p data-mce-fragment=\"1\"><br data-mce-fragment=\"1\" \/><strong data-mce-fragment=\"1\">Conseils d\u2019utilisation<\/strong><br data-mce-fragment=\"1\" \/>Matin et\/ou soir, appliquer HydraPure sur un coton et proc\u00e9der d\u00e9licatement au d\u00e9maquillage des yeux s\u2019il y a lieu. D\u00e9poser 1 \u00e0 2 coups de pompe dans le creux de la main et r\u00e9partir uniform\u00e9ment sur le visage et le cou. Masser l\u00e9g\u00e8rement afin d\u2019\u00e9liminer les impuret\u00e9s. Retirer l\u2019exc\u00e9dent \u00e0 l\u2019aide d\u2019une d\u00e9barbouillette humide.<\/p>\n<p data-mce-fragment=\"1\"><br data-mce-fragment=\"1\" \/>N. B. : Il est important de ne pas rincer le produit \u00e0 grande eau<\/p>\n<\/div>\n","protected":false},"excerpt":{"rendered":"<p>Eau micellaire HydraPure pour le visage et les yeux \u2212 Formule \u00ab haute tol\u00e9rance \u00bb sans alcool, parfum, ni colorant\u2212 Laisse la peau nette, souple, douce et parfaitement hydrat\u00e9e\u00a0\u2212 D\u00e9maquille les yeux Eau d\u00e9maquillante micellaire \u00ab triple efficacit\u00e9 \u00bb \u2013 d\u00e9maquille les yeux, nettoie en douceur et tonifie le visage en un seul geste. Ultrapratique &hellip;<\/p>\n","protected":false},"featured_media":442,"template":"","meta":{"_acf_changed":false,"_genesis_hide_title":false,"_genesis_hide_breadcrumbs":false,"_genesis_hide_singular_image":false,"_genesis_hide_footer_widgets":false,"_genesis_custom_body_class":"","_genesis_custom_post_class":"","_genesis_layout":""},"product_cat":[53,37,31,77,46],"product_tag":[],"giftcard-category":[],"class_list":{"0":"post-416","1":"product","2":"type-product","3":"status-publish","4":"has-post-thumbnail","6":"product_cat-gift-card","7":"product_cat-produits","8":"product_cat-laboratoire-dr-renaud","9":"product_cat-produits-en-promotion","10":"product_cat-tous","11":"entry","13":"first","14":"instock","15":"taxable","16":"shipping-taxable","17":"purchasable","18":"product-type-simple"},"acf":[],"yoast_head":"<!-- This site is optimized with the Yoast SEO plugin v22.5 - https:\/\/yoast.com\/wordpress\/plugins\/seo\/ -->\n<title>Dr. Renaud - Eau Micellaire Hydra Pure - Visage et yeux - Spa Sant\u00e9 Le N\u00e9nuphar<\/title>\n<meta name=\"robots\" content=\"noindex, follow, max-snippet:-1, max-image-preview:large, max-video-preview:-1\" \/>\n<meta property=\"og:locale\" content=\"fr_CA\" \/>\n<meta property=\"og:type\" content=\"article\" \/>\n<meta property=\"og:title\" content=\"Dr. Renaud - Eau Micellaire Hydra Pure - Visage et yeux - Spa Sant\u00e9 Le N\u00e9nuphar\" \/>\n<meta property=\"og:description\" content=\"Eau micellaire HydraPure pour le visage et les yeux \u2212 Formule \u00ab haute tol\u00e9rance \u00bb sans alcool, parfum, ni colorant\u2212 Laisse la peau nette, souple, douce et parfaitement hydrat\u00e9e\u00a0\u2212 D\u00e9maquille les yeux Eau d\u00e9maquillante micellaire \u00ab triple efficacit\u00e9 \u00bb \u2013 d\u00e9maquille les yeux, nettoie en douceur et tonifie le visage en un seul geste. Ultrapratique &hellip;\" \/>\n<meta property=\"og:url\" content=\"https:\/\/publissoft.dev\/spasante\/produit\/dr-renaud-eau-micellaire-hydra-pure-visage-et-yeux\/\" \/>\n<meta property=\"og:site_name\" content=\"Spa Sant\u00e9 Le N\u00e9nuphar\" \/>\n<meta property=\"article:publisher\" content=\"https:\/\/www.facebook.com\/SpaSanteLeNenuphar\" \/>\n<meta property=\"article:modified_time\" content=\"2023-12-05T20:08:29+00:00\" \/>\n<meta property=\"og:image\" content=\"https:\/\/publissoft.dev\/spasante\/wp-content\/uploads\/2022\/01\/eau-micellaire-hydra-pure-visage-et-yeux.jpg\" \/>\n\t<meta property=\"og:image:width\" content=\"1500\" \/>\n\t<meta property=\"og:image:height\" content=\"1500\" \/>\n\t<meta property=\"og:image:type\" content=\"image\/jpeg\" \/>\n<meta name=\"twitter:card\" content=\"summary_large_image\" \/>\n<meta name=\"twitter:label1\" content=\"Estimation du temps de lecture\" \/>\n\t<meta name=\"twitter:data1\" content=\"1 minute\" \/>\n<script type=\"application\/ld+json\" class=\"yoast-schema-graph\">{\"@context\":\"https:\/\/schema.org\",\"@graph\":[{\"@type\":\"WebPage\",\"@id\":\"https:\/\/publissoft.dev\/spasante\/produit\/dr-renaud-eau-micellaire-hydra-pure-visage-et-yeux\/\",\"url\":\"https:\/\/publissoft.dev\/spasante\/produit\/dr-renaud-eau-micellaire-hydra-pure-visage-et-yeux\/\",\"name\":\"Dr. Renaud - Eau Micellaire Hydra Pure - Visage et yeux - Spa Sant\u00e9 Le N\u00e9nuphar\",\"isPartOf\":{\"@id\":\"https:\/\/publissoft.dev\/spasante\/#website\"},\"primaryImageOfPage\":{\"@id\":\"https:\/\/publissoft.dev\/spasante\/produit\/dr-renaud-eau-micellaire-hydra-pure-visage-et-yeux\/#primaryimage\"},\"image\":{\"@id\":\"https:\/\/publissoft.dev\/spasante\/produit\/dr-renaud-eau-micellaire-hydra-pure-visage-et-yeux\/#primaryimage\"},\"thumbnailUrl\":\"https:\/\/publissoft.dev\/spasante\/wp-content\/uploads\/2022\/01\/eau-micellaire-hydra-pure-visage-et-yeux.jpg\",\"datePublished\":\"2022-01-27T19:35:31+00:00\",\"dateModified\":\"2023-12-05T20:08:29+00:00\",\"breadcrumb\":{\"@id\":\"https:\/\/publissoft.dev\/spasante\/produit\/dr-renaud-eau-micellaire-hydra-pure-visage-et-yeux\/#breadcrumb\"},\"inLanguage\":\"fr-CA\",\"potentialAction\":[{\"@type\":\"ReadAction\",\"target\":[\"https:\/\/publissoft.dev\/spasante\/produit\/dr-renaud-eau-micellaire-hydra-pure-visage-et-yeux\/\"]}]},{\"@type\":\"ImageObject\",\"inLanguage\":\"fr-CA\",\"@id\":\"https:\/\/publissoft.dev\/spasante\/produit\/dr-renaud-eau-micellaire-hydra-pure-visage-et-yeux\/#primaryimage\",\"url\":\"https:\/\/publissoft.dev\/spasante\/wp-content\/uploads\/2022\/01\/eau-micellaire-hydra-pure-visage-et-yeux.jpg\",\"contentUrl\":\"https:\/\/publissoft.dev\/spasante\/wp-content\/uploads\/2022\/01\/eau-micellaire-hydra-pure-visage-et-yeux.jpg\",\"width\":1500,\"height\":1500},{\"@type\":\"BreadcrumbList\",\"@id\":\"https:\/\/publissoft.dev\/spasante\/produit\/dr-renaud-eau-micellaire-hydra-pure-visage-et-yeux\/#breadcrumb\",\"itemListElement\":[{\"@type\":\"ListItem\",\"position\":1,\"name\":\"Accueil\",\"item\":\"https:\/\/publissoft.dev\/spasante\/\"},{\"@type\":\"ListItem\",\"position\":2,\"name\":\"Boutique\",\"item\":\"https:\/\/publissoft.dev\/spasante\/boutique\/\"},{\"@type\":\"ListItem\",\"position\":3,\"name\":\"Dr. Renaud &#8211; Eau Micellaire Hydra Pure &#8211; Visage et yeux\"}]},{\"@type\":\"WebSite\",\"@id\":\"https:\/\/publissoft.dev\/spasante\/#website\",\"url\":\"https:\/\/publissoft.dev\/spasante\/\",\"name\":\"Spa Sant\u00e9 Le N\u00e9nuphar\",\"description\":\"\",\"publisher\":{\"@id\":\"https:\/\/publissoft.dev\/spasante\/#organization\"},\"potentialAction\":[{\"@type\":\"SearchAction\",\"target\":{\"@type\":\"EntryPoint\",\"urlTemplate\":\"https:\/\/publissoft.dev\/spasante\/?s={search_term_string}\"},\"query-input\":\"required name=search_term_string\"}],\"inLanguage\":\"fr-CA\"},{\"@type\":\"Organization\",\"@id\":\"https:\/\/publissoft.dev\/spasante\/#organization\",\"name\":\"Spa Sant\u00e9 Le N\u00e9nuphar\",\"url\":\"https:\/\/publissoft.dev\/spasante\/\",\"logo\":{\"@type\":\"ImageObject\",\"inLanguage\":\"fr-CA\",\"@id\":\"https:\/\/publissoft.dev\/spasante\/#\/schema\/logo\/image\/\",\"url\":\"https:\/\/publissoft.dev\/spasante\/wp-content\/uploads\/2022\/11\/logo-jpg.jpeg\",\"contentUrl\":\"https:\/\/publissoft.dev\/spasante\/wp-content\/uploads\/2022\/11\/logo-jpg.jpeg\",\"width\":900,\"height\":900,\"caption\":\"Spa Sant\u00e9 Le N\u00e9nuphar\"},\"image\":{\"@id\":\"https:\/\/publissoft.dev\/spasante\/#\/schema\/logo\/image\/\"},\"sameAs\":[\"https:\/\/www.facebook.com\/SpaSanteLeNenuphar\",\"https:\/\/www.instagram.com\/spasantelenenuphar\/?hl=fr\"]}]}<\/script>\n<!-- \/ Yoast SEO plugin. -->","yoast_head_json":{"title":"Dr. Renaud - Eau Micellaire Hydra Pure - Visage et yeux - Spa Sant\u00e9 Le N\u00e9nuphar","robots":{"index":"noindex","follow":"follow","max-snippet":"max-snippet:-1","max-image-preview":"max-image-preview:large","max-video-preview":"max-video-preview:-1"},"og_locale":"fr_CA","og_type":"article","og_title":"Dr. Renaud - Eau Micellaire Hydra Pure - Visage et yeux - Spa Sant\u00e9 Le N\u00e9nuphar","og_description":"Eau micellaire HydraPure pour le visage et les yeux \u2212 Formule \u00ab haute tol\u00e9rance \u00bb sans alcool, parfum, ni colorant\u2212 Laisse la peau nette, souple, douce et parfaitement hydrat\u00e9e\u00a0\u2212 D\u00e9maquille les yeux Eau d\u00e9maquillante micellaire \u00ab triple efficacit\u00e9 \u00bb \u2013 d\u00e9maquille les yeux, nettoie en douceur et tonifie le visage en un seul geste. Ultrapratique &hellip;","og_url":"https:\/\/publissoft.dev\/spasante\/produit\/dr-renaud-eau-micellaire-hydra-pure-visage-et-yeux\/","og_site_name":"Spa Sant\u00e9 Le N\u00e9nuphar","article_publisher":"https:\/\/www.facebook.com\/SpaSanteLeNenuphar","article_modified_time":"2023-12-05T20:08:29+00:00","og_image":[{"width":1500,"height":1500,"url":"https:\/\/publissoft.dev\/spasante\/wp-content\/uploads\/2022\/01\/eau-micellaire-hydra-pure-visage-et-yeux.jpg","type":"image\/jpeg"}],"twitter_card":"summary_large_image","twitter_misc":{"Estimation du temps de lecture":"1 minute"},"schema":{"@context":"https:\/\/schema.org","@graph":[{"@type":"WebPage","@id":"https:\/\/publissoft.dev\/spasante\/produit\/dr-renaud-eau-micellaire-hydra-pure-visage-et-yeux\/","url":"https:\/\/publissoft.dev\/spasante\/produit\/dr-renaud-eau-micellaire-hydra-pure-visage-et-yeux\/","name":"Dr. Renaud - Eau Micellaire Hydra Pure - Visage et yeux - Spa Sant\u00e9 Le N\u00e9nuphar","isPartOf":{"@id":"https:\/\/publissoft.dev\/spasante\/#website"},"primaryImageOfPage":{"@id":"https:\/\/publissoft.dev\/spasante\/produit\/dr-renaud-eau-micellaire-hydra-pure-visage-et-yeux\/#primaryimage"},"image":{"@id":"https:\/\/publissoft.dev\/spasante\/produit\/dr-renaud-eau-micellaire-hydra-pure-visage-et-yeux\/#primaryimage"},"thumbnailUrl":"https:\/\/publissoft.dev\/spasante\/wp-content\/uploads\/2022\/01\/eau-micellaire-hydra-pure-visage-et-yeux.jpg","datePublished":"2022-01-27T19:35:31+00:00","dateModified":"2023-12-05T20:08:29+00:00","breadcrumb":{"@id":"https:\/\/publissoft.dev\/spasante\/produit\/dr-renaud-eau-micellaire-hydra-pure-visage-et-yeux\/#breadcrumb"},"inLanguage":"fr-CA","potentialAction":[{"@type":"ReadAction","target":["https:\/\/publissoft.dev\/spasante\/produit\/dr-renaud-eau-micellaire-hydra-pure-visage-et-yeux\/"]}]},{"@type":"ImageObject","inLanguage":"fr-CA","@id":"https:\/\/publissoft.dev\/spasante\/produit\/dr-renaud-eau-micellaire-hydra-pure-visage-et-yeux\/#primaryimage","url":"https:\/\/publissoft.dev\/spasante\/wp-content\/uploads\/2022\/01\/eau-micellaire-hydra-pure-visage-et-yeux.jpg","contentUrl":"https:\/\/publissoft.dev\/spasante\/wp-content\/uploads\/2022\/01\/eau-micellaire-hydra-pure-visage-et-yeux.jpg","width":1500,"height":1500},{"@type":"BreadcrumbList","@id":"https:\/\/publissoft.dev\/spasante\/produit\/dr-renaud-eau-micellaire-hydra-pure-visage-et-yeux\/#breadcrumb","itemListElement":[{"@type":"ListItem","position":1,"name":"Accueil","item":"https:\/\/publissoft.dev\/spasante\/"},{"@type":"ListItem","position":2,"name":"Boutique","item":"https:\/\/publissoft.dev\/spasante\/boutique\/"},{"@type":"ListItem","position":3,"name":"Dr. Renaud &#8211; Eau Micellaire Hydra Pure &#8211; Visage et yeux"}]},{"@type":"WebSite","@id":"https:\/\/publissoft.dev\/spasante\/#website","url":"https:\/\/publissoft.dev\/spasante\/","name":"Spa Sant\u00e9 Le N\u00e9nuphar","description":"","publisher":{"@id":"https:\/\/publissoft.dev\/spasante\/#organization"},"potentialAction":[{"@type":"SearchAction","target":{"@type":"EntryPoint","urlTemplate":"https:\/\/publissoft.dev\/spasante\/?s={search_term_string}"},"query-input":"required name=search_term_string"}],"inLanguage":"fr-CA"},{"@type":"Organization","@id":"https:\/\/publissoft.dev\/spasante\/#organization","name":"Spa Sant\u00e9 Le N\u00e9nuphar","url":"https:\/\/publissoft.dev\/spasante\/","logo":{"@type":"ImageObject","inLanguage":"fr-CA","@id":"https:\/\/publissoft.dev\/spasante\/#\/schema\/logo\/image\/","url":"https:\/\/publissoft.dev\/spasante\/wp-content\/uploads\/2022\/11\/logo-jpg.jpeg","contentUrl":"https:\/\/publissoft.dev\/spasante\/wp-content\/uploads\/2022\/11\/logo-jpg.jpeg","width":900,"height":900,"caption":"Spa Sant\u00e9 Le N\u00e9nuphar"},"image":{"@id":"https:\/\/publissoft.dev\/spasante\/#\/schema\/logo\/image\/"},"sameAs":["https:\/\/www.facebook.com\/SpaSanteLeNenuphar","https:\/\/www.instagram.com\/spasantelenenuphar\/?hl=fr"]}]}},"_links":{"self":[{"href":"https:\/\/publissoft.dev\/spasante\/wp-json\/wp\/v2\/product\/416","targetHints":{"allow":["GET"]}}],"collection":[{"href":"https:\/\/publissoft.dev\/spasante\/wp-json\/wp\/v2\/product"}],"about":[{"href":"https:\/\/publissoft.dev\/spasante\/wp-json\/wp\/v2\/types\/product"}],"wp:featuredmedia":[{"embeddable":true,"href":"https:\/\/publissoft.dev\/spasante\/wp-json\/wp\/v2\/media\/442"}],"wp:attachment":[{"href":"https:\/\/publissoft.dev\/spasante\/wp-json\/wp\/v2\/media?parent=416"}],"wp:term":[{"taxonomy":"product_cat","embeddable":true,"href":"https:\/\/publissoft.dev\/spasante\/wp-json\/wp\/v2\/product_cat?post=416"},{"taxonomy":"product_tag","embeddable":true,"href":"https:\/\/publissoft.dev\/spasante\/wp-json\/wp\/v2\/product_tag?post=416"},{"taxonomy":"giftcard-category","embeddable":true,"href":"https:\/\/publissoft.dev\/spasante\/wp-json\/wp\/v2\/giftcard-category?post=416"}],"curies":[{"name":"wp","href":"https:\/\/api.w.org\/{rel}","templated":true}]}}