{"id":424,"date":"2022-01-27T14:35:36","date_gmt":"2022-01-27T19:35:36","guid":{"rendered":"https:\/\/publissoft.dev\/spasante\/produit\/dr-renaud-hydrascience-ahd3-emulsion-legere-24-h\/"},"modified":"2024-01-30T10:17:32","modified_gmt":"2024-01-30T15:17:32","slug":"hydrascience-ahd3-emulsion-legere-24-h-spa-sante-le-nenuphar","status":"publish","type":"product","link":"https:\/\/publissoft.dev\/spasante\/produit\/hydrascience-ahd3-emulsion-legere-24-h-spa-sante-le-nenuphar\/","title":{"rendered":"Dr. Renaud &#8211; HydraScience AHD3 \u2013 \u00c9mulsion l\u00e9g\u00e8re 24 h"},"content":{"rendered":"<div class=\"descProd\" data-mce-fragment=\"1\">\n<p data-mce-fragment=\"1\"><strong data-mce-fragment=\"1\">HydraScience AHD3 \u2013 \u00c9mulsion l\u00e9g\u00e8re 24 h <\/strong><\/p>\n<p data-mce-fragment=\"1\">\u2212 Hydrate imm\u00e9diatement et durablement la peau<br \/>\n\u2212 Estompe les rides et les ridules<br \/>\n\u2212 Prot\u00e8ge contre les agresseurs environnementaux<\/p>\n<p data-mce-fragment=\"1\">Un \u00e9mulgel 24 h ultral\u00e9ger, frais et non collant pour les peaux mixtes \u00e0 grasses. Ce soin innovant agit au c\u0153ur m\u00eame des cellules pour relancer et entretenir les m\u00e9canismes naturels qui permettent \u00e0 la peau de s\u2019hydrater elle-m\u00eame. La peau est imm\u00e9diatement regonfl\u00e9e, les creux repulp\u00e9s, les traits d\u00e9froiss\u00e9s. Au fil du temps, la peau r\u00e9siste mieux aux diff\u00e9rents stress environnementaux. Profond\u00e9ment hydrat\u00e9e, elle est combl\u00e9e de vitalit\u00e9, d\u2019une extr\u00eame douceur et d\u2019un bien-\u00eatre absolu!<\/p>\n<p data-mce-fragment=\"1\"><strong data-mce-fragment=\"1\">Conseils d\u2019utilisation<\/strong><\/p>\n<p data-mce-fragment=\"1\">Matin et soir, appliquer sur le visage et le cou apr\u00e8s un nettoyage minutieux<\/p>\n<p data-mce-fragment=\"1\"><strong>Format<\/strong> 50ml<\/p>\n<\/div>\n","protected":false},"excerpt":{"rendered":"<p>HydraScience AHD3 \u2013 \u00c9mulsion l\u00e9g\u00e8re 24 h \u2212 Hydrate imm\u00e9diatement et durablement la peau \u2212 Estompe les rides et les ridules \u2212 Prot\u00e8ge contre les agresseurs environnementaux Un \u00e9mulgel 24 h ultral\u00e9ger, frais et non collant pour les peaux mixtes \u00e0 grasses. Ce soin innovant agit au c\u0153ur m\u00eame des cellules pour relancer et entretenir &hellip;<\/p>\n","protected":false},"featured_media":449,"template":"","meta":{"_acf_changed":false,"_genesis_hide_title":false,"_genesis_hide_breadcrumbs":false,"_genesis_hide_singular_image":false,"_genesis_hide_footer_widgets":false,"_genesis_custom_body_class":"","_genesis_custom_post_class":"","_genesis_layout":""},"product_cat":[53,37,31,77,46],"product_tag":[],"giftcard-category":[],"class_list":{"0":"post-424","1":"product","2":"type-product","3":"status-publish","4":"has-post-thumbnail","6":"product_cat-gift-card","7":"product_cat-produits","8":"product_cat-laboratoire-dr-renaud","9":"product_cat-produits-en-promotion","10":"product_cat-tous","11":"entry","13":"first","14":"instock","15":"taxable","16":"shipping-taxable","17":"purchasable","18":"product-type-simple"},"acf":[],"yoast_head":"<!-- This site is optimized with the Yoast SEO plugin v22.5 - https:\/\/yoast.com\/wordpress\/plugins\/seo\/ -->\n<title>Dr. Renaud - HydraScience AHD3 \u2013 \u00c9mulsion l\u00e9g\u00e8re 24 h - Spa Sant\u00e9 Le N\u00e9nuphar<\/title>\n<meta name=\"description\" content=\"HydraScience AHD3 - \u00c9mulsion l\u00e9g\u00e8re 24 h - Hydratation imm\u00e9diate et durable de la peau, protection contre les agressions ext\u00e9rieures. Rendez-nous visite !\" \/>\n<meta name=\"robots\" content=\"noindex, follow, max-snippet:-1, max-image-preview:large, max-video-preview:-1\" \/>\n<meta property=\"og:locale\" content=\"fr_CA\" \/>\n<meta property=\"og:type\" content=\"article\" \/>\n<meta property=\"og:title\" content=\"Dr. Renaud - HydraScience AHD3 \u2013 \u00c9mulsion l\u00e9g\u00e8re 24 h - Spa Sant\u00e9 Le N\u00e9nuphar\" \/>\n<meta property=\"og:description\" content=\"HydraScience AHD3 - \u00c9mulsion l\u00e9g\u00e8re 24 h - Hydratation imm\u00e9diate et durable de la peau, protection contre les agressions ext\u00e9rieures. Rendez-nous visite !\" \/>\n<meta property=\"og:url\" content=\"https:\/\/publissoft.dev\/spasante\/produit\/hydrascience-ahd3-emulsion-legere-24-h-spa-sante-le-nenuphar\/\" \/>\n<meta property=\"og:site_name\" content=\"Spa Sant\u00e9 Le N\u00e9nuphar\" \/>\n<meta property=\"article:publisher\" content=\"https:\/\/www.facebook.com\/SpaSanteLeNenuphar\" \/>\n<meta property=\"article:modified_time\" content=\"2024-01-30T15:17:32+00:00\" \/>\n<meta property=\"og:image\" content=\"https:\/\/publissoft.dev\/spasante\/wp-content\/uploads\/2022\/01\/HydraScienceAHD3_Emulsionlegere24h.jpg\" \/>\n\t<meta property=\"og:image:width\" content=\"800\" \/>\n\t<meta property=\"og:image:height\" content=\"800\" \/>\n\t<meta property=\"og:image:type\" content=\"image\/jpeg\" \/>\n<meta name=\"twitter:card\" content=\"summary_large_image\" \/>\n<meta name=\"twitter:label1\" content=\"Estimation du temps de lecture\" \/>\n\t<meta name=\"twitter:data1\" content=\"1 minute\" \/>\n<script type=\"application\/ld+json\" class=\"yoast-schema-graph\">{\"@context\":\"https:\/\/schema.org\",\"@graph\":[{\"@type\":\"WebPage\",\"@id\":\"https:\/\/publissoft.dev\/spasante\/produit\/hydrascience-ahd3-emulsion-legere-24-h-spa-sante-le-nenuphar\/\",\"url\":\"https:\/\/publissoft.dev\/spasante\/produit\/hydrascience-ahd3-emulsion-legere-24-h-spa-sante-le-nenuphar\/\",\"name\":\"Dr. Renaud - HydraScience AHD3 \u2013 \u00c9mulsion l\u00e9g\u00e8re 24 h - Spa Sant\u00e9 Le N\u00e9nuphar\",\"isPartOf\":{\"@id\":\"https:\/\/publissoft.dev\/spasante\/#website\"},\"primaryImageOfPage\":{\"@id\":\"https:\/\/publissoft.dev\/spasante\/produit\/hydrascience-ahd3-emulsion-legere-24-h-spa-sante-le-nenuphar\/#primaryimage\"},\"image\":{\"@id\":\"https:\/\/publissoft.dev\/spasante\/produit\/hydrascience-ahd3-emulsion-legere-24-h-spa-sante-le-nenuphar\/#primaryimage\"},\"thumbnailUrl\":\"https:\/\/publissoft.dev\/spasante\/wp-content\/uploads\/2022\/01\/HydraScienceAHD3_Emulsionlegere24h.jpg\",\"datePublished\":\"2022-01-27T19:35:36+00:00\",\"dateModified\":\"2024-01-30T15:17:32+00:00\",\"description\":\"HydraScience AHD3 - \u00c9mulsion l\u00e9g\u00e8re 24 h - Hydratation imm\u00e9diate et durable de la peau, protection contre les agressions ext\u00e9rieures. Rendez-nous visite !\",\"breadcrumb\":{\"@id\":\"https:\/\/publissoft.dev\/spasante\/produit\/hydrascience-ahd3-emulsion-legere-24-h-spa-sante-le-nenuphar\/#breadcrumb\"},\"inLanguage\":\"fr-CA\",\"potentialAction\":[{\"@type\":\"ReadAction\",\"target\":[\"https:\/\/publissoft.dev\/spasante\/produit\/hydrascience-ahd3-emulsion-legere-24-h-spa-sante-le-nenuphar\/\"]}]},{\"@type\":\"ImageObject\",\"inLanguage\":\"fr-CA\",\"@id\":\"https:\/\/publissoft.dev\/spasante\/produit\/hydrascience-ahd3-emulsion-legere-24-h-spa-sante-le-nenuphar\/#primaryimage\",\"url\":\"https:\/\/publissoft.dev\/spasante\/wp-content\/uploads\/2022\/01\/HydraScienceAHD3_Emulsionlegere24h.jpg\",\"contentUrl\":\"https:\/\/publissoft.dev\/spasante\/wp-content\/uploads\/2022\/01\/HydraScienceAHD3_Emulsionlegere24h.jpg\",\"width\":800,\"height\":800},{\"@type\":\"BreadcrumbList\",\"@id\":\"https:\/\/publissoft.dev\/spasante\/produit\/hydrascience-ahd3-emulsion-legere-24-h-spa-sante-le-nenuphar\/#breadcrumb\",\"itemListElement\":[{\"@type\":\"ListItem\",\"position\":1,\"name\":\"Accueil\",\"item\":\"https:\/\/publissoft.dev\/spasante\/\"},{\"@type\":\"ListItem\",\"position\":2,\"name\":\"Boutique\",\"item\":\"https:\/\/publissoft.dev\/spasante\/boutique\/\"},{\"@type\":\"ListItem\",\"position\":3,\"name\":\"Dr. Renaud &#8211; HydraScience AHD3 \u2013 \u00c9mulsion l\u00e9g\u00e8re 24 h\"}]},{\"@type\":\"WebSite\",\"@id\":\"https:\/\/publissoft.dev\/spasante\/#website\",\"url\":\"https:\/\/publissoft.dev\/spasante\/\",\"name\":\"Spa Sant\u00e9 Le N\u00e9nuphar\",\"description\":\"\",\"publisher\":{\"@id\":\"https:\/\/publissoft.dev\/spasante\/#organization\"},\"potentialAction\":[{\"@type\":\"SearchAction\",\"target\":{\"@type\":\"EntryPoint\",\"urlTemplate\":\"https:\/\/publissoft.dev\/spasante\/?s={search_term_string}\"},\"query-input\":\"required name=search_term_string\"}],\"inLanguage\":\"fr-CA\"},{\"@type\":\"Organization\",\"@id\":\"https:\/\/publissoft.dev\/spasante\/#organization\",\"name\":\"Spa Sant\u00e9 Le N\u00e9nuphar\",\"url\":\"https:\/\/publissoft.dev\/spasante\/\",\"logo\":{\"@type\":\"ImageObject\",\"inLanguage\":\"fr-CA\",\"@id\":\"https:\/\/publissoft.dev\/spasante\/#\/schema\/logo\/image\/\",\"url\":\"https:\/\/publissoft.dev\/spasante\/wp-content\/uploads\/2022\/11\/logo-jpg.jpeg\",\"contentUrl\":\"https:\/\/publissoft.dev\/spasante\/wp-content\/uploads\/2022\/11\/logo-jpg.jpeg\",\"width\":900,\"height\":900,\"caption\":\"Spa Sant\u00e9 Le N\u00e9nuphar\"},\"image\":{\"@id\":\"https:\/\/publissoft.dev\/spasante\/#\/schema\/logo\/image\/\"},\"sameAs\":[\"https:\/\/www.facebook.com\/SpaSanteLeNenuphar\",\"https:\/\/www.instagram.com\/spasantelenenuphar\/?hl=fr\"]}]}<\/script>\n<!-- \/ Yoast SEO plugin. -->","yoast_head_json":{"title":"Dr. Renaud - HydraScience AHD3 \u2013 \u00c9mulsion l\u00e9g\u00e8re 24 h - Spa Sant\u00e9 Le N\u00e9nuphar","description":"HydraScience AHD3 - \u00c9mulsion l\u00e9g\u00e8re 24 h - Hydratation imm\u00e9diate et durable de la peau, protection contre les agressions ext\u00e9rieures. Rendez-nous visite !","robots":{"index":"noindex","follow":"follow","max-snippet":"max-snippet:-1","max-image-preview":"max-image-preview:large","max-video-preview":"max-video-preview:-1"},"og_locale":"fr_CA","og_type":"article","og_title":"Dr. Renaud - HydraScience AHD3 \u2013 \u00c9mulsion l\u00e9g\u00e8re 24 h - Spa Sant\u00e9 Le N\u00e9nuphar","og_description":"HydraScience AHD3 - \u00c9mulsion l\u00e9g\u00e8re 24 h - Hydratation imm\u00e9diate et durable de la peau, protection contre les agressions ext\u00e9rieures. Rendez-nous visite !","og_url":"https:\/\/publissoft.dev\/spasante\/produit\/hydrascience-ahd3-emulsion-legere-24-h-spa-sante-le-nenuphar\/","og_site_name":"Spa Sant\u00e9 Le N\u00e9nuphar","article_publisher":"https:\/\/www.facebook.com\/SpaSanteLeNenuphar","article_modified_time":"2024-01-30T15:17:32+00:00","og_image":[{"width":800,"height":800,"url":"https:\/\/publissoft.dev\/spasante\/wp-content\/uploads\/2022\/01\/HydraScienceAHD3_Emulsionlegere24h.jpg","type":"image\/jpeg"}],"twitter_card":"summary_large_image","twitter_misc":{"Estimation du temps de lecture":"1 minute"},"schema":{"@context":"https:\/\/schema.org","@graph":[{"@type":"WebPage","@id":"https:\/\/publissoft.dev\/spasante\/produit\/hydrascience-ahd3-emulsion-legere-24-h-spa-sante-le-nenuphar\/","url":"https:\/\/publissoft.dev\/spasante\/produit\/hydrascience-ahd3-emulsion-legere-24-h-spa-sante-le-nenuphar\/","name":"Dr. Renaud - HydraScience AHD3 \u2013 \u00c9mulsion l\u00e9g\u00e8re 24 h - Spa Sant\u00e9 Le N\u00e9nuphar","isPartOf":{"@id":"https:\/\/publissoft.dev\/spasante\/#website"},"primaryImageOfPage":{"@id":"https:\/\/publissoft.dev\/spasante\/produit\/hydrascience-ahd3-emulsion-legere-24-h-spa-sante-le-nenuphar\/#primaryimage"},"image":{"@id":"https:\/\/publissoft.dev\/spasante\/produit\/hydrascience-ahd3-emulsion-legere-24-h-spa-sante-le-nenuphar\/#primaryimage"},"thumbnailUrl":"https:\/\/publissoft.dev\/spasante\/wp-content\/uploads\/2022\/01\/HydraScienceAHD3_Emulsionlegere24h.jpg","datePublished":"2022-01-27T19:35:36+00:00","dateModified":"2024-01-30T15:17:32+00:00","description":"HydraScience AHD3 - \u00c9mulsion l\u00e9g\u00e8re 24 h - Hydratation imm\u00e9diate et durable de la peau, protection contre les agressions ext\u00e9rieures. Rendez-nous visite !","breadcrumb":{"@id":"https:\/\/publissoft.dev\/spasante\/produit\/hydrascience-ahd3-emulsion-legere-24-h-spa-sante-le-nenuphar\/#breadcrumb"},"inLanguage":"fr-CA","potentialAction":[{"@type":"ReadAction","target":["https:\/\/publissoft.dev\/spasante\/produit\/hydrascience-ahd3-emulsion-legere-24-h-spa-sante-le-nenuphar\/"]}]},{"@type":"ImageObject","inLanguage":"fr-CA","@id":"https:\/\/publissoft.dev\/spasante\/produit\/hydrascience-ahd3-emulsion-legere-24-h-spa-sante-le-nenuphar\/#primaryimage","url":"https:\/\/publissoft.dev\/spasante\/wp-content\/uploads\/2022\/01\/HydraScienceAHD3_Emulsionlegere24h.jpg","contentUrl":"https:\/\/publissoft.dev\/spasante\/wp-content\/uploads\/2022\/01\/HydraScienceAHD3_Emulsionlegere24h.jpg","width":800,"height":800},{"@type":"BreadcrumbList","@id":"https:\/\/publissoft.dev\/spasante\/produit\/hydrascience-ahd3-emulsion-legere-24-h-spa-sante-le-nenuphar\/#breadcrumb","itemListElement":[{"@type":"ListItem","position":1,"name":"Accueil","item":"https:\/\/publissoft.dev\/spasante\/"},{"@type":"ListItem","position":2,"name":"Boutique","item":"https:\/\/publissoft.dev\/spasante\/boutique\/"},{"@type":"ListItem","position":3,"name":"Dr. Renaud &#8211; HydraScience AHD3 \u2013 \u00c9mulsion l\u00e9g\u00e8re 24 h"}]},{"@type":"WebSite","@id":"https:\/\/publissoft.dev\/spasante\/#website","url":"https:\/\/publissoft.dev\/spasante\/","name":"Spa Sant\u00e9 Le N\u00e9nuphar","description":"","publisher":{"@id":"https:\/\/publissoft.dev\/spasante\/#organization"},"potentialAction":[{"@type":"SearchAction","target":{"@type":"EntryPoint","urlTemplate":"https:\/\/publissoft.dev\/spasante\/?s={search_term_string}"},"query-input":"required name=search_term_string"}],"inLanguage":"fr-CA"},{"@type":"Organization","@id":"https:\/\/publissoft.dev\/spasante\/#organization","name":"Spa Sant\u00e9 Le N\u00e9nuphar","url":"https:\/\/publissoft.dev\/spasante\/","logo":{"@type":"ImageObject","inLanguage":"fr-CA","@id":"https:\/\/publissoft.dev\/spasante\/#\/schema\/logo\/image\/","url":"https:\/\/publissoft.dev\/spasante\/wp-content\/uploads\/2022\/11\/logo-jpg.jpeg","contentUrl":"https:\/\/publissoft.dev\/spasante\/wp-content\/uploads\/2022\/11\/logo-jpg.jpeg","width":900,"height":900,"caption":"Spa Sant\u00e9 Le N\u00e9nuphar"},"image":{"@id":"https:\/\/publissoft.dev\/spasante\/#\/schema\/logo\/image\/"},"sameAs":["https:\/\/www.facebook.com\/SpaSanteLeNenuphar","https:\/\/www.instagram.com\/spasantelenenuphar\/?hl=fr"]}]}},"_links":{"self":[{"href":"https:\/\/publissoft.dev\/spasante\/wp-json\/wp\/v2\/product\/424","targetHints":{"allow":["GET"]}}],"collection":[{"href":"https:\/\/publissoft.dev\/spasante\/wp-json\/wp\/v2\/product"}],"about":[{"href":"https:\/\/publissoft.dev\/spasante\/wp-json\/wp\/v2\/types\/product"}],"wp:featuredmedia":[{"embeddable":true,"href":"https:\/\/publissoft.dev\/spasante\/wp-json\/wp\/v2\/media\/449"}],"wp:attachment":[{"href":"https:\/\/publissoft.dev\/spasante\/wp-json\/wp\/v2\/media?parent=424"}],"wp:term":[{"taxonomy":"product_cat","embeddable":true,"href":"https:\/\/publissoft.dev\/spasante\/wp-json\/wp\/v2\/product_cat?post=424"},{"taxonomy":"product_tag","embeddable":true,"href":"https:\/\/publissoft.dev\/spasante\/wp-json\/wp\/v2\/product_tag?post=424"},{"taxonomy":"giftcard-category","embeddable":true,"href":"https:\/\/publissoft.dev\/spasante\/wp-json\/wp\/v2\/giftcard-category?post=424"}],"curies":[{"name":"wp","href":"https:\/\/api.w.org\/{rel}","templated":true}]}}