{"id":446,"date":"2022-01-27T14:35:51","date_gmt":"2022-01-27T19:35:51","guid":{"rendered":"https:\/\/publissoft.dev\/spasante\/produit\/dr-renaud-serum-aha-affinant-et-ravivant\/"},"modified":"2024-04-19T11:33:53","modified_gmt":"2024-04-19T15:33:53","slug":"serum-aha-affinant-et-ravivant-spa-sante-le-nenuphar","status":"publish","type":"product","link":"https:\/\/publissoft.dev\/spasante\/produit\/serum-aha-affinant-et-ravivant-spa-sante-le-nenuphar\/","title":{"rendered":"Dr. Renaud &#8211; S\u00e9rum AHA \u2013 Affinant et ravivant"},"content":{"rendered":"<div class=\"descProd\" data-mce-fragment=\"1\">\n<p data-mce-fragment=\"1\"><strong>S\u00e9rum AHA \u2013 Affinant et ravivant<\/strong><\/p>\n<p data-mce-fragment=\"1\">\u2212 Lisse le grain de la peau et en am\u00e9liore la texture<br \/>\n\u2212 Illumine le teint<br \/>\n\u2212 Att\u00e9nue l\u2019apparence des rides et des ridules<\/p>\n<p data-mce-fragment=\"1\">Gr\u00e2ce \u00e0 ses ingr\u00e9dients-cl\u00e9s d\u2019une efficacit\u00e9 remarquable, ce soin \u00ab peau neuve \u00bb am\u00e9liore et affine toutes les peaux. Il redonne tout leur \u00e9clat aux teints brouill\u00e9s pour d\u00e9voiler une peau sans d\u00e9faut! Avec l\u2019utilisation de la technologie \u00e0 lib\u00e9ration progressive contr\u00f4l\u00e9e, les AHA p\u00e9n\u00e8trent l\u2019\u00e9piderme en douceur, ce qui assure une performance optimale en toute s\u00e9curit\u00e9. Comme chaque peau est unique et a ses propres besoins, un dosage personnalis\u00e9 par l\u2019esth\u00e9ticienne est recommand\u00e9.<\/p>\n<p data-mce-fragment=\"1\"><strong>Conseils d\u2019utilisation<\/strong><\/p>\n<p data-mce-fragment=\"1\">Matin et soir, apr\u00e8s avoir parfaitement nettoy\u00e9 la peau, appliquer une petite quantit\u00e9 de s\u00e9rum affinant et ravivant AHA sur le visage et le cou en <em data-mce-fragment=\"1\"><strong data-mce-fragment=\"1\">fonction du dosage recommand\u00e9 par votre esth\u00e9ticienne.<\/strong><\/em><\/p>\n<p data-mce-fragment=\"1\">Faire p\u00e9n\u00e9trer par de l\u00e9gers effleurages. Appliquer ensuite le soin de jour ou de nuit Laboratoire Dr Renaud recommand\u00e9.<\/p>\n<p data-mce-fragment=\"1\"><strong data-mce-fragment=\"1\">Avant toute exposition au soleil, appliquer imp\u00e9rativement UV-Science FPS 30 sur l\u2019ensemble du visage et du cou.<\/strong><\/p>\n<\/div>\n","protected":false},"excerpt":{"rendered":"<p>S\u00e9rum AHA \u2013 Affinant et ravivant \u2212 Lisse le grain de la peau et en am\u00e9liore la texture \u2212 Illumine le teint \u2212 Att\u00e9nue l\u2019apparence des rides et des ridules Gr\u00e2ce \u00e0 ses ingr\u00e9dients-cl\u00e9s d\u2019une efficacit\u00e9 remarquable, ce soin \u00ab peau neuve \u00bb am\u00e9liore et affine toutes les peaux. Il redonne tout leur \u00e9clat aux &hellip;<\/p>\n","protected":false},"featured_media":470,"template":"","meta":{"_acf_changed":false,"_genesis_hide_title":false,"_genesis_hide_breadcrumbs":false,"_genesis_hide_singular_image":false,"_genesis_hide_footer_widgets":false,"_genesis_custom_body_class":"","_genesis_custom_post_class":"","_genesis_layout":""},"product_cat":[53,37,92,31,46],"product_tag":[],"giftcard-category":[],"class_list":{"0":"post-446","1":"product","2":"type-product","3":"status-publish","4":"has-post-thumbnail","6":"product_cat-gift-card","7":"product_cat-produits","8":"product_cat-produits-en-liquidation","9":"product_cat-laboratoire-dr-renaud","10":"product_cat-tous","11":"entry","13":"first","14":"instock","15":"sale","16":"taxable","17":"shipping-taxable","18":"purchasable","19":"product-type-simple"},"acf":[],"yoast_head":"<!-- This site is optimized with the Yoast SEO plugin v22.5 - https:\/\/yoast.com\/wordpress\/plugins\/seo\/ -->\n<title>Dr. Renaud - S\u00e9rum AHA \u2013 Affinant et ravivant - Spa Sant\u00e9 Le N\u00e9nuphar<\/title>\n<meta name=\"description\" content=\"AHA Serum - Affinant et ravivant - Lisse et am\u00e9liore la texture de la peau, r\u00e9duit l&#039;apparence des rides et ridules. Pour en savoir plus, visitez notre web.\" \/>\n<meta name=\"robots\" content=\"noindex, follow, max-snippet:-1, max-image-preview:large, max-video-preview:-1\" \/>\n<meta property=\"og:locale\" content=\"fr_CA\" \/>\n<meta property=\"og:type\" content=\"article\" \/>\n<meta property=\"og:title\" content=\"Dr. Renaud - S\u00e9rum AHA \u2013 Affinant et ravivant - Spa Sant\u00e9 Le N\u00e9nuphar\" \/>\n<meta property=\"og:description\" content=\"AHA Serum - Affinant et ravivant - Lisse et am\u00e9liore la texture de la peau, r\u00e9duit l&#039;apparence des rides et ridules. Pour en savoir plus, visitez notre web.\" \/>\n<meta property=\"og:url\" content=\"https:\/\/publissoft.dev\/spasante\/produit\/serum-aha-affinant-et-ravivant-spa-sante-le-nenuphar\/\" \/>\n<meta property=\"og:site_name\" content=\"Spa Sant\u00e9 Le N\u00e9nuphar\" \/>\n<meta property=\"article:publisher\" content=\"https:\/\/www.facebook.com\/SpaSanteLeNenuphar\" \/>\n<meta property=\"article:modified_time\" content=\"2024-04-19T15:33:53+00:00\" \/>\n<meta property=\"og:image\" content=\"https:\/\/publissoft.dev\/spasante\/wp-content\/uploads\/2022\/01\/SerumAHA_Affinantetravivant.jpg\" \/>\n\t<meta property=\"og:image:width\" content=\"800\" \/>\n\t<meta property=\"og:image:height\" content=\"800\" \/>\n\t<meta property=\"og:image:type\" content=\"image\/jpeg\" \/>\n<meta name=\"twitter:card\" content=\"summary_large_image\" \/>\n<meta name=\"twitter:label1\" content=\"Estimation du temps de lecture\" \/>\n\t<meta name=\"twitter:data1\" content=\"2 minutes\" \/>\n<script type=\"application\/ld+json\" class=\"yoast-schema-graph\">{\"@context\":\"https:\/\/schema.org\",\"@graph\":[{\"@type\":\"WebPage\",\"@id\":\"https:\/\/publissoft.dev\/spasante\/produit\/serum-aha-affinant-et-ravivant-spa-sante-le-nenuphar\/\",\"url\":\"https:\/\/publissoft.dev\/spasante\/produit\/serum-aha-affinant-et-ravivant-spa-sante-le-nenuphar\/\",\"name\":\"Dr. Renaud - S\u00e9rum AHA \u2013 Affinant et ravivant - Spa Sant\u00e9 Le N\u00e9nuphar\",\"isPartOf\":{\"@id\":\"https:\/\/publissoft.dev\/spasante\/#website\"},\"primaryImageOfPage\":{\"@id\":\"https:\/\/publissoft.dev\/spasante\/produit\/serum-aha-affinant-et-ravivant-spa-sante-le-nenuphar\/#primaryimage\"},\"image\":{\"@id\":\"https:\/\/publissoft.dev\/spasante\/produit\/serum-aha-affinant-et-ravivant-spa-sante-le-nenuphar\/#primaryimage\"},\"thumbnailUrl\":\"https:\/\/publissoft.dev\/spasante\/wp-content\/uploads\/2022\/01\/SerumAHA_Affinantetravivant.jpg\",\"datePublished\":\"2022-01-27T19:35:51+00:00\",\"dateModified\":\"2024-04-19T15:33:53+00:00\",\"description\":\"AHA Serum - Affinant et ravivant - Lisse et am\u00e9liore la texture de la peau, r\u00e9duit l'apparence des rides et ridules. Pour en savoir plus, visitez notre web.\",\"breadcrumb\":{\"@id\":\"https:\/\/publissoft.dev\/spasante\/produit\/serum-aha-affinant-et-ravivant-spa-sante-le-nenuphar\/#breadcrumb\"},\"inLanguage\":\"fr-CA\",\"potentialAction\":[{\"@type\":\"ReadAction\",\"target\":[\"https:\/\/publissoft.dev\/spasante\/produit\/serum-aha-affinant-et-ravivant-spa-sante-le-nenuphar\/\"]}]},{\"@type\":\"ImageObject\",\"inLanguage\":\"fr-CA\",\"@id\":\"https:\/\/publissoft.dev\/spasante\/produit\/serum-aha-affinant-et-ravivant-spa-sante-le-nenuphar\/#primaryimage\",\"url\":\"https:\/\/publissoft.dev\/spasante\/wp-content\/uploads\/2022\/01\/SerumAHA_Affinantetravivant.jpg\",\"contentUrl\":\"https:\/\/publissoft.dev\/spasante\/wp-content\/uploads\/2022\/01\/SerumAHA_Affinantetravivant.jpg\",\"width\":800,\"height\":800},{\"@type\":\"BreadcrumbList\",\"@id\":\"https:\/\/publissoft.dev\/spasante\/produit\/serum-aha-affinant-et-ravivant-spa-sante-le-nenuphar\/#breadcrumb\",\"itemListElement\":[{\"@type\":\"ListItem\",\"position\":1,\"name\":\"Accueil\",\"item\":\"https:\/\/publissoft.dev\/spasante\/\"},{\"@type\":\"ListItem\",\"position\":2,\"name\":\"Boutique\",\"item\":\"https:\/\/publissoft.dev\/spasante\/boutique\/\"},{\"@type\":\"ListItem\",\"position\":3,\"name\":\"Dr. Renaud &#8211; S\u00e9rum AHA \u2013 Affinant et ravivant\"}]},{\"@type\":\"WebSite\",\"@id\":\"https:\/\/publissoft.dev\/spasante\/#website\",\"url\":\"https:\/\/publissoft.dev\/spasante\/\",\"name\":\"Spa Sant\u00e9 Le N\u00e9nuphar\",\"description\":\"\",\"publisher\":{\"@id\":\"https:\/\/publissoft.dev\/spasante\/#organization\"},\"potentialAction\":[{\"@type\":\"SearchAction\",\"target\":{\"@type\":\"EntryPoint\",\"urlTemplate\":\"https:\/\/publissoft.dev\/spasante\/?s={search_term_string}\"},\"query-input\":\"required name=search_term_string\"}],\"inLanguage\":\"fr-CA\"},{\"@type\":\"Organization\",\"@id\":\"https:\/\/publissoft.dev\/spasante\/#organization\",\"name\":\"Spa Sant\u00e9 Le N\u00e9nuphar\",\"url\":\"https:\/\/publissoft.dev\/spasante\/\",\"logo\":{\"@type\":\"ImageObject\",\"inLanguage\":\"fr-CA\",\"@id\":\"https:\/\/publissoft.dev\/spasante\/#\/schema\/logo\/image\/\",\"url\":\"https:\/\/publissoft.dev\/spasante\/wp-content\/uploads\/2022\/11\/logo-jpg.jpeg\",\"contentUrl\":\"https:\/\/publissoft.dev\/spasante\/wp-content\/uploads\/2022\/11\/logo-jpg.jpeg\",\"width\":900,\"height\":900,\"caption\":\"Spa Sant\u00e9 Le N\u00e9nuphar\"},\"image\":{\"@id\":\"https:\/\/publissoft.dev\/spasante\/#\/schema\/logo\/image\/\"},\"sameAs\":[\"https:\/\/www.facebook.com\/SpaSanteLeNenuphar\",\"https:\/\/www.instagram.com\/spasantelenenuphar\/?hl=fr\"]}]}<\/script>\n<!-- \/ Yoast SEO plugin. -->","yoast_head_json":{"title":"Dr. Renaud - S\u00e9rum AHA \u2013 Affinant et ravivant - Spa Sant\u00e9 Le N\u00e9nuphar","description":"AHA Serum - Affinant et ravivant - Lisse et am\u00e9liore la texture de la peau, r\u00e9duit l'apparence des rides et ridules. Pour en savoir plus, visitez notre web.","robots":{"index":"noindex","follow":"follow","max-snippet":"max-snippet:-1","max-image-preview":"max-image-preview:large","max-video-preview":"max-video-preview:-1"},"og_locale":"fr_CA","og_type":"article","og_title":"Dr. Renaud - S\u00e9rum AHA \u2013 Affinant et ravivant - Spa Sant\u00e9 Le N\u00e9nuphar","og_description":"AHA Serum - Affinant et ravivant - Lisse et am\u00e9liore la texture de la peau, r\u00e9duit l'apparence des rides et ridules. Pour en savoir plus, visitez notre web.","og_url":"https:\/\/publissoft.dev\/spasante\/produit\/serum-aha-affinant-et-ravivant-spa-sante-le-nenuphar\/","og_site_name":"Spa Sant\u00e9 Le N\u00e9nuphar","article_publisher":"https:\/\/www.facebook.com\/SpaSanteLeNenuphar","article_modified_time":"2024-04-19T15:33:53+00:00","og_image":[{"width":800,"height":800,"url":"https:\/\/publissoft.dev\/spasante\/wp-content\/uploads\/2022\/01\/SerumAHA_Affinantetravivant.jpg","type":"image\/jpeg"}],"twitter_card":"summary_large_image","twitter_misc":{"Estimation du temps de lecture":"2 minutes"},"schema":{"@context":"https:\/\/schema.org","@graph":[{"@type":"WebPage","@id":"https:\/\/publissoft.dev\/spasante\/produit\/serum-aha-affinant-et-ravivant-spa-sante-le-nenuphar\/","url":"https:\/\/publissoft.dev\/spasante\/produit\/serum-aha-affinant-et-ravivant-spa-sante-le-nenuphar\/","name":"Dr. Renaud - S\u00e9rum AHA \u2013 Affinant et ravivant - Spa Sant\u00e9 Le N\u00e9nuphar","isPartOf":{"@id":"https:\/\/publissoft.dev\/spasante\/#website"},"primaryImageOfPage":{"@id":"https:\/\/publissoft.dev\/spasante\/produit\/serum-aha-affinant-et-ravivant-spa-sante-le-nenuphar\/#primaryimage"},"image":{"@id":"https:\/\/publissoft.dev\/spasante\/produit\/serum-aha-affinant-et-ravivant-spa-sante-le-nenuphar\/#primaryimage"},"thumbnailUrl":"https:\/\/publissoft.dev\/spasante\/wp-content\/uploads\/2022\/01\/SerumAHA_Affinantetravivant.jpg","datePublished":"2022-01-27T19:35:51+00:00","dateModified":"2024-04-19T15:33:53+00:00","description":"AHA Serum - Affinant et ravivant - Lisse et am\u00e9liore la texture de la peau, r\u00e9duit l'apparence des rides et ridules. Pour en savoir plus, visitez notre web.","breadcrumb":{"@id":"https:\/\/publissoft.dev\/spasante\/produit\/serum-aha-affinant-et-ravivant-spa-sante-le-nenuphar\/#breadcrumb"},"inLanguage":"fr-CA","potentialAction":[{"@type":"ReadAction","target":["https:\/\/publissoft.dev\/spasante\/produit\/serum-aha-affinant-et-ravivant-spa-sante-le-nenuphar\/"]}]},{"@type":"ImageObject","inLanguage":"fr-CA","@id":"https:\/\/publissoft.dev\/spasante\/produit\/serum-aha-affinant-et-ravivant-spa-sante-le-nenuphar\/#primaryimage","url":"https:\/\/publissoft.dev\/spasante\/wp-content\/uploads\/2022\/01\/SerumAHA_Affinantetravivant.jpg","contentUrl":"https:\/\/publissoft.dev\/spasante\/wp-content\/uploads\/2022\/01\/SerumAHA_Affinantetravivant.jpg","width":800,"height":800},{"@type":"BreadcrumbList","@id":"https:\/\/publissoft.dev\/spasante\/produit\/serum-aha-affinant-et-ravivant-spa-sante-le-nenuphar\/#breadcrumb","itemListElement":[{"@type":"ListItem","position":1,"name":"Accueil","item":"https:\/\/publissoft.dev\/spasante\/"},{"@type":"ListItem","position":2,"name":"Boutique","item":"https:\/\/publissoft.dev\/spasante\/boutique\/"},{"@type":"ListItem","position":3,"name":"Dr. Renaud &#8211; S\u00e9rum AHA \u2013 Affinant et ravivant"}]},{"@type":"WebSite","@id":"https:\/\/publissoft.dev\/spasante\/#website","url":"https:\/\/publissoft.dev\/spasante\/","name":"Spa Sant\u00e9 Le N\u00e9nuphar","description":"","publisher":{"@id":"https:\/\/publissoft.dev\/spasante\/#organization"},"potentialAction":[{"@type":"SearchAction","target":{"@type":"EntryPoint","urlTemplate":"https:\/\/publissoft.dev\/spasante\/?s={search_term_string}"},"query-input":"required name=search_term_string"}],"inLanguage":"fr-CA"},{"@type":"Organization","@id":"https:\/\/publissoft.dev\/spasante\/#organization","name":"Spa Sant\u00e9 Le N\u00e9nuphar","url":"https:\/\/publissoft.dev\/spasante\/","logo":{"@type":"ImageObject","inLanguage":"fr-CA","@id":"https:\/\/publissoft.dev\/spasante\/#\/schema\/logo\/image\/","url":"https:\/\/publissoft.dev\/spasante\/wp-content\/uploads\/2022\/11\/logo-jpg.jpeg","contentUrl":"https:\/\/publissoft.dev\/spasante\/wp-content\/uploads\/2022\/11\/logo-jpg.jpeg","width":900,"height":900,"caption":"Spa Sant\u00e9 Le N\u00e9nuphar"},"image":{"@id":"https:\/\/publissoft.dev\/spasante\/#\/schema\/logo\/image\/"},"sameAs":["https:\/\/www.facebook.com\/SpaSanteLeNenuphar","https:\/\/www.instagram.com\/spasantelenenuphar\/?hl=fr"]}]}},"_links":{"self":[{"href":"https:\/\/publissoft.dev\/spasante\/wp-json\/wp\/v2\/product\/446","targetHints":{"allow":["GET"]}}],"collection":[{"href":"https:\/\/publissoft.dev\/spasante\/wp-json\/wp\/v2\/product"}],"about":[{"href":"https:\/\/publissoft.dev\/spasante\/wp-json\/wp\/v2\/types\/product"}],"wp:featuredmedia":[{"embeddable":true,"href":"https:\/\/publissoft.dev\/spasante\/wp-json\/wp\/v2\/media\/470"}],"wp:attachment":[{"href":"https:\/\/publissoft.dev\/spasante\/wp-json\/wp\/v2\/media?parent=446"}],"wp:term":[{"taxonomy":"product_cat","embeddable":true,"href":"https:\/\/publissoft.dev\/spasante\/wp-json\/wp\/v2\/product_cat?post=446"},{"taxonomy":"product_tag","embeddable":true,"href":"https:\/\/publissoft.dev\/spasante\/wp-json\/wp\/v2\/product_tag?post=446"},{"taxonomy":"giftcard-category","embeddable":true,"href":"https:\/\/publissoft.dev\/spasante\/wp-json\/wp\/v2\/giftcard-category?post=446"}],"curies":[{"name":"wp","href":"https:\/\/api.w.org\/{rel}","templated":true}]}}