{"id":4592,"date":"2022-12-28T19:16:59","date_gmt":"2022-12-29T00:16:59","guid":{"rendered":"https:\/\/publissoft.dev\/spasante\/?post_type=product&#038;p=4592"},"modified":"2024-02-05T12:44:00","modified_gmt":"2024-02-05T17:44:00","slug":"bijoux-caroline-neron-boucles-doreilles-stella","status":"publish","type":"product","link":"https:\/\/publissoft.dev\/spasante\/produit\/bijoux-caroline-neron-boucles-doreilles-stella\/","title":{"rendered":"Caroline N\u00e9ron &#8211; Boucles d&#8217;oreilles Stella"},"content":{"rendered":"<h1 class=\"product-title\">Boucles D\u2019oreilles Stella Argent 925 Plaqu\u00e9 Or 14K<\/h1>\n<div class=\"product-infor\">\n<div class=\"vendor-product\"><label>Marque:<\/label>\u00a0Caroline Neron Design<\/div>\n<div class=\"product-inventory\"><label>Disponibilit\u00e9 :<\/label>\u00a0En stock<\/div>\n<div>Mat\u00e9riaux et Dimensions : Argent 925 plaqu\u00e9 or 14k. Zircons cubiques<\/div>\n<\/div>\n","protected":false},"excerpt":{"rendered":"<p>Boucles D\u2019oreilles Stella Argent 925 Plaqu\u00e9 Or 14K Marque:\u00a0Caroline Neron Design Disponibilit\u00e9 :\u00a0En stock Mat\u00e9riaux et Dimensions : Argent 925 plaqu\u00e9 or 14k. Zircons cubiques<\/p>\n","protected":false},"featured_media":4593,"template":"","meta":{"_acf_changed":false,"_genesis_hide_title":false,"_genesis_hide_breadcrumbs":false,"_genesis_hide_singular_image":false,"_genesis_hide_footer_widgets":false,"_genesis_custom_body_class":"","_genesis_custom_post_class":"","_genesis_layout":""},"product_cat":[37,84,75],"product_tag":[],"giftcard-category":[],"class_list":{"0":"post-4592","1":"product","2":"type-product","3":"status-publish","4":"has-post-thumbnail","6":"product_cat-produits","7":"product_cat-bijoux","8":"product_cat-bijoux-caroline-neron","9":"entry","11":"first","12":"instock","13":"taxable","14":"shipping-taxable","15":"purchasable","16":"product-type-variable"},"acf":[],"yoast_head":"<!-- This site is optimized with the Yoast SEO plugin v22.5 - https:\/\/yoast.com\/wordpress\/plugins\/seo\/ -->\n<title>Caroline N\u00e9ron - Boucles d&#039;oreilles Stella - Spa Sant\u00e9 Le N\u00e9nuphar<\/title>\n<meta name=\"robots\" content=\"noindex, follow, max-snippet:-1, max-image-preview:large, max-video-preview:-1\" \/>\n<meta property=\"og:locale\" content=\"fr_CA\" \/>\n<meta property=\"og:type\" content=\"article\" \/>\n<meta property=\"og:title\" content=\"Caroline N\u00e9ron - Boucles d&#039;oreilles Stella - Spa Sant\u00e9 Le N\u00e9nuphar\" \/>\n<meta property=\"og:description\" content=\"Boucles D\u2019oreilles Stella Argent 925 Plaqu\u00e9 Or 14K Marque:\u00a0Caroline Neron Design Disponibilit\u00e9 :\u00a0En stock Mat\u00e9riaux et Dimensions : Argent 925 plaqu\u00e9 or 14k. Zircons cubiques\" \/>\n<meta property=\"og:url\" content=\"https:\/\/publissoft.dev\/spasante\/produit\/bijoux-caroline-neron-boucles-doreilles-stella\/\" \/>\n<meta property=\"og:site_name\" content=\"Spa Sant\u00e9 Le N\u00e9nuphar\" \/>\n<meta property=\"article:publisher\" content=\"https:\/\/www.facebook.com\/SpaSanteLeNenuphar\" \/>\n<meta property=\"article:modified_time\" content=\"2024-02-05T17:44:00+00:00\" \/>\n<meta property=\"og:image\" content=\"https:\/\/publissoft.dev\/spasante\/wp-content\/uploads\/2022\/12\/boucles-doreilles-stella.png\" \/>\n\t<meta property=\"og:image:width\" content=\"434\" \/>\n\t<meta property=\"og:image:height\" content=\"555\" \/>\n\t<meta property=\"og:image:type\" content=\"image\/png\" \/>\n<meta name=\"twitter:card\" content=\"summary_large_image\" \/>\n<meta name=\"twitter:label1\" content=\"Estimation du temps de lecture\" \/>\n\t<meta name=\"twitter:data1\" content=\"1 minute\" \/>\n<script type=\"application\/ld+json\" class=\"yoast-schema-graph\">{\"@context\":\"https:\/\/schema.org\",\"@graph\":[{\"@type\":\"WebPage\",\"@id\":\"https:\/\/publissoft.dev\/spasante\/produit\/bijoux-caroline-neron-boucles-doreilles-stella\/\",\"url\":\"https:\/\/publissoft.dev\/spasante\/produit\/bijoux-caroline-neron-boucles-doreilles-stella\/\",\"name\":\"Caroline N\u00e9ron - Boucles d'oreilles Stella - Spa Sant\u00e9 Le N\u00e9nuphar\",\"isPartOf\":{\"@id\":\"https:\/\/publissoft.dev\/spasante\/#website\"},\"primaryImageOfPage\":{\"@id\":\"https:\/\/publissoft.dev\/spasante\/produit\/bijoux-caroline-neron-boucles-doreilles-stella\/#primaryimage\"},\"image\":{\"@id\":\"https:\/\/publissoft.dev\/spasante\/produit\/bijoux-caroline-neron-boucles-doreilles-stella\/#primaryimage\"},\"thumbnailUrl\":\"https:\/\/publissoft.dev\/spasante\/wp-content\/uploads\/2022\/12\/boucles-doreilles-stella.png\",\"datePublished\":\"2022-12-29T00:16:59+00:00\",\"dateModified\":\"2024-02-05T17:44:00+00:00\",\"breadcrumb\":{\"@id\":\"https:\/\/publissoft.dev\/spasante\/produit\/bijoux-caroline-neron-boucles-doreilles-stella\/#breadcrumb\"},\"inLanguage\":\"fr-CA\",\"potentialAction\":[{\"@type\":\"ReadAction\",\"target\":[\"https:\/\/publissoft.dev\/spasante\/produit\/bijoux-caroline-neron-boucles-doreilles-stella\/\"]}]},{\"@type\":\"ImageObject\",\"inLanguage\":\"fr-CA\",\"@id\":\"https:\/\/publissoft.dev\/spasante\/produit\/bijoux-caroline-neron-boucles-doreilles-stella\/#primaryimage\",\"url\":\"https:\/\/publissoft.dev\/spasante\/wp-content\/uploads\/2022\/12\/boucles-doreilles-stella.png\",\"contentUrl\":\"https:\/\/publissoft.dev\/spasante\/wp-content\/uploads\/2022\/12\/boucles-doreilles-stella.png\",\"width\":434,\"height\":555},{\"@type\":\"BreadcrumbList\",\"@id\":\"https:\/\/publissoft.dev\/spasante\/produit\/bijoux-caroline-neron-boucles-doreilles-stella\/#breadcrumb\",\"itemListElement\":[{\"@type\":\"ListItem\",\"position\":1,\"name\":\"Accueil\",\"item\":\"https:\/\/publissoft.dev\/spasante\/\"},{\"@type\":\"ListItem\",\"position\":2,\"name\":\"Boutique\",\"item\":\"https:\/\/publissoft.dev\/spasante\/boutique\/\"},{\"@type\":\"ListItem\",\"position\":3,\"name\":\"Caroline N\u00e9ron &#8211; Boucles d&#8217;oreilles Stella\"}]},{\"@type\":\"WebSite\",\"@id\":\"https:\/\/publissoft.dev\/spasante\/#website\",\"url\":\"https:\/\/publissoft.dev\/spasante\/\",\"name\":\"Spa Sant\u00e9 Le N\u00e9nuphar\",\"description\":\"\",\"publisher\":{\"@id\":\"https:\/\/publissoft.dev\/spasante\/#organization\"},\"potentialAction\":[{\"@type\":\"SearchAction\",\"target\":{\"@type\":\"EntryPoint\",\"urlTemplate\":\"https:\/\/publissoft.dev\/spasante\/?s={search_term_string}\"},\"query-input\":\"required name=search_term_string\"}],\"inLanguage\":\"fr-CA\"},{\"@type\":\"Organization\",\"@id\":\"https:\/\/publissoft.dev\/spasante\/#organization\",\"name\":\"Spa Sant\u00e9 Le N\u00e9nuphar\",\"url\":\"https:\/\/publissoft.dev\/spasante\/\",\"logo\":{\"@type\":\"ImageObject\",\"inLanguage\":\"fr-CA\",\"@id\":\"https:\/\/publissoft.dev\/spasante\/#\/schema\/logo\/image\/\",\"url\":\"https:\/\/publissoft.dev\/spasante\/wp-content\/uploads\/2022\/11\/logo-jpg.jpeg\",\"contentUrl\":\"https:\/\/publissoft.dev\/spasante\/wp-content\/uploads\/2022\/11\/logo-jpg.jpeg\",\"width\":900,\"height\":900,\"caption\":\"Spa Sant\u00e9 Le N\u00e9nuphar\"},\"image\":{\"@id\":\"https:\/\/publissoft.dev\/spasante\/#\/schema\/logo\/image\/\"},\"sameAs\":[\"https:\/\/www.facebook.com\/SpaSanteLeNenuphar\",\"https:\/\/www.instagram.com\/spasantelenenuphar\/?hl=fr\"]}]}<\/script>\n<!-- \/ Yoast SEO plugin. -->","yoast_head_json":{"title":"Caroline N\u00e9ron - Boucles d'oreilles Stella - Spa Sant\u00e9 Le N\u00e9nuphar","robots":{"index":"noindex","follow":"follow","max-snippet":"max-snippet:-1","max-image-preview":"max-image-preview:large","max-video-preview":"max-video-preview:-1"},"og_locale":"fr_CA","og_type":"article","og_title":"Caroline N\u00e9ron - Boucles d'oreilles Stella - Spa Sant\u00e9 Le N\u00e9nuphar","og_description":"Boucles D\u2019oreilles Stella Argent 925 Plaqu\u00e9 Or 14K Marque:\u00a0Caroline Neron Design Disponibilit\u00e9 :\u00a0En stock Mat\u00e9riaux et Dimensions : Argent 925 plaqu\u00e9 or 14k. Zircons cubiques","og_url":"https:\/\/publissoft.dev\/spasante\/produit\/bijoux-caroline-neron-boucles-doreilles-stella\/","og_site_name":"Spa Sant\u00e9 Le N\u00e9nuphar","article_publisher":"https:\/\/www.facebook.com\/SpaSanteLeNenuphar","article_modified_time":"2024-02-05T17:44:00+00:00","og_image":[{"width":434,"height":555,"url":"https:\/\/publissoft.dev\/spasante\/wp-content\/uploads\/2022\/12\/boucles-doreilles-stella.png","type":"image\/png"}],"twitter_card":"summary_large_image","twitter_misc":{"Estimation du temps de lecture":"1 minute"},"schema":{"@context":"https:\/\/schema.org","@graph":[{"@type":"WebPage","@id":"https:\/\/publissoft.dev\/spasante\/produit\/bijoux-caroline-neron-boucles-doreilles-stella\/","url":"https:\/\/publissoft.dev\/spasante\/produit\/bijoux-caroline-neron-boucles-doreilles-stella\/","name":"Caroline N\u00e9ron - Boucles d'oreilles Stella - Spa Sant\u00e9 Le N\u00e9nuphar","isPartOf":{"@id":"https:\/\/publissoft.dev\/spasante\/#website"},"primaryImageOfPage":{"@id":"https:\/\/publissoft.dev\/spasante\/produit\/bijoux-caroline-neron-boucles-doreilles-stella\/#primaryimage"},"image":{"@id":"https:\/\/publissoft.dev\/spasante\/produit\/bijoux-caroline-neron-boucles-doreilles-stella\/#primaryimage"},"thumbnailUrl":"https:\/\/publissoft.dev\/spasante\/wp-content\/uploads\/2022\/12\/boucles-doreilles-stella.png","datePublished":"2022-12-29T00:16:59+00:00","dateModified":"2024-02-05T17:44:00+00:00","breadcrumb":{"@id":"https:\/\/publissoft.dev\/spasante\/produit\/bijoux-caroline-neron-boucles-doreilles-stella\/#breadcrumb"},"inLanguage":"fr-CA","potentialAction":[{"@type":"ReadAction","target":["https:\/\/publissoft.dev\/spasante\/produit\/bijoux-caroline-neron-boucles-doreilles-stella\/"]}]},{"@type":"ImageObject","inLanguage":"fr-CA","@id":"https:\/\/publissoft.dev\/spasante\/produit\/bijoux-caroline-neron-boucles-doreilles-stella\/#primaryimage","url":"https:\/\/publissoft.dev\/spasante\/wp-content\/uploads\/2022\/12\/boucles-doreilles-stella.png","contentUrl":"https:\/\/publissoft.dev\/spasante\/wp-content\/uploads\/2022\/12\/boucles-doreilles-stella.png","width":434,"height":555},{"@type":"BreadcrumbList","@id":"https:\/\/publissoft.dev\/spasante\/produit\/bijoux-caroline-neron-boucles-doreilles-stella\/#breadcrumb","itemListElement":[{"@type":"ListItem","position":1,"name":"Accueil","item":"https:\/\/publissoft.dev\/spasante\/"},{"@type":"ListItem","position":2,"name":"Boutique","item":"https:\/\/publissoft.dev\/spasante\/boutique\/"},{"@type":"ListItem","position":3,"name":"Caroline N\u00e9ron &#8211; Boucles d&#8217;oreilles Stella"}]},{"@type":"WebSite","@id":"https:\/\/publissoft.dev\/spasante\/#website","url":"https:\/\/publissoft.dev\/spasante\/","name":"Spa Sant\u00e9 Le N\u00e9nuphar","description":"","publisher":{"@id":"https:\/\/publissoft.dev\/spasante\/#organization"},"potentialAction":[{"@type":"SearchAction","target":{"@type":"EntryPoint","urlTemplate":"https:\/\/publissoft.dev\/spasante\/?s={search_term_string}"},"query-input":"required name=search_term_string"}],"inLanguage":"fr-CA"},{"@type":"Organization","@id":"https:\/\/publissoft.dev\/spasante\/#organization","name":"Spa Sant\u00e9 Le N\u00e9nuphar","url":"https:\/\/publissoft.dev\/spasante\/","logo":{"@type":"ImageObject","inLanguage":"fr-CA","@id":"https:\/\/publissoft.dev\/spasante\/#\/schema\/logo\/image\/","url":"https:\/\/publissoft.dev\/spasante\/wp-content\/uploads\/2022\/11\/logo-jpg.jpeg","contentUrl":"https:\/\/publissoft.dev\/spasante\/wp-content\/uploads\/2022\/11\/logo-jpg.jpeg","width":900,"height":900,"caption":"Spa Sant\u00e9 Le N\u00e9nuphar"},"image":{"@id":"https:\/\/publissoft.dev\/spasante\/#\/schema\/logo\/image\/"},"sameAs":["https:\/\/www.facebook.com\/SpaSanteLeNenuphar","https:\/\/www.instagram.com\/spasantelenenuphar\/?hl=fr"]}]}},"_links":{"self":[{"href":"https:\/\/publissoft.dev\/spasante\/wp-json\/wp\/v2\/product\/4592","targetHints":{"allow":["GET"]}}],"collection":[{"href":"https:\/\/publissoft.dev\/spasante\/wp-json\/wp\/v2\/product"}],"about":[{"href":"https:\/\/publissoft.dev\/spasante\/wp-json\/wp\/v2\/types\/product"}],"wp:featuredmedia":[{"embeddable":true,"href":"https:\/\/publissoft.dev\/spasante\/wp-json\/wp\/v2\/media\/4593"}],"wp:attachment":[{"href":"https:\/\/publissoft.dev\/spasante\/wp-json\/wp\/v2\/media?parent=4592"}],"wp:term":[{"taxonomy":"product_cat","embeddable":true,"href":"https:\/\/publissoft.dev\/spasante\/wp-json\/wp\/v2\/product_cat?post=4592"},{"taxonomy":"product_tag","embeddable":true,"href":"https:\/\/publissoft.dev\/spasante\/wp-json\/wp\/v2\/product_tag?post=4592"},{"taxonomy":"giftcard-category","embeddable":true,"href":"https:\/\/publissoft.dev\/spasante\/wp-json\/wp\/v2\/giftcard-category?post=4592"}],"curies":[{"name":"wp","href":"https:\/\/api.w.org\/{rel}","templated":true}]}}