{"id":466,"date":"2022-01-27T14:36:00","date_gmt":"2022-01-27T19:36:00","guid":{"rendered":"https:\/\/publissoft.dev\/spasante\/produit\/elixir-relipidant\/"},"modified":"2022-07-09T12:40:22","modified_gmt":"2022-07-09T16:40:22","slug":"elixir-relipidant","status":"publish","type":"product","link":"https:\/\/publissoft.dev\/spasante\/produit\/elixir-relipidant\/","title":{"rendered":"Aquafolia &#8211; \u00c9lixir Relipidant"},"content":{"rendered":"<div data-mce-fragment=\"1\">\n<div data-mce-fragment=\"1\">\n<p data-mce-fragment=\"1\">S\u00e9rum anti-\u00e2ge<span style=\"font-size: small;\" data-mce-fragment=\"1\" data-mce-style=\"font-size: small;\"><span style=\"font-size: 9.28572px;\" data-mce-fragment=\"1\" data-mce-style=\"font-size: 9.28572px;\">\u2020<\/span><\/span>. R\u00e9g\u00e9n\u00e9rateur de lipides<span style=\"font-size: small;\" data-mce-fragment=\"1\" data-mce-style=\"font-size: small;\"><span style=\"font-size: 9.28572px;\" data-mce-fragment=\"1\" data-mce-style=\"font-size: 9.28572px;\">\u2020<\/span><\/span>. Redonne son \u00e9lasticit\u00e9, sa fermet\u00e9 et sa vitalit\u00e9 \u00e0 la peau. V\u00e9ritable source de nutrition anti-\u00e2ge<span style=\"font-size: small;\" data-mce-fragment=\"1\" data-mce-style=\"font-size: small;\"><span style=\"font-size: 9.28572px;\" data-mce-fragment=\"1\" data-mce-style=\"font-size: 9.28572px;\">\u2020<\/span>,n<\/span>ourrissante, revitalisante, raffermissante et densifiante.<\/p>\n<\/div>\n<\/div>\n<div data-mce-fragment=\"1\">\n<span style=\"color: #000000;\" data-mce-fragment=\"1\" data-mce-style=\"color: #000000;\">Types de peaux<\/span><\/p>\n<div data-mce-fragment=\"1\">Peaux matures, d\u00e9shydrat\u00e9es, d\u00e9vitalis\u00e9es et alipidiques (en manque de lipides)<\/div>\n<\/div>\n<div data-mce-fragment=\"1\">\n<span style=\"color: #000000;\" data-mce-fragment=\"1\" data-mce-style=\"color: #000000;\">Description<\/span><\/p>\n<div data-mce-fragment=\"1\">\n<p data-mce-fragment=\"1\">S\u00e9rum anti-\u00e2ge<span style=\"font-size: small;\" data-mce-fragment=\"1\" data-mce-style=\"font-size: small;\"><span style=\"font-size: 9.28572px;\" data-mce-fragment=\"1\" data-mce-style=\"font-size: 9.28572px;\">\u2020<\/span><\/span>\u00a0somptueux, nourrissant, raffermissant et relipidant. R\u00e9g\u00e9n\u00e9rateur de lipides<span style=\"font-size: small;\" data-mce-fragment=\"1\" data-mce-style=\"font-size: small;\"><span style=\"font-size: 9.28572px;\" data-mce-fragment=\"1\" data-mce-style=\"font-size: 9.28572px;\">\u2020<\/span><\/span>, redonne souplesse, confort et hydratation<span style=\"font-size: 10.7143px;\" data-mce-fragment=\"1\" data-mce-style=\"font-size: 10.7143px;\">\u2756<\/span>\u00a0aux peaux s\u00e8ches. Contient de l\u2019huile de prune, un extrait biotechnologique de levure et le polyph\u00e9nol le plus puissant du th\u00e9 vert (biotech).<\/p>\n<\/div>\n<\/div>\n<div data-mce-fragment=\"1\">\n<span style=\"color: #000000;\" data-mce-fragment=\"1\" data-mce-style=\"color: #000000;\">Caract\u00e9ristiques et fonctions du produit<\/span><\/p>\n<div data-mce-fragment=\"1\">\n<ul data-mce-fragment=\"1\">\n<li data-mce-fragment=\"1\">Flacon\u00a0<em data-mce-fragment=\"1\">airless<\/em>\n<\/li>\n<li data-mce-fragment=\"1\">S\u00e9rum laiteux<\/li>\n<li data-mce-fragment=\"1\">Odeur de prune sensorielle<\/li>\n<li data-mce-fragment=\"1\">G\u00e9n\u00e9rateur de lipides<span style=\"font-size: small;\" data-mce-fragment=\"1\" data-mce-style=\"font-size: small;\"><span style=\"font-size: 9.28572px;\" data-mce-fragment=\"1\" data-mce-style=\"font-size: 9.28572px;\">\u2020<\/span><\/span>\u00a0(levure biotech)<\/li>\n<li data-mce-fragment=\"1\">Nourrissant (acides gras libres)<\/li>\n<li data-mce-fragment=\"1\">Conditionne et hydrate<span style=\"font-size: 10.7143px;\" data-mce-fragment=\"1\" data-mce-style=\"font-size: 10.7143px;\">\u2756<\/span>\u00a0profond\u00e9ment<\/li>\n<li data-mce-fragment=\"1\">Densifiant, volumisateur et anti-rides*<\/li>\n<li data-mce-fragment=\"1\">Favorise la r\u00e9paration par l\u2019hydratation<span style=\"font-size: 10.7143px;\" data-mce-fragment=\"1\" data-mce-style=\"font-size: 10.7143px;\">\u2756<\/span>\n<\/li>\n<li data-mce-fragment=\"1\">Redonne souplesse, \u00e9lasticit\u00e9 et densit\u00e9 aux tissus<\/li>\n<\/ul>\n<\/div>\n<\/div>\n<div data-mce-fragment=\"1\">\n<span style=\"color: #000000;\" data-mce-fragment=\"1\" data-mce-style=\"color: #000000;\">Mode d&#8217;emploi<\/span><\/p>\n<div data-mce-fragment=\"1\">\n<p data-mce-fragment=\"1\">Appliquer sur le visage, le cou et le d\u00e9collet\u00e9 matin et soir. Appliquer sous la cr\u00e8me.<\/p>\n<\/div>\n<\/div>\n<div data-mce-fragment=\"1\">\n<span style=\"color: #000000;\" data-mce-fragment=\"1\" data-mce-style=\"color: #000000;\">Ingr\u00e9dients choisis<\/span><\/p>\n<div data-mce-fragment=\"1\">\n<div data-mce-fragment=\"1\">\n<p data-mce-fragment=\"1\"><em data-mce-fragment=\"1\">(Information \u00e9ducative selon des \u00e9tudes in-vitro et\/ou in-vivo et\/ou ex-vivo sur les ingr\u00e9dients qui ne repr\u00e9sente pas les fonctions du produit)<\/em><\/p>\n<\/div>\n<ul data-mce-fragment=\"1\">\n<li data-mce-fragment=\"1\">Hydratant<span style=\"font-size: 10.7143px;\" data-mce-fragment=\"1\" data-mce-style=\"font-size: 10.7143px;\">\u2756<\/span>\u00a0intense (extrait de graines de tamarinier)<\/li>\n<li data-mce-fragment=\"1\">Haute concentration d\u2019ingr\u00e9dients de la biotechnologie cosm\u00e9ceutique<\/li>\n<li data-mce-fragment=\"1\">Reg\u00e9n\u00e9rateur et lutte contre le stress oxydatif (Epigallocatechin gallatyl glucoside \u2013 la plus puissante mol\u00e9cule biotech extraite du th\u00e9 vert)\u00a0<\/li>\n<li data-mce-fragment=\"1\">G\u00e9n\u00e9rateur de lipides \u2013 relipidant (prot\u00e9ine hydrolys\u00e9e de levure \u2013 biotechnologie)<\/li>\n<li data-mce-fragment=\"1\">Propri\u00e9t\u00e9s anti-\u00e2ge<span style=\"font-size: small;\" data-mce-fragment=\"1\" data-mce-style=\"font-size: small;\"><span style=\"font-size: 9.28572px;\" data-mce-fragment=\"1\" data-mce-style=\"font-size: 9.28572px;\">\u2020<\/span><\/span>\u00a0anti-\u00e9lastase et anti-collag\u00e9nase (<em data-mce-fragment=\"1\">Alaria esculenta<\/em>\u00a0\u2013 algue brune)<\/li>\n<li data-mce-fragment=\"1\">Nourrissant, conditionneur et favorisant la r\u00e9paration (vitamine E \u2013 huile de prune \u2013 riche en tocoph\u00e9rol)<\/li>\n<li data-mce-fragment=\"1\">Anti-rides<span style=\"font-size: small;\" data-mce-fragment=\"1\" data-mce-style=\"font-size: small;\"><span style=\"font-size: 9.28572px;\" data-mce-fragment=\"1\" data-mce-style=\"font-size: 9.28572px;\">\u2020<\/span><\/span>\u00a0hydratant<span style=\"font-size: 10.7143px;\" data-mce-fragment=\"1\" data-mce-style=\"font-size: 10.7143px;\">\u2756<\/span>\u00a0(acide hyaluronique de petits poids mol\u00e9culaires \u2013 biotech)<\/li>\n<\/ul>\n<p data-mce-fragment=\"1\"><span style=\"font-size: small;\" data-mce-fragment=\"1\" data-mce-style=\"font-size: small;\"><em data-mce-fragment=\"1\">\u2756\u00a0Des couches superficielles de l\u2019\u00e9piderme<\/em><\/span><br data-mce-fragment=\"1\"> <span style=\"font-size: small;\" data-mce-fragment=\"1\" data-mce-style=\"font-size: small;\"><em data-mce-fragment=\"1\">\u2020 En termes d\u2019apparence et\/ou de sensation<\/em><\/span><\/p>\n<\/div>\n<\/div>\n","protected":false},"excerpt":{"rendered":"<p>S\u00e9rum anti-\u00e2ge\u2020. R\u00e9g\u00e9n\u00e9rateur de lipides\u2020. Redonne son \u00e9lasticit\u00e9, sa fermet\u00e9 et sa vitalit\u00e9 \u00e0 la peau. V\u00e9ritable source de nutrition anti-\u00e2ge\u2020,nourrissante, revitalisante, raffermissante et densifiante. Types de peaux Peaux matures, d\u00e9shydrat\u00e9es, d\u00e9vitalis\u00e9es et alipidiques (en manque de lipides) Description S\u00e9rum anti-\u00e2ge\u2020\u00a0somptueux, nourrissant, raffermissant et relipidant. R\u00e9g\u00e9n\u00e9rateur de lipides\u2020, redonne souplesse, confort et hydratation\u2756\u00a0aux peaux s\u00e8ches. &hellip;<\/p>\n","protected":false},"featured_media":483,"template":"","meta":{"_acf_changed":false,"_genesis_hide_title":false,"_genesis_hide_breadcrumbs":false,"_genesis_hide_singular_image":false,"_genesis_hide_footer_widgets":false,"_genesis_custom_body_class":"","_genesis_custom_post_class":"","_genesis_layout":""},"product_cat":[53,37,18,46],"product_tag":[],"giftcard-category":[],"class_list":{"0":"post-466","1":"product","2":"type-product","3":"status-publish","4":"has-post-thumbnail","6":"product_cat-gift-card","7":"product_cat-produits","8":"product_cat-aquafolia","9":"product_cat-tous","10":"entry","12":"first","13":"instock","14":"taxable","15":"shipping-taxable","16":"purchasable","17":"product-type-simple"},"acf":[],"yoast_head":"<!-- This site is optimized with the Yoast SEO plugin v22.5 - https:\/\/yoast.com\/wordpress\/plugins\/seo\/ -->\n<title>Aquafolia - \u00c9lixir Relipidant - Spa Sant\u00e9 Le N\u00e9nuphar<\/title>\n<meta name=\"robots\" content=\"noindex, follow, max-snippet:-1, max-image-preview:large, max-video-preview:-1\" \/>\n<meta property=\"og:locale\" content=\"fr_CA\" \/>\n<meta property=\"og:type\" content=\"article\" \/>\n<meta property=\"og:title\" content=\"Aquafolia - \u00c9lixir Relipidant - Spa Sant\u00e9 Le N\u00e9nuphar\" \/>\n<meta property=\"og:description\" content=\"S\u00e9rum anti-\u00e2ge\u2020. R\u00e9g\u00e9n\u00e9rateur de lipides\u2020. Redonne son \u00e9lasticit\u00e9, sa fermet\u00e9 et sa vitalit\u00e9 \u00e0 la peau. V\u00e9ritable source de nutrition anti-\u00e2ge\u2020,nourrissante, revitalisante, raffermissante et densifiante. Types de peaux Peaux matures, d\u00e9shydrat\u00e9es, d\u00e9vitalis\u00e9es et alipidiques (en manque de lipides) Description S\u00e9rum anti-\u00e2ge\u2020\u00a0somptueux, nourrissant, raffermissant et relipidant. R\u00e9g\u00e9n\u00e9rateur de lipides\u2020, redonne souplesse, confort et hydratation\u2756\u00a0aux peaux s\u00e8ches. &hellip;\" \/>\n<meta property=\"og:url\" content=\"https:\/\/publissoft.dev\/spasante\/produit\/elixir-relipidant\/\" \/>\n<meta property=\"og:site_name\" content=\"Spa Sant\u00e9 Le N\u00e9nuphar\" \/>\n<meta property=\"article:publisher\" content=\"https:\/\/www.facebook.com\/SpaSanteLeNenuphar\" \/>\n<meta property=\"article:modified_time\" content=\"2022-07-09T16:40:22+00:00\" \/>\n<meta property=\"og:image\" content=\"https:\/\/publissoft.dev\/spasante\/wp-content\/uploads\/2022\/01\/ElixirRelipidantAquaNUTRIA.jpg\" \/>\n\t<meta property=\"og:image:width\" content=\"240\" \/>\n\t<meta property=\"og:image:height\" content=\"300\" \/>\n\t<meta property=\"og:image:type\" content=\"image\/jpeg\" \/>\n<meta name=\"twitter:card\" content=\"summary_large_image\" \/>\n<meta name=\"twitter:label1\" content=\"Estimation du temps de lecture\" \/>\n\t<meta name=\"twitter:data1\" content=\"1 minute\" \/>\n<script type=\"application\/ld+json\" class=\"yoast-schema-graph\">{\"@context\":\"https:\/\/schema.org\",\"@graph\":[{\"@type\":\"WebPage\",\"@id\":\"https:\/\/publissoft.dev\/spasante\/produit\/elixir-relipidant\/\",\"url\":\"https:\/\/publissoft.dev\/spasante\/produit\/elixir-relipidant\/\",\"name\":\"Aquafolia - \u00c9lixir Relipidant - Spa Sant\u00e9 Le N\u00e9nuphar\",\"isPartOf\":{\"@id\":\"https:\/\/publissoft.dev\/spasante\/#website\"},\"primaryImageOfPage\":{\"@id\":\"https:\/\/publissoft.dev\/spasante\/produit\/elixir-relipidant\/#primaryimage\"},\"image\":{\"@id\":\"https:\/\/publissoft.dev\/spasante\/produit\/elixir-relipidant\/#primaryimage\"},\"thumbnailUrl\":\"https:\/\/publissoft.dev\/spasante\/wp-content\/uploads\/2022\/01\/ElixirRelipidantAquaNUTRIA.jpg\",\"datePublished\":\"2022-01-27T19:36:00+00:00\",\"dateModified\":\"2022-07-09T16:40:22+00:00\",\"breadcrumb\":{\"@id\":\"https:\/\/publissoft.dev\/spasante\/produit\/elixir-relipidant\/#breadcrumb\"},\"inLanguage\":\"fr-CA\",\"potentialAction\":[{\"@type\":\"ReadAction\",\"target\":[\"https:\/\/publissoft.dev\/spasante\/produit\/elixir-relipidant\/\"]}]},{\"@type\":\"ImageObject\",\"inLanguage\":\"fr-CA\",\"@id\":\"https:\/\/publissoft.dev\/spasante\/produit\/elixir-relipidant\/#primaryimage\",\"url\":\"https:\/\/publissoft.dev\/spasante\/wp-content\/uploads\/2022\/01\/ElixirRelipidantAquaNUTRIA.jpg\",\"contentUrl\":\"https:\/\/publissoft.dev\/spasante\/wp-content\/uploads\/2022\/01\/ElixirRelipidantAquaNUTRIA.jpg\",\"width\":240,\"height\":300},{\"@type\":\"BreadcrumbList\",\"@id\":\"https:\/\/publissoft.dev\/spasante\/produit\/elixir-relipidant\/#breadcrumb\",\"itemListElement\":[{\"@type\":\"ListItem\",\"position\":1,\"name\":\"Accueil\",\"item\":\"https:\/\/publissoft.dev\/spasante\/\"},{\"@type\":\"ListItem\",\"position\":2,\"name\":\"Boutique\",\"item\":\"https:\/\/publissoft.dev\/spasante\/boutique\/\"},{\"@type\":\"ListItem\",\"position\":3,\"name\":\"Aquafolia &#8211; \u00c9lixir Relipidant\"}]},{\"@type\":\"WebSite\",\"@id\":\"https:\/\/publissoft.dev\/spasante\/#website\",\"url\":\"https:\/\/publissoft.dev\/spasante\/\",\"name\":\"Spa Sant\u00e9 Le N\u00e9nuphar\",\"description\":\"\",\"publisher\":{\"@id\":\"https:\/\/publissoft.dev\/spasante\/#organization\"},\"potentialAction\":[{\"@type\":\"SearchAction\",\"target\":{\"@type\":\"EntryPoint\",\"urlTemplate\":\"https:\/\/publissoft.dev\/spasante\/?s={search_term_string}\"},\"query-input\":\"required name=search_term_string\"}],\"inLanguage\":\"fr-CA\"},{\"@type\":\"Organization\",\"@id\":\"https:\/\/publissoft.dev\/spasante\/#organization\",\"name\":\"Spa Sant\u00e9 Le N\u00e9nuphar\",\"url\":\"https:\/\/publissoft.dev\/spasante\/\",\"logo\":{\"@type\":\"ImageObject\",\"inLanguage\":\"fr-CA\",\"@id\":\"https:\/\/publissoft.dev\/spasante\/#\/schema\/logo\/image\/\",\"url\":\"https:\/\/publissoft.dev\/spasante\/wp-content\/uploads\/2022\/11\/logo-jpg.jpeg\",\"contentUrl\":\"https:\/\/publissoft.dev\/spasante\/wp-content\/uploads\/2022\/11\/logo-jpg.jpeg\",\"width\":900,\"height\":900,\"caption\":\"Spa Sant\u00e9 Le N\u00e9nuphar\"},\"image\":{\"@id\":\"https:\/\/publissoft.dev\/spasante\/#\/schema\/logo\/image\/\"},\"sameAs\":[\"https:\/\/www.facebook.com\/SpaSanteLeNenuphar\",\"https:\/\/www.instagram.com\/spasantelenenuphar\/?hl=fr\"]}]}<\/script>\n<!-- \/ Yoast SEO plugin. -->","yoast_head_json":{"title":"Aquafolia - \u00c9lixir Relipidant - Spa Sant\u00e9 Le N\u00e9nuphar","robots":{"index":"noindex","follow":"follow","max-snippet":"max-snippet:-1","max-image-preview":"max-image-preview:large","max-video-preview":"max-video-preview:-1"},"og_locale":"fr_CA","og_type":"article","og_title":"Aquafolia - \u00c9lixir Relipidant - Spa Sant\u00e9 Le N\u00e9nuphar","og_description":"S\u00e9rum anti-\u00e2ge\u2020. R\u00e9g\u00e9n\u00e9rateur de lipides\u2020. Redonne son \u00e9lasticit\u00e9, sa fermet\u00e9 et sa vitalit\u00e9 \u00e0 la peau. V\u00e9ritable source de nutrition anti-\u00e2ge\u2020,nourrissante, revitalisante, raffermissante et densifiante. Types de peaux Peaux matures, d\u00e9shydrat\u00e9es, d\u00e9vitalis\u00e9es et alipidiques (en manque de lipides) Description S\u00e9rum anti-\u00e2ge\u2020\u00a0somptueux, nourrissant, raffermissant et relipidant. R\u00e9g\u00e9n\u00e9rateur de lipides\u2020, redonne souplesse, confort et hydratation\u2756\u00a0aux peaux s\u00e8ches. &hellip;","og_url":"https:\/\/publissoft.dev\/spasante\/produit\/elixir-relipidant\/","og_site_name":"Spa Sant\u00e9 Le N\u00e9nuphar","article_publisher":"https:\/\/www.facebook.com\/SpaSanteLeNenuphar","article_modified_time":"2022-07-09T16:40:22+00:00","og_image":[{"width":240,"height":300,"url":"https:\/\/publissoft.dev\/spasante\/wp-content\/uploads\/2022\/01\/ElixirRelipidantAquaNUTRIA.jpg","type":"image\/jpeg"}],"twitter_card":"summary_large_image","twitter_misc":{"Estimation du temps de lecture":"1 minute"},"schema":{"@context":"https:\/\/schema.org","@graph":[{"@type":"WebPage","@id":"https:\/\/publissoft.dev\/spasante\/produit\/elixir-relipidant\/","url":"https:\/\/publissoft.dev\/spasante\/produit\/elixir-relipidant\/","name":"Aquafolia - \u00c9lixir Relipidant - Spa Sant\u00e9 Le N\u00e9nuphar","isPartOf":{"@id":"https:\/\/publissoft.dev\/spasante\/#website"},"primaryImageOfPage":{"@id":"https:\/\/publissoft.dev\/spasante\/produit\/elixir-relipidant\/#primaryimage"},"image":{"@id":"https:\/\/publissoft.dev\/spasante\/produit\/elixir-relipidant\/#primaryimage"},"thumbnailUrl":"https:\/\/publissoft.dev\/spasante\/wp-content\/uploads\/2022\/01\/ElixirRelipidantAquaNUTRIA.jpg","datePublished":"2022-01-27T19:36:00+00:00","dateModified":"2022-07-09T16:40:22+00:00","breadcrumb":{"@id":"https:\/\/publissoft.dev\/spasante\/produit\/elixir-relipidant\/#breadcrumb"},"inLanguage":"fr-CA","potentialAction":[{"@type":"ReadAction","target":["https:\/\/publissoft.dev\/spasante\/produit\/elixir-relipidant\/"]}]},{"@type":"ImageObject","inLanguage":"fr-CA","@id":"https:\/\/publissoft.dev\/spasante\/produit\/elixir-relipidant\/#primaryimage","url":"https:\/\/publissoft.dev\/spasante\/wp-content\/uploads\/2022\/01\/ElixirRelipidantAquaNUTRIA.jpg","contentUrl":"https:\/\/publissoft.dev\/spasante\/wp-content\/uploads\/2022\/01\/ElixirRelipidantAquaNUTRIA.jpg","width":240,"height":300},{"@type":"BreadcrumbList","@id":"https:\/\/publissoft.dev\/spasante\/produit\/elixir-relipidant\/#breadcrumb","itemListElement":[{"@type":"ListItem","position":1,"name":"Accueil","item":"https:\/\/publissoft.dev\/spasante\/"},{"@type":"ListItem","position":2,"name":"Boutique","item":"https:\/\/publissoft.dev\/spasante\/boutique\/"},{"@type":"ListItem","position":3,"name":"Aquafolia &#8211; \u00c9lixir Relipidant"}]},{"@type":"WebSite","@id":"https:\/\/publissoft.dev\/spasante\/#website","url":"https:\/\/publissoft.dev\/spasante\/","name":"Spa Sant\u00e9 Le N\u00e9nuphar","description":"","publisher":{"@id":"https:\/\/publissoft.dev\/spasante\/#organization"},"potentialAction":[{"@type":"SearchAction","target":{"@type":"EntryPoint","urlTemplate":"https:\/\/publissoft.dev\/spasante\/?s={search_term_string}"},"query-input":"required name=search_term_string"}],"inLanguage":"fr-CA"},{"@type":"Organization","@id":"https:\/\/publissoft.dev\/spasante\/#organization","name":"Spa Sant\u00e9 Le N\u00e9nuphar","url":"https:\/\/publissoft.dev\/spasante\/","logo":{"@type":"ImageObject","inLanguage":"fr-CA","@id":"https:\/\/publissoft.dev\/spasante\/#\/schema\/logo\/image\/","url":"https:\/\/publissoft.dev\/spasante\/wp-content\/uploads\/2022\/11\/logo-jpg.jpeg","contentUrl":"https:\/\/publissoft.dev\/spasante\/wp-content\/uploads\/2022\/11\/logo-jpg.jpeg","width":900,"height":900,"caption":"Spa Sant\u00e9 Le N\u00e9nuphar"},"image":{"@id":"https:\/\/publissoft.dev\/spasante\/#\/schema\/logo\/image\/"},"sameAs":["https:\/\/www.facebook.com\/SpaSanteLeNenuphar","https:\/\/www.instagram.com\/spasantelenenuphar\/?hl=fr"]}]}},"_links":{"self":[{"href":"https:\/\/publissoft.dev\/spasante\/wp-json\/wp\/v2\/product\/466","targetHints":{"allow":["GET"]}}],"collection":[{"href":"https:\/\/publissoft.dev\/spasante\/wp-json\/wp\/v2\/product"}],"about":[{"href":"https:\/\/publissoft.dev\/spasante\/wp-json\/wp\/v2\/types\/product"}],"wp:featuredmedia":[{"embeddable":true,"href":"https:\/\/publissoft.dev\/spasante\/wp-json\/wp\/v2\/media\/483"}],"wp:attachment":[{"href":"https:\/\/publissoft.dev\/spasante\/wp-json\/wp\/v2\/media?parent=466"}],"wp:term":[{"taxonomy":"product_cat","embeddable":true,"href":"https:\/\/publissoft.dev\/spasante\/wp-json\/wp\/v2\/product_cat?post=466"},{"taxonomy":"product_tag","embeddable":true,"href":"https:\/\/publissoft.dev\/spasante\/wp-json\/wp\/v2\/product_tag?post=466"},{"taxonomy":"giftcard-category","embeddable":true,"href":"https:\/\/publissoft.dev\/spasante\/wp-json\/wp\/v2\/giftcard-category?post=466"}],"curies":[{"name":"wp","href":"https:\/\/api.w.org\/{rel}","templated":true}]}}