{"id":4877,"date":"2023-03-21T12:19:29","date_gmt":"2023-03-21T16:19:29","guid":{"rendered":"https:\/\/publissoft.dev\/spasante\/?post_type=product&#038;p=4877"},"modified":"2023-10-06T14:00:21","modified_gmt":"2023-10-06T18:00:21","slug":"caroline-neron-choker-ajustable-piege-de-cristal-argent-925","status":"publish","type":"product","link":"https:\/\/publissoft.dev\/spasante\/produit\/caroline-neron-choker-ajustable-piege-de-cristal-argent-925\/","title":{"rendered":"Caroline N\u00e9ron &#8211; Choker Ajustable Pi\u00e8ge De Cristal Argent 925"},"content":{"rendered":"<p>Mat\u00e9riaux et dimensions :\u00a0Zircons cubiques, argent sterling.<br \/>\nLa longueur de ce collier ajustable est de 28&#8243; au maximum.<\/p>\n<p>Couleur : Argent<\/p>\n","protected":false},"excerpt":{"rendered":"<p>Mat\u00e9riaux et dimensions :\u00a0Zircons cubiques, argent sterling. La longueur de ce collier ajustable est de 28&#8243; au maximum. Couleur : Argent<\/p>\n","protected":false},"featured_media":4878,"template":"","meta":{"_acf_changed":false,"_genesis_hide_title":false,"_genesis_hide_breadcrumbs":false,"_genesis_hide_singular_image":false,"_genesis_hide_footer_widgets":false,"_genesis_custom_body_class":"","_genesis_custom_post_class":"","_genesis_layout":""},"product_cat":[37,75],"product_tag":[],"giftcard-category":[],"class_list":{"0":"post-4877","1":"product","2":"type-product","3":"status-publish","4":"has-post-thumbnail","6":"product_cat-produits","7":"product_cat-bijoux-caroline-neron","8":"entry","10":"first","11":"instock","12":"taxable","13":"shipping-taxable","14":"purchasable","15":"product-type-simple"},"acf":[],"yoast_head":"<!-- This site is optimized with the Yoast SEO plugin v22.5 - https:\/\/yoast.com\/wordpress\/plugins\/seo\/ -->\n<title>Caroline N\u00e9ron - Choker Ajustable Pi\u00e8ge De Cristal Argent 925 - Spa Sant\u00e9 Le N\u00e9nuphar<\/title>\n<meta name=\"robots\" content=\"noindex, follow, max-snippet:-1, max-image-preview:large, max-video-preview:-1\" \/>\n<meta property=\"og:locale\" content=\"fr_CA\" \/>\n<meta property=\"og:type\" content=\"article\" \/>\n<meta property=\"og:title\" content=\"Caroline N\u00e9ron - Choker Ajustable Pi\u00e8ge De Cristal Argent 925 - Spa Sant\u00e9 Le N\u00e9nuphar\" \/>\n<meta property=\"og:description\" content=\"Mat\u00e9riaux et dimensions :\u00a0Zircons cubiques, argent sterling. La longueur de ce collier ajustable est de 28&#8243; au maximum. Couleur : Argent\" \/>\n<meta property=\"og:url\" content=\"https:\/\/publissoft.dev\/spasante\/produit\/caroline-neron-choker-ajustable-piege-de-cristal-argent-925\/\" \/>\n<meta property=\"og:site_name\" content=\"Spa Sant\u00e9 Le N\u00e9nuphar\" \/>\n<meta property=\"article:publisher\" content=\"https:\/\/www.facebook.com\/SpaSanteLeNenuphar\" \/>\n<meta property=\"article:modified_time\" content=\"2023-10-06T18:00:21+00:00\" \/>\n<meta property=\"og:image\" content=\"https:\/\/publissoft.dev\/spasante\/wp-content\/uploads\/2023\/03\/Choker-piege-de-crystal.jpg\" \/>\n\t<meta property=\"og:image:width\" content=\"484\" \/>\n\t<meta property=\"og:image:height\" content=\"643\" \/>\n\t<meta property=\"og:image:type\" content=\"image\/jpeg\" \/>\n<meta name=\"twitter:card\" content=\"summary_large_image\" \/>\n<meta name=\"twitter:label1\" content=\"Estimation du temps de lecture\" \/>\n\t<meta name=\"twitter:data1\" content=\"1 minute\" \/>\n<script type=\"application\/ld+json\" class=\"yoast-schema-graph\">{\"@context\":\"https:\/\/schema.org\",\"@graph\":[{\"@type\":\"WebPage\",\"@id\":\"https:\/\/publissoft.dev\/spasante\/produit\/caroline-neron-choker-ajustable-piege-de-cristal-argent-925\/\",\"url\":\"https:\/\/publissoft.dev\/spasante\/produit\/caroline-neron-choker-ajustable-piege-de-cristal-argent-925\/\",\"name\":\"Caroline N\u00e9ron - Choker Ajustable Pi\u00e8ge De Cristal Argent 925 - Spa Sant\u00e9 Le N\u00e9nuphar\",\"isPartOf\":{\"@id\":\"https:\/\/publissoft.dev\/spasante\/#website\"},\"primaryImageOfPage\":{\"@id\":\"https:\/\/publissoft.dev\/spasante\/produit\/caroline-neron-choker-ajustable-piege-de-cristal-argent-925\/#primaryimage\"},\"image\":{\"@id\":\"https:\/\/publissoft.dev\/spasante\/produit\/caroline-neron-choker-ajustable-piege-de-cristal-argent-925\/#primaryimage\"},\"thumbnailUrl\":\"https:\/\/publissoft.dev\/spasante\/wp-content\/uploads\/2023\/03\/Choker-piege-de-crystal.jpg\",\"datePublished\":\"2023-03-21T16:19:29+00:00\",\"dateModified\":\"2023-10-06T18:00:21+00:00\",\"breadcrumb\":{\"@id\":\"https:\/\/publissoft.dev\/spasante\/produit\/caroline-neron-choker-ajustable-piege-de-cristal-argent-925\/#breadcrumb\"},\"inLanguage\":\"fr-CA\",\"potentialAction\":[{\"@type\":\"ReadAction\",\"target\":[\"https:\/\/publissoft.dev\/spasante\/produit\/caroline-neron-choker-ajustable-piege-de-cristal-argent-925\/\"]}]},{\"@type\":\"ImageObject\",\"inLanguage\":\"fr-CA\",\"@id\":\"https:\/\/publissoft.dev\/spasante\/produit\/caroline-neron-choker-ajustable-piege-de-cristal-argent-925\/#primaryimage\",\"url\":\"https:\/\/publissoft.dev\/spasante\/wp-content\/uploads\/2023\/03\/Choker-piege-de-crystal.jpg\",\"contentUrl\":\"https:\/\/publissoft.dev\/spasante\/wp-content\/uploads\/2023\/03\/Choker-piege-de-crystal.jpg\",\"width\":484,\"height\":643},{\"@type\":\"BreadcrumbList\",\"@id\":\"https:\/\/publissoft.dev\/spasante\/produit\/caroline-neron-choker-ajustable-piege-de-cristal-argent-925\/#breadcrumb\",\"itemListElement\":[{\"@type\":\"ListItem\",\"position\":1,\"name\":\"Accueil\",\"item\":\"https:\/\/publissoft.dev\/spasante\/\"},{\"@type\":\"ListItem\",\"position\":2,\"name\":\"Boutique\",\"item\":\"https:\/\/publissoft.dev\/spasante\/boutique\/\"},{\"@type\":\"ListItem\",\"position\":3,\"name\":\"Caroline N\u00e9ron &#8211; Choker Ajustable Pi\u00e8ge De Cristal Argent 925\"}]},{\"@type\":\"WebSite\",\"@id\":\"https:\/\/publissoft.dev\/spasante\/#website\",\"url\":\"https:\/\/publissoft.dev\/spasante\/\",\"name\":\"Spa Sant\u00e9 Le N\u00e9nuphar\",\"description\":\"\",\"publisher\":{\"@id\":\"https:\/\/publissoft.dev\/spasante\/#organization\"},\"potentialAction\":[{\"@type\":\"SearchAction\",\"target\":{\"@type\":\"EntryPoint\",\"urlTemplate\":\"https:\/\/publissoft.dev\/spasante\/?s={search_term_string}\"},\"query-input\":\"required name=search_term_string\"}],\"inLanguage\":\"fr-CA\"},{\"@type\":\"Organization\",\"@id\":\"https:\/\/publissoft.dev\/spasante\/#organization\",\"name\":\"Spa Sant\u00e9 Le N\u00e9nuphar\",\"url\":\"https:\/\/publissoft.dev\/spasante\/\",\"logo\":{\"@type\":\"ImageObject\",\"inLanguage\":\"fr-CA\",\"@id\":\"https:\/\/publissoft.dev\/spasante\/#\/schema\/logo\/image\/\",\"url\":\"https:\/\/publissoft.dev\/spasante\/wp-content\/uploads\/2022\/11\/logo-jpg.jpeg\",\"contentUrl\":\"https:\/\/publissoft.dev\/spasante\/wp-content\/uploads\/2022\/11\/logo-jpg.jpeg\",\"width\":900,\"height\":900,\"caption\":\"Spa Sant\u00e9 Le N\u00e9nuphar\"},\"image\":{\"@id\":\"https:\/\/publissoft.dev\/spasante\/#\/schema\/logo\/image\/\"},\"sameAs\":[\"https:\/\/www.facebook.com\/SpaSanteLeNenuphar\",\"https:\/\/www.instagram.com\/spasantelenenuphar\/?hl=fr\"]}]}<\/script>\n<!-- \/ Yoast SEO plugin. -->","yoast_head_json":{"title":"Caroline N\u00e9ron - Choker Ajustable Pi\u00e8ge De Cristal Argent 925 - Spa Sant\u00e9 Le N\u00e9nuphar","robots":{"index":"noindex","follow":"follow","max-snippet":"max-snippet:-1","max-image-preview":"max-image-preview:large","max-video-preview":"max-video-preview:-1"},"og_locale":"fr_CA","og_type":"article","og_title":"Caroline N\u00e9ron - Choker Ajustable Pi\u00e8ge De Cristal Argent 925 - Spa Sant\u00e9 Le N\u00e9nuphar","og_description":"Mat\u00e9riaux et dimensions :\u00a0Zircons cubiques, argent sterling. La longueur de ce collier ajustable est de 28&#8243; au maximum. Couleur : Argent","og_url":"https:\/\/publissoft.dev\/spasante\/produit\/caroline-neron-choker-ajustable-piege-de-cristal-argent-925\/","og_site_name":"Spa Sant\u00e9 Le N\u00e9nuphar","article_publisher":"https:\/\/www.facebook.com\/SpaSanteLeNenuphar","article_modified_time":"2023-10-06T18:00:21+00:00","og_image":[{"width":484,"height":643,"url":"https:\/\/publissoft.dev\/spasante\/wp-content\/uploads\/2023\/03\/Choker-piege-de-crystal.jpg","type":"image\/jpeg"}],"twitter_card":"summary_large_image","twitter_misc":{"Estimation du temps de lecture":"1 minute"},"schema":{"@context":"https:\/\/schema.org","@graph":[{"@type":"WebPage","@id":"https:\/\/publissoft.dev\/spasante\/produit\/caroline-neron-choker-ajustable-piege-de-cristal-argent-925\/","url":"https:\/\/publissoft.dev\/spasante\/produit\/caroline-neron-choker-ajustable-piege-de-cristal-argent-925\/","name":"Caroline N\u00e9ron - Choker Ajustable Pi\u00e8ge De Cristal Argent 925 - Spa Sant\u00e9 Le N\u00e9nuphar","isPartOf":{"@id":"https:\/\/publissoft.dev\/spasante\/#website"},"primaryImageOfPage":{"@id":"https:\/\/publissoft.dev\/spasante\/produit\/caroline-neron-choker-ajustable-piege-de-cristal-argent-925\/#primaryimage"},"image":{"@id":"https:\/\/publissoft.dev\/spasante\/produit\/caroline-neron-choker-ajustable-piege-de-cristal-argent-925\/#primaryimage"},"thumbnailUrl":"https:\/\/publissoft.dev\/spasante\/wp-content\/uploads\/2023\/03\/Choker-piege-de-crystal.jpg","datePublished":"2023-03-21T16:19:29+00:00","dateModified":"2023-10-06T18:00:21+00:00","breadcrumb":{"@id":"https:\/\/publissoft.dev\/spasante\/produit\/caroline-neron-choker-ajustable-piege-de-cristal-argent-925\/#breadcrumb"},"inLanguage":"fr-CA","potentialAction":[{"@type":"ReadAction","target":["https:\/\/publissoft.dev\/spasante\/produit\/caroline-neron-choker-ajustable-piege-de-cristal-argent-925\/"]}]},{"@type":"ImageObject","inLanguage":"fr-CA","@id":"https:\/\/publissoft.dev\/spasante\/produit\/caroline-neron-choker-ajustable-piege-de-cristal-argent-925\/#primaryimage","url":"https:\/\/publissoft.dev\/spasante\/wp-content\/uploads\/2023\/03\/Choker-piege-de-crystal.jpg","contentUrl":"https:\/\/publissoft.dev\/spasante\/wp-content\/uploads\/2023\/03\/Choker-piege-de-crystal.jpg","width":484,"height":643},{"@type":"BreadcrumbList","@id":"https:\/\/publissoft.dev\/spasante\/produit\/caroline-neron-choker-ajustable-piege-de-cristal-argent-925\/#breadcrumb","itemListElement":[{"@type":"ListItem","position":1,"name":"Accueil","item":"https:\/\/publissoft.dev\/spasante\/"},{"@type":"ListItem","position":2,"name":"Boutique","item":"https:\/\/publissoft.dev\/spasante\/boutique\/"},{"@type":"ListItem","position":3,"name":"Caroline N\u00e9ron &#8211; Choker Ajustable Pi\u00e8ge De Cristal Argent 925"}]},{"@type":"WebSite","@id":"https:\/\/publissoft.dev\/spasante\/#website","url":"https:\/\/publissoft.dev\/spasante\/","name":"Spa Sant\u00e9 Le N\u00e9nuphar","description":"","publisher":{"@id":"https:\/\/publissoft.dev\/spasante\/#organization"},"potentialAction":[{"@type":"SearchAction","target":{"@type":"EntryPoint","urlTemplate":"https:\/\/publissoft.dev\/spasante\/?s={search_term_string}"},"query-input":"required name=search_term_string"}],"inLanguage":"fr-CA"},{"@type":"Organization","@id":"https:\/\/publissoft.dev\/spasante\/#organization","name":"Spa Sant\u00e9 Le N\u00e9nuphar","url":"https:\/\/publissoft.dev\/spasante\/","logo":{"@type":"ImageObject","inLanguage":"fr-CA","@id":"https:\/\/publissoft.dev\/spasante\/#\/schema\/logo\/image\/","url":"https:\/\/publissoft.dev\/spasante\/wp-content\/uploads\/2022\/11\/logo-jpg.jpeg","contentUrl":"https:\/\/publissoft.dev\/spasante\/wp-content\/uploads\/2022\/11\/logo-jpg.jpeg","width":900,"height":900,"caption":"Spa Sant\u00e9 Le N\u00e9nuphar"},"image":{"@id":"https:\/\/publissoft.dev\/spasante\/#\/schema\/logo\/image\/"},"sameAs":["https:\/\/www.facebook.com\/SpaSanteLeNenuphar","https:\/\/www.instagram.com\/spasantelenenuphar\/?hl=fr"]}]}},"_links":{"self":[{"href":"https:\/\/publissoft.dev\/spasante\/wp-json\/wp\/v2\/product\/4877","targetHints":{"allow":["GET"]}}],"collection":[{"href":"https:\/\/publissoft.dev\/spasante\/wp-json\/wp\/v2\/product"}],"about":[{"href":"https:\/\/publissoft.dev\/spasante\/wp-json\/wp\/v2\/types\/product"}],"wp:featuredmedia":[{"embeddable":true,"href":"https:\/\/publissoft.dev\/spasante\/wp-json\/wp\/v2\/media\/4878"}],"wp:attachment":[{"href":"https:\/\/publissoft.dev\/spasante\/wp-json\/wp\/v2\/media?parent=4877"}],"wp:term":[{"taxonomy":"product_cat","embeddable":true,"href":"https:\/\/publissoft.dev\/spasante\/wp-json\/wp\/v2\/product_cat?post=4877"},{"taxonomy":"product_tag","embeddable":true,"href":"https:\/\/publissoft.dev\/spasante\/wp-json\/wp\/v2\/product_tag?post=4877"},{"taxonomy":"giftcard-category","embeddable":true,"href":"https:\/\/publissoft.dev\/spasante\/wp-json\/wp\/v2\/giftcard-category?post=4877"}],"curies":[{"name":"wp","href":"https:\/\/api.w.org\/{rel}","templated":true}]}}