{"id":5067,"date":"2023-05-04T14:37:27","date_gmt":"2023-05-04T18:37:27","guid":{"rendered":"https:\/\/publissoft.dev\/spasante\/?post_type=product&#038;p=5067"},"modified":"2023-05-04T14:48:21","modified_gmt":"2023-05-04T18:48:21","slug":"podosense-baume-sec-protecteur-200-ml","status":"publish","type":"product","link":"https:\/\/publissoft.dev\/spasante\/produit\/podosense-baume-sec-protecteur-200-ml\/","title":{"rendered":"Podosens\u00e9 &#8211; Baume Sec Protecteur 200 ml"},"content":{"rendered":"<p>Un nouveau produit qui vous gardera au sec et qui pr\u00e9vient les frottements !<\/p>\n<p>Le Baume sec protecteur est un produit recherch\u00e9 lorsqu\u2019on souhaite absorber l\u2019humidit\u00e9 des pieds et\/ou des mains.<\/p>\n<p>De texture cr\u00e9meuse, il se transforme d\u00e8s l\u2019application en une cr\u00e8me poudr\u00e9e.<\/p>\n<p>Le Baume aidera \u00e0 pr\u00e9venir les irritations caus\u00e9es par le frottement gr\u00e2ce \u00e0 ses ingr\u00e9dients qui prot\u00e8gent la peau. Il est parfait pour \u00e9viter les phlyct\u00e8nes entres autres.<\/p>\n<p>Ingr\u00e9dients :<\/p>\n<p>Zea Mays (Corn) Starch, Maranta Arundinacea Root, Caprylic\/CapricTriglyceride, Prunus Armeniaca (Apricot) Kernel Oil, Solanum Tuberosum (Potato) Starch, Sodium Bicarbonate, Cocos Nucifera (Coconut) Oil, Butyrospermum Parkii (Shea) Butter, Cera Alba, Zinc Oxide, Cetyl Alcohol, Stearyl Alcohol, Citrus Grandis (Grapefruit) Seed Extract<strong>,\u00a0<\/strong>Citrus Limon (Lemon) Peel Oil, Lavandula Officinalis Flower Oil, Mentha Spicata (Spearmint) Leaf Oil, Tocopherol.<\/p>\n","protected":false},"excerpt":{"rendered":"<p>Un nouveau produit qui vous gardera au sec et qui pr\u00e9vient les frottements ! Le Baume sec protecteur est un produit recherch\u00e9 lorsqu\u2019on souhaite absorber l\u2019humidit\u00e9 des pieds et\/ou des mains. De texture cr\u00e9meuse, il se transforme d\u00e8s l\u2019application en une cr\u00e8me poudr\u00e9e. Le Baume aidera \u00e0 pr\u00e9venir les irritations caus\u00e9es par le frottement gr\u00e2ce &hellip;<\/p>\n","protected":false},"featured_media":5068,"template":"","meta":{"_acf_changed":false,"_genesis_hide_title":false,"_genesis_hide_breadcrumbs":false,"_genesis_hide_singular_image":false,"_genesis_hide_footer_widgets":false,"_genesis_custom_body_class":"","_genesis_custom_post_class":"","_genesis_layout":""},"product_cat":[37,36],"product_tag":[],"giftcard-category":[],"class_list":{"0":"post-5067","1":"product","2":"type-product","3":"status-publish","4":"has-post-thumbnail","6":"product_cat-produits","7":"product_cat-podosense","8":"entry","10":"first","11":"instock","12":"taxable","13":"shipping-taxable","14":"purchasable","15":"product-type-simple"},"acf":[],"yoast_head":"<!-- This site is optimized with the Yoast SEO plugin v22.5 - https:\/\/yoast.com\/wordpress\/plugins\/seo\/ -->\n<title>Podosens\u00e9 - Baume Sec Protecteur 200 ml - Spa Sant\u00e9 Le N\u00e9nuphar<\/title>\n<meta name=\"description\" content=\"baume, pieds secs, r\u00e9parateur, hydratant, adoucissant, irritation, frottement, pr\u00e9serve de l&#039;humidit\u00e9\" \/>\n<meta name=\"robots\" content=\"noindex, follow, max-snippet:-1, max-image-preview:large, max-video-preview:-1\" \/>\n<meta property=\"og:locale\" content=\"fr_CA\" \/>\n<meta property=\"og:type\" content=\"article\" \/>\n<meta property=\"og:title\" content=\"Podosens\u00e9 - Baume Sec Protecteur 200 ml - Spa Sant\u00e9 Le N\u00e9nuphar\" \/>\n<meta property=\"og:description\" content=\"baume, pieds secs, r\u00e9parateur, hydratant, adoucissant, irritation, frottement, pr\u00e9serve de l&#039;humidit\u00e9\" \/>\n<meta property=\"og:url\" content=\"https:\/\/publissoft.dev\/spasante\/produit\/podosense-baume-sec-protecteur-200-ml\/\" \/>\n<meta property=\"og:site_name\" content=\"Spa Sant\u00e9 Le N\u00e9nuphar\" \/>\n<meta property=\"article:publisher\" content=\"https:\/\/www.facebook.com\/SpaSanteLeNenuphar\" \/>\n<meta property=\"article:modified_time\" content=\"2023-05-04T18:48:21+00:00\" \/>\n<meta property=\"og:image\" content=\"https:\/\/publissoft.dev\/spasante\/wp-content\/uploads\/2023\/05\/PODOSENDE_BAUME-SEC-PROTECTEUR.jpg\" \/>\n\t<meta property=\"og:image:width\" content=\"960\" \/>\n\t<meta property=\"og:image:height\" content=\"1280\" \/>\n\t<meta property=\"og:image:type\" content=\"image\/jpeg\" \/>\n<meta name=\"twitter:card\" content=\"summary_large_image\" \/>\n<meta name=\"twitter:label1\" content=\"Estimation du temps de lecture\" \/>\n\t<meta name=\"twitter:data1\" content=\"1 minute\" \/>\n<script type=\"application\/ld+json\" class=\"yoast-schema-graph\">{\"@context\":\"https:\/\/schema.org\",\"@graph\":[{\"@type\":\"WebPage\",\"@id\":\"https:\/\/publissoft.dev\/spasante\/produit\/podosense-baume-sec-protecteur-200-ml\/\",\"url\":\"https:\/\/publissoft.dev\/spasante\/produit\/podosense-baume-sec-protecteur-200-ml\/\",\"name\":\"Podosens\u00e9 - Baume Sec Protecteur 200 ml - Spa Sant\u00e9 Le N\u00e9nuphar\",\"isPartOf\":{\"@id\":\"https:\/\/publissoft.dev\/spasante\/#website\"},\"primaryImageOfPage\":{\"@id\":\"https:\/\/publissoft.dev\/spasante\/produit\/podosense-baume-sec-protecteur-200-ml\/#primaryimage\"},\"image\":{\"@id\":\"https:\/\/publissoft.dev\/spasante\/produit\/podosense-baume-sec-protecteur-200-ml\/#primaryimage\"},\"thumbnailUrl\":\"https:\/\/publissoft.dev\/spasante\/wp-content\/uploads\/2023\/05\/PODOSENDE_BAUME-SEC-PROTECTEUR.jpg\",\"datePublished\":\"2023-05-04T18:37:27+00:00\",\"dateModified\":\"2023-05-04T18:48:21+00:00\",\"description\":\"baume, pieds secs, r\u00e9parateur, hydratant, adoucissant, irritation, frottement, pr\u00e9serve de l'humidit\u00e9\",\"breadcrumb\":{\"@id\":\"https:\/\/publissoft.dev\/spasante\/produit\/podosense-baume-sec-protecteur-200-ml\/#breadcrumb\"},\"inLanguage\":\"fr-CA\",\"potentialAction\":[{\"@type\":\"ReadAction\",\"target\":[\"https:\/\/publissoft.dev\/spasante\/produit\/podosense-baume-sec-protecteur-200-ml\/\"]}]},{\"@type\":\"ImageObject\",\"inLanguage\":\"fr-CA\",\"@id\":\"https:\/\/publissoft.dev\/spasante\/produit\/podosense-baume-sec-protecteur-200-ml\/#primaryimage\",\"url\":\"https:\/\/publissoft.dev\/spasante\/wp-content\/uploads\/2023\/05\/PODOSENDE_BAUME-SEC-PROTECTEUR.jpg\",\"contentUrl\":\"https:\/\/publissoft.dev\/spasante\/wp-content\/uploads\/2023\/05\/PODOSENDE_BAUME-SEC-PROTECTEUR.jpg\",\"width\":960,\"height\":1280},{\"@type\":\"BreadcrumbList\",\"@id\":\"https:\/\/publissoft.dev\/spasante\/produit\/podosense-baume-sec-protecteur-200-ml\/#breadcrumb\",\"itemListElement\":[{\"@type\":\"ListItem\",\"position\":1,\"name\":\"Accueil\",\"item\":\"https:\/\/publissoft.dev\/spasante\/\"},{\"@type\":\"ListItem\",\"position\":2,\"name\":\"Boutique\",\"item\":\"https:\/\/publissoft.dev\/spasante\/boutique\/\"},{\"@type\":\"ListItem\",\"position\":3,\"name\":\"Podosens\u00e9 &#8211; Baume Sec Protecteur 200 ml\"}]},{\"@type\":\"WebSite\",\"@id\":\"https:\/\/publissoft.dev\/spasante\/#website\",\"url\":\"https:\/\/publissoft.dev\/spasante\/\",\"name\":\"Spa Sant\u00e9 Le N\u00e9nuphar\",\"description\":\"\",\"publisher\":{\"@id\":\"https:\/\/publissoft.dev\/spasante\/#organization\"},\"potentialAction\":[{\"@type\":\"SearchAction\",\"target\":{\"@type\":\"EntryPoint\",\"urlTemplate\":\"https:\/\/publissoft.dev\/spasante\/?s={search_term_string}\"},\"query-input\":\"required name=search_term_string\"}],\"inLanguage\":\"fr-CA\"},{\"@type\":\"Organization\",\"@id\":\"https:\/\/publissoft.dev\/spasante\/#organization\",\"name\":\"Spa Sant\u00e9 Le N\u00e9nuphar\",\"url\":\"https:\/\/publissoft.dev\/spasante\/\",\"logo\":{\"@type\":\"ImageObject\",\"inLanguage\":\"fr-CA\",\"@id\":\"https:\/\/publissoft.dev\/spasante\/#\/schema\/logo\/image\/\",\"url\":\"https:\/\/publissoft.dev\/spasante\/wp-content\/uploads\/2022\/11\/logo-jpg.jpeg\",\"contentUrl\":\"https:\/\/publissoft.dev\/spasante\/wp-content\/uploads\/2022\/11\/logo-jpg.jpeg\",\"width\":900,\"height\":900,\"caption\":\"Spa Sant\u00e9 Le N\u00e9nuphar\"},\"image\":{\"@id\":\"https:\/\/publissoft.dev\/spasante\/#\/schema\/logo\/image\/\"},\"sameAs\":[\"https:\/\/www.facebook.com\/SpaSanteLeNenuphar\",\"https:\/\/www.instagram.com\/spasantelenenuphar\/?hl=fr\"]}]}<\/script>\n<!-- \/ Yoast SEO plugin. -->","yoast_head_json":{"title":"Podosens\u00e9 - Baume Sec Protecteur 200 ml - Spa Sant\u00e9 Le N\u00e9nuphar","description":"baume, pieds secs, r\u00e9parateur, hydratant, adoucissant, irritation, frottement, pr\u00e9serve de l'humidit\u00e9","robots":{"index":"noindex","follow":"follow","max-snippet":"max-snippet:-1","max-image-preview":"max-image-preview:large","max-video-preview":"max-video-preview:-1"},"og_locale":"fr_CA","og_type":"article","og_title":"Podosens\u00e9 - Baume Sec Protecteur 200 ml - Spa Sant\u00e9 Le N\u00e9nuphar","og_description":"baume, pieds secs, r\u00e9parateur, hydratant, adoucissant, irritation, frottement, pr\u00e9serve de l'humidit\u00e9","og_url":"https:\/\/publissoft.dev\/spasante\/produit\/podosense-baume-sec-protecteur-200-ml\/","og_site_name":"Spa Sant\u00e9 Le N\u00e9nuphar","article_publisher":"https:\/\/www.facebook.com\/SpaSanteLeNenuphar","article_modified_time":"2023-05-04T18:48:21+00:00","og_image":[{"width":960,"height":1280,"url":"https:\/\/publissoft.dev\/spasante\/wp-content\/uploads\/2023\/05\/PODOSENDE_BAUME-SEC-PROTECTEUR.jpg","type":"image\/jpeg"}],"twitter_card":"summary_large_image","twitter_misc":{"Estimation du temps de lecture":"1 minute"},"schema":{"@context":"https:\/\/schema.org","@graph":[{"@type":"WebPage","@id":"https:\/\/publissoft.dev\/spasante\/produit\/podosense-baume-sec-protecteur-200-ml\/","url":"https:\/\/publissoft.dev\/spasante\/produit\/podosense-baume-sec-protecteur-200-ml\/","name":"Podosens\u00e9 - Baume Sec Protecteur 200 ml - Spa Sant\u00e9 Le N\u00e9nuphar","isPartOf":{"@id":"https:\/\/publissoft.dev\/spasante\/#website"},"primaryImageOfPage":{"@id":"https:\/\/publissoft.dev\/spasante\/produit\/podosense-baume-sec-protecteur-200-ml\/#primaryimage"},"image":{"@id":"https:\/\/publissoft.dev\/spasante\/produit\/podosense-baume-sec-protecteur-200-ml\/#primaryimage"},"thumbnailUrl":"https:\/\/publissoft.dev\/spasante\/wp-content\/uploads\/2023\/05\/PODOSENDE_BAUME-SEC-PROTECTEUR.jpg","datePublished":"2023-05-04T18:37:27+00:00","dateModified":"2023-05-04T18:48:21+00:00","description":"baume, pieds secs, r\u00e9parateur, hydratant, adoucissant, irritation, frottement, pr\u00e9serve de l'humidit\u00e9","breadcrumb":{"@id":"https:\/\/publissoft.dev\/spasante\/produit\/podosense-baume-sec-protecteur-200-ml\/#breadcrumb"},"inLanguage":"fr-CA","potentialAction":[{"@type":"ReadAction","target":["https:\/\/publissoft.dev\/spasante\/produit\/podosense-baume-sec-protecteur-200-ml\/"]}]},{"@type":"ImageObject","inLanguage":"fr-CA","@id":"https:\/\/publissoft.dev\/spasante\/produit\/podosense-baume-sec-protecteur-200-ml\/#primaryimage","url":"https:\/\/publissoft.dev\/spasante\/wp-content\/uploads\/2023\/05\/PODOSENDE_BAUME-SEC-PROTECTEUR.jpg","contentUrl":"https:\/\/publissoft.dev\/spasante\/wp-content\/uploads\/2023\/05\/PODOSENDE_BAUME-SEC-PROTECTEUR.jpg","width":960,"height":1280},{"@type":"BreadcrumbList","@id":"https:\/\/publissoft.dev\/spasante\/produit\/podosense-baume-sec-protecteur-200-ml\/#breadcrumb","itemListElement":[{"@type":"ListItem","position":1,"name":"Accueil","item":"https:\/\/publissoft.dev\/spasante\/"},{"@type":"ListItem","position":2,"name":"Boutique","item":"https:\/\/publissoft.dev\/spasante\/boutique\/"},{"@type":"ListItem","position":3,"name":"Podosens\u00e9 &#8211; Baume Sec Protecteur 200 ml"}]},{"@type":"WebSite","@id":"https:\/\/publissoft.dev\/spasante\/#website","url":"https:\/\/publissoft.dev\/spasante\/","name":"Spa Sant\u00e9 Le N\u00e9nuphar","description":"","publisher":{"@id":"https:\/\/publissoft.dev\/spasante\/#organization"},"potentialAction":[{"@type":"SearchAction","target":{"@type":"EntryPoint","urlTemplate":"https:\/\/publissoft.dev\/spasante\/?s={search_term_string}"},"query-input":"required name=search_term_string"}],"inLanguage":"fr-CA"},{"@type":"Organization","@id":"https:\/\/publissoft.dev\/spasante\/#organization","name":"Spa Sant\u00e9 Le N\u00e9nuphar","url":"https:\/\/publissoft.dev\/spasante\/","logo":{"@type":"ImageObject","inLanguage":"fr-CA","@id":"https:\/\/publissoft.dev\/spasante\/#\/schema\/logo\/image\/","url":"https:\/\/publissoft.dev\/spasante\/wp-content\/uploads\/2022\/11\/logo-jpg.jpeg","contentUrl":"https:\/\/publissoft.dev\/spasante\/wp-content\/uploads\/2022\/11\/logo-jpg.jpeg","width":900,"height":900,"caption":"Spa Sant\u00e9 Le N\u00e9nuphar"},"image":{"@id":"https:\/\/publissoft.dev\/spasante\/#\/schema\/logo\/image\/"},"sameAs":["https:\/\/www.facebook.com\/SpaSanteLeNenuphar","https:\/\/www.instagram.com\/spasantelenenuphar\/?hl=fr"]}]}},"_links":{"self":[{"href":"https:\/\/publissoft.dev\/spasante\/wp-json\/wp\/v2\/product\/5067","targetHints":{"allow":["GET"]}}],"collection":[{"href":"https:\/\/publissoft.dev\/spasante\/wp-json\/wp\/v2\/product"}],"about":[{"href":"https:\/\/publissoft.dev\/spasante\/wp-json\/wp\/v2\/types\/product"}],"wp:featuredmedia":[{"embeddable":true,"href":"https:\/\/publissoft.dev\/spasante\/wp-json\/wp\/v2\/media\/5068"}],"wp:attachment":[{"href":"https:\/\/publissoft.dev\/spasante\/wp-json\/wp\/v2\/media?parent=5067"}],"wp:term":[{"taxonomy":"product_cat","embeddable":true,"href":"https:\/\/publissoft.dev\/spasante\/wp-json\/wp\/v2\/product_cat?post=5067"},{"taxonomy":"product_tag","embeddable":true,"href":"https:\/\/publissoft.dev\/spasante\/wp-json\/wp\/v2\/product_tag?post=5067"},{"taxonomy":"giftcard-category","embeddable":true,"href":"https:\/\/publissoft.dev\/spasante\/wp-json\/wp\/v2\/giftcard-category?post=5067"}],"curies":[{"name":"wp","href":"https:\/\/api.w.org\/{rel}","templated":true}]}}