{"id":5360,"date":"2023-06-09T13:55:15","date_gmt":"2023-06-09T17:55:15","guid":{"rendered":"https:\/\/publissoft.dev\/spasante\/?post_type=product&#038;p=5360"},"modified":"2024-01-30T11:59:26","modified_gmt":"2024-01-30T16:59:26","slug":"dr-renaud-huile-soyeuse-visage-corps-cheveux","status":"publish","type":"product","link":"https:\/\/publissoft.dev\/spasante\/produit\/dr-renaud-huile-soyeuse-visage-corps-cheveux\/","title":{"rendered":"Dr. Renaud &#8211; Huile Soyeuse &#8211; Visage\/Corps\/Cheveux"},"content":{"rendered":"<p>Cette huile s\u00e8che multifonctionnelle nourrit et am\u00e9liore l\u2019aspect du visage, du corps et des cheveux. Elle laisse un fini satin\u00e9 pour une apparence naturelle et lumineuse. Sa formule soyeuse et non grasse contient la combinaison parfaite de 7 huiles pr\u00e9cieuses et est riche en vitamines A, B, C, E et en om\u00e9ga-3. V\u00e9gane et sans gluten.<\/p>\n<p>ROSE MUSQU\u00c9E \u2013 Anti-\u00e2ge<br \/>\nAVOCAT \u2013 Nourrissant<br \/>\nP\u00c9PINS DE RAISIN \u2013 Favorisent l\u2019\u00e9lasticit\u00e9<br \/>\nARGAN \u2013 R\u00e9parateur<br \/>\nINCA INCHI \u2013 Apaisant<br \/>\nCRAMBE ABYSSINICA \u2013 Hydratant<br \/>\nGRAINES DE MOUSSE DES PR\u00c9S \u2013 Rajeunissantes<\/p>\n<p>B\u00e9n\u00e9fices:<\/p>\n<p>* Laisse la peau et les cheveux hydrat\u00e9s et nourris<br \/>\n* Aide \u00e0 raffermir la peau et \u00e0 favoriser son \u00e9lasticit\u00e9<br \/>\n* Anti-\u00e2ge et r\u00e9g\u00e9n\u00e9rante<br \/>\nPeut \u00eatre utilis\u00e9 comme traitement avant le shampooing<br \/>\nSans danger pour les cheveux color\u00e9s et trait\u00e9s chimiquement.<\/p>\n<p>Conseils d&#8217;utilisation<\/p>\n<p>R\u00e9chauffer la quantit\u00e9 souhait\u00e9e d\u2019Huile Soyeuse entre les mains.<br \/>\nVisage \u2013 Appliquer d\u00e9licatement sur le visage, le cou et le d\u00e9collet\u00e9 ou ajouter quelques gouttes \u00e0 votre cr\u00e8me.<br \/>\nCorps \u2013 Appliquer en mouvements circulaires sur tout le corps.<br \/>\nCheveux \u2013 Appliquer \u00e0 la pointe des cheveux et lisser avec les doigts.<\/p>\n","protected":false},"excerpt":{"rendered":"<p>Cette huile s\u00e8che multifonctionnelle nourrit et am\u00e9liore l\u2019aspect du visage, du corps et des cheveux. Elle laisse un fini satin\u00e9 pour une apparence naturelle et lumineuse. Sa formule soyeuse et non grasse contient la combinaison parfaite de 7 huiles pr\u00e9cieuses et est riche en vitamines A, B, C, E et en om\u00e9ga-3. V\u00e9gane et sans &hellip;<\/p>\n","protected":false},"featured_media":5707,"template":"","meta":{"_acf_changed":false,"_genesis_hide_title":false,"_genesis_hide_breadcrumbs":false,"_genesis_hide_singular_image":false,"_genesis_hide_footer_widgets":false,"_genesis_custom_body_class":"","_genesis_custom_post_class":"","_genesis_layout":""},"product_cat":[37,31,46],"product_tag":[],"giftcard-category":[],"class_list":{"0":"post-5360","1":"product","2":"type-product","3":"status-publish","4":"has-post-thumbnail","6":"product_cat-produits","7":"product_cat-laboratoire-dr-renaud","8":"product_cat-tous","9":"entry","11":"first","12":"instock","13":"taxable","14":"shipping-taxable","15":"purchasable","16":"product-type-simple"},"acf":[],"yoast_head":"<!-- This site is optimized with the Yoast SEO plugin v22.5 - https:\/\/yoast.com\/wordpress\/plugins\/seo\/ -->\n<title>Dr. Renaud - Huile Soyeuse - Visage\/Corps\/Cheveux - Spa Sant\u00e9 Le N\u00e9nuphar<\/title>\n<meta name=\"description\" content=\"huile - soyeuse - Dr.Renaud - Corps - Cheveux - Argan - satin\u00e9 - nourrissante - anti-\u00e2ge - \u00e9lasticit\u00e9 - Lissant - soyeux - traitement - shampoing - huiles pr\u00e9cieuses - nouveaut\u00e9 -\" \/>\n<meta name=\"robots\" content=\"noindex, follow, max-snippet:-1, max-image-preview:large, max-video-preview:-1\" \/>\n<meta property=\"og:locale\" content=\"fr_CA\" \/>\n<meta property=\"og:type\" content=\"article\" \/>\n<meta property=\"og:title\" content=\"Dr. Renaud - Huile Soyeuse - Visage\/Corps\/Cheveux - Spa Sant\u00e9 Le N\u00e9nuphar\" \/>\n<meta property=\"og:description\" content=\"huile - soyeuse - Dr.Renaud - Corps - Cheveux - Argan - satin\u00e9 - nourrissante - anti-\u00e2ge - \u00e9lasticit\u00e9 - Lissant - soyeux - traitement - shampoing - huiles pr\u00e9cieuses - nouveaut\u00e9 -\" \/>\n<meta property=\"og:url\" content=\"https:\/\/publissoft.dev\/spasante\/produit\/dr-renaud-huile-soyeuse-visage-corps-cheveux\/\" \/>\n<meta property=\"og:site_name\" content=\"Spa Sant\u00e9 Le N\u00e9nuphar\" \/>\n<meta property=\"article:publisher\" content=\"https:\/\/www.facebook.com\/SpaSanteLeNenuphar\" \/>\n<meta property=\"article:modified_time\" content=\"2024-01-30T16:59:26+00:00\" \/>\n<meta property=\"og:image\" content=\"https:\/\/publissoft.dev\/spasante\/wp-content\/uploads\/2023\/06\/Capture-decran-le-2023-08-25-a-11.29.05.png\" \/>\n\t<meta property=\"og:image:width\" content=\"578\" \/>\n\t<meta property=\"og:image:height\" content=\"1092\" \/>\n\t<meta property=\"og:image:type\" content=\"image\/png\" \/>\n<meta name=\"twitter:card\" content=\"summary_large_image\" \/>\n<meta name=\"twitter:label1\" content=\"Estimation du temps de lecture\" \/>\n\t<meta name=\"twitter:data1\" content=\"2 minutes\" \/>\n<script type=\"application\/ld+json\" class=\"yoast-schema-graph\">{\"@context\":\"https:\/\/schema.org\",\"@graph\":[{\"@type\":\"WebPage\",\"@id\":\"https:\/\/publissoft.dev\/spasante\/produit\/dr-renaud-huile-soyeuse-visage-corps-cheveux\/\",\"url\":\"https:\/\/publissoft.dev\/spasante\/produit\/dr-renaud-huile-soyeuse-visage-corps-cheveux\/\",\"name\":\"Dr. Renaud - Huile Soyeuse - Visage\/Corps\/Cheveux - Spa Sant\u00e9 Le N\u00e9nuphar\",\"isPartOf\":{\"@id\":\"https:\/\/publissoft.dev\/spasante\/#website\"},\"primaryImageOfPage\":{\"@id\":\"https:\/\/publissoft.dev\/spasante\/produit\/dr-renaud-huile-soyeuse-visage-corps-cheveux\/#primaryimage\"},\"image\":{\"@id\":\"https:\/\/publissoft.dev\/spasante\/produit\/dr-renaud-huile-soyeuse-visage-corps-cheveux\/#primaryimage\"},\"thumbnailUrl\":\"https:\/\/publissoft.dev\/spasante\/wp-content\/uploads\/2023\/06\/Capture-decran-le-2023-08-25-a-11.29.05.png\",\"datePublished\":\"2023-06-09T17:55:15+00:00\",\"dateModified\":\"2024-01-30T16:59:26+00:00\",\"description\":\"huile - soyeuse - Dr.Renaud - Corps - Cheveux - Argan - satin\u00e9 - nourrissante - anti-\u00e2ge - \u00e9lasticit\u00e9 - Lissant - soyeux - traitement - shampoing - huiles pr\u00e9cieuses - nouveaut\u00e9 -\",\"breadcrumb\":{\"@id\":\"https:\/\/publissoft.dev\/spasante\/produit\/dr-renaud-huile-soyeuse-visage-corps-cheveux\/#breadcrumb\"},\"inLanguage\":\"fr-CA\",\"potentialAction\":[{\"@type\":\"ReadAction\",\"target\":[\"https:\/\/publissoft.dev\/spasante\/produit\/dr-renaud-huile-soyeuse-visage-corps-cheveux\/\"]}]},{\"@type\":\"ImageObject\",\"inLanguage\":\"fr-CA\",\"@id\":\"https:\/\/publissoft.dev\/spasante\/produit\/dr-renaud-huile-soyeuse-visage-corps-cheveux\/#primaryimage\",\"url\":\"https:\/\/publissoft.dev\/spasante\/wp-content\/uploads\/2023\/06\/Capture-decran-le-2023-08-25-a-11.29.05.png\",\"contentUrl\":\"https:\/\/publissoft.dev\/spasante\/wp-content\/uploads\/2023\/06\/Capture-decran-le-2023-08-25-a-11.29.05.png\",\"width\":578,\"height\":1092},{\"@type\":\"BreadcrumbList\",\"@id\":\"https:\/\/publissoft.dev\/spasante\/produit\/dr-renaud-huile-soyeuse-visage-corps-cheveux\/#breadcrumb\",\"itemListElement\":[{\"@type\":\"ListItem\",\"position\":1,\"name\":\"Accueil\",\"item\":\"https:\/\/publissoft.dev\/spasante\/\"},{\"@type\":\"ListItem\",\"position\":2,\"name\":\"Boutique\",\"item\":\"https:\/\/publissoft.dev\/spasante\/boutique\/\"},{\"@type\":\"ListItem\",\"position\":3,\"name\":\"Dr. Renaud &#8211; Huile Soyeuse &#8211; Visage\/Corps\/Cheveux\"}]},{\"@type\":\"WebSite\",\"@id\":\"https:\/\/publissoft.dev\/spasante\/#website\",\"url\":\"https:\/\/publissoft.dev\/spasante\/\",\"name\":\"Spa Sant\u00e9 Le N\u00e9nuphar\",\"description\":\"\",\"publisher\":{\"@id\":\"https:\/\/publissoft.dev\/spasante\/#organization\"},\"potentialAction\":[{\"@type\":\"SearchAction\",\"target\":{\"@type\":\"EntryPoint\",\"urlTemplate\":\"https:\/\/publissoft.dev\/spasante\/?s={search_term_string}\"},\"query-input\":\"required name=search_term_string\"}],\"inLanguage\":\"fr-CA\"},{\"@type\":\"Organization\",\"@id\":\"https:\/\/publissoft.dev\/spasante\/#organization\",\"name\":\"Spa Sant\u00e9 Le N\u00e9nuphar\",\"url\":\"https:\/\/publissoft.dev\/spasante\/\",\"logo\":{\"@type\":\"ImageObject\",\"inLanguage\":\"fr-CA\",\"@id\":\"https:\/\/publissoft.dev\/spasante\/#\/schema\/logo\/image\/\",\"url\":\"https:\/\/publissoft.dev\/spasante\/wp-content\/uploads\/2022\/11\/logo-jpg.jpeg\",\"contentUrl\":\"https:\/\/publissoft.dev\/spasante\/wp-content\/uploads\/2022\/11\/logo-jpg.jpeg\",\"width\":900,\"height\":900,\"caption\":\"Spa Sant\u00e9 Le N\u00e9nuphar\"},\"image\":{\"@id\":\"https:\/\/publissoft.dev\/spasante\/#\/schema\/logo\/image\/\"},\"sameAs\":[\"https:\/\/www.facebook.com\/SpaSanteLeNenuphar\",\"https:\/\/www.instagram.com\/spasantelenenuphar\/?hl=fr\"]}]}<\/script>\n<!-- \/ Yoast SEO plugin. -->","yoast_head_json":{"title":"Dr. Renaud - Huile Soyeuse - Visage\/Corps\/Cheveux - Spa Sant\u00e9 Le N\u00e9nuphar","description":"huile - soyeuse - Dr.Renaud - Corps - Cheveux - Argan - satin\u00e9 - nourrissante - anti-\u00e2ge - \u00e9lasticit\u00e9 - Lissant - soyeux - traitement - shampoing - huiles pr\u00e9cieuses - nouveaut\u00e9 -","robots":{"index":"noindex","follow":"follow","max-snippet":"max-snippet:-1","max-image-preview":"max-image-preview:large","max-video-preview":"max-video-preview:-1"},"og_locale":"fr_CA","og_type":"article","og_title":"Dr. Renaud - Huile Soyeuse - Visage\/Corps\/Cheveux - Spa Sant\u00e9 Le N\u00e9nuphar","og_description":"huile - soyeuse - Dr.Renaud - Corps - Cheveux - Argan - satin\u00e9 - nourrissante - anti-\u00e2ge - \u00e9lasticit\u00e9 - Lissant - soyeux - traitement - shampoing - huiles pr\u00e9cieuses - nouveaut\u00e9 -","og_url":"https:\/\/publissoft.dev\/spasante\/produit\/dr-renaud-huile-soyeuse-visage-corps-cheveux\/","og_site_name":"Spa Sant\u00e9 Le N\u00e9nuphar","article_publisher":"https:\/\/www.facebook.com\/SpaSanteLeNenuphar","article_modified_time":"2024-01-30T16:59:26+00:00","og_image":[{"width":578,"height":1092,"url":"https:\/\/publissoft.dev\/spasante\/wp-content\/uploads\/2023\/06\/Capture-decran-le-2023-08-25-a-11.29.05.png","type":"image\/png"}],"twitter_card":"summary_large_image","twitter_misc":{"Estimation du temps de lecture":"2 minutes"},"schema":{"@context":"https:\/\/schema.org","@graph":[{"@type":"WebPage","@id":"https:\/\/publissoft.dev\/spasante\/produit\/dr-renaud-huile-soyeuse-visage-corps-cheveux\/","url":"https:\/\/publissoft.dev\/spasante\/produit\/dr-renaud-huile-soyeuse-visage-corps-cheveux\/","name":"Dr. Renaud - Huile Soyeuse - Visage\/Corps\/Cheveux - Spa Sant\u00e9 Le N\u00e9nuphar","isPartOf":{"@id":"https:\/\/publissoft.dev\/spasante\/#website"},"primaryImageOfPage":{"@id":"https:\/\/publissoft.dev\/spasante\/produit\/dr-renaud-huile-soyeuse-visage-corps-cheveux\/#primaryimage"},"image":{"@id":"https:\/\/publissoft.dev\/spasante\/produit\/dr-renaud-huile-soyeuse-visage-corps-cheveux\/#primaryimage"},"thumbnailUrl":"https:\/\/publissoft.dev\/spasante\/wp-content\/uploads\/2023\/06\/Capture-decran-le-2023-08-25-a-11.29.05.png","datePublished":"2023-06-09T17:55:15+00:00","dateModified":"2024-01-30T16:59:26+00:00","description":"huile - soyeuse - Dr.Renaud - Corps - Cheveux - Argan - satin\u00e9 - nourrissante - anti-\u00e2ge - \u00e9lasticit\u00e9 - Lissant - soyeux - traitement - shampoing - huiles pr\u00e9cieuses - nouveaut\u00e9 -","breadcrumb":{"@id":"https:\/\/publissoft.dev\/spasante\/produit\/dr-renaud-huile-soyeuse-visage-corps-cheveux\/#breadcrumb"},"inLanguage":"fr-CA","potentialAction":[{"@type":"ReadAction","target":["https:\/\/publissoft.dev\/spasante\/produit\/dr-renaud-huile-soyeuse-visage-corps-cheveux\/"]}]},{"@type":"ImageObject","inLanguage":"fr-CA","@id":"https:\/\/publissoft.dev\/spasante\/produit\/dr-renaud-huile-soyeuse-visage-corps-cheveux\/#primaryimage","url":"https:\/\/publissoft.dev\/spasante\/wp-content\/uploads\/2023\/06\/Capture-decran-le-2023-08-25-a-11.29.05.png","contentUrl":"https:\/\/publissoft.dev\/spasante\/wp-content\/uploads\/2023\/06\/Capture-decran-le-2023-08-25-a-11.29.05.png","width":578,"height":1092},{"@type":"BreadcrumbList","@id":"https:\/\/publissoft.dev\/spasante\/produit\/dr-renaud-huile-soyeuse-visage-corps-cheveux\/#breadcrumb","itemListElement":[{"@type":"ListItem","position":1,"name":"Accueil","item":"https:\/\/publissoft.dev\/spasante\/"},{"@type":"ListItem","position":2,"name":"Boutique","item":"https:\/\/publissoft.dev\/spasante\/boutique\/"},{"@type":"ListItem","position":3,"name":"Dr. Renaud &#8211; Huile Soyeuse &#8211; Visage\/Corps\/Cheveux"}]},{"@type":"WebSite","@id":"https:\/\/publissoft.dev\/spasante\/#website","url":"https:\/\/publissoft.dev\/spasante\/","name":"Spa Sant\u00e9 Le N\u00e9nuphar","description":"","publisher":{"@id":"https:\/\/publissoft.dev\/spasante\/#organization"},"potentialAction":[{"@type":"SearchAction","target":{"@type":"EntryPoint","urlTemplate":"https:\/\/publissoft.dev\/spasante\/?s={search_term_string}"},"query-input":"required name=search_term_string"}],"inLanguage":"fr-CA"},{"@type":"Organization","@id":"https:\/\/publissoft.dev\/spasante\/#organization","name":"Spa Sant\u00e9 Le N\u00e9nuphar","url":"https:\/\/publissoft.dev\/spasante\/","logo":{"@type":"ImageObject","inLanguage":"fr-CA","@id":"https:\/\/publissoft.dev\/spasante\/#\/schema\/logo\/image\/","url":"https:\/\/publissoft.dev\/spasante\/wp-content\/uploads\/2022\/11\/logo-jpg.jpeg","contentUrl":"https:\/\/publissoft.dev\/spasante\/wp-content\/uploads\/2022\/11\/logo-jpg.jpeg","width":900,"height":900,"caption":"Spa Sant\u00e9 Le N\u00e9nuphar"},"image":{"@id":"https:\/\/publissoft.dev\/spasante\/#\/schema\/logo\/image\/"},"sameAs":["https:\/\/www.facebook.com\/SpaSanteLeNenuphar","https:\/\/www.instagram.com\/spasantelenenuphar\/?hl=fr"]}]}},"_links":{"self":[{"href":"https:\/\/publissoft.dev\/spasante\/wp-json\/wp\/v2\/product\/5360","targetHints":{"allow":["GET"]}}],"collection":[{"href":"https:\/\/publissoft.dev\/spasante\/wp-json\/wp\/v2\/product"}],"about":[{"href":"https:\/\/publissoft.dev\/spasante\/wp-json\/wp\/v2\/types\/product"}],"wp:featuredmedia":[{"embeddable":true,"href":"https:\/\/publissoft.dev\/spasante\/wp-json\/wp\/v2\/media\/5707"}],"wp:attachment":[{"href":"https:\/\/publissoft.dev\/spasante\/wp-json\/wp\/v2\/media?parent=5360"}],"wp:term":[{"taxonomy":"product_cat","embeddable":true,"href":"https:\/\/publissoft.dev\/spasante\/wp-json\/wp\/v2\/product_cat?post=5360"},{"taxonomy":"product_tag","embeddable":true,"href":"https:\/\/publissoft.dev\/spasante\/wp-json\/wp\/v2\/product_tag?post=5360"},{"taxonomy":"giftcard-category","embeddable":true,"href":"https:\/\/publissoft.dev\/spasante\/wp-json\/wp\/v2\/giftcard-category?post=5360"}],"curies":[{"name":"wp","href":"https:\/\/api.w.org\/{rel}","templated":true}]}}