{"id":543,"date":"2022-01-27T14:36:51","date_gmt":"2022-01-27T19:36:51","guid":{"rendered":"https:\/\/publissoft.dev\/spasante\/produit\/gel-exfoliant-apaisant-pomme-gingembre-200-ml\/"},"modified":"2023-04-17T14:48:04","modified_gmt":"2023-04-17T18:48:04","slug":"gel-exfoliant-apaisant-pomme-gingembre-200-ml","status":"publish","type":"product","link":"https:\/\/publissoft.dev\/spasante\/produit\/gel-exfoliant-apaisant-pomme-gingembre-200-ml\/","title":{"rendered":"PodoSens\u00e9 &#8211; Gel Exfoliant Apaisant &#8211; Pomme &#038; Gingembre 200 ml"},"content":{"rendered":"<div class=\"descProd\" data-mce-fragment=\"1\">\n<p data-mce-fragment=\"1\">Ce Gel Exfoliant est id\u00e9al pour une exfoliation en douceur gr\u00e2ce aux noyaux d\u2019abricot broy\u00e9s jumel\u00e9s \u00e0 la pierre ponce. La coque d\u2019abricot est un exfoliant 100% naturel issu du broyage des noyaux d&#8217;abricot. Une fois broy\u00e9s, les noyaux donnent une couleur beige-ros\u00e9e. Il \u00e9liminera les peaux mortes, activera la microcirculation et le renouvellement cellulaire. Le grain de peau est resserr\u00e9, la peau est douce. Il est recommand\u00e9 pour les peaux sensibles et en pr\u00e9sence de mycoses sur votre pied. Il est aussi recommand\u00e9 pour les peaux irrit\u00e9es, psoriasis, ecz\u00e9ma et dermatites diverses.<\/p>\n<h2 data-mce-fragment=\"1\"><span style=\"color: #000000; font-size: 17px;\" data-mce-fragment=\"1\">Mode d\u2019application :<\/span><\/h2>\n<p data-mce-fragment=\"1\">Appliquer une petite quantit\u00e9 sur la zone \u00e0 traiter (talons) et exfolier doucement en mouvements circulaires. Continuer l\u2019exfoliation en remontant le mouvement sur la demi-jambe. Bien rincer et appliquer ensuite la cr\u00e8me appropri\u00e9e.<\/p>\n<table style=\"border-collapse: collapse; border-spacing: 0px; color: #666666; font-family: open sans,sans-serif; font-size: 12px; max-width: 100%;\" data-mce-fragment=\"1\">\n<tbody data-mce-fragment=\"1\">\n<tr data-mce-fragment=\"1\">\n<td data-mce-fragment=\"1\">\n<p data-mce-fragment=\"1\"><strong data-mce-fragment=\"1\"><span style=\"font-size: 16px;\" data-mce-fragment=\"1\">Ingr\u00e9dients Principaux<\/span><\/strong><\/p>\n<\/td>\n<td data-mce-fragment=\"1\">\n<p data-mce-fragment=\"1\"><strong data-mce-fragment=\"1\"><span style=\"font-size: 16px;\" data-mce-fragment=\"1\">B\u00e9n\u00e9fices \/ Propri\u00e9t\u00e9s<\/span><\/strong><\/p>\n<\/td>\n<\/tr>\n<tr data-mce-fragment=\"1\">\n<td data-mce-fragment=\"1\">\n<p data-mce-fragment=\"1\"><strong data-mce-fragment=\"1\">\u00a0Poudre de noyaux d&#8217;abricot<\/strong><\/p>\n<\/td>\n<td data-mce-fragment=\"1\">\n<p data-mce-fragment=\"1\">Une poudre exfoliante naturelle riche en vitamine A et en vitamine C, en potassium et phosphore et en calcium. C\u2019est un soin naturel qui va affiner le grain de la peau et la tonifier. C&#8217;est un ingr\u00e9dient exfoliant naturel id\u00e9al.<\/p>\n<p data-mce-fragment=\"1\">\n<\/td>\n<\/tr>\n<tr data-mce-fragment=\"1\">\n<td data-mce-fragment=\"1\">\n<p data-mce-fragment=\"1\"><strong data-mce-fragment=\"1\">Parfum (Fragrance) Apple Extract (Extrait de pommes)<\/strong><\/p>\n<\/td>\n<td data-mce-fragment=\"1\">\n<p data-mce-fragment=\"1\">Des \u00e9tudes ont d\u00e9montr\u00e9 que la pomme a un grand pouvoir antioxydant. Propri\u00e9t\u00e9s purifiantes et fortifiantes.<\/p>\n<p data-mce-fragment=\"1\">Calme les d\u00e9mangeaisons caus\u00e9es par des probl\u00e8mes cutan\u00e9s.<\/p>\n<\/td>\n<\/tr>\n<tr data-mce-fragment=\"1\">\n<td data-mce-fragment=\"1\">\n<p data-mce-fragment=\"1\"><strong data-mce-fragment=\"1\">Ginger (Gingembre)<\/strong><\/p>\n<\/td>\n<td data-mce-fragment=\"1\">\n<p data-mce-fragment=\"1\">Augmente l&#8217;\u00e9clat de la peau et diminue l&#8217;inflammation qui d\u00e9coule de conditions telles que le psoriasis et l&#8217;acn\u00e9, antioxydant.<\/p>\n<\/td>\n<\/tr>\n<\/tbody>\n<\/table>\n<p data-mce-fragment=\"1\">\n<p data-mce-fragment=\"1\"><strong>Format :<\/strong> 200 ml<\/p>\n<p data-mce-fragment=\"1\"><span style=\"color: #666666; font-family: open sans,sans-serif; font-size: 12px;\" data-mce-fragment=\"1\">Balises:\u00a0<\/span><a style=\"box-sizing: border-box; background-image: initial; background-position: 0px 0px; background-size: initial; background-repeat: initial; background-attachment: initial; background-origin: initial; background-clip: initial; color: #23a1d1; text-decoration-line: none;\" href=\"https:\/\/podosense.ca\/boutique\/fr\/product\/search\/?tag=Pied\" data-mce-fragment=\"1\">Pied<\/a><span style=\"color: #666666; font-family: open sans,sans-serif; font-size: 12px;\" data-mce-fragment=\"1\">,\u00a0<\/span><a style=\"box-sizing: border-box; background-image: initial; background-position: 0px 0px; background-size: initial; background-repeat: initial; background-attachment: initial; background-origin: initial; background-clip: initial; color: #23a1d1; text-decoration-line: none;\" href=\"https:\/\/podosense.ca\/boutique\/fr\/product\/search\/?tag=Eczema\" data-mce-fragment=\"1\">Eczema<\/a><span style=\"color: #666666; font-family: open sans,sans-serif; font-size: 12px;\" data-mce-fragment=\"1\">,\u00a0<\/span><a style=\"box-sizing: border-box; background-image: initial; background-position: 0px 0px; background-size: initial; background-repeat: initial; background-attachment: initial; background-origin: initial; background-clip: initial; color: #23a1d1; text-decoration-line: none;\" href=\"https:\/\/podosense.ca\/boutique\/fr\/product\/search\/?tag=Mycose\" data-mce-fragment=\"1\">Mycose<\/a><span style=\"color: #666666; font-family: open sans,sans-serif; font-size: 12px;\" data-mce-fragment=\"1\">,\u00a0<\/span><a style=\"box-sizing: border-box; background-image: initial; background-position: 0px 0px; background-size: initial; background-repeat: initial; background-attachment: initial; background-origin: initial; background-clip: initial; color: #23a1d1; text-decoration-line: none;\" href=\"https:\/\/podosense.ca\/boutique\/fr\/product\/search\/?tag=Exfoliant\" data-mce-fragment=\"1\">Exfoliant<\/a><span style=\"color: #666666; font-family: open sans,sans-serif; font-size: 12px;\" data-mce-fragment=\"1\">,\u00a0<\/span><a style=\"box-sizing: border-box; background-image: initial; background-position: 0px 0px; background-size: initial; background-repeat: initial; background-attachment: initial; background-origin: initial; background-clip: initial; color: #23a1d1; text-decoration-line: none;\" href=\"https:\/\/podosense.ca\/boutique\/fr\/product\/search\/?tag=Gel\" data-mce-fragment=\"1\">Gel<\/a><\/p>\n<\/div>\n","protected":false},"excerpt":{"rendered":"<p>Ce Gel Exfoliant est id\u00e9al pour une exfoliation en douceur gr\u00e2ce aux noyaux d\u2019abricot broy\u00e9s jumel\u00e9s \u00e0 la pierre ponce. La coque d\u2019abricot est un exfoliant 100% naturel issu du broyage des noyaux d&#8217;abricot. Une fois broy\u00e9s, les noyaux donnent une couleur beige-ros\u00e9e. Il \u00e9liminera les peaux mortes, activera la microcirculation et le renouvellement cellulaire. &hellip;<\/p>\n","protected":false},"featured_media":579,"template":"","meta":{"_acf_changed":false,"_genesis_hide_title":false,"_genesis_hide_breadcrumbs":false,"_genesis_hide_singular_image":false,"_genesis_hide_footer_widgets":false,"_genesis_custom_body_class":"","_genesis_custom_post_class":"","_genesis_layout":""},"product_cat":[37,36,46],"product_tag":[],"giftcard-category":[],"class_list":{"0":"post-543","1":"product","2":"type-product","3":"status-publish","4":"has-post-thumbnail","6":"product_cat-produits","7":"product_cat-podosense","8":"product_cat-tous","9":"entry","11":"first","12":"instock","13":"taxable","14":"shipping-taxable","15":"purchasable","16":"product-type-simple"},"acf":[],"yoast_head":"<!-- This site is optimized with the Yoast SEO plugin v22.5 - https:\/\/yoast.com\/wordpress\/plugins\/seo\/ -->\n<title>PodoSens\u00e9 - Gel Exfoliant Apaisant - Pomme &amp; Gingembre 200 ml - Spa Sant\u00e9 Le N\u00e9nuphar<\/title>\n<meta name=\"robots\" content=\"noindex, follow, max-snippet:-1, max-image-preview:large, max-video-preview:-1\" \/>\n<meta property=\"og:locale\" content=\"fr_CA\" \/>\n<meta property=\"og:type\" content=\"article\" \/>\n<meta property=\"og:title\" content=\"PodoSens\u00e9 - Gel Exfoliant Apaisant - Pomme &amp; Gingembre 200 ml - Spa Sant\u00e9 Le N\u00e9nuphar\" \/>\n<meta property=\"og:description\" content=\"Ce Gel Exfoliant est id\u00e9al pour une exfoliation en douceur gr\u00e2ce aux noyaux d\u2019abricot broy\u00e9s jumel\u00e9s \u00e0 la pierre ponce. La coque d\u2019abricot est un exfoliant 100% naturel issu du broyage des noyaux d&#8217;abricot. Une fois broy\u00e9s, les noyaux donnent une couleur beige-ros\u00e9e. Il \u00e9liminera les peaux mortes, activera la microcirculation et le renouvellement cellulaire. &hellip;\" \/>\n<meta property=\"og:url\" content=\"https:\/\/publissoft.dev\/spasante\/produit\/gel-exfoliant-apaisant-pomme-gingembre-200-ml\/\" \/>\n<meta property=\"og:site_name\" content=\"Spa Sant\u00e9 Le N\u00e9nuphar\" \/>\n<meta property=\"article:publisher\" content=\"https:\/\/www.facebook.com\/SpaSanteLeNenuphar\" \/>\n<meta property=\"article:modified_time\" content=\"2023-04-17T18:48:04+00:00\" \/>\n<meta property=\"og:image\" content=\"https:\/\/publissoft.dev\/spasante\/wp-content\/uploads\/2022\/01\/GelExfoliantApaisant-Pomme_Gingembre200ml.jpg\" \/>\n\t<meta property=\"og:image:width\" content=\"508\" \/>\n\t<meta property=\"og:image:height\" content=\"550\" \/>\n\t<meta property=\"og:image:type\" content=\"image\/jpeg\" \/>\n<meta name=\"twitter:card\" content=\"summary_large_image\" \/>\n<meta name=\"twitter:label1\" content=\"Estimation du temps de lecture\" \/>\n\t<meta name=\"twitter:data1\" content=\"2 minutes\" \/>\n<script type=\"application\/ld+json\" class=\"yoast-schema-graph\">{\"@context\":\"https:\/\/schema.org\",\"@graph\":[{\"@type\":\"WebPage\",\"@id\":\"https:\/\/publissoft.dev\/spasante\/produit\/gel-exfoliant-apaisant-pomme-gingembre-200-ml\/\",\"url\":\"https:\/\/publissoft.dev\/spasante\/produit\/gel-exfoliant-apaisant-pomme-gingembre-200-ml\/\",\"name\":\"PodoSens\u00e9 - Gel Exfoliant Apaisant - Pomme & Gingembre 200 ml - Spa Sant\u00e9 Le N\u00e9nuphar\",\"isPartOf\":{\"@id\":\"https:\/\/publissoft.dev\/spasante\/#website\"},\"primaryImageOfPage\":{\"@id\":\"https:\/\/publissoft.dev\/spasante\/produit\/gel-exfoliant-apaisant-pomme-gingembre-200-ml\/#primaryimage\"},\"image\":{\"@id\":\"https:\/\/publissoft.dev\/spasante\/produit\/gel-exfoliant-apaisant-pomme-gingembre-200-ml\/#primaryimage\"},\"thumbnailUrl\":\"https:\/\/publissoft.dev\/spasante\/wp-content\/uploads\/2022\/01\/GelExfoliantApaisant-Pomme_Gingembre200ml.jpg\",\"datePublished\":\"2022-01-27T19:36:51+00:00\",\"dateModified\":\"2023-04-17T18:48:04+00:00\",\"breadcrumb\":{\"@id\":\"https:\/\/publissoft.dev\/spasante\/produit\/gel-exfoliant-apaisant-pomme-gingembre-200-ml\/#breadcrumb\"},\"inLanguage\":\"fr-CA\",\"potentialAction\":[{\"@type\":\"ReadAction\",\"target\":[\"https:\/\/publissoft.dev\/spasante\/produit\/gel-exfoliant-apaisant-pomme-gingembre-200-ml\/\"]}]},{\"@type\":\"ImageObject\",\"inLanguage\":\"fr-CA\",\"@id\":\"https:\/\/publissoft.dev\/spasante\/produit\/gel-exfoliant-apaisant-pomme-gingembre-200-ml\/#primaryimage\",\"url\":\"https:\/\/publissoft.dev\/spasante\/wp-content\/uploads\/2022\/01\/GelExfoliantApaisant-Pomme_Gingembre200ml.jpg\",\"contentUrl\":\"https:\/\/publissoft.dev\/spasante\/wp-content\/uploads\/2022\/01\/GelExfoliantApaisant-Pomme_Gingembre200ml.jpg\",\"width\":508,\"height\":550},{\"@type\":\"BreadcrumbList\",\"@id\":\"https:\/\/publissoft.dev\/spasante\/produit\/gel-exfoliant-apaisant-pomme-gingembre-200-ml\/#breadcrumb\",\"itemListElement\":[{\"@type\":\"ListItem\",\"position\":1,\"name\":\"Accueil\",\"item\":\"https:\/\/publissoft.dev\/spasante\/\"},{\"@type\":\"ListItem\",\"position\":2,\"name\":\"Boutique\",\"item\":\"https:\/\/publissoft.dev\/spasante\/boutique\/\"},{\"@type\":\"ListItem\",\"position\":3,\"name\":\"PodoSens\u00e9 &#8211; Gel Exfoliant Apaisant &#8211; Pomme &#038; Gingembre 200 ml\"}]},{\"@type\":\"WebSite\",\"@id\":\"https:\/\/publissoft.dev\/spasante\/#website\",\"url\":\"https:\/\/publissoft.dev\/spasante\/\",\"name\":\"Spa Sant\u00e9 Le N\u00e9nuphar\",\"description\":\"\",\"publisher\":{\"@id\":\"https:\/\/publissoft.dev\/spasante\/#organization\"},\"potentialAction\":[{\"@type\":\"SearchAction\",\"target\":{\"@type\":\"EntryPoint\",\"urlTemplate\":\"https:\/\/publissoft.dev\/spasante\/?s={search_term_string}\"},\"query-input\":\"required name=search_term_string\"}],\"inLanguage\":\"fr-CA\"},{\"@type\":\"Organization\",\"@id\":\"https:\/\/publissoft.dev\/spasante\/#organization\",\"name\":\"Spa Sant\u00e9 Le N\u00e9nuphar\",\"url\":\"https:\/\/publissoft.dev\/spasante\/\",\"logo\":{\"@type\":\"ImageObject\",\"inLanguage\":\"fr-CA\",\"@id\":\"https:\/\/publissoft.dev\/spasante\/#\/schema\/logo\/image\/\",\"url\":\"https:\/\/publissoft.dev\/spasante\/wp-content\/uploads\/2022\/11\/logo-jpg.jpeg\",\"contentUrl\":\"https:\/\/publissoft.dev\/spasante\/wp-content\/uploads\/2022\/11\/logo-jpg.jpeg\",\"width\":900,\"height\":900,\"caption\":\"Spa Sant\u00e9 Le N\u00e9nuphar\"},\"image\":{\"@id\":\"https:\/\/publissoft.dev\/spasante\/#\/schema\/logo\/image\/\"},\"sameAs\":[\"https:\/\/www.facebook.com\/SpaSanteLeNenuphar\",\"https:\/\/www.instagram.com\/spasantelenenuphar\/?hl=fr\"]}]}<\/script>\n<!-- \/ Yoast SEO plugin. -->","yoast_head_json":{"title":"PodoSens\u00e9 - Gel Exfoliant Apaisant - Pomme & Gingembre 200 ml - Spa Sant\u00e9 Le N\u00e9nuphar","robots":{"index":"noindex","follow":"follow","max-snippet":"max-snippet:-1","max-image-preview":"max-image-preview:large","max-video-preview":"max-video-preview:-1"},"og_locale":"fr_CA","og_type":"article","og_title":"PodoSens\u00e9 - Gel Exfoliant Apaisant - Pomme & Gingembre 200 ml - Spa Sant\u00e9 Le N\u00e9nuphar","og_description":"Ce Gel Exfoliant est id\u00e9al pour une exfoliation en douceur gr\u00e2ce aux noyaux d\u2019abricot broy\u00e9s jumel\u00e9s \u00e0 la pierre ponce. La coque d\u2019abricot est un exfoliant 100% naturel issu du broyage des noyaux d&#8217;abricot. Une fois broy\u00e9s, les noyaux donnent une couleur beige-ros\u00e9e. Il \u00e9liminera les peaux mortes, activera la microcirculation et le renouvellement cellulaire. &hellip;","og_url":"https:\/\/publissoft.dev\/spasante\/produit\/gel-exfoliant-apaisant-pomme-gingembre-200-ml\/","og_site_name":"Spa Sant\u00e9 Le N\u00e9nuphar","article_publisher":"https:\/\/www.facebook.com\/SpaSanteLeNenuphar","article_modified_time":"2023-04-17T18:48:04+00:00","og_image":[{"width":508,"height":550,"url":"https:\/\/publissoft.dev\/spasante\/wp-content\/uploads\/2022\/01\/GelExfoliantApaisant-Pomme_Gingembre200ml.jpg","type":"image\/jpeg"}],"twitter_card":"summary_large_image","twitter_misc":{"Estimation du temps de lecture":"2 minutes"},"schema":{"@context":"https:\/\/schema.org","@graph":[{"@type":"WebPage","@id":"https:\/\/publissoft.dev\/spasante\/produit\/gel-exfoliant-apaisant-pomme-gingembre-200-ml\/","url":"https:\/\/publissoft.dev\/spasante\/produit\/gel-exfoliant-apaisant-pomme-gingembre-200-ml\/","name":"PodoSens\u00e9 - Gel Exfoliant Apaisant - Pomme & Gingembre 200 ml - Spa Sant\u00e9 Le N\u00e9nuphar","isPartOf":{"@id":"https:\/\/publissoft.dev\/spasante\/#website"},"primaryImageOfPage":{"@id":"https:\/\/publissoft.dev\/spasante\/produit\/gel-exfoliant-apaisant-pomme-gingembre-200-ml\/#primaryimage"},"image":{"@id":"https:\/\/publissoft.dev\/spasante\/produit\/gel-exfoliant-apaisant-pomme-gingembre-200-ml\/#primaryimage"},"thumbnailUrl":"https:\/\/publissoft.dev\/spasante\/wp-content\/uploads\/2022\/01\/GelExfoliantApaisant-Pomme_Gingembre200ml.jpg","datePublished":"2022-01-27T19:36:51+00:00","dateModified":"2023-04-17T18:48:04+00:00","breadcrumb":{"@id":"https:\/\/publissoft.dev\/spasante\/produit\/gel-exfoliant-apaisant-pomme-gingembre-200-ml\/#breadcrumb"},"inLanguage":"fr-CA","potentialAction":[{"@type":"ReadAction","target":["https:\/\/publissoft.dev\/spasante\/produit\/gel-exfoliant-apaisant-pomme-gingembre-200-ml\/"]}]},{"@type":"ImageObject","inLanguage":"fr-CA","@id":"https:\/\/publissoft.dev\/spasante\/produit\/gel-exfoliant-apaisant-pomme-gingembre-200-ml\/#primaryimage","url":"https:\/\/publissoft.dev\/spasante\/wp-content\/uploads\/2022\/01\/GelExfoliantApaisant-Pomme_Gingembre200ml.jpg","contentUrl":"https:\/\/publissoft.dev\/spasante\/wp-content\/uploads\/2022\/01\/GelExfoliantApaisant-Pomme_Gingembre200ml.jpg","width":508,"height":550},{"@type":"BreadcrumbList","@id":"https:\/\/publissoft.dev\/spasante\/produit\/gel-exfoliant-apaisant-pomme-gingembre-200-ml\/#breadcrumb","itemListElement":[{"@type":"ListItem","position":1,"name":"Accueil","item":"https:\/\/publissoft.dev\/spasante\/"},{"@type":"ListItem","position":2,"name":"Boutique","item":"https:\/\/publissoft.dev\/spasante\/boutique\/"},{"@type":"ListItem","position":3,"name":"PodoSens\u00e9 &#8211; Gel Exfoliant Apaisant &#8211; Pomme &#038; Gingembre 200 ml"}]},{"@type":"WebSite","@id":"https:\/\/publissoft.dev\/spasante\/#website","url":"https:\/\/publissoft.dev\/spasante\/","name":"Spa Sant\u00e9 Le N\u00e9nuphar","description":"","publisher":{"@id":"https:\/\/publissoft.dev\/spasante\/#organization"},"potentialAction":[{"@type":"SearchAction","target":{"@type":"EntryPoint","urlTemplate":"https:\/\/publissoft.dev\/spasante\/?s={search_term_string}"},"query-input":"required name=search_term_string"}],"inLanguage":"fr-CA"},{"@type":"Organization","@id":"https:\/\/publissoft.dev\/spasante\/#organization","name":"Spa Sant\u00e9 Le N\u00e9nuphar","url":"https:\/\/publissoft.dev\/spasante\/","logo":{"@type":"ImageObject","inLanguage":"fr-CA","@id":"https:\/\/publissoft.dev\/spasante\/#\/schema\/logo\/image\/","url":"https:\/\/publissoft.dev\/spasante\/wp-content\/uploads\/2022\/11\/logo-jpg.jpeg","contentUrl":"https:\/\/publissoft.dev\/spasante\/wp-content\/uploads\/2022\/11\/logo-jpg.jpeg","width":900,"height":900,"caption":"Spa Sant\u00e9 Le N\u00e9nuphar"},"image":{"@id":"https:\/\/publissoft.dev\/spasante\/#\/schema\/logo\/image\/"},"sameAs":["https:\/\/www.facebook.com\/SpaSanteLeNenuphar","https:\/\/www.instagram.com\/spasantelenenuphar\/?hl=fr"]}]}},"_links":{"self":[{"href":"https:\/\/publissoft.dev\/spasante\/wp-json\/wp\/v2\/product\/543","targetHints":{"allow":["GET"]}}],"collection":[{"href":"https:\/\/publissoft.dev\/spasante\/wp-json\/wp\/v2\/product"}],"about":[{"href":"https:\/\/publissoft.dev\/spasante\/wp-json\/wp\/v2\/types\/product"}],"wp:featuredmedia":[{"embeddable":true,"href":"https:\/\/publissoft.dev\/spasante\/wp-json\/wp\/v2\/media\/579"}],"wp:attachment":[{"href":"https:\/\/publissoft.dev\/spasante\/wp-json\/wp\/v2\/media?parent=543"}],"wp:term":[{"taxonomy":"product_cat","embeddable":true,"href":"https:\/\/publissoft.dev\/spasante\/wp-json\/wp\/v2\/product_cat?post=543"},{"taxonomy":"product_tag","embeddable":true,"href":"https:\/\/publissoft.dev\/spasante\/wp-json\/wp\/v2\/product_tag?post=543"},{"taxonomy":"giftcard-category","embeddable":true,"href":"https:\/\/publissoft.dev\/spasante\/wp-json\/wp\/v2\/giftcard-category?post=543"}],"curies":[{"name":"wp","href":"https:\/\/api.w.org\/{rel}","templated":true}]}}