{"id":546,"date":"2022-01-27T14:36:54","date_gmt":"2022-01-27T19:36:54","guid":{"rendered":"https:\/\/publissoft.dev\/spasante\/produit\/gelee-vegetale-protectrice\/"},"modified":"2022-07-09T12:36:41","modified_gmt":"2022-07-09T16:36:41","slug":"gelee-vegetale-protectrice-spa-sante-le-nenuphar","status":"publish","type":"product","link":"https:\/\/publissoft.dev\/spasante\/produit\/gelee-vegetale-protectrice-spa-sante-le-nenuphar\/","title":{"rendered":"Aquafolia &#8211; Gel\u00e9e V\u00e9g\u00e9tale Protectrice"},"content":{"rendered":"<div data-mce-fragment=\"1\">\n<h3 data-mce-fragment=\"1\">Gel\u00e9e V\u00e9g\u00e9tale Protectrice<\/h3>\n<\/div>\n<div data-mce-fragment=\"1\">\n<div data-mce-fragment=\"1\">\n<p data-mce-fragment=\"1\">Gel\u00e9e V\u00e9g\u00e9tale Protectrice anti-d\u00e9shydratante pour les zones s\u00e8ches. 100% d\u2019origine naturelle et 98% organique. Formul\u00e9e de notre propre extrait de th\u00e9 noir, d\u2019huile de ricin et de jojoba, de cire d\u2019abeille et de carnauba.<\/p>\n<\/div>\n<\/div>\n<div data-mce-fragment=\"1\">\n<span data-mce-fragment=\"1\">Types de peaux<\/span><\/p>\n<div data-mce-fragment=\"1\">Peaux s\u00e8ches et d\u00e9shydrat\u00e9es<\/div>\n<\/div>\n<div data-mce-fragment=\"1\">\n<span data-mce-fragment=\"1\">Description<\/span><\/p>\n<div data-mce-fragment=\"1\">\n<p data-mce-fragment=\"1\">La Gel\u00e9e V\u00e9g\u00e9tale Protectrice soulage et apaise la peau s\u00e8che, pr\u00e9vient les dommages caus\u00e9s par le dess\u00e8chement et prot\u00e8ge la barri\u00e8re d\u2019hydratation de la peau.\u00a0<\/p>\n<\/div>\n<\/div>\n<div data-mce-fragment=\"1\">\n<span data-mce-fragment=\"1\">Caract\u00e9ristiques et fonctions du produit<\/span><\/p>\n<div data-mce-fragment=\"1\">\n<ul data-mce-fragment=\"1\">\n<li data-mce-fragment=\"1\">Pompe\u00a0<em data-mce-fragment=\"1\">airless<\/em>\u00a0pour le format 15 ml<\/li>\n<li data-mce-fragment=\"1\">Offert en pot pour le format 50 ml<\/li>\n<li data-mce-fragment=\"1\">Soulage et apaise la peau s\u00e8che<\/li>\n<li data-mce-fragment=\"1\">Pr\u00e9vient les dommages caus\u00e9s par le dess\u00e8chement<\/li>\n<li data-mce-fragment=\"1\">Prot\u00e8ge la barri\u00e8re d\u2019hydratation de la peau<\/li>\n<\/ul>\n<\/div>\n<\/div>\n<div data-mce-fragment=\"1\">\n<span data-mce-fragment=\"1\">Mode d&#8217;emploi<\/span><\/p>\n<div data-mce-fragment=\"1\">\n<p data-mce-fragment=\"1\">Pour les zones s\u00e8ches et rugueuses, appliquer en couche \u00e9paisse 2 \u00e0 3 fois par jour.<\/p>\n<p data-mce-fragment=\"1\">Pour les cheveux secs<br data-mce-fragment=\"1\">Appliquer en masque sur les cheveux en massant le cuir chevelu. Laisser agir 10 minutes puis laver les cheveux.<\/p>\n<p data-mce-fragment=\"1\">Pour les ongles<br data-mce-fragment=\"1\">Masser la cuticule de l\u2019ongle avec la gel\u00e9e puis nettoyer les mains avant l\u2019application de vernis.<\/p>\n<p data-mce-fragment=\"1\">Pour une protection barri\u00e8re anti-d\u00e9shydratante<\/p>\n<p data-mce-fragment=\"1\">Appliquer en couche \u00e9paisse au besoin.<\/p>\n<\/div>\n<\/div>\n<div data-mce-fragment=\"1\">\n<span data-mce-fragment=\"1\">Ingr\u00e9dients choisis<\/span><\/p>\n<div data-mce-fragment=\"1\">\n<p data-mce-fragment=\"1\">(Information \u00e9ducative selon des \u00e9tudes in-vitro et\/ou in-vivo et\/ou ex-vivo sur les ingr\u00e9dients qui ne repr\u00e9sente pas les fonctions du produit)<\/p>\n<ul data-mce-fragment=\"1\">\n<li data-mce-fragment=\"1\">Propri\u00e9t\u00e9s r\u00e9paratrices de la peau gr\u00e2ce \u00e0 ses composantes antioxydantes (extrait de th\u00e9 noir fabriqu\u00e9 par OCCY Laboratoire)<\/li>\n<li data-mce-fragment=\"1\">Adoucissante, cicatrisante, nourrissante, r\u00e9paratrice et photo-protectrice (huile de ricin)<\/li>\n<li data-mce-fragment=\"1\">Riche en esters d\u2019acide gras, protectrice et anti-d\u00e9shydratante (cire d\u2019abeille et de carnauba)<\/li>\n<li data-mce-fragment=\"1\">Joue un r\u00f4le contre la d\u00e9shydratation en pr\u00e9venant la perte insensible d\u2019eau.\u00a0 Soulage les sensations de tiraillement et redonne le confort aux peaux d\u00e9shydrat\u00e9es. (huile de Jojoba)<\/li>\n<li data-mce-fragment=\"1\">Actions antioxydante et protectrice (vitamine E)<\/li>\n<\/ul>\n<p data-mce-fragment=\"1\"><span data-mce-fragment=\"1\">\u2756<\/span>\u00a0Des couches superficielles de l\u2019\u00e9piderme<br data-mce-fragment=\"1\"><span data-mce-fragment=\"1\">\u2020<\/span>\u00a0En termes d\u2019apparence et\/ou de sensation<\/p>\n<\/div>\n<\/div>\n","protected":false},"excerpt":{"rendered":"<p>Gel\u00e9e V\u00e9g\u00e9tale Protectrice Gel\u00e9e V\u00e9g\u00e9tale Protectrice anti-d\u00e9shydratante pour les zones s\u00e8ches. 100% d\u2019origine naturelle et 98% organique. Formul\u00e9e de notre propre extrait de th\u00e9 noir, d\u2019huile de ricin et de jojoba, de cire d\u2019abeille et de carnauba. Types de peaux Peaux s\u00e8ches et d\u00e9shydrat\u00e9es Description La Gel\u00e9e V\u00e9g\u00e9tale Protectrice soulage et apaise la peau s\u00e8che, &hellip;<\/p>\n","protected":false},"featured_media":582,"template":"","meta":{"_acf_changed":false,"_genesis_hide_title":false,"_genesis_hide_breadcrumbs":false,"_genesis_hide_singular_image":false,"_genesis_hide_footer_widgets":false,"_genesis_custom_body_class":"","_genesis_custom_post_class":"","_genesis_layout":""},"product_cat":[53,37,18,46],"product_tag":[],"giftcard-category":[],"class_list":{"0":"post-546","1":"product","2":"type-product","3":"status-publish","4":"has-post-thumbnail","6":"product_cat-gift-card","7":"product_cat-produits","8":"product_cat-aquafolia","9":"product_cat-tous","10":"entry","12":"first","13":"instock","14":"taxable","15":"shipping-taxable","16":"purchasable","17":"product-type-variable"},"acf":[],"yoast_head":"<!-- This site is optimized with the Yoast SEO plugin v22.5 - https:\/\/yoast.com\/wordpress\/plugins\/seo\/ -->\n<title>Aquafolia - Gel\u00e9e V\u00e9g\u00e9tale Protectrice - Spa Sant\u00e9 Le N\u00e9nuphar<\/title>\n<meta name=\"description\" content=\"Gel\u00e9e V\u00e9g\u00e9tale Protectrice, formul\u00e9e avec notre propre extrait de th\u00e9 noir, huile de ricin et jojoba. Produit 100% naturel et 98% biologique. Visitez-nous !\" \/>\n<meta name=\"robots\" content=\"noindex, follow, max-snippet:-1, max-image-preview:large, max-video-preview:-1\" \/>\n<meta property=\"og:locale\" content=\"fr_CA\" \/>\n<meta property=\"og:type\" content=\"article\" \/>\n<meta property=\"og:title\" content=\"Aquafolia - Gel\u00e9e V\u00e9g\u00e9tale Protectrice - Spa Sant\u00e9 Le N\u00e9nuphar\" \/>\n<meta property=\"og:description\" content=\"Gel\u00e9e V\u00e9g\u00e9tale Protectrice, formul\u00e9e avec notre propre extrait de th\u00e9 noir, huile de ricin et jojoba. Produit 100% naturel et 98% biologique. Visitez-nous !\" \/>\n<meta property=\"og:url\" content=\"https:\/\/publissoft.dev\/spasante\/produit\/gelee-vegetale-protectrice-spa-sante-le-nenuphar\/\" \/>\n<meta property=\"og:site_name\" content=\"Spa Sant\u00e9 Le N\u00e9nuphar\" \/>\n<meta property=\"article:publisher\" content=\"https:\/\/www.facebook.com\/SpaSanteLeNenuphar\" \/>\n<meta property=\"article:modified_time\" content=\"2022-07-09T16:36:41+00:00\" \/>\n<meta property=\"og:image\" content=\"https:\/\/publissoft.dev\/spasante\/wp-content\/uploads\/2022\/01\/photo_AquaSecours_Gelee_50ml_bte-scaled.jpg\" \/>\n\t<meta property=\"og:image:width\" content=\"2560\" \/>\n\t<meta property=\"og:image:height\" content=\"1584\" \/>\n\t<meta property=\"og:image:type\" content=\"image\/jpeg\" \/>\n<meta name=\"twitter:card\" content=\"summary_large_image\" \/>\n<meta name=\"twitter:label1\" content=\"Estimation du temps de lecture\" \/>\n\t<meta name=\"twitter:data1\" content=\"2 minutes\" \/>\n<script type=\"application\/ld+json\" class=\"yoast-schema-graph\">{\"@context\":\"https:\/\/schema.org\",\"@graph\":[{\"@type\":\"WebPage\",\"@id\":\"https:\/\/publissoft.dev\/spasante\/produit\/gelee-vegetale-protectrice-spa-sante-le-nenuphar\/\",\"url\":\"https:\/\/publissoft.dev\/spasante\/produit\/gelee-vegetale-protectrice-spa-sante-le-nenuphar\/\",\"name\":\"Aquafolia - Gel\u00e9e V\u00e9g\u00e9tale Protectrice - Spa Sant\u00e9 Le N\u00e9nuphar\",\"isPartOf\":{\"@id\":\"https:\/\/publissoft.dev\/spasante\/#website\"},\"primaryImageOfPage\":{\"@id\":\"https:\/\/publissoft.dev\/spasante\/produit\/gelee-vegetale-protectrice-spa-sante-le-nenuphar\/#primaryimage\"},\"image\":{\"@id\":\"https:\/\/publissoft.dev\/spasante\/produit\/gelee-vegetale-protectrice-spa-sante-le-nenuphar\/#primaryimage\"},\"thumbnailUrl\":\"https:\/\/publissoft.dev\/spasante\/wp-content\/uploads\/2022\/01\/photo_AquaSecours_Gelee_50ml_bte-scaled.jpg\",\"datePublished\":\"2022-01-27T19:36:54+00:00\",\"dateModified\":\"2022-07-09T16:36:41+00:00\",\"description\":\"Gel\u00e9e V\u00e9g\u00e9tale Protectrice, formul\u00e9e avec notre propre extrait de th\u00e9 noir, huile de ricin et jojoba. Produit 100% naturel et 98% biologique. Visitez-nous !\",\"breadcrumb\":{\"@id\":\"https:\/\/publissoft.dev\/spasante\/produit\/gelee-vegetale-protectrice-spa-sante-le-nenuphar\/#breadcrumb\"},\"inLanguage\":\"fr-CA\",\"potentialAction\":[{\"@type\":\"ReadAction\",\"target\":[\"https:\/\/publissoft.dev\/spasante\/produit\/gelee-vegetale-protectrice-spa-sante-le-nenuphar\/\"]}]},{\"@type\":\"ImageObject\",\"inLanguage\":\"fr-CA\",\"@id\":\"https:\/\/publissoft.dev\/spasante\/produit\/gelee-vegetale-protectrice-spa-sante-le-nenuphar\/#primaryimage\",\"url\":\"https:\/\/publissoft.dev\/spasante\/wp-content\/uploads\/2022\/01\/photo_AquaSecours_Gelee_50ml_bte-scaled.jpg\",\"contentUrl\":\"https:\/\/publissoft.dev\/spasante\/wp-content\/uploads\/2022\/01\/photo_AquaSecours_Gelee_50ml_bte-scaled.jpg\",\"width\":2560,\"height\":1584},{\"@type\":\"BreadcrumbList\",\"@id\":\"https:\/\/publissoft.dev\/spasante\/produit\/gelee-vegetale-protectrice-spa-sante-le-nenuphar\/#breadcrumb\",\"itemListElement\":[{\"@type\":\"ListItem\",\"position\":1,\"name\":\"Accueil\",\"item\":\"https:\/\/publissoft.dev\/spasante\/\"},{\"@type\":\"ListItem\",\"position\":2,\"name\":\"Boutique\",\"item\":\"https:\/\/publissoft.dev\/spasante\/boutique\/\"},{\"@type\":\"ListItem\",\"position\":3,\"name\":\"Aquafolia &#8211; Gel\u00e9e V\u00e9g\u00e9tale Protectrice\"}]},{\"@type\":\"WebSite\",\"@id\":\"https:\/\/publissoft.dev\/spasante\/#website\",\"url\":\"https:\/\/publissoft.dev\/spasante\/\",\"name\":\"Spa Sant\u00e9 Le N\u00e9nuphar\",\"description\":\"\",\"publisher\":{\"@id\":\"https:\/\/publissoft.dev\/spasante\/#organization\"},\"potentialAction\":[{\"@type\":\"SearchAction\",\"target\":{\"@type\":\"EntryPoint\",\"urlTemplate\":\"https:\/\/publissoft.dev\/spasante\/?s={search_term_string}\"},\"query-input\":\"required name=search_term_string\"}],\"inLanguage\":\"fr-CA\"},{\"@type\":\"Organization\",\"@id\":\"https:\/\/publissoft.dev\/spasante\/#organization\",\"name\":\"Spa Sant\u00e9 Le N\u00e9nuphar\",\"url\":\"https:\/\/publissoft.dev\/spasante\/\",\"logo\":{\"@type\":\"ImageObject\",\"inLanguage\":\"fr-CA\",\"@id\":\"https:\/\/publissoft.dev\/spasante\/#\/schema\/logo\/image\/\",\"url\":\"https:\/\/publissoft.dev\/spasante\/wp-content\/uploads\/2022\/11\/logo-jpg.jpeg\",\"contentUrl\":\"https:\/\/publissoft.dev\/spasante\/wp-content\/uploads\/2022\/11\/logo-jpg.jpeg\",\"width\":900,\"height\":900,\"caption\":\"Spa Sant\u00e9 Le N\u00e9nuphar\"},\"image\":{\"@id\":\"https:\/\/publissoft.dev\/spasante\/#\/schema\/logo\/image\/\"},\"sameAs\":[\"https:\/\/www.facebook.com\/SpaSanteLeNenuphar\",\"https:\/\/www.instagram.com\/spasantelenenuphar\/?hl=fr\"]}]}<\/script>\n<!-- \/ Yoast SEO plugin. -->","yoast_head_json":{"title":"Aquafolia - Gel\u00e9e V\u00e9g\u00e9tale Protectrice - Spa Sant\u00e9 Le N\u00e9nuphar","description":"Gel\u00e9e V\u00e9g\u00e9tale Protectrice, formul\u00e9e avec notre propre extrait de th\u00e9 noir, huile de ricin et jojoba. Produit 100% naturel et 98% biologique. Visitez-nous !","robots":{"index":"noindex","follow":"follow","max-snippet":"max-snippet:-1","max-image-preview":"max-image-preview:large","max-video-preview":"max-video-preview:-1"},"og_locale":"fr_CA","og_type":"article","og_title":"Aquafolia - Gel\u00e9e V\u00e9g\u00e9tale Protectrice - Spa Sant\u00e9 Le N\u00e9nuphar","og_description":"Gel\u00e9e V\u00e9g\u00e9tale Protectrice, formul\u00e9e avec notre propre extrait de th\u00e9 noir, huile de ricin et jojoba. Produit 100% naturel et 98% biologique. Visitez-nous !","og_url":"https:\/\/publissoft.dev\/spasante\/produit\/gelee-vegetale-protectrice-spa-sante-le-nenuphar\/","og_site_name":"Spa Sant\u00e9 Le N\u00e9nuphar","article_publisher":"https:\/\/www.facebook.com\/SpaSanteLeNenuphar","article_modified_time":"2022-07-09T16:36:41+00:00","og_image":[{"width":2560,"height":1584,"url":"https:\/\/publissoft.dev\/spasante\/wp-content\/uploads\/2022\/01\/photo_AquaSecours_Gelee_50ml_bte-scaled.jpg","type":"image\/jpeg"}],"twitter_card":"summary_large_image","twitter_misc":{"Estimation du temps de lecture":"2 minutes"},"schema":{"@context":"https:\/\/schema.org","@graph":[{"@type":"WebPage","@id":"https:\/\/publissoft.dev\/spasante\/produit\/gelee-vegetale-protectrice-spa-sante-le-nenuphar\/","url":"https:\/\/publissoft.dev\/spasante\/produit\/gelee-vegetale-protectrice-spa-sante-le-nenuphar\/","name":"Aquafolia - Gel\u00e9e V\u00e9g\u00e9tale Protectrice - Spa Sant\u00e9 Le N\u00e9nuphar","isPartOf":{"@id":"https:\/\/publissoft.dev\/spasante\/#website"},"primaryImageOfPage":{"@id":"https:\/\/publissoft.dev\/spasante\/produit\/gelee-vegetale-protectrice-spa-sante-le-nenuphar\/#primaryimage"},"image":{"@id":"https:\/\/publissoft.dev\/spasante\/produit\/gelee-vegetale-protectrice-spa-sante-le-nenuphar\/#primaryimage"},"thumbnailUrl":"https:\/\/publissoft.dev\/spasante\/wp-content\/uploads\/2022\/01\/photo_AquaSecours_Gelee_50ml_bte-scaled.jpg","datePublished":"2022-01-27T19:36:54+00:00","dateModified":"2022-07-09T16:36:41+00:00","description":"Gel\u00e9e V\u00e9g\u00e9tale Protectrice, formul\u00e9e avec notre propre extrait de th\u00e9 noir, huile de ricin et jojoba. Produit 100% naturel et 98% biologique. Visitez-nous !","breadcrumb":{"@id":"https:\/\/publissoft.dev\/spasante\/produit\/gelee-vegetale-protectrice-spa-sante-le-nenuphar\/#breadcrumb"},"inLanguage":"fr-CA","potentialAction":[{"@type":"ReadAction","target":["https:\/\/publissoft.dev\/spasante\/produit\/gelee-vegetale-protectrice-spa-sante-le-nenuphar\/"]}]},{"@type":"ImageObject","inLanguage":"fr-CA","@id":"https:\/\/publissoft.dev\/spasante\/produit\/gelee-vegetale-protectrice-spa-sante-le-nenuphar\/#primaryimage","url":"https:\/\/publissoft.dev\/spasante\/wp-content\/uploads\/2022\/01\/photo_AquaSecours_Gelee_50ml_bte-scaled.jpg","contentUrl":"https:\/\/publissoft.dev\/spasante\/wp-content\/uploads\/2022\/01\/photo_AquaSecours_Gelee_50ml_bte-scaled.jpg","width":2560,"height":1584},{"@type":"BreadcrumbList","@id":"https:\/\/publissoft.dev\/spasante\/produit\/gelee-vegetale-protectrice-spa-sante-le-nenuphar\/#breadcrumb","itemListElement":[{"@type":"ListItem","position":1,"name":"Accueil","item":"https:\/\/publissoft.dev\/spasante\/"},{"@type":"ListItem","position":2,"name":"Boutique","item":"https:\/\/publissoft.dev\/spasante\/boutique\/"},{"@type":"ListItem","position":3,"name":"Aquafolia &#8211; Gel\u00e9e V\u00e9g\u00e9tale Protectrice"}]},{"@type":"WebSite","@id":"https:\/\/publissoft.dev\/spasante\/#website","url":"https:\/\/publissoft.dev\/spasante\/","name":"Spa Sant\u00e9 Le N\u00e9nuphar","description":"","publisher":{"@id":"https:\/\/publissoft.dev\/spasante\/#organization"},"potentialAction":[{"@type":"SearchAction","target":{"@type":"EntryPoint","urlTemplate":"https:\/\/publissoft.dev\/spasante\/?s={search_term_string}"},"query-input":"required name=search_term_string"}],"inLanguage":"fr-CA"},{"@type":"Organization","@id":"https:\/\/publissoft.dev\/spasante\/#organization","name":"Spa Sant\u00e9 Le N\u00e9nuphar","url":"https:\/\/publissoft.dev\/spasante\/","logo":{"@type":"ImageObject","inLanguage":"fr-CA","@id":"https:\/\/publissoft.dev\/spasante\/#\/schema\/logo\/image\/","url":"https:\/\/publissoft.dev\/spasante\/wp-content\/uploads\/2022\/11\/logo-jpg.jpeg","contentUrl":"https:\/\/publissoft.dev\/spasante\/wp-content\/uploads\/2022\/11\/logo-jpg.jpeg","width":900,"height":900,"caption":"Spa Sant\u00e9 Le N\u00e9nuphar"},"image":{"@id":"https:\/\/publissoft.dev\/spasante\/#\/schema\/logo\/image\/"},"sameAs":["https:\/\/www.facebook.com\/SpaSanteLeNenuphar","https:\/\/www.instagram.com\/spasantelenenuphar\/?hl=fr"]}]}},"_links":{"self":[{"href":"https:\/\/publissoft.dev\/spasante\/wp-json\/wp\/v2\/product\/546","targetHints":{"allow":["GET"]}}],"collection":[{"href":"https:\/\/publissoft.dev\/spasante\/wp-json\/wp\/v2\/product"}],"about":[{"href":"https:\/\/publissoft.dev\/spasante\/wp-json\/wp\/v2\/types\/product"}],"wp:featuredmedia":[{"embeddable":true,"href":"https:\/\/publissoft.dev\/spasante\/wp-json\/wp\/v2\/media\/582"}],"wp:attachment":[{"href":"https:\/\/publissoft.dev\/spasante\/wp-json\/wp\/v2\/media?parent=546"}],"wp:term":[{"taxonomy":"product_cat","embeddable":true,"href":"https:\/\/publissoft.dev\/spasante\/wp-json\/wp\/v2\/product_cat?post=546"},{"taxonomy":"product_tag","embeddable":true,"href":"https:\/\/publissoft.dev\/spasante\/wp-json\/wp\/v2\/product_tag?post=546"},{"taxonomy":"giftcard-category","embeddable":true,"href":"https:\/\/publissoft.dev\/spasante\/wp-json\/wp\/v2\/giftcard-category?post=546"}],"curies":[{"name":"wp","href":"https:\/\/api.w.org\/{rel}","templated":true}]}}