{"id":5817,"date":"2023-09-15T11:43:52","date_gmt":"2023-09-15T15:43:52","guid":{"rendered":"https:\/\/publissoft.dev\/spasante\/?post_type=product&#038;p=5817"},"modified":"2023-10-01T00:01:25","modified_gmt":"2023-10-01T04:01:25","slug":"cellmen-face-creme-visage","status":"publish","type":"product","link":"https:\/\/publissoft.dev\/spasante\/produit\/cellmen-face-creme-visage\/","title":{"rendered":"Cellmen Face cr\u00e8me visage"},"content":{"rendered":"<p>Utilisez \u00e0 partir de 25 ans au quotidien. Tous types de peaux.<\/p>\n<p><strong>Caract\u00e9ristiques et fonctions du produit<br \/>\n<\/strong><\/p>\n<ul>\n<li>Hydrate\u00a0et prot\u00e8ge la peau contre les agressions ext\u00e9rieures<\/li>\n<li>Pr\u00e9serve le microbiote cutan\u00e9<em><sup>\u2020<\/sup><\/em><\/li>\n<li>Calme le feu du rasoir<\/li>\n<li>Estompe les effets visibles du vieillissement cutan\u00e9<\/li>\n<li>Non com\u00e9dog\u00e8ne<\/li>\n<li>Efficacit\u00e9 prouv\u00e9e cliniquement<\/li>\n<\/ul>\n","protected":false},"excerpt":{"rendered":"<p>Utilisez \u00e0 partir de 25 ans au quotidien. Tous types de peaux. Caract\u00e9ristiques et fonctions du produit Hydrate\u00a0et prot\u00e8ge la peau contre les agressions ext\u00e9rieures Pr\u00e9serve le microbiote cutan\u00e9\u2020 Calme le feu du rasoir Estompe les effets visibles du vieillissement cutan\u00e9 Non com\u00e9dog\u00e8ne Efficacit\u00e9 prouv\u00e9e cliniquement<\/p>\n","protected":false},"featured_media":5818,"template":"","meta":{"_acf_changed":false,"_genesis_hide_title":false,"_genesis_hide_breadcrumbs":false,"_genesis_hide_singular_image":false,"_genesis_hide_footer_widgets":false,"_genesis_custom_body_class":"","_genesis_custom_post_class":"","_genesis_layout":""},"product_cat":[46],"product_tag":[],"giftcard-category":[],"class_list":{"0":"post-5817","1":"product","2":"type-product","3":"status-publish","4":"has-post-thumbnail","6":"product_cat-tous","7":"entry","9":"first","10":"instock","11":"taxable","12":"shipping-taxable","13":"purchasable","14":"product-type-simple"},"acf":[],"yoast_head":"<!-- This site is optimized with the Yoast SEO plugin v22.5 - https:\/\/yoast.com\/wordpress\/plugins\/seo\/ -->\n<title>Cellmen Face cr\u00e8me visage - Spa Sant\u00e9 Le N\u00e9nuphar<\/title>\n<meta name=\"robots\" content=\"noindex, follow, max-snippet:-1, max-image-preview:large, max-video-preview:-1\" \/>\n<meta property=\"og:locale\" content=\"fr_CA\" \/>\n<meta property=\"og:type\" content=\"article\" \/>\n<meta property=\"og:title\" content=\"Cellmen Face cr\u00e8me visage - Spa Sant\u00e9 Le N\u00e9nuphar\" \/>\n<meta property=\"og:description\" content=\"Utilisez \u00e0 partir de 25 ans au quotidien. Tous types de peaux. Caract\u00e9ristiques et fonctions du produit Hydrate\u00a0et prot\u00e8ge la peau contre les agressions ext\u00e9rieures Pr\u00e9serve le microbiote cutan\u00e9\u2020 Calme le feu du rasoir Estompe les effets visibles du vieillissement cutan\u00e9 Non com\u00e9dog\u00e8ne Efficacit\u00e9 prouv\u00e9e cliniquement\" \/>\n<meta property=\"og:url\" content=\"https:\/\/publissoft.dev\/spasante\/produit\/cellmen-face-creme-visage\/\" \/>\n<meta property=\"og:site_name\" content=\"Spa Sant\u00e9 Le N\u00e9nuphar\" \/>\n<meta property=\"article:publisher\" content=\"https:\/\/www.facebook.com\/SpaSanteLeNenuphar\" \/>\n<meta property=\"article:modified_time\" content=\"2023-10-01T04:01:25+00:00\" \/>\n<meta property=\"og:image\" content=\"https:\/\/publissoft.dev\/spasante\/wp-content\/uploads\/2023\/09\/Capture-decran-le-2023-09-15-a-11.44.42.png\" \/>\n\t<meta property=\"og:image:width\" content=\"512\" \/>\n\t<meta property=\"og:image:height\" content=\"790\" \/>\n\t<meta property=\"og:image:type\" content=\"image\/png\" \/>\n<meta name=\"twitter:card\" content=\"summary_large_image\" \/>\n<meta name=\"twitter:label1\" content=\"Estimation du temps de lecture\" \/>\n\t<meta name=\"twitter:data1\" content=\"1 minute\" \/>\n<script type=\"application\/ld+json\" class=\"yoast-schema-graph\">{\"@context\":\"https:\/\/schema.org\",\"@graph\":[{\"@type\":\"WebPage\",\"@id\":\"https:\/\/publissoft.dev\/spasante\/produit\/cellmen-face-creme-visage\/\",\"url\":\"https:\/\/publissoft.dev\/spasante\/produit\/cellmen-face-creme-visage\/\",\"name\":\"Cellmen Face cr\u00e8me visage - Spa Sant\u00e9 Le N\u00e9nuphar\",\"isPartOf\":{\"@id\":\"https:\/\/publissoft.dev\/spasante\/#website\"},\"primaryImageOfPage\":{\"@id\":\"https:\/\/publissoft.dev\/spasante\/produit\/cellmen-face-creme-visage\/#primaryimage\"},\"image\":{\"@id\":\"https:\/\/publissoft.dev\/spasante\/produit\/cellmen-face-creme-visage\/#primaryimage\"},\"thumbnailUrl\":\"https:\/\/publissoft.dev\/spasante\/wp-content\/uploads\/2023\/09\/Capture-decran-le-2023-09-15-a-11.44.42.png\",\"datePublished\":\"2023-09-15T15:43:52+00:00\",\"dateModified\":\"2023-10-01T04:01:25+00:00\",\"breadcrumb\":{\"@id\":\"https:\/\/publissoft.dev\/spasante\/produit\/cellmen-face-creme-visage\/#breadcrumb\"},\"inLanguage\":\"fr-CA\",\"potentialAction\":[{\"@type\":\"ReadAction\",\"target\":[\"https:\/\/publissoft.dev\/spasante\/produit\/cellmen-face-creme-visage\/\"]}]},{\"@type\":\"ImageObject\",\"inLanguage\":\"fr-CA\",\"@id\":\"https:\/\/publissoft.dev\/spasante\/produit\/cellmen-face-creme-visage\/#primaryimage\",\"url\":\"https:\/\/publissoft.dev\/spasante\/wp-content\/uploads\/2023\/09\/Capture-decran-le-2023-09-15-a-11.44.42.png\",\"contentUrl\":\"https:\/\/publissoft.dev\/spasante\/wp-content\/uploads\/2023\/09\/Capture-decran-le-2023-09-15-a-11.44.42.png\",\"width\":512,\"height\":790},{\"@type\":\"BreadcrumbList\",\"@id\":\"https:\/\/publissoft.dev\/spasante\/produit\/cellmen-face-creme-visage\/#breadcrumb\",\"itemListElement\":[{\"@type\":\"ListItem\",\"position\":1,\"name\":\"Accueil\",\"item\":\"https:\/\/publissoft.dev\/spasante\/\"},{\"@type\":\"ListItem\",\"position\":2,\"name\":\"Boutique\",\"item\":\"https:\/\/publissoft.dev\/spasante\/boutique\/\"},{\"@type\":\"ListItem\",\"position\":3,\"name\":\"Cellmen Face cr\u00e8me visage\"}]},{\"@type\":\"WebSite\",\"@id\":\"https:\/\/publissoft.dev\/spasante\/#website\",\"url\":\"https:\/\/publissoft.dev\/spasante\/\",\"name\":\"Spa Sant\u00e9 Le N\u00e9nuphar\",\"description\":\"\",\"publisher\":{\"@id\":\"https:\/\/publissoft.dev\/spasante\/#organization\"},\"potentialAction\":[{\"@type\":\"SearchAction\",\"target\":{\"@type\":\"EntryPoint\",\"urlTemplate\":\"https:\/\/publissoft.dev\/spasante\/?s={search_term_string}\"},\"query-input\":\"required name=search_term_string\"}],\"inLanguage\":\"fr-CA\"},{\"@type\":\"Organization\",\"@id\":\"https:\/\/publissoft.dev\/spasante\/#organization\",\"name\":\"Spa Sant\u00e9 Le N\u00e9nuphar\",\"url\":\"https:\/\/publissoft.dev\/spasante\/\",\"logo\":{\"@type\":\"ImageObject\",\"inLanguage\":\"fr-CA\",\"@id\":\"https:\/\/publissoft.dev\/spasante\/#\/schema\/logo\/image\/\",\"url\":\"https:\/\/publissoft.dev\/spasante\/wp-content\/uploads\/2022\/11\/logo-jpg.jpeg\",\"contentUrl\":\"https:\/\/publissoft.dev\/spasante\/wp-content\/uploads\/2022\/11\/logo-jpg.jpeg\",\"width\":900,\"height\":900,\"caption\":\"Spa Sant\u00e9 Le N\u00e9nuphar\"},\"image\":{\"@id\":\"https:\/\/publissoft.dev\/spasante\/#\/schema\/logo\/image\/\"},\"sameAs\":[\"https:\/\/www.facebook.com\/SpaSanteLeNenuphar\",\"https:\/\/www.instagram.com\/spasantelenenuphar\/?hl=fr\"]}]}<\/script>\n<!-- \/ Yoast SEO plugin. -->","yoast_head_json":{"title":"Cellmen Face cr\u00e8me visage - Spa Sant\u00e9 Le N\u00e9nuphar","robots":{"index":"noindex","follow":"follow","max-snippet":"max-snippet:-1","max-image-preview":"max-image-preview:large","max-video-preview":"max-video-preview:-1"},"og_locale":"fr_CA","og_type":"article","og_title":"Cellmen Face cr\u00e8me visage - Spa Sant\u00e9 Le N\u00e9nuphar","og_description":"Utilisez \u00e0 partir de 25 ans au quotidien. Tous types de peaux. Caract\u00e9ristiques et fonctions du produit Hydrate\u00a0et prot\u00e8ge la peau contre les agressions ext\u00e9rieures Pr\u00e9serve le microbiote cutan\u00e9\u2020 Calme le feu du rasoir Estompe les effets visibles du vieillissement cutan\u00e9 Non com\u00e9dog\u00e8ne Efficacit\u00e9 prouv\u00e9e cliniquement","og_url":"https:\/\/publissoft.dev\/spasante\/produit\/cellmen-face-creme-visage\/","og_site_name":"Spa Sant\u00e9 Le N\u00e9nuphar","article_publisher":"https:\/\/www.facebook.com\/SpaSanteLeNenuphar","article_modified_time":"2023-10-01T04:01:25+00:00","og_image":[{"width":512,"height":790,"url":"https:\/\/publissoft.dev\/spasante\/wp-content\/uploads\/2023\/09\/Capture-decran-le-2023-09-15-a-11.44.42.png","type":"image\/png"}],"twitter_card":"summary_large_image","twitter_misc":{"Estimation du temps de lecture":"1 minute"},"schema":{"@context":"https:\/\/schema.org","@graph":[{"@type":"WebPage","@id":"https:\/\/publissoft.dev\/spasante\/produit\/cellmen-face-creme-visage\/","url":"https:\/\/publissoft.dev\/spasante\/produit\/cellmen-face-creme-visage\/","name":"Cellmen Face cr\u00e8me visage - Spa Sant\u00e9 Le N\u00e9nuphar","isPartOf":{"@id":"https:\/\/publissoft.dev\/spasante\/#website"},"primaryImageOfPage":{"@id":"https:\/\/publissoft.dev\/spasante\/produit\/cellmen-face-creme-visage\/#primaryimage"},"image":{"@id":"https:\/\/publissoft.dev\/spasante\/produit\/cellmen-face-creme-visage\/#primaryimage"},"thumbnailUrl":"https:\/\/publissoft.dev\/spasante\/wp-content\/uploads\/2023\/09\/Capture-decran-le-2023-09-15-a-11.44.42.png","datePublished":"2023-09-15T15:43:52+00:00","dateModified":"2023-10-01T04:01:25+00:00","breadcrumb":{"@id":"https:\/\/publissoft.dev\/spasante\/produit\/cellmen-face-creme-visage\/#breadcrumb"},"inLanguage":"fr-CA","potentialAction":[{"@type":"ReadAction","target":["https:\/\/publissoft.dev\/spasante\/produit\/cellmen-face-creme-visage\/"]}]},{"@type":"ImageObject","inLanguage":"fr-CA","@id":"https:\/\/publissoft.dev\/spasante\/produit\/cellmen-face-creme-visage\/#primaryimage","url":"https:\/\/publissoft.dev\/spasante\/wp-content\/uploads\/2023\/09\/Capture-decran-le-2023-09-15-a-11.44.42.png","contentUrl":"https:\/\/publissoft.dev\/spasante\/wp-content\/uploads\/2023\/09\/Capture-decran-le-2023-09-15-a-11.44.42.png","width":512,"height":790},{"@type":"BreadcrumbList","@id":"https:\/\/publissoft.dev\/spasante\/produit\/cellmen-face-creme-visage\/#breadcrumb","itemListElement":[{"@type":"ListItem","position":1,"name":"Accueil","item":"https:\/\/publissoft.dev\/spasante\/"},{"@type":"ListItem","position":2,"name":"Boutique","item":"https:\/\/publissoft.dev\/spasante\/boutique\/"},{"@type":"ListItem","position":3,"name":"Cellmen Face cr\u00e8me visage"}]},{"@type":"WebSite","@id":"https:\/\/publissoft.dev\/spasante\/#website","url":"https:\/\/publissoft.dev\/spasante\/","name":"Spa Sant\u00e9 Le N\u00e9nuphar","description":"","publisher":{"@id":"https:\/\/publissoft.dev\/spasante\/#organization"},"potentialAction":[{"@type":"SearchAction","target":{"@type":"EntryPoint","urlTemplate":"https:\/\/publissoft.dev\/spasante\/?s={search_term_string}"},"query-input":"required name=search_term_string"}],"inLanguage":"fr-CA"},{"@type":"Organization","@id":"https:\/\/publissoft.dev\/spasante\/#organization","name":"Spa Sant\u00e9 Le N\u00e9nuphar","url":"https:\/\/publissoft.dev\/spasante\/","logo":{"@type":"ImageObject","inLanguage":"fr-CA","@id":"https:\/\/publissoft.dev\/spasante\/#\/schema\/logo\/image\/","url":"https:\/\/publissoft.dev\/spasante\/wp-content\/uploads\/2022\/11\/logo-jpg.jpeg","contentUrl":"https:\/\/publissoft.dev\/spasante\/wp-content\/uploads\/2022\/11\/logo-jpg.jpeg","width":900,"height":900,"caption":"Spa Sant\u00e9 Le N\u00e9nuphar"},"image":{"@id":"https:\/\/publissoft.dev\/spasante\/#\/schema\/logo\/image\/"},"sameAs":["https:\/\/www.facebook.com\/SpaSanteLeNenuphar","https:\/\/www.instagram.com\/spasantelenenuphar\/?hl=fr"]}]}},"_links":{"self":[{"href":"https:\/\/publissoft.dev\/spasante\/wp-json\/wp\/v2\/product\/5817","targetHints":{"allow":["GET"]}}],"collection":[{"href":"https:\/\/publissoft.dev\/spasante\/wp-json\/wp\/v2\/product"}],"about":[{"href":"https:\/\/publissoft.dev\/spasante\/wp-json\/wp\/v2\/types\/product"}],"wp:featuredmedia":[{"embeddable":true,"href":"https:\/\/publissoft.dev\/spasante\/wp-json\/wp\/v2\/media\/5818"}],"wp:attachment":[{"href":"https:\/\/publissoft.dev\/spasante\/wp-json\/wp\/v2\/media?parent=5817"}],"wp:term":[{"taxonomy":"product_cat","embeddable":true,"href":"https:\/\/publissoft.dev\/spasante\/wp-json\/wp\/v2\/product_cat?post=5817"},{"taxonomy":"product_tag","embeddable":true,"href":"https:\/\/publissoft.dev\/spasante\/wp-json\/wp\/v2\/product_tag?post=5817"},{"taxonomy":"giftcard-category","embeddable":true,"href":"https:\/\/publissoft.dev\/spasante\/wp-json\/wp\/v2\/giftcard-category?post=5817"}],"curies":[{"name":"wp","href":"https:\/\/api.w.org\/{rel}","templated":true}]}}