{"id":587,"date":"2022-01-27T14:37:08","date_gmt":"2022-01-27T14:37:08","guid":{"rendered":"https:\/\/publissoft.dev\/spasante\/produit\/glo-base-de-teint-illuminatrice\/"},"modified":"2024-03-15T13:36:57","modified_gmt":"2024-03-15T17:36:57","slug":"glo-base-de-teint-illuminatrice","status":"publish","type":"product","link":"https:\/\/publissoft.dev\/spasante\/produit\/glo-base-de-teint-illuminatrice\/","title":{"rendered":"Glo &#8211; Base de teint illuminatrice SPF 18"},"content":{"rendered":"<p data-mce-fragment=\"1\">Illuminating Primer est une formule transparente r\u00e9fl\u00e9chissant la lumi\u00e8re qui lisse visuellement l&#8217;apparence des ridules et des rides et illumine le teint en cr\u00e9ant un \u00e9clat sain et lumineux. Convient \u00e0 tous les tons de peau, cette formule unique peut \u00eatre utilis\u00e9e comme m\u00e9dium de m\u00e9lange pour faire ressortir n&#8217;importe quel fond de teint liquide, illuminant le maquillage et ajoutant de la luminescence \u00e0 la peau.<\/p>\n<p data-mce-fragment=\"1\"><br data-mce-fragment=\"1\" \/>Conseils d&#8217;utilisation:<\/p>\n<p data-mce-fragment=\"1\">Avant le fond de teint, appliquez du bout des doigts propres ou du pinceau souhait\u00e9. Utiliser sur tout le visage ou appliquer des zones s\u00e9lectionn\u00e9es.<\/p>\n<p data-mce-fragment=\"1\">Conseil d&#8217;artiste maquilleuse: M\u00e9langer une petite quantit\u00e9 \u00e0 votre fond de teint ou cr\u00e8me de jour habituelle afin de rehausser et illuminer le teint.<\/p>\n","protected":false},"excerpt":{"rendered":"<p>Illuminating Primer est une formule transparente r\u00e9fl\u00e9chissant la lumi\u00e8re qui lisse visuellement l&#8217;apparence des ridules et des rides et illumine le teint en cr\u00e9ant un \u00e9clat sain et lumineux. Convient \u00e0 tous les tons de peau, cette formule unique peut \u00eatre utilis\u00e9e comme m\u00e9dium de m\u00e9lange pour faire ressortir n&#8217;importe quel fond de teint liquide, &hellip;<\/p>\n","protected":false},"featured_media":598,"template":"","meta":{"_acf_changed":false,"_genesis_hide_title":false,"_genesis_hide_breadcrumbs":false,"_genesis_hide_singular_image":false,"_genesis_hide_footer_widgets":false,"_genesis_custom_body_class":"","_genesis_custom_post_class":"","_genesis_layout":""},"product_cat":[53,37,29,46],"product_tag":[],"giftcard-category":[],"class_list":{"0":"post-587","1":"product","2":"type-product","3":"status-publish","4":"has-post-thumbnail","6":"product_cat-gift-card","7":"product_cat-produits","8":"product_cat-glo-maquillage-skin-beauty","9":"product_cat-tous","10":"entry","12":"first","13":"instock","14":"sale","15":"taxable","16":"shipping-taxable","17":"purchasable","18":"product-type-variable"},"acf":[],"yoast_head":"<!-- This site is optimized with the Yoast SEO plugin v22.5 - https:\/\/yoast.com\/wordpress\/plugins\/seo\/ -->\n<title>Glo - Base de teint illuminatrice SPF 18 - Spa Sant\u00e9 Le N\u00e9nuphar<\/title>\n<meta name=\"robots\" content=\"noindex, follow, max-snippet:-1, max-image-preview:large, max-video-preview:-1\" \/>\n<meta property=\"og:locale\" content=\"fr_CA\" \/>\n<meta property=\"og:type\" content=\"article\" \/>\n<meta property=\"og:title\" content=\"Glo - Base de teint illuminatrice SPF 18 - Spa Sant\u00e9 Le N\u00e9nuphar\" \/>\n<meta property=\"og:description\" content=\"Illuminating Primer est une formule transparente r\u00e9fl\u00e9chissant la lumi\u00e8re qui lisse visuellement l&#8217;apparence des ridules et des rides et illumine le teint en cr\u00e9ant un \u00e9clat sain et lumineux. Convient \u00e0 tous les tons de peau, cette formule unique peut \u00eatre utilis\u00e9e comme m\u00e9dium de m\u00e9lange pour faire ressortir n&#8217;importe quel fond de teint liquide, &hellip;\" \/>\n<meta property=\"og:url\" content=\"https:\/\/publissoft.dev\/spasante\/produit\/glo-base-de-teint-illuminatrice\/\" \/>\n<meta property=\"og:site_name\" content=\"Spa Sant\u00e9 Le N\u00e9nuphar\" \/>\n<meta property=\"article:publisher\" content=\"https:\/\/www.facebook.com\/SpaSanteLeNenuphar\" \/>\n<meta property=\"article:modified_time\" content=\"2024-03-15T17:36:57+00:00\" \/>\n<meta property=\"og:image\" content=\"https:\/\/publissoft.dev\/spasante\/wp-content\/uploads\/2022\/01\/Glo-basedeteintilluminating.jpg\" \/>\n\t<meta property=\"og:image:width\" content=\"700\" \/>\n\t<meta property=\"og:image:height\" content=\"700\" \/>\n\t<meta property=\"og:image:type\" content=\"image\/jpeg\" \/>\n<meta name=\"twitter:card\" content=\"summary_large_image\" \/>\n<meta name=\"twitter:label1\" content=\"Estimation du temps de lecture\" \/>\n\t<meta name=\"twitter:data1\" content=\"1 minute\" \/>\n<script type=\"application\/ld+json\" class=\"yoast-schema-graph\">{\"@context\":\"https:\/\/schema.org\",\"@graph\":[{\"@type\":\"WebPage\",\"@id\":\"https:\/\/publissoft.dev\/spasante\/produit\/glo-base-de-teint-illuminatrice\/\",\"url\":\"https:\/\/publissoft.dev\/spasante\/produit\/glo-base-de-teint-illuminatrice\/\",\"name\":\"Glo - Base de teint illuminatrice SPF 18 - Spa Sant\u00e9 Le N\u00e9nuphar\",\"isPartOf\":{\"@id\":\"https:\/\/publissoft.dev\/spasante\/#website\"},\"primaryImageOfPage\":{\"@id\":\"https:\/\/publissoft.dev\/spasante\/produit\/glo-base-de-teint-illuminatrice\/#primaryimage\"},\"image\":{\"@id\":\"https:\/\/publissoft.dev\/spasante\/produit\/glo-base-de-teint-illuminatrice\/#primaryimage\"},\"thumbnailUrl\":\"https:\/\/publissoft.dev\/spasante\/wp-content\/uploads\/2022\/01\/Glo-basedeteintilluminating.jpg\",\"datePublished\":\"2022-01-27T14:37:08+00:00\",\"dateModified\":\"2024-03-15T17:36:57+00:00\",\"breadcrumb\":{\"@id\":\"https:\/\/publissoft.dev\/spasante\/produit\/glo-base-de-teint-illuminatrice\/#breadcrumb\"},\"inLanguage\":\"fr-CA\",\"potentialAction\":[{\"@type\":\"ReadAction\",\"target\":[\"https:\/\/publissoft.dev\/spasante\/produit\/glo-base-de-teint-illuminatrice\/\"]}]},{\"@type\":\"ImageObject\",\"inLanguage\":\"fr-CA\",\"@id\":\"https:\/\/publissoft.dev\/spasante\/produit\/glo-base-de-teint-illuminatrice\/#primaryimage\",\"url\":\"https:\/\/publissoft.dev\/spasante\/wp-content\/uploads\/2022\/01\/Glo-basedeteintilluminating.jpg\",\"contentUrl\":\"https:\/\/publissoft.dev\/spasante\/wp-content\/uploads\/2022\/01\/Glo-basedeteintilluminating.jpg\",\"width\":700,\"height\":700},{\"@type\":\"BreadcrumbList\",\"@id\":\"https:\/\/publissoft.dev\/spasante\/produit\/glo-base-de-teint-illuminatrice\/#breadcrumb\",\"itemListElement\":[{\"@type\":\"ListItem\",\"position\":1,\"name\":\"Accueil\",\"item\":\"https:\/\/publissoft.dev\/spasante\/\"},{\"@type\":\"ListItem\",\"position\":2,\"name\":\"Boutique\",\"item\":\"https:\/\/publissoft.dev\/spasante\/boutique\/\"},{\"@type\":\"ListItem\",\"position\":3,\"name\":\"Glo &#8211; Base de teint illuminatrice SPF 18\"}]},{\"@type\":\"WebSite\",\"@id\":\"https:\/\/publissoft.dev\/spasante\/#website\",\"url\":\"https:\/\/publissoft.dev\/spasante\/\",\"name\":\"Spa Sant\u00e9 Le N\u00e9nuphar\",\"description\":\"\",\"publisher\":{\"@id\":\"https:\/\/publissoft.dev\/spasante\/#organization\"},\"potentialAction\":[{\"@type\":\"SearchAction\",\"target\":{\"@type\":\"EntryPoint\",\"urlTemplate\":\"https:\/\/publissoft.dev\/spasante\/?s={search_term_string}\"},\"query-input\":\"required name=search_term_string\"}],\"inLanguage\":\"fr-CA\"},{\"@type\":\"Organization\",\"@id\":\"https:\/\/publissoft.dev\/spasante\/#organization\",\"name\":\"Spa Sant\u00e9 Le N\u00e9nuphar\",\"url\":\"https:\/\/publissoft.dev\/spasante\/\",\"logo\":{\"@type\":\"ImageObject\",\"inLanguage\":\"fr-CA\",\"@id\":\"https:\/\/publissoft.dev\/spasante\/#\/schema\/logo\/image\/\",\"url\":\"https:\/\/publissoft.dev\/spasante\/wp-content\/uploads\/2022\/11\/logo-jpg.jpeg\",\"contentUrl\":\"https:\/\/publissoft.dev\/spasante\/wp-content\/uploads\/2022\/11\/logo-jpg.jpeg\",\"width\":900,\"height\":900,\"caption\":\"Spa Sant\u00e9 Le N\u00e9nuphar\"},\"image\":{\"@id\":\"https:\/\/publissoft.dev\/spasante\/#\/schema\/logo\/image\/\"},\"sameAs\":[\"https:\/\/www.facebook.com\/SpaSanteLeNenuphar\",\"https:\/\/www.instagram.com\/spasantelenenuphar\/?hl=fr\"]}]}<\/script>\n<!-- \/ Yoast SEO plugin. -->","yoast_head_json":{"title":"Glo - Base de teint illuminatrice SPF 18 - Spa Sant\u00e9 Le N\u00e9nuphar","robots":{"index":"noindex","follow":"follow","max-snippet":"max-snippet:-1","max-image-preview":"max-image-preview:large","max-video-preview":"max-video-preview:-1"},"og_locale":"fr_CA","og_type":"article","og_title":"Glo - Base de teint illuminatrice SPF 18 - Spa Sant\u00e9 Le N\u00e9nuphar","og_description":"Illuminating Primer est une formule transparente r\u00e9fl\u00e9chissant la lumi\u00e8re qui lisse visuellement l&#8217;apparence des ridules et des rides et illumine le teint en cr\u00e9ant un \u00e9clat sain et lumineux. Convient \u00e0 tous les tons de peau, cette formule unique peut \u00eatre utilis\u00e9e comme m\u00e9dium de m\u00e9lange pour faire ressortir n&#8217;importe quel fond de teint liquide, &hellip;","og_url":"https:\/\/publissoft.dev\/spasante\/produit\/glo-base-de-teint-illuminatrice\/","og_site_name":"Spa Sant\u00e9 Le N\u00e9nuphar","article_publisher":"https:\/\/www.facebook.com\/SpaSanteLeNenuphar","article_modified_time":"2024-03-15T17:36:57+00:00","og_image":[{"width":700,"height":700,"url":"https:\/\/publissoft.dev\/spasante\/wp-content\/uploads\/2022\/01\/Glo-basedeteintilluminating.jpg","type":"image\/jpeg"}],"twitter_card":"summary_large_image","twitter_misc":{"Estimation du temps de lecture":"1 minute"},"schema":{"@context":"https:\/\/schema.org","@graph":[{"@type":"WebPage","@id":"https:\/\/publissoft.dev\/spasante\/produit\/glo-base-de-teint-illuminatrice\/","url":"https:\/\/publissoft.dev\/spasante\/produit\/glo-base-de-teint-illuminatrice\/","name":"Glo - Base de teint illuminatrice SPF 18 - Spa Sant\u00e9 Le N\u00e9nuphar","isPartOf":{"@id":"https:\/\/publissoft.dev\/spasante\/#website"},"primaryImageOfPage":{"@id":"https:\/\/publissoft.dev\/spasante\/produit\/glo-base-de-teint-illuminatrice\/#primaryimage"},"image":{"@id":"https:\/\/publissoft.dev\/spasante\/produit\/glo-base-de-teint-illuminatrice\/#primaryimage"},"thumbnailUrl":"https:\/\/publissoft.dev\/spasante\/wp-content\/uploads\/2022\/01\/Glo-basedeteintilluminating.jpg","datePublished":"2022-01-27T14:37:08+00:00","dateModified":"2024-03-15T17:36:57+00:00","breadcrumb":{"@id":"https:\/\/publissoft.dev\/spasante\/produit\/glo-base-de-teint-illuminatrice\/#breadcrumb"},"inLanguage":"fr-CA","potentialAction":[{"@type":"ReadAction","target":["https:\/\/publissoft.dev\/spasante\/produit\/glo-base-de-teint-illuminatrice\/"]}]},{"@type":"ImageObject","inLanguage":"fr-CA","@id":"https:\/\/publissoft.dev\/spasante\/produit\/glo-base-de-teint-illuminatrice\/#primaryimage","url":"https:\/\/publissoft.dev\/spasante\/wp-content\/uploads\/2022\/01\/Glo-basedeteintilluminating.jpg","contentUrl":"https:\/\/publissoft.dev\/spasante\/wp-content\/uploads\/2022\/01\/Glo-basedeteintilluminating.jpg","width":700,"height":700},{"@type":"BreadcrumbList","@id":"https:\/\/publissoft.dev\/spasante\/produit\/glo-base-de-teint-illuminatrice\/#breadcrumb","itemListElement":[{"@type":"ListItem","position":1,"name":"Accueil","item":"https:\/\/publissoft.dev\/spasante\/"},{"@type":"ListItem","position":2,"name":"Boutique","item":"https:\/\/publissoft.dev\/spasante\/boutique\/"},{"@type":"ListItem","position":3,"name":"Glo &#8211; Base de teint illuminatrice SPF 18"}]},{"@type":"WebSite","@id":"https:\/\/publissoft.dev\/spasante\/#website","url":"https:\/\/publissoft.dev\/spasante\/","name":"Spa Sant\u00e9 Le N\u00e9nuphar","description":"","publisher":{"@id":"https:\/\/publissoft.dev\/spasante\/#organization"},"potentialAction":[{"@type":"SearchAction","target":{"@type":"EntryPoint","urlTemplate":"https:\/\/publissoft.dev\/spasante\/?s={search_term_string}"},"query-input":"required name=search_term_string"}],"inLanguage":"fr-CA"},{"@type":"Organization","@id":"https:\/\/publissoft.dev\/spasante\/#organization","name":"Spa Sant\u00e9 Le N\u00e9nuphar","url":"https:\/\/publissoft.dev\/spasante\/","logo":{"@type":"ImageObject","inLanguage":"fr-CA","@id":"https:\/\/publissoft.dev\/spasante\/#\/schema\/logo\/image\/","url":"https:\/\/publissoft.dev\/spasante\/wp-content\/uploads\/2022\/11\/logo-jpg.jpeg","contentUrl":"https:\/\/publissoft.dev\/spasante\/wp-content\/uploads\/2022\/11\/logo-jpg.jpeg","width":900,"height":900,"caption":"Spa Sant\u00e9 Le N\u00e9nuphar"},"image":{"@id":"https:\/\/publissoft.dev\/spasante\/#\/schema\/logo\/image\/"},"sameAs":["https:\/\/www.facebook.com\/SpaSanteLeNenuphar","https:\/\/www.instagram.com\/spasantelenenuphar\/?hl=fr"]}]}},"_links":{"self":[{"href":"https:\/\/publissoft.dev\/spasante\/wp-json\/wp\/v2\/product\/587","targetHints":{"allow":["GET"]}}],"collection":[{"href":"https:\/\/publissoft.dev\/spasante\/wp-json\/wp\/v2\/product"}],"about":[{"href":"https:\/\/publissoft.dev\/spasante\/wp-json\/wp\/v2\/types\/product"}],"wp:featuredmedia":[{"embeddable":true,"href":"https:\/\/publissoft.dev\/spasante\/wp-json\/wp\/v2\/media\/598"}],"wp:attachment":[{"href":"https:\/\/publissoft.dev\/spasante\/wp-json\/wp\/v2\/media?parent=587"}],"wp:term":[{"taxonomy":"product_cat","embeddable":true,"href":"https:\/\/publissoft.dev\/spasante\/wp-json\/wp\/v2\/product_cat?post=587"},{"taxonomy":"product_tag","embeddable":true,"href":"https:\/\/publissoft.dev\/spasante\/wp-json\/wp\/v2\/product_tag?post=587"},{"taxonomy":"giftcard-category","embeddable":true,"href":"https:\/\/publissoft.dev\/spasante\/wp-json\/wp\/v2\/giftcard-category?post=587"}],"curies":[{"name":"wp","href":"https:\/\/api.w.org\/{rel}","templated":true}]}}