{"id":5884,"date":"2023-09-29T14:23:01","date_gmt":"2023-09-29T18:23:01","guid":{"rendered":"https:\/\/publissoft.dev\/spasante\/?post_type=product&#038;p=5884"},"modified":"2024-03-27T10:34:03","modified_gmt":"2024-03-27T14:34:03","slug":"vivier-programme-eclaircir-et-retablir-sans-hq","status":"publish","type":"product","link":"https:\/\/publissoft.dev\/spasante\/produit\/vivier-programme-eclaircir-et-retablir-sans-hq\/","title":{"rendered":"Vivier- Programme \u00e9claircir et r\u00e9tablir (SANS HQ)"},"content":{"rendered":"<p style=\"font-weight: 400;\">Ce programme d\u2019\u00e9claircissement et de r\u00e9tablissement comprend une routine compl\u00e8te de produits con\u00e7us pour am\u00e9liorer l\u2019apparence des taches pigmentaires, des ridules, de la texture irr\u00e9guli\u00e8re et du teint in\u00e9gal, tout en prot\u00e9geant contre les dommages futurs et en retrouvant un \u00e9clat naturel et sain sans l\u2019utilisation d\u2019hydroquinone.<\/p>\n<p>Ce programme comprend:<\/p>\n<ul>\n<li>Nettoyant m\u00e9dicament\u00e9<\/li>\n<li>S\u00e9rum radiance<\/li>\n<li>Cr\u00e8me \u00e9claircissante pour la peau<\/li>\n<li>Exfoliant Forte<\/li>\n<li>Retinol 1.0%<\/li>\n<li>SHEER FPS 45<\/li>\n<\/ul>\n<p>Tous les programmes comprennent des produits en format r\u00e9gulier dans un sac de luxe en cuir v\u00e9g\u00e9tarien de marque Vivier.<\/p>\n","protected":false},"excerpt":{"rendered":"<p>Ce programme d\u2019\u00e9claircissement et de r\u00e9tablissement comprend une routine compl\u00e8te de produits con\u00e7us pour am\u00e9liorer l\u2019apparence des taches pigmentaires, des ridules, de la texture irr\u00e9guli\u00e8re et du teint in\u00e9gal, tout en prot\u00e9geant contre les dommages futurs et en retrouvant un \u00e9clat naturel et sain sans l\u2019utilisation d\u2019hydroquinone. Ce programme comprend: Nettoyant m\u00e9dicament\u00e9 S\u00e9rum radiance Cr\u00e8me &hellip;<\/p>\n","protected":false},"featured_media":5885,"template":"","meta":{"_acf_changed":false,"_genesis_hide_title":false,"_genesis_hide_breadcrumbs":false,"_genesis_hide_singular_image":false,"_genesis_hide_footer_widgets":false,"_genesis_custom_body_class":"","_genesis_custom_post_class":"","_genesis_layout":""},"product_cat":[87],"product_tag":[],"giftcard-category":[],"class_list":{"0":"post-5884","1":"product","2":"type-product","3":"status-publish","4":"has-post-thumbnail","6":"product_cat-vivier","7":"entry","9":"first","10":"instock","11":"taxable","12":"shipping-taxable","13":"purchasable","14":"product-type-simple"},"acf":[],"yoast_head":"<!-- This site is optimized with the Yoast SEO plugin v22.5 - https:\/\/yoast.com\/wordpress\/plugins\/seo\/ -->\n<title>Vivier- Programme \u00e9claircir et r\u00e9tablir (SANS HQ) - Spa Sant\u00e9 Le N\u00e9nuphar<\/title>\n<meta name=\"robots\" content=\"noindex, follow, max-snippet:-1, max-image-preview:large, max-video-preview:-1\" \/>\n<meta property=\"og:locale\" content=\"fr_CA\" \/>\n<meta property=\"og:type\" content=\"article\" \/>\n<meta property=\"og:title\" content=\"Vivier- Programme \u00e9claircir et r\u00e9tablir (SANS HQ) - Spa Sant\u00e9 Le N\u00e9nuphar\" \/>\n<meta property=\"og:description\" content=\"Ce programme d\u2019\u00e9claircissement et de r\u00e9tablissement comprend une routine compl\u00e8te de produits con\u00e7us pour am\u00e9liorer l\u2019apparence des taches pigmentaires, des ridules, de la texture irr\u00e9guli\u00e8re et du teint in\u00e9gal, tout en prot\u00e9geant contre les dommages futurs et en retrouvant un \u00e9clat naturel et sain sans l\u2019utilisation d\u2019hydroquinone. Ce programme comprend: Nettoyant m\u00e9dicament\u00e9 S\u00e9rum radiance Cr\u00e8me &hellip;\" \/>\n<meta property=\"og:url\" content=\"https:\/\/publissoft.dev\/spasante\/produit\/vivier-programme-eclaircir-et-retablir-sans-hq\/\" \/>\n<meta property=\"og:site_name\" content=\"Spa Sant\u00e9 Le N\u00e9nuphar\" \/>\n<meta property=\"article:publisher\" content=\"https:\/\/www.facebook.com\/SpaSanteLeNenuphar\" \/>\n<meta property=\"article:modified_time\" content=\"2024-03-27T14:34:03+00:00\" \/>\n<meta property=\"og:image\" content=\"https:\/\/publissoft.dev\/spasante\/wp-content\/uploads\/2023\/09\/eclaircir-et-retablir-sans-HQ.jpg\" \/>\n\t<meta property=\"og:image:width\" content=\"786\" \/>\n\t<meta property=\"og:image:height\" content=\"968\" \/>\n\t<meta property=\"og:image:type\" content=\"image\/jpeg\" \/>\n<meta name=\"twitter:card\" content=\"summary_large_image\" \/>\n<meta name=\"twitter:label1\" content=\"Estimation du temps de lecture\" \/>\n\t<meta name=\"twitter:data1\" content=\"1 minute\" \/>\n<script type=\"application\/ld+json\" class=\"yoast-schema-graph\">{\"@context\":\"https:\/\/schema.org\",\"@graph\":[{\"@type\":\"WebPage\",\"@id\":\"https:\/\/publissoft.dev\/spasante\/produit\/vivier-programme-eclaircir-et-retablir-sans-hq\/\",\"url\":\"https:\/\/publissoft.dev\/spasante\/produit\/vivier-programme-eclaircir-et-retablir-sans-hq\/\",\"name\":\"Vivier- Programme \u00e9claircir et r\u00e9tablir (SANS HQ) - Spa Sant\u00e9 Le N\u00e9nuphar\",\"isPartOf\":{\"@id\":\"https:\/\/publissoft.dev\/spasante\/#website\"},\"primaryImageOfPage\":{\"@id\":\"https:\/\/publissoft.dev\/spasante\/produit\/vivier-programme-eclaircir-et-retablir-sans-hq\/#primaryimage\"},\"image\":{\"@id\":\"https:\/\/publissoft.dev\/spasante\/produit\/vivier-programme-eclaircir-et-retablir-sans-hq\/#primaryimage\"},\"thumbnailUrl\":\"https:\/\/publissoft.dev\/spasante\/wp-content\/uploads\/2023\/09\/eclaircir-et-retablir-sans-HQ.jpg\",\"datePublished\":\"2023-09-29T18:23:01+00:00\",\"dateModified\":\"2024-03-27T14:34:03+00:00\",\"breadcrumb\":{\"@id\":\"https:\/\/publissoft.dev\/spasante\/produit\/vivier-programme-eclaircir-et-retablir-sans-hq\/#breadcrumb\"},\"inLanguage\":\"fr-CA\",\"potentialAction\":[{\"@type\":\"ReadAction\",\"target\":[\"https:\/\/publissoft.dev\/spasante\/produit\/vivier-programme-eclaircir-et-retablir-sans-hq\/\"]}]},{\"@type\":\"ImageObject\",\"inLanguage\":\"fr-CA\",\"@id\":\"https:\/\/publissoft.dev\/spasante\/produit\/vivier-programme-eclaircir-et-retablir-sans-hq\/#primaryimage\",\"url\":\"https:\/\/publissoft.dev\/spasante\/wp-content\/uploads\/2023\/09\/eclaircir-et-retablir-sans-HQ.jpg\",\"contentUrl\":\"https:\/\/publissoft.dev\/spasante\/wp-content\/uploads\/2023\/09\/eclaircir-et-retablir-sans-HQ.jpg\",\"width\":786,\"height\":968},{\"@type\":\"BreadcrumbList\",\"@id\":\"https:\/\/publissoft.dev\/spasante\/produit\/vivier-programme-eclaircir-et-retablir-sans-hq\/#breadcrumb\",\"itemListElement\":[{\"@type\":\"ListItem\",\"position\":1,\"name\":\"Accueil\",\"item\":\"https:\/\/publissoft.dev\/spasante\/\"},{\"@type\":\"ListItem\",\"position\":2,\"name\":\"Boutique\",\"item\":\"https:\/\/publissoft.dev\/spasante\/boutique\/\"},{\"@type\":\"ListItem\",\"position\":3,\"name\":\"Vivier- Programme \u00e9claircir et r\u00e9tablir (SANS HQ)\"}]},{\"@type\":\"WebSite\",\"@id\":\"https:\/\/publissoft.dev\/spasante\/#website\",\"url\":\"https:\/\/publissoft.dev\/spasante\/\",\"name\":\"Spa Sant\u00e9 Le N\u00e9nuphar\",\"description\":\"\",\"publisher\":{\"@id\":\"https:\/\/publissoft.dev\/spasante\/#organization\"},\"potentialAction\":[{\"@type\":\"SearchAction\",\"target\":{\"@type\":\"EntryPoint\",\"urlTemplate\":\"https:\/\/publissoft.dev\/spasante\/?s={search_term_string}\"},\"query-input\":\"required name=search_term_string\"}],\"inLanguage\":\"fr-CA\"},{\"@type\":\"Organization\",\"@id\":\"https:\/\/publissoft.dev\/spasante\/#organization\",\"name\":\"Spa Sant\u00e9 Le N\u00e9nuphar\",\"url\":\"https:\/\/publissoft.dev\/spasante\/\",\"logo\":{\"@type\":\"ImageObject\",\"inLanguage\":\"fr-CA\",\"@id\":\"https:\/\/publissoft.dev\/spasante\/#\/schema\/logo\/image\/\",\"url\":\"https:\/\/publissoft.dev\/spasante\/wp-content\/uploads\/2022\/11\/logo-jpg.jpeg\",\"contentUrl\":\"https:\/\/publissoft.dev\/spasante\/wp-content\/uploads\/2022\/11\/logo-jpg.jpeg\",\"width\":900,\"height\":900,\"caption\":\"Spa Sant\u00e9 Le N\u00e9nuphar\"},\"image\":{\"@id\":\"https:\/\/publissoft.dev\/spasante\/#\/schema\/logo\/image\/\"},\"sameAs\":[\"https:\/\/www.facebook.com\/SpaSanteLeNenuphar\",\"https:\/\/www.instagram.com\/spasantelenenuphar\/?hl=fr\"]}]}<\/script>\n<!-- \/ Yoast SEO plugin. -->","yoast_head_json":{"title":"Vivier- Programme \u00e9claircir et r\u00e9tablir (SANS HQ) - Spa Sant\u00e9 Le N\u00e9nuphar","robots":{"index":"noindex","follow":"follow","max-snippet":"max-snippet:-1","max-image-preview":"max-image-preview:large","max-video-preview":"max-video-preview:-1"},"og_locale":"fr_CA","og_type":"article","og_title":"Vivier- Programme \u00e9claircir et r\u00e9tablir (SANS HQ) - Spa Sant\u00e9 Le N\u00e9nuphar","og_description":"Ce programme d\u2019\u00e9claircissement et de r\u00e9tablissement comprend une routine compl\u00e8te de produits con\u00e7us pour am\u00e9liorer l\u2019apparence des taches pigmentaires, des ridules, de la texture irr\u00e9guli\u00e8re et du teint in\u00e9gal, tout en prot\u00e9geant contre les dommages futurs et en retrouvant un \u00e9clat naturel et sain sans l\u2019utilisation d\u2019hydroquinone. Ce programme comprend: Nettoyant m\u00e9dicament\u00e9 S\u00e9rum radiance Cr\u00e8me &hellip;","og_url":"https:\/\/publissoft.dev\/spasante\/produit\/vivier-programme-eclaircir-et-retablir-sans-hq\/","og_site_name":"Spa Sant\u00e9 Le N\u00e9nuphar","article_publisher":"https:\/\/www.facebook.com\/SpaSanteLeNenuphar","article_modified_time":"2024-03-27T14:34:03+00:00","og_image":[{"width":786,"height":968,"url":"https:\/\/publissoft.dev\/spasante\/wp-content\/uploads\/2023\/09\/eclaircir-et-retablir-sans-HQ.jpg","type":"image\/jpeg"}],"twitter_card":"summary_large_image","twitter_misc":{"Estimation du temps de lecture":"1 minute"},"schema":{"@context":"https:\/\/schema.org","@graph":[{"@type":"WebPage","@id":"https:\/\/publissoft.dev\/spasante\/produit\/vivier-programme-eclaircir-et-retablir-sans-hq\/","url":"https:\/\/publissoft.dev\/spasante\/produit\/vivier-programme-eclaircir-et-retablir-sans-hq\/","name":"Vivier- Programme \u00e9claircir et r\u00e9tablir (SANS HQ) - Spa Sant\u00e9 Le N\u00e9nuphar","isPartOf":{"@id":"https:\/\/publissoft.dev\/spasante\/#website"},"primaryImageOfPage":{"@id":"https:\/\/publissoft.dev\/spasante\/produit\/vivier-programme-eclaircir-et-retablir-sans-hq\/#primaryimage"},"image":{"@id":"https:\/\/publissoft.dev\/spasante\/produit\/vivier-programme-eclaircir-et-retablir-sans-hq\/#primaryimage"},"thumbnailUrl":"https:\/\/publissoft.dev\/spasante\/wp-content\/uploads\/2023\/09\/eclaircir-et-retablir-sans-HQ.jpg","datePublished":"2023-09-29T18:23:01+00:00","dateModified":"2024-03-27T14:34:03+00:00","breadcrumb":{"@id":"https:\/\/publissoft.dev\/spasante\/produit\/vivier-programme-eclaircir-et-retablir-sans-hq\/#breadcrumb"},"inLanguage":"fr-CA","potentialAction":[{"@type":"ReadAction","target":["https:\/\/publissoft.dev\/spasante\/produit\/vivier-programme-eclaircir-et-retablir-sans-hq\/"]}]},{"@type":"ImageObject","inLanguage":"fr-CA","@id":"https:\/\/publissoft.dev\/spasante\/produit\/vivier-programme-eclaircir-et-retablir-sans-hq\/#primaryimage","url":"https:\/\/publissoft.dev\/spasante\/wp-content\/uploads\/2023\/09\/eclaircir-et-retablir-sans-HQ.jpg","contentUrl":"https:\/\/publissoft.dev\/spasante\/wp-content\/uploads\/2023\/09\/eclaircir-et-retablir-sans-HQ.jpg","width":786,"height":968},{"@type":"BreadcrumbList","@id":"https:\/\/publissoft.dev\/spasante\/produit\/vivier-programme-eclaircir-et-retablir-sans-hq\/#breadcrumb","itemListElement":[{"@type":"ListItem","position":1,"name":"Accueil","item":"https:\/\/publissoft.dev\/spasante\/"},{"@type":"ListItem","position":2,"name":"Boutique","item":"https:\/\/publissoft.dev\/spasante\/boutique\/"},{"@type":"ListItem","position":3,"name":"Vivier- Programme \u00e9claircir et r\u00e9tablir (SANS HQ)"}]},{"@type":"WebSite","@id":"https:\/\/publissoft.dev\/spasante\/#website","url":"https:\/\/publissoft.dev\/spasante\/","name":"Spa Sant\u00e9 Le N\u00e9nuphar","description":"","publisher":{"@id":"https:\/\/publissoft.dev\/spasante\/#organization"},"potentialAction":[{"@type":"SearchAction","target":{"@type":"EntryPoint","urlTemplate":"https:\/\/publissoft.dev\/spasante\/?s={search_term_string}"},"query-input":"required name=search_term_string"}],"inLanguage":"fr-CA"},{"@type":"Organization","@id":"https:\/\/publissoft.dev\/spasante\/#organization","name":"Spa Sant\u00e9 Le N\u00e9nuphar","url":"https:\/\/publissoft.dev\/spasante\/","logo":{"@type":"ImageObject","inLanguage":"fr-CA","@id":"https:\/\/publissoft.dev\/spasante\/#\/schema\/logo\/image\/","url":"https:\/\/publissoft.dev\/spasante\/wp-content\/uploads\/2022\/11\/logo-jpg.jpeg","contentUrl":"https:\/\/publissoft.dev\/spasante\/wp-content\/uploads\/2022\/11\/logo-jpg.jpeg","width":900,"height":900,"caption":"Spa Sant\u00e9 Le N\u00e9nuphar"},"image":{"@id":"https:\/\/publissoft.dev\/spasante\/#\/schema\/logo\/image\/"},"sameAs":["https:\/\/www.facebook.com\/SpaSanteLeNenuphar","https:\/\/www.instagram.com\/spasantelenenuphar\/?hl=fr"]}]}},"_links":{"self":[{"href":"https:\/\/publissoft.dev\/spasante\/wp-json\/wp\/v2\/product\/5884","targetHints":{"allow":["GET"]}}],"collection":[{"href":"https:\/\/publissoft.dev\/spasante\/wp-json\/wp\/v2\/product"}],"about":[{"href":"https:\/\/publissoft.dev\/spasante\/wp-json\/wp\/v2\/types\/product"}],"wp:featuredmedia":[{"embeddable":true,"href":"https:\/\/publissoft.dev\/spasante\/wp-json\/wp\/v2\/media\/5885"}],"wp:attachment":[{"href":"https:\/\/publissoft.dev\/spasante\/wp-json\/wp\/v2\/media?parent=5884"}],"wp:term":[{"taxonomy":"product_cat","embeddable":true,"href":"https:\/\/publissoft.dev\/spasante\/wp-json\/wp\/v2\/product_cat?post=5884"},{"taxonomy":"product_tag","embeddable":true,"href":"https:\/\/publissoft.dev\/spasante\/wp-json\/wp\/v2\/product_tag?post=5884"},{"taxonomy":"giftcard-category","embeddable":true,"href":"https:\/\/publissoft.dev\/spasante\/wp-json\/wp\/v2\/giftcard-category?post=5884"}],"curies":[{"name":"wp","href":"https:\/\/api.w.org\/{rel}","templated":true}]}}