{"id":5899,"date":"2023-09-30T13:28:29","date_gmt":"2023-09-30T17:28:29","guid":{"rendered":"https:\/\/publissoft.dev\/spasante\/?post_type=product&#038;p=5899"},"modified":"2024-03-13T09:16:57","modified_gmt":"2024-03-13T13:16:57","slug":"peeling-tx-jessner-plus","status":"publish","type":"product","link":"https:\/\/publissoft.dev\/spasante\/produit\/peeling-tx-jessner-plus\/","title":{"rendered":"Vivier &#8211; Peeling- TX JESSNER PLUS"},"content":{"rendered":"<p>Un traitement Vivier TX JESSNER PLUS \u00a0 permet une exfoliation contr\u00f4l\u00e9e de la peau endommag\u00e9e pour une meilleure p\u00e9n\u00e9tration des produits, une augmentation du taux de renouvellement cellulaire, une luminosit\u00e9 accrue et une peau plus lisse.<\/p>\n<p>Les ingr\u00e9dients actifs:<\/p>\n<ul>\n<li>14% acide lactique<\/li>\n<li>14% acide salicylique<\/li>\n<li>14% r\u00e9sorcinol<\/li>\n<\/ul>\n","protected":false},"excerpt":{"rendered":"<p>Un traitement Vivier TX JESSNER PLUS \u00a0 permet une exfoliation contr\u00f4l\u00e9e de la peau endommag\u00e9e pour une meilleure p\u00e9n\u00e9tration des produits, une augmentation du taux de renouvellement cellulaire, une luminosit\u00e9 accrue et une peau plus lisse. Les ingr\u00e9dients actifs: 14% acide lactique 14% acide salicylique 14% r\u00e9sorcinol<\/p>\n","protected":false},"featured_media":5898,"template":"","meta":{"_acf_changed":false,"_genesis_hide_title":false,"_genesis_hide_breadcrumbs":false,"_genesis_hide_singular_image":false,"_genesis_hide_footer_widgets":false,"_genesis_custom_body_class":"","_genesis_custom_post_class":"","_genesis_layout":""},"product_cat":[89],"product_tag":[],"giftcard-category":[],"class_list":{"0":"post-5899","1":"product","2":"type-product","3":"status-publish","4":"has-post-thumbnail","6":"product_cat-vivier-soins","7":"entry","9":"first","10":"instock","11":"taxable","12":"shipping-taxable","13":"purchasable","14":"product-type-simple"},"acf":[],"yoast_head":"<!-- This site is optimized with the Yoast SEO plugin v22.5 - https:\/\/yoast.com\/wordpress\/plugins\/seo\/ -->\n<title>Vivier - Peeling- TX JESSNER PLUS - Spa Sant\u00e9 Le N\u00e9nuphar<\/title>\n<meta name=\"robots\" content=\"noindex, follow, max-snippet:-1, max-image-preview:large, max-video-preview:-1\" \/>\n<meta property=\"og:locale\" content=\"fr_CA\" \/>\n<meta property=\"og:type\" content=\"article\" \/>\n<meta property=\"og:title\" content=\"Vivier - Peeling- TX JESSNER PLUS - Spa Sant\u00e9 Le N\u00e9nuphar\" \/>\n<meta property=\"og:description\" content=\"Un traitement Vivier TX JESSNER PLUS \u00a0 permet une exfoliation contr\u00f4l\u00e9e de la peau endommag\u00e9e pour une meilleure p\u00e9n\u00e9tration des produits, une augmentation du taux de renouvellement cellulaire, une luminosit\u00e9 accrue et une peau plus lisse. Les ingr\u00e9dients actifs: 14% acide lactique 14% acide salicylique 14% r\u00e9sorcinol\" \/>\n<meta property=\"og:url\" content=\"https:\/\/publissoft.dev\/spasante\/produit\/peeling-tx-jessner-plus\/\" \/>\n<meta property=\"og:site_name\" content=\"Spa Sant\u00e9 Le N\u00e9nuphar\" \/>\n<meta property=\"article:publisher\" content=\"https:\/\/www.facebook.com\/SpaSanteLeNenuphar\" \/>\n<meta property=\"article:modified_time\" content=\"2024-03-13T13:16:57+00:00\" \/>\n<meta property=\"og:image\" content=\"https:\/\/publissoft.dev\/spasante\/wp-content\/uploads\/2023\/09\/Capture-decran-le-2023-09-30-a-13.16.21.png\" \/>\n\t<meta property=\"og:image:width\" content=\"502\" \/>\n\t<meta property=\"og:image:height\" content=\"338\" \/>\n\t<meta property=\"og:image:type\" content=\"image\/png\" \/>\n<meta name=\"twitter:card\" content=\"summary_large_image\" \/>\n<meta name=\"twitter:label1\" content=\"Estimation du temps de lecture\" \/>\n\t<meta name=\"twitter:data1\" content=\"1 minute\" \/>\n<script type=\"application\/ld+json\" class=\"yoast-schema-graph\">{\"@context\":\"https:\/\/schema.org\",\"@graph\":[{\"@type\":\"WebPage\",\"@id\":\"https:\/\/publissoft.dev\/spasante\/produit\/peeling-tx-jessner-plus\/\",\"url\":\"https:\/\/publissoft.dev\/spasante\/produit\/peeling-tx-jessner-plus\/\",\"name\":\"Vivier - Peeling- TX JESSNER PLUS - Spa Sant\u00e9 Le N\u00e9nuphar\",\"isPartOf\":{\"@id\":\"https:\/\/publissoft.dev\/spasante\/#website\"},\"primaryImageOfPage\":{\"@id\":\"https:\/\/publissoft.dev\/spasante\/produit\/peeling-tx-jessner-plus\/#primaryimage\"},\"image\":{\"@id\":\"https:\/\/publissoft.dev\/spasante\/produit\/peeling-tx-jessner-plus\/#primaryimage\"},\"thumbnailUrl\":\"https:\/\/publissoft.dev\/spasante\/wp-content\/uploads\/2023\/09\/Capture-decran-le-2023-09-30-a-13.16.21.png\",\"datePublished\":\"2023-09-30T17:28:29+00:00\",\"dateModified\":\"2024-03-13T13:16:57+00:00\",\"breadcrumb\":{\"@id\":\"https:\/\/publissoft.dev\/spasante\/produit\/peeling-tx-jessner-plus\/#breadcrumb\"},\"inLanguage\":\"fr-CA\",\"potentialAction\":[{\"@type\":\"ReadAction\",\"target\":[\"https:\/\/publissoft.dev\/spasante\/produit\/peeling-tx-jessner-plus\/\"]}]},{\"@type\":\"ImageObject\",\"inLanguage\":\"fr-CA\",\"@id\":\"https:\/\/publissoft.dev\/spasante\/produit\/peeling-tx-jessner-plus\/#primaryimage\",\"url\":\"https:\/\/publissoft.dev\/spasante\/wp-content\/uploads\/2023\/09\/Capture-decran-le-2023-09-30-a-13.16.21.png\",\"contentUrl\":\"https:\/\/publissoft.dev\/spasante\/wp-content\/uploads\/2023\/09\/Capture-decran-le-2023-09-30-a-13.16.21.png\",\"width\":502,\"height\":338},{\"@type\":\"BreadcrumbList\",\"@id\":\"https:\/\/publissoft.dev\/spasante\/produit\/peeling-tx-jessner-plus\/#breadcrumb\",\"itemListElement\":[{\"@type\":\"ListItem\",\"position\":1,\"name\":\"Accueil\",\"item\":\"https:\/\/publissoft.dev\/spasante\/\"},{\"@type\":\"ListItem\",\"position\":2,\"name\":\"Boutique\",\"item\":\"https:\/\/publissoft.dev\/spasante\/boutique\/\"},{\"@type\":\"ListItem\",\"position\":3,\"name\":\"Vivier &#8211; Peeling- TX JESSNER PLUS\"}]},{\"@type\":\"WebSite\",\"@id\":\"https:\/\/publissoft.dev\/spasante\/#website\",\"url\":\"https:\/\/publissoft.dev\/spasante\/\",\"name\":\"Spa Sant\u00e9 Le N\u00e9nuphar\",\"description\":\"\",\"publisher\":{\"@id\":\"https:\/\/publissoft.dev\/spasante\/#organization\"},\"potentialAction\":[{\"@type\":\"SearchAction\",\"target\":{\"@type\":\"EntryPoint\",\"urlTemplate\":\"https:\/\/publissoft.dev\/spasante\/?s={search_term_string}\"},\"query-input\":\"required name=search_term_string\"}],\"inLanguage\":\"fr-CA\"},{\"@type\":\"Organization\",\"@id\":\"https:\/\/publissoft.dev\/spasante\/#organization\",\"name\":\"Spa Sant\u00e9 Le N\u00e9nuphar\",\"url\":\"https:\/\/publissoft.dev\/spasante\/\",\"logo\":{\"@type\":\"ImageObject\",\"inLanguage\":\"fr-CA\",\"@id\":\"https:\/\/publissoft.dev\/spasante\/#\/schema\/logo\/image\/\",\"url\":\"https:\/\/publissoft.dev\/spasante\/wp-content\/uploads\/2022\/11\/logo-jpg.jpeg\",\"contentUrl\":\"https:\/\/publissoft.dev\/spasante\/wp-content\/uploads\/2022\/11\/logo-jpg.jpeg\",\"width\":900,\"height\":900,\"caption\":\"Spa Sant\u00e9 Le N\u00e9nuphar\"},\"image\":{\"@id\":\"https:\/\/publissoft.dev\/spasante\/#\/schema\/logo\/image\/\"},\"sameAs\":[\"https:\/\/www.facebook.com\/SpaSanteLeNenuphar\",\"https:\/\/www.instagram.com\/spasantelenenuphar\/?hl=fr\"]}]}<\/script>\n<!-- \/ Yoast SEO plugin. -->","yoast_head_json":{"title":"Vivier - Peeling- TX JESSNER PLUS - Spa Sant\u00e9 Le N\u00e9nuphar","robots":{"index":"noindex","follow":"follow","max-snippet":"max-snippet:-1","max-image-preview":"max-image-preview:large","max-video-preview":"max-video-preview:-1"},"og_locale":"fr_CA","og_type":"article","og_title":"Vivier - Peeling- TX JESSNER PLUS - Spa Sant\u00e9 Le N\u00e9nuphar","og_description":"Un traitement Vivier TX JESSNER PLUS \u00a0 permet une exfoliation contr\u00f4l\u00e9e de la peau endommag\u00e9e pour une meilleure p\u00e9n\u00e9tration des produits, une augmentation du taux de renouvellement cellulaire, une luminosit\u00e9 accrue et une peau plus lisse. Les ingr\u00e9dients actifs: 14% acide lactique 14% acide salicylique 14% r\u00e9sorcinol","og_url":"https:\/\/publissoft.dev\/spasante\/produit\/peeling-tx-jessner-plus\/","og_site_name":"Spa Sant\u00e9 Le N\u00e9nuphar","article_publisher":"https:\/\/www.facebook.com\/SpaSanteLeNenuphar","article_modified_time":"2024-03-13T13:16:57+00:00","og_image":[{"width":502,"height":338,"url":"https:\/\/publissoft.dev\/spasante\/wp-content\/uploads\/2023\/09\/Capture-decran-le-2023-09-30-a-13.16.21.png","type":"image\/png"}],"twitter_card":"summary_large_image","twitter_misc":{"Estimation du temps de lecture":"1 minute"},"schema":{"@context":"https:\/\/schema.org","@graph":[{"@type":"WebPage","@id":"https:\/\/publissoft.dev\/spasante\/produit\/peeling-tx-jessner-plus\/","url":"https:\/\/publissoft.dev\/spasante\/produit\/peeling-tx-jessner-plus\/","name":"Vivier - Peeling- TX JESSNER PLUS - Spa Sant\u00e9 Le N\u00e9nuphar","isPartOf":{"@id":"https:\/\/publissoft.dev\/spasante\/#website"},"primaryImageOfPage":{"@id":"https:\/\/publissoft.dev\/spasante\/produit\/peeling-tx-jessner-plus\/#primaryimage"},"image":{"@id":"https:\/\/publissoft.dev\/spasante\/produit\/peeling-tx-jessner-plus\/#primaryimage"},"thumbnailUrl":"https:\/\/publissoft.dev\/spasante\/wp-content\/uploads\/2023\/09\/Capture-decran-le-2023-09-30-a-13.16.21.png","datePublished":"2023-09-30T17:28:29+00:00","dateModified":"2024-03-13T13:16:57+00:00","breadcrumb":{"@id":"https:\/\/publissoft.dev\/spasante\/produit\/peeling-tx-jessner-plus\/#breadcrumb"},"inLanguage":"fr-CA","potentialAction":[{"@type":"ReadAction","target":["https:\/\/publissoft.dev\/spasante\/produit\/peeling-tx-jessner-plus\/"]}]},{"@type":"ImageObject","inLanguage":"fr-CA","@id":"https:\/\/publissoft.dev\/spasante\/produit\/peeling-tx-jessner-plus\/#primaryimage","url":"https:\/\/publissoft.dev\/spasante\/wp-content\/uploads\/2023\/09\/Capture-decran-le-2023-09-30-a-13.16.21.png","contentUrl":"https:\/\/publissoft.dev\/spasante\/wp-content\/uploads\/2023\/09\/Capture-decran-le-2023-09-30-a-13.16.21.png","width":502,"height":338},{"@type":"BreadcrumbList","@id":"https:\/\/publissoft.dev\/spasante\/produit\/peeling-tx-jessner-plus\/#breadcrumb","itemListElement":[{"@type":"ListItem","position":1,"name":"Accueil","item":"https:\/\/publissoft.dev\/spasante\/"},{"@type":"ListItem","position":2,"name":"Boutique","item":"https:\/\/publissoft.dev\/spasante\/boutique\/"},{"@type":"ListItem","position":3,"name":"Vivier &#8211; Peeling- TX JESSNER PLUS"}]},{"@type":"WebSite","@id":"https:\/\/publissoft.dev\/spasante\/#website","url":"https:\/\/publissoft.dev\/spasante\/","name":"Spa Sant\u00e9 Le N\u00e9nuphar","description":"","publisher":{"@id":"https:\/\/publissoft.dev\/spasante\/#organization"},"potentialAction":[{"@type":"SearchAction","target":{"@type":"EntryPoint","urlTemplate":"https:\/\/publissoft.dev\/spasante\/?s={search_term_string}"},"query-input":"required name=search_term_string"}],"inLanguage":"fr-CA"},{"@type":"Organization","@id":"https:\/\/publissoft.dev\/spasante\/#organization","name":"Spa Sant\u00e9 Le N\u00e9nuphar","url":"https:\/\/publissoft.dev\/spasante\/","logo":{"@type":"ImageObject","inLanguage":"fr-CA","@id":"https:\/\/publissoft.dev\/spasante\/#\/schema\/logo\/image\/","url":"https:\/\/publissoft.dev\/spasante\/wp-content\/uploads\/2022\/11\/logo-jpg.jpeg","contentUrl":"https:\/\/publissoft.dev\/spasante\/wp-content\/uploads\/2022\/11\/logo-jpg.jpeg","width":900,"height":900,"caption":"Spa Sant\u00e9 Le N\u00e9nuphar"},"image":{"@id":"https:\/\/publissoft.dev\/spasante\/#\/schema\/logo\/image\/"},"sameAs":["https:\/\/www.facebook.com\/SpaSanteLeNenuphar","https:\/\/www.instagram.com\/spasantelenenuphar\/?hl=fr"]}]}},"_links":{"self":[{"href":"https:\/\/publissoft.dev\/spasante\/wp-json\/wp\/v2\/product\/5899","targetHints":{"allow":["GET"]}}],"collection":[{"href":"https:\/\/publissoft.dev\/spasante\/wp-json\/wp\/v2\/product"}],"about":[{"href":"https:\/\/publissoft.dev\/spasante\/wp-json\/wp\/v2\/types\/product"}],"wp:featuredmedia":[{"embeddable":true,"href":"https:\/\/publissoft.dev\/spasante\/wp-json\/wp\/v2\/media\/5898"}],"wp:attachment":[{"href":"https:\/\/publissoft.dev\/spasante\/wp-json\/wp\/v2\/media?parent=5899"}],"wp:term":[{"taxonomy":"product_cat","embeddable":true,"href":"https:\/\/publissoft.dev\/spasante\/wp-json\/wp\/v2\/product_cat?post=5899"},{"taxonomy":"product_tag","embeddable":true,"href":"https:\/\/publissoft.dev\/spasante\/wp-json\/wp\/v2\/product_tag?post=5899"},{"taxonomy":"giftcard-category","embeddable":true,"href":"https:\/\/publissoft.dev\/spasante\/wp-json\/wp\/v2\/giftcard-category?post=5899"}],"curies":[{"name":"wp","href":"https:\/\/api.w.org\/{rel}","templated":true}]}}