{"id":5956,"date":"2023-10-09T09:01:45","date_gmt":"2023-10-09T13:01:45","guid":{"rendered":"https:\/\/publissoft.dev\/spasante\/?post_type=product&#038;p=5956"},"modified":"2023-10-09T10:11:08","modified_gmt":"2023-10-09T14:11:08","slug":"vivier-grenzcine-yeux-15-ml","status":"publish","type":"product","link":"https:\/\/publissoft.dev\/spasante\/produit\/vivier-grenzcine-yeux-15-ml\/","title":{"rendered":"Vivier &#8211; GrenzCine yeux 15 ml"},"content":{"rendered":"<p>Description:<\/p>\n<p>Une cr\u00e8me pour les yeux r\u00e9volutionnaire \u00e0 base de facteurs de croissance con\u00e7ue pour cibler la perte de volume et le rel\u00e2chement cutan\u00e9 autour des yeux. Formul\u00e9e avec une combinaison unique de facteurs de croissance de polyamine, de vitamine C et de 6 complexes de renouvellement pour augmenter l&#8217;\u00e9paisseur, la fermet\u00e9 et l&#8217;hydratation de la peau d\u00e9licate du contour des yeux et des paupi\u00e8res. Les pattes d&#8217;oie et les ridules semblent att\u00e9nu\u00e9es, et la peau para\u00eet lift\u00e9e, rafra\u00eechie et lumineuse.Pour tous les types de peau.<\/p>\n<p>Pour tous les types de peau.<\/p>\n<p>&nbsp;<\/p>\n<p>Utilisation:<\/p>\n<p>Nettoyez et tonifiez votre visage. Avec le bout d&#8217;un doigt, appliquez d\u00e9licatement GrenzCine Yeux sur le contour des yeux et les paupi\u00e8res, tous les matins et tous les soirs avant d&#8217;appliquer les s\u00e9rums et les produits cibles. Terminez par une cr\u00e8me hydratante et un \u00e9cran solaire si vous le d\u00e9sirez.<\/p>\n<p>&nbsp;<\/p>\n<div class=\"usage-details-wrapper\">\n<h6>*D\u00c9TAILS<\/h6>\n<p>Une r\u00e8gle g\u00e9n\u00e9rale \u00e0 suivre lorsque vous superposez des produits est de les appliquer de la texture la plus fine \u00e0 la plus \u00e9paisse.<\/p>\n<\/div>\n","protected":false},"excerpt":{"rendered":"<p>Description: Une cr\u00e8me pour les yeux r\u00e9volutionnaire \u00e0 base de facteurs de croissance con\u00e7ue pour cibler la perte de volume et le rel\u00e2chement cutan\u00e9 autour des yeux. Formul\u00e9e avec une combinaison unique de facteurs de croissance de polyamine, de vitamine C et de 6 complexes de renouvellement pour augmenter l&#8217;\u00e9paisseur, la fermet\u00e9 et l&#8217;hydratation de &hellip;<\/p>\n","protected":false},"featured_media":5957,"template":"","meta":{"_acf_changed":false,"_genesis_hide_title":false,"_genesis_hide_breadcrumbs":false,"_genesis_hide_singular_image":false,"_genesis_hide_footer_widgets":false,"_genesis_custom_body_class":"","_genesis_custom_post_class":"","_genesis_layout":""},"product_cat":[37,87],"product_tag":[],"giftcard-category":[],"class_list":{"0":"post-5956","1":"product","2":"type-product","3":"status-publish","4":"has-post-thumbnail","6":"product_cat-produits","7":"product_cat-vivier","8":"entry","10":"first","11":"instock","12":"taxable","13":"shipping-taxable","14":"purchasable","15":"product-type-simple"},"acf":[],"yoast_head":"<!-- This site is optimized with the Yoast SEO plugin v22.5 - https:\/\/yoast.com\/wordpress\/plugins\/seo\/ -->\n<title>Vivier - GrenzCine yeux 15 ml - Spa Sant\u00e9 Le N\u00e9nuphar<\/title>\n<meta name=\"robots\" content=\"noindex, follow, max-snippet:-1, max-image-preview:large, max-video-preview:-1\" \/>\n<meta property=\"og:locale\" content=\"fr_CA\" \/>\n<meta property=\"og:type\" content=\"article\" \/>\n<meta property=\"og:title\" content=\"Vivier - GrenzCine yeux 15 ml - Spa Sant\u00e9 Le N\u00e9nuphar\" \/>\n<meta property=\"og:description\" content=\"Description: Une cr\u00e8me pour les yeux r\u00e9volutionnaire \u00e0 base de facteurs de croissance con\u00e7ue pour cibler la perte de volume et le rel\u00e2chement cutan\u00e9 autour des yeux. Formul\u00e9e avec une combinaison unique de facteurs de croissance de polyamine, de vitamine C et de 6 complexes de renouvellement pour augmenter l&#8217;\u00e9paisseur, la fermet\u00e9 et l&#8217;hydratation de &hellip;\" \/>\n<meta property=\"og:url\" content=\"https:\/\/publissoft.dev\/spasante\/produit\/vivier-grenzcine-yeux-15-ml\/\" \/>\n<meta property=\"og:site_name\" content=\"Spa Sant\u00e9 Le N\u00e9nuphar\" \/>\n<meta property=\"article:publisher\" content=\"https:\/\/www.facebook.com\/SpaSanteLeNenuphar\" \/>\n<meta property=\"article:modified_time\" content=\"2023-10-09T14:11:08+00:00\" \/>\n<meta property=\"og:image\" content=\"https:\/\/publissoft.dev\/spasante\/wp-content\/uploads\/2023\/10\/Capture-decran-le-2023-10-09-a-08.59.35.png\" \/>\n\t<meta property=\"og:image:width\" content=\"382\" \/>\n\t<meta property=\"og:image:height\" content=\"822\" \/>\n\t<meta property=\"og:image:type\" content=\"image\/png\" \/>\n<meta name=\"twitter:card\" content=\"summary_large_image\" \/>\n<meta name=\"twitter:label1\" content=\"Estimation du temps de lecture\" \/>\n\t<meta name=\"twitter:data1\" content=\"1 minute\" \/>\n<script type=\"application\/ld+json\" class=\"yoast-schema-graph\">{\"@context\":\"https:\/\/schema.org\",\"@graph\":[{\"@type\":\"WebPage\",\"@id\":\"https:\/\/publissoft.dev\/spasante\/produit\/vivier-grenzcine-yeux-15-ml\/\",\"url\":\"https:\/\/publissoft.dev\/spasante\/produit\/vivier-grenzcine-yeux-15-ml\/\",\"name\":\"Vivier - GrenzCine yeux 15 ml - Spa Sant\u00e9 Le N\u00e9nuphar\",\"isPartOf\":{\"@id\":\"https:\/\/publissoft.dev\/spasante\/#website\"},\"primaryImageOfPage\":{\"@id\":\"https:\/\/publissoft.dev\/spasante\/produit\/vivier-grenzcine-yeux-15-ml\/#primaryimage\"},\"image\":{\"@id\":\"https:\/\/publissoft.dev\/spasante\/produit\/vivier-grenzcine-yeux-15-ml\/#primaryimage\"},\"thumbnailUrl\":\"https:\/\/publissoft.dev\/spasante\/wp-content\/uploads\/2023\/10\/Capture-decran-le-2023-10-09-a-08.59.35.png\",\"datePublished\":\"2023-10-09T13:01:45+00:00\",\"dateModified\":\"2023-10-09T14:11:08+00:00\",\"breadcrumb\":{\"@id\":\"https:\/\/publissoft.dev\/spasante\/produit\/vivier-grenzcine-yeux-15-ml\/#breadcrumb\"},\"inLanguage\":\"fr-CA\",\"potentialAction\":[{\"@type\":\"ReadAction\",\"target\":[\"https:\/\/publissoft.dev\/spasante\/produit\/vivier-grenzcine-yeux-15-ml\/\"]}]},{\"@type\":\"ImageObject\",\"inLanguage\":\"fr-CA\",\"@id\":\"https:\/\/publissoft.dev\/spasante\/produit\/vivier-grenzcine-yeux-15-ml\/#primaryimage\",\"url\":\"https:\/\/publissoft.dev\/spasante\/wp-content\/uploads\/2023\/10\/Capture-decran-le-2023-10-09-a-08.59.35.png\",\"contentUrl\":\"https:\/\/publissoft.dev\/spasante\/wp-content\/uploads\/2023\/10\/Capture-decran-le-2023-10-09-a-08.59.35.png\",\"width\":382,\"height\":822},{\"@type\":\"BreadcrumbList\",\"@id\":\"https:\/\/publissoft.dev\/spasante\/produit\/vivier-grenzcine-yeux-15-ml\/#breadcrumb\",\"itemListElement\":[{\"@type\":\"ListItem\",\"position\":1,\"name\":\"Accueil\",\"item\":\"https:\/\/publissoft.dev\/spasante\/\"},{\"@type\":\"ListItem\",\"position\":2,\"name\":\"Boutique\",\"item\":\"https:\/\/publissoft.dev\/spasante\/boutique\/\"},{\"@type\":\"ListItem\",\"position\":3,\"name\":\"Vivier &#8211; GrenzCine yeux 15 ml\"}]},{\"@type\":\"WebSite\",\"@id\":\"https:\/\/publissoft.dev\/spasante\/#website\",\"url\":\"https:\/\/publissoft.dev\/spasante\/\",\"name\":\"Spa Sant\u00e9 Le N\u00e9nuphar\",\"description\":\"\",\"publisher\":{\"@id\":\"https:\/\/publissoft.dev\/spasante\/#organization\"},\"potentialAction\":[{\"@type\":\"SearchAction\",\"target\":{\"@type\":\"EntryPoint\",\"urlTemplate\":\"https:\/\/publissoft.dev\/spasante\/?s={search_term_string}\"},\"query-input\":\"required name=search_term_string\"}],\"inLanguage\":\"fr-CA\"},{\"@type\":\"Organization\",\"@id\":\"https:\/\/publissoft.dev\/spasante\/#organization\",\"name\":\"Spa Sant\u00e9 Le N\u00e9nuphar\",\"url\":\"https:\/\/publissoft.dev\/spasante\/\",\"logo\":{\"@type\":\"ImageObject\",\"inLanguage\":\"fr-CA\",\"@id\":\"https:\/\/publissoft.dev\/spasante\/#\/schema\/logo\/image\/\",\"url\":\"https:\/\/publissoft.dev\/spasante\/wp-content\/uploads\/2022\/11\/logo-jpg.jpeg\",\"contentUrl\":\"https:\/\/publissoft.dev\/spasante\/wp-content\/uploads\/2022\/11\/logo-jpg.jpeg\",\"width\":900,\"height\":900,\"caption\":\"Spa Sant\u00e9 Le N\u00e9nuphar\"},\"image\":{\"@id\":\"https:\/\/publissoft.dev\/spasante\/#\/schema\/logo\/image\/\"},\"sameAs\":[\"https:\/\/www.facebook.com\/SpaSanteLeNenuphar\",\"https:\/\/www.instagram.com\/spasantelenenuphar\/?hl=fr\"]}]}<\/script>\n<!-- \/ Yoast SEO plugin. -->","yoast_head_json":{"title":"Vivier - GrenzCine yeux 15 ml - Spa Sant\u00e9 Le N\u00e9nuphar","robots":{"index":"noindex","follow":"follow","max-snippet":"max-snippet:-1","max-image-preview":"max-image-preview:large","max-video-preview":"max-video-preview:-1"},"og_locale":"fr_CA","og_type":"article","og_title":"Vivier - GrenzCine yeux 15 ml - Spa Sant\u00e9 Le N\u00e9nuphar","og_description":"Description: Une cr\u00e8me pour les yeux r\u00e9volutionnaire \u00e0 base de facteurs de croissance con\u00e7ue pour cibler la perte de volume et le rel\u00e2chement cutan\u00e9 autour des yeux. Formul\u00e9e avec une combinaison unique de facteurs de croissance de polyamine, de vitamine C et de 6 complexes de renouvellement pour augmenter l&#8217;\u00e9paisseur, la fermet\u00e9 et l&#8217;hydratation de &hellip;","og_url":"https:\/\/publissoft.dev\/spasante\/produit\/vivier-grenzcine-yeux-15-ml\/","og_site_name":"Spa Sant\u00e9 Le N\u00e9nuphar","article_publisher":"https:\/\/www.facebook.com\/SpaSanteLeNenuphar","article_modified_time":"2023-10-09T14:11:08+00:00","og_image":[{"width":382,"height":822,"url":"https:\/\/publissoft.dev\/spasante\/wp-content\/uploads\/2023\/10\/Capture-decran-le-2023-10-09-a-08.59.35.png","type":"image\/png"}],"twitter_card":"summary_large_image","twitter_misc":{"Estimation du temps de lecture":"1 minute"},"schema":{"@context":"https:\/\/schema.org","@graph":[{"@type":"WebPage","@id":"https:\/\/publissoft.dev\/spasante\/produit\/vivier-grenzcine-yeux-15-ml\/","url":"https:\/\/publissoft.dev\/spasante\/produit\/vivier-grenzcine-yeux-15-ml\/","name":"Vivier - GrenzCine yeux 15 ml - Spa Sant\u00e9 Le N\u00e9nuphar","isPartOf":{"@id":"https:\/\/publissoft.dev\/spasante\/#website"},"primaryImageOfPage":{"@id":"https:\/\/publissoft.dev\/spasante\/produit\/vivier-grenzcine-yeux-15-ml\/#primaryimage"},"image":{"@id":"https:\/\/publissoft.dev\/spasante\/produit\/vivier-grenzcine-yeux-15-ml\/#primaryimage"},"thumbnailUrl":"https:\/\/publissoft.dev\/spasante\/wp-content\/uploads\/2023\/10\/Capture-decran-le-2023-10-09-a-08.59.35.png","datePublished":"2023-10-09T13:01:45+00:00","dateModified":"2023-10-09T14:11:08+00:00","breadcrumb":{"@id":"https:\/\/publissoft.dev\/spasante\/produit\/vivier-grenzcine-yeux-15-ml\/#breadcrumb"},"inLanguage":"fr-CA","potentialAction":[{"@type":"ReadAction","target":["https:\/\/publissoft.dev\/spasante\/produit\/vivier-grenzcine-yeux-15-ml\/"]}]},{"@type":"ImageObject","inLanguage":"fr-CA","@id":"https:\/\/publissoft.dev\/spasante\/produit\/vivier-grenzcine-yeux-15-ml\/#primaryimage","url":"https:\/\/publissoft.dev\/spasante\/wp-content\/uploads\/2023\/10\/Capture-decran-le-2023-10-09-a-08.59.35.png","contentUrl":"https:\/\/publissoft.dev\/spasante\/wp-content\/uploads\/2023\/10\/Capture-decran-le-2023-10-09-a-08.59.35.png","width":382,"height":822},{"@type":"BreadcrumbList","@id":"https:\/\/publissoft.dev\/spasante\/produit\/vivier-grenzcine-yeux-15-ml\/#breadcrumb","itemListElement":[{"@type":"ListItem","position":1,"name":"Accueil","item":"https:\/\/publissoft.dev\/spasante\/"},{"@type":"ListItem","position":2,"name":"Boutique","item":"https:\/\/publissoft.dev\/spasante\/boutique\/"},{"@type":"ListItem","position":3,"name":"Vivier &#8211; GrenzCine yeux 15 ml"}]},{"@type":"WebSite","@id":"https:\/\/publissoft.dev\/spasante\/#website","url":"https:\/\/publissoft.dev\/spasante\/","name":"Spa Sant\u00e9 Le N\u00e9nuphar","description":"","publisher":{"@id":"https:\/\/publissoft.dev\/spasante\/#organization"},"potentialAction":[{"@type":"SearchAction","target":{"@type":"EntryPoint","urlTemplate":"https:\/\/publissoft.dev\/spasante\/?s={search_term_string}"},"query-input":"required name=search_term_string"}],"inLanguage":"fr-CA"},{"@type":"Organization","@id":"https:\/\/publissoft.dev\/spasante\/#organization","name":"Spa Sant\u00e9 Le N\u00e9nuphar","url":"https:\/\/publissoft.dev\/spasante\/","logo":{"@type":"ImageObject","inLanguage":"fr-CA","@id":"https:\/\/publissoft.dev\/spasante\/#\/schema\/logo\/image\/","url":"https:\/\/publissoft.dev\/spasante\/wp-content\/uploads\/2022\/11\/logo-jpg.jpeg","contentUrl":"https:\/\/publissoft.dev\/spasante\/wp-content\/uploads\/2022\/11\/logo-jpg.jpeg","width":900,"height":900,"caption":"Spa Sant\u00e9 Le N\u00e9nuphar"},"image":{"@id":"https:\/\/publissoft.dev\/spasante\/#\/schema\/logo\/image\/"},"sameAs":["https:\/\/www.facebook.com\/SpaSanteLeNenuphar","https:\/\/www.instagram.com\/spasantelenenuphar\/?hl=fr"]}]}},"_links":{"self":[{"href":"https:\/\/publissoft.dev\/spasante\/wp-json\/wp\/v2\/product\/5956","targetHints":{"allow":["GET"]}}],"collection":[{"href":"https:\/\/publissoft.dev\/spasante\/wp-json\/wp\/v2\/product"}],"about":[{"href":"https:\/\/publissoft.dev\/spasante\/wp-json\/wp\/v2\/types\/product"}],"wp:featuredmedia":[{"embeddable":true,"href":"https:\/\/publissoft.dev\/spasante\/wp-json\/wp\/v2\/media\/5957"}],"wp:attachment":[{"href":"https:\/\/publissoft.dev\/spasante\/wp-json\/wp\/v2\/media?parent=5956"}],"wp:term":[{"taxonomy":"product_cat","embeddable":true,"href":"https:\/\/publissoft.dev\/spasante\/wp-json\/wp\/v2\/product_cat?post=5956"},{"taxonomy":"product_tag","embeddable":true,"href":"https:\/\/publissoft.dev\/spasante\/wp-json\/wp\/v2\/product_tag?post=5956"},{"taxonomy":"giftcard-category","embeddable":true,"href":"https:\/\/publissoft.dev\/spasante\/wp-json\/wp\/v2\/giftcard-category?post=5956"}],"curies":[{"name":"wp","href":"https:\/\/api.w.org\/{rel}","templated":true}]}}