{"id":6001,"date":"2023-10-09T10:58:08","date_gmt":"2023-10-09T14:58:08","guid":{"rendered":"https:\/\/publissoft.dev\/spasante\/?post_type=product&#038;p=6001"},"modified":"2024-03-27T09:55:12","modified_gmt":"2024-03-27T13:55:12","slug":"vivier-retinol-0-5-30-ml","status":"publish","type":"product","link":"https:\/\/publissoft.dev\/spasante\/produit\/vivier-retinol-0-5-30-ml\/","title":{"rendered":"Vivier &#8211; Retinol 0.5% 30 ml"},"content":{"rendered":"<p>Description:<\/p>\n<p>Un complexe de r\u00e9tinol puissant, mais doux con\u00e7u pour cibler les probl\u00e8mes de peau mod\u00e9r\u00e9s. Notre formule utilise la technologie de pointe Poly-Pore\u00ae*, pour encapsuler notre r\u00e9tinol pur \u00e0 haute puissance et le lib\u00e9rer doucement dans le temps pour r\u00e9duire visiblement l\u2019apparence des rides et ridules, am\u00e9liorer le teint et la texture de la peau, et r\u00e9duire les \u00e9ruptions cutan\u00e9es, sans l&#8217;irritation et les rougeurs souvent associ\u00e9es aux produits \u00e0 base de r\u00e9tinol. Sp\u00e9cialement formul\u00e9 avec de puissants ingr\u00e9dients compl\u00e9mentaires, soit des vitamines C et E, pour maximiser les r\u00e9sultats, et du squalane, pour amplifier l\u2019hydratation et r\u00e9duire l\u2019irritation et les rougeurs. Les nouvelles cellules cutan\u00e9es remontent \u00e0 la surface et la production de collag\u00e8ne est stimul\u00e9e pour donner \u00e0 la peau un aspect plus rebondi, plus lisse et plus \u00e9clatant.<\/p>\n<p>Pour tous les types de peau, pour le maintien des r\u00e9sultats et pour les peaux qui ont \u00e9t\u00e9 pr\u00e9par\u00e9es avec le Retinol 0.3%.<\/p>\n<p>&nbsp;<\/p>\n<p>Utilisation:<\/p>\n<p>*Vous \u00eates novice en r\u00e9tinol ou vous avez la peau sensible ? Commencez par utiliser le Complexe r\u00e9tinol SR 0,3 % de Vivier pour bien pr\u00e9parer la peau.<\/p>\n<p>Nettoyez et tonifiez votre visage et appliquez vos s\u00e9rum l\u00e9ger avant l&#8217;utilisation. Appliquez une couche fine de Retinol 0.5% sur le visage, le cou et le d\u00e9collet\u00e9. Compl\u00e9tez votre routine avec une cr\u00e8me hydratante si d\u00e9sir\u00e9. L&#8217;utilisation quotidienne d&#8217;un FPS 30 ou plus est essentielle car l&#8217;utilisation de r\u00e9tinol rend naturellement la peau plus sensible au soleil..<\/p>\n<div class=\"usage-details-wrapper\">\n<h6><\/h6>\n<h6>*D\u00c9TAILS<\/h6>\n<p>Pour r\u00e9duire le risque de s\u00e9cheresse ou de rougeur initiale, nous sugg\u00e9rons de commencer par une application, une ou deux fois par semaine, puis d&#8217;augmenter graduellement la fr\u00e9quence jusqu&#8217;\u00e0 tous les soirs, selon la tol\u00e9rance de votre peau.<\/p>\n<p>Nous recommandons de passer au Vivier Retinol 1 % \u00e0 la fin de votre premier tube si l&#8217;application quotidienne est bien tol\u00e9r\u00e9e et que vous recherchez des r\u00e9sultats avanc\u00e9s<\/p>\n<\/div>\n","protected":false},"excerpt":{"rendered":"<p>Description: Un complexe de r\u00e9tinol puissant, mais doux con\u00e7u pour cibler les probl\u00e8mes de peau mod\u00e9r\u00e9s. Notre formule utilise la technologie de pointe Poly-Pore\u00ae*, pour encapsuler notre r\u00e9tinol pur \u00e0 haute puissance et le lib\u00e9rer doucement dans le temps pour r\u00e9duire visiblement l\u2019apparence des rides et ridules, am\u00e9liorer le teint et la texture de la &hellip;<\/p>\n","protected":false},"featured_media":6002,"template":"","meta":{"_acf_changed":false,"_genesis_hide_title":false,"_genesis_hide_breadcrumbs":false,"_genesis_hide_singular_image":false,"_genesis_hide_footer_widgets":false,"_genesis_custom_body_class":"","_genesis_custom_post_class":"","_genesis_layout":""},"product_cat":[37,87],"product_tag":[],"giftcard-category":[],"class_list":{"0":"post-6001","1":"product","2":"type-product","3":"status-publish","4":"has-post-thumbnail","6":"product_cat-produits","7":"product_cat-vivier","8":"entry","10":"first","11":"instock","12":"taxable","13":"shipping-taxable","14":"purchasable","15":"product-type-simple"},"acf":[],"yoast_head":"<!-- This site is optimized with the Yoast SEO plugin v22.5 - https:\/\/yoast.com\/wordpress\/plugins\/seo\/ -->\n<title>Vivier - Retinol 0.5% 30 ml - Spa Sant\u00e9 Le N\u00e9nuphar<\/title>\n<meta name=\"robots\" content=\"noindex, follow, max-snippet:-1, max-image-preview:large, max-video-preview:-1\" \/>\n<meta property=\"og:locale\" content=\"fr_CA\" \/>\n<meta property=\"og:type\" content=\"article\" \/>\n<meta property=\"og:title\" content=\"Vivier - Retinol 0.5% 30 ml - Spa Sant\u00e9 Le N\u00e9nuphar\" \/>\n<meta property=\"og:description\" content=\"Description: Un complexe de r\u00e9tinol puissant, mais doux con\u00e7u pour cibler les probl\u00e8mes de peau mod\u00e9r\u00e9s. Notre formule utilise la technologie de pointe Poly-Pore\u00ae*, pour encapsuler notre r\u00e9tinol pur \u00e0 haute puissance et le lib\u00e9rer doucement dans le temps pour r\u00e9duire visiblement l\u2019apparence des rides et ridules, am\u00e9liorer le teint et la texture de la &hellip;\" \/>\n<meta property=\"og:url\" content=\"https:\/\/publissoft.dev\/spasante\/produit\/vivier-retinol-0-5-30-ml\/\" \/>\n<meta property=\"og:site_name\" content=\"Spa Sant\u00e9 Le N\u00e9nuphar\" \/>\n<meta property=\"article:publisher\" content=\"https:\/\/www.facebook.com\/SpaSanteLeNenuphar\" \/>\n<meta property=\"article:modified_time\" content=\"2024-03-27T13:55:12+00:00\" \/>\n<meta property=\"og:image\" content=\"https:\/\/publissoft.dev\/spasante\/wp-content\/uploads\/2023\/10\/Capture-decran-le-2023-10-09-a-10.57.25.png\" \/>\n\t<meta property=\"og:image:width\" content=\"424\" \/>\n\t<meta property=\"og:image:height\" content=\"784\" \/>\n\t<meta property=\"og:image:type\" content=\"image\/png\" \/>\n<meta name=\"twitter:card\" content=\"summary_large_image\" \/>\n<meta name=\"twitter:label1\" content=\"Estimation du temps de lecture\" \/>\n\t<meta name=\"twitter:data1\" content=\"2 minutes\" \/>\n<script type=\"application\/ld+json\" class=\"yoast-schema-graph\">{\"@context\":\"https:\/\/schema.org\",\"@graph\":[{\"@type\":\"WebPage\",\"@id\":\"https:\/\/publissoft.dev\/spasante\/produit\/vivier-retinol-0-5-30-ml\/\",\"url\":\"https:\/\/publissoft.dev\/spasante\/produit\/vivier-retinol-0-5-30-ml\/\",\"name\":\"Vivier - Retinol 0.5% 30 ml - Spa Sant\u00e9 Le N\u00e9nuphar\",\"isPartOf\":{\"@id\":\"https:\/\/publissoft.dev\/spasante\/#website\"},\"primaryImageOfPage\":{\"@id\":\"https:\/\/publissoft.dev\/spasante\/produit\/vivier-retinol-0-5-30-ml\/#primaryimage\"},\"image\":{\"@id\":\"https:\/\/publissoft.dev\/spasante\/produit\/vivier-retinol-0-5-30-ml\/#primaryimage\"},\"thumbnailUrl\":\"https:\/\/publissoft.dev\/spasante\/wp-content\/uploads\/2023\/10\/Capture-decran-le-2023-10-09-a-10.57.25.png\",\"datePublished\":\"2023-10-09T14:58:08+00:00\",\"dateModified\":\"2024-03-27T13:55:12+00:00\",\"breadcrumb\":{\"@id\":\"https:\/\/publissoft.dev\/spasante\/produit\/vivier-retinol-0-5-30-ml\/#breadcrumb\"},\"inLanguage\":\"fr-CA\",\"potentialAction\":[{\"@type\":\"ReadAction\",\"target\":[\"https:\/\/publissoft.dev\/spasante\/produit\/vivier-retinol-0-5-30-ml\/\"]}]},{\"@type\":\"ImageObject\",\"inLanguage\":\"fr-CA\",\"@id\":\"https:\/\/publissoft.dev\/spasante\/produit\/vivier-retinol-0-5-30-ml\/#primaryimage\",\"url\":\"https:\/\/publissoft.dev\/spasante\/wp-content\/uploads\/2023\/10\/Capture-decran-le-2023-10-09-a-10.57.25.png\",\"contentUrl\":\"https:\/\/publissoft.dev\/spasante\/wp-content\/uploads\/2023\/10\/Capture-decran-le-2023-10-09-a-10.57.25.png\",\"width\":424,\"height\":784},{\"@type\":\"BreadcrumbList\",\"@id\":\"https:\/\/publissoft.dev\/spasante\/produit\/vivier-retinol-0-5-30-ml\/#breadcrumb\",\"itemListElement\":[{\"@type\":\"ListItem\",\"position\":1,\"name\":\"Accueil\",\"item\":\"https:\/\/publissoft.dev\/spasante\/\"},{\"@type\":\"ListItem\",\"position\":2,\"name\":\"Boutique\",\"item\":\"https:\/\/publissoft.dev\/spasante\/boutique\/\"},{\"@type\":\"ListItem\",\"position\":3,\"name\":\"Vivier &#8211; Retinol 0.5% 30 ml\"}]},{\"@type\":\"WebSite\",\"@id\":\"https:\/\/publissoft.dev\/spasante\/#website\",\"url\":\"https:\/\/publissoft.dev\/spasante\/\",\"name\":\"Spa Sant\u00e9 Le N\u00e9nuphar\",\"description\":\"\",\"publisher\":{\"@id\":\"https:\/\/publissoft.dev\/spasante\/#organization\"},\"potentialAction\":[{\"@type\":\"SearchAction\",\"target\":{\"@type\":\"EntryPoint\",\"urlTemplate\":\"https:\/\/publissoft.dev\/spasante\/?s={search_term_string}\"},\"query-input\":\"required name=search_term_string\"}],\"inLanguage\":\"fr-CA\"},{\"@type\":\"Organization\",\"@id\":\"https:\/\/publissoft.dev\/spasante\/#organization\",\"name\":\"Spa Sant\u00e9 Le N\u00e9nuphar\",\"url\":\"https:\/\/publissoft.dev\/spasante\/\",\"logo\":{\"@type\":\"ImageObject\",\"inLanguage\":\"fr-CA\",\"@id\":\"https:\/\/publissoft.dev\/spasante\/#\/schema\/logo\/image\/\",\"url\":\"https:\/\/publissoft.dev\/spasante\/wp-content\/uploads\/2022\/11\/logo-jpg.jpeg\",\"contentUrl\":\"https:\/\/publissoft.dev\/spasante\/wp-content\/uploads\/2022\/11\/logo-jpg.jpeg\",\"width\":900,\"height\":900,\"caption\":\"Spa Sant\u00e9 Le N\u00e9nuphar\"},\"image\":{\"@id\":\"https:\/\/publissoft.dev\/spasante\/#\/schema\/logo\/image\/\"},\"sameAs\":[\"https:\/\/www.facebook.com\/SpaSanteLeNenuphar\",\"https:\/\/www.instagram.com\/spasantelenenuphar\/?hl=fr\"]}]}<\/script>\n<!-- \/ Yoast SEO plugin. -->","yoast_head_json":{"title":"Vivier - Retinol 0.5% 30 ml - Spa Sant\u00e9 Le N\u00e9nuphar","robots":{"index":"noindex","follow":"follow","max-snippet":"max-snippet:-1","max-image-preview":"max-image-preview:large","max-video-preview":"max-video-preview:-1"},"og_locale":"fr_CA","og_type":"article","og_title":"Vivier - Retinol 0.5% 30 ml - Spa Sant\u00e9 Le N\u00e9nuphar","og_description":"Description: Un complexe de r\u00e9tinol puissant, mais doux con\u00e7u pour cibler les probl\u00e8mes de peau mod\u00e9r\u00e9s. Notre formule utilise la technologie de pointe Poly-Pore\u00ae*, pour encapsuler notre r\u00e9tinol pur \u00e0 haute puissance et le lib\u00e9rer doucement dans le temps pour r\u00e9duire visiblement l\u2019apparence des rides et ridules, am\u00e9liorer le teint et la texture de la &hellip;","og_url":"https:\/\/publissoft.dev\/spasante\/produit\/vivier-retinol-0-5-30-ml\/","og_site_name":"Spa Sant\u00e9 Le N\u00e9nuphar","article_publisher":"https:\/\/www.facebook.com\/SpaSanteLeNenuphar","article_modified_time":"2024-03-27T13:55:12+00:00","og_image":[{"width":424,"height":784,"url":"https:\/\/publissoft.dev\/spasante\/wp-content\/uploads\/2023\/10\/Capture-decran-le-2023-10-09-a-10.57.25.png","type":"image\/png"}],"twitter_card":"summary_large_image","twitter_misc":{"Estimation du temps de lecture":"2 minutes"},"schema":{"@context":"https:\/\/schema.org","@graph":[{"@type":"WebPage","@id":"https:\/\/publissoft.dev\/spasante\/produit\/vivier-retinol-0-5-30-ml\/","url":"https:\/\/publissoft.dev\/spasante\/produit\/vivier-retinol-0-5-30-ml\/","name":"Vivier - Retinol 0.5% 30 ml - Spa Sant\u00e9 Le N\u00e9nuphar","isPartOf":{"@id":"https:\/\/publissoft.dev\/spasante\/#website"},"primaryImageOfPage":{"@id":"https:\/\/publissoft.dev\/spasante\/produit\/vivier-retinol-0-5-30-ml\/#primaryimage"},"image":{"@id":"https:\/\/publissoft.dev\/spasante\/produit\/vivier-retinol-0-5-30-ml\/#primaryimage"},"thumbnailUrl":"https:\/\/publissoft.dev\/spasante\/wp-content\/uploads\/2023\/10\/Capture-decran-le-2023-10-09-a-10.57.25.png","datePublished":"2023-10-09T14:58:08+00:00","dateModified":"2024-03-27T13:55:12+00:00","breadcrumb":{"@id":"https:\/\/publissoft.dev\/spasante\/produit\/vivier-retinol-0-5-30-ml\/#breadcrumb"},"inLanguage":"fr-CA","potentialAction":[{"@type":"ReadAction","target":["https:\/\/publissoft.dev\/spasante\/produit\/vivier-retinol-0-5-30-ml\/"]}]},{"@type":"ImageObject","inLanguage":"fr-CA","@id":"https:\/\/publissoft.dev\/spasante\/produit\/vivier-retinol-0-5-30-ml\/#primaryimage","url":"https:\/\/publissoft.dev\/spasante\/wp-content\/uploads\/2023\/10\/Capture-decran-le-2023-10-09-a-10.57.25.png","contentUrl":"https:\/\/publissoft.dev\/spasante\/wp-content\/uploads\/2023\/10\/Capture-decran-le-2023-10-09-a-10.57.25.png","width":424,"height":784},{"@type":"BreadcrumbList","@id":"https:\/\/publissoft.dev\/spasante\/produit\/vivier-retinol-0-5-30-ml\/#breadcrumb","itemListElement":[{"@type":"ListItem","position":1,"name":"Accueil","item":"https:\/\/publissoft.dev\/spasante\/"},{"@type":"ListItem","position":2,"name":"Boutique","item":"https:\/\/publissoft.dev\/spasante\/boutique\/"},{"@type":"ListItem","position":3,"name":"Vivier &#8211; Retinol 0.5% 30 ml"}]},{"@type":"WebSite","@id":"https:\/\/publissoft.dev\/spasante\/#website","url":"https:\/\/publissoft.dev\/spasante\/","name":"Spa Sant\u00e9 Le N\u00e9nuphar","description":"","publisher":{"@id":"https:\/\/publissoft.dev\/spasante\/#organization"},"potentialAction":[{"@type":"SearchAction","target":{"@type":"EntryPoint","urlTemplate":"https:\/\/publissoft.dev\/spasante\/?s={search_term_string}"},"query-input":"required name=search_term_string"}],"inLanguage":"fr-CA"},{"@type":"Organization","@id":"https:\/\/publissoft.dev\/spasante\/#organization","name":"Spa Sant\u00e9 Le N\u00e9nuphar","url":"https:\/\/publissoft.dev\/spasante\/","logo":{"@type":"ImageObject","inLanguage":"fr-CA","@id":"https:\/\/publissoft.dev\/spasante\/#\/schema\/logo\/image\/","url":"https:\/\/publissoft.dev\/spasante\/wp-content\/uploads\/2022\/11\/logo-jpg.jpeg","contentUrl":"https:\/\/publissoft.dev\/spasante\/wp-content\/uploads\/2022\/11\/logo-jpg.jpeg","width":900,"height":900,"caption":"Spa Sant\u00e9 Le N\u00e9nuphar"},"image":{"@id":"https:\/\/publissoft.dev\/spasante\/#\/schema\/logo\/image\/"},"sameAs":["https:\/\/www.facebook.com\/SpaSanteLeNenuphar","https:\/\/www.instagram.com\/spasantelenenuphar\/?hl=fr"]}]}},"_links":{"self":[{"href":"https:\/\/publissoft.dev\/spasante\/wp-json\/wp\/v2\/product\/6001","targetHints":{"allow":["GET"]}}],"collection":[{"href":"https:\/\/publissoft.dev\/spasante\/wp-json\/wp\/v2\/product"}],"about":[{"href":"https:\/\/publissoft.dev\/spasante\/wp-json\/wp\/v2\/types\/product"}],"wp:featuredmedia":[{"embeddable":true,"href":"https:\/\/publissoft.dev\/spasante\/wp-json\/wp\/v2\/media\/6002"}],"wp:attachment":[{"href":"https:\/\/publissoft.dev\/spasante\/wp-json\/wp\/v2\/media?parent=6001"}],"wp:term":[{"taxonomy":"product_cat","embeddable":true,"href":"https:\/\/publissoft.dev\/spasante\/wp-json\/wp\/v2\/product_cat?post=6001"},{"taxonomy":"product_tag","embeddable":true,"href":"https:\/\/publissoft.dev\/spasante\/wp-json\/wp\/v2\/product_tag?post=6001"},{"taxonomy":"giftcard-category","embeddable":true,"href":"https:\/\/publissoft.dev\/spasante\/wp-json\/wp\/v2\/giftcard-category?post=6001"}],"curies":[{"name":"wp","href":"https:\/\/api.w.org\/{rel}","templated":true}]}}