{"id":6005,"date":"2023-10-09T11:03:20","date_gmt":"2023-10-09T15:03:20","guid":{"rendered":"https:\/\/publissoft.dev\/spasante\/?post_type=product&#038;p=6005"},"modified":"2023-10-09T11:03:21","modified_gmt":"2023-10-09T15:03:21","slug":"vivier-c-e-peptides-30-ml","status":"publish","type":"product","link":"https:\/\/publissoft.dev\/spasante\/produit\/vivier-c-e-peptides-30-ml\/","title":{"rendered":"Vivier &#8211; C E PEPTIDES 30 ml"},"content":{"rendered":"<p>Description:<\/p>\n<p>Un puissant s\u00e9rum antioxydant polyvalent con\u00e7u pour cibler les signes de vieillissement et r\u00e9duire les autres signes du vieillissement. Ce s\u00e9rum best-seller contient 10% de vitamine C, de vitamine E et une combinaison de 3 peptides exclusifs pour prot\u00e9ger, corriger,\u00e9claircir et nourrir la peau. Les ridules sont liss\u00e9es et la peau est douce, \u00e9clatante et hydrat\u00e9e.<\/p>\n<p>Pour peaux normales \u00e0 s\u00e8ches.<\/p>\n<p>&nbsp;<\/p>\n<p>Utilisation:<\/p>\n<p>Nettoyez et tonifiez votre visage avant de l&#8217;utiliser. D\u00e9posez 2 \u00e0 3 gouttes de C E PEPTIDES dans la paume de votre main et appliquez avec le bout des doigts une fine couche sur le visage, le cou, le d\u00e9collet\u00e9 et le dos des mains, comme vous le souhaitez, une ou deux fois par jour. Faites suivre de votre r\u00e9tinol ou d&#8217;autres produits cibles, d&#8217;une cr\u00e8me hydratante et un \u00e9cran solaire si d\u00e9sir\u00e9.<\/p>\n","protected":false},"excerpt":{"rendered":"<p>Description: Un puissant s\u00e9rum antioxydant polyvalent con\u00e7u pour cibler les signes de vieillissement et r\u00e9duire les autres signes du vieillissement. Ce s\u00e9rum best-seller contient 10% de vitamine C, de vitamine E et une combinaison de 3 peptides exclusifs pour prot\u00e9ger, corriger,\u00e9claircir et nourrir la peau. Les ridules sont liss\u00e9es et la peau est douce, \u00e9clatante &hellip;<\/p>\n","protected":false},"featured_media":6006,"template":"","meta":{"_acf_changed":false,"_genesis_hide_title":false,"_genesis_hide_breadcrumbs":false,"_genesis_hide_singular_image":false,"_genesis_hide_footer_widgets":false,"_genesis_custom_body_class":"","_genesis_custom_post_class":"","_genesis_layout":""},"product_cat":[37,87],"product_tag":[],"giftcard-category":[],"class_list":{"0":"post-6005","1":"product","2":"type-product","3":"status-publish","4":"has-post-thumbnail","6":"product_cat-produits","7":"product_cat-vivier","8":"entry","10":"first","11":"instock","12":"taxable","13":"shipping-taxable","14":"purchasable","15":"product-type-simple"},"acf":[],"yoast_head":"<!-- This site is optimized with the Yoast SEO plugin v22.5 - https:\/\/yoast.com\/wordpress\/plugins\/seo\/ -->\n<title>Vivier - C E PEPTIDES 30 ml - Spa Sant\u00e9 Le N\u00e9nuphar<\/title>\n<meta name=\"robots\" content=\"noindex, follow, max-snippet:-1, max-image-preview:large, max-video-preview:-1\" \/>\n<meta property=\"og:locale\" content=\"fr_CA\" \/>\n<meta property=\"og:type\" content=\"article\" \/>\n<meta property=\"og:title\" content=\"Vivier - C E PEPTIDES 30 ml - Spa Sant\u00e9 Le N\u00e9nuphar\" \/>\n<meta property=\"og:description\" content=\"Description: Un puissant s\u00e9rum antioxydant polyvalent con\u00e7u pour cibler les signes de vieillissement et r\u00e9duire les autres signes du vieillissement. Ce s\u00e9rum best-seller contient 10% de vitamine C, de vitamine E et une combinaison de 3 peptides exclusifs pour prot\u00e9ger, corriger,\u00e9claircir et nourrir la peau. Les ridules sont liss\u00e9es et la peau est douce, \u00e9clatante &hellip;\" \/>\n<meta property=\"og:url\" content=\"https:\/\/publissoft.dev\/spasante\/produit\/vivier-c-e-peptides-30-ml\/\" \/>\n<meta property=\"og:site_name\" content=\"Spa Sant\u00e9 Le N\u00e9nuphar\" \/>\n<meta property=\"article:publisher\" content=\"https:\/\/www.facebook.com\/SpaSanteLeNenuphar\" \/>\n<meta property=\"article:modified_time\" content=\"2023-10-09T15:03:21+00:00\" \/>\n<meta property=\"og:image\" content=\"https:\/\/publissoft.dev\/spasante\/wp-content\/uploads\/2023\/10\/Capture-decran-le-2023-10-09-a-11.01.56.png\" \/>\n\t<meta property=\"og:image:width\" content=\"576\" \/>\n\t<meta property=\"og:image:height\" content=\"842\" \/>\n\t<meta property=\"og:image:type\" content=\"image\/png\" \/>\n<meta name=\"twitter:card\" content=\"summary_large_image\" \/>\n<meta name=\"twitter:label1\" content=\"Estimation du temps de lecture\" \/>\n\t<meta name=\"twitter:data1\" content=\"1 minute\" \/>\n<script type=\"application\/ld+json\" class=\"yoast-schema-graph\">{\"@context\":\"https:\/\/schema.org\",\"@graph\":[{\"@type\":\"WebPage\",\"@id\":\"https:\/\/publissoft.dev\/spasante\/produit\/vivier-c-e-peptides-30-ml\/\",\"url\":\"https:\/\/publissoft.dev\/spasante\/produit\/vivier-c-e-peptides-30-ml\/\",\"name\":\"Vivier - C E PEPTIDES 30 ml - Spa Sant\u00e9 Le N\u00e9nuphar\",\"isPartOf\":{\"@id\":\"https:\/\/publissoft.dev\/spasante\/#website\"},\"primaryImageOfPage\":{\"@id\":\"https:\/\/publissoft.dev\/spasante\/produit\/vivier-c-e-peptides-30-ml\/#primaryimage\"},\"image\":{\"@id\":\"https:\/\/publissoft.dev\/spasante\/produit\/vivier-c-e-peptides-30-ml\/#primaryimage\"},\"thumbnailUrl\":\"https:\/\/publissoft.dev\/spasante\/wp-content\/uploads\/2023\/10\/Capture-decran-le-2023-10-09-a-11.01.56.png\",\"datePublished\":\"2023-10-09T15:03:20+00:00\",\"dateModified\":\"2023-10-09T15:03:21+00:00\",\"breadcrumb\":{\"@id\":\"https:\/\/publissoft.dev\/spasante\/produit\/vivier-c-e-peptides-30-ml\/#breadcrumb\"},\"inLanguage\":\"fr-CA\",\"potentialAction\":[{\"@type\":\"ReadAction\",\"target\":[\"https:\/\/publissoft.dev\/spasante\/produit\/vivier-c-e-peptides-30-ml\/\"]}]},{\"@type\":\"ImageObject\",\"inLanguage\":\"fr-CA\",\"@id\":\"https:\/\/publissoft.dev\/spasante\/produit\/vivier-c-e-peptides-30-ml\/#primaryimage\",\"url\":\"https:\/\/publissoft.dev\/spasante\/wp-content\/uploads\/2023\/10\/Capture-decran-le-2023-10-09-a-11.01.56.png\",\"contentUrl\":\"https:\/\/publissoft.dev\/spasante\/wp-content\/uploads\/2023\/10\/Capture-decran-le-2023-10-09-a-11.01.56.png\",\"width\":576,\"height\":842},{\"@type\":\"BreadcrumbList\",\"@id\":\"https:\/\/publissoft.dev\/spasante\/produit\/vivier-c-e-peptides-30-ml\/#breadcrumb\",\"itemListElement\":[{\"@type\":\"ListItem\",\"position\":1,\"name\":\"Accueil\",\"item\":\"https:\/\/publissoft.dev\/spasante\/\"},{\"@type\":\"ListItem\",\"position\":2,\"name\":\"Boutique\",\"item\":\"https:\/\/publissoft.dev\/spasante\/boutique\/\"},{\"@type\":\"ListItem\",\"position\":3,\"name\":\"Vivier &#8211; C E PEPTIDES 30 ml\"}]},{\"@type\":\"WebSite\",\"@id\":\"https:\/\/publissoft.dev\/spasante\/#website\",\"url\":\"https:\/\/publissoft.dev\/spasante\/\",\"name\":\"Spa Sant\u00e9 Le N\u00e9nuphar\",\"description\":\"\",\"publisher\":{\"@id\":\"https:\/\/publissoft.dev\/spasante\/#organization\"},\"potentialAction\":[{\"@type\":\"SearchAction\",\"target\":{\"@type\":\"EntryPoint\",\"urlTemplate\":\"https:\/\/publissoft.dev\/spasante\/?s={search_term_string}\"},\"query-input\":\"required name=search_term_string\"}],\"inLanguage\":\"fr-CA\"},{\"@type\":\"Organization\",\"@id\":\"https:\/\/publissoft.dev\/spasante\/#organization\",\"name\":\"Spa Sant\u00e9 Le N\u00e9nuphar\",\"url\":\"https:\/\/publissoft.dev\/spasante\/\",\"logo\":{\"@type\":\"ImageObject\",\"inLanguage\":\"fr-CA\",\"@id\":\"https:\/\/publissoft.dev\/spasante\/#\/schema\/logo\/image\/\",\"url\":\"https:\/\/publissoft.dev\/spasante\/wp-content\/uploads\/2022\/11\/logo-jpg.jpeg\",\"contentUrl\":\"https:\/\/publissoft.dev\/spasante\/wp-content\/uploads\/2022\/11\/logo-jpg.jpeg\",\"width\":900,\"height\":900,\"caption\":\"Spa Sant\u00e9 Le N\u00e9nuphar\"},\"image\":{\"@id\":\"https:\/\/publissoft.dev\/spasante\/#\/schema\/logo\/image\/\"},\"sameAs\":[\"https:\/\/www.facebook.com\/SpaSanteLeNenuphar\",\"https:\/\/www.instagram.com\/spasantelenenuphar\/?hl=fr\"]}]}<\/script>\n<!-- \/ Yoast SEO plugin. -->","yoast_head_json":{"title":"Vivier - C E PEPTIDES 30 ml - Spa Sant\u00e9 Le N\u00e9nuphar","robots":{"index":"noindex","follow":"follow","max-snippet":"max-snippet:-1","max-image-preview":"max-image-preview:large","max-video-preview":"max-video-preview:-1"},"og_locale":"fr_CA","og_type":"article","og_title":"Vivier - C E PEPTIDES 30 ml - Spa Sant\u00e9 Le N\u00e9nuphar","og_description":"Description: Un puissant s\u00e9rum antioxydant polyvalent con\u00e7u pour cibler les signes de vieillissement et r\u00e9duire les autres signes du vieillissement. Ce s\u00e9rum best-seller contient 10% de vitamine C, de vitamine E et une combinaison de 3 peptides exclusifs pour prot\u00e9ger, corriger,\u00e9claircir et nourrir la peau. Les ridules sont liss\u00e9es et la peau est douce, \u00e9clatante &hellip;","og_url":"https:\/\/publissoft.dev\/spasante\/produit\/vivier-c-e-peptides-30-ml\/","og_site_name":"Spa Sant\u00e9 Le N\u00e9nuphar","article_publisher":"https:\/\/www.facebook.com\/SpaSanteLeNenuphar","article_modified_time":"2023-10-09T15:03:21+00:00","og_image":[{"width":576,"height":842,"url":"https:\/\/publissoft.dev\/spasante\/wp-content\/uploads\/2023\/10\/Capture-decran-le-2023-10-09-a-11.01.56.png","type":"image\/png"}],"twitter_card":"summary_large_image","twitter_misc":{"Estimation du temps de lecture":"1 minute"},"schema":{"@context":"https:\/\/schema.org","@graph":[{"@type":"WebPage","@id":"https:\/\/publissoft.dev\/spasante\/produit\/vivier-c-e-peptides-30-ml\/","url":"https:\/\/publissoft.dev\/spasante\/produit\/vivier-c-e-peptides-30-ml\/","name":"Vivier - C E PEPTIDES 30 ml - Spa Sant\u00e9 Le N\u00e9nuphar","isPartOf":{"@id":"https:\/\/publissoft.dev\/spasante\/#website"},"primaryImageOfPage":{"@id":"https:\/\/publissoft.dev\/spasante\/produit\/vivier-c-e-peptides-30-ml\/#primaryimage"},"image":{"@id":"https:\/\/publissoft.dev\/spasante\/produit\/vivier-c-e-peptides-30-ml\/#primaryimage"},"thumbnailUrl":"https:\/\/publissoft.dev\/spasante\/wp-content\/uploads\/2023\/10\/Capture-decran-le-2023-10-09-a-11.01.56.png","datePublished":"2023-10-09T15:03:20+00:00","dateModified":"2023-10-09T15:03:21+00:00","breadcrumb":{"@id":"https:\/\/publissoft.dev\/spasante\/produit\/vivier-c-e-peptides-30-ml\/#breadcrumb"},"inLanguage":"fr-CA","potentialAction":[{"@type":"ReadAction","target":["https:\/\/publissoft.dev\/spasante\/produit\/vivier-c-e-peptides-30-ml\/"]}]},{"@type":"ImageObject","inLanguage":"fr-CA","@id":"https:\/\/publissoft.dev\/spasante\/produit\/vivier-c-e-peptides-30-ml\/#primaryimage","url":"https:\/\/publissoft.dev\/spasante\/wp-content\/uploads\/2023\/10\/Capture-decran-le-2023-10-09-a-11.01.56.png","contentUrl":"https:\/\/publissoft.dev\/spasante\/wp-content\/uploads\/2023\/10\/Capture-decran-le-2023-10-09-a-11.01.56.png","width":576,"height":842},{"@type":"BreadcrumbList","@id":"https:\/\/publissoft.dev\/spasante\/produit\/vivier-c-e-peptides-30-ml\/#breadcrumb","itemListElement":[{"@type":"ListItem","position":1,"name":"Accueil","item":"https:\/\/publissoft.dev\/spasante\/"},{"@type":"ListItem","position":2,"name":"Boutique","item":"https:\/\/publissoft.dev\/spasante\/boutique\/"},{"@type":"ListItem","position":3,"name":"Vivier &#8211; C E PEPTIDES 30 ml"}]},{"@type":"WebSite","@id":"https:\/\/publissoft.dev\/spasante\/#website","url":"https:\/\/publissoft.dev\/spasante\/","name":"Spa Sant\u00e9 Le N\u00e9nuphar","description":"","publisher":{"@id":"https:\/\/publissoft.dev\/spasante\/#organization"},"potentialAction":[{"@type":"SearchAction","target":{"@type":"EntryPoint","urlTemplate":"https:\/\/publissoft.dev\/spasante\/?s={search_term_string}"},"query-input":"required name=search_term_string"}],"inLanguage":"fr-CA"},{"@type":"Organization","@id":"https:\/\/publissoft.dev\/spasante\/#organization","name":"Spa Sant\u00e9 Le N\u00e9nuphar","url":"https:\/\/publissoft.dev\/spasante\/","logo":{"@type":"ImageObject","inLanguage":"fr-CA","@id":"https:\/\/publissoft.dev\/spasante\/#\/schema\/logo\/image\/","url":"https:\/\/publissoft.dev\/spasante\/wp-content\/uploads\/2022\/11\/logo-jpg.jpeg","contentUrl":"https:\/\/publissoft.dev\/spasante\/wp-content\/uploads\/2022\/11\/logo-jpg.jpeg","width":900,"height":900,"caption":"Spa Sant\u00e9 Le N\u00e9nuphar"},"image":{"@id":"https:\/\/publissoft.dev\/spasante\/#\/schema\/logo\/image\/"},"sameAs":["https:\/\/www.facebook.com\/SpaSanteLeNenuphar","https:\/\/www.instagram.com\/spasantelenenuphar\/?hl=fr"]}]}},"_links":{"self":[{"href":"https:\/\/publissoft.dev\/spasante\/wp-json\/wp\/v2\/product\/6005","targetHints":{"allow":["GET"]}}],"collection":[{"href":"https:\/\/publissoft.dev\/spasante\/wp-json\/wp\/v2\/product"}],"about":[{"href":"https:\/\/publissoft.dev\/spasante\/wp-json\/wp\/v2\/types\/product"}],"wp:featuredmedia":[{"embeddable":true,"href":"https:\/\/publissoft.dev\/spasante\/wp-json\/wp\/v2\/media\/6006"}],"wp:attachment":[{"href":"https:\/\/publissoft.dev\/spasante\/wp-json\/wp\/v2\/media?parent=6005"}],"wp:term":[{"taxonomy":"product_cat","embeddable":true,"href":"https:\/\/publissoft.dev\/spasante\/wp-json\/wp\/v2\/product_cat?post=6005"},{"taxonomy":"product_tag","embeddable":true,"href":"https:\/\/publissoft.dev\/spasante\/wp-json\/wp\/v2\/product_tag?post=6005"},{"taxonomy":"giftcard-category","embeddable":true,"href":"https:\/\/publissoft.dev\/spasante\/wp-json\/wp\/v2\/giftcard-category?post=6005"}],"curies":[{"name":"wp","href":"https:\/\/api.w.org\/{rel}","templated":true}]}}