{"id":6056,"date":"2023-10-12T13:15:17","date_gmt":"2023-10-12T17:15:17","guid":{"rendered":"https:\/\/publissoft.dev\/spasante\/?post_type=product&#038;p=6056"},"modified":"2023-10-12T13:23:12","modified_gmt":"2023-10-12T17:23:12","slug":"soin-du-cou-aquafolia","status":"publish","type":"product","link":"https:\/\/publissoft.dev\/spasante\/produit\/soin-du-cou-aquafolia\/","title":{"rendered":"Soin du cou &#8211; Aquafolia"},"content":{"rendered":"<p style=\"font-weight: 400;\">La zone du cou et d\u00e9collet\u00e9 est souvent n\u00e9glig\u00e9e, c\u2019est pourquoi nous avons cr\u00e9\u00e9 un soin optimal pour le cou et d\u00e9collet\u00e9. Celui-ci ayant pour but de nourrir, remodeler, repulper et lifter la peau de cette zone. \u00c0 l\u2019aide des techniques de massage sp\u00e9cialis\u00e9 et de produits performants ce soin vous donnera un \u00e9clat de jeunesse.<\/p>\n<p style=\"font-weight: 400;\">Vivez l\u2019exp\u00e9rience du lifting cou et d\u00e9collet\u00e9.<\/p>\n<p>&nbsp;<\/p>\n<p><strong>UN PLUS LORS DE VOTRE PROCHAIN SOIN !<\/strong><\/p>\n<p>N.B: Vous pouvez \u00e9galement l\u2019ajouter \u00e0 votre soin pr\u00e9f\u00e9r\u00e9: soin du visage ou du corps.<\/p>\n","protected":false},"excerpt":{"rendered":"<p>La zone du cou et d\u00e9collet\u00e9 est souvent n\u00e9glig\u00e9e, c\u2019est pourquoi nous avons cr\u00e9\u00e9 un soin optimal pour le cou et d\u00e9collet\u00e9. Celui-ci ayant pour but de nourrir, remodeler, repulper et lifter la peau de cette zone. \u00c0 l\u2019aide des techniques de massage sp\u00e9cialis\u00e9 et de produits performants ce soin vous donnera un \u00e9clat de &hellip;<\/p>\n","protected":false},"featured_media":6057,"template":"","meta":{"_acf_changed":false,"_genesis_hide_title":false,"_genesis_hide_breadcrumbs":false,"_genesis_hide_singular_image":false,"_genesis_hide_footer_widgets":false,"_genesis_custom_body_class":"","_genesis_custom_post_class":"","_genesis_layout":""},"product_cat":[43,66],"product_tag":[],"giftcard-category":[],"class_list":{"0":"post-6056","1":"product","2":"type-product","3":"status-publish","4":"has-post-thumbnail","6":"product_cat-soins","7":"product_cat-soins-corporels","8":"entry","10":"first","11":"instock","12":"taxable","13":"shipping-taxable","14":"purchasable","15":"product-type-variable"},"acf":[],"yoast_head":"<!-- This site is optimized with the Yoast SEO plugin v22.5 - https:\/\/yoast.com\/wordpress\/plugins\/seo\/ -->\n<title>Soin du cou - Aquafolia - Spa Sant\u00e9 Le N\u00e9nuphar<\/title>\n<meta name=\"robots\" content=\"noindex, follow, max-snippet:-1, max-image-preview:large, max-video-preview:-1\" \/>\n<meta property=\"og:locale\" content=\"fr_CA\" \/>\n<meta property=\"og:type\" content=\"article\" \/>\n<meta property=\"og:title\" content=\"Soin du cou - Aquafolia - Spa Sant\u00e9 Le N\u00e9nuphar\" \/>\n<meta property=\"og:description\" content=\"La zone du cou et d\u00e9collet\u00e9 est souvent n\u00e9glig\u00e9e, c\u2019est pourquoi nous avons cr\u00e9\u00e9 un soin optimal pour le cou et d\u00e9collet\u00e9. Celui-ci ayant pour but de nourrir, remodeler, repulper et lifter la peau de cette zone. \u00c0 l\u2019aide des techniques de massage sp\u00e9cialis\u00e9 et de produits performants ce soin vous donnera un \u00e9clat de &hellip;\" \/>\n<meta property=\"og:url\" content=\"https:\/\/publissoft.dev\/spasante\/produit\/soin-du-cou-aquafolia\/\" \/>\n<meta property=\"og:site_name\" content=\"Spa Sant\u00e9 Le N\u00e9nuphar\" \/>\n<meta property=\"article:publisher\" content=\"https:\/\/www.facebook.com\/SpaSanteLeNenuphar\" \/>\n<meta property=\"article:modified_time\" content=\"2023-10-12T17:23:12+00:00\" \/>\n<meta property=\"og:image\" content=\"https:\/\/publissoft.dev\/spasante\/wp-content\/uploads\/2023\/10\/Capture-decran-le-2023-10-12-a-13.00.15.png\" \/>\n\t<meta property=\"og:image:width\" content=\"540\" \/>\n\t<meta property=\"og:image:height\" content=\"352\" \/>\n\t<meta property=\"og:image:type\" content=\"image\/png\" \/>\n<meta name=\"twitter:card\" content=\"summary_large_image\" \/>\n<meta name=\"twitter:label1\" content=\"Estimation du temps de lecture\" \/>\n\t<meta name=\"twitter:data1\" content=\"1 minute\" \/>\n<script type=\"application\/ld+json\" class=\"yoast-schema-graph\">{\"@context\":\"https:\/\/schema.org\",\"@graph\":[{\"@type\":\"WebPage\",\"@id\":\"https:\/\/publissoft.dev\/spasante\/produit\/soin-du-cou-aquafolia\/\",\"url\":\"https:\/\/publissoft.dev\/spasante\/produit\/soin-du-cou-aquafolia\/\",\"name\":\"Soin du cou - Aquafolia - Spa Sant\u00e9 Le N\u00e9nuphar\",\"isPartOf\":{\"@id\":\"https:\/\/publissoft.dev\/spasante\/#website\"},\"primaryImageOfPage\":{\"@id\":\"https:\/\/publissoft.dev\/spasante\/produit\/soin-du-cou-aquafolia\/#primaryimage\"},\"image\":{\"@id\":\"https:\/\/publissoft.dev\/spasante\/produit\/soin-du-cou-aquafolia\/#primaryimage\"},\"thumbnailUrl\":\"https:\/\/publissoft.dev\/spasante\/wp-content\/uploads\/2023\/10\/Capture-decran-le-2023-10-12-a-13.00.15.png\",\"datePublished\":\"2023-10-12T17:15:17+00:00\",\"dateModified\":\"2023-10-12T17:23:12+00:00\",\"breadcrumb\":{\"@id\":\"https:\/\/publissoft.dev\/spasante\/produit\/soin-du-cou-aquafolia\/#breadcrumb\"},\"inLanguage\":\"fr-CA\",\"potentialAction\":[{\"@type\":\"ReadAction\",\"target\":[\"https:\/\/publissoft.dev\/spasante\/produit\/soin-du-cou-aquafolia\/\"]}]},{\"@type\":\"ImageObject\",\"inLanguage\":\"fr-CA\",\"@id\":\"https:\/\/publissoft.dev\/spasante\/produit\/soin-du-cou-aquafolia\/#primaryimage\",\"url\":\"https:\/\/publissoft.dev\/spasante\/wp-content\/uploads\/2023\/10\/Capture-decran-le-2023-10-12-a-13.00.15.png\",\"contentUrl\":\"https:\/\/publissoft.dev\/spasante\/wp-content\/uploads\/2023\/10\/Capture-decran-le-2023-10-12-a-13.00.15.png\",\"width\":540,\"height\":352},{\"@type\":\"BreadcrumbList\",\"@id\":\"https:\/\/publissoft.dev\/spasante\/produit\/soin-du-cou-aquafolia\/#breadcrumb\",\"itemListElement\":[{\"@type\":\"ListItem\",\"position\":1,\"name\":\"Accueil\",\"item\":\"https:\/\/publissoft.dev\/spasante\/\"},{\"@type\":\"ListItem\",\"position\":2,\"name\":\"Boutique\",\"item\":\"https:\/\/publissoft.dev\/spasante\/boutique\/\"},{\"@type\":\"ListItem\",\"position\":3,\"name\":\"Soin du cou &#8211; Aquafolia\"}]},{\"@type\":\"WebSite\",\"@id\":\"https:\/\/publissoft.dev\/spasante\/#website\",\"url\":\"https:\/\/publissoft.dev\/spasante\/\",\"name\":\"Spa Sant\u00e9 Le N\u00e9nuphar\",\"description\":\"\",\"publisher\":{\"@id\":\"https:\/\/publissoft.dev\/spasante\/#organization\"},\"potentialAction\":[{\"@type\":\"SearchAction\",\"target\":{\"@type\":\"EntryPoint\",\"urlTemplate\":\"https:\/\/publissoft.dev\/spasante\/?s={search_term_string}\"},\"query-input\":\"required name=search_term_string\"}],\"inLanguage\":\"fr-CA\"},{\"@type\":\"Organization\",\"@id\":\"https:\/\/publissoft.dev\/spasante\/#organization\",\"name\":\"Spa Sant\u00e9 Le N\u00e9nuphar\",\"url\":\"https:\/\/publissoft.dev\/spasante\/\",\"logo\":{\"@type\":\"ImageObject\",\"inLanguage\":\"fr-CA\",\"@id\":\"https:\/\/publissoft.dev\/spasante\/#\/schema\/logo\/image\/\",\"url\":\"https:\/\/publissoft.dev\/spasante\/wp-content\/uploads\/2022\/11\/logo-jpg.jpeg\",\"contentUrl\":\"https:\/\/publissoft.dev\/spasante\/wp-content\/uploads\/2022\/11\/logo-jpg.jpeg\",\"width\":900,\"height\":900,\"caption\":\"Spa Sant\u00e9 Le N\u00e9nuphar\"},\"image\":{\"@id\":\"https:\/\/publissoft.dev\/spasante\/#\/schema\/logo\/image\/\"},\"sameAs\":[\"https:\/\/www.facebook.com\/SpaSanteLeNenuphar\",\"https:\/\/www.instagram.com\/spasantelenenuphar\/?hl=fr\"]}]}<\/script>\n<!-- \/ Yoast SEO plugin. -->","yoast_head_json":{"title":"Soin du cou - Aquafolia - Spa Sant\u00e9 Le N\u00e9nuphar","robots":{"index":"noindex","follow":"follow","max-snippet":"max-snippet:-1","max-image-preview":"max-image-preview:large","max-video-preview":"max-video-preview:-1"},"og_locale":"fr_CA","og_type":"article","og_title":"Soin du cou - Aquafolia - Spa Sant\u00e9 Le N\u00e9nuphar","og_description":"La zone du cou et d\u00e9collet\u00e9 est souvent n\u00e9glig\u00e9e, c\u2019est pourquoi nous avons cr\u00e9\u00e9 un soin optimal pour le cou et d\u00e9collet\u00e9. Celui-ci ayant pour but de nourrir, remodeler, repulper et lifter la peau de cette zone. \u00c0 l\u2019aide des techniques de massage sp\u00e9cialis\u00e9 et de produits performants ce soin vous donnera un \u00e9clat de &hellip;","og_url":"https:\/\/publissoft.dev\/spasante\/produit\/soin-du-cou-aquafolia\/","og_site_name":"Spa Sant\u00e9 Le N\u00e9nuphar","article_publisher":"https:\/\/www.facebook.com\/SpaSanteLeNenuphar","article_modified_time":"2023-10-12T17:23:12+00:00","og_image":[{"width":540,"height":352,"url":"https:\/\/publissoft.dev\/spasante\/wp-content\/uploads\/2023\/10\/Capture-decran-le-2023-10-12-a-13.00.15.png","type":"image\/png"}],"twitter_card":"summary_large_image","twitter_misc":{"Estimation du temps de lecture":"1 minute"},"schema":{"@context":"https:\/\/schema.org","@graph":[{"@type":"WebPage","@id":"https:\/\/publissoft.dev\/spasante\/produit\/soin-du-cou-aquafolia\/","url":"https:\/\/publissoft.dev\/spasante\/produit\/soin-du-cou-aquafolia\/","name":"Soin du cou - Aquafolia - Spa Sant\u00e9 Le N\u00e9nuphar","isPartOf":{"@id":"https:\/\/publissoft.dev\/spasante\/#website"},"primaryImageOfPage":{"@id":"https:\/\/publissoft.dev\/spasante\/produit\/soin-du-cou-aquafolia\/#primaryimage"},"image":{"@id":"https:\/\/publissoft.dev\/spasante\/produit\/soin-du-cou-aquafolia\/#primaryimage"},"thumbnailUrl":"https:\/\/publissoft.dev\/spasante\/wp-content\/uploads\/2023\/10\/Capture-decran-le-2023-10-12-a-13.00.15.png","datePublished":"2023-10-12T17:15:17+00:00","dateModified":"2023-10-12T17:23:12+00:00","breadcrumb":{"@id":"https:\/\/publissoft.dev\/spasante\/produit\/soin-du-cou-aquafolia\/#breadcrumb"},"inLanguage":"fr-CA","potentialAction":[{"@type":"ReadAction","target":["https:\/\/publissoft.dev\/spasante\/produit\/soin-du-cou-aquafolia\/"]}]},{"@type":"ImageObject","inLanguage":"fr-CA","@id":"https:\/\/publissoft.dev\/spasante\/produit\/soin-du-cou-aquafolia\/#primaryimage","url":"https:\/\/publissoft.dev\/spasante\/wp-content\/uploads\/2023\/10\/Capture-decran-le-2023-10-12-a-13.00.15.png","contentUrl":"https:\/\/publissoft.dev\/spasante\/wp-content\/uploads\/2023\/10\/Capture-decran-le-2023-10-12-a-13.00.15.png","width":540,"height":352},{"@type":"BreadcrumbList","@id":"https:\/\/publissoft.dev\/spasante\/produit\/soin-du-cou-aquafolia\/#breadcrumb","itemListElement":[{"@type":"ListItem","position":1,"name":"Accueil","item":"https:\/\/publissoft.dev\/spasante\/"},{"@type":"ListItem","position":2,"name":"Boutique","item":"https:\/\/publissoft.dev\/spasante\/boutique\/"},{"@type":"ListItem","position":3,"name":"Soin du cou &#8211; Aquafolia"}]},{"@type":"WebSite","@id":"https:\/\/publissoft.dev\/spasante\/#website","url":"https:\/\/publissoft.dev\/spasante\/","name":"Spa Sant\u00e9 Le N\u00e9nuphar","description":"","publisher":{"@id":"https:\/\/publissoft.dev\/spasante\/#organization"},"potentialAction":[{"@type":"SearchAction","target":{"@type":"EntryPoint","urlTemplate":"https:\/\/publissoft.dev\/spasante\/?s={search_term_string}"},"query-input":"required name=search_term_string"}],"inLanguage":"fr-CA"},{"@type":"Organization","@id":"https:\/\/publissoft.dev\/spasante\/#organization","name":"Spa Sant\u00e9 Le N\u00e9nuphar","url":"https:\/\/publissoft.dev\/spasante\/","logo":{"@type":"ImageObject","inLanguage":"fr-CA","@id":"https:\/\/publissoft.dev\/spasante\/#\/schema\/logo\/image\/","url":"https:\/\/publissoft.dev\/spasante\/wp-content\/uploads\/2022\/11\/logo-jpg.jpeg","contentUrl":"https:\/\/publissoft.dev\/spasante\/wp-content\/uploads\/2022\/11\/logo-jpg.jpeg","width":900,"height":900,"caption":"Spa Sant\u00e9 Le N\u00e9nuphar"},"image":{"@id":"https:\/\/publissoft.dev\/spasante\/#\/schema\/logo\/image\/"},"sameAs":["https:\/\/www.facebook.com\/SpaSanteLeNenuphar","https:\/\/www.instagram.com\/spasantelenenuphar\/?hl=fr"]}]}},"_links":{"self":[{"href":"https:\/\/publissoft.dev\/spasante\/wp-json\/wp\/v2\/product\/6056","targetHints":{"allow":["GET"]}}],"collection":[{"href":"https:\/\/publissoft.dev\/spasante\/wp-json\/wp\/v2\/product"}],"about":[{"href":"https:\/\/publissoft.dev\/spasante\/wp-json\/wp\/v2\/types\/product"}],"wp:featuredmedia":[{"embeddable":true,"href":"https:\/\/publissoft.dev\/spasante\/wp-json\/wp\/v2\/media\/6057"}],"wp:attachment":[{"href":"https:\/\/publissoft.dev\/spasante\/wp-json\/wp\/v2\/media?parent=6056"}],"wp:term":[{"taxonomy":"product_cat","embeddable":true,"href":"https:\/\/publissoft.dev\/spasante\/wp-json\/wp\/v2\/product_cat?post=6056"},{"taxonomy":"product_tag","embeddable":true,"href":"https:\/\/publissoft.dev\/spasante\/wp-json\/wp\/v2\/product_tag?post=6056"},{"taxonomy":"giftcard-category","embeddable":true,"href":"https:\/\/publissoft.dev\/spasante\/wp-json\/wp\/v2\/giftcard-category?post=6056"}],"curies":[{"name":"wp","href":"https:\/\/api.w.org\/{rel}","templated":true}]}}