{"id":6090,"date":"2023-10-19T14:21:15","date_gmt":"2023-10-19T18:21:15","guid":{"rendered":"https:\/\/publissoft.dev\/spasante\/?post_type=product&#038;p=6090"},"modified":"2023-10-19T14:21:16","modified_gmt":"2023-10-19T18:21:16","slug":"vivier-soin-signature-le-nenuphar-x-vivier","status":"publish","type":"product","link":"https:\/\/publissoft.dev\/spasante\/produit\/vivier-soin-signature-le-nenuphar-x-vivier\/","title":{"rendered":"Vivier &#8211; Soin signature Le N\u00e9nuphar x Vivier"},"content":{"rendered":"<p style=\"font-weight: 400;\">L\u00e0 o\u00f9 se marie l\u2019expertise des soins d\u00e9tentes du Spa Sant\u00e9 Le N\u00e9nuphar avec la performance des produits Vivier.<\/p>\n<p style=\"font-weight: 400;\">Exp\u00e9rience unique qui d\u00e9butera en relaxation avec un massage complet du dos. Vous recevrez ensuite un Soin du Visage Vivier, pour terminer en d\u00e9tente avec un soin du cuir chevelu.<\/p>\n<p>Dur\u00e9e de 90 minutes.<\/p>\n","protected":false},"excerpt":{"rendered":"<p>L\u00e0 o\u00f9 se marie l\u2019expertise des soins d\u00e9tentes du Spa Sant\u00e9 Le N\u00e9nuphar avec la performance des produits Vivier. Exp\u00e9rience unique qui d\u00e9butera en relaxation avec un massage complet du dos. Vous recevrez ensuite un Soin du Visage Vivier, pour terminer en d\u00e9tente avec un soin du cuir chevelu. Dur\u00e9e de 90 minutes.<\/p>\n","protected":false},"featured_media":6091,"template":"","meta":{"_acf_changed":false,"_genesis_hide_title":false,"_genesis_hide_breadcrumbs":false,"_genesis_hide_singular_image":false,"_genesis_hide_footer_widgets":false,"_genesis_custom_body_class":"","_genesis_custom_post_class":"","_genesis_layout":""},"product_cat":[67,89,70],"product_tag":[],"giftcard-category":[],"class_list":{"0":"post-6090","1":"product","2":"type-product","3":"status-publish","4":"has-post-thumbnail","6":"product_cat-soin-du-visage","7":"product_cat-vivier-soins","8":"product_cat-soins-corporels-2","9":"entry","11":"first","12":"instock","13":"taxable","14":"shipping-taxable","15":"purchasable","16":"product-type-simple"},"acf":[],"yoast_head":"<!-- This site is optimized with the Yoast SEO plugin v22.5 - https:\/\/yoast.com\/wordpress\/plugins\/seo\/ -->\n<title>Vivier - Soin signature Le N\u00e9nuphar x Vivier - Spa Sant\u00e9 Le N\u00e9nuphar<\/title>\n<meta name=\"robots\" content=\"noindex, follow, max-snippet:-1, max-image-preview:large, max-video-preview:-1\" \/>\n<meta property=\"og:locale\" content=\"fr_CA\" \/>\n<meta property=\"og:type\" content=\"article\" \/>\n<meta property=\"og:title\" content=\"Vivier - Soin signature Le N\u00e9nuphar x Vivier - Spa Sant\u00e9 Le N\u00e9nuphar\" \/>\n<meta property=\"og:description\" content=\"L\u00e0 o\u00f9 se marie l\u2019expertise des soins d\u00e9tentes du Spa Sant\u00e9 Le N\u00e9nuphar avec la performance des produits Vivier. Exp\u00e9rience unique qui d\u00e9butera en relaxation avec un massage complet du dos. Vous recevrez ensuite un Soin du Visage Vivier, pour terminer en d\u00e9tente avec un soin du cuir chevelu. Dur\u00e9e de 90 minutes.\" \/>\n<meta property=\"og:url\" content=\"https:\/\/publissoft.dev\/spasante\/produit\/vivier-soin-signature-le-nenuphar-x-vivier\/\" \/>\n<meta property=\"og:site_name\" content=\"Spa Sant\u00e9 Le N\u00e9nuphar\" \/>\n<meta property=\"article:publisher\" content=\"https:\/\/www.facebook.com\/SpaSanteLeNenuphar\" \/>\n<meta property=\"article:modified_time\" content=\"2023-10-19T18:21:16+00:00\" \/>\n<meta property=\"og:image\" content=\"https:\/\/publissoft.dev\/spasante\/wp-content\/uploads\/2023\/10\/Ajouter-un-sous-titre.png\" \/>\n\t<meta property=\"og:image:width\" content=\"940\" \/>\n\t<meta property=\"og:image:height\" content=\"788\" \/>\n\t<meta property=\"og:image:type\" content=\"image\/png\" \/>\n<meta name=\"twitter:card\" content=\"summary_large_image\" \/>\n<meta name=\"twitter:label1\" content=\"Estimation du temps de lecture\" \/>\n\t<meta name=\"twitter:data1\" content=\"1 minute\" \/>\n<script type=\"application\/ld+json\" class=\"yoast-schema-graph\">{\"@context\":\"https:\/\/schema.org\",\"@graph\":[{\"@type\":\"WebPage\",\"@id\":\"https:\/\/publissoft.dev\/spasante\/produit\/vivier-soin-signature-le-nenuphar-x-vivier\/\",\"url\":\"https:\/\/publissoft.dev\/spasante\/produit\/vivier-soin-signature-le-nenuphar-x-vivier\/\",\"name\":\"Vivier - Soin signature Le N\u00e9nuphar x Vivier - Spa Sant\u00e9 Le N\u00e9nuphar\",\"isPartOf\":{\"@id\":\"https:\/\/publissoft.dev\/spasante\/#website\"},\"primaryImageOfPage\":{\"@id\":\"https:\/\/publissoft.dev\/spasante\/produit\/vivier-soin-signature-le-nenuphar-x-vivier\/#primaryimage\"},\"image\":{\"@id\":\"https:\/\/publissoft.dev\/spasante\/produit\/vivier-soin-signature-le-nenuphar-x-vivier\/#primaryimage\"},\"thumbnailUrl\":\"https:\/\/publissoft.dev\/spasante\/wp-content\/uploads\/2023\/10\/Ajouter-un-sous-titre.png\",\"datePublished\":\"2023-10-19T18:21:15+00:00\",\"dateModified\":\"2023-10-19T18:21:16+00:00\",\"breadcrumb\":{\"@id\":\"https:\/\/publissoft.dev\/spasante\/produit\/vivier-soin-signature-le-nenuphar-x-vivier\/#breadcrumb\"},\"inLanguage\":\"fr-CA\",\"potentialAction\":[{\"@type\":\"ReadAction\",\"target\":[\"https:\/\/publissoft.dev\/spasante\/produit\/vivier-soin-signature-le-nenuphar-x-vivier\/\"]}]},{\"@type\":\"ImageObject\",\"inLanguage\":\"fr-CA\",\"@id\":\"https:\/\/publissoft.dev\/spasante\/produit\/vivier-soin-signature-le-nenuphar-x-vivier\/#primaryimage\",\"url\":\"https:\/\/publissoft.dev\/spasante\/wp-content\/uploads\/2023\/10\/Ajouter-un-sous-titre.png\",\"contentUrl\":\"https:\/\/publissoft.dev\/spasante\/wp-content\/uploads\/2023\/10\/Ajouter-un-sous-titre.png\",\"width\":940,\"height\":788},{\"@type\":\"BreadcrumbList\",\"@id\":\"https:\/\/publissoft.dev\/spasante\/produit\/vivier-soin-signature-le-nenuphar-x-vivier\/#breadcrumb\",\"itemListElement\":[{\"@type\":\"ListItem\",\"position\":1,\"name\":\"Accueil\",\"item\":\"https:\/\/publissoft.dev\/spasante\/\"},{\"@type\":\"ListItem\",\"position\":2,\"name\":\"Boutique\",\"item\":\"https:\/\/publissoft.dev\/spasante\/boutique\/\"},{\"@type\":\"ListItem\",\"position\":3,\"name\":\"Vivier &#8211; Soin signature Le N\u00e9nuphar x Vivier\"}]},{\"@type\":\"WebSite\",\"@id\":\"https:\/\/publissoft.dev\/spasante\/#website\",\"url\":\"https:\/\/publissoft.dev\/spasante\/\",\"name\":\"Spa Sant\u00e9 Le N\u00e9nuphar\",\"description\":\"\",\"publisher\":{\"@id\":\"https:\/\/publissoft.dev\/spasante\/#organization\"},\"potentialAction\":[{\"@type\":\"SearchAction\",\"target\":{\"@type\":\"EntryPoint\",\"urlTemplate\":\"https:\/\/publissoft.dev\/spasante\/?s={search_term_string}\"},\"query-input\":\"required name=search_term_string\"}],\"inLanguage\":\"fr-CA\"},{\"@type\":\"Organization\",\"@id\":\"https:\/\/publissoft.dev\/spasante\/#organization\",\"name\":\"Spa Sant\u00e9 Le N\u00e9nuphar\",\"url\":\"https:\/\/publissoft.dev\/spasante\/\",\"logo\":{\"@type\":\"ImageObject\",\"inLanguage\":\"fr-CA\",\"@id\":\"https:\/\/publissoft.dev\/spasante\/#\/schema\/logo\/image\/\",\"url\":\"https:\/\/publissoft.dev\/spasante\/wp-content\/uploads\/2022\/11\/logo-jpg.jpeg\",\"contentUrl\":\"https:\/\/publissoft.dev\/spasante\/wp-content\/uploads\/2022\/11\/logo-jpg.jpeg\",\"width\":900,\"height\":900,\"caption\":\"Spa Sant\u00e9 Le N\u00e9nuphar\"},\"image\":{\"@id\":\"https:\/\/publissoft.dev\/spasante\/#\/schema\/logo\/image\/\"},\"sameAs\":[\"https:\/\/www.facebook.com\/SpaSanteLeNenuphar\",\"https:\/\/www.instagram.com\/spasantelenenuphar\/?hl=fr\"]}]}<\/script>\n<!-- \/ Yoast SEO plugin. -->","yoast_head_json":{"title":"Vivier - Soin signature Le N\u00e9nuphar x Vivier - Spa Sant\u00e9 Le N\u00e9nuphar","robots":{"index":"noindex","follow":"follow","max-snippet":"max-snippet:-1","max-image-preview":"max-image-preview:large","max-video-preview":"max-video-preview:-1"},"og_locale":"fr_CA","og_type":"article","og_title":"Vivier - Soin signature Le N\u00e9nuphar x Vivier - Spa Sant\u00e9 Le N\u00e9nuphar","og_description":"L\u00e0 o\u00f9 se marie l\u2019expertise des soins d\u00e9tentes du Spa Sant\u00e9 Le N\u00e9nuphar avec la performance des produits Vivier. Exp\u00e9rience unique qui d\u00e9butera en relaxation avec un massage complet du dos. Vous recevrez ensuite un Soin du Visage Vivier, pour terminer en d\u00e9tente avec un soin du cuir chevelu. Dur\u00e9e de 90 minutes.","og_url":"https:\/\/publissoft.dev\/spasante\/produit\/vivier-soin-signature-le-nenuphar-x-vivier\/","og_site_name":"Spa Sant\u00e9 Le N\u00e9nuphar","article_publisher":"https:\/\/www.facebook.com\/SpaSanteLeNenuphar","article_modified_time":"2023-10-19T18:21:16+00:00","og_image":[{"width":940,"height":788,"url":"https:\/\/publissoft.dev\/spasante\/wp-content\/uploads\/2023\/10\/Ajouter-un-sous-titre.png","type":"image\/png"}],"twitter_card":"summary_large_image","twitter_misc":{"Estimation du temps de lecture":"1 minute"},"schema":{"@context":"https:\/\/schema.org","@graph":[{"@type":"WebPage","@id":"https:\/\/publissoft.dev\/spasante\/produit\/vivier-soin-signature-le-nenuphar-x-vivier\/","url":"https:\/\/publissoft.dev\/spasante\/produit\/vivier-soin-signature-le-nenuphar-x-vivier\/","name":"Vivier - Soin signature Le N\u00e9nuphar x Vivier - Spa Sant\u00e9 Le N\u00e9nuphar","isPartOf":{"@id":"https:\/\/publissoft.dev\/spasante\/#website"},"primaryImageOfPage":{"@id":"https:\/\/publissoft.dev\/spasante\/produit\/vivier-soin-signature-le-nenuphar-x-vivier\/#primaryimage"},"image":{"@id":"https:\/\/publissoft.dev\/spasante\/produit\/vivier-soin-signature-le-nenuphar-x-vivier\/#primaryimage"},"thumbnailUrl":"https:\/\/publissoft.dev\/spasante\/wp-content\/uploads\/2023\/10\/Ajouter-un-sous-titre.png","datePublished":"2023-10-19T18:21:15+00:00","dateModified":"2023-10-19T18:21:16+00:00","breadcrumb":{"@id":"https:\/\/publissoft.dev\/spasante\/produit\/vivier-soin-signature-le-nenuphar-x-vivier\/#breadcrumb"},"inLanguage":"fr-CA","potentialAction":[{"@type":"ReadAction","target":["https:\/\/publissoft.dev\/spasante\/produit\/vivier-soin-signature-le-nenuphar-x-vivier\/"]}]},{"@type":"ImageObject","inLanguage":"fr-CA","@id":"https:\/\/publissoft.dev\/spasante\/produit\/vivier-soin-signature-le-nenuphar-x-vivier\/#primaryimage","url":"https:\/\/publissoft.dev\/spasante\/wp-content\/uploads\/2023\/10\/Ajouter-un-sous-titre.png","contentUrl":"https:\/\/publissoft.dev\/spasante\/wp-content\/uploads\/2023\/10\/Ajouter-un-sous-titre.png","width":940,"height":788},{"@type":"BreadcrumbList","@id":"https:\/\/publissoft.dev\/spasante\/produit\/vivier-soin-signature-le-nenuphar-x-vivier\/#breadcrumb","itemListElement":[{"@type":"ListItem","position":1,"name":"Accueil","item":"https:\/\/publissoft.dev\/spasante\/"},{"@type":"ListItem","position":2,"name":"Boutique","item":"https:\/\/publissoft.dev\/spasante\/boutique\/"},{"@type":"ListItem","position":3,"name":"Vivier &#8211; Soin signature Le N\u00e9nuphar x Vivier"}]},{"@type":"WebSite","@id":"https:\/\/publissoft.dev\/spasante\/#website","url":"https:\/\/publissoft.dev\/spasante\/","name":"Spa Sant\u00e9 Le N\u00e9nuphar","description":"","publisher":{"@id":"https:\/\/publissoft.dev\/spasante\/#organization"},"potentialAction":[{"@type":"SearchAction","target":{"@type":"EntryPoint","urlTemplate":"https:\/\/publissoft.dev\/spasante\/?s={search_term_string}"},"query-input":"required name=search_term_string"}],"inLanguage":"fr-CA"},{"@type":"Organization","@id":"https:\/\/publissoft.dev\/spasante\/#organization","name":"Spa Sant\u00e9 Le N\u00e9nuphar","url":"https:\/\/publissoft.dev\/spasante\/","logo":{"@type":"ImageObject","inLanguage":"fr-CA","@id":"https:\/\/publissoft.dev\/spasante\/#\/schema\/logo\/image\/","url":"https:\/\/publissoft.dev\/spasante\/wp-content\/uploads\/2022\/11\/logo-jpg.jpeg","contentUrl":"https:\/\/publissoft.dev\/spasante\/wp-content\/uploads\/2022\/11\/logo-jpg.jpeg","width":900,"height":900,"caption":"Spa Sant\u00e9 Le N\u00e9nuphar"},"image":{"@id":"https:\/\/publissoft.dev\/spasante\/#\/schema\/logo\/image\/"},"sameAs":["https:\/\/www.facebook.com\/SpaSanteLeNenuphar","https:\/\/www.instagram.com\/spasantelenenuphar\/?hl=fr"]}]}},"_links":{"self":[{"href":"https:\/\/publissoft.dev\/spasante\/wp-json\/wp\/v2\/product\/6090","targetHints":{"allow":["GET"]}}],"collection":[{"href":"https:\/\/publissoft.dev\/spasante\/wp-json\/wp\/v2\/product"}],"about":[{"href":"https:\/\/publissoft.dev\/spasante\/wp-json\/wp\/v2\/types\/product"}],"wp:featuredmedia":[{"embeddable":true,"href":"https:\/\/publissoft.dev\/spasante\/wp-json\/wp\/v2\/media\/6091"}],"wp:attachment":[{"href":"https:\/\/publissoft.dev\/spasante\/wp-json\/wp\/v2\/media?parent=6090"}],"wp:term":[{"taxonomy":"product_cat","embeddable":true,"href":"https:\/\/publissoft.dev\/spasante\/wp-json\/wp\/v2\/product_cat?post=6090"},{"taxonomy":"product_tag","embeddable":true,"href":"https:\/\/publissoft.dev\/spasante\/wp-json\/wp\/v2\/product_tag?post=6090"},{"taxonomy":"giftcard-category","embeddable":true,"href":"https:\/\/publissoft.dev\/spasante\/wp-json\/wp\/v2\/giftcard-category?post=6090"}],"curies":[{"name":"wp","href":"https:\/\/api.w.org\/{rel}","templated":true}]}}