{"id":6142,"date":"2023-10-31T12:20:55","date_gmt":"2023-10-31T16:20:55","guid":{"rendered":"https:\/\/publissoft.dev\/spasante\/?post_type=product&#038;p=6142"},"modified":"2023-12-22T12:29:38","modified_gmt":"2023-12-22T17:29:38","slug":"bela-md","status":"publish","type":"product","link":"https:\/\/publissoft.dev\/spasante\/produit\/bela-md\/","title":{"rendered":"Bela MD+"},"content":{"rendered":"<p style=\"font-weight: 400;\">Le traitement BELA MD est un syst\u00e8me con\u00e7u pour traiter plusieurs probl\u00e8mes de peau. Gr\u00e2ce \u00e0 sa microdermabrasion avec pointe de diamant de grade m\u00e9dical, la peau est exfoli\u00e9e et nettoy\u00e9e en profondeur. La combinaison d\u2019une vari\u00e9t\u00e9 de s\u00e9rum actif personnalis\u00e9 et con\u00e7u pour tous probl\u00e8mes de peau permet au Bela MD de favoriser les r\u00e9sultats d\u2019une peau revitalis\u00e9e. Ce soin procure \u00e9galement un effet liftant et am\u00e9liore la circulation sanguine. Cette technologie donne une meilleure hydratation \u00e0 la peau, neutralise les radicaux libres, r\u00e9duit l\u2019inflammation et les dommages cellulaires.<\/p>\n","protected":false},"excerpt":{"rendered":"<p>Le traitement BELA MD est un syst\u00e8me con\u00e7u pour traiter plusieurs probl\u00e8mes de peau. Gr\u00e2ce \u00e0 sa microdermabrasion avec pointe de diamant de grade m\u00e9dical, la peau est exfoli\u00e9e et nettoy\u00e9e en profondeur. La combinaison d\u2019une vari\u00e9t\u00e9 de s\u00e9rum actif personnalis\u00e9 et con\u00e7u pour tous probl\u00e8mes de peau permet au Bela MD de favoriser les &hellip;<\/p>\n","protected":false},"featured_media":6146,"template":"","meta":{"_acf_changed":false,"_genesis_hide_title":false,"_genesis_hide_breadcrumbs":false,"_genesis_hide_singular_image":false,"_genesis_hide_footer_widgets":false,"_genesis_custom_body_class":"","_genesis_custom_post_class":"","_genesis_layout":""},"product_cat":[43,66],"product_tag":[],"giftcard-category":[],"class_list":{"0":"post-6142","1":"product","2":"type-product","3":"status-publish","4":"has-post-thumbnail","6":"product_cat-soins","7":"product_cat-soins-corporels","8":"entry","10":"first","11":"instock","12":"taxable","13":"shipping-taxable","14":"purchasable","15":"product-type-variable"},"acf":[],"yoast_head":"<!-- This site is optimized with the Yoast SEO plugin v22.5 - https:\/\/yoast.com\/wordpress\/plugins\/seo\/ -->\n<title>Bela MD+ - Spa Sant\u00e9 Le N\u00e9nuphar<\/title>\n<meta name=\"robots\" content=\"noindex, follow, max-snippet:-1, max-image-preview:large, max-video-preview:-1\" \/>\n<meta property=\"og:locale\" content=\"fr_CA\" \/>\n<meta property=\"og:type\" content=\"article\" \/>\n<meta property=\"og:title\" content=\"Bela MD+ - Spa Sant\u00e9 Le N\u00e9nuphar\" \/>\n<meta property=\"og:description\" content=\"Le traitement BELA MD est un syst\u00e8me con\u00e7u pour traiter plusieurs probl\u00e8mes de peau. Gr\u00e2ce \u00e0 sa microdermabrasion avec pointe de diamant de grade m\u00e9dical, la peau est exfoli\u00e9e et nettoy\u00e9e en profondeur. La combinaison d\u2019une vari\u00e9t\u00e9 de s\u00e9rum actif personnalis\u00e9 et con\u00e7u pour tous probl\u00e8mes de peau permet au Bela MD de favoriser les &hellip;\" \/>\n<meta property=\"og:url\" content=\"https:\/\/publissoft.dev\/spasante\/produit\/bela-md\/\" \/>\n<meta property=\"og:site_name\" content=\"Spa Sant\u00e9 Le N\u00e9nuphar\" \/>\n<meta property=\"article:publisher\" content=\"https:\/\/www.facebook.com\/SpaSanteLeNenuphar\" \/>\n<meta property=\"article:modified_time\" content=\"2023-12-22T17:29:38+00:00\" \/>\n<meta property=\"og:image\" content=\"https:\/\/publissoft.dev\/spasante\/wp-content\/uploads\/2023\/10\/Capture-decran-le-2023-10-31-a-12.01.27.png\" \/>\n\t<meta property=\"og:image:width\" content=\"664\" \/>\n\t<meta property=\"og:image:height\" content=\"1008\" \/>\n\t<meta property=\"og:image:type\" content=\"image\/png\" \/>\n<meta name=\"twitter:card\" content=\"summary_large_image\" \/>\n<meta name=\"twitter:label1\" content=\"Estimation du temps de lecture\" \/>\n\t<meta name=\"twitter:data1\" content=\"1 minute\" \/>\n<script type=\"application\/ld+json\" class=\"yoast-schema-graph\">{\"@context\":\"https:\/\/schema.org\",\"@graph\":[{\"@type\":\"WebPage\",\"@id\":\"https:\/\/publissoft.dev\/spasante\/produit\/bela-md\/\",\"url\":\"https:\/\/publissoft.dev\/spasante\/produit\/bela-md\/\",\"name\":\"Bela MD+ - Spa Sant\u00e9 Le N\u00e9nuphar\",\"isPartOf\":{\"@id\":\"https:\/\/publissoft.dev\/spasante\/#website\"},\"primaryImageOfPage\":{\"@id\":\"https:\/\/publissoft.dev\/spasante\/produit\/bela-md\/#primaryimage\"},\"image\":{\"@id\":\"https:\/\/publissoft.dev\/spasante\/produit\/bela-md\/#primaryimage\"},\"thumbnailUrl\":\"https:\/\/publissoft.dev\/spasante\/wp-content\/uploads\/2023\/10\/Capture-decran-le-2023-10-31-a-12.01.27.png\",\"datePublished\":\"2023-10-31T16:20:55+00:00\",\"dateModified\":\"2023-12-22T17:29:38+00:00\",\"breadcrumb\":{\"@id\":\"https:\/\/publissoft.dev\/spasante\/produit\/bela-md\/#breadcrumb\"},\"inLanguage\":\"fr-CA\",\"potentialAction\":[{\"@type\":\"ReadAction\",\"target\":[\"https:\/\/publissoft.dev\/spasante\/produit\/bela-md\/\"]}]},{\"@type\":\"ImageObject\",\"inLanguage\":\"fr-CA\",\"@id\":\"https:\/\/publissoft.dev\/spasante\/produit\/bela-md\/#primaryimage\",\"url\":\"https:\/\/publissoft.dev\/spasante\/wp-content\/uploads\/2023\/10\/Capture-decran-le-2023-10-31-a-12.01.27.png\",\"contentUrl\":\"https:\/\/publissoft.dev\/spasante\/wp-content\/uploads\/2023\/10\/Capture-decran-le-2023-10-31-a-12.01.27.png\",\"width\":664,\"height\":1008},{\"@type\":\"BreadcrumbList\",\"@id\":\"https:\/\/publissoft.dev\/spasante\/produit\/bela-md\/#breadcrumb\",\"itemListElement\":[{\"@type\":\"ListItem\",\"position\":1,\"name\":\"Accueil\",\"item\":\"https:\/\/publissoft.dev\/spasante\/\"},{\"@type\":\"ListItem\",\"position\":2,\"name\":\"Boutique\",\"item\":\"https:\/\/publissoft.dev\/spasante\/boutique\/\"},{\"@type\":\"ListItem\",\"position\":3,\"name\":\"Bela MD+\"}]},{\"@type\":\"WebSite\",\"@id\":\"https:\/\/publissoft.dev\/spasante\/#website\",\"url\":\"https:\/\/publissoft.dev\/spasante\/\",\"name\":\"Spa Sant\u00e9 Le N\u00e9nuphar\",\"description\":\"\",\"publisher\":{\"@id\":\"https:\/\/publissoft.dev\/spasante\/#organization\"},\"potentialAction\":[{\"@type\":\"SearchAction\",\"target\":{\"@type\":\"EntryPoint\",\"urlTemplate\":\"https:\/\/publissoft.dev\/spasante\/?s={search_term_string}\"},\"query-input\":\"required name=search_term_string\"}],\"inLanguage\":\"fr-CA\"},{\"@type\":\"Organization\",\"@id\":\"https:\/\/publissoft.dev\/spasante\/#organization\",\"name\":\"Spa Sant\u00e9 Le N\u00e9nuphar\",\"url\":\"https:\/\/publissoft.dev\/spasante\/\",\"logo\":{\"@type\":\"ImageObject\",\"inLanguage\":\"fr-CA\",\"@id\":\"https:\/\/publissoft.dev\/spasante\/#\/schema\/logo\/image\/\",\"url\":\"https:\/\/publissoft.dev\/spasante\/wp-content\/uploads\/2022\/11\/logo-jpg.jpeg\",\"contentUrl\":\"https:\/\/publissoft.dev\/spasante\/wp-content\/uploads\/2022\/11\/logo-jpg.jpeg\",\"width\":900,\"height\":900,\"caption\":\"Spa Sant\u00e9 Le N\u00e9nuphar\"},\"image\":{\"@id\":\"https:\/\/publissoft.dev\/spasante\/#\/schema\/logo\/image\/\"},\"sameAs\":[\"https:\/\/www.facebook.com\/SpaSanteLeNenuphar\",\"https:\/\/www.instagram.com\/spasantelenenuphar\/?hl=fr\"]}]}<\/script>\n<!-- \/ Yoast SEO plugin. -->","yoast_head_json":{"title":"Bela MD+ - Spa Sant\u00e9 Le N\u00e9nuphar","robots":{"index":"noindex","follow":"follow","max-snippet":"max-snippet:-1","max-image-preview":"max-image-preview:large","max-video-preview":"max-video-preview:-1"},"og_locale":"fr_CA","og_type":"article","og_title":"Bela MD+ - Spa Sant\u00e9 Le N\u00e9nuphar","og_description":"Le traitement BELA MD est un syst\u00e8me con\u00e7u pour traiter plusieurs probl\u00e8mes de peau. Gr\u00e2ce \u00e0 sa microdermabrasion avec pointe de diamant de grade m\u00e9dical, la peau est exfoli\u00e9e et nettoy\u00e9e en profondeur. La combinaison d\u2019une vari\u00e9t\u00e9 de s\u00e9rum actif personnalis\u00e9 et con\u00e7u pour tous probl\u00e8mes de peau permet au Bela MD de favoriser les &hellip;","og_url":"https:\/\/publissoft.dev\/spasante\/produit\/bela-md\/","og_site_name":"Spa Sant\u00e9 Le N\u00e9nuphar","article_publisher":"https:\/\/www.facebook.com\/SpaSanteLeNenuphar","article_modified_time":"2023-12-22T17:29:38+00:00","og_image":[{"width":664,"height":1008,"url":"https:\/\/publissoft.dev\/spasante\/wp-content\/uploads\/2023\/10\/Capture-decran-le-2023-10-31-a-12.01.27.png","type":"image\/png"}],"twitter_card":"summary_large_image","twitter_misc":{"Estimation du temps de lecture":"1 minute"},"schema":{"@context":"https:\/\/schema.org","@graph":[{"@type":"WebPage","@id":"https:\/\/publissoft.dev\/spasante\/produit\/bela-md\/","url":"https:\/\/publissoft.dev\/spasante\/produit\/bela-md\/","name":"Bela MD+ - Spa Sant\u00e9 Le N\u00e9nuphar","isPartOf":{"@id":"https:\/\/publissoft.dev\/spasante\/#website"},"primaryImageOfPage":{"@id":"https:\/\/publissoft.dev\/spasante\/produit\/bela-md\/#primaryimage"},"image":{"@id":"https:\/\/publissoft.dev\/spasante\/produit\/bela-md\/#primaryimage"},"thumbnailUrl":"https:\/\/publissoft.dev\/spasante\/wp-content\/uploads\/2023\/10\/Capture-decran-le-2023-10-31-a-12.01.27.png","datePublished":"2023-10-31T16:20:55+00:00","dateModified":"2023-12-22T17:29:38+00:00","breadcrumb":{"@id":"https:\/\/publissoft.dev\/spasante\/produit\/bela-md\/#breadcrumb"},"inLanguage":"fr-CA","potentialAction":[{"@type":"ReadAction","target":["https:\/\/publissoft.dev\/spasante\/produit\/bela-md\/"]}]},{"@type":"ImageObject","inLanguage":"fr-CA","@id":"https:\/\/publissoft.dev\/spasante\/produit\/bela-md\/#primaryimage","url":"https:\/\/publissoft.dev\/spasante\/wp-content\/uploads\/2023\/10\/Capture-decran-le-2023-10-31-a-12.01.27.png","contentUrl":"https:\/\/publissoft.dev\/spasante\/wp-content\/uploads\/2023\/10\/Capture-decran-le-2023-10-31-a-12.01.27.png","width":664,"height":1008},{"@type":"BreadcrumbList","@id":"https:\/\/publissoft.dev\/spasante\/produit\/bela-md\/#breadcrumb","itemListElement":[{"@type":"ListItem","position":1,"name":"Accueil","item":"https:\/\/publissoft.dev\/spasante\/"},{"@type":"ListItem","position":2,"name":"Boutique","item":"https:\/\/publissoft.dev\/spasante\/boutique\/"},{"@type":"ListItem","position":3,"name":"Bela MD+"}]},{"@type":"WebSite","@id":"https:\/\/publissoft.dev\/spasante\/#website","url":"https:\/\/publissoft.dev\/spasante\/","name":"Spa Sant\u00e9 Le N\u00e9nuphar","description":"","publisher":{"@id":"https:\/\/publissoft.dev\/spasante\/#organization"},"potentialAction":[{"@type":"SearchAction","target":{"@type":"EntryPoint","urlTemplate":"https:\/\/publissoft.dev\/spasante\/?s={search_term_string}"},"query-input":"required name=search_term_string"}],"inLanguage":"fr-CA"},{"@type":"Organization","@id":"https:\/\/publissoft.dev\/spasante\/#organization","name":"Spa Sant\u00e9 Le N\u00e9nuphar","url":"https:\/\/publissoft.dev\/spasante\/","logo":{"@type":"ImageObject","inLanguage":"fr-CA","@id":"https:\/\/publissoft.dev\/spasante\/#\/schema\/logo\/image\/","url":"https:\/\/publissoft.dev\/spasante\/wp-content\/uploads\/2022\/11\/logo-jpg.jpeg","contentUrl":"https:\/\/publissoft.dev\/spasante\/wp-content\/uploads\/2022\/11\/logo-jpg.jpeg","width":900,"height":900,"caption":"Spa Sant\u00e9 Le N\u00e9nuphar"},"image":{"@id":"https:\/\/publissoft.dev\/spasante\/#\/schema\/logo\/image\/"},"sameAs":["https:\/\/www.facebook.com\/SpaSanteLeNenuphar","https:\/\/www.instagram.com\/spasantelenenuphar\/?hl=fr"]}]}},"_links":{"self":[{"href":"https:\/\/publissoft.dev\/spasante\/wp-json\/wp\/v2\/product\/6142","targetHints":{"allow":["GET"]}}],"collection":[{"href":"https:\/\/publissoft.dev\/spasante\/wp-json\/wp\/v2\/product"}],"about":[{"href":"https:\/\/publissoft.dev\/spasante\/wp-json\/wp\/v2\/types\/product"}],"wp:featuredmedia":[{"embeddable":true,"href":"https:\/\/publissoft.dev\/spasante\/wp-json\/wp\/v2\/media\/6146"}],"wp:attachment":[{"href":"https:\/\/publissoft.dev\/spasante\/wp-json\/wp\/v2\/media?parent=6142"}],"wp:term":[{"taxonomy":"product_cat","embeddable":true,"href":"https:\/\/publissoft.dev\/spasante\/wp-json\/wp\/v2\/product_cat?post=6142"},{"taxonomy":"product_tag","embeddable":true,"href":"https:\/\/publissoft.dev\/spasante\/wp-json\/wp\/v2\/product_tag?post=6142"},{"taxonomy":"giftcard-category","embeddable":true,"href":"https:\/\/publissoft.dev\/spasante\/wp-json\/wp\/v2\/giftcard-category?post=6142"}],"curies":[{"name":"wp","href":"https:\/\/api.w.org\/{rel}","templated":true}]}}