{"id":6276,"date":"2023-11-10T14:21:41","date_gmt":"2023-11-10T19:21:41","guid":{"rendered":"https:\/\/publissoft.dev\/spasante\/?post_type=product&#038;p=6276"},"modified":"2023-11-10T14:21:42","modified_gmt":"2023-11-10T19:21:42","slug":"maree-chandelles-romarin-bergamote","status":"publish","type":"product","link":"https:\/\/publissoft.dev\/spasante\/produit\/maree-chandelles-romarin-bergamote\/","title":{"rendered":"Mar\u00e9e Chandelles &#8211; Romarin bergamote"},"content":{"rendered":"<p>Vous tomberez sous le charme de la chandelle Romarin Bergamote. Cette bougie r\u00e9pand une ambiance apaisante, alliant la fra\u00eecheur vivifiante du romarin \u00e0 la luminosit\u00e9 d\u00e9licate de la bergamote. Les notes herbac\u00e9es du romarin s&#8217;entrelacent harmonieusement avec le parfum subtilement citronn\u00e9 de la bergamote, cr\u00e9ant ainsi une exp\u00e9rience olfactive qui \u00e9voque une promenade tranquille \u00e0 travers un jardin ensoleill\u00e9.<\/p>\n<p>Cette bougie automnale nous offre un \u00e9quilibre olfactif parfait qui donne envie de nous pr\u00e9lasser dans son odeur, envelopp\u00e9 d&#8217;un lainage r\u00e9confortant, une tasse de caf\u00e9 \u00e0 la main.<\/p>\n","protected":false},"excerpt":{"rendered":"<p>Vous tomberez sous le charme de la chandelle Romarin Bergamote. Cette bougie r\u00e9pand une ambiance apaisante, alliant la fra\u00eecheur vivifiante du romarin \u00e0 la luminosit\u00e9 d\u00e9licate de la bergamote. Les notes herbac\u00e9es du romarin s&#8217;entrelacent harmonieusement avec le parfum subtilement citronn\u00e9 de la bergamote, cr\u00e9ant ainsi une exp\u00e9rience olfactive qui \u00e9voque une promenade tranquille \u00e0 &hellip;<\/p>\n","protected":false},"featured_media":6277,"template":"","meta":{"_acf_changed":false,"_genesis_hide_title":false,"_genesis_hide_breadcrumbs":false,"_genesis_hide_singular_image":false,"_genesis_hide_footer_widgets":false,"_genesis_custom_body_class":"","_genesis_custom_post_class":"","_genesis_layout":""},"product_cat":[32],"product_tag":[],"giftcard-category":[],"class_list":{"0":"post-6276","1":"product","2":"type-product","3":"status-publish","4":"has-post-thumbnail","6":"product_cat-les-produits-maree","7":"entry","9":"first","10":"instock","11":"taxable","12":"shipping-taxable","13":"purchasable","14":"product-type-simple"},"acf":[],"yoast_head":"<!-- This site is optimized with the Yoast SEO plugin v22.5 - https:\/\/yoast.com\/wordpress\/plugins\/seo\/ -->\n<title>Mar\u00e9e Chandelles - Romarin bergamote - Spa Sant\u00e9 Le N\u00e9nuphar<\/title>\n<meta name=\"robots\" content=\"noindex, follow, max-snippet:-1, max-image-preview:large, max-video-preview:-1\" \/>\n<meta property=\"og:locale\" content=\"fr_CA\" \/>\n<meta property=\"og:type\" content=\"article\" \/>\n<meta property=\"og:title\" content=\"Mar\u00e9e Chandelles - Romarin bergamote - Spa Sant\u00e9 Le N\u00e9nuphar\" \/>\n<meta property=\"og:description\" content=\"Vous tomberez sous le charme de la chandelle Romarin Bergamote. Cette bougie r\u00e9pand une ambiance apaisante, alliant la fra\u00eecheur vivifiante du romarin \u00e0 la luminosit\u00e9 d\u00e9licate de la bergamote. Les notes herbac\u00e9es du romarin s&#8217;entrelacent harmonieusement avec le parfum subtilement citronn\u00e9 de la bergamote, cr\u00e9ant ainsi une exp\u00e9rience olfactive qui \u00e9voque une promenade tranquille \u00e0 &hellip;\" \/>\n<meta property=\"og:url\" content=\"https:\/\/publissoft.dev\/spasante\/produit\/maree-chandelles-romarin-bergamote\/\" \/>\n<meta property=\"og:site_name\" content=\"Spa Sant\u00e9 Le N\u00e9nuphar\" \/>\n<meta property=\"article:publisher\" content=\"https:\/\/www.facebook.com\/SpaSanteLeNenuphar\" \/>\n<meta property=\"article:modified_time\" content=\"2023-11-10T19:21:42+00:00\" \/>\n<meta property=\"og:image\" content=\"https:\/\/publissoft.dev\/spasante\/wp-content\/uploads\/2023\/11\/Capture-decran-le-2023-11-10-a-14.21.06.png\" \/>\n\t<meta property=\"og:image:width\" content=\"590\" \/>\n\t<meta property=\"og:image:height\" content=\"718\" \/>\n\t<meta property=\"og:image:type\" content=\"image\/png\" \/>\n<meta name=\"twitter:card\" content=\"summary_large_image\" \/>\n<meta name=\"twitter:label1\" content=\"Estimation du temps de lecture\" \/>\n\t<meta name=\"twitter:data1\" content=\"1 minute\" \/>\n<script type=\"application\/ld+json\" class=\"yoast-schema-graph\">{\"@context\":\"https:\/\/schema.org\",\"@graph\":[{\"@type\":\"WebPage\",\"@id\":\"https:\/\/publissoft.dev\/spasante\/produit\/maree-chandelles-romarin-bergamote\/\",\"url\":\"https:\/\/publissoft.dev\/spasante\/produit\/maree-chandelles-romarin-bergamote\/\",\"name\":\"Mar\u00e9e Chandelles - Romarin bergamote - Spa Sant\u00e9 Le N\u00e9nuphar\",\"isPartOf\":{\"@id\":\"https:\/\/publissoft.dev\/spasante\/#website\"},\"primaryImageOfPage\":{\"@id\":\"https:\/\/publissoft.dev\/spasante\/produit\/maree-chandelles-romarin-bergamote\/#primaryimage\"},\"image\":{\"@id\":\"https:\/\/publissoft.dev\/spasante\/produit\/maree-chandelles-romarin-bergamote\/#primaryimage\"},\"thumbnailUrl\":\"https:\/\/publissoft.dev\/spasante\/wp-content\/uploads\/2023\/11\/Capture-decran-le-2023-11-10-a-14.21.06.png\",\"datePublished\":\"2023-11-10T19:21:41+00:00\",\"dateModified\":\"2023-11-10T19:21:42+00:00\",\"breadcrumb\":{\"@id\":\"https:\/\/publissoft.dev\/spasante\/produit\/maree-chandelles-romarin-bergamote\/#breadcrumb\"},\"inLanguage\":\"fr-CA\",\"potentialAction\":[{\"@type\":\"ReadAction\",\"target\":[\"https:\/\/publissoft.dev\/spasante\/produit\/maree-chandelles-romarin-bergamote\/\"]}]},{\"@type\":\"ImageObject\",\"inLanguage\":\"fr-CA\",\"@id\":\"https:\/\/publissoft.dev\/spasante\/produit\/maree-chandelles-romarin-bergamote\/#primaryimage\",\"url\":\"https:\/\/publissoft.dev\/spasante\/wp-content\/uploads\/2023\/11\/Capture-decran-le-2023-11-10-a-14.21.06.png\",\"contentUrl\":\"https:\/\/publissoft.dev\/spasante\/wp-content\/uploads\/2023\/11\/Capture-decran-le-2023-11-10-a-14.21.06.png\",\"width\":590,\"height\":718},{\"@type\":\"BreadcrumbList\",\"@id\":\"https:\/\/publissoft.dev\/spasante\/produit\/maree-chandelles-romarin-bergamote\/#breadcrumb\",\"itemListElement\":[{\"@type\":\"ListItem\",\"position\":1,\"name\":\"Accueil\",\"item\":\"https:\/\/publissoft.dev\/spasante\/\"},{\"@type\":\"ListItem\",\"position\":2,\"name\":\"Boutique\",\"item\":\"https:\/\/publissoft.dev\/spasante\/boutique\/\"},{\"@type\":\"ListItem\",\"position\":3,\"name\":\"Mar\u00e9e Chandelles &#8211; Romarin bergamote\"}]},{\"@type\":\"WebSite\",\"@id\":\"https:\/\/publissoft.dev\/spasante\/#website\",\"url\":\"https:\/\/publissoft.dev\/spasante\/\",\"name\":\"Spa Sant\u00e9 Le N\u00e9nuphar\",\"description\":\"\",\"publisher\":{\"@id\":\"https:\/\/publissoft.dev\/spasante\/#organization\"},\"potentialAction\":[{\"@type\":\"SearchAction\",\"target\":{\"@type\":\"EntryPoint\",\"urlTemplate\":\"https:\/\/publissoft.dev\/spasante\/?s={search_term_string}\"},\"query-input\":\"required name=search_term_string\"}],\"inLanguage\":\"fr-CA\"},{\"@type\":\"Organization\",\"@id\":\"https:\/\/publissoft.dev\/spasante\/#organization\",\"name\":\"Spa Sant\u00e9 Le N\u00e9nuphar\",\"url\":\"https:\/\/publissoft.dev\/spasante\/\",\"logo\":{\"@type\":\"ImageObject\",\"inLanguage\":\"fr-CA\",\"@id\":\"https:\/\/publissoft.dev\/spasante\/#\/schema\/logo\/image\/\",\"url\":\"https:\/\/publissoft.dev\/spasante\/wp-content\/uploads\/2022\/11\/logo-jpg.jpeg\",\"contentUrl\":\"https:\/\/publissoft.dev\/spasante\/wp-content\/uploads\/2022\/11\/logo-jpg.jpeg\",\"width\":900,\"height\":900,\"caption\":\"Spa Sant\u00e9 Le N\u00e9nuphar\"},\"image\":{\"@id\":\"https:\/\/publissoft.dev\/spasante\/#\/schema\/logo\/image\/\"},\"sameAs\":[\"https:\/\/www.facebook.com\/SpaSanteLeNenuphar\",\"https:\/\/www.instagram.com\/spasantelenenuphar\/?hl=fr\"]}]}<\/script>\n<!-- \/ Yoast SEO plugin. -->","yoast_head_json":{"title":"Mar\u00e9e Chandelles - Romarin bergamote - Spa Sant\u00e9 Le N\u00e9nuphar","robots":{"index":"noindex","follow":"follow","max-snippet":"max-snippet:-1","max-image-preview":"max-image-preview:large","max-video-preview":"max-video-preview:-1"},"og_locale":"fr_CA","og_type":"article","og_title":"Mar\u00e9e Chandelles - Romarin bergamote - Spa Sant\u00e9 Le N\u00e9nuphar","og_description":"Vous tomberez sous le charme de la chandelle Romarin Bergamote. Cette bougie r\u00e9pand une ambiance apaisante, alliant la fra\u00eecheur vivifiante du romarin \u00e0 la luminosit\u00e9 d\u00e9licate de la bergamote. Les notes herbac\u00e9es du romarin s&#8217;entrelacent harmonieusement avec le parfum subtilement citronn\u00e9 de la bergamote, cr\u00e9ant ainsi une exp\u00e9rience olfactive qui \u00e9voque une promenade tranquille \u00e0 &hellip;","og_url":"https:\/\/publissoft.dev\/spasante\/produit\/maree-chandelles-romarin-bergamote\/","og_site_name":"Spa Sant\u00e9 Le N\u00e9nuphar","article_publisher":"https:\/\/www.facebook.com\/SpaSanteLeNenuphar","article_modified_time":"2023-11-10T19:21:42+00:00","og_image":[{"width":590,"height":718,"url":"https:\/\/publissoft.dev\/spasante\/wp-content\/uploads\/2023\/11\/Capture-decran-le-2023-11-10-a-14.21.06.png","type":"image\/png"}],"twitter_card":"summary_large_image","twitter_misc":{"Estimation du temps de lecture":"1 minute"},"schema":{"@context":"https:\/\/schema.org","@graph":[{"@type":"WebPage","@id":"https:\/\/publissoft.dev\/spasante\/produit\/maree-chandelles-romarin-bergamote\/","url":"https:\/\/publissoft.dev\/spasante\/produit\/maree-chandelles-romarin-bergamote\/","name":"Mar\u00e9e Chandelles - Romarin bergamote - Spa Sant\u00e9 Le N\u00e9nuphar","isPartOf":{"@id":"https:\/\/publissoft.dev\/spasante\/#website"},"primaryImageOfPage":{"@id":"https:\/\/publissoft.dev\/spasante\/produit\/maree-chandelles-romarin-bergamote\/#primaryimage"},"image":{"@id":"https:\/\/publissoft.dev\/spasante\/produit\/maree-chandelles-romarin-bergamote\/#primaryimage"},"thumbnailUrl":"https:\/\/publissoft.dev\/spasante\/wp-content\/uploads\/2023\/11\/Capture-decran-le-2023-11-10-a-14.21.06.png","datePublished":"2023-11-10T19:21:41+00:00","dateModified":"2023-11-10T19:21:42+00:00","breadcrumb":{"@id":"https:\/\/publissoft.dev\/spasante\/produit\/maree-chandelles-romarin-bergamote\/#breadcrumb"},"inLanguage":"fr-CA","potentialAction":[{"@type":"ReadAction","target":["https:\/\/publissoft.dev\/spasante\/produit\/maree-chandelles-romarin-bergamote\/"]}]},{"@type":"ImageObject","inLanguage":"fr-CA","@id":"https:\/\/publissoft.dev\/spasante\/produit\/maree-chandelles-romarin-bergamote\/#primaryimage","url":"https:\/\/publissoft.dev\/spasante\/wp-content\/uploads\/2023\/11\/Capture-decran-le-2023-11-10-a-14.21.06.png","contentUrl":"https:\/\/publissoft.dev\/spasante\/wp-content\/uploads\/2023\/11\/Capture-decran-le-2023-11-10-a-14.21.06.png","width":590,"height":718},{"@type":"BreadcrumbList","@id":"https:\/\/publissoft.dev\/spasante\/produit\/maree-chandelles-romarin-bergamote\/#breadcrumb","itemListElement":[{"@type":"ListItem","position":1,"name":"Accueil","item":"https:\/\/publissoft.dev\/spasante\/"},{"@type":"ListItem","position":2,"name":"Boutique","item":"https:\/\/publissoft.dev\/spasante\/boutique\/"},{"@type":"ListItem","position":3,"name":"Mar\u00e9e Chandelles &#8211; Romarin bergamote"}]},{"@type":"WebSite","@id":"https:\/\/publissoft.dev\/spasante\/#website","url":"https:\/\/publissoft.dev\/spasante\/","name":"Spa Sant\u00e9 Le N\u00e9nuphar","description":"","publisher":{"@id":"https:\/\/publissoft.dev\/spasante\/#organization"},"potentialAction":[{"@type":"SearchAction","target":{"@type":"EntryPoint","urlTemplate":"https:\/\/publissoft.dev\/spasante\/?s={search_term_string}"},"query-input":"required name=search_term_string"}],"inLanguage":"fr-CA"},{"@type":"Organization","@id":"https:\/\/publissoft.dev\/spasante\/#organization","name":"Spa Sant\u00e9 Le N\u00e9nuphar","url":"https:\/\/publissoft.dev\/spasante\/","logo":{"@type":"ImageObject","inLanguage":"fr-CA","@id":"https:\/\/publissoft.dev\/spasante\/#\/schema\/logo\/image\/","url":"https:\/\/publissoft.dev\/spasante\/wp-content\/uploads\/2022\/11\/logo-jpg.jpeg","contentUrl":"https:\/\/publissoft.dev\/spasante\/wp-content\/uploads\/2022\/11\/logo-jpg.jpeg","width":900,"height":900,"caption":"Spa Sant\u00e9 Le N\u00e9nuphar"},"image":{"@id":"https:\/\/publissoft.dev\/spasante\/#\/schema\/logo\/image\/"},"sameAs":["https:\/\/www.facebook.com\/SpaSanteLeNenuphar","https:\/\/www.instagram.com\/spasantelenenuphar\/?hl=fr"]}]}},"_links":{"self":[{"href":"https:\/\/publissoft.dev\/spasante\/wp-json\/wp\/v2\/product\/6276","targetHints":{"allow":["GET"]}}],"collection":[{"href":"https:\/\/publissoft.dev\/spasante\/wp-json\/wp\/v2\/product"}],"about":[{"href":"https:\/\/publissoft.dev\/spasante\/wp-json\/wp\/v2\/types\/product"}],"wp:featuredmedia":[{"embeddable":true,"href":"https:\/\/publissoft.dev\/spasante\/wp-json\/wp\/v2\/media\/6277"}],"wp:attachment":[{"href":"https:\/\/publissoft.dev\/spasante\/wp-json\/wp\/v2\/media?parent=6276"}],"wp:term":[{"taxonomy":"product_cat","embeddable":true,"href":"https:\/\/publissoft.dev\/spasante\/wp-json\/wp\/v2\/product_cat?post=6276"},{"taxonomy":"product_tag","embeddable":true,"href":"https:\/\/publissoft.dev\/spasante\/wp-json\/wp\/v2\/product_tag?post=6276"},{"taxonomy":"giftcard-category","embeddable":true,"href":"https:\/\/publissoft.dev\/spasante\/wp-json\/wp\/v2\/giftcard-category?post=6276"}],"curies":[{"name":"wp","href":"https:\/\/api.w.org\/{rel}","templated":true}]}}